{"id":135104,"date":"2026-01-27T21:44:31","date_gmt":"2026-01-27T20:44:31","guid":{"rendered":"https:\/\/new.visit-montenegro.com\/ziele\/budva__trashed\/attractions\/saint-john-church\/"},"modified":"2026-02-22T17:12:22","modified_gmt":"2026-02-22T16:12:22","slug":"saint-john-church","status":"publish","type":"page","link":"https:\/\/www.visit-montenegro.com\/de\/reiseziele\/budva\/sehenswuerdigkeiten\/saint-john-church\/","title":{"rendered":"Kirche St. Johann"},"content":{"rendered":"\n<p>In der Altstadt von <a href=\"https:\/\/www.visit-montenegro.com\/de\/reiseziele\/budva\/\">Budva<\/a> werden Sie auf die <strong>Kirche St. Johann<\/strong> sto\u00dfen. Diese Kirche wurde auf den \u00dcberresten eines Geb\u00e4udes aus dem siebten Jahrhundert erbaut, wobei ihr heutiges Erscheinungsbild aus dem f\u00fcnfzehnten Jahrhundert stammt. Es handelt sich um eine dreist\u00f6ckige Basilika mit gotischen Details an der Fassade. Dar\u00fcber hinaus wurde 1867 ein Glockenturm hinzugef\u00fcgt, und an der S\u00fcdseite wurde das Bischofsschloss errichtet.<\/p>\n\n<p>Viele wertvolle Artefakte werden in der Kirche aufbewahrt, darunter die Ikone der Heiligen Muttergottes mit Christus, bekannt als Budvanska Bogorodica. Der Legende nach wird diese Ikone dem Heiligen Lukas zugeschrieben, w\u00e4hrend Experten sie auf das dreizehnte Jahrhundert datieren. Weitere bemerkenswerte St\u00fccke sind ein Gem\u00e4lde von Petrus und Paulus aus der venezianischen Schule, Ikonen griechischen Ursprungs und ein Gem\u00e4lde des Heiligen Lukas von Anastas Bocaric.<\/p>\n","protected":false},"excerpt":{"rendered":"<p>Entdecken Sie die historische Kirche St. Johann in Budvas Altstadt, eine gotische Basilika mit jahrhundertealten Urspr\u00fcngen. Erkunden Sie ihre wertvollen Artefakte, darunter die ikonische Budvanska Bogorodica und Werke aus venezianischer und griechischer Tradition.<\/p>\n","protected":false},"author":1,"featured_media":135105,"parent":134185,"menu_order":0,"comment_status":"closed","ping_status":"closed","template":"","meta":{"_yoast_wpseo_focuskw":"Kirche St. Johann","_yoast_wpseo_metadesc":"Entdecken Sie die historische Kirche St. Johann in Budva mit gotischer Architektur und wertvollen Artefakten wie der Budvanska-Bogorodica-Ikone. Planen Sie noch heute Ihren Besuch!","_kad_post_transparent":"","_kad_post_title":"","_kad_post_layout":"","_kad_post_sidebar_id":"","_kad_post_content_style":"","_kad_post_vertical_padding":"","_kad_post_feature":"","_kad_post_feature_position":"","_kad_post_header":false,"_kad_post_footer":false,"_kad_post_classname":"","iawp_total_views":10,"footnotes":""},"tags":[140,52,139,62,141,76],"class_list":["post-135104","page","type-page","status-publish","has-post-thumbnail","hentry","tag-crna-gora","tag-montenegro","tag-news","tag-tourism","tag-travel","tag-visit"],"yoast_head":"<!-- This site is optimized with the Yoast SEO plugin v27.3 - https:\/\/yoast.com\/product\/yoast-seo-wordpress\/ -->\n<title>Kirche St. Johann - Visit Montenegro<\/title>\n<meta name=\"description\" content=\"Entdecken Sie die historische Kirche St. Johann in Budva mit gotischer Architektur und wertvollen Artefakten wie der Budvanska-Bogorodica-Ikone. Planen Sie noch heute Ihren Besuch!\" \/>\n<meta name=\"robots\" content=\"index, follow, max-snippet:-1, max-image-preview:large, max-video-preview:-1\" \/>\n<link rel=\"canonical\" href=\"https:\/\/www.visit-montenegro.com\/de\/reiseziele\/budva\/sehenswuerdigkeiten\/saint-john-church\/\" \/>\n<meta property=\"og:locale\" content=\"de_DE\" \/>\n<meta property=\"og:type\" content=\"article\" \/>\n<meta property=\"og:title\" content=\"Kirche St. Johann - Visit Montenegro\" \/>\n<meta property=\"og:description\" content=\"Entdecken Sie die historische Kirche St. Johann in Budva mit gotischer Architektur und wertvollen Artefakten wie der Budvanska-Bogorodica-Ikone. Planen Sie noch heute Ihren Besuch!\" \/>\n<meta property=\"og:url\" content=\"https:\/\/www.visit-montenegro.com\/de\/reiseziele\/budva\/sehenswuerdigkeiten\/saint-john-church\/\" \/>\n<meta property=\"og:site_name\" content=\"Visit Montenegro\" \/>\n<meta property=\"article:publisher\" content=\"https:\/\/www.facebook.com\/visitmontenegro\" \/>\n<meta property=\"article:modified_time\" content=\"2026-02-22T16:12:22+00:00\" \/>\n<meta property=\"og:image\" content=\"https:\/\/www.visit-montenegro.com\/wp-content\/uploads\/2026\/02\/Depositphotos_86851562_xl-2015-copy.jpg\" \/>\n\t<meta property=\"og:image:width\" content=\"1600\" \/>\n\t<meta property=\"og:image:height\" content=\"1065\" \/>\n\t<meta property=\"og:image:type\" content=\"image\/jpeg\" \/>\n<meta name=\"twitter:card\" content=\"summary_large_image\" \/>\n<meta name=\"twitter:site\" content=\"@visitmontenegro\" \/>\n<meta name=\"twitter:label1\" content=\"Gesch\u00e4tzte Lesezeit\" \/>\n\t<meta name=\"twitter:data1\" content=\"1\u00a0Minute\" \/>\n<script type=\"application\/ld+json\" class=\"yoast-schema-graph\">{\"@context\":\"https:\\\/\\\/schema.org\",\"@graph\":[{\"@type\":\"WebPage\",\"@id\":\"https:\\\/\\\/www.visit-montenegro.com\\\/de\\\/reiseziele\\\/budva\\\/sehenswuerdigkeiten\\\/saint-john-church\\\/\",\"url\":\"https:\\\/\\\/www.visit-montenegro.com\\\/de\\\/reiseziele\\\/budva\\\/sehenswuerdigkeiten\\\/saint-john-church\\\/\",\"name\":\"Kirche St. Johann - Visit Montenegro\",\"isPartOf\":{\"@id\":\"https:\\\/\\\/www.visit-montenegro.com\\\/de\\\/#website\"},\"primaryImageOfPage\":{\"@id\":\"https:\\\/\\\/www.visit-montenegro.com\\\/de\\\/reiseziele\\\/budva\\\/sehenswuerdigkeiten\\\/saint-john-church\\\/#primaryimage\"},\"image\":{\"@id\":\"https:\\\/\\\/www.visit-montenegro.com\\\/de\\\/reiseziele\\\/budva\\\/sehenswuerdigkeiten\\\/saint-john-church\\\/#primaryimage\"},\"thumbnailUrl\":\"https:\\\/\\\/www.visit-montenegro.com\\\/wp-content\\\/uploads\\\/2026\\\/02\\\/Depositphotos_86851562_xl-2015-copy.jpg\",\"datePublished\":\"2026-01-27T20:44:31+00:00\",\"dateModified\":\"2026-02-22T16:12:22+00:00\",\"description\":\"Entdecken Sie die historische Kirche St. Johann in Budva mit gotischer Architektur und wertvollen Artefakten wie der Budvanska-Bogorodica-Ikone. Planen Sie noch heute Ihren Besuch!\",\"breadcrumb\":{\"@id\":\"https:\\\/\\\/www.visit-montenegro.com\\\/de\\\/reiseziele\\\/budva\\\/sehenswuerdigkeiten\\\/saint-john-church\\\/#breadcrumb\"},\"inLanguage\":\"de\",\"potentialAction\":[{\"@type\":\"ReadAction\",\"target\":[\"https:\\\/\\\/www.visit-montenegro.com\\\/de\\\/reiseziele\\\/budva\\\/sehenswuerdigkeiten\\\/saint-john-church\\\/\"]}]},{\"@type\":\"ImageObject\",\"inLanguage\":\"de\",\"@id\":\"https:\\\/\\\/www.visit-montenegro.com\\\/de\\\/reiseziele\\\/budva\\\/sehenswuerdigkeiten\\\/saint-john-church\\\/#primaryimage\",\"url\":\"https:\\\/\\\/www.visit-montenegro.com\\\/wp-content\\\/uploads\\\/2026\\\/02\\\/Depositphotos_86851562_xl-2015-copy.jpg\",\"contentUrl\":\"https:\\\/\\\/www.visit-montenegro.com\\\/wp-content\\\/uploads\\\/2026\\\/02\\\/Depositphotos_86851562_xl-2015-copy.jpg\",\"width\":1600,\"height\":1065,\"caption\":\"Heilig-Dreifaltigkeits-Kirche (links) und St.-Johann-Kirche (rechts) in Budva\"},{\"@type\":\"BreadcrumbList\",\"@id\":\"https:\\\/\\\/www.visit-montenegro.com\\\/de\\\/reiseziele\\\/budva\\\/sehenswuerdigkeiten\\\/saint-john-church\\\/#breadcrumb\",\"itemListElement\":[{\"@type\":\"ListItem\",\"position\":1,\"name\":\"Home\",\"item\":\"https:\\\/\\\/www.visit-montenegro.com\\\/de\\\/home\\\/\"},{\"@type\":\"ListItem\",\"position\":2,\"name\":\"Reiseziele in Montenegro\",\"item\":\"https:\\\/\\\/www.visit-montenegro.com\\\/de\\\/reiseziele\\\/\"},{\"@type\":\"ListItem\",\"position\":3,\"name\":\"Budva\",\"item\":\"https:\\\/\\\/www.visit-montenegro.com\\\/de\\\/reiseziele\\\/budva\\\/\"},{\"@type\":\"ListItem\",\"position\":4,\"name\":\"Budva Sehensw\u00fcrdigkeiten\",\"item\":\"https:\\\/\\\/www.visit-montenegro.com\\\/de\\\/reiseziele\\\/budva\\\/sehenswuerdigkeiten\\\/\"},{\"@type\":\"ListItem\",\"position\":5,\"name\":\"Kirche St. Johann\"}]},{\"@type\":\"WebSite\",\"@id\":\"https:\\\/\\\/www.visit-montenegro.com\\\/de\\\/#website\",\"url\":\"https:\\\/\\\/www.visit-montenegro.com\\\/de\\\/\",\"name\":\"Visit Montenegro\",\"description\":\"Breathtaking beauty\",\"publisher\":{\"@id\":\"https:\\\/\\\/www.visit-montenegro.com\\\/de\\\/#organization\"},\"potentialAction\":[{\"@type\":\"SearchAction\",\"target\":{\"@type\":\"EntryPoint\",\"urlTemplate\":\"https:\\\/\\\/www.visit-montenegro.com\\\/de\\\/?s={search_term_string}\"},\"query-input\":{\"@type\":\"PropertyValueSpecification\",\"valueRequired\":true,\"valueName\":\"search_term_string\"}}],\"inLanguage\":\"de\"},{\"@type\":\"Organization\",\"@id\":\"https:\\\/\\\/www.visit-montenegro.com\\\/de\\\/#organization\",\"name\":\"Visit Montenegro\",\"url\":\"https:\\\/\\\/www.visit-montenegro.com\\\/de\\\/\",\"logo\":{\"@type\":\"ImageObject\",\"inLanguage\":\"de\",\"@id\":\"https:\\\/\\\/www.visit-montenegro.com\\\/de\\\/#\\\/schema\\\/logo\\\/image\\\/\",\"url\":\"https:\\\/\\\/www.visit-montenegro.com\\\/wp-content\\\/uploads\\\/2017\\\/10\\\/logo-amp.png\",\"contentUrl\":\"https:\\\/\\\/www.visit-montenegro.com\\\/wp-content\\\/uploads\\\/2017\\\/10\\\/logo-amp.png\",\"width\":190,\"height\":36,\"caption\":\"Visit Montenegro\"},\"image\":{\"@id\":\"https:\\\/\\\/www.visit-montenegro.com\\\/de\\\/#\\\/schema\\\/logo\\\/image\\\/\"},\"sameAs\":[\"https:\\\/\\\/www.facebook.com\\\/visitmontenegro\",\"https:\\\/\\\/x.com\\\/visitmontenegro\",\"https:\\\/\\\/www.instagram.com\\\/visit_montenegro\\\/\",\"https:\\\/\\\/www.youtube.com\\\/user\\\/VisitMontenegro\"]}]}<\/script>\n<!-- \/ Yoast SEO plugin. -->","yoast_head_json":{"title":"Kirche St. Johann - Visit Montenegro","description":"Entdecken Sie die historische Kirche St. Johann in Budva mit gotischer Architektur und wertvollen Artefakten wie der Budvanska-Bogorodica-Ikone. Planen Sie noch heute Ihren Besuch!","robots":{"index":"index","follow":"follow","max-snippet":"max-snippet:-1","max-image-preview":"max-image-preview:large","max-video-preview":"max-video-preview:-1"},"canonical":"https:\/\/www.visit-montenegro.com\/de\/reiseziele\/budva\/sehenswuerdigkeiten\/saint-john-church\/","og_locale":"de_DE","og_type":"article","og_title":"Kirche St. Johann - Visit Montenegro","og_description":"Entdecken Sie die historische Kirche St. Johann in Budva mit gotischer Architektur und wertvollen Artefakten wie der Budvanska-Bogorodica-Ikone. Planen Sie noch heute Ihren Besuch!","og_url":"https:\/\/www.visit-montenegro.com\/de\/reiseziele\/budva\/sehenswuerdigkeiten\/saint-john-church\/","og_site_name":"Visit Montenegro","article_publisher":"https:\/\/www.facebook.com\/visitmontenegro","article_modified_time":"2026-02-22T16:12:22+00:00","og_image":[{"width":1600,"height":1065,"url":"https:\/\/www.visit-montenegro.com\/wp-content\/uploads\/2026\/02\/Depositphotos_86851562_xl-2015-copy.jpg","type":"image\/jpeg"}],"twitter_card":"summary_large_image","twitter_site":"@visitmontenegro","twitter_misc":{"Gesch\u00e4tzte Lesezeit":"1\u00a0Minute"},"schema":{"@context":"https:\/\/schema.org","@graph":[{"@type":"WebPage","@id":"https:\/\/www.visit-montenegro.com\/de\/reiseziele\/budva\/sehenswuerdigkeiten\/saint-john-church\/","url":"https:\/\/www.visit-montenegro.com\/de\/reiseziele\/budva\/sehenswuerdigkeiten\/saint-john-church\/","name":"Kirche St. Johann - Visit Montenegro","isPartOf":{"@id":"https:\/\/www.visit-montenegro.com\/de\/#website"},"primaryImageOfPage":{"@id":"https:\/\/www.visit-montenegro.com\/de\/reiseziele\/budva\/sehenswuerdigkeiten\/saint-john-church\/#primaryimage"},"image":{"@id":"https:\/\/www.visit-montenegro.com\/de\/reiseziele\/budva\/sehenswuerdigkeiten\/saint-john-church\/#primaryimage"},"thumbnailUrl":"https:\/\/www.visit-montenegro.com\/wp-content\/uploads\/2026\/02\/Depositphotos_86851562_xl-2015-copy.jpg","datePublished":"2026-01-27T20:44:31+00:00","dateModified":"2026-02-22T16:12:22+00:00","description":"Entdecken Sie die historische Kirche St. Johann in Budva mit gotischer Architektur und wertvollen Artefakten wie der Budvanska-Bogorodica-Ikone. Planen Sie noch heute Ihren Besuch!","breadcrumb":{"@id":"https:\/\/www.visit-montenegro.com\/de\/reiseziele\/budva\/sehenswuerdigkeiten\/saint-john-church\/#breadcrumb"},"inLanguage":"de","potentialAction":[{"@type":"ReadAction","target":["https:\/\/www.visit-montenegro.com\/de\/reiseziele\/budva\/sehenswuerdigkeiten\/saint-john-church\/"]}]},{"@type":"ImageObject","inLanguage":"de","@id":"https:\/\/www.visit-montenegro.com\/de\/reiseziele\/budva\/sehenswuerdigkeiten\/saint-john-church\/#primaryimage","url":"https:\/\/www.visit-montenegro.com\/wp-content\/uploads\/2026\/02\/Depositphotos_86851562_xl-2015-copy.jpg","contentUrl":"https:\/\/www.visit-montenegro.com\/wp-content\/uploads\/2026\/02\/Depositphotos_86851562_xl-2015-copy.jpg","width":1600,"height":1065,"caption":"Heilig-Dreifaltigkeits-Kirche (links) und St.-Johann-Kirche (rechts) in Budva"},{"@type":"BreadcrumbList","@id":"https:\/\/www.visit-montenegro.com\/de\/reiseziele\/budva\/sehenswuerdigkeiten\/saint-john-church\/#breadcrumb","itemListElement":[{"@type":"ListItem","position":1,"name":"Home","item":"https:\/\/www.visit-montenegro.com\/de\/home\/"},{"@type":"ListItem","position":2,"name":"Reiseziele in Montenegro","item":"https:\/\/www.visit-montenegro.com\/de\/reiseziele\/"},{"@type":"ListItem","position":3,"name":"Budva","item":"https:\/\/www.visit-montenegro.com\/de\/reiseziele\/budva\/"},{"@type":"ListItem","position":4,"name":"Budva Sehensw\u00fcrdigkeiten","item":"https:\/\/www.visit-montenegro.com\/de\/reiseziele\/budva\/sehenswuerdigkeiten\/"},{"@type":"ListItem","position":5,"name":"Kirche St. Johann"}]},{"@type":"WebSite","@id":"https:\/\/www.visit-montenegro.com\/de\/#website","url":"https:\/\/www.visit-montenegro.com\/de\/","name":"Visit Montenegro","description":"Breathtaking beauty","publisher":{"@id":"https:\/\/www.visit-montenegro.com\/de\/#organization"},"potentialAction":[{"@type":"SearchAction","target":{"@type":"EntryPoint","urlTemplate":"https:\/\/www.visit-montenegro.com\/de\/?s={search_term_string}"},"query-input":{"@type":"PropertyValueSpecification","valueRequired":true,"valueName":"search_term_string"}}],"inLanguage":"de"},{"@type":"Organization","@id":"https:\/\/www.visit-montenegro.com\/de\/#organization","name":"Visit Montenegro","url":"https:\/\/www.visit-montenegro.com\/de\/","logo":{"@type":"ImageObject","inLanguage":"de","@id":"https:\/\/www.visit-montenegro.com\/de\/#\/schema\/logo\/image\/","url":"https:\/\/www.visit-montenegro.com\/wp-content\/uploads\/2017\/10\/logo-amp.png","contentUrl":"https:\/\/www.visit-montenegro.com\/wp-content\/uploads\/2017\/10\/logo-amp.png","width":190,"height":36,"caption":"Visit Montenegro"},"image":{"@id":"https:\/\/www.visit-montenegro.com\/de\/#\/schema\/logo\/image\/"},"sameAs":["https:\/\/www.facebook.com\/visitmontenegro","https:\/\/x.com\/visitmontenegro","https:\/\/www.instagram.com\/visit_montenegro\/","https:\/\/www.youtube.com\/user\/VisitMontenegro"]}]}},"translations":[],"_links":{"self":[{"href":"https:\/\/www.visit-montenegro.com\/de\/wp-json\/wp\/v2\/pages\/135104","targetHints":{"allow":["GET"]}}],"collection":[{"href":"https:\/\/www.visit-montenegro.com\/de\/wp-json\/wp\/v2\/pages"}],"about":[{"href":"https:\/\/www.visit-montenegro.com\/de\/wp-json\/wp\/v2\/types\/page"}],"author":[{"embeddable":true,"href":"https:\/\/www.visit-montenegro.com\/de\/wp-json\/wp\/v2\/users\/1"}],"replies":[{"embeddable":true,"href":"https:\/\/www.visit-montenegro.com\/de\/wp-json\/wp\/v2\/comments?post=135104"}],"version-history":[{"count":0,"href":"https:\/\/www.visit-montenegro.com\/de\/wp-json\/wp\/v2\/pages\/135104\/revisions"}],"up":[{"embeddable":true,"href":"https:\/\/www.visit-montenegro.com\/de\/wp-json\/wp\/v2\/pages\/134185"}],"wp:featuredmedia":[{"embeddable":true,"href":"https:\/\/www.visit-montenegro.com\/de\/wp-json\/wp\/v2\/media\/135105"}],"wp:attachment":[{"href":"https:\/\/www.visit-montenegro.com\/de\/wp-json\/wp\/v2\/media?parent=135104"}],"wp:term":[{"taxonomy":"post_tag","embeddable":true,"href":"https:\/\/www.visit-montenegro.com\/de\/wp-json\/wp\/v2\/tags?post=135104"}],"curies":[{"name":"wp","href":"https:\/\/api.w.org\/{rel}","templated":true}]}}