{"id":135110,"date":"2026-01-27T21:44:31","date_gmt":"2026-01-27T20:44:31","guid":{"rendered":"https:\/\/new.visit-montenegro.com\/ziele\/budva__trashed\/attractions\/praskvica-monastery\/"},"modified":"2026-02-22T17:12:22","modified_gmt":"2026-02-22T16:12:22","slug":"praskvica-monastery","status":"publish","type":"page","link":"https:\/\/www.visit-montenegro.com\/de\/reiseziele\/budva\/sehenswuerdigkeiten\/praskvica-monastery\/","title":{"rendered":"Kloster Praskvica"},"content":{"rendered":"\n<p>Das Kloster Praskvica ist eine historische serbisch-orthodoxe St\u00e4tte in der N\u00e4he von <a href=\"https:\/\/www.visit-montenegro.com\/de\/reiseziele\/budva\/sehenswuerdigkeiten\/sveti-stefan\/\">Sveti Stefan<\/a>, gegr\u00fcndet um 1050 und benannt nach einer pfirsichduftenden Quelle. Es umfasst Kirchen aus dem 15. und 17. Jahrhundert, Fresken und wertvolle Relikte und bietet einen Einblick in das reiche kulturelle und religi\u00f6se Erbe Montenegros.<\/p>\n\n<hr class=\"wp-block-separator has-alpha-channel-opacity\"\/>\n\n<h2 class=\"wp-block-heading\">Geschichte und Urspr\u00fcnge des Klosters Praskvica<\/h2>\n\n<p>Das <strong>Kloster Praskvica<\/strong> befindet sich auf einem H\u00fcgel oberhalb von Milo\u010der, nicht weit vom bekannten Sveti Stefan (St. Stefan). Der \u00dcberlieferung nach wurde es 1050 gegr\u00fcndet, obwohl die ersten zuverl\u00e4ssigen Daten aus dem Jahr 1307 stammen, als der serbische K\u00f6nig Milutin <a href=\"https:\/\/www.visit-montenegro.com\/de\/reiseziele\/kotor\/\">Kotor<\/a> besuchte. Dieses Kloster erhielt seinen Namen von einer nahegelegenen Quelle, deren Wasser nach Pfirsichen riecht, was die Einheimischen \u201epraske\u201c nennen. Die \u00e4ltesten schriftlichen Aufzeichnungen, die das <strong>Kloster Praskvica<\/strong> erw\u00e4hnen, stammen aus dem Jahr 1413 und beziehen sich auf Geschenke des Zeta-Herrschers Bal\u0161a III. Folglich unterstreichen diese fr\u00fchen Berichte seine langj\u00e4hrige Bedeutung in der Region.<\/p>\n\n<p>Die Hauptklosterkirche Sveti Nikola (St. Nikolaus) stammt aus dem 15. Jahrhundert, wie in einer Pergamenturkunde bezeugt. Auf ihren \u00dcberresten wurde im 19. Jahrhundert ein gr\u00f6\u00dferes Geb\u00e4ude errichtet, das Fresken aus der alten Kirche enth\u00e4lt. Das zweite Klostergeb\u00e4ude befindet sich auf einem H\u00fcgel, ist der Sveta Trojica (Heiligen Dreifaltigkeit) gewidmet und stammt aus dem 17. Jahrhundert. Seine gr\u00f6\u00dften k\u00fcnstlerischen Werte sind die vom zoographischen Maler Radul gemalten Fresken und der vergoldete Ikonostas von Dimitrije Dasjak aus dem 17. Jahrhundert. Dar\u00fcber hinaus zeigt diese Mischung architektonischer Stile die Entwicklung des Klosters \u00fcber die Jahrhunderte.<\/p>\n\n<h2 class=\"wp-block-heading\">Kulturelle Bedeutung und Merkmale<\/h2>\n\n<p>Zum Kloster geh\u00f6ren Schlafquartiere und eine ehemalige Schule, in der M\u00f6nche aus Pastrovici Kindern Lesen und Schreiben beibrachten. Die Kirche wurde beim Erdbeben von 1979 erheblich besch\u00e4digt, aber restauriert, und viele Relikte, Ikonen, alte Manuskripte und andere Dokumente werden dort aufbewahrt. Au\u00dferdem finden Sie in diesem Kloster ein handgeschriebenes Evangelium in silbernen Einb\u00e4nden, das, wie die Legende sagt, Bischof Danilo den Menschen aus Pastrovici schenkte. Tats\u00e4chlich unterstreichen diese Artefakte die Rolle des <strong>Klosters Praskvica<\/strong> als kulturelles und p\u00e4dagogisches Zentrum.<\/p>\n\n<p>F\u00fcr Besucher k\u00f6nnte auch ein gro\u00dfer Steintisch interessant sein, an dem das Gro\u00dfe Pastrovici-Gericht namens \u201eBankada\u201c Sitzungen abhielt. Dieses Merkmal tr\u00e4gt zur historischen Atmosph\u00e4re bei und macht das <strong>Kloster Praskvica<\/strong> zu einem faszinierenden Ziel f\u00fcr diejenigen, die Montenegros Vergangenheit erkunden.<\/p>\n","protected":false},"excerpt":{"rendered":"<p>Entdecken Sie das Kloster Praskvica, eine historische serbisch-orthodoxe St\u00e4tte in der N\u00e4he von Sveti Stefan, gegr\u00fcndet um 1050. Erkunden Sie seine Kirchen, Fresken und Relikte und erfahren Sie mehr \u00fcber seine kulturelle Bedeutung im Erbe Montenegros.<\/p>\n","protected":false},"author":1,"featured_media":135111,"parent":134185,"menu_order":0,"comment_status":"closed","ping_status":"closed","template":"","meta":{"_yoast_wpseo_focuskw":"Kloster Praskvica","_yoast_wpseo_metadesc":"Entdecken Sie die Geschichte, Kunst und Relikte des Klosters Praskvica in der N\u00e4he von Sveti Stefan. Erfahren Sie mehr \u00fcber seine Urspr\u00fcnge im 15. Jahrhundert und seine kulturelle Bedeutung in Montenegro.","_kad_post_transparent":"","_kad_post_title":"","_kad_post_layout":"","_kad_post_sidebar_id":"","_kad_post_content_style":"","_kad_post_vertical_padding":"","_kad_post_feature":"","_kad_post_feature_position":"","_kad_post_header":false,"_kad_post_footer":false,"_kad_post_classname":"","iawp_total_views":12,"footnotes":""},"tags":[140,52,139,62,141,76],"class_list":["post-135110","page","type-page","status-publish","has-post-thumbnail","hentry","tag-crna-gora","tag-montenegro","tag-news","tag-tourism","tag-travel","tag-visit"],"yoast_head":"<!-- This site is optimized with the Yoast SEO plugin v27.3 - https:\/\/yoast.com\/product\/yoast-seo-wordpress\/ -->\n<title>Kloster Praskvica - Visit Montenegro<\/title>\n<meta name=\"description\" content=\"Entdecken Sie die Geschichte, Kunst und Relikte des Klosters Praskvica in der N\u00e4he von Sveti Stefan. Erfahren Sie mehr \u00fcber seine Urspr\u00fcnge im 15. Jahrhundert und seine kulturelle Bedeutung in Montenegro.\" \/>\n<meta name=\"robots\" content=\"index, follow, max-snippet:-1, max-image-preview:large, max-video-preview:-1\" \/>\n<link rel=\"canonical\" href=\"https:\/\/www.visit-montenegro.com\/de\/reiseziele\/budva\/sehenswuerdigkeiten\/praskvica-monastery\/\" \/>\n<meta property=\"og:locale\" content=\"de_DE\" \/>\n<meta property=\"og:type\" content=\"article\" \/>\n<meta property=\"og:title\" content=\"Kloster Praskvica - Visit Montenegro\" \/>\n<meta property=\"og:description\" content=\"Entdecken Sie die Geschichte, Kunst und Relikte des Klosters Praskvica in der N\u00e4he von Sveti Stefan. Erfahren Sie mehr \u00fcber seine Urspr\u00fcnge im 15. Jahrhundert und seine kulturelle Bedeutung in Montenegro.\" \/>\n<meta property=\"og:url\" content=\"https:\/\/www.visit-montenegro.com\/de\/reiseziele\/budva\/sehenswuerdigkeiten\/praskvica-monastery\/\" \/>\n<meta property=\"og:site_name\" content=\"Visit Montenegro\" \/>\n<meta property=\"article:publisher\" content=\"https:\/\/www.facebook.com\/visitmontenegro\" \/>\n<meta property=\"article:modified_time\" content=\"2026-02-22T16:12:22+00:00\" \/>\n<meta property=\"og:image\" content=\"https:\/\/www.visit-montenegro.com\/wp-content\/uploads\/2026\/01\/budva-monastery-praskvica-scaled.jpg\" \/>\n\t<meta property=\"og:image:width\" content=\"1600\" \/>\n\t<meta property=\"og:image:height\" content=\"1063\" \/>\n\t<meta property=\"og:image:type\" content=\"image\/jpeg\" \/>\n<meta name=\"twitter:card\" content=\"summary_large_image\" \/>\n<meta name=\"twitter:site\" content=\"@visitmontenegro\" \/>\n<meta name=\"twitter:label1\" content=\"Gesch\u00e4tzte Lesezeit\" \/>\n\t<meta name=\"twitter:data1\" content=\"2\u00a0Minuten\" \/>\n<script type=\"application\/ld+json\" class=\"yoast-schema-graph\">{\"@context\":\"https:\\\/\\\/schema.org\",\"@graph\":[{\"@type\":\"WebPage\",\"@id\":\"https:\\\/\\\/www.visit-montenegro.com\\\/de\\\/reiseziele\\\/budva\\\/sehenswuerdigkeiten\\\/praskvica-monastery\\\/\",\"url\":\"https:\\\/\\\/www.visit-montenegro.com\\\/de\\\/reiseziele\\\/budva\\\/sehenswuerdigkeiten\\\/praskvica-monastery\\\/\",\"name\":\"Kloster Praskvica - Visit Montenegro\",\"isPartOf\":{\"@id\":\"https:\\\/\\\/www.visit-montenegro.com\\\/de\\\/#website\"},\"primaryImageOfPage\":{\"@id\":\"https:\\\/\\\/www.visit-montenegro.com\\\/de\\\/reiseziele\\\/budva\\\/sehenswuerdigkeiten\\\/praskvica-monastery\\\/#primaryimage\"},\"image\":{\"@id\":\"https:\\\/\\\/www.visit-montenegro.com\\\/de\\\/reiseziele\\\/budva\\\/sehenswuerdigkeiten\\\/praskvica-monastery\\\/#primaryimage\"},\"thumbnailUrl\":\"https:\\\/\\\/www.visit-montenegro.com\\\/wp-content\\\/uploads\\\/2026\\\/01\\\/budva-monastery-praskvica-scaled.jpg\",\"datePublished\":\"2026-01-27T20:44:31+00:00\",\"dateModified\":\"2026-02-22T16:12:22+00:00\",\"description\":\"Entdecken Sie die Geschichte, Kunst und Relikte des Klosters Praskvica in der N\u00e4he von Sveti Stefan. Erfahren Sie mehr \u00fcber seine Urspr\u00fcnge im 15. Jahrhundert und seine kulturelle Bedeutung in Montenegro.\",\"breadcrumb\":{\"@id\":\"https:\\\/\\\/www.visit-montenegro.com\\\/de\\\/reiseziele\\\/budva\\\/sehenswuerdigkeiten\\\/praskvica-monastery\\\/#breadcrumb\"},\"inLanguage\":\"de\",\"potentialAction\":[{\"@type\":\"ReadAction\",\"target\":[\"https:\\\/\\\/www.visit-montenegro.com\\\/de\\\/reiseziele\\\/budva\\\/sehenswuerdigkeiten\\\/praskvica-monastery\\\/\"]}]},{\"@type\":\"ImageObject\",\"inLanguage\":\"de\",\"@id\":\"https:\\\/\\\/www.visit-montenegro.com\\\/de\\\/reiseziele\\\/budva\\\/sehenswuerdigkeiten\\\/praskvica-monastery\\\/#primaryimage\",\"url\":\"https:\\\/\\\/www.visit-montenegro.com\\\/wp-content\\\/uploads\\\/2026\\\/01\\\/budva-monastery-praskvica-scaled.jpg\",\"contentUrl\":\"https:\\\/\\\/www.visit-montenegro.com\\\/wp-content\\\/uploads\\\/2026\\\/01\\\/budva-monastery-praskvica-scaled.jpg\",\"width\":1600,\"height\":1063,\"caption\":\"Die Heilige Dreifaltigkeitskirche des Klosters Praskvica, umgeben von dem malerischen Garten, Celobrdo, Montenegro.\"},{\"@type\":\"BreadcrumbList\",\"@id\":\"https:\\\/\\\/www.visit-montenegro.com\\\/de\\\/reiseziele\\\/budva\\\/sehenswuerdigkeiten\\\/praskvica-monastery\\\/#breadcrumb\",\"itemListElement\":[{\"@type\":\"ListItem\",\"position\":1,\"name\":\"Home\",\"item\":\"https:\\\/\\\/www.visit-montenegro.com\\\/de\\\/home\\\/\"},{\"@type\":\"ListItem\",\"position\":2,\"name\":\"Reiseziele in Montenegro\",\"item\":\"https:\\\/\\\/www.visit-montenegro.com\\\/de\\\/reiseziele\\\/\"},{\"@type\":\"ListItem\",\"position\":3,\"name\":\"Budva\",\"item\":\"https:\\\/\\\/www.visit-montenegro.com\\\/de\\\/reiseziele\\\/budva\\\/\"},{\"@type\":\"ListItem\",\"position\":4,\"name\":\"Budva Sehensw\u00fcrdigkeiten\",\"item\":\"https:\\\/\\\/www.visit-montenegro.com\\\/de\\\/reiseziele\\\/budva\\\/sehenswuerdigkeiten\\\/\"},{\"@type\":\"ListItem\",\"position\":5,\"name\":\"Kloster Praskvica\"}]},{\"@type\":\"WebSite\",\"@id\":\"https:\\\/\\\/www.visit-montenegro.com\\\/de\\\/#website\",\"url\":\"https:\\\/\\\/www.visit-montenegro.com\\\/de\\\/\",\"name\":\"Visit Montenegro\",\"description\":\"Breathtaking beauty\",\"publisher\":{\"@id\":\"https:\\\/\\\/www.visit-montenegro.com\\\/de\\\/#organization\"},\"potentialAction\":[{\"@type\":\"SearchAction\",\"target\":{\"@type\":\"EntryPoint\",\"urlTemplate\":\"https:\\\/\\\/www.visit-montenegro.com\\\/de\\\/?s={search_term_string}\"},\"query-input\":{\"@type\":\"PropertyValueSpecification\",\"valueRequired\":true,\"valueName\":\"search_term_string\"}}],\"inLanguage\":\"de\"},{\"@type\":\"Organization\",\"@id\":\"https:\\\/\\\/www.visit-montenegro.com\\\/de\\\/#organization\",\"name\":\"Visit Montenegro\",\"url\":\"https:\\\/\\\/www.visit-montenegro.com\\\/de\\\/\",\"logo\":{\"@type\":\"ImageObject\",\"inLanguage\":\"de\",\"@id\":\"https:\\\/\\\/www.visit-montenegro.com\\\/de\\\/#\\\/schema\\\/logo\\\/image\\\/\",\"url\":\"https:\\\/\\\/www.visit-montenegro.com\\\/wp-content\\\/uploads\\\/2017\\\/10\\\/logo-amp.png\",\"contentUrl\":\"https:\\\/\\\/www.visit-montenegro.com\\\/wp-content\\\/uploads\\\/2017\\\/10\\\/logo-amp.png\",\"width\":190,\"height\":36,\"caption\":\"Visit Montenegro\"},\"image\":{\"@id\":\"https:\\\/\\\/www.visit-montenegro.com\\\/de\\\/#\\\/schema\\\/logo\\\/image\\\/\"},\"sameAs\":[\"https:\\\/\\\/www.facebook.com\\\/visitmontenegro\",\"https:\\\/\\\/x.com\\\/visitmontenegro\",\"https:\\\/\\\/www.instagram.com\\\/visit_montenegro\\\/\",\"https:\\\/\\\/www.youtube.com\\\/user\\\/VisitMontenegro\"]}]}<\/script>\n<!-- \/ Yoast SEO plugin. -->","yoast_head_json":{"title":"Kloster Praskvica - Visit Montenegro","description":"Entdecken Sie die Geschichte, Kunst und Relikte des Klosters Praskvica in der N\u00e4he von Sveti Stefan. Erfahren Sie mehr \u00fcber seine Urspr\u00fcnge im 15. Jahrhundert und seine kulturelle Bedeutung in Montenegro.","robots":{"index":"index","follow":"follow","max-snippet":"max-snippet:-1","max-image-preview":"max-image-preview:large","max-video-preview":"max-video-preview:-1"},"canonical":"https:\/\/www.visit-montenegro.com\/de\/reiseziele\/budva\/sehenswuerdigkeiten\/praskvica-monastery\/","og_locale":"de_DE","og_type":"article","og_title":"Kloster Praskvica - Visit Montenegro","og_description":"Entdecken Sie die Geschichte, Kunst und Relikte des Klosters Praskvica in der N\u00e4he von Sveti Stefan. Erfahren Sie mehr \u00fcber seine Urspr\u00fcnge im 15. Jahrhundert und seine kulturelle Bedeutung in Montenegro.","og_url":"https:\/\/www.visit-montenegro.com\/de\/reiseziele\/budva\/sehenswuerdigkeiten\/praskvica-monastery\/","og_site_name":"Visit Montenegro","article_publisher":"https:\/\/www.facebook.com\/visitmontenegro","article_modified_time":"2026-02-22T16:12:22+00:00","og_image":[{"width":1600,"height":1063,"url":"https:\/\/www.visit-montenegro.com\/wp-content\/uploads\/2026\/01\/budva-monastery-praskvica-scaled.jpg","type":"image\/jpeg"}],"twitter_card":"summary_large_image","twitter_site":"@visitmontenegro","twitter_misc":{"Gesch\u00e4tzte Lesezeit":"2\u00a0Minuten"},"schema":{"@context":"https:\/\/schema.org","@graph":[{"@type":"WebPage","@id":"https:\/\/www.visit-montenegro.com\/de\/reiseziele\/budva\/sehenswuerdigkeiten\/praskvica-monastery\/","url":"https:\/\/www.visit-montenegro.com\/de\/reiseziele\/budva\/sehenswuerdigkeiten\/praskvica-monastery\/","name":"Kloster Praskvica - Visit Montenegro","isPartOf":{"@id":"https:\/\/www.visit-montenegro.com\/de\/#website"},"primaryImageOfPage":{"@id":"https:\/\/www.visit-montenegro.com\/de\/reiseziele\/budva\/sehenswuerdigkeiten\/praskvica-monastery\/#primaryimage"},"image":{"@id":"https:\/\/www.visit-montenegro.com\/de\/reiseziele\/budva\/sehenswuerdigkeiten\/praskvica-monastery\/#primaryimage"},"thumbnailUrl":"https:\/\/www.visit-montenegro.com\/wp-content\/uploads\/2026\/01\/budva-monastery-praskvica-scaled.jpg","datePublished":"2026-01-27T20:44:31+00:00","dateModified":"2026-02-22T16:12:22+00:00","description":"Entdecken Sie die Geschichte, Kunst und Relikte des Klosters Praskvica in der N\u00e4he von Sveti Stefan. Erfahren Sie mehr \u00fcber seine Urspr\u00fcnge im 15. Jahrhundert und seine kulturelle Bedeutung in Montenegro.","breadcrumb":{"@id":"https:\/\/www.visit-montenegro.com\/de\/reiseziele\/budva\/sehenswuerdigkeiten\/praskvica-monastery\/#breadcrumb"},"inLanguage":"de","potentialAction":[{"@type":"ReadAction","target":["https:\/\/www.visit-montenegro.com\/de\/reiseziele\/budva\/sehenswuerdigkeiten\/praskvica-monastery\/"]}]},{"@type":"ImageObject","inLanguage":"de","@id":"https:\/\/www.visit-montenegro.com\/de\/reiseziele\/budva\/sehenswuerdigkeiten\/praskvica-monastery\/#primaryimage","url":"https:\/\/www.visit-montenegro.com\/wp-content\/uploads\/2026\/01\/budva-monastery-praskvica-scaled.jpg","contentUrl":"https:\/\/www.visit-montenegro.com\/wp-content\/uploads\/2026\/01\/budva-monastery-praskvica-scaled.jpg","width":1600,"height":1063,"caption":"Die Heilige Dreifaltigkeitskirche des Klosters Praskvica, umgeben von dem malerischen Garten, Celobrdo, Montenegro."},{"@type":"BreadcrumbList","@id":"https:\/\/www.visit-montenegro.com\/de\/reiseziele\/budva\/sehenswuerdigkeiten\/praskvica-monastery\/#breadcrumb","itemListElement":[{"@type":"ListItem","position":1,"name":"Home","item":"https:\/\/www.visit-montenegro.com\/de\/home\/"},{"@type":"ListItem","position":2,"name":"Reiseziele in Montenegro","item":"https:\/\/www.visit-montenegro.com\/de\/reiseziele\/"},{"@type":"ListItem","position":3,"name":"Budva","item":"https:\/\/www.visit-montenegro.com\/de\/reiseziele\/budva\/"},{"@type":"ListItem","position":4,"name":"Budva Sehensw\u00fcrdigkeiten","item":"https:\/\/www.visit-montenegro.com\/de\/reiseziele\/budva\/sehenswuerdigkeiten\/"},{"@type":"ListItem","position":5,"name":"Kloster Praskvica"}]},{"@type":"WebSite","@id":"https:\/\/www.visit-montenegro.com\/de\/#website","url":"https:\/\/www.visit-montenegro.com\/de\/","name":"Visit Montenegro","description":"Breathtaking beauty","publisher":{"@id":"https:\/\/www.visit-montenegro.com\/de\/#organization"},"potentialAction":[{"@type":"SearchAction","target":{"@type":"EntryPoint","urlTemplate":"https:\/\/www.visit-montenegro.com\/de\/?s={search_term_string}"},"query-input":{"@type":"PropertyValueSpecification","valueRequired":true,"valueName":"search_term_string"}}],"inLanguage":"de"},{"@type":"Organization","@id":"https:\/\/www.visit-montenegro.com\/de\/#organization","name":"Visit Montenegro","url":"https:\/\/www.visit-montenegro.com\/de\/","logo":{"@type":"ImageObject","inLanguage":"de","@id":"https:\/\/www.visit-montenegro.com\/de\/#\/schema\/logo\/image\/","url":"https:\/\/www.visit-montenegro.com\/wp-content\/uploads\/2017\/10\/logo-amp.png","contentUrl":"https:\/\/www.visit-montenegro.com\/wp-content\/uploads\/2017\/10\/logo-amp.png","width":190,"height":36,"caption":"Visit Montenegro"},"image":{"@id":"https:\/\/www.visit-montenegro.com\/de\/#\/schema\/logo\/image\/"},"sameAs":["https:\/\/www.facebook.com\/visitmontenegro","https:\/\/x.com\/visitmontenegro","https:\/\/www.instagram.com\/visit_montenegro\/","https:\/\/www.youtube.com\/user\/VisitMontenegro"]}]}},"translations":[],"_links":{"self":[{"href":"https:\/\/www.visit-montenegro.com\/de\/wp-json\/wp\/v2\/pages\/135110","targetHints":{"allow":["GET"]}}],"collection":[{"href":"https:\/\/www.visit-montenegro.com\/de\/wp-json\/wp\/v2\/pages"}],"about":[{"href":"https:\/\/www.visit-montenegro.com\/de\/wp-json\/wp\/v2\/types\/page"}],"author":[{"embeddable":true,"href":"https:\/\/www.visit-montenegro.com\/de\/wp-json\/wp\/v2\/users\/1"}],"replies":[{"embeddable":true,"href":"https:\/\/www.visit-montenegro.com\/de\/wp-json\/wp\/v2\/comments?post=135110"}],"version-history":[{"count":0,"href":"https:\/\/www.visit-montenegro.com\/de\/wp-json\/wp\/v2\/pages\/135110\/revisions"}],"up":[{"embeddable":true,"href":"https:\/\/www.visit-montenegro.com\/de\/wp-json\/wp\/v2\/pages\/134185"}],"wp:featuredmedia":[{"embeddable":true,"href":"https:\/\/www.visit-montenegro.com\/de\/wp-json\/wp\/v2\/media\/135111"}],"wp:attachment":[{"href":"https:\/\/www.visit-montenegro.com\/de\/wp-json\/wp\/v2\/media?parent=135110"}],"wp:term":[{"taxonomy":"post_tag","embeddable":true,"href":"https:\/\/www.visit-montenegro.com\/de\/wp-json\/wp\/v2\/tags?post=135110"}],"curies":[{"name":"wp","href":"https:\/\/api.w.org\/{rel}","templated":true}]}}