{"id":135116,"date":"2026-01-27T21:44:31","date_gmt":"2026-01-27T20:44:31","guid":{"rendered":"https:\/\/new.visit-montenegro.com\/ziele\/budva__trashed\/info\/nachtclubs\/"},"modified":"2026-02-23T14:14:12","modified_gmt":"2026-02-23T13:14:12","slug":"nachtclubs","status":"publish","type":"page","link":"https:\/\/www.visit-montenegro.com\/de\/reiseziele\/budva\/info\/nachtclubs\/","title":{"rendered":"Budva Nachtclubs"},"content":{"rendered":"\n<p>Budvas Nachtleben bietet lebhafte Clubs f\u00fcr alle Altersgruppen, mit regionalen Popstars, moderner Atmosph\u00e4re und freundlichem Personal entlang der <a href=\"https:\/\/www.visit-montenegro.com\/de\/reiseziele\/budva\/\">Budva<\/a> Riviera. Das eigentliche Clubbing findet au\u00dferhalb der Altstadt statt, mit Optionen von Indie-Strandtreffpunkten bis hin zu gro\u00dfen Open-Air-Clubs mit T\u00e4nzern und Happy Hours.<\/p>\n\n<p>Budva ist ber\u00fchmt f\u00fcr sein Nachtleben und garantiert sowohl j\u00fcngeren als auch \u00e4lteren Menschen eine gute Zeit. An der Budva Riviera gibt es im Sommer viele bekannte <strong>Budva Nachtclubs<\/strong> und Diskotheken mit angenehmer Atmosph\u00e4re, Musik, modernem Ambiente und freundlichem Personal, die fast alle Popstars der Region beherbergen.<\/p>\n\n<p>Das eigentliche Clubbing findet haupts\u00e4chlich au\u00dferhalb der Altstadt statt. Einige Str\u00e4nde k\u00f6nnen lokale Treffpunkte auf den Docks mit Musik haben, wenn Sie auf Indie-Treffpunkte stehen. Wenn Sie jedoch an Open-Air-Clubs mit T\u00e4nzern und Happy Hour interessiert sind, hier ist, wohin Sie gehen sollten: Schlendern Sie die Hauptstra\u00dfe entlang des Slovenska Strands, und Sie finden die wichtigsten Touristenattraktionen. Es gibt auch den Indoor-Club Trocadero in der N\u00e4he der Bank entlang dieses Weges, und er ist bis 5 Uhr morgens ge\u00f6ffnet.<\/p>\n\n<h2 class=\"wp-block-heading\">Top 5 Nachtclubs in Budva<\/h2>\n\n<p>Hier ist die Liste der Top 5 <strong>Budva Nachtclubs<\/strong>:<\/p>\n\n<h3 class=\"wp-block-heading\">Top Hill<\/h3>\n\n<p>Es gibt nur wenige Nachtleben-Liebhaber, die in Budva waren, ohne die ber\u00fchmte Diskothek \u201eTop Hill\u201c zu besuchen, die aufgrund ihres Interieurs und ihrer Ausstattung, einschlie\u00dflich einer Kapazit\u00e4t von 5000 Personen, einer der sch\u00f6nsten <strong>Budva Nachtclubs<\/strong> auf dem Balkan ist. Zudem wurde sie 2012 zum besten Nachtclub der Welt erkl\u00e4rt. Allerdings liegt sie auf einem H\u00fcgel in der N\u00e4he von Budva, also ist es ein St\u00fcck zu Fu\u00df, wenn Sie in der Altstadt sind, aber wenn Sie um 10 oder 11 Uhr losgehen, lohnt es sich. Mehr unter: <a href=\"https:\/\/www.tophill.me\" target=\"_blank\" rel=\"noreferrer noopener nofollow\">tophill.me<\/a><\/p>\n\n<h3 class=\"wp-block-heading\">Sparta<\/h3>\n\n<p>Sparta befindet sich im Herzen von Budva, einem der renommiertesten Touristenzentren Montenegros. Dies ist zweifellos einer der exklusivsten <strong>Budva Nachtclubs<\/strong> und der bestausgestattete in der Region. Als solcher bietet der Club Sparta die beste Unterhaltung bis in die fr\u00fchen Morgenstunden f\u00fcr mehr als 600 Personen. Die hei\u00dfe Atmosph\u00e4re mit elektronischer, R\u2019n\u2019B- und House-Musik, moderne Lichteffekte, authentisches Interieur, hochprofessionelles Personal und Auftritte weltber\u00fchmter DJs sind einige der Faktoren, die Sparta zu einem der bekanntesten Clubs in Budva machen. Mehr unter <a href=\"https:\/\/www.facebook.com\/sparta.budva\/\" target=\"_blank\" rel=\"noreferrer noopener nofollow\">Sparta Facebook-Seite<\/a><\/p>\n\n<h3 class=\"wp-block-heading\">Hacienda<\/h3>\n\n<p>Ein Ort mit gro\u00dfartiger Unterhaltung, Latino- und elektronischem Sound mit ber\u00fchmten Cocktails. Die Cocktailbar \u201eHacienda\u201c repr\u00e4sentiert den Lieblingsort der Jugend und derer, die sich so f\u00fchlen. Cocktails, kubanische Musik, lateinamerikanische T\u00e4nzer, DJ-Auftritte und eine einzigartige Atmosph\u00e4re in der fantastischen Umgebung des Stadtparks machen \u201eHacienda\u201c zu einem gro\u00dfartigen Ort, egal ob Sie Fan von nachmitt\u00e4glicher Kulinarik oder verr\u00fcckter Unterhaltung bis in die fr\u00fchen Morgenstunden sind. Mehr unter: <a href=\"https:\/\/www.facebook.com\/srce.budve\/\" target=\"_blank\" rel=\"noreferrer noopener nofollow\">Hacienda Facebook-Seite<\/a><\/p>\n","protected":false},"excerpt":{"rendered":"<p>Entdecken Sie die Top 5 Nachtclubs in Budva, vom ikonischen Top Hill bis zum lebhaften Trocadero. Erleben Sie erstklassige Unterhaltung, regionale Stars und unvergessliche Partys im Nachtleben-Zentrum Montenegros.<\/p>\n","protected":false},"author":1,"featured_media":135117,"parent":134169,"menu_order":0,"comment_status":"closed","ping_status":"closed","template":"","meta":{"_yoast_wpseo_focuskw":"Budva Nachtclubs","_yoast_wpseo_metadesc":"Entdecken Sie Budvas Top-Nachtclubs: Top Hill, Trocadero, Sparta, Hacienda und Paris. Finden Sie lebhafte Partys, regionale Stars und das beste Nachtleben in Montenegro.","_kad_post_transparent":"","_kad_post_title":"","_kad_post_layout":"","_kad_post_sidebar_id":"","_kad_post_content_style":"","_kad_post_vertical_padding":"","_kad_post_feature":"","_kad_post_feature_position":"","_kad_post_header":false,"_kad_post_footer":false,"_kad_post_classname":"","iawp_total_views":42,"footnotes":""},"tags":[140,52,139,62,141,76],"class_list":["post-135116","page","type-page","status-publish","has-post-thumbnail","hentry","tag-crna-gora","tag-montenegro","tag-news","tag-tourism","tag-travel","tag-visit"],"yoast_head":"<!-- This site is optimized with the Yoast SEO plugin v27.3 - https:\/\/yoast.com\/product\/yoast-seo-wordpress\/ -->\n<title>Budva Nachtclubs - Visit Montenegro<\/title>\n<meta name=\"description\" content=\"Entdecken Sie Budvas Top-Nachtclubs: Top Hill, Trocadero, Sparta, Hacienda und Paris. Finden Sie lebhafte Partys, regionale Stars und das beste Nachtleben in Montenegro.\" \/>\n<meta name=\"robots\" content=\"index, follow, max-snippet:-1, max-image-preview:large, max-video-preview:-1\" \/>\n<link rel=\"canonical\" href=\"https:\/\/www.visit-montenegro.com\/de\/reiseziele\/budva\/info\/nachtclubs\/\" \/>\n<meta property=\"og:locale\" content=\"de_DE\" \/>\n<meta property=\"og:type\" content=\"article\" \/>\n<meta property=\"og:title\" content=\"Budva Nachtclubs - Visit Montenegro\" \/>\n<meta property=\"og:description\" content=\"Entdecken Sie Budvas Top-Nachtclubs: Top Hill, Trocadero, Sparta, Hacienda und Paris. Finden Sie lebhafte Partys, regionale Stars und das beste Nachtleben in Montenegro.\" \/>\n<meta property=\"og:url\" content=\"https:\/\/www.visit-montenegro.com\/de\/reiseziele\/budva\/info\/nachtclubs\/\" \/>\n<meta property=\"og:site_name\" content=\"Visit Montenegro\" \/>\n<meta property=\"article:publisher\" content=\"https:\/\/www.facebook.com\/visitmontenegro\" \/>\n<meta property=\"article:modified_time\" content=\"2026-02-23T13:14:12+00:00\" \/>\n<meta property=\"og:image\" content=\"https:\/\/www.visit-montenegro.com\/wp-content\/uploads\/2026\/01\/night-club-03-scaled.jpg\" \/>\n\t<meta property=\"og:image:width\" content=\"1600\" \/>\n\t<meta property=\"og:image:height\" content=\"1066\" \/>\n\t<meta property=\"og:image:type\" content=\"image\/jpeg\" \/>\n<meta name=\"twitter:card\" content=\"summary_large_image\" \/>\n<meta name=\"twitter:site\" content=\"@visitmontenegro\" \/>\n<meta name=\"twitter:label1\" content=\"Gesch\u00e4tzte Lesezeit\" \/>\n\t<meta name=\"twitter:data1\" content=\"2\u00a0Minuten\" \/>\n<script type=\"application\/ld+json\" class=\"yoast-schema-graph\">{\"@context\":\"https:\\\/\\\/schema.org\",\"@graph\":[{\"@type\":\"WebPage\",\"@id\":\"https:\\\/\\\/www.visit-montenegro.com\\\/de\\\/reiseziele\\\/budva\\\/info\\\/nachtclubs\\\/\",\"url\":\"https:\\\/\\\/www.visit-montenegro.com\\\/de\\\/reiseziele\\\/budva\\\/info\\\/nachtclubs\\\/\",\"name\":\"Budva Nachtclubs - Visit Montenegro\",\"isPartOf\":{\"@id\":\"https:\\\/\\\/www.visit-montenegro.com\\\/de\\\/#website\"},\"primaryImageOfPage\":{\"@id\":\"https:\\\/\\\/www.visit-montenegro.com\\\/de\\\/reiseziele\\\/budva\\\/info\\\/nachtclubs\\\/#primaryimage\"},\"image\":{\"@id\":\"https:\\\/\\\/www.visit-montenegro.com\\\/de\\\/reiseziele\\\/budva\\\/info\\\/nachtclubs\\\/#primaryimage\"},\"thumbnailUrl\":\"https:\\\/\\\/www.visit-montenegro.com\\\/wp-content\\\/uploads\\\/2026\\\/01\\\/night-club-03-scaled.jpg\",\"datePublished\":\"2026-01-27T20:44:31+00:00\",\"dateModified\":\"2026-02-23T13:14:12+00:00\",\"description\":\"Entdecken Sie Budvas Top-Nachtclubs: Top Hill, Trocadero, Sparta, Hacienda und Paris. Finden Sie lebhafte Partys, regionale Stars und das beste Nachtleben in Montenegro.\",\"breadcrumb\":{\"@id\":\"https:\\\/\\\/www.visit-montenegro.com\\\/de\\\/reiseziele\\\/budva\\\/info\\\/nachtclubs\\\/#breadcrumb\"},\"inLanguage\":\"de\",\"potentialAction\":[{\"@type\":\"ReadAction\",\"target\":[\"https:\\\/\\\/www.visit-montenegro.com\\\/de\\\/reiseziele\\\/budva\\\/info\\\/nachtclubs\\\/\"]}]},{\"@type\":\"ImageObject\",\"inLanguage\":\"de\",\"@id\":\"https:\\\/\\\/www.visit-montenegro.com\\\/de\\\/reiseziele\\\/budva\\\/info\\\/nachtclubs\\\/#primaryimage\",\"url\":\"https:\\\/\\\/www.visit-montenegro.com\\\/wp-content\\\/uploads\\\/2026\\\/01\\\/night-club-03-scaled.jpg\",\"contentUrl\":\"https:\\\/\\\/www.visit-montenegro.com\\\/wp-content\\\/uploads\\\/2026\\\/01\\\/night-club-03-scaled.jpg\",\"width\":1600,\"height\":1066,\"caption\":\"Bild von h\u00fcbschen M\u00e4dchen, die mit ihren Freunden im Nachtclub tanzen\"},{\"@type\":\"BreadcrumbList\",\"@id\":\"https:\\\/\\\/www.visit-montenegro.com\\\/de\\\/reiseziele\\\/budva\\\/info\\\/nachtclubs\\\/#breadcrumb\",\"itemListElement\":[{\"@type\":\"ListItem\",\"position\":1,\"name\":\"Home\",\"item\":\"https:\\\/\\\/www.visit-montenegro.com\\\/de\\\/home\\\/\"},{\"@type\":\"ListItem\",\"position\":2,\"name\":\"Reiseziele in Montenegro\",\"item\":\"https:\\\/\\\/www.visit-montenegro.com\\\/de\\\/reiseziele\\\/\"},{\"@type\":\"ListItem\",\"position\":3,\"name\":\"Budva\",\"item\":\"https:\\\/\\\/www.visit-montenegro.com\\\/de\\\/reiseziele\\\/budva\\\/\"},{\"@type\":\"ListItem\",\"position\":4,\"name\":\"Mehr \u00fcber Budva\",\"item\":\"https:\\\/\\\/www.visit-montenegro.com\\\/de\\\/reiseziele\\\/budva\\\/info\\\/\"},{\"@type\":\"ListItem\",\"position\":5,\"name\":\"Budva Nachtclubs\"}]},{\"@type\":\"WebSite\",\"@id\":\"https:\\\/\\\/www.visit-montenegro.com\\\/de\\\/#website\",\"url\":\"https:\\\/\\\/www.visit-montenegro.com\\\/de\\\/\",\"name\":\"Visit Montenegro\",\"description\":\"Breathtaking beauty\",\"publisher\":{\"@id\":\"https:\\\/\\\/www.visit-montenegro.com\\\/de\\\/#organization\"},\"potentialAction\":[{\"@type\":\"SearchAction\",\"target\":{\"@type\":\"EntryPoint\",\"urlTemplate\":\"https:\\\/\\\/www.visit-montenegro.com\\\/de\\\/?s={search_term_string}\"},\"query-input\":{\"@type\":\"PropertyValueSpecification\",\"valueRequired\":true,\"valueName\":\"search_term_string\"}}],\"inLanguage\":\"de\"},{\"@type\":\"Organization\",\"@id\":\"https:\\\/\\\/www.visit-montenegro.com\\\/de\\\/#organization\",\"name\":\"Visit Montenegro\",\"url\":\"https:\\\/\\\/www.visit-montenegro.com\\\/de\\\/\",\"logo\":{\"@type\":\"ImageObject\",\"inLanguage\":\"de\",\"@id\":\"https:\\\/\\\/www.visit-montenegro.com\\\/de\\\/#\\\/schema\\\/logo\\\/image\\\/\",\"url\":\"https:\\\/\\\/www.visit-montenegro.com\\\/wp-content\\\/uploads\\\/2017\\\/10\\\/logo-amp.png\",\"contentUrl\":\"https:\\\/\\\/www.visit-montenegro.com\\\/wp-content\\\/uploads\\\/2017\\\/10\\\/logo-amp.png\",\"width\":190,\"height\":36,\"caption\":\"Visit Montenegro\"},\"image\":{\"@id\":\"https:\\\/\\\/www.visit-montenegro.com\\\/de\\\/#\\\/schema\\\/logo\\\/image\\\/\"},\"sameAs\":[\"https:\\\/\\\/www.facebook.com\\\/visitmontenegro\",\"https:\\\/\\\/x.com\\\/visitmontenegro\",\"https:\\\/\\\/www.instagram.com\\\/visit_montenegro\\\/\",\"https:\\\/\\\/www.youtube.com\\\/user\\\/VisitMontenegro\"]}]}<\/script>\n<!-- \/ Yoast SEO plugin. -->","yoast_head_json":{"title":"Budva Nachtclubs - Visit Montenegro","description":"Entdecken Sie Budvas Top-Nachtclubs: Top Hill, Trocadero, Sparta, Hacienda und Paris. Finden Sie lebhafte Partys, regionale Stars und das beste Nachtleben in Montenegro.","robots":{"index":"index","follow":"follow","max-snippet":"max-snippet:-1","max-image-preview":"max-image-preview:large","max-video-preview":"max-video-preview:-1"},"canonical":"https:\/\/www.visit-montenegro.com\/de\/reiseziele\/budva\/info\/nachtclubs\/","og_locale":"de_DE","og_type":"article","og_title":"Budva Nachtclubs - Visit Montenegro","og_description":"Entdecken Sie Budvas Top-Nachtclubs: Top Hill, Trocadero, Sparta, Hacienda und Paris. Finden Sie lebhafte Partys, regionale Stars und das beste Nachtleben in Montenegro.","og_url":"https:\/\/www.visit-montenegro.com\/de\/reiseziele\/budva\/info\/nachtclubs\/","og_site_name":"Visit Montenegro","article_publisher":"https:\/\/www.facebook.com\/visitmontenegro","article_modified_time":"2026-02-23T13:14:12+00:00","og_image":[{"width":1600,"height":1066,"url":"https:\/\/www.visit-montenegro.com\/wp-content\/uploads\/2026\/01\/night-club-03-scaled.jpg","type":"image\/jpeg"}],"twitter_card":"summary_large_image","twitter_site":"@visitmontenegro","twitter_misc":{"Gesch\u00e4tzte Lesezeit":"2\u00a0Minuten"},"schema":{"@context":"https:\/\/schema.org","@graph":[{"@type":"WebPage","@id":"https:\/\/www.visit-montenegro.com\/de\/reiseziele\/budva\/info\/nachtclubs\/","url":"https:\/\/www.visit-montenegro.com\/de\/reiseziele\/budva\/info\/nachtclubs\/","name":"Budva Nachtclubs - Visit Montenegro","isPartOf":{"@id":"https:\/\/www.visit-montenegro.com\/de\/#website"},"primaryImageOfPage":{"@id":"https:\/\/www.visit-montenegro.com\/de\/reiseziele\/budva\/info\/nachtclubs\/#primaryimage"},"image":{"@id":"https:\/\/www.visit-montenegro.com\/de\/reiseziele\/budva\/info\/nachtclubs\/#primaryimage"},"thumbnailUrl":"https:\/\/www.visit-montenegro.com\/wp-content\/uploads\/2026\/01\/night-club-03-scaled.jpg","datePublished":"2026-01-27T20:44:31+00:00","dateModified":"2026-02-23T13:14:12+00:00","description":"Entdecken Sie Budvas Top-Nachtclubs: Top Hill, Trocadero, Sparta, Hacienda und Paris. Finden Sie lebhafte Partys, regionale Stars und das beste Nachtleben in Montenegro.","breadcrumb":{"@id":"https:\/\/www.visit-montenegro.com\/de\/reiseziele\/budva\/info\/nachtclubs\/#breadcrumb"},"inLanguage":"de","potentialAction":[{"@type":"ReadAction","target":["https:\/\/www.visit-montenegro.com\/de\/reiseziele\/budva\/info\/nachtclubs\/"]}]},{"@type":"ImageObject","inLanguage":"de","@id":"https:\/\/www.visit-montenegro.com\/de\/reiseziele\/budva\/info\/nachtclubs\/#primaryimage","url":"https:\/\/www.visit-montenegro.com\/wp-content\/uploads\/2026\/01\/night-club-03-scaled.jpg","contentUrl":"https:\/\/www.visit-montenegro.com\/wp-content\/uploads\/2026\/01\/night-club-03-scaled.jpg","width":1600,"height":1066,"caption":"Bild von h\u00fcbschen M\u00e4dchen, die mit ihren Freunden im Nachtclub tanzen"},{"@type":"BreadcrumbList","@id":"https:\/\/www.visit-montenegro.com\/de\/reiseziele\/budva\/info\/nachtclubs\/#breadcrumb","itemListElement":[{"@type":"ListItem","position":1,"name":"Home","item":"https:\/\/www.visit-montenegro.com\/de\/home\/"},{"@type":"ListItem","position":2,"name":"Reiseziele in Montenegro","item":"https:\/\/www.visit-montenegro.com\/de\/reiseziele\/"},{"@type":"ListItem","position":3,"name":"Budva","item":"https:\/\/www.visit-montenegro.com\/de\/reiseziele\/budva\/"},{"@type":"ListItem","position":4,"name":"Mehr \u00fcber Budva","item":"https:\/\/www.visit-montenegro.com\/de\/reiseziele\/budva\/info\/"},{"@type":"ListItem","position":5,"name":"Budva Nachtclubs"}]},{"@type":"WebSite","@id":"https:\/\/www.visit-montenegro.com\/de\/#website","url":"https:\/\/www.visit-montenegro.com\/de\/","name":"Visit Montenegro","description":"Breathtaking beauty","publisher":{"@id":"https:\/\/www.visit-montenegro.com\/de\/#organization"},"potentialAction":[{"@type":"SearchAction","target":{"@type":"EntryPoint","urlTemplate":"https:\/\/www.visit-montenegro.com\/de\/?s={search_term_string}"},"query-input":{"@type":"PropertyValueSpecification","valueRequired":true,"valueName":"search_term_string"}}],"inLanguage":"de"},{"@type":"Organization","@id":"https:\/\/www.visit-montenegro.com\/de\/#organization","name":"Visit Montenegro","url":"https:\/\/www.visit-montenegro.com\/de\/","logo":{"@type":"ImageObject","inLanguage":"de","@id":"https:\/\/www.visit-montenegro.com\/de\/#\/schema\/logo\/image\/","url":"https:\/\/www.visit-montenegro.com\/wp-content\/uploads\/2017\/10\/logo-amp.png","contentUrl":"https:\/\/www.visit-montenegro.com\/wp-content\/uploads\/2017\/10\/logo-amp.png","width":190,"height":36,"caption":"Visit Montenegro"},"image":{"@id":"https:\/\/www.visit-montenegro.com\/de\/#\/schema\/logo\/image\/"},"sameAs":["https:\/\/www.facebook.com\/visitmontenegro","https:\/\/x.com\/visitmontenegro","https:\/\/www.instagram.com\/visit_montenegro\/","https:\/\/www.youtube.com\/user\/VisitMontenegro"]}]}},"translations":[],"_links":{"self":[{"href":"https:\/\/www.visit-montenegro.com\/de\/wp-json\/wp\/v2\/pages\/135116","targetHints":{"allow":["GET"]}}],"collection":[{"href":"https:\/\/www.visit-montenegro.com\/de\/wp-json\/wp\/v2\/pages"}],"about":[{"href":"https:\/\/www.visit-montenegro.com\/de\/wp-json\/wp\/v2\/types\/page"}],"author":[{"embeddable":true,"href":"https:\/\/www.visit-montenegro.com\/de\/wp-json\/wp\/v2\/users\/1"}],"replies":[{"embeddable":true,"href":"https:\/\/www.visit-montenegro.com\/de\/wp-json\/wp\/v2\/comments?post=135116"}],"version-history":[{"count":0,"href":"https:\/\/www.visit-montenegro.com\/de\/wp-json\/wp\/v2\/pages\/135116\/revisions"}],"up":[{"embeddable":true,"href":"https:\/\/www.visit-montenegro.com\/de\/wp-json\/wp\/v2\/pages\/134169"}],"wp:featuredmedia":[{"embeddable":true,"href":"https:\/\/www.visit-montenegro.com\/de\/wp-json\/wp\/v2\/media\/135117"}],"wp:attachment":[{"href":"https:\/\/www.visit-montenegro.com\/de\/wp-json\/wp\/v2\/media?parent=135116"}],"wp:term":[{"taxonomy":"post_tag","embeddable":true,"href":"https:\/\/www.visit-montenegro.com\/de\/wp-json\/wp\/v2\/tags?post=135116"}],"curies":[{"name":"wp","href":"https:\/\/api.w.org\/{rel}","templated":true}]}}