{"id":135124,"date":"2026-01-27T21:44:31","date_gmt":"2026-01-27T20:44:31","guid":{"rendered":"https:\/\/new.visit-montenegro.com\/ziele\/budva__trashed\/info\/einkaufen\/"},"modified":"2026-02-22T17:12:23","modified_gmt":"2026-02-22T16:12:23","slug":"einkaufen","status":"publish","type":"page","link":"https:\/\/www.visit-montenegro.com\/de\/reiseziele\/budva\/info\/einkaufen\/","title":{"rendered":"Einkaufen in Budva"},"content":{"rendered":"\n<p><a href=\"https:\/\/www.visit-montenegro.com\/de\/reiseziele\/budva\/\">Budva<\/a> bietet zahlreiche hochwertige Einkaufsm\u00f6glichkeiten, wobei das gro\u00dfe TQ Plaza Einkaufszentrum eine der beliebtesten Optionen ist. <strong>Einkaufen in Budva<\/strong> bedient vielf\u00e4ltige Geschm\u00e4cker, von Luxusmarken bis zu lokalen Souvenirs.<\/p>\n\n<hr class=\"wp-block-separator has-alpha-channel-opacity\"\/>\n\n<h2 class=\"wp-block-heading\">TQ Plaza: Ein erstklassiges Einkaufsziel<\/h2>\n\n<p>Es gibt viele Orte in Budva, an denen Sie hochwertig einkaufen k\u00f6nnen, aber eine der beliebtesten Optionen ist das gro\u00dfe Einkaufszentrum namens <strong>TQ Plaza<\/strong>. Folglich bietet dieses Zentrum ein umfassendes Einkaufserlebnis f\u00fcr Besucher.<\/p>\n\n<p>Das TQ Plaza Einkaufszentrum bietet Ihnen die M\u00f6glichkeit, Ihren Tag mit Spazierg\u00e4ngen und Eink\u00e4ufen in einigen der zahlreichen Einzelhandelseinrichtungen zu verbringen, wo Sie Produkte der weltweit bekanntesten Marken, Sportartikelauswahl, Kosmetikprodukte, Accessoires, Schmuck, Kinderauswahl und Spielzeug finden k\u00f6nnen. Erfahren Sie mehr unter <a href=\"https:\/\/www.tqplaza.net\" target=\"_blank\" rel=\"noreferrer noopener nofollow\">tqplaza.net<\/a>.<\/p>\n\n<figure class=\"wp-block-image size-large\"><img loading=\"lazy\" decoding=\"async\" width=\"1024\" height=\"683\" src=\"https:\/\/www.visit-montenegro.com\/wp-content\/uploads\/2026\/02\/tq-1024x683.jpg\" alt=\"\" class=\"wp-image-133703\" srcset=\"https:\/\/www.visit-montenegro.com\/wp-content\/uploads\/2026\/02\/tq-1024x683.jpg 1024w, https:\/\/www.visit-montenegro.com\/wp-content\/uploads\/2026\/02\/tq-300x200.jpg 300w, https:\/\/www.visit-montenegro.com\/wp-content\/uploads\/2026\/02\/tq-768x512.jpg 768w, https:\/\/www.visit-montenegro.com\/wp-content\/uploads\/2026\/02\/tq.jpg 1080w\" sizes=\"auto, (max-width: 1024px) 100vw, 1024px\" \/><figcaption class=\"wp-element-caption\">TQ Plaza, Einkaufszentrum in Budva<\/figcaption><\/figure>\n\n<h2 class=\"wp-block-heading\">Budvas Altstadt und andere Einkaufsbereiche<\/h2>\n\n<p>Ein gro\u00dfer Teil der Gesch\u00e4fte und Boutiquen, die eine breite Auswahl an Kleidung der meisten weltweiten Modedesigner und -sch\u00f6pfer in allen Mustern, Farben und Stilen anbieten, befindet sich in Budvas Altstadt. Sch\u00f6n arrangierte Boutiquen und Schaufenster \u00e4hneln zahlreichen Gesch\u00e4ften in Weltmetropolen. Neben diesen Gesch\u00e4ften gibt es Parf\u00fcmerien, die Produkte renommierter Kosmetikmarken anbieten, Juweliergesch\u00e4fte, Fotogesch\u00e4fte, Buchhandlungen, Bibliotheken, Kinderboutiquen, Caf\u00e9s, Pizzerien usw.<\/p>\n\n<p>Wenn Sie m\u00fcde werden, durch Boutiquen in der Altstadt von Budva oder entlang der Hauptpromenade am Ufer zu bummeln, k\u00f6nnen Sie auch auf dem Sommerbasar einkaufen. Der Sommerbasar befindet sich neben Budvas Promenade und bietet verschiedene Waren, Kleidung, Galanterie, Strandausr\u00fcstung, verschiedene Souvenirs usw. an. Nicht weit von der Altstadt entfernt gibt es auch mehrere Verkaufsstellen und einen Stadtmarkt.<\/p>\n","protected":false},"excerpt":{"rendered":"<p>Entdecken Sie die besten Orte zum Einkaufen in Budva, vom modernen TQ Plaza Einkaufszentrum bis zu charmanten Altstadt-Boutiquen und lebhaften Sommerbasaren. Dieser Leitfaden hilft Ihnen, alles von Luxusmarken bis zu einzigartigen Souvenirs zu finden.<\/p>\n","protected":false},"author":1,"featured_media":134057,"parent":134169,"menu_order":0,"comment_status":"closed","ping_status":"closed","template":"","meta":{"_yoast_wpseo_focuskw":"Einkaufen in Budva","_yoast_wpseo_metadesc":"Entdecken Sie die besten Einkaufsm\u00f6glichkeiten in Budva, darunter das TQ Plaza Einkaufszentrum, Boutiquen in der Altstadt und Sommerbasare. Finden Sie Luxusmarken, Souvenirs und mehr in dieser lebendigen K\u00fcstenstadt.","_kad_post_transparent":"","_kad_post_title":"","_kad_post_layout":"","_kad_post_sidebar_id":"","_kad_post_content_style":"","_kad_post_vertical_padding":"","_kad_post_feature":"","_kad_post_feature_position":"","_kad_post_header":false,"_kad_post_footer":false,"_kad_post_classname":"","iawp_total_views":8,"footnotes":""},"tags":[140,52,139,62,141,76],"class_list":["post-135124","page","type-page","status-publish","has-post-thumbnail","hentry","tag-crna-gora","tag-montenegro","tag-news","tag-tourism","tag-travel","tag-visit"],"yoast_head":"<!-- This site is optimized with the Yoast SEO plugin v27.3 - https:\/\/yoast.com\/product\/yoast-seo-wordpress\/ -->\n<title>Einkaufen in Budva - Visit Montenegro<\/title>\n<meta name=\"description\" content=\"Entdecken Sie die besten Einkaufsm\u00f6glichkeiten in Budva, darunter das TQ Plaza Einkaufszentrum, Boutiquen in der Altstadt und Sommerbasare. Finden Sie Luxusmarken, Souvenirs und mehr in dieser lebendigen K\u00fcstenstadt.\" \/>\n<meta name=\"robots\" content=\"index, follow, max-snippet:-1, max-image-preview:large, max-video-preview:-1\" \/>\n<link rel=\"canonical\" href=\"https:\/\/www.visit-montenegro.com\/de\/reiseziele\/budva\/info\/einkaufen\/\" \/>\n<meta property=\"og:locale\" content=\"de_DE\" \/>\n<meta property=\"og:type\" content=\"article\" \/>\n<meta property=\"og:title\" content=\"Einkaufen in Budva - Visit Montenegro\" \/>\n<meta property=\"og:description\" content=\"Entdecken Sie die besten Einkaufsm\u00f6glichkeiten in Budva, darunter das TQ Plaza Einkaufszentrum, Boutiquen in der Altstadt und Sommerbasare. Finden Sie Luxusmarken, Souvenirs und mehr in dieser lebendigen K\u00fcstenstadt.\" \/>\n<meta property=\"og:url\" content=\"https:\/\/www.visit-montenegro.com\/de\/reiseziele\/budva\/info\/einkaufen\/\" \/>\n<meta property=\"og:site_name\" content=\"Visit Montenegro\" \/>\n<meta property=\"article:publisher\" content=\"https:\/\/www.facebook.com\/visitmontenegro\" \/>\n<meta property=\"article:modified_time\" content=\"2026-02-22T16:12:23+00:00\" \/>\n<meta property=\"og:image\" content=\"https:\/\/www.visit-montenegro.com\/wp-content\/uploads\/2026\/02\/Depositphotos_153048182_XL-scaled.jpg\" \/>\n\t<meta property=\"og:image:width\" content=\"1600\" \/>\n\t<meta property=\"og:image:height\" content=\"1067\" \/>\n\t<meta property=\"og:image:type\" content=\"image\/jpeg\" \/>\n<meta name=\"twitter:card\" content=\"summary_large_image\" \/>\n<meta name=\"twitter:site\" content=\"@visitmontenegro\" \/>\n<meta name=\"twitter:label1\" content=\"Gesch\u00e4tzte Lesezeit\" \/>\n\t<meta name=\"twitter:data1\" content=\"1\u00a0Minute\" \/>\n<script type=\"application\/ld+json\" class=\"yoast-schema-graph\">{\"@context\":\"https:\\\/\\\/schema.org\",\"@graph\":[{\"@type\":\"WebPage\",\"@id\":\"https:\\\/\\\/www.visit-montenegro.com\\\/de\\\/reiseziele\\\/budva\\\/info\\\/einkaufen\\\/\",\"url\":\"https:\\\/\\\/www.visit-montenegro.com\\\/de\\\/reiseziele\\\/budva\\\/info\\\/einkaufen\\\/\",\"name\":\"Einkaufen in Budva - Visit Montenegro\",\"isPartOf\":{\"@id\":\"https:\\\/\\\/www.visit-montenegro.com\\\/de\\\/#website\"},\"primaryImageOfPage\":{\"@id\":\"https:\\\/\\\/www.visit-montenegro.com\\\/de\\\/reiseziele\\\/budva\\\/info\\\/einkaufen\\\/#primaryimage\"},\"image\":{\"@id\":\"https:\\\/\\\/www.visit-montenegro.com\\\/de\\\/reiseziele\\\/budva\\\/info\\\/einkaufen\\\/#primaryimage\"},\"thumbnailUrl\":\"https:\\\/\\\/www.visit-montenegro.com\\\/wp-content\\\/uploads\\\/2026\\\/02\\\/Depositphotos_153048182_XL-scaled.jpg\",\"datePublished\":\"2026-01-27T20:44:31+00:00\",\"dateModified\":\"2026-02-22T16:12:23+00:00\",\"description\":\"Entdecken Sie die besten Einkaufsm\u00f6glichkeiten in Budva, darunter das TQ Plaza Einkaufszentrum, Boutiquen in der Altstadt und Sommerbasare. Finden Sie Luxusmarken, Souvenirs und mehr in dieser lebendigen K\u00fcstenstadt.\",\"breadcrumb\":{\"@id\":\"https:\\\/\\\/www.visit-montenegro.com\\\/de\\\/reiseziele\\\/budva\\\/info\\\/einkaufen\\\/#breadcrumb\"},\"inLanguage\":\"de\",\"potentialAction\":[{\"@type\":\"ReadAction\",\"target\":[\"https:\\\/\\\/www.visit-montenegro.com\\\/de\\\/reiseziele\\\/budva\\\/info\\\/einkaufen\\\/\"]}]},{\"@type\":\"ImageObject\",\"inLanguage\":\"de\",\"@id\":\"https:\\\/\\\/www.visit-montenegro.com\\\/de\\\/reiseziele\\\/budva\\\/info\\\/einkaufen\\\/#primaryimage\",\"url\":\"https:\\\/\\\/www.visit-montenegro.com\\\/wp-content\\\/uploads\\\/2026\\\/02\\\/Depositphotos_153048182_XL-scaled.jpg\",\"contentUrl\":\"https:\\\/\\\/www.visit-montenegro.com\\\/wp-content\\\/uploads\\\/2026\\\/02\\\/Depositphotos_153048182_XL-scaled.jpg\",\"width\":1600,\"height\":1067},{\"@type\":\"BreadcrumbList\",\"@id\":\"https:\\\/\\\/www.visit-montenegro.com\\\/de\\\/reiseziele\\\/budva\\\/info\\\/einkaufen\\\/#breadcrumb\",\"itemListElement\":[{\"@type\":\"ListItem\",\"position\":1,\"name\":\"Home\",\"item\":\"https:\\\/\\\/www.visit-montenegro.com\\\/de\\\/home\\\/\"},{\"@type\":\"ListItem\",\"position\":2,\"name\":\"Reiseziele in Montenegro\",\"item\":\"https:\\\/\\\/www.visit-montenegro.com\\\/de\\\/reiseziele\\\/\"},{\"@type\":\"ListItem\",\"position\":3,\"name\":\"Budva\",\"item\":\"https:\\\/\\\/www.visit-montenegro.com\\\/de\\\/reiseziele\\\/budva\\\/\"},{\"@type\":\"ListItem\",\"position\":4,\"name\":\"Mehr \u00fcber Budva\",\"item\":\"https:\\\/\\\/www.visit-montenegro.com\\\/de\\\/reiseziele\\\/budva\\\/info\\\/\"},{\"@type\":\"ListItem\",\"position\":5,\"name\":\"Einkaufen in Budva\"}]},{\"@type\":\"WebSite\",\"@id\":\"https:\\\/\\\/www.visit-montenegro.com\\\/de\\\/#website\",\"url\":\"https:\\\/\\\/www.visit-montenegro.com\\\/de\\\/\",\"name\":\"Visit Montenegro\",\"description\":\"Breathtaking beauty\",\"publisher\":{\"@id\":\"https:\\\/\\\/www.visit-montenegro.com\\\/de\\\/#organization\"},\"potentialAction\":[{\"@type\":\"SearchAction\",\"target\":{\"@type\":\"EntryPoint\",\"urlTemplate\":\"https:\\\/\\\/www.visit-montenegro.com\\\/de\\\/?s={search_term_string}\"},\"query-input\":{\"@type\":\"PropertyValueSpecification\",\"valueRequired\":true,\"valueName\":\"search_term_string\"}}],\"inLanguage\":\"de\"},{\"@type\":\"Organization\",\"@id\":\"https:\\\/\\\/www.visit-montenegro.com\\\/de\\\/#organization\",\"name\":\"Visit Montenegro\",\"url\":\"https:\\\/\\\/www.visit-montenegro.com\\\/de\\\/\",\"logo\":{\"@type\":\"ImageObject\",\"inLanguage\":\"de\",\"@id\":\"https:\\\/\\\/www.visit-montenegro.com\\\/de\\\/#\\\/schema\\\/logo\\\/image\\\/\",\"url\":\"https:\\\/\\\/www.visit-montenegro.com\\\/wp-content\\\/uploads\\\/2017\\\/10\\\/logo-amp.png\",\"contentUrl\":\"https:\\\/\\\/www.visit-montenegro.com\\\/wp-content\\\/uploads\\\/2017\\\/10\\\/logo-amp.png\",\"width\":190,\"height\":36,\"caption\":\"Visit Montenegro\"},\"image\":{\"@id\":\"https:\\\/\\\/www.visit-montenegro.com\\\/de\\\/#\\\/schema\\\/logo\\\/image\\\/\"},\"sameAs\":[\"https:\\\/\\\/www.facebook.com\\\/visitmontenegro\",\"https:\\\/\\\/x.com\\\/visitmontenegro\",\"https:\\\/\\\/www.instagram.com\\\/visit_montenegro\\\/\",\"https:\\\/\\\/www.youtube.com\\\/user\\\/VisitMontenegro\"]}]}<\/script>\n<!-- \/ Yoast SEO plugin. -->","yoast_head_json":{"title":"Einkaufen in Budva - Visit Montenegro","description":"Entdecken Sie die besten Einkaufsm\u00f6glichkeiten in Budva, darunter das TQ Plaza Einkaufszentrum, Boutiquen in der Altstadt und Sommerbasare. Finden Sie Luxusmarken, Souvenirs und mehr in dieser lebendigen K\u00fcstenstadt.","robots":{"index":"index","follow":"follow","max-snippet":"max-snippet:-1","max-image-preview":"max-image-preview:large","max-video-preview":"max-video-preview:-1"},"canonical":"https:\/\/www.visit-montenegro.com\/de\/reiseziele\/budva\/info\/einkaufen\/","og_locale":"de_DE","og_type":"article","og_title":"Einkaufen in Budva - Visit Montenegro","og_description":"Entdecken Sie die besten Einkaufsm\u00f6glichkeiten in Budva, darunter das TQ Plaza Einkaufszentrum, Boutiquen in der Altstadt und Sommerbasare. Finden Sie Luxusmarken, Souvenirs und mehr in dieser lebendigen K\u00fcstenstadt.","og_url":"https:\/\/www.visit-montenegro.com\/de\/reiseziele\/budva\/info\/einkaufen\/","og_site_name":"Visit Montenegro","article_publisher":"https:\/\/www.facebook.com\/visitmontenegro","article_modified_time":"2026-02-22T16:12:23+00:00","og_image":[{"width":1600,"height":1067,"url":"https:\/\/www.visit-montenegro.com\/wp-content\/uploads\/2026\/02\/Depositphotos_153048182_XL-scaled.jpg","type":"image\/jpeg"}],"twitter_card":"summary_large_image","twitter_site":"@visitmontenegro","twitter_misc":{"Gesch\u00e4tzte Lesezeit":"1\u00a0Minute"},"schema":{"@context":"https:\/\/schema.org","@graph":[{"@type":"WebPage","@id":"https:\/\/www.visit-montenegro.com\/de\/reiseziele\/budva\/info\/einkaufen\/","url":"https:\/\/www.visit-montenegro.com\/de\/reiseziele\/budva\/info\/einkaufen\/","name":"Einkaufen in Budva - Visit Montenegro","isPartOf":{"@id":"https:\/\/www.visit-montenegro.com\/de\/#website"},"primaryImageOfPage":{"@id":"https:\/\/www.visit-montenegro.com\/de\/reiseziele\/budva\/info\/einkaufen\/#primaryimage"},"image":{"@id":"https:\/\/www.visit-montenegro.com\/de\/reiseziele\/budva\/info\/einkaufen\/#primaryimage"},"thumbnailUrl":"https:\/\/www.visit-montenegro.com\/wp-content\/uploads\/2026\/02\/Depositphotos_153048182_XL-scaled.jpg","datePublished":"2026-01-27T20:44:31+00:00","dateModified":"2026-02-22T16:12:23+00:00","description":"Entdecken Sie die besten Einkaufsm\u00f6glichkeiten in Budva, darunter das TQ Plaza Einkaufszentrum, Boutiquen in der Altstadt und Sommerbasare. Finden Sie Luxusmarken, Souvenirs und mehr in dieser lebendigen K\u00fcstenstadt.","breadcrumb":{"@id":"https:\/\/www.visit-montenegro.com\/de\/reiseziele\/budva\/info\/einkaufen\/#breadcrumb"},"inLanguage":"de","potentialAction":[{"@type":"ReadAction","target":["https:\/\/www.visit-montenegro.com\/de\/reiseziele\/budva\/info\/einkaufen\/"]}]},{"@type":"ImageObject","inLanguage":"de","@id":"https:\/\/www.visit-montenegro.com\/de\/reiseziele\/budva\/info\/einkaufen\/#primaryimage","url":"https:\/\/www.visit-montenegro.com\/wp-content\/uploads\/2026\/02\/Depositphotos_153048182_XL-scaled.jpg","contentUrl":"https:\/\/www.visit-montenegro.com\/wp-content\/uploads\/2026\/02\/Depositphotos_153048182_XL-scaled.jpg","width":1600,"height":1067},{"@type":"BreadcrumbList","@id":"https:\/\/www.visit-montenegro.com\/de\/reiseziele\/budva\/info\/einkaufen\/#breadcrumb","itemListElement":[{"@type":"ListItem","position":1,"name":"Home","item":"https:\/\/www.visit-montenegro.com\/de\/home\/"},{"@type":"ListItem","position":2,"name":"Reiseziele in Montenegro","item":"https:\/\/www.visit-montenegro.com\/de\/reiseziele\/"},{"@type":"ListItem","position":3,"name":"Budva","item":"https:\/\/www.visit-montenegro.com\/de\/reiseziele\/budva\/"},{"@type":"ListItem","position":4,"name":"Mehr \u00fcber Budva","item":"https:\/\/www.visit-montenegro.com\/de\/reiseziele\/budva\/info\/"},{"@type":"ListItem","position":5,"name":"Einkaufen in Budva"}]},{"@type":"WebSite","@id":"https:\/\/www.visit-montenegro.com\/de\/#website","url":"https:\/\/www.visit-montenegro.com\/de\/","name":"Visit Montenegro","description":"Breathtaking beauty","publisher":{"@id":"https:\/\/www.visit-montenegro.com\/de\/#organization"},"potentialAction":[{"@type":"SearchAction","target":{"@type":"EntryPoint","urlTemplate":"https:\/\/www.visit-montenegro.com\/de\/?s={search_term_string}"},"query-input":{"@type":"PropertyValueSpecification","valueRequired":true,"valueName":"search_term_string"}}],"inLanguage":"de"},{"@type":"Organization","@id":"https:\/\/www.visit-montenegro.com\/de\/#organization","name":"Visit Montenegro","url":"https:\/\/www.visit-montenegro.com\/de\/","logo":{"@type":"ImageObject","inLanguage":"de","@id":"https:\/\/www.visit-montenegro.com\/de\/#\/schema\/logo\/image\/","url":"https:\/\/www.visit-montenegro.com\/wp-content\/uploads\/2017\/10\/logo-amp.png","contentUrl":"https:\/\/www.visit-montenegro.com\/wp-content\/uploads\/2017\/10\/logo-amp.png","width":190,"height":36,"caption":"Visit Montenegro"},"image":{"@id":"https:\/\/www.visit-montenegro.com\/de\/#\/schema\/logo\/image\/"},"sameAs":["https:\/\/www.facebook.com\/visitmontenegro","https:\/\/x.com\/visitmontenegro","https:\/\/www.instagram.com\/visit_montenegro\/","https:\/\/www.youtube.com\/user\/VisitMontenegro"]}]}},"translations":[],"_links":{"self":[{"href":"https:\/\/www.visit-montenegro.com\/de\/wp-json\/wp\/v2\/pages\/135124","targetHints":{"allow":["GET"]}}],"collection":[{"href":"https:\/\/www.visit-montenegro.com\/de\/wp-json\/wp\/v2\/pages"}],"about":[{"href":"https:\/\/www.visit-montenegro.com\/de\/wp-json\/wp\/v2\/types\/page"}],"author":[{"embeddable":true,"href":"https:\/\/www.visit-montenegro.com\/de\/wp-json\/wp\/v2\/users\/1"}],"replies":[{"embeddable":true,"href":"https:\/\/www.visit-montenegro.com\/de\/wp-json\/wp\/v2\/comments?post=135124"}],"version-history":[{"count":0,"href":"https:\/\/www.visit-montenegro.com\/de\/wp-json\/wp\/v2\/pages\/135124\/revisions"}],"up":[{"embeddable":true,"href":"https:\/\/www.visit-montenegro.com\/de\/wp-json\/wp\/v2\/pages\/134169"}],"wp:featuredmedia":[{"embeddable":true,"href":"https:\/\/www.visit-montenegro.com\/de\/wp-json\/wp\/v2\/media\/134057"}],"wp:attachment":[{"href":"https:\/\/www.visit-montenegro.com\/de\/wp-json\/wp\/v2\/media?parent=135124"}],"wp:term":[{"taxonomy":"post_tag","embeddable":true,"href":"https:\/\/www.visit-montenegro.com\/de\/wp-json\/wp\/v2\/tags?post=135124"}],"curies":[{"name":"wp","href":"https:\/\/api.w.org\/{rel}","templated":true}]}}