{"id":135128,"date":"2026-01-27T21:44:31","date_gmt":"2026-01-27T20:44:31","guid":{"rendered":"https:\/\/new.visit-montenegro.com\/ziele\/budva__trashed\/info\/food-and-drink\/"},"modified":"2026-02-22T17:12:23","modified_gmt":"2026-02-22T16:12:23","slug":"food-and-drink","status":"publish","type":"page","link":"https:\/\/www.visit-montenegro.com\/de\/reiseziele\/budva\/info\/food-and-drink\/","title":{"rendered":"Budva Essen &#038; Trinken"},"content":{"rendered":"\n<p>In fast allen touristischen Restauranteinrichtungen entlang der <a href=\"https:\/\/www.visit-montenegro.com\/de\/reiseziele\/budva\/\">Budva<\/a> Riviera k\u00f6nnen Sie zu jeder Tages- und Nachtzeit zahlreiche Spezialit\u00e4ten der einheimischen K\u00fcche genie\u00dfen.<\/p>\n\n<h2 class=\"wp-block-heading\">Traditionelle montenegrinische Begr\u00fc\u00dfung und Vorspeisen<\/h2>\n\n<p>Wenn Sie ein Gast sind, der zum ersten Mal Montenegro oder Budva besucht, werden die Hausherren Sie mit <strong>Fritters<\/strong> (s\u00fc\u00dfe kleine runde S\u00fc\u00dfigkeiten) und hausgemachtem <strong>Honig<\/strong> mit dem einheimischen Brandy, hergestellt aus erstklassigen Trauben, willkommen hei\u00dfen. Oft finden Sie auf dem Tisch <strong>getrocknete Feigen<\/strong>, die im vorherigen Sommer gepfl\u00fcckt, in der Sonne und im Wind getrocknet wurden, von sehr s\u00fc\u00dfem Geschmack und verlockendem Duft.<\/p>\n\n<figure class=\"wp-block-image size-large\"><img loading=\"lazy\" decoding=\"async\" width=\"1024\" height=\"696\" src=\"https:\/\/www.visit-montenegro.com\/wp-content\/uploads\/2026\/02\/dried-figs-1024x696.jpg\" alt=\"\" class=\"wp-image-133706\" srcset=\"https:\/\/www.visit-montenegro.com\/wp-content\/uploads\/2026\/02\/dried-figs-1024x696.jpg 1024w, https:\/\/www.visit-montenegro.com\/wp-content\/uploads\/2026\/02\/dried-figs-300x204.jpg 300w, https:\/\/www.visit-montenegro.com\/wp-content\/uploads\/2026\/02\/dried-figs-768x522.jpg 768w, https:\/\/www.visit-montenegro.com\/wp-content\/uploads\/2026\/02\/dried-figs-1536x1044.jpg 1536w, https:\/\/www.visit-montenegro.com\/wp-content\/uploads\/2026\/02\/dried-figs.jpg 1600w\" sizes=\"auto, (max-width: 1024px) 100vw, 1024px\" \/><figcaption class=\"wp-element-caption\">Getrocknete Feigen<\/figcaption><\/figure>\n\n<p>Wenn Ihr Besuch in Budva l\u00e4nger als nur ein Vorbeigehen ist, sind wir sicher, dass Sie nicht in das Land, aus dem Sie kommen, zur\u00fcckkehren werden, ohne den einheimischen <strong>ger\u00e4ucherten Schinken<\/strong> (getrocknetes Schweinefleisch) oder einheimischen <strong>Ziegen- oder Kuhk\u00e4se<\/strong> zu probieren, sowie speziellen K\u00e4se, der in Oliven\u00f6l aufbewahrt wird. Die genannten Vorr\u00e4te sind sowohl leckeres Essen als auch ein Vergn\u00fcgen f\u00fcr Ihre Augen, besonders wenn all diese D\u00fcfte und Geschm\u00e4cker an einem Ort zu finden sind, sch\u00f6n serviert mit einem Blatt gr\u00fcnem Salat, Petersilie, gr\u00fcnen und schwarzen Oliven, umgeben von Flaschen und Gl\u00e4sern des originalen Rotweins wie: \u201eKrtsac\u201c, \u201eProcorden\u201c oder Wei\u00dfwein \u201eKrstac\u201c.<\/p>\n\n<figure class=\"wp-block-image size-large\"><img loading=\"lazy\" decoding=\"async\" width=\"1024\" height=\"681\" src=\"https:\/\/www.visit-montenegro.com\/wp-content\/uploads\/2026\/02\/montenegrian-organic-food-1024x681.jpg\" alt=\"\" class=\"wp-image-133400\" srcset=\"https:\/\/www.visit-montenegro.com\/wp-content\/uploads\/2026\/02\/montenegrian-organic-food-1024x681.jpg 1024w, https:\/\/www.visit-montenegro.com\/wp-content\/uploads\/2026\/02\/montenegrian-organic-food-300x200.jpg 300w, https:\/\/www.visit-montenegro.com\/wp-content\/uploads\/2026\/02\/montenegrian-organic-food-768x511.jpg 768w, https:\/\/www.visit-montenegro.com\/wp-content\/uploads\/2026\/02\/montenegrian-organic-food-1536x1022.jpg 1536w, https:\/\/www.visit-montenegro.com\/wp-content\/uploads\/2026\/02\/montenegrian-organic-food-2048x1363.jpg 2048w, https:\/\/www.visit-montenegro.com\/wp-content\/uploads\/2026\/02\/montenegrian-organic-food-scaled.jpg 1600w\" sizes=\"auto, (max-width: 1024px) 100vw, 1024px\" \/><figcaption class=\"wp-element-caption\">Traditionelle montenegrinische Vorspeise<\/figcaption><\/figure>\n\n<h2 class=\"wp-block-heading\">K\u00fcstenk\u00fcche und Meeresfr\u00fcchte-Gen\u00fcsse<\/h2>\n\n<p>Schon nach einigen Tagen Ihres Aufenthalts d\u00fcrfen Sie nicht vergessen, dass Sie am Mittelmeer sind und dass die K\u00fcche in Budva traditionell und haupts\u00e4chlich k\u00fcstennah ist. Da das Meeresaquatorium reich an Fisch ist, m\u00fcssen Sie unweigerlich zumindest einige der Meeresfr\u00fcchte probieren, wie z.B. <strong>Oktopussalat<\/strong>, <strong>schwarzen Reis<\/strong>, <strong>Muscheln in einer Sauce<\/strong>, <strong>Zahnbrassen<\/strong> oder einen anderen <strong>Fisch vom Grill<\/strong>. Duftende Rosmarinzweige, gehackte Petersilie, Knoblauch, Limette und gro\u00dfe Mengen Oliven\u00f6l sind die Grundzutaten, damit der frisch gefangene Fisch schmackhaft zubereitet wird.<\/p>\n\n<p>Die Auswahl der Restaurants, Hotels oder anderen Einrichtungen, in denen Sie die Meeresfr\u00fcchte probieren werden, \u00fcberlassen wir Ihnen.<\/p>\n\n<figure class=\"wp-block-image size-large\"><img loading=\"lazy\" decoding=\"async\" width=\"1024\" height=\"683\" src=\"https:\/\/www.visit-montenegro.com\/wp-content\/uploads\/2026\/01\/wine-and-couple-1024x683.jpg\" alt=\"\" class=\"wp-image-36339\" srcset=\"https:\/\/www.visit-montenegro.com\/wp-content\/uploads\/2026\/01\/wine-and-couple-1024x683.jpg 1024w, https:\/\/www.visit-montenegro.com\/wp-content\/uploads\/2026\/01\/wine-and-couple-300x200.jpg 300w, https:\/\/www.visit-montenegro.com\/wp-content\/uploads\/2026\/01\/wine-and-couple-768x512.jpg 768w, https:\/\/www.visit-montenegro.com\/wp-content\/uploads\/2026\/01\/wine-and-couple-1536x1024.jpg 1536w, https:\/\/www.visit-montenegro.com\/wp-content\/uploads\/2026\/01\/wine-and-couple-1200x800.jpg 1200w, https:\/\/www.visit-montenegro.com\/wp-content\/uploads\/2026\/01\/wine-and-couple-scaled.jpg 1600w\" sizes=\"auto, (max-width: 1024px) 100vw, 1024px\" \/><figcaption class=\"wp-element-caption\">Paar trinkt Wein bei Sonnenuntergang am Strand. Montenegro<\/figcaption><\/figure>\n\n<p>Dennoch liegt es an uns, Sie kurz daran zu erinnern, dass der Fisch dreimal schwimmt: zuerst im Meer, dann im \u00d6l und erst dann im Wein. Mit verschiedenen Fischarten passen verschiedene Weine, aber das \u00fcberlassen wir den geschickten Gastronomen an der Budva Riviera. Welches Getr\u00e4nk Sie auch w\u00e4hlen, traditionell m\u00fcssen Sie auf sich und die anderen ansto\u00dfen, auf gute Gesundheit, Gl\u00fcck, Fortschritt in der Arbeit und vielleicht sogar auf ein neues Treffen mit der Budva Riviera, wer wei\u00df\u2026<\/p>\n","protected":false},"excerpt":{"rendered":"<p>Entdecken Sie die authentischen Aromen Budvas, von traditionellen montenegrinischen Vorspeisen wie Fritters und ger\u00e4uchertem Schinken bis hin zu frischen Meeresfr\u00fcchten. Erfahren Sie mehr \u00fcber die K\u00fcstenk\u00fcche und lokale Weine, die das Essen hier zu einem unvergesslichen Erlebnis machen.<\/p>\n","protected":false},"author":1,"featured_media":135129,"parent":134169,"menu_order":0,"comment_status":"closed","ping_status":"closed","template":"","meta":{"_yoast_wpseo_focuskw":"Budva Essen & Trinken","_yoast_wpseo_metadesc":"Entdecken Sie Budvas kulinarische Szene: traditionelle montenegrinische Vorspeisen, frische Meeresfr\u00fcchte und lokale Weine. Probieren Sie authentische Aromen entlang der Budva Riviera.","_kad_post_transparent":"","_kad_post_title":"","_kad_post_layout":"","_kad_post_sidebar_id":"","_kad_post_content_style":"","_kad_post_vertical_padding":"","_kad_post_feature":"","_kad_post_feature_position":"","_kad_post_header":false,"_kad_post_footer":false,"_kad_post_classname":"","iawp_total_views":9,"footnotes":""},"tags":[140,52,139,62,141,76],"class_list":["post-135128","page","type-page","status-publish","has-post-thumbnail","hentry","tag-crna-gora","tag-montenegro","tag-news","tag-tourism","tag-travel","tag-visit"],"yoast_head":"<!-- This site is optimized with the Yoast SEO plugin v27.3 - https:\/\/yoast.com\/product\/yoast-seo-wordpress\/ -->\n<title>Budva Essen &amp; Trinken - Visit Montenegro<\/title>\n<meta name=\"description\" content=\"Entdecken Sie Budvas kulinarische Szene: traditionelle montenegrinische Vorspeisen, frische Meeresfr\u00fcchte und lokale Weine. Probieren Sie authentische Aromen entlang der Budva Riviera.\" \/>\n<meta name=\"robots\" content=\"index, follow, max-snippet:-1, max-image-preview:large, max-video-preview:-1\" \/>\n<link rel=\"canonical\" href=\"https:\/\/www.visit-montenegro.com\/de\/reiseziele\/budva\/info\/food-and-drink\/\" \/>\n<meta property=\"og:locale\" content=\"de_DE\" \/>\n<meta property=\"og:type\" content=\"article\" \/>\n<meta property=\"og:title\" content=\"Budva Essen &amp; Trinken - Visit Montenegro\" \/>\n<meta property=\"og:description\" content=\"Entdecken Sie Budvas kulinarische Szene: traditionelle montenegrinische Vorspeisen, frische Meeresfr\u00fcchte und lokale Weine. Probieren Sie authentische Aromen entlang der Budva Riviera.\" \/>\n<meta property=\"og:url\" content=\"https:\/\/www.visit-montenegro.com\/de\/reiseziele\/budva\/info\/food-and-drink\/\" \/>\n<meta property=\"og:site_name\" content=\"Visit Montenegro\" \/>\n<meta property=\"article:publisher\" content=\"https:\/\/www.facebook.com\/visitmontenegro\" \/>\n<meta property=\"article:modified_time\" content=\"2026-02-22T16:12:23+00:00\" \/>\n<meta property=\"og:image\" content=\"https:\/\/www.visit-montenegro.com\/wp-content\/uploads\/2015\/02\/PHOTOS-PAGES-food.jpg\" \/>\n\t<meta property=\"og:image:width\" content=\"1280\" \/>\n\t<meta property=\"og:image:height\" content=\"843\" \/>\n\t<meta property=\"og:image:type\" content=\"image\/jpeg\" \/>\n<meta name=\"twitter:card\" content=\"summary_large_image\" \/>\n<meta name=\"twitter:site\" content=\"@visitmontenegro\" \/>\n<meta name=\"twitter:label1\" content=\"Gesch\u00e4tzte Lesezeit\" \/>\n\t<meta name=\"twitter:data1\" content=\"2\u00a0Minuten\" \/>\n<script type=\"application\/ld+json\" class=\"yoast-schema-graph\">{\"@context\":\"https:\\\/\\\/schema.org\",\"@graph\":[{\"@type\":\"WebPage\",\"@id\":\"https:\\\/\\\/www.visit-montenegro.com\\\/de\\\/reiseziele\\\/budva\\\/info\\\/food-and-drink\\\/\",\"url\":\"https:\\\/\\\/www.visit-montenegro.com\\\/de\\\/reiseziele\\\/budva\\\/info\\\/food-and-drink\\\/\",\"name\":\"Budva Essen & Trinken - Visit Montenegro\",\"isPartOf\":{\"@id\":\"https:\\\/\\\/www.visit-montenegro.com\\\/de\\\/#website\"},\"primaryImageOfPage\":{\"@id\":\"https:\\\/\\\/www.visit-montenegro.com\\\/de\\\/reiseziele\\\/budva\\\/info\\\/food-and-drink\\\/#primaryimage\"},\"image\":{\"@id\":\"https:\\\/\\\/www.visit-montenegro.com\\\/de\\\/reiseziele\\\/budva\\\/info\\\/food-and-drink\\\/#primaryimage\"},\"thumbnailUrl\":\"https:\\\/\\\/www.visit-montenegro.com\\\/wp-content\\\/uploads\\\/2015\\\/02\\\/PHOTOS-PAGES-food.jpg\",\"datePublished\":\"2026-01-27T20:44:31+00:00\",\"dateModified\":\"2026-02-22T16:12:23+00:00\",\"description\":\"Entdecken Sie Budvas kulinarische Szene: traditionelle montenegrinische Vorspeisen, frische Meeresfr\u00fcchte und lokale Weine. Probieren Sie authentische Aromen entlang der Budva Riviera.\",\"breadcrumb\":{\"@id\":\"https:\\\/\\\/www.visit-montenegro.com\\\/de\\\/reiseziele\\\/budva\\\/info\\\/food-and-drink\\\/#breadcrumb\"},\"inLanguage\":\"de\",\"potentialAction\":[{\"@type\":\"ReadAction\",\"target\":[\"https:\\\/\\\/www.visit-montenegro.com\\\/de\\\/reiseziele\\\/budva\\\/info\\\/food-and-drink\\\/\"]}]},{\"@type\":\"ImageObject\",\"inLanguage\":\"de\",\"@id\":\"https:\\\/\\\/www.visit-montenegro.com\\\/de\\\/reiseziele\\\/budva\\\/info\\\/food-and-drink\\\/#primaryimage\",\"url\":\"https:\\\/\\\/www.visit-montenegro.com\\\/wp-content\\\/uploads\\\/2015\\\/02\\\/PHOTOS-PAGES-food.jpg\",\"contentUrl\":\"https:\\\/\\\/www.visit-montenegro.com\\\/wp-content\\\/uploads\\\/2015\\\/02\\\/PHOTOS-PAGES-food.jpg\",\"width\":1280,\"height\":843},{\"@type\":\"BreadcrumbList\",\"@id\":\"https:\\\/\\\/www.visit-montenegro.com\\\/de\\\/reiseziele\\\/budva\\\/info\\\/food-and-drink\\\/#breadcrumb\",\"itemListElement\":[{\"@type\":\"ListItem\",\"position\":1,\"name\":\"Home\",\"item\":\"https:\\\/\\\/www.visit-montenegro.com\\\/de\\\/home\\\/\"},{\"@type\":\"ListItem\",\"position\":2,\"name\":\"Reiseziele in Montenegro\",\"item\":\"https:\\\/\\\/www.visit-montenegro.com\\\/de\\\/reiseziele\\\/\"},{\"@type\":\"ListItem\",\"position\":3,\"name\":\"Budva\",\"item\":\"https:\\\/\\\/www.visit-montenegro.com\\\/de\\\/reiseziele\\\/budva\\\/\"},{\"@type\":\"ListItem\",\"position\":4,\"name\":\"Mehr \u00fcber Budva\",\"item\":\"https:\\\/\\\/www.visit-montenegro.com\\\/de\\\/reiseziele\\\/budva\\\/info\\\/\"},{\"@type\":\"ListItem\",\"position\":5,\"name\":\"Budva Essen &#038; Trinken\"}]},{\"@type\":\"WebSite\",\"@id\":\"https:\\\/\\\/www.visit-montenegro.com\\\/de\\\/#website\",\"url\":\"https:\\\/\\\/www.visit-montenegro.com\\\/de\\\/\",\"name\":\"Visit Montenegro\",\"description\":\"Breathtaking beauty\",\"publisher\":{\"@id\":\"https:\\\/\\\/www.visit-montenegro.com\\\/de\\\/#organization\"},\"potentialAction\":[{\"@type\":\"SearchAction\",\"target\":{\"@type\":\"EntryPoint\",\"urlTemplate\":\"https:\\\/\\\/www.visit-montenegro.com\\\/de\\\/?s={search_term_string}\"},\"query-input\":{\"@type\":\"PropertyValueSpecification\",\"valueRequired\":true,\"valueName\":\"search_term_string\"}}],\"inLanguage\":\"de\"},{\"@type\":\"Organization\",\"@id\":\"https:\\\/\\\/www.visit-montenegro.com\\\/de\\\/#organization\",\"name\":\"Visit Montenegro\",\"url\":\"https:\\\/\\\/www.visit-montenegro.com\\\/de\\\/\",\"logo\":{\"@type\":\"ImageObject\",\"inLanguage\":\"de\",\"@id\":\"https:\\\/\\\/www.visit-montenegro.com\\\/de\\\/#\\\/schema\\\/logo\\\/image\\\/\",\"url\":\"https:\\\/\\\/www.visit-montenegro.com\\\/wp-content\\\/uploads\\\/2017\\\/10\\\/logo-amp.png\",\"contentUrl\":\"https:\\\/\\\/www.visit-montenegro.com\\\/wp-content\\\/uploads\\\/2017\\\/10\\\/logo-amp.png\",\"width\":190,\"height\":36,\"caption\":\"Visit Montenegro\"},\"image\":{\"@id\":\"https:\\\/\\\/www.visit-montenegro.com\\\/de\\\/#\\\/schema\\\/logo\\\/image\\\/\"},\"sameAs\":[\"https:\\\/\\\/www.facebook.com\\\/visitmontenegro\",\"https:\\\/\\\/x.com\\\/visitmontenegro\",\"https:\\\/\\\/www.instagram.com\\\/visit_montenegro\\\/\",\"https:\\\/\\\/www.youtube.com\\\/user\\\/VisitMontenegro\"]}]}<\/script>\n<!-- \/ Yoast SEO plugin. -->","yoast_head_json":{"title":"Budva Essen & Trinken - Visit Montenegro","description":"Entdecken Sie Budvas kulinarische Szene: traditionelle montenegrinische Vorspeisen, frische Meeresfr\u00fcchte und lokale Weine. Probieren Sie authentische Aromen entlang der Budva Riviera.","robots":{"index":"index","follow":"follow","max-snippet":"max-snippet:-1","max-image-preview":"max-image-preview:large","max-video-preview":"max-video-preview:-1"},"canonical":"https:\/\/www.visit-montenegro.com\/de\/reiseziele\/budva\/info\/food-and-drink\/","og_locale":"de_DE","og_type":"article","og_title":"Budva Essen & Trinken - Visit Montenegro","og_description":"Entdecken Sie Budvas kulinarische Szene: traditionelle montenegrinische Vorspeisen, frische Meeresfr\u00fcchte und lokale Weine. Probieren Sie authentische Aromen entlang der Budva Riviera.","og_url":"https:\/\/www.visit-montenegro.com\/de\/reiseziele\/budva\/info\/food-and-drink\/","og_site_name":"Visit Montenegro","article_publisher":"https:\/\/www.facebook.com\/visitmontenegro","article_modified_time":"2026-02-22T16:12:23+00:00","og_image":[{"width":1280,"height":843,"url":"https:\/\/www.visit-montenegro.com\/wp-content\/uploads\/2015\/02\/PHOTOS-PAGES-food.jpg","type":"image\/jpeg"}],"twitter_card":"summary_large_image","twitter_site":"@visitmontenegro","twitter_misc":{"Gesch\u00e4tzte Lesezeit":"2\u00a0Minuten"},"schema":{"@context":"https:\/\/schema.org","@graph":[{"@type":"WebPage","@id":"https:\/\/www.visit-montenegro.com\/de\/reiseziele\/budva\/info\/food-and-drink\/","url":"https:\/\/www.visit-montenegro.com\/de\/reiseziele\/budva\/info\/food-and-drink\/","name":"Budva Essen & Trinken - Visit Montenegro","isPartOf":{"@id":"https:\/\/www.visit-montenegro.com\/de\/#website"},"primaryImageOfPage":{"@id":"https:\/\/www.visit-montenegro.com\/de\/reiseziele\/budva\/info\/food-and-drink\/#primaryimage"},"image":{"@id":"https:\/\/www.visit-montenegro.com\/de\/reiseziele\/budva\/info\/food-and-drink\/#primaryimage"},"thumbnailUrl":"https:\/\/www.visit-montenegro.com\/wp-content\/uploads\/2015\/02\/PHOTOS-PAGES-food.jpg","datePublished":"2026-01-27T20:44:31+00:00","dateModified":"2026-02-22T16:12:23+00:00","description":"Entdecken Sie Budvas kulinarische Szene: traditionelle montenegrinische Vorspeisen, frische Meeresfr\u00fcchte und lokale Weine. Probieren Sie authentische Aromen entlang der Budva Riviera.","breadcrumb":{"@id":"https:\/\/www.visit-montenegro.com\/de\/reiseziele\/budva\/info\/food-and-drink\/#breadcrumb"},"inLanguage":"de","potentialAction":[{"@type":"ReadAction","target":["https:\/\/www.visit-montenegro.com\/de\/reiseziele\/budva\/info\/food-and-drink\/"]}]},{"@type":"ImageObject","inLanguage":"de","@id":"https:\/\/www.visit-montenegro.com\/de\/reiseziele\/budva\/info\/food-and-drink\/#primaryimage","url":"https:\/\/www.visit-montenegro.com\/wp-content\/uploads\/2015\/02\/PHOTOS-PAGES-food.jpg","contentUrl":"https:\/\/www.visit-montenegro.com\/wp-content\/uploads\/2015\/02\/PHOTOS-PAGES-food.jpg","width":1280,"height":843},{"@type":"BreadcrumbList","@id":"https:\/\/www.visit-montenegro.com\/de\/reiseziele\/budva\/info\/food-and-drink\/#breadcrumb","itemListElement":[{"@type":"ListItem","position":1,"name":"Home","item":"https:\/\/www.visit-montenegro.com\/de\/home\/"},{"@type":"ListItem","position":2,"name":"Reiseziele in Montenegro","item":"https:\/\/www.visit-montenegro.com\/de\/reiseziele\/"},{"@type":"ListItem","position":3,"name":"Budva","item":"https:\/\/www.visit-montenegro.com\/de\/reiseziele\/budva\/"},{"@type":"ListItem","position":4,"name":"Mehr \u00fcber Budva","item":"https:\/\/www.visit-montenegro.com\/de\/reiseziele\/budva\/info\/"},{"@type":"ListItem","position":5,"name":"Budva Essen &#038; Trinken"}]},{"@type":"WebSite","@id":"https:\/\/www.visit-montenegro.com\/de\/#website","url":"https:\/\/www.visit-montenegro.com\/de\/","name":"Visit Montenegro","description":"Breathtaking beauty","publisher":{"@id":"https:\/\/www.visit-montenegro.com\/de\/#organization"},"potentialAction":[{"@type":"SearchAction","target":{"@type":"EntryPoint","urlTemplate":"https:\/\/www.visit-montenegro.com\/de\/?s={search_term_string}"},"query-input":{"@type":"PropertyValueSpecification","valueRequired":true,"valueName":"search_term_string"}}],"inLanguage":"de"},{"@type":"Organization","@id":"https:\/\/www.visit-montenegro.com\/de\/#organization","name":"Visit Montenegro","url":"https:\/\/www.visit-montenegro.com\/de\/","logo":{"@type":"ImageObject","inLanguage":"de","@id":"https:\/\/www.visit-montenegro.com\/de\/#\/schema\/logo\/image\/","url":"https:\/\/www.visit-montenegro.com\/wp-content\/uploads\/2017\/10\/logo-amp.png","contentUrl":"https:\/\/www.visit-montenegro.com\/wp-content\/uploads\/2017\/10\/logo-amp.png","width":190,"height":36,"caption":"Visit Montenegro"},"image":{"@id":"https:\/\/www.visit-montenegro.com\/de\/#\/schema\/logo\/image\/"},"sameAs":["https:\/\/www.facebook.com\/visitmontenegro","https:\/\/x.com\/visitmontenegro","https:\/\/www.instagram.com\/visit_montenegro\/","https:\/\/www.youtube.com\/user\/VisitMontenegro"]}]}},"translations":[],"_links":{"self":[{"href":"https:\/\/www.visit-montenegro.com\/de\/wp-json\/wp\/v2\/pages\/135128","targetHints":{"allow":["GET"]}}],"collection":[{"href":"https:\/\/www.visit-montenegro.com\/de\/wp-json\/wp\/v2\/pages"}],"about":[{"href":"https:\/\/www.visit-montenegro.com\/de\/wp-json\/wp\/v2\/types\/page"}],"author":[{"embeddable":true,"href":"https:\/\/www.visit-montenegro.com\/de\/wp-json\/wp\/v2\/users\/1"}],"replies":[{"embeddable":true,"href":"https:\/\/www.visit-montenegro.com\/de\/wp-json\/wp\/v2\/comments?post=135128"}],"version-history":[{"count":0,"href":"https:\/\/www.visit-montenegro.com\/de\/wp-json\/wp\/v2\/pages\/135128\/revisions"}],"up":[{"embeddable":true,"href":"https:\/\/www.visit-montenegro.com\/de\/wp-json\/wp\/v2\/pages\/134169"}],"wp:featuredmedia":[{"embeddable":true,"href":"https:\/\/www.visit-montenegro.com\/de\/wp-json\/wp\/v2\/media\/135129"}],"wp:attachment":[{"href":"https:\/\/www.visit-montenegro.com\/de\/wp-json\/wp\/v2\/media?parent=135128"}],"wp:term":[{"taxonomy":"post_tag","embeddable":true,"href":"https:\/\/www.visit-montenegro.com\/de\/wp-json\/wp\/v2\/tags?post=135128"}],"curies":[{"name":"wp","href":"https:\/\/api.w.org\/{rel}","templated":true}]}}