{"id":135134,"date":"2026-01-27T21:44:31","date_gmt":"2026-01-27T20:44:31","guid":{"rendered":"https:\/\/new.visit-montenegro.com\/ziele\/budva__trashed\/info\/geschichte\/"},"modified":"2026-02-22T17:12:23","modified_gmt":"2026-02-22T16:12:23","slug":"geschichte","status":"publish","type":"page","link":"https:\/\/www.visit-montenegro.com\/de\/reiseziele\/budva\/info\/geschichte\/","title":{"rendered":"Die Geschichte von Budva"},"content":{"rendered":"\n<p><a href=\"https:\/\/www.visit-montenegro.com\/de\/reiseziele\/budva\/\">Budva<\/a> \u2013 eine antike Stadt direkt an der K\u00fcste, birgt eine reiche historische Vergangenheit. Die ferne Vergangenheit reicht bis ins <strong>5. Jahrhundert v. Chr.<\/strong> zur\u00fcck. Zahlreichen Legenden zufolge war Budva zun\u00e4chst eine <strong>illyrische<\/strong> Stadt. Ihre ersten Bewohner waren der K\u00f6nig des historisch bekannten Theben \u2013 Kadmos und die K\u00f6nigin Harmonia.<\/p>\n\n<p>Bereits im 2. Jahrhundert v. Chr. f\u00e4llt Budva unter die Herrschaft der <strong>R\u00f6mer<\/strong>. Zu dieser Zeit war der Handel auf ihrem Gebiet sehr entwickelt. Die B\u00fcrger waren mit dem Anbau von Trauben und Oliven besch\u00e4ftigt. Nach dem Fall des R\u00f6mischen Reiches begann in Budva die Zeit der <strong>byzantinischen<\/strong> Herrschaft. Der Kampf der Budvaner gegen Byzanz begann im Jahr 535. Der Fall der byzantinischen Herrschaft erfolgte nach der Ankunft der Nemanji\u0107-Dynastie auf dem Gebiet der ehemaligen montenegrinischen K\u00fcste (1184\u20131186).<\/p>\n\n<figure class=\"wp-block-image size-large\"><img loading=\"lazy\" decoding=\"async\" width=\"1024\" height=\"683\" src=\"https:\/\/www.visit-montenegro.com\/wp-content\/uploads\/2026\/01\/budva-citadel-1024x683.jpg\" alt=\"\" class=\"wp-image-36000\" srcset=\"https:\/\/www.visit-montenegro.com\/wp-content\/uploads\/2026\/01\/budva-citadel-1024x683.jpg 1024w, https:\/\/www.visit-montenegro.com\/wp-content\/uploads\/2026\/01\/budva-citadel-300x200.jpg 300w, https:\/\/www.visit-montenegro.com\/wp-content\/uploads\/2026\/01\/budva-citadel-768x512.jpg 768w, https:\/\/www.visit-montenegro.com\/wp-content\/uploads\/2026\/01\/budva-citadel-1536x1024.jpg 1536w, https:\/\/www.visit-montenegro.com\/wp-content\/uploads\/2026\/01\/budva-citadel-1200x800.jpg 1200w, https:\/\/www.visit-montenegro.com\/wp-content\/uploads\/2026\/01\/budva-citadel-scaled.jpg 1600w\" sizes=\"auto, (max-width: 1024px) 100vw, 1024px\" \/><figcaption class=\"wp-element-caption\">Zitadelle in der Altstadt von Budva an einem sch\u00f6nen Sommertag, Montenegro<\/figcaption><\/figure>\n\n<p>Dennoch erlebte Budva seine gr\u00f6\u00dfte Bl\u00fcte im Mittelalter w\u00e4hrend der Zeit des <strong>serbischen<\/strong> Kaisers Du\u0161an. Zu dieser Zeit erhielt Budva sein Statut, das die neuen Lebensbedingungen im Mittelalter beschreibt.<\/p>\n\n<p>Unter der Herrschaft der <strong>Venezianischen Republik<\/strong> f\u00e4llt Budva im Jahr 1442. Neben der Unterdr\u00fcckung durch die Venezianer kamen die Probleme der Budvaner auch von den T\u00fcrken, die oft in Budva und umliegende Orte einfielen und ebenfalls mit den Venezianern k\u00e4mpften. Budva tr\u00e4gt die Hauptlast zwischen den beiden kriegf\u00fchrenden Seiten, und zwar bis zum Beginn des 18. Jahrhunderts.<\/p>\n\n<p>Im Jahr 1807 wird Budva von den <strong>Franzosen<\/strong> \u00fcbernommen, und 1813 f\u00e4llt es unter die \u00f6sterreichisch-ungarische Herrschaft, die Budva f\u00fcr die n\u00e4chsten hundert Jahre regiert. Verw\u00fcstet und verarmt wartet Budva unter der Herrschaft <strong>\u00d6sterreich-Ungarns<\/strong> auf den Ersten Weltkrieg, das hei\u00dft das Jahr 1914. Die Befreiung von der \u00f6sterreichisch-ungarischen Monarchie erfolgte 1918.<\/p>\n\n<p>Doch das war nur eine Pause bis zum Zweiten Weltkrieg, denn bereits 1941 wurden Budva und seine Umgebung erneut besetzt, dieses Mal von Italien. Die Befreiung von der Nazi-Herrschaft erwartete Budva am 22. November 1944.<\/p>\n\n<h2 class=\"wp-block-heading\">Die Geschichte von Budva: Schl\u00fcsselperioden und Einfl\u00fcsse<\/h2>\n\n<p>Budvas Geschichte reicht von antiken illyrischen Wurzeln \u00fcber r\u00f6mische, byzantinische, serbische, venezianische, franz\u00f6sische, \u00f6sterreichisch-ungarische und moderne Besatzungen und spiegelt einen reichen Teppich kultureller und politischer Ver\u00e4nderungen \u00fcber die Jahrhunderte wider.<\/p>\n\n<hr class=\"wp-block-separator has-alpha-channel-opacity\"\/>\n\n<h3 class=\"wp-block-heading\">Die Legende der Gr\u00fcndung von Budva<\/h3>\n\n<p>Mit besonderer Aufmerksamkeit bewahren Budva und die Budvaner die mythische Legende \u00fcber die Gr\u00fcndung der Stadt. BATHUA, BUTOBA, BUTUA \u2013 heute Budva \u2013 verbirgt seinen Namen hinter der ber\u00fchmtesten authentischen Geschichte \u00fcber die Gr\u00fcndung der Stadt aus der Zeit des Stefan Byzanz aus dem 6. Jahrhundert.<\/p>\n\n<p>Wie in den Aufzeichnungen des Filon aus Bilbos aus dem 2. Jahrhundert n. Chr. geschrieben steht, ist die Gr\u00fcndung von Budva mit dem Gr\u00fcnder der Stadt Theben, einer mythischen Pers\u00f6nlichkeit und dem Sohn des ph\u00f6nizischen K\u00f6nigs Agenor \u2013 Kadmos, verbunden.<\/p>\n\n<p>N\u00e4mlich wurden Kadmos und seine Frau Harmonia in ihrem hohen Alter aus Theben verbannt und lenkten sich auf Ochsenkarren in das Land der Enheleer \u2013 der Aal-Menschen (die \u00e4ltesten Bewohner im Gebiet von Budva), wo sie eine neue Stadt BOUTHOE \u2013 Budva gr\u00fcndeten.<\/p>\n\n<p>Der Legende nach erhielt Budva seinen Namen von den Ochsen (Bous \u2013 auf Griechisch Ochse), die das Ehepaar Kadmos und Harmonia, die ehemaligen Herrscher von Theben, nach Budva brachten. Nach einigen anderen Quellen gebar Harmonia den Sohn eines Illyrers.<\/p>\n\n<p>Doch wegen eines Mordes, den Kadmos in seiner Jugend begangen hatte, kam die Strafe der G\u00f6tter \u00fcber ihn, sodass das Ehepaar (Kadmos und Harmonia) der Legende nach in Schlangen verwandelt wurde.<\/p>\n","protected":false},"excerpt":{"rendered":"<p>Erkunden Sie die reiche Geschichte von Budva, von seinen mythischen illyrischen Urspr\u00fcngen bis zur modernen Befreiung. Die Geschichte dieser antiken K\u00fcstenstadt ist mit Legenden von K\u00f6nigen, Imperien und kulturellen Wandlungen verwoben.<\/p>\n","protected":false},"author":1,"featured_media":135135,"parent":134169,"menu_order":0,"comment_status":"closed","ping_status":"closed","template":"","meta":{"_yoast_wpseo_focuskw":"Die Geschichte von Budva","_yoast_wpseo_metadesc":"Entdecken Sie die faszinierende Geschichte von Budva, von illyrischen Legenden bis zur venezianischen Herrschaft. Erfahren Sie mehr \u00fcber antike Mythen und wichtige historische Ereignisse in diesem K\u00fcstenjuwel.","_kad_post_transparent":"","_kad_post_title":"","_kad_post_layout":"","_kad_post_sidebar_id":"","_kad_post_content_style":"","_kad_post_vertical_padding":"","_kad_post_feature":"","_kad_post_feature_position":"","_kad_post_header":false,"_kad_post_footer":false,"_kad_post_classname":"","iawp_total_views":7,"footnotes":""},"tags":[140,52,139,62,141,76],"class_list":["post-135134","page","type-page","status-publish","has-post-thumbnail","hentry","tag-crna-gora","tag-montenegro","tag-news","tag-tourism","tag-travel","tag-visit"],"yoast_head":"<!-- This site is optimized with the Yoast SEO plugin v27.3 - https:\/\/yoast.com\/product\/yoast-seo-wordpress\/ -->\n<title>Die Geschichte von Budva - Visit Montenegro<\/title>\n<meta name=\"description\" content=\"Entdecken Sie die faszinierende Geschichte von Budva, von illyrischen Legenden bis zur venezianischen Herrschaft. Erfahren Sie mehr \u00fcber antike Mythen und wichtige historische Ereignisse in diesem K\u00fcstenjuwel.\" \/>\n<meta name=\"robots\" content=\"index, follow, max-snippet:-1, max-image-preview:large, max-video-preview:-1\" \/>\n<link rel=\"canonical\" href=\"https:\/\/www.visit-montenegro.com\/de\/reiseziele\/budva\/info\/geschichte\/\" \/>\n<meta property=\"og:locale\" content=\"de_DE\" \/>\n<meta property=\"og:type\" content=\"article\" \/>\n<meta property=\"og:title\" content=\"Die Geschichte von Budva - Visit Montenegro\" \/>\n<meta property=\"og:description\" content=\"Entdecken Sie die faszinierende Geschichte von Budva, von illyrischen Legenden bis zur venezianischen Herrschaft. Erfahren Sie mehr \u00fcber antike Mythen und wichtige historische Ereignisse in diesem K\u00fcstenjuwel.\" \/>\n<meta property=\"og:url\" content=\"https:\/\/www.visit-montenegro.com\/de\/reiseziele\/budva\/info\/geschichte\/\" \/>\n<meta property=\"og:site_name\" content=\"Visit Montenegro\" \/>\n<meta property=\"article:publisher\" content=\"https:\/\/www.facebook.com\/visitmontenegro\" \/>\n<meta property=\"article:modified_time\" content=\"2026-02-22T16:12:23+00:00\" \/>\n<meta property=\"og:image\" content=\"https:\/\/www.visit-montenegro.com\/wp-content\/uploads\/2017\/08\/newsletter-budva.jpg\" \/>\n\t<meta property=\"og:image:width\" content=\"1280\" \/>\n\t<meta property=\"og:image:height\" content=\"640\" \/>\n\t<meta property=\"og:image:type\" content=\"image\/jpeg\" \/>\n<meta name=\"twitter:card\" content=\"summary_large_image\" \/>\n<meta name=\"twitter:site\" content=\"@visitmontenegro\" \/>\n<meta name=\"twitter:label1\" content=\"Gesch\u00e4tzte Lesezeit\" \/>\n\t<meta name=\"twitter:data1\" content=\"3\u00a0Minuten\" \/>\n<script type=\"application\/ld+json\" class=\"yoast-schema-graph\">{\"@context\":\"https:\\\/\\\/schema.org\",\"@graph\":[{\"@type\":\"WebPage\",\"@id\":\"https:\\\/\\\/www.visit-montenegro.com\\\/de\\\/reiseziele\\\/budva\\\/info\\\/geschichte\\\/\",\"url\":\"https:\\\/\\\/www.visit-montenegro.com\\\/de\\\/reiseziele\\\/budva\\\/info\\\/geschichte\\\/\",\"name\":\"Die Geschichte von Budva - Visit Montenegro\",\"isPartOf\":{\"@id\":\"https:\\\/\\\/www.visit-montenegro.com\\\/de\\\/#website\"},\"primaryImageOfPage\":{\"@id\":\"https:\\\/\\\/www.visit-montenegro.com\\\/de\\\/reiseziele\\\/budva\\\/info\\\/geschichte\\\/#primaryimage\"},\"image\":{\"@id\":\"https:\\\/\\\/www.visit-montenegro.com\\\/de\\\/reiseziele\\\/budva\\\/info\\\/geschichte\\\/#primaryimage\"},\"thumbnailUrl\":\"https:\\\/\\\/www.visit-montenegro.com\\\/wp-content\\\/uploads\\\/2017\\\/08\\\/newsletter-budva.jpg\",\"datePublished\":\"2026-01-27T20:44:31+00:00\",\"dateModified\":\"2026-02-22T16:12:23+00:00\",\"description\":\"Entdecken Sie die faszinierende Geschichte von Budva, von illyrischen Legenden bis zur venezianischen Herrschaft. Erfahren Sie mehr \u00fcber antike Mythen und wichtige historische Ereignisse in diesem K\u00fcstenjuwel.\",\"breadcrumb\":{\"@id\":\"https:\\\/\\\/www.visit-montenegro.com\\\/de\\\/reiseziele\\\/budva\\\/info\\\/geschichte\\\/#breadcrumb\"},\"inLanguage\":\"de\",\"potentialAction\":[{\"@type\":\"ReadAction\",\"target\":[\"https:\\\/\\\/www.visit-montenegro.com\\\/de\\\/reiseziele\\\/budva\\\/info\\\/geschichte\\\/\"]}]},{\"@type\":\"ImageObject\",\"inLanguage\":\"de\",\"@id\":\"https:\\\/\\\/www.visit-montenegro.com\\\/de\\\/reiseziele\\\/budva\\\/info\\\/geschichte\\\/#primaryimage\",\"url\":\"https:\\\/\\\/www.visit-montenegro.com\\\/wp-content\\\/uploads\\\/2017\\\/08\\\/newsletter-budva.jpg\",\"contentUrl\":\"https:\\\/\\\/www.visit-montenegro.com\\\/wp-content\\\/uploads\\\/2017\\\/08\\\/newsletter-budva.jpg\",\"width\":1280,\"height\":640},{\"@type\":\"BreadcrumbList\",\"@id\":\"https:\\\/\\\/www.visit-montenegro.com\\\/de\\\/reiseziele\\\/budva\\\/info\\\/geschichte\\\/#breadcrumb\",\"itemListElement\":[{\"@type\":\"ListItem\",\"position\":1,\"name\":\"Home\",\"item\":\"https:\\\/\\\/www.visit-montenegro.com\\\/de\\\/home\\\/\"},{\"@type\":\"ListItem\",\"position\":2,\"name\":\"Reiseziele in Montenegro\",\"item\":\"https:\\\/\\\/www.visit-montenegro.com\\\/de\\\/reiseziele\\\/\"},{\"@type\":\"ListItem\",\"position\":3,\"name\":\"Budva\",\"item\":\"https:\\\/\\\/www.visit-montenegro.com\\\/de\\\/reiseziele\\\/budva\\\/\"},{\"@type\":\"ListItem\",\"position\":4,\"name\":\"Mehr \u00fcber Budva\",\"item\":\"https:\\\/\\\/www.visit-montenegro.com\\\/de\\\/reiseziele\\\/budva\\\/info\\\/\"},{\"@type\":\"ListItem\",\"position\":5,\"name\":\"Die Geschichte von Budva\"}]},{\"@type\":\"WebSite\",\"@id\":\"https:\\\/\\\/www.visit-montenegro.com\\\/de\\\/#website\",\"url\":\"https:\\\/\\\/www.visit-montenegro.com\\\/de\\\/\",\"name\":\"Visit Montenegro\",\"description\":\"Breathtaking beauty\",\"publisher\":{\"@id\":\"https:\\\/\\\/www.visit-montenegro.com\\\/de\\\/#organization\"},\"potentialAction\":[{\"@type\":\"SearchAction\",\"target\":{\"@type\":\"EntryPoint\",\"urlTemplate\":\"https:\\\/\\\/www.visit-montenegro.com\\\/de\\\/?s={search_term_string}\"},\"query-input\":{\"@type\":\"PropertyValueSpecification\",\"valueRequired\":true,\"valueName\":\"search_term_string\"}}],\"inLanguage\":\"de\"},{\"@type\":\"Organization\",\"@id\":\"https:\\\/\\\/www.visit-montenegro.com\\\/de\\\/#organization\",\"name\":\"Visit Montenegro\",\"url\":\"https:\\\/\\\/www.visit-montenegro.com\\\/de\\\/\",\"logo\":{\"@type\":\"ImageObject\",\"inLanguage\":\"de\",\"@id\":\"https:\\\/\\\/www.visit-montenegro.com\\\/de\\\/#\\\/schema\\\/logo\\\/image\\\/\",\"url\":\"https:\\\/\\\/www.visit-montenegro.com\\\/wp-content\\\/uploads\\\/2017\\\/10\\\/logo-amp.png\",\"contentUrl\":\"https:\\\/\\\/www.visit-montenegro.com\\\/wp-content\\\/uploads\\\/2017\\\/10\\\/logo-amp.png\",\"width\":190,\"height\":36,\"caption\":\"Visit Montenegro\"},\"image\":{\"@id\":\"https:\\\/\\\/www.visit-montenegro.com\\\/de\\\/#\\\/schema\\\/logo\\\/image\\\/\"},\"sameAs\":[\"https:\\\/\\\/www.facebook.com\\\/visitmontenegro\",\"https:\\\/\\\/x.com\\\/visitmontenegro\",\"https:\\\/\\\/www.instagram.com\\\/visit_montenegro\\\/\",\"https:\\\/\\\/www.youtube.com\\\/user\\\/VisitMontenegro\"]}]}<\/script>\n<!-- \/ Yoast SEO plugin. -->","yoast_head_json":{"title":"Die Geschichte von Budva - Visit Montenegro","description":"Entdecken Sie die faszinierende Geschichte von Budva, von illyrischen Legenden bis zur venezianischen Herrschaft. Erfahren Sie mehr \u00fcber antike Mythen und wichtige historische Ereignisse in diesem K\u00fcstenjuwel.","robots":{"index":"index","follow":"follow","max-snippet":"max-snippet:-1","max-image-preview":"max-image-preview:large","max-video-preview":"max-video-preview:-1"},"canonical":"https:\/\/www.visit-montenegro.com\/de\/reiseziele\/budva\/info\/geschichte\/","og_locale":"de_DE","og_type":"article","og_title":"Die Geschichte von Budva - Visit Montenegro","og_description":"Entdecken Sie die faszinierende Geschichte von Budva, von illyrischen Legenden bis zur venezianischen Herrschaft. Erfahren Sie mehr \u00fcber antike Mythen und wichtige historische Ereignisse in diesem K\u00fcstenjuwel.","og_url":"https:\/\/www.visit-montenegro.com\/de\/reiseziele\/budva\/info\/geschichte\/","og_site_name":"Visit Montenegro","article_publisher":"https:\/\/www.facebook.com\/visitmontenegro","article_modified_time":"2026-02-22T16:12:23+00:00","og_image":[{"width":1280,"height":640,"url":"https:\/\/www.visit-montenegro.com\/wp-content\/uploads\/2017\/08\/newsletter-budva.jpg","type":"image\/jpeg"}],"twitter_card":"summary_large_image","twitter_site":"@visitmontenegro","twitter_misc":{"Gesch\u00e4tzte Lesezeit":"3\u00a0Minuten"},"schema":{"@context":"https:\/\/schema.org","@graph":[{"@type":"WebPage","@id":"https:\/\/www.visit-montenegro.com\/de\/reiseziele\/budva\/info\/geschichte\/","url":"https:\/\/www.visit-montenegro.com\/de\/reiseziele\/budva\/info\/geschichte\/","name":"Die Geschichte von Budva - Visit Montenegro","isPartOf":{"@id":"https:\/\/www.visit-montenegro.com\/de\/#website"},"primaryImageOfPage":{"@id":"https:\/\/www.visit-montenegro.com\/de\/reiseziele\/budva\/info\/geschichte\/#primaryimage"},"image":{"@id":"https:\/\/www.visit-montenegro.com\/de\/reiseziele\/budva\/info\/geschichte\/#primaryimage"},"thumbnailUrl":"https:\/\/www.visit-montenegro.com\/wp-content\/uploads\/2017\/08\/newsletter-budva.jpg","datePublished":"2026-01-27T20:44:31+00:00","dateModified":"2026-02-22T16:12:23+00:00","description":"Entdecken Sie die faszinierende Geschichte von Budva, von illyrischen Legenden bis zur venezianischen Herrschaft. Erfahren Sie mehr \u00fcber antike Mythen und wichtige historische Ereignisse in diesem K\u00fcstenjuwel.","breadcrumb":{"@id":"https:\/\/www.visit-montenegro.com\/de\/reiseziele\/budva\/info\/geschichte\/#breadcrumb"},"inLanguage":"de","potentialAction":[{"@type":"ReadAction","target":["https:\/\/www.visit-montenegro.com\/de\/reiseziele\/budva\/info\/geschichte\/"]}]},{"@type":"ImageObject","inLanguage":"de","@id":"https:\/\/www.visit-montenegro.com\/de\/reiseziele\/budva\/info\/geschichte\/#primaryimage","url":"https:\/\/www.visit-montenegro.com\/wp-content\/uploads\/2017\/08\/newsletter-budva.jpg","contentUrl":"https:\/\/www.visit-montenegro.com\/wp-content\/uploads\/2017\/08\/newsletter-budva.jpg","width":1280,"height":640},{"@type":"BreadcrumbList","@id":"https:\/\/www.visit-montenegro.com\/de\/reiseziele\/budva\/info\/geschichte\/#breadcrumb","itemListElement":[{"@type":"ListItem","position":1,"name":"Home","item":"https:\/\/www.visit-montenegro.com\/de\/home\/"},{"@type":"ListItem","position":2,"name":"Reiseziele in Montenegro","item":"https:\/\/www.visit-montenegro.com\/de\/reiseziele\/"},{"@type":"ListItem","position":3,"name":"Budva","item":"https:\/\/www.visit-montenegro.com\/de\/reiseziele\/budva\/"},{"@type":"ListItem","position":4,"name":"Mehr \u00fcber Budva","item":"https:\/\/www.visit-montenegro.com\/de\/reiseziele\/budva\/info\/"},{"@type":"ListItem","position":5,"name":"Die Geschichte von Budva"}]},{"@type":"WebSite","@id":"https:\/\/www.visit-montenegro.com\/de\/#website","url":"https:\/\/www.visit-montenegro.com\/de\/","name":"Visit Montenegro","description":"Breathtaking beauty","publisher":{"@id":"https:\/\/www.visit-montenegro.com\/de\/#organization"},"potentialAction":[{"@type":"SearchAction","target":{"@type":"EntryPoint","urlTemplate":"https:\/\/www.visit-montenegro.com\/de\/?s={search_term_string}"},"query-input":{"@type":"PropertyValueSpecification","valueRequired":true,"valueName":"search_term_string"}}],"inLanguage":"de"},{"@type":"Organization","@id":"https:\/\/www.visit-montenegro.com\/de\/#organization","name":"Visit Montenegro","url":"https:\/\/www.visit-montenegro.com\/de\/","logo":{"@type":"ImageObject","inLanguage":"de","@id":"https:\/\/www.visit-montenegro.com\/de\/#\/schema\/logo\/image\/","url":"https:\/\/www.visit-montenegro.com\/wp-content\/uploads\/2017\/10\/logo-amp.png","contentUrl":"https:\/\/www.visit-montenegro.com\/wp-content\/uploads\/2017\/10\/logo-amp.png","width":190,"height":36,"caption":"Visit Montenegro"},"image":{"@id":"https:\/\/www.visit-montenegro.com\/de\/#\/schema\/logo\/image\/"},"sameAs":["https:\/\/www.facebook.com\/visitmontenegro","https:\/\/x.com\/visitmontenegro","https:\/\/www.instagram.com\/visit_montenegro\/","https:\/\/www.youtube.com\/user\/VisitMontenegro"]}]}},"translations":[],"_links":{"self":[{"href":"https:\/\/www.visit-montenegro.com\/de\/wp-json\/wp\/v2\/pages\/135134","targetHints":{"allow":["GET"]}}],"collection":[{"href":"https:\/\/www.visit-montenegro.com\/de\/wp-json\/wp\/v2\/pages"}],"about":[{"href":"https:\/\/www.visit-montenegro.com\/de\/wp-json\/wp\/v2\/types\/page"}],"author":[{"embeddable":true,"href":"https:\/\/www.visit-montenegro.com\/de\/wp-json\/wp\/v2\/users\/1"}],"replies":[{"embeddable":true,"href":"https:\/\/www.visit-montenegro.com\/de\/wp-json\/wp\/v2\/comments?post=135134"}],"version-history":[{"count":0,"href":"https:\/\/www.visit-montenegro.com\/de\/wp-json\/wp\/v2\/pages\/135134\/revisions"}],"up":[{"embeddable":true,"href":"https:\/\/www.visit-montenegro.com\/de\/wp-json\/wp\/v2\/pages\/134169"}],"wp:featuredmedia":[{"embeddable":true,"href":"https:\/\/www.visit-montenegro.com\/de\/wp-json\/wp\/v2\/media\/135135"}],"wp:attachment":[{"href":"https:\/\/www.visit-montenegro.com\/de\/wp-json\/wp\/v2\/media?parent=135134"}],"wp:term":[{"taxonomy":"post_tag","embeddable":true,"href":"https:\/\/www.visit-montenegro.com\/de\/wp-json\/wp\/v2\/tags?post=135134"}],"curies":[{"name":"wp","href":"https:\/\/api.w.org\/{rel}","templated":true}]}}