{"id":135140,"date":"2026-01-27T21:44:31","date_gmt":"2026-01-27T20:44:31","guid":{"rendered":"https:\/\/new.visit-montenegro.com\/ziele\/budva__trashed\/info\/kirchen\/"},"modified":"2026-02-22T17:12:23","modified_gmt":"2026-02-22T16:12:23","slug":"kirchen","status":"publish","type":"page","link":"https:\/\/www.visit-montenegro.com\/de\/reiseziele\/budva\/info\/kirchen\/","title":{"rendered":"Kirchen in Budva"},"content":{"rendered":"\n<p>Budvas bewegte Geschichte wird lebhaft durch seine zahlreichen Kulturdenkm\u00e4ler dokumentiert, insbesondere seine Kirchen und Kl\u00f6ster. Diese Strukturen bieten eine greifbare Verbindung zur Vergangenheit und zeigen das reiche Erbe der Region. Tats\u00e4chlich dienen sie als stille Zeugen der historischen und sozialen Ereignisse, die die Budva-Riviera \u00fcber Jahrhunderte gepr\u00e4gt haben.<\/p>\n\n<p>Montenegros Budva-Riviera ist eine Schatzkammer historischer Kirchen und Kl\u00f6ster, die Besuchern einen tiefen Einblick in das reiche kulturelle und spirituelle Erbe der Region bietet, von antiken St\u00e4tten bis zu mittelalterlichen architektonischen Wundern.<\/p>\n\n<hr class=\"wp-block-separator has-alpha-channel-opacity\"\/>\n\n<h2 class=\"wp-block-heading\">Bedeutende Kirchen in Budva<\/h2>\n\n<p>Zu den ber\u00fchmtesten kulturhistorischen Denkm\u00e4lern z\u00e4hlen wir: <strong>die Kirche St. Johannes<\/strong> (Sveti Ivan), die im 7. Jahrhundert erbaut wurde, die <strong>Kirche Santa Maria von Punta<\/strong> aus dem Jahr 840 n. Chr. und die <strong>Kirche der Heiligen Dreifaltigkeit<\/strong> (Sveto Trojstvo) aus dem Jahr 1804.<\/p>\n<div class=\"wp-block-image is-resized\">\n<figure class=\"aligncenter size-large\"><img loading=\"lazy\" decoding=\"async\" width=\"1024\" height=\"682\" src=\"https:\/\/www.visit-montenegro.com\/wp-content\/uploads\/2026\/02\/Depositphotos_86851562_xl-2015-copy-1024x682.jpg\" alt=\"\" class=\"wp-image-133696\" srcset=\"https:\/\/www.visit-montenegro.com\/wp-content\/uploads\/2026\/02\/Depositphotos_86851562_xl-2015-copy-1024x682.jpg 1024w, https:\/\/www.visit-montenegro.com\/wp-content\/uploads\/2026\/02\/Depositphotos_86851562_xl-2015-copy-300x200.jpg 300w, https:\/\/www.visit-montenegro.com\/wp-content\/uploads\/2026\/02\/Depositphotos_86851562_xl-2015-copy-768x511.jpg 768w, https:\/\/www.visit-montenegro.com\/wp-content\/uploads\/2026\/02\/Depositphotos_86851562_xl-2015-copy-1536x1022.jpg 1536w, https:\/\/www.visit-montenegro.com\/wp-content\/uploads\/2026\/02\/Depositphotos_86851562_xl-2015-copy.jpg 1600w\" sizes=\"auto, (max-width: 1024px) 100vw, 1024px\" \/><figcaption class=\"wp-element-caption\">Heilig-Dreifaltigkeits-Kirche (links) und St.-Johannes-Kirche (rechts) in <a href=\"https:\/\/www.visit-montenegro.com\/de\/reiseziele\/budva\/\">Budva<\/a><\/figcaption><\/figure>\n<\/div>\n<h2 class=\"wp-block-heading\">Kl\u00f6ster rund um Budva<\/h2>\n\n<p>N\u00f6rdlich von Budva befindet sich das <strong>Kloster Stanjevici<\/strong>. In diesem wurde 1798 der erste montenegrinische Gesetzeskodex verabschiedet. Das wichtigste und am h\u00e4ufigsten erw\u00e4hnte Kloster, das literarische Zentrum der Pastrovici, des Stammes, der lange Zeit eine autonome Gemeinde aus 12 D\u00f6rfern bildete und gegen alle Eroberer k\u00e4mpfte: die T\u00fcrken, die Venezianer, die Piraten, sp\u00e4ter die \u00d6sterreicher und die Italiener, befindet sich oberhalb der Stadt \u2013 Hotel <a href=\"https:\/\/www.visit-montenegro.com\/de\/reiseziele\/budva\/sehenswuerdigkeiten\/sveti-stefan\/\">Sveti Stefan<\/a>. Es besteht aus drei Kirchen, in denen sich Fresken aus dem 17. Jahrhundert befinden.<\/p>\n<div class=\"wp-block-image is-resized\">\n<figure class=\"aligncenter size-large\"><img loading=\"lazy\" decoding=\"async\" width=\"1024\" height=\"680\" src=\"https:\/\/www.visit-montenegro.com\/wp-content\/uploads\/2026\/01\/budva-monastery-praskvica-1024x680.jpg\" alt=\"\" class=\"wp-image-36010\" srcset=\"https:\/\/www.visit-montenegro.com\/wp-content\/uploads\/2026\/01\/budva-monastery-praskvica-1024x680.jpg 1024w, https:\/\/www.visit-montenegro.com\/wp-content\/uploads\/2026\/01\/budva-monastery-praskvica-300x199.jpg 300w, https:\/\/www.visit-montenegro.com\/wp-content\/uploads\/2026\/01\/budva-monastery-praskvica-768x510.jpg 768w, https:\/\/www.visit-montenegro.com\/wp-content\/uploads\/2026\/01\/budva-monastery-praskvica-1536x1020.jpg 1536w, https:\/\/www.visit-montenegro.com\/wp-content\/uploads\/2026\/01\/budva-monastery-praskvica-1200x797.jpg 1200w, https:\/\/www.visit-montenegro.com\/wp-content\/uploads\/2026\/01\/budva-monastery-praskvica-scaled.jpg 1600w\" sizes=\"auto, (max-width: 1024px) 100vw, 1024px\" \/><figcaption class=\"wp-element-caption\">Die Heilig-Dreifaltigkeits-Kirche des Praskvica-Klosters, umgeben von einem malerischen Garten, Celobrdo, Montenegro.<\/figcaption><\/figure>\n<\/div>\n<p>Das Kloster Praskvica befindet sich auf dem H\u00fcgel oberhalb von Milocer und nicht weit vom bekannten Sveti Stefan (St. Stephan).<\/p>\n\n<p>Sehr interessant ist auch das <strong>Kloster Rezevici<\/strong> zwischen Sveti Stefan und <a href=\"https:\/\/www.visit-montenegro.com\/de\/reiseziele\/petrovac\/\">Petrovac<\/a>, dessen Architektur bis ins 13. Jahrhundert zur\u00fcckreicht. Nicht weit von Petrovac entfernt liegt das <strong>Kloster Gradiste<\/strong>, ein Denkmal aus dem sp\u00e4ten Mittelalter.<\/p>\n<div class=\"wp-block-image is-resized\">\n<figure class=\"aligncenter size-large\"><img loading=\"lazy\" decoding=\"async\" width=\"1024\" height=\"681\" src=\"https:\/\/www.visit-montenegro.com\/wp-content\/uploads\/2026\/01\/petrovac-rezevici-monastery-1024x681.jpg\" alt=\"\" class=\"wp-image-36163\" srcset=\"https:\/\/www.visit-montenegro.com\/wp-content\/uploads\/2026\/01\/petrovac-rezevici-monastery-1024x681.jpg 1024w, https:\/\/www.visit-montenegro.com\/wp-content\/uploads\/2026\/01\/petrovac-rezevici-monastery-300x200.jpg 300w, https:\/\/www.visit-montenegro.com\/wp-content\/uploads\/2026\/01\/petrovac-rezevici-monastery-768x511.jpg 768w, https:\/\/www.visit-montenegro.com\/wp-content\/uploads\/2026\/01\/petrovac-rezevici-monastery-1536x1022.jpg 1536w, https:\/\/www.visit-montenegro.com\/wp-content\/uploads\/2026\/01\/petrovac-rezevici-monastery-1200x798.jpg 1200w, https:\/\/www.visit-montenegro.com\/wp-content\/uploads\/2026\/01\/petrovac-rezevici-monastery-scaled.jpg 1600w\" sizes=\"auto, (max-width: 1024px) 100vw, 1024px\" \/><figcaption class=\"wp-element-caption\">Mittelalterliches serbisch-orthodoxes Kloster Rezevici aus dem 12.-13. Jahrhundert, gelegen im Dorf Katun Rezevici, zwischen Budva und Petrovac. Historisches und architektonisches Erbe Montenegros. Frontansicht.<\/figcaption><\/figure>\n<\/div>\n<p>Dennoch warten die gro\u00dfe Anzahl von Kirchen und Kl\u00f6stern, die \u00fcber die gesamte Budva-Riviera verstreut sind, auf all jene Touristen, f\u00fcr die die Besichtigung kulturhistorischer Denkm\u00e4ler viel mehr als nur ein Vergn\u00fcgen ist.<\/p>\n","protected":false},"excerpt":{"rendered":"<p>Erkunden Sie das reiche kulturelle Erbe Budvas durch seine historischen Kirchen und Kl\u00f6ster. Von antiken St\u00e4tten bis zu mittelalterlichen Wundern bieten diese Monumente einen Einblick in Montenegros Vergangenheit. Entdecken Sie bedeutende Wahrzeichen wie die St.-Johannes-Kirche und das Kloster Praskvica.<\/p>\n","protected":false},"author":1,"featured_media":135141,"parent":134169,"menu_order":0,"comment_status":"closed","ping_status":"closed","template":"","meta":{"_yoast_wpseo_focuskw":"Kirchen in Budva","_yoast_wpseo_metadesc":"Entdecken Sie Budvas historische Kirchen und Kl\u00f6ster, von der alten St.-Johannes-Kirche bis zu mittelalterlichen Kl\u00f6stern. Erkunden Sie das kulturelle Erbe Montenegros und planen Sie Ihren Besuch dieser spirituellen Wahrzeichen.","_kad_post_transparent":"","_kad_post_title":"","_kad_post_layout":"","_kad_post_sidebar_id":"","_kad_post_content_style":"","_kad_post_vertical_padding":"","_kad_post_feature":"","_kad_post_feature_position":"","_kad_post_header":false,"_kad_post_footer":false,"_kad_post_classname":"","iawp_total_views":6,"footnotes":""},"tags":[140,52,139,62,141,76],"class_list":["post-135140","page","type-page","status-publish","has-post-thumbnail","hentry","tag-crna-gora","tag-montenegro","tag-news","tag-tourism","tag-travel","tag-visit"],"yoast_head":"<!-- This site is optimized with the Yoast SEO plugin v27.3 - https:\/\/yoast.com\/product\/yoast-seo-wordpress\/ -->\n<title>Kirchen in Budva - Visit Montenegro<\/title>\n<meta name=\"description\" content=\"Entdecken Sie Budvas historische Kirchen und Kl\u00f6ster, von der alten St.-Johannes-Kirche bis zu mittelalterlichen Kl\u00f6stern. Erkunden Sie das kulturelle Erbe Montenegros und planen Sie Ihren Besuch dieser spirituellen Wahrzeichen.\" \/>\n<meta name=\"robots\" content=\"index, follow, max-snippet:-1, max-image-preview:large, max-video-preview:-1\" \/>\n<link rel=\"canonical\" href=\"https:\/\/www.visit-montenegro.com\/de\/reiseziele\/budva\/info\/kirchen\/\" \/>\n<meta property=\"og:locale\" content=\"de_DE\" \/>\n<meta property=\"og:type\" content=\"article\" \/>\n<meta property=\"og:title\" content=\"Kirchen in Budva - Visit Montenegro\" \/>\n<meta property=\"og:description\" content=\"Entdecken Sie Budvas historische Kirchen und Kl\u00f6ster, von der alten St.-Johannes-Kirche bis zu mittelalterlichen Kl\u00f6stern. Erkunden Sie das kulturelle Erbe Montenegros und planen Sie Ihren Besuch dieser spirituellen Wahrzeichen.\" \/>\n<meta property=\"og:url\" content=\"https:\/\/www.visit-montenegro.com\/de\/reiseziele\/budva\/info\/kirchen\/\" \/>\n<meta property=\"og:site_name\" content=\"Visit Montenegro\" \/>\n<meta property=\"article:publisher\" content=\"https:\/\/www.facebook.com\/visitmontenegro\" \/>\n<meta property=\"article:modified_time\" content=\"2026-02-22T16:12:23+00:00\" \/>\n<meta property=\"og:image\" content=\"https:\/\/www.visit-montenegro.com\/wp-content\/uploads\/2026\/01\/budva-church-svetog-save-scaled.jpg\" \/>\n\t<meta property=\"og:image:width\" content=\"1600\" \/>\n\t<meta property=\"og:image:height\" content=\"1067\" \/>\n\t<meta property=\"og:image:type\" content=\"image\/jpeg\" \/>\n<meta name=\"twitter:card\" content=\"summary_large_image\" \/>\n<meta name=\"twitter:site\" content=\"@visitmontenegro\" \/>\n<meta name=\"twitter:label1\" content=\"Gesch\u00e4tzte Lesezeit\" \/>\n\t<meta name=\"twitter:data1\" content=\"2\u00a0Minuten\" \/>\n<script type=\"application\/ld+json\" class=\"yoast-schema-graph\">{\"@context\":\"https:\\\/\\\/schema.org\",\"@graph\":[{\"@type\":\"WebPage\",\"@id\":\"https:\\\/\\\/www.visit-montenegro.com\\\/de\\\/reiseziele\\\/budva\\\/info\\\/kirchen\\\/\",\"url\":\"https:\\\/\\\/www.visit-montenegro.com\\\/de\\\/reiseziele\\\/budva\\\/info\\\/kirchen\\\/\",\"name\":\"Kirchen in Budva - Visit Montenegro\",\"isPartOf\":{\"@id\":\"https:\\\/\\\/www.visit-montenegro.com\\\/de\\\/#website\"},\"primaryImageOfPage\":{\"@id\":\"https:\\\/\\\/www.visit-montenegro.com\\\/de\\\/reiseziele\\\/budva\\\/info\\\/kirchen\\\/#primaryimage\"},\"image\":{\"@id\":\"https:\\\/\\\/www.visit-montenegro.com\\\/de\\\/reiseziele\\\/budva\\\/info\\\/kirchen\\\/#primaryimage\"},\"thumbnailUrl\":\"https:\\\/\\\/www.visit-montenegro.com\\\/wp-content\\\/uploads\\\/2026\\\/01\\\/budva-church-svetog-save-scaled.jpg\",\"datePublished\":\"2026-01-27T20:44:31+00:00\",\"dateModified\":\"2026-02-22T16:12:23+00:00\",\"description\":\"Entdecken Sie Budvas historische Kirchen und Kl\u00f6ster, von der alten St.-Johannes-Kirche bis zu mittelalterlichen Kl\u00f6stern. Erkunden Sie das kulturelle Erbe Montenegros und planen Sie Ihren Besuch dieser spirituellen Wahrzeichen.\",\"breadcrumb\":{\"@id\":\"https:\\\/\\\/www.visit-montenegro.com\\\/de\\\/reiseziele\\\/budva\\\/info\\\/kirchen\\\/#breadcrumb\"},\"inLanguage\":\"de\",\"potentialAction\":[{\"@type\":\"ReadAction\",\"target\":[\"https:\\\/\\\/www.visit-montenegro.com\\\/de\\\/reiseziele\\\/budva\\\/info\\\/kirchen\\\/\"]}]},{\"@type\":\"ImageObject\",\"inLanguage\":\"de\",\"@id\":\"https:\\\/\\\/www.visit-montenegro.com\\\/de\\\/reiseziele\\\/budva\\\/info\\\/kirchen\\\/#primaryimage\",\"url\":\"https:\\\/\\\/www.visit-montenegro.com\\\/wp-content\\\/uploads\\\/2026\\\/01\\\/budva-church-svetog-save-scaled.jpg\",\"contentUrl\":\"https:\\\/\\\/www.visit-montenegro.com\\\/wp-content\\\/uploads\\\/2026\\\/01\\\/budva-church-svetog-save-scaled.jpg\",\"width\":1600,\"height\":1067,\"caption\":\"Zitadelle in der Altstadt von Budva an einem sch\u00f6nen Sommertag, Montenegro\"},{\"@type\":\"BreadcrumbList\",\"@id\":\"https:\\\/\\\/www.visit-montenegro.com\\\/de\\\/reiseziele\\\/budva\\\/info\\\/kirchen\\\/#breadcrumb\",\"itemListElement\":[{\"@type\":\"ListItem\",\"position\":1,\"name\":\"Home\",\"item\":\"https:\\\/\\\/www.visit-montenegro.com\\\/de\\\/home\\\/\"},{\"@type\":\"ListItem\",\"position\":2,\"name\":\"Reiseziele in Montenegro\",\"item\":\"https:\\\/\\\/www.visit-montenegro.com\\\/de\\\/reiseziele\\\/\"},{\"@type\":\"ListItem\",\"position\":3,\"name\":\"Budva\",\"item\":\"https:\\\/\\\/www.visit-montenegro.com\\\/de\\\/reiseziele\\\/budva\\\/\"},{\"@type\":\"ListItem\",\"position\":4,\"name\":\"Mehr \u00fcber Budva\",\"item\":\"https:\\\/\\\/www.visit-montenegro.com\\\/de\\\/reiseziele\\\/budva\\\/info\\\/\"},{\"@type\":\"ListItem\",\"position\":5,\"name\":\"Kirchen in Budva\"}]},{\"@type\":\"WebSite\",\"@id\":\"https:\\\/\\\/www.visit-montenegro.com\\\/de\\\/#website\",\"url\":\"https:\\\/\\\/www.visit-montenegro.com\\\/de\\\/\",\"name\":\"Visit Montenegro\",\"description\":\"Breathtaking beauty\",\"publisher\":{\"@id\":\"https:\\\/\\\/www.visit-montenegro.com\\\/de\\\/#organization\"},\"potentialAction\":[{\"@type\":\"SearchAction\",\"target\":{\"@type\":\"EntryPoint\",\"urlTemplate\":\"https:\\\/\\\/www.visit-montenegro.com\\\/de\\\/?s={search_term_string}\"},\"query-input\":{\"@type\":\"PropertyValueSpecification\",\"valueRequired\":true,\"valueName\":\"search_term_string\"}}],\"inLanguage\":\"de\"},{\"@type\":\"Organization\",\"@id\":\"https:\\\/\\\/www.visit-montenegro.com\\\/de\\\/#organization\",\"name\":\"Visit Montenegro\",\"url\":\"https:\\\/\\\/www.visit-montenegro.com\\\/de\\\/\",\"logo\":{\"@type\":\"ImageObject\",\"inLanguage\":\"de\",\"@id\":\"https:\\\/\\\/www.visit-montenegro.com\\\/de\\\/#\\\/schema\\\/logo\\\/image\\\/\",\"url\":\"https:\\\/\\\/www.visit-montenegro.com\\\/wp-content\\\/uploads\\\/2017\\\/10\\\/logo-amp.png\",\"contentUrl\":\"https:\\\/\\\/www.visit-montenegro.com\\\/wp-content\\\/uploads\\\/2017\\\/10\\\/logo-amp.png\",\"width\":190,\"height\":36,\"caption\":\"Visit Montenegro\"},\"image\":{\"@id\":\"https:\\\/\\\/www.visit-montenegro.com\\\/de\\\/#\\\/schema\\\/logo\\\/image\\\/\"},\"sameAs\":[\"https:\\\/\\\/www.facebook.com\\\/visitmontenegro\",\"https:\\\/\\\/x.com\\\/visitmontenegro\",\"https:\\\/\\\/www.instagram.com\\\/visit_montenegro\\\/\",\"https:\\\/\\\/www.youtube.com\\\/user\\\/VisitMontenegro\"]}]}<\/script>\n<!-- \/ Yoast SEO plugin. -->","yoast_head_json":{"title":"Kirchen in Budva - Visit Montenegro","description":"Entdecken Sie Budvas historische Kirchen und Kl\u00f6ster, von der alten St.-Johannes-Kirche bis zu mittelalterlichen Kl\u00f6stern. Erkunden Sie das kulturelle Erbe Montenegros und planen Sie Ihren Besuch dieser spirituellen Wahrzeichen.","robots":{"index":"index","follow":"follow","max-snippet":"max-snippet:-1","max-image-preview":"max-image-preview:large","max-video-preview":"max-video-preview:-1"},"canonical":"https:\/\/www.visit-montenegro.com\/de\/reiseziele\/budva\/info\/kirchen\/","og_locale":"de_DE","og_type":"article","og_title":"Kirchen in Budva - Visit Montenegro","og_description":"Entdecken Sie Budvas historische Kirchen und Kl\u00f6ster, von der alten St.-Johannes-Kirche bis zu mittelalterlichen Kl\u00f6stern. Erkunden Sie das kulturelle Erbe Montenegros und planen Sie Ihren Besuch dieser spirituellen Wahrzeichen.","og_url":"https:\/\/www.visit-montenegro.com\/de\/reiseziele\/budva\/info\/kirchen\/","og_site_name":"Visit Montenegro","article_publisher":"https:\/\/www.facebook.com\/visitmontenegro","article_modified_time":"2026-02-22T16:12:23+00:00","og_image":[{"width":1600,"height":1067,"url":"https:\/\/www.visit-montenegro.com\/wp-content\/uploads\/2026\/01\/budva-church-svetog-save-scaled.jpg","type":"image\/jpeg"}],"twitter_card":"summary_large_image","twitter_site":"@visitmontenegro","twitter_misc":{"Gesch\u00e4tzte Lesezeit":"2\u00a0Minuten"},"schema":{"@context":"https:\/\/schema.org","@graph":[{"@type":"WebPage","@id":"https:\/\/www.visit-montenegro.com\/de\/reiseziele\/budva\/info\/kirchen\/","url":"https:\/\/www.visit-montenegro.com\/de\/reiseziele\/budva\/info\/kirchen\/","name":"Kirchen in Budva - Visit Montenegro","isPartOf":{"@id":"https:\/\/www.visit-montenegro.com\/de\/#website"},"primaryImageOfPage":{"@id":"https:\/\/www.visit-montenegro.com\/de\/reiseziele\/budva\/info\/kirchen\/#primaryimage"},"image":{"@id":"https:\/\/www.visit-montenegro.com\/de\/reiseziele\/budva\/info\/kirchen\/#primaryimage"},"thumbnailUrl":"https:\/\/www.visit-montenegro.com\/wp-content\/uploads\/2026\/01\/budva-church-svetog-save-scaled.jpg","datePublished":"2026-01-27T20:44:31+00:00","dateModified":"2026-02-22T16:12:23+00:00","description":"Entdecken Sie Budvas historische Kirchen und Kl\u00f6ster, von der alten St.-Johannes-Kirche bis zu mittelalterlichen Kl\u00f6stern. Erkunden Sie das kulturelle Erbe Montenegros und planen Sie Ihren Besuch dieser spirituellen Wahrzeichen.","breadcrumb":{"@id":"https:\/\/www.visit-montenegro.com\/de\/reiseziele\/budva\/info\/kirchen\/#breadcrumb"},"inLanguage":"de","potentialAction":[{"@type":"ReadAction","target":["https:\/\/www.visit-montenegro.com\/de\/reiseziele\/budva\/info\/kirchen\/"]}]},{"@type":"ImageObject","inLanguage":"de","@id":"https:\/\/www.visit-montenegro.com\/de\/reiseziele\/budva\/info\/kirchen\/#primaryimage","url":"https:\/\/www.visit-montenegro.com\/wp-content\/uploads\/2026\/01\/budva-church-svetog-save-scaled.jpg","contentUrl":"https:\/\/www.visit-montenegro.com\/wp-content\/uploads\/2026\/01\/budva-church-svetog-save-scaled.jpg","width":1600,"height":1067,"caption":"Zitadelle in der Altstadt von Budva an einem sch\u00f6nen Sommertag, Montenegro"},{"@type":"BreadcrumbList","@id":"https:\/\/www.visit-montenegro.com\/de\/reiseziele\/budva\/info\/kirchen\/#breadcrumb","itemListElement":[{"@type":"ListItem","position":1,"name":"Home","item":"https:\/\/www.visit-montenegro.com\/de\/home\/"},{"@type":"ListItem","position":2,"name":"Reiseziele in Montenegro","item":"https:\/\/www.visit-montenegro.com\/de\/reiseziele\/"},{"@type":"ListItem","position":3,"name":"Budva","item":"https:\/\/www.visit-montenegro.com\/de\/reiseziele\/budva\/"},{"@type":"ListItem","position":4,"name":"Mehr \u00fcber Budva","item":"https:\/\/www.visit-montenegro.com\/de\/reiseziele\/budva\/info\/"},{"@type":"ListItem","position":5,"name":"Kirchen in Budva"}]},{"@type":"WebSite","@id":"https:\/\/www.visit-montenegro.com\/de\/#website","url":"https:\/\/www.visit-montenegro.com\/de\/","name":"Visit Montenegro","description":"Breathtaking beauty","publisher":{"@id":"https:\/\/www.visit-montenegro.com\/de\/#organization"},"potentialAction":[{"@type":"SearchAction","target":{"@type":"EntryPoint","urlTemplate":"https:\/\/www.visit-montenegro.com\/de\/?s={search_term_string}"},"query-input":{"@type":"PropertyValueSpecification","valueRequired":true,"valueName":"search_term_string"}}],"inLanguage":"de"},{"@type":"Organization","@id":"https:\/\/www.visit-montenegro.com\/de\/#organization","name":"Visit Montenegro","url":"https:\/\/www.visit-montenegro.com\/de\/","logo":{"@type":"ImageObject","inLanguage":"de","@id":"https:\/\/www.visit-montenegro.com\/de\/#\/schema\/logo\/image\/","url":"https:\/\/www.visit-montenegro.com\/wp-content\/uploads\/2017\/10\/logo-amp.png","contentUrl":"https:\/\/www.visit-montenegro.com\/wp-content\/uploads\/2017\/10\/logo-amp.png","width":190,"height":36,"caption":"Visit Montenegro"},"image":{"@id":"https:\/\/www.visit-montenegro.com\/de\/#\/schema\/logo\/image\/"},"sameAs":["https:\/\/www.facebook.com\/visitmontenegro","https:\/\/x.com\/visitmontenegro","https:\/\/www.instagram.com\/visit_montenegro\/","https:\/\/www.youtube.com\/user\/VisitMontenegro"]}]}},"translations":[],"_links":{"self":[{"href":"https:\/\/www.visit-montenegro.com\/de\/wp-json\/wp\/v2\/pages\/135140","targetHints":{"allow":["GET"]}}],"collection":[{"href":"https:\/\/www.visit-montenegro.com\/de\/wp-json\/wp\/v2\/pages"}],"about":[{"href":"https:\/\/www.visit-montenegro.com\/de\/wp-json\/wp\/v2\/types\/page"}],"author":[{"embeddable":true,"href":"https:\/\/www.visit-montenegro.com\/de\/wp-json\/wp\/v2\/users\/1"}],"replies":[{"embeddable":true,"href":"https:\/\/www.visit-montenegro.com\/de\/wp-json\/wp\/v2\/comments?post=135140"}],"version-history":[{"count":0,"href":"https:\/\/www.visit-montenegro.com\/de\/wp-json\/wp\/v2\/pages\/135140\/revisions"}],"up":[{"embeddable":true,"href":"https:\/\/www.visit-montenegro.com\/de\/wp-json\/wp\/v2\/pages\/134169"}],"wp:featuredmedia":[{"embeddable":true,"href":"https:\/\/www.visit-montenegro.com\/de\/wp-json\/wp\/v2\/media\/135141"}],"wp:attachment":[{"href":"https:\/\/www.visit-montenegro.com\/de\/wp-json\/wp\/v2\/media?parent=135140"}],"wp:term":[{"taxonomy":"post_tag","embeddable":true,"href":"https:\/\/www.visit-montenegro.com\/de\/wp-json\/wp\/v2\/tags?post=135140"}],"curies":[{"name":"wp","href":"https:\/\/api.w.org\/{rel}","templated":true}]}}