{"id":135156,"date":"2026-01-27T21:44:31","date_gmt":"2026-01-27T20:44:31","guid":{"rendered":"https:\/\/new.visit-montenegro.com\/ziele\/tivat\/attractions\/porto-montenegro\/"},"modified":"2026-02-22T17:12:23","modified_gmt":"2026-02-22T16:12:23","slug":"porto-montenegro","status":"publish","type":"page","link":"https:\/\/www.visit-montenegro.com\/de\/reiseziele\/tivat\/sehenswuerdigkeiten\/porto-montenegro\/","title":{"rendered":"Porto Montenegro"},"content":{"rendered":"\n<p>Porto Montenegro ist eine erstklassige Luxusmarina und Touristenattraktion an der Adria, die mediterrane Eleganz mit zug\u00e4nglichem Luxus f\u00fcr alle Besucher verbindet.<\/p>\n\n<hr class=\"wp-block-separator has-alpha-channel-opacity\"\/>\n\n<h2 class=\"wp-block-heading\">Porto Montenegro: Ein erstklassiges Touristen-Ziel<\/h2>\n\n<p>Definitiv eine der besten touristischen Investitionen an der montenegrinischen K\u00fcste in den letzten 25 Jahren, <strong>Porto Montenegro<\/strong> stellt heute ein echtes Beispiel f\u00fcr eines der sch\u00f6nsten Reiseziele in Montenegro dar. Luxus verpackt in einem sch\u00f6nen mediterranen Stil, <strong>Porto Montenegro<\/strong> repr\u00e4sentiert heute eine der prestigetr\u00e4chtigsten Marinas an der Adria.<\/p>\n\n<figure class=\"wp-block-image size-large\"><img loading=\"lazy\" decoding=\"async\" width=\"1024\" height=\"684\" src=\"https:\/\/www.visit-montenegro.com\/wp-content\/uploads\/2019\/11\/porto-montenegro-marina-1024x684.jpg\" alt=\"\" class=\"wp-image-35487\" srcset=\"https:\/\/www.visit-montenegro.com\/wp-content\/uploads\/2019\/11\/porto-montenegro-marina-1024x684.jpg 1024w, https:\/\/www.visit-montenegro.com\/wp-content\/uploads\/2019\/11\/porto-montenegro-marina-300x200.jpg 300w, https:\/\/www.visit-montenegro.com\/wp-content\/uploads\/2019\/11\/porto-montenegro-marina-768x513.jpg 768w, https:\/\/www.visit-montenegro.com\/wp-content\/uploads\/2019\/11\/porto-montenegro-marina-90x60.jpg 90w, https:\/\/www.visit-montenegro.com\/wp-content\/uploads\/2019\/11\/porto-montenegro-marina-180x120.jpg 180w, https:\/\/www.visit-montenegro.com\/wp-content\/uploads\/2019\/11\/porto-montenegro-marina-95x64.jpg 95w, https:\/\/www.visit-montenegro.com\/wp-content\/uploads\/2019\/11\/porto-montenegro-marina.jpg 1600w\" sizes=\"auto, (max-width: 1024px) 100vw, 1024px\" \/><\/figure>\n\n<p>Urspr\u00fcnglich f\u00fcr Superyachten und reiche Milliard\u00e4re geschaffen, die einen neuen Ort zum Genie\u00dfen einer friedlichen Atmosph\u00e4re und gro\u00dfartiger Natur haben. Heute ist <strong>Porto Montenegro<\/strong> eine bedeutende Touristenattraktion, nicht nur f\u00fcr wohlhabende Touristen, sondern f\u00fcr alle. Erschwingliche Preise werden Sie in diesem luxuri\u00f6sen Komplex \u00fcberraschen. Sie werden die erschwinglichen Preise f\u00fcr Essen und Getr\u00e4nke mit Blick auf die luxuri\u00f6sesten Yachten genie\u00dfen.<\/p>\n\n<p>Ist es nicht der Traum eines jeden, auch nur f\u00fcr einen Moment zu sp\u00fcren, wie das Leben eines wirklich Reichen ist? <strong>Porto Montenegro<\/strong> gibt Ihnen genau dieses Gef\u00fchl, das Sie sicherlich nicht gleichg\u00fcltig lassen wird.<\/p>\n","protected":false},"excerpt":{"rendered":"<p>Entdecken Sie Porto Montenegro, eine Luxusmarina an der Adriak\u00fcste, die mediterrane Eleganz und \u00fcberraschend erschwingliche Erlebnisse bietet. Es ist ein erstklassiges Ziel f\u00fcr Milliard\u00e4re und Alltagsreisende, die einen Hauch vom Luxusleben suchen.<\/p>\n","protected":false},"author":1,"featured_media":135157,"parent":135152,"menu_order":0,"comment_status":"closed","ping_status":"closed","template":"","meta":{"_yoast_wpseo_focuskw":"Porto Montenegro","_yoast_wpseo_metadesc":"Entdecken Sie Porto Montenegro, eine Top-Luxusmarina in Montenegro mit mediterranem Charme und erschwinglichen Preisen. Erleben Sie die Sch\u00f6nheit und Eleganz der Adria aus erster Hand.","_kad_post_transparent":"","_kad_post_title":"","_kad_post_layout":"","_kad_post_sidebar_id":"","_kad_post_content_style":"","_kad_post_vertical_padding":"","_kad_post_feature":"","_kad_post_feature_position":"","_kad_post_header":false,"_kad_post_footer":false,"_kad_post_classname":"","iawp_total_views":6,"footnotes":""},"tags":[],"class_list":["post-135156","page","type-page","status-publish","has-post-thumbnail","hentry"],"yoast_head":"<!-- This site is optimized with the Yoast SEO plugin v27.3 - https:\/\/yoast.com\/product\/yoast-seo-wordpress\/ -->\n<title>Porto Montenegro - Visit Montenegro<\/title>\n<meta name=\"description\" content=\"Entdecken Sie Porto Montenegro, eine Top-Luxusmarina in Montenegro mit mediterranem Charme und erschwinglichen Preisen. Erleben Sie die Sch\u00f6nheit und Eleganz der Adria aus erster Hand.\" \/>\n<meta name=\"robots\" content=\"index, follow, max-snippet:-1, max-image-preview:large, max-video-preview:-1\" \/>\n<link rel=\"canonical\" href=\"https:\/\/www.visit-montenegro.com\/de\/reiseziele\/tivat\/sehenswuerdigkeiten\/porto-montenegro\/\" \/>\n<meta property=\"og:locale\" content=\"de_DE\" \/>\n<meta property=\"og:type\" content=\"article\" \/>\n<meta property=\"og:title\" content=\"Porto Montenegro - Visit Montenegro\" \/>\n<meta property=\"og:description\" content=\"Entdecken Sie Porto Montenegro, eine Top-Luxusmarina in Montenegro mit mediterranem Charme und erschwinglichen Preisen. Erleben Sie die Sch\u00f6nheit und Eleganz der Adria aus erster Hand.\" \/>\n<meta property=\"og:url\" content=\"https:\/\/www.visit-montenegro.com\/de\/reiseziele\/tivat\/sehenswuerdigkeiten\/porto-montenegro\/\" \/>\n<meta property=\"og:site_name\" content=\"Visit Montenegro\" \/>\n<meta property=\"article:publisher\" content=\"https:\/\/www.facebook.com\/visitmontenegro\" \/>\n<meta property=\"article:modified_time\" content=\"2026-02-22T16:12:23+00:00\" \/>\n<meta property=\"og:image\" content=\"https:\/\/www.visit-montenegro.com\/wp-content\/uploads\/2026\/01\/porto-montenegro-03-scaled.jpg\" \/>\n\t<meta property=\"og:image:width\" content=\"1600\" \/>\n\t<meta property=\"og:image:height\" content=\"1064\" \/>\n\t<meta property=\"og:image:type\" content=\"image\/jpeg\" \/>\n<meta name=\"twitter:card\" content=\"summary_large_image\" \/>\n<meta name=\"twitter:site\" content=\"@visitmontenegro\" \/>\n<meta name=\"twitter:label1\" content=\"Gesch\u00e4tzte Lesezeit\" \/>\n\t<meta name=\"twitter:data1\" content=\"1\u00a0Minute\" \/>\n<script type=\"application\/ld+json\" class=\"yoast-schema-graph\">{\"@context\":\"https:\\\/\\\/schema.org\",\"@graph\":[{\"@type\":\"WebPage\",\"@id\":\"https:\\\/\\\/www.visit-montenegro.com\\\/de\\\/reiseziele\\\/tivat\\\/sehenswuerdigkeiten\\\/porto-montenegro\\\/\",\"url\":\"https:\\\/\\\/www.visit-montenegro.com\\\/de\\\/reiseziele\\\/tivat\\\/sehenswuerdigkeiten\\\/porto-montenegro\\\/\",\"name\":\"Porto Montenegro - Visit Montenegro\",\"isPartOf\":{\"@id\":\"https:\\\/\\\/www.visit-montenegro.com\\\/de\\\/#website\"},\"primaryImageOfPage\":{\"@id\":\"https:\\\/\\\/www.visit-montenegro.com\\\/de\\\/reiseziele\\\/tivat\\\/sehenswuerdigkeiten\\\/porto-montenegro\\\/#primaryimage\"},\"image\":{\"@id\":\"https:\\\/\\\/www.visit-montenegro.com\\\/de\\\/reiseziele\\\/tivat\\\/sehenswuerdigkeiten\\\/porto-montenegro\\\/#primaryimage\"},\"thumbnailUrl\":\"https:\\\/\\\/www.visit-montenegro.com\\\/wp-content\\\/uploads\\\/2026\\\/01\\\/porto-montenegro-03-scaled.jpg\",\"datePublished\":\"2026-01-27T20:44:31+00:00\",\"dateModified\":\"2026-02-22T16:12:23+00:00\",\"description\":\"Entdecken Sie Porto Montenegro, eine Top-Luxusmarina in Montenegro mit mediterranem Charme und erschwinglichen Preisen. Erleben Sie die Sch\u00f6nheit und Eleganz der Adria aus erster Hand.\",\"breadcrumb\":{\"@id\":\"https:\\\/\\\/www.visit-montenegro.com\\\/de\\\/reiseziele\\\/tivat\\\/sehenswuerdigkeiten\\\/porto-montenegro\\\/#breadcrumb\"},\"inLanguage\":\"de\",\"potentialAction\":[{\"@type\":\"ReadAction\",\"target\":[\"https:\\\/\\\/www.visit-montenegro.com\\\/de\\\/reiseziele\\\/tivat\\\/sehenswuerdigkeiten\\\/porto-montenegro\\\/\"]}]},{\"@type\":\"ImageObject\",\"inLanguage\":\"de\",\"@id\":\"https:\\\/\\\/www.visit-montenegro.com\\\/de\\\/reiseziele\\\/tivat\\\/sehenswuerdigkeiten\\\/porto-montenegro\\\/#primaryimage\",\"url\":\"https:\\\/\\\/www.visit-montenegro.com\\\/wp-content\\\/uploads\\\/2026\\\/01\\\/porto-montenegro-03-scaled.jpg\",\"contentUrl\":\"https:\\\/\\\/www.visit-montenegro.com\\\/wp-content\\\/uploads\\\/2026\\\/01\\\/porto-montenegro-03-scaled.jpg\",\"width\":1600,\"height\":1064,\"caption\":\"Montenegro. Uferpromenade der Stadt Tivat. Blick auf Porto Montenegro Village\"},{\"@type\":\"BreadcrumbList\",\"@id\":\"https:\\\/\\\/www.visit-montenegro.com\\\/de\\\/reiseziele\\\/tivat\\\/sehenswuerdigkeiten\\\/porto-montenegro\\\/#breadcrumb\",\"itemListElement\":[{\"@type\":\"ListItem\",\"position\":1,\"name\":\"Home\",\"item\":\"https:\\\/\\\/www.visit-montenegro.com\\\/de\\\/home\\\/\"},{\"@type\":\"ListItem\",\"position\":2,\"name\":\"Reiseziele in Montenegro\",\"item\":\"https:\\\/\\\/www.visit-montenegro.com\\\/de\\\/reiseziele\\\/\"},{\"@type\":\"ListItem\",\"position\":3,\"name\":\"Tivat\",\"item\":\"https:\\\/\\\/www.visit-montenegro.com\\\/de\\\/reiseziele\\\/tivat\\\/\"},{\"@type\":\"ListItem\",\"position\":4,\"name\":\"Tivat Sehensw\u00fcrdigkeiten\",\"item\":\"https:\\\/\\\/www.visit-montenegro.com\\\/de\\\/reiseziele\\\/tivat\\\/sehenswuerdigkeiten\\\/\"},{\"@type\":\"ListItem\",\"position\":5,\"name\":\"Porto Montenegro\"}]},{\"@type\":\"WebSite\",\"@id\":\"https:\\\/\\\/www.visit-montenegro.com\\\/de\\\/#website\",\"url\":\"https:\\\/\\\/www.visit-montenegro.com\\\/de\\\/\",\"name\":\"Visit Montenegro\",\"description\":\"Breathtaking beauty\",\"publisher\":{\"@id\":\"https:\\\/\\\/www.visit-montenegro.com\\\/de\\\/#organization\"},\"potentialAction\":[{\"@type\":\"SearchAction\",\"target\":{\"@type\":\"EntryPoint\",\"urlTemplate\":\"https:\\\/\\\/www.visit-montenegro.com\\\/de\\\/?s={search_term_string}\"},\"query-input\":{\"@type\":\"PropertyValueSpecification\",\"valueRequired\":true,\"valueName\":\"search_term_string\"}}],\"inLanguage\":\"de\"},{\"@type\":\"Organization\",\"@id\":\"https:\\\/\\\/www.visit-montenegro.com\\\/de\\\/#organization\",\"name\":\"Visit Montenegro\",\"url\":\"https:\\\/\\\/www.visit-montenegro.com\\\/de\\\/\",\"logo\":{\"@type\":\"ImageObject\",\"inLanguage\":\"de\",\"@id\":\"https:\\\/\\\/www.visit-montenegro.com\\\/de\\\/#\\\/schema\\\/logo\\\/image\\\/\",\"url\":\"https:\\\/\\\/www.visit-montenegro.com\\\/wp-content\\\/uploads\\\/2017\\\/10\\\/logo-amp.png\",\"contentUrl\":\"https:\\\/\\\/www.visit-montenegro.com\\\/wp-content\\\/uploads\\\/2017\\\/10\\\/logo-amp.png\",\"width\":190,\"height\":36,\"caption\":\"Visit Montenegro\"},\"image\":{\"@id\":\"https:\\\/\\\/www.visit-montenegro.com\\\/de\\\/#\\\/schema\\\/logo\\\/image\\\/\"},\"sameAs\":[\"https:\\\/\\\/www.facebook.com\\\/visitmontenegro\",\"https:\\\/\\\/x.com\\\/visitmontenegro\",\"https:\\\/\\\/www.instagram.com\\\/visit_montenegro\\\/\",\"https:\\\/\\\/www.youtube.com\\\/user\\\/VisitMontenegro\"]}]}<\/script>\n<!-- \/ Yoast SEO plugin. -->","yoast_head_json":{"title":"Porto Montenegro - Visit Montenegro","description":"Entdecken Sie Porto Montenegro, eine Top-Luxusmarina in Montenegro mit mediterranem Charme und erschwinglichen Preisen. Erleben Sie die Sch\u00f6nheit und Eleganz der Adria aus erster Hand.","robots":{"index":"index","follow":"follow","max-snippet":"max-snippet:-1","max-image-preview":"max-image-preview:large","max-video-preview":"max-video-preview:-1"},"canonical":"https:\/\/www.visit-montenegro.com\/de\/reiseziele\/tivat\/sehenswuerdigkeiten\/porto-montenegro\/","og_locale":"de_DE","og_type":"article","og_title":"Porto Montenegro - Visit Montenegro","og_description":"Entdecken Sie Porto Montenegro, eine Top-Luxusmarina in Montenegro mit mediterranem Charme und erschwinglichen Preisen. Erleben Sie die Sch\u00f6nheit und Eleganz der Adria aus erster Hand.","og_url":"https:\/\/www.visit-montenegro.com\/de\/reiseziele\/tivat\/sehenswuerdigkeiten\/porto-montenegro\/","og_site_name":"Visit Montenegro","article_publisher":"https:\/\/www.facebook.com\/visitmontenegro","article_modified_time":"2026-02-22T16:12:23+00:00","og_image":[{"width":1600,"height":1064,"url":"https:\/\/www.visit-montenegro.com\/wp-content\/uploads\/2026\/01\/porto-montenegro-03-scaled.jpg","type":"image\/jpeg"}],"twitter_card":"summary_large_image","twitter_site":"@visitmontenegro","twitter_misc":{"Gesch\u00e4tzte Lesezeit":"1\u00a0Minute"},"schema":{"@context":"https:\/\/schema.org","@graph":[{"@type":"WebPage","@id":"https:\/\/www.visit-montenegro.com\/de\/reiseziele\/tivat\/sehenswuerdigkeiten\/porto-montenegro\/","url":"https:\/\/www.visit-montenegro.com\/de\/reiseziele\/tivat\/sehenswuerdigkeiten\/porto-montenegro\/","name":"Porto Montenegro - Visit Montenegro","isPartOf":{"@id":"https:\/\/www.visit-montenegro.com\/de\/#website"},"primaryImageOfPage":{"@id":"https:\/\/www.visit-montenegro.com\/de\/reiseziele\/tivat\/sehenswuerdigkeiten\/porto-montenegro\/#primaryimage"},"image":{"@id":"https:\/\/www.visit-montenegro.com\/de\/reiseziele\/tivat\/sehenswuerdigkeiten\/porto-montenegro\/#primaryimage"},"thumbnailUrl":"https:\/\/www.visit-montenegro.com\/wp-content\/uploads\/2026\/01\/porto-montenegro-03-scaled.jpg","datePublished":"2026-01-27T20:44:31+00:00","dateModified":"2026-02-22T16:12:23+00:00","description":"Entdecken Sie Porto Montenegro, eine Top-Luxusmarina in Montenegro mit mediterranem Charme und erschwinglichen Preisen. Erleben Sie die Sch\u00f6nheit und Eleganz der Adria aus erster Hand.","breadcrumb":{"@id":"https:\/\/www.visit-montenegro.com\/de\/reiseziele\/tivat\/sehenswuerdigkeiten\/porto-montenegro\/#breadcrumb"},"inLanguage":"de","potentialAction":[{"@type":"ReadAction","target":["https:\/\/www.visit-montenegro.com\/de\/reiseziele\/tivat\/sehenswuerdigkeiten\/porto-montenegro\/"]}]},{"@type":"ImageObject","inLanguage":"de","@id":"https:\/\/www.visit-montenegro.com\/de\/reiseziele\/tivat\/sehenswuerdigkeiten\/porto-montenegro\/#primaryimage","url":"https:\/\/www.visit-montenegro.com\/wp-content\/uploads\/2026\/01\/porto-montenegro-03-scaled.jpg","contentUrl":"https:\/\/www.visit-montenegro.com\/wp-content\/uploads\/2026\/01\/porto-montenegro-03-scaled.jpg","width":1600,"height":1064,"caption":"Montenegro. Uferpromenade der Stadt Tivat. Blick auf Porto Montenegro Village"},{"@type":"BreadcrumbList","@id":"https:\/\/www.visit-montenegro.com\/de\/reiseziele\/tivat\/sehenswuerdigkeiten\/porto-montenegro\/#breadcrumb","itemListElement":[{"@type":"ListItem","position":1,"name":"Home","item":"https:\/\/www.visit-montenegro.com\/de\/home\/"},{"@type":"ListItem","position":2,"name":"Reiseziele in Montenegro","item":"https:\/\/www.visit-montenegro.com\/de\/reiseziele\/"},{"@type":"ListItem","position":3,"name":"Tivat","item":"https:\/\/www.visit-montenegro.com\/de\/reiseziele\/tivat\/"},{"@type":"ListItem","position":4,"name":"Tivat Sehensw\u00fcrdigkeiten","item":"https:\/\/www.visit-montenegro.com\/de\/reiseziele\/tivat\/sehenswuerdigkeiten\/"},{"@type":"ListItem","position":5,"name":"Porto Montenegro"}]},{"@type":"WebSite","@id":"https:\/\/www.visit-montenegro.com\/de\/#website","url":"https:\/\/www.visit-montenegro.com\/de\/","name":"Visit Montenegro","description":"Breathtaking beauty","publisher":{"@id":"https:\/\/www.visit-montenegro.com\/de\/#organization"},"potentialAction":[{"@type":"SearchAction","target":{"@type":"EntryPoint","urlTemplate":"https:\/\/www.visit-montenegro.com\/de\/?s={search_term_string}"},"query-input":{"@type":"PropertyValueSpecification","valueRequired":true,"valueName":"search_term_string"}}],"inLanguage":"de"},{"@type":"Organization","@id":"https:\/\/www.visit-montenegro.com\/de\/#organization","name":"Visit Montenegro","url":"https:\/\/www.visit-montenegro.com\/de\/","logo":{"@type":"ImageObject","inLanguage":"de","@id":"https:\/\/www.visit-montenegro.com\/de\/#\/schema\/logo\/image\/","url":"https:\/\/www.visit-montenegro.com\/wp-content\/uploads\/2017\/10\/logo-amp.png","contentUrl":"https:\/\/www.visit-montenegro.com\/wp-content\/uploads\/2017\/10\/logo-amp.png","width":190,"height":36,"caption":"Visit Montenegro"},"image":{"@id":"https:\/\/www.visit-montenegro.com\/de\/#\/schema\/logo\/image\/"},"sameAs":["https:\/\/www.facebook.com\/visitmontenegro","https:\/\/x.com\/visitmontenegro","https:\/\/www.instagram.com\/visit_montenegro\/","https:\/\/www.youtube.com\/user\/VisitMontenegro"]}]}},"translations":[],"_links":{"self":[{"href":"https:\/\/www.visit-montenegro.com\/de\/wp-json\/wp\/v2\/pages\/135156","targetHints":{"allow":["GET"]}}],"collection":[{"href":"https:\/\/www.visit-montenegro.com\/de\/wp-json\/wp\/v2\/pages"}],"about":[{"href":"https:\/\/www.visit-montenegro.com\/de\/wp-json\/wp\/v2\/types\/page"}],"author":[{"embeddable":true,"href":"https:\/\/www.visit-montenegro.com\/de\/wp-json\/wp\/v2\/users\/1"}],"replies":[{"embeddable":true,"href":"https:\/\/www.visit-montenegro.com\/de\/wp-json\/wp\/v2\/comments?post=135156"}],"version-history":[{"count":0,"href":"https:\/\/www.visit-montenegro.com\/de\/wp-json\/wp\/v2\/pages\/135156\/revisions"}],"up":[{"embeddable":true,"href":"https:\/\/www.visit-montenegro.com\/de\/wp-json\/wp\/v2\/pages\/135152"}],"wp:featuredmedia":[{"embeddable":true,"href":"https:\/\/www.visit-montenegro.com\/de\/wp-json\/wp\/v2\/media\/135157"}],"wp:attachment":[{"href":"https:\/\/www.visit-montenegro.com\/de\/wp-json\/wp\/v2\/media?parent=135156"}],"wp:term":[{"taxonomy":"post_tag","embeddable":true,"href":"https:\/\/www.visit-montenegro.com\/de\/wp-json\/wp\/v2\/tags?post=135156"}],"curies":[{"name":"wp","href":"https:\/\/api.w.org\/{rel}","templated":true}]}}