{"id":135162,"date":"2026-01-27T21:44:31","date_gmt":"2026-01-27T20:44:31","guid":{"rendered":"https:\/\/new.visit-montenegro.com\/ziele\/tivat\/attractions\/sveti-marko-island\/"},"modified":"2026-02-22T17:12:23","modified_gmt":"2026-02-22T16:12:23","slug":"sveti-marko-island","status":"publish","type":"page","link":"https:\/\/www.visit-montenegro.com\/de\/reiseziele\/tivat\/sehenswuerdigkeiten\/sveti-marko-island\/","title":{"rendered":"Sveti-Marko-Insel"},"content":{"rendered":"\n<p>Die Sveti-Marko-Insel ist eine mysteri\u00f6se gr\u00fcne Insel in Montenegro, westlich der Tivater Halbinsel Prevlaka. Sie verf\u00fcgte einst \u00fcber 500 Touristenh\u00e4user im Tahiti-Stil und war vom franz\u00f6sischen Club &#8222;Mediterranee&#8220; gepachtet, aber heute liegt sie verlassen, mit Unkraut \u00fcberwuchert und wartet auf neue Eigent\u00fcmer.<\/p>\n\n<hr class=\"wp-block-separator has-alpha-channel-opacity\"\/>\n\n<h2 class=\"wp-block-heading\">Lage und Zugang zur Sveti-Marko-Insel<\/h2>\n\n<p>Die Insel mit einem sch\u00f6nen Strand liegt westlich der Tivater Halbinsel Prevlaka (Beschichtung). Zur Insel gelangen Sie mit Touristen-Taxibooten oder Barkassen, die normalerweise im Hafen von <a href=\"https:\/\/www.visit-montenegro.com\/de\/reiseziele\/tivat\/\">Tivat<\/a> ankern. Die Insel <strong>Sveti Marko<\/strong> ist heute eine mysteri\u00f6se gr\u00fcne Insel, auf der 1962 eine Touristenunterkunft mit 500 Tahiti-H\u00e4uschen ohne Strom und Wasser errichtet wurde. Die Insel <strong>Sveti Marko<\/strong> war jahrzehntelang eine exklusive Einrichtung unter der Pacht des franz\u00f6sischen Clubs &#8222;Mediterranee&#8220;.<\/p>\n\n<h2 class=\"wp-block-heading\">Historischer und aktueller Zustand der Sveti-Marko-Insel<\/h2>\n\n<p>Bis zum Krieg im Gebiet des SFRJ (bis 1991) waren die G\u00e4ste der Insel haupts\u00e4chlich junge Menschen \u2013 Abenteurer, die neben Sonnenbaden und Schwimmen ihren Urlaub mit verschiedenen Wassersportarten verbrachten, w\u00e4hrend zahlreiche Animateure sie mit kulturellen und unterhaltsamen Shows und Spektakeln aufmunterten. Auf der Insel <strong>Sveti Marko<\/strong> waren fr\u00fcher t\u00e4glich hundert Besucher. Heute ist es eine v\u00f6llig andere Geschichte. Sie ist verlassen, und die darauf erbauten Touristenanlagen sind mit Unkraut und Gras \u00fcberwuchert. Die Insel ist v\u00f6llig dem Zahn der Zeit \u00fcberlassen und wartet darauf, verkauft zu werden.<\/p>\n\n<figure class=\"wp-block-image size-large\"><img loading=\"lazy\" decoding=\"async\" width=\"1024\" height=\"682\" src=\"https:\/\/www.visit-montenegro.com\/wp-content\/uploads\/2026\/01\/tivat-gospa-od-milosti-1024x682.jpg\" alt=\"\" class=\"wp-image-36220\" srcset=\"https:\/\/www.visit-montenegro.com\/wp-content\/uploads\/2026\/01\/tivat-gospa-od-milosti-1024x682.jpg 1024w, https:\/\/www.visit-montenegro.com\/wp-content\/uploads\/2026\/01\/tivat-gospa-od-milosti-300x200.jpg 300w, https:\/\/www.visit-montenegro.com\/wp-content\/uploads\/2026\/01\/tivat-gospa-od-milosti-768x512.jpg 768w, https:\/\/www.visit-montenegro.com\/wp-content\/uploads\/2026\/01\/tivat-gospa-od-milosti-1536x1023.jpg 1536w, https:\/\/www.visit-montenegro.com\/wp-content\/uploads\/2026\/01\/tivat-gospa-od-milosti-1200x799.jpg 1200w, https:\/\/www.visit-montenegro.com\/wp-content\/uploads\/2026\/01\/tivat-gospa-od-milosti-scaled.jpg 1600w\" sizes=\"auto, (max-width: 1024px) 100vw, 1024px\" \/><figcaption class=\"wp-element-caption\">Insel in der Tivater Bucht Gospa od Milosti in Montenegro<\/figcaption><\/figure>\n\n<p>Dennoch, wenn Sie abenteuerliche Ambitionen haben, besuchen Sie diese Insel, zumindest wegen des Strandes, der Sie mit seinem Aussehen verzaubern wird.<\/p>\n\n<h3 class=\"wp-block-heading\">Alternativer Name und Legende<\/h3>\n\n<p>Die Insel <strong>Sveti Marko<\/strong> wird auch Stradioti genannt, weil der Legende nach auf der Insel ein Lager venezianischer Soldaten griechischer Herkunft bestand, und daher stammt dieser Name (Stradiotes \u2013 Soldat).<\/p>\n","protected":false},"excerpt":{"rendered":"<p>Entdecken Sie die Sveti-Marko-Insel, ein ehemals bl\u00fchendes Touristenziel in Montenegro, das heute verlassen und \u00fcberwuchert ist. Erfahren Sie mehr \u00fcber ihre Geschichte, die Anreise von Tivat aus und warum sie ein verstecktes Juwel f\u00fcr Abenteurer ist, die ein einzigartiges Stranderlebnis suchen.<\/p>\n","protected":false},"author":1,"featured_media":135163,"parent":135152,"menu_order":0,"comment_status":"closed","ping_status":"closed","template":"","meta":{"_yoast_wpseo_focuskw":"Sveti-Marko-Insel","_yoast_wpseo_metadesc":"Entdecken Sie die Sveti-Marko-Insel in Montenegro: ein mysteri\u00f6ses, verlassenes Paradies mit reicher Geschichte und traumhaftem Strand. Perfekt f\u00fcr Abenteurer und Geschichtsinteressierte.","_kad_post_transparent":"","_kad_post_title":"","_kad_post_layout":"","_kad_post_sidebar_id":"","_kad_post_content_style":"","_kad_post_vertical_padding":"","_kad_post_feature":"","_kad_post_feature_position":"","_kad_post_header":false,"_kad_post_footer":false,"_kad_post_classname":"","iawp_total_views":18,"footnotes":""},"tags":[],"class_list":["post-135162","page","type-page","status-publish","has-post-thumbnail","hentry"],"yoast_head":"<!-- This site is optimized with the Yoast SEO plugin v27.3 - https:\/\/yoast.com\/product\/yoast-seo-wordpress\/ -->\n<title>Sveti-Marko-Insel - Visit Montenegro<\/title>\n<meta name=\"description\" content=\"Entdecken Sie die Sveti-Marko-Insel in Montenegro: ein mysteri\u00f6ses, verlassenes Paradies mit reicher Geschichte und traumhaftem Strand. Perfekt f\u00fcr Abenteurer und Geschichtsinteressierte.\" \/>\n<meta name=\"robots\" content=\"index, follow, max-snippet:-1, max-image-preview:large, max-video-preview:-1\" \/>\n<link rel=\"canonical\" href=\"https:\/\/www.visit-montenegro.com\/de\/reiseziele\/tivat\/sehenswuerdigkeiten\/sveti-marko-island\/\" \/>\n<meta property=\"og:locale\" content=\"de_DE\" \/>\n<meta property=\"og:type\" content=\"article\" \/>\n<meta property=\"og:title\" content=\"Sveti-Marko-Insel - Visit Montenegro\" \/>\n<meta property=\"og:description\" content=\"Entdecken Sie die Sveti-Marko-Insel in Montenegro: ein mysteri\u00f6ses, verlassenes Paradies mit reicher Geschichte und traumhaftem Strand. Perfekt f\u00fcr Abenteurer und Geschichtsinteressierte.\" \/>\n<meta property=\"og:url\" content=\"https:\/\/www.visit-montenegro.com\/de\/reiseziele\/tivat\/sehenswuerdigkeiten\/sveti-marko-island\/\" \/>\n<meta property=\"og:site_name\" content=\"Visit Montenegro\" \/>\n<meta property=\"article:publisher\" content=\"https:\/\/www.facebook.com\/visitmontenegro\" \/>\n<meta property=\"article:modified_time\" content=\"2026-02-22T16:12:23+00:00\" \/>\n<meta property=\"og:image\" content=\"https:\/\/www.visit-montenegro.com\/wp-content\/uploads\/2026\/01\/tivat-gospa-od-milosti-ostrvo-cvijeca-scaled.jpg\" \/>\n\t<meta property=\"og:image:width\" content=\"1600\" \/>\n\t<meta property=\"og:image:height\" content=\"1066\" \/>\n\t<meta property=\"og:image:type\" content=\"image\/jpeg\" \/>\n<meta name=\"twitter:card\" content=\"summary_large_image\" \/>\n<meta name=\"twitter:site\" content=\"@visitmontenegro\" \/>\n<meta name=\"twitter:label1\" content=\"Gesch\u00e4tzte Lesezeit\" \/>\n\t<meta name=\"twitter:data1\" content=\"1\u00a0Minute\" \/>\n<script type=\"application\/ld+json\" class=\"yoast-schema-graph\">{\"@context\":\"https:\\\/\\\/schema.org\",\"@graph\":[{\"@type\":\"WebPage\",\"@id\":\"https:\\\/\\\/www.visit-montenegro.com\\\/de\\\/reiseziele\\\/tivat\\\/sehenswuerdigkeiten\\\/sveti-marko-island\\\/\",\"url\":\"https:\\\/\\\/www.visit-montenegro.com\\\/de\\\/reiseziele\\\/tivat\\\/sehenswuerdigkeiten\\\/sveti-marko-island\\\/\",\"name\":\"Sveti-Marko-Insel - Visit Montenegro\",\"isPartOf\":{\"@id\":\"https:\\\/\\\/www.visit-montenegro.com\\\/de\\\/#website\"},\"primaryImageOfPage\":{\"@id\":\"https:\\\/\\\/www.visit-montenegro.com\\\/de\\\/reiseziele\\\/tivat\\\/sehenswuerdigkeiten\\\/sveti-marko-island\\\/#primaryimage\"},\"image\":{\"@id\":\"https:\\\/\\\/www.visit-montenegro.com\\\/de\\\/reiseziele\\\/tivat\\\/sehenswuerdigkeiten\\\/sveti-marko-island\\\/#primaryimage\"},\"thumbnailUrl\":\"https:\\\/\\\/www.visit-montenegro.com\\\/wp-content\\\/uploads\\\/2026\\\/01\\\/tivat-gospa-od-milosti-ostrvo-cvijeca-scaled.jpg\",\"datePublished\":\"2026-01-27T20:44:31+00:00\",\"dateModified\":\"2026-02-22T16:12:23+00:00\",\"description\":\"Entdecken Sie die Sveti-Marko-Insel in Montenegro: ein mysteri\u00f6ses, verlassenes Paradies mit reicher Geschichte und traumhaftem Strand. Perfekt f\u00fcr Abenteurer und Geschichtsinteressierte.\",\"breadcrumb\":{\"@id\":\"https:\\\/\\\/www.visit-montenegro.com\\\/de\\\/reiseziele\\\/tivat\\\/sehenswuerdigkeiten\\\/sveti-marko-island\\\/#breadcrumb\"},\"inLanguage\":\"de\",\"potentialAction\":[{\"@type\":\"ReadAction\",\"target\":[\"https:\\\/\\\/www.visit-montenegro.com\\\/de\\\/reiseziele\\\/tivat\\\/sehenswuerdigkeiten\\\/sveti-marko-island\\\/\"]}]},{\"@type\":\"ImageObject\",\"inLanguage\":\"de\",\"@id\":\"https:\\\/\\\/www.visit-montenegro.com\\\/de\\\/reiseziele\\\/tivat\\\/sehenswuerdigkeiten\\\/sveti-marko-island\\\/#primaryimage\",\"url\":\"https:\\\/\\\/www.visit-montenegro.com\\\/wp-content\\\/uploads\\\/2026\\\/01\\\/tivat-gospa-od-milosti-ostrvo-cvijeca-scaled.jpg\",\"contentUrl\":\"https:\\\/\\\/www.visit-montenegro.com\\\/wp-content\\\/uploads\\\/2026\\\/01\\\/tivat-gospa-od-milosti-ostrvo-cvijeca-scaled.jpg\",\"width\":1600,\"height\":1066,\"caption\":\"Insel in der Tivater Bucht Gospa od Milosti in Montenegro\"},{\"@type\":\"BreadcrumbList\",\"@id\":\"https:\\\/\\\/www.visit-montenegro.com\\\/de\\\/reiseziele\\\/tivat\\\/sehenswuerdigkeiten\\\/sveti-marko-island\\\/#breadcrumb\",\"itemListElement\":[{\"@type\":\"ListItem\",\"position\":1,\"name\":\"Home\",\"item\":\"https:\\\/\\\/www.visit-montenegro.com\\\/de\\\/home\\\/\"},{\"@type\":\"ListItem\",\"position\":2,\"name\":\"Reiseziele in Montenegro\",\"item\":\"https:\\\/\\\/www.visit-montenegro.com\\\/de\\\/reiseziele\\\/\"},{\"@type\":\"ListItem\",\"position\":3,\"name\":\"Tivat\",\"item\":\"https:\\\/\\\/www.visit-montenegro.com\\\/de\\\/reiseziele\\\/tivat\\\/\"},{\"@type\":\"ListItem\",\"position\":4,\"name\":\"Tivat Sehensw\u00fcrdigkeiten\",\"item\":\"https:\\\/\\\/www.visit-montenegro.com\\\/de\\\/reiseziele\\\/tivat\\\/sehenswuerdigkeiten\\\/\"},{\"@type\":\"ListItem\",\"position\":5,\"name\":\"Sveti-Marko-Insel\"}]},{\"@type\":\"WebSite\",\"@id\":\"https:\\\/\\\/www.visit-montenegro.com\\\/de\\\/#website\",\"url\":\"https:\\\/\\\/www.visit-montenegro.com\\\/de\\\/\",\"name\":\"Visit Montenegro\",\"description\":\"Breathtaking beauty\",\"publisher\":{\"@id\":\"https:\\\/\\\/www.visit-montenegro.com\\\/de\\\/#organization\"},\"potentialAction\":[{\"@type\":\"SearchAction\",\"target\":{\"@type\":\"EntryPoint\",\"urlTemplate\":\"https:\\\/\\\/www.visit-montenegro.com\\\/de\\\/?s={search_term_string}\"},\"query-input\":{\"@type\":\"PropertyValueSpecification\",\"valueRequired\":true,\"valueName\":\"search_term_string\"}}],\"inLanguage\":\"de\"},{\"@type\":\"Organization\",\"@id\":\"https:\\\/\\\/www.visit-montenegro.com\\\/de\\\/#organization\",\"name\":\"Visit Montenegro\",\"url\":\"https:\\\/\\\/www.visit-montenegro.com\\\/de\\\/\",\"logo\":{\"@type\":\"ImageObject\",\"inLanguage\":\"de\",\"@id\":\"https:\\\/\\\/www.visit-montenegro.com\\\/de\\\/#\\\/schema\\\/logo\\\/image\\\/\",\"url\":\"https:\\\/\\\/www.visit-montenegro.com\\\/wp-content\\\/uploads\\\/2017\\\/10\\\/logo-amp.png\",\"contentUrl\":\"https:\\\/\\\/www.visit-montenegro.com\\\/wp-content\\\/uploads\\\/2017\\\/10\\\/logo-amp.png\",\"width\":190,\"height\":36,\"caption\":\"Visit Montenegro\"},\"image\":{\"@id\":\"https:\\\/\\\/www.visit-montenegro.com\\\/de\\\/#\\\/schema\\\/logo\\\/image\\\/\"},\"sameAs\":[\"https:\\\/\\\/www.facebook.com\\\/visitmontenegro\",\"https:\\\/\\\/x.com\\\/visitmontenegro\",\"https:\\\/\\\/www.instagram.com\\\/visit_montenegro\\\/\",\"https:\\\/\\\/www.youtube.com\\\/user\\\/VisitMontenegro\"]}]}<\/script>\n<!-- \/ Yoast SEO plugin. -->","yoast_head_json":{"title":"Sveti-Marko-Insel - Visit Montenegro","description":"Entdecken Sie die Sveti-Marko-Insel in Montenegro: ein mysteri\u00f6ses, verlassenes Paradies mit reicher Geschichte und traumhaftem Strand. Perfekt f\u00fcr Abenteurer und Geschichtsinteressierte.","robots":{"index":"index","follow":"follow","max-snippet":"max-snippet:-1","max-image-preview":"max-image-preview:large","max-video-preview":"max-video-preview:-1"},"canonical":"https:\/\/www.visit-montenegro.com\/de\/reiseziele\/tivat\/sehenswuerdigkeiten\/sveti-marko-island\/","og_locale":"de_DE","og_type":"article","og_title":"Sveti-Marko-Insel - Visit Montenegro","og_description":"Entdecken Sie die Sveti-Marko-Insel in Montenegro: ein mysteri\u00f6ses, verlassenes Paradies mit reicher Geschichte und traumhaftem Strand. Perfekt f\u00fcr Abenteurer und Geschichtsinteressierte.","og_url":"https:\/\/www.visit-montenegro.com\/de\/reiseziele\/tivat\/sehenswuerdigkeiten\/sveti-marko-island\/","og_site_name":"Visit Montenegro","article_publisher":"https:\/\/www.facebook.com\/visitmontenegro","article_modified_time":"2026-02-22T16:12:23+00:00","og_image":[{"width":1600,"height":1066,"url":"https:\/\/www.visit-montenegro.com\/wp-content\/uploads\/2026\/01\/tivat-gospa-od-milosti-ostrvo-cvijeca-scaled.jpg","type":"image\/jpeg"}],"twitter_card":"summary_large_image","twitter_site":"@visitmontenegro","twitter_misc":{"Gesch\u00e4tzte Lesezeit":"1\u00a0Minute"},"schema":{"@context":"https:\/\/schema.org","@graph":[{"@type":"WebPage","@id":"https:\/\/www.visit-montenegro.com\/de\/reiseziele\/tivat\/sehenswuerdigkeiten\/sveti-marko-island\/","url":"https:\/\/www.visit-montenegro.com\/de\/reiseziele\/tivat\/sehenswuerdigkeiten\/sveti-marko-island\/","name":"Sveti-Marko-Insel - Visit Montenegro","isPartOf":{"@id":"https:\/\/www.visit-montenegro.com\/de\/#website"},"primaryImageOfPage":{"@id":"https:\/\/www.visit-montenegro.com\/de\/reiseziele\/tivat\/sehenswuerdigkeiten\/sveti-marko-island\/#primaryimage"},"image":{"@id":"https:\/\/www.visit-montenegro.com\/de\/reiseziele\/tivat\/sehenswuerdigkeiten\/sveti-marko-island\/#primaryimage"},"thumbnailUrl":"https:\/\/www.visit-montenegro.com\/wp-content\/uploads\/2026\/01\/tivat-gospa-od-milosti-ostrvo-cvijeca-scaled.jpg","datePublished":"2026-01-27T20:44:31+00:00","dateModified":"2026-02-22T16:12:23+00:00","description":"Entdecken Sie die Sveti-Marko-Insel in Montenegro: ein mysteri\u00f6ses, verlassenes Paradies mit reicher Geschichte und traumhaftem Strand. Perfekt f\u00fcr Abenteurer und Geschichtsinteressierte.","breadcrumb":{"@id":"https:\/\/www.visit-montenegro.com\/de\/reiseziele\/tivat\/sehenswuerdigkeiten\/sveti-marko-island\/#breadcrumb"},"inLanguage":"de","potentialAction":[{"@type":"ReadAction","target":["https:\/\/www.visit-montenegro.com\/de\/reiseziele\/tivat\/sehenswuerdigkeiten\/sveti-marko-island\/"]}]},{"@type":"ImageObject","inLanguage":"de","@id":"https:\/\/www.visit-montenegro.com\/de\/reiseziele\/tivat\/sehenswuerdigkeiten\/sveti-marko-island\/#primaryimage","url":"https:\/\/www.visit-montenegro.com\/wp-content\/uploads\/2026\/01\/tivat-gospa-od-milosti-ostrvo-cvijeca-scaled.jpg","contentUrl":"https:\/\/www.visit-montenegro.com\/wp-content\/uploads\/2026\/01\/tivat-gospa-od-milosti-ostrvo-cvijeca-scaled.jpg","width":1600,"height":1066,"caption":"Insel in der Tivater Bucht Gospa od Milosti in Montenegro"},{"@type":"BreadcrumbList","@id":"https:\/\/www.visit-montenegro.com\/de\/reiseziele\/tivat\/sehenswuerdigkeiten\/sveti-marko-island\/#breadcrumb","itemListElement":[{"@type":"ListItem","position":1,"name":"Home","item":"https:\/\/www.visit-montenegro.com\/de\/home\/"},{"@type":"ListItem","position":2,"name":"Reiseziele in Montenegro","item":"https:\/\/www.visit-montenegro.com\/de\/reiseziele\/"},{"@type":"ListItem","position":3,"name":"Tivat","item":"https:\/\/www.visit-montenegro.com\/de\/reiseziele\/tivat\/"},{"@type":"ListItem","position":4,"name":"Tivat Sehensw\u00fcrdigkeiten","item":"https:\/\/www.visit-montenegro.com\/de\/reiseziele\/tivat\/sehenswuerdigkeiten\/"},{"@type":"ListItem","position":5,"name":"Sveti-Marko-Insel"}]},{"@type":"WebSite","@id":"https:\/\/www.visit-montenegro.com\/de\/#website","url":"https:\/\/www.visit-montenegro.com\/de\/","name":"Visit Montenegro","description":"Breathtaking beauty","publisher":{"@id":"https:\/\/www.visit-montenegro.com\/de\/#organization"},"potentialAction":[{"@type":"SearchAction","target":{"@type":"EntryPoint","urlTemplate":"https:\/\/www.visit-montenegro.com\/de\/?s={search_term_string}"},"query-input":{"@type":"PropertyValueSpecification","valueRequired":true,"valueName":"search_term_string"}}],"inLanguage":"de"},{"@type":"Organization","@id":"https:\/\/www.visit-montenegro.com\/de\/#organization","name":"Visit Montenegro","url":"https:\/\/www.visit-montenegro.com\/de\/","logo":{"@type":"ImageObject","inLanguage":"de","@id":"https:\/\/www.visit-montenegro.com\/de\/#\/schema\/logo\/image\/","url":"https:\/\/www.visit-montenegro.com\/wp-content\/uploads\/2017\/10\/logo-amp.png","contentUrl":"https:\/\/www.visit-montenegro.com\/wp-content\/uploads\/2017\/10\/logo-amp.png","width":190,"height":36,"caption":"Visit Montenegro"},"image":{"@id":"https:\/\/www.visit-montenegro.com\/de\/#\/schema\/logo\/image\/"},"sameAs":["https:\/\/www.facebook.com\/visitmontenegro","https:\/\/x.com\/visitmontenegro","https:\/\/www.instagram.com\/visit_montenegro\/","https:\/\/www.youtube.com\/user\/VisitMontenegro"]}]}},"translations":[],"_links":{"self":[{"href":"https:\/\/www.visit-montenegro.com\/de\/wp-json\/wp\/v2\/pages\/135162","targetHints":{"allow":["GET"]}}],"collection":[{"href":"https:\/\/www.visit-montenegro.com\/de\/wp-json\/wp\/v2\/pages"}],"about":[{"href":"https:\/\/www.visit-montenegro.com\/de\/wp-json\/wp\/v2\/types\/page"}],"author":[{"embeddable":true,"href":"https:\/\/www.visit-montenegro.com\/de\/wp-json\/wp\/v2\/users\/1"}],"replies":[{"embeddable":true,"href":"https:\/\/www.visit-montenegro.com\/de\/wp-json\/wp\/v2\/comments?post=135162"}],"version-history":[{"count":0,"href":"https:\/\/www.visit-montenegro.com\/de\/wp-json\/wp\/v2\/pages\/135162\/revisions"}],"up":[{"embeddable":true,"href":"https:\/\/www.visit-montenegro.com\/de\/wp-json\/wp\/v2\/pages\/135152"}],"wp:featuredmedia":[{"embeddable":true,"href":"https:\/\/www.visit-montenegro.com\/de\/wp-json\/wp\/v2\/media\/135163"}],"wp:attachment":[{"href":"https:\/\/www.visit-montenegro.com\/de\/wp-json\/wp\/v2\/media?parent=135162"}],"wp:term":[{"taxonomy":"post_tag","embeddable":true,"href":"https:\/\/www.visit-montenegro.com\/de\/wp-json\/wp\/v2\/tags?post=135162"}],"curies":[{"name":"wp","href":"https:\/\/api.w.org\/{rel}","templated":true}]}}