{"id":135191,"date":"2026-01-27T21:44:31","date_gmt":"2026-01-27T20:44:31","guid":{"rendered":"https:\/\/new.visit-montenegro.com\/ziele\/tivat\/attractions\/stadtpark\/"},"modified":"2026-02-22T17:15:04","modified_gmt":"2026-02-22T16:15:04","slug":"stadtpark","status":"publish","type":"page","link":"https:\/\/www.visit-montenegro.com\/de\/reiseziele\/tivat\/sehenswuerdigkeiten\/stadtpark\/","title":{"rendered":"Tivat Stadtpark"},"content":{"rendered":"\n<p>Der Gro\u00dfe Stadtpark ist ein 4 Hektar gro\u00dfer botanischer Garten in <a href=\"https:\/\/www.visit-montenegro.com\/de\/reiseziele\/tivat\/\">Tivat<\/a>, Montenegro, bekannt als der gr\u00f6\u00dfte im s\u00fcdlichen Adriaraum. Er beherbergt exotische Pflanzen, die von \u00f6sterreichisch-ungarischen Marinekapit\u00e4nen gesammelt wurden, und ist eine gesch\u00fctzte gr\u00fcne Oase nahe dem Przno-Strand.<\/p>\n\n<hr class=\"wp-block-separator has-alpha-channel-opacity\"\/>\n\n<h2 class=\"wp-block-heading\">Einf\u00fchrung in den Tivat Stadtpark<\/h2>\n\n<p>Ein Teil Ihres Urlaubs in Tivat sollte dem Rundgang durch den Stadtpark gewidmet sein, der in der N\u00e4he des Przno-Strands liegt. Ein Grund f\u00fcr einen solchen Besuch k\u00f6nnte sein, dass es nie genug Erholung und Spazierg\u00e4nge in der Natur geben kann. Wir erg\u00e4nzen das Wissen \u00fcber den <strong>Tivat Stadtpark<\/strong>, oder die gr\u00fcne Oase, wie dieser Ort auch genannt wird, mit der Geschichte, dass der Park den gr\u00f6\u00dften botanischen Garten im s\u00fcdlichen Adriaraum besitzt. Dass dies tats\u00e4chlich so ist, best\u00e4tigen die Aufzeichnungen, dass der Park eine Fl\u00e4che von 4 Hektar umfasst.<\/p>\n\n<h2 class=\"wp-block-heading\">Historische Urspr\u00fcnge und Entwicklung<\/h2>\n\n<p>Der Park wurde auf dem Land der ber\u00fchmten Tivater Adelsfamilien Radali und Lukovic angelegt. Der botanische Garten ist besser bekannt als Marinepark. Interessant ist zu erw\u00e4hnen, dass der Kommandant der Kriegsmarine der \u00f6sterreichisch-ungarischen Monarchie, Admiral Maksimilijan Daubleski von Sternek, im Jahr 1892 auf die Idee kam, die Umgebung der ehemaligen milit\u00e4rischen Schiffbauindustrie und der Kriegsflotte, besser bekannt unter dem Namen Tivat Arsenal, mit Blumen zu kultivieren. Im Jahr 1892 erlie\u00df Admiral von Sternek n\u00e4mlich einen Befehl, mit dem er alle Kapit\u00e4ne der \u00f6sterreichisch-ungarischen Marine verpflichtete, von ihren Reisen Exemplare verschiedener Kr\u00e4uter und Pflanzen mitzubringen.<\/p>\n\n<figure class=\"wp-block-image size-large\"><img loading=\"lazy\" decoding=\"async\" width=\"1024\" height=\"682\" src=\"https:\/\/www.visit-montenegro.com\/wp-content\/uploads\/2026\/02\/tivat-park-entrance-1024x682.jpg\" alt=\"\" class=\"wp-image-133717\" srcset=\"https:\/\/www.visit-montenegro.com\/wp-content\/uploads\/2026\/02\/tivat-park-entrance-1024x682.jpg 1024w, https:\/\/www.visit-montenegro.com\/wp-content\/uploads\/2026\/02\/tivat-park-entrance-300x200.jpg 300w, https:\/\/www.visit-montenegro.com\/wp-content\/uploads\/2026\/02\/tivat-park-entrance-768x511.jpg 768w, https:\/\/www.visit-montenegro.com\/wp-content\/uploads\/2026\/02\/tivat-park-entrance-1536x1022.jpg 1536w, https:\/\/www.visit-montenegro.com\/wp-content\/uploads\/2026\/02\/tivat-park-entrance.jpg 1600w\" sizes=\"auto, (max-width: 1024px) 100vw, 1024px\" \/><figcaption class=\"wp-element-caption\">Eingang zum Gro\u00dfen Stadtpark, Tivat<\/figcaption><\/figure>\n\n<p>Nach ihren Fahrten \u00fcber die fernen Meere wurden in Tivat nach einiger Zeit Exemplare verschiedener exotischer Kr\u00e4uter gebracht, die noch heute im Tivater botanischen Garten zu finden sind. Folglich gibt es heute im <strong>Tivat Stadtpark<\/strong> mehrere Exemplare sehr seltener und wertvoller Pflanzen wie: Chile-Tanne, verschiedene Arten von Arisen, Zedern, Kiefern, Palmen, Magnolien und andere attraktive Baum-, Kraut- und Vegetationsarten.<\/p>\n\n<h2 class=\"wp-block-heading\">Erhaltung und Zukunftspl\u00e4ne<\/h2>\n\n<p>Der <strong>Tivat Stadtpark<\/strong> in Tivat ist die einzige Einrichtung, die im Gebiet von Tivat gesch\u00fctzt ist. Die Entscheidung dar\u00fcber stammt aus dem Jahr 1968. Dennoch wird in letzter Zeit die Idee laut, dass eine noch bessere Entscheidung \u00fcber den Schutz und die Revitalisierung des Parks getroffen werden sollte, was nach Ank\u00fcndigungen bald Aufgabe der Gemeinde Tivat und des Amtes f\u00fcr Naturschutz Montenegros sein wird.<\/p>\n","protected":false},"excerpt":{"rendered":"<p>Entdecken Sie den Gro\u00dfen Stadtpark in Tivat, Montenegro \u2013 einen 4 Hektar gro\u00dfen botanischen Garten und gr\u00fcne Oase nahe dem Przno-Strand. Erkunden Sie seine reiche Geschichte und exotische Pflanzen, die von \u00f6sterreichisch-ungarischen Marinekapit\u00e4nen gesammelt wurden.<\/p>\n","protected":false},"author":1,"featured_media":135192,"parent":135152,"menu_order":0,"comment_status":"closed","ping_status":"closed","template":"","meta":{"_yoast_wpseo_focuskw":"Tivat Stadtpark","_yoast_wpseo_metadesc":"Entdecken Sie den Gro\u00dfen Stadtpark in Tivat: Montenegros gr\u00f6\u00dfter botanischer Garten mit exotischen Pflanzen und reicher Geschichte. Planen Sie Ihren Besuch in dieser gr\u00fcnen Oase nahe dem Przno-Strand.","_kad_post_transparent":"","_kad_post_title":"","_kad_post_layout":"","_kad_post_sidebar_id":"","_kad_post_content_style":"","_kad_post_vertical_padding":"","_kad_post_feature":"","_kad_post_feature_position":"","_kad_post_header":false,"_kad_post_footer":false,"_kad_post_classname":"","iawp_total_views":4,"footnotes":""},"tags":[],"class_list":["post-135191","page","type-page","status-publish","has-post-thumbnail","hentry"],"yoast_head":"<!-- This site is optimized with the Yoast SEO plugin v27.3 - https:\/\/yoast.com\/product\/yoast-seo-wordpress\/ -->\n<title>Tivat Stadtpark - Visit Montenegro<\/title>\n<meta name=\"description\" content=\"Entdecken Sie den Gro\u00dfen Stadtpark in Tivat: Montenegros gr\u00f6\u00dfter botanischer Garten mit exotischen Pflanzen und reicher Geschichte. Planen Sie Ihren Besuch in dieser gr\u00fcnen Oase nahe dem Przno-Strand.\" \/>\n<meta name=\"robots\" content=\"index, follow, max-snippet:-1, max-image-preview:large, max-video-preview:-1\" \/>\n<link rel=\"canonical\" href=\"https:\/\/www.visit-montenegro.com\/de\/reiseziele\/tivat\/sehenswuerdigkeiten\/stadtpark\/\" \/>\n<meta property=\"og:locale\" content=\"de_DE\" \/>\n<meta property=\"og:type\" content=\"article\" \/>\n<meta property=\"og:title\" content=\"Tivat Stadtpark - Visit Montenegro\" \/>\n<meta property=\"og:description\" content=\"Entdecken Sie den Gro\u00dfen Stadtpark in Tivat: Montenegros gr\u00f6\u00dfter botanischer Garten mit exotischen Pflanzen und reicher Geschichte. Planen Sie Ihren Besuch in dieser gr\u00fcnen Oase nahe dem Przno-Strand.\" \/>\n<meta property=\"og:url\" content=\"https:\/\/www.visit-montenegro.com\/de\/reiseziele\/tivat\/sehenswuerdigkeiten\/stadtpark\/\" \/>\n<meta property=\"og:site_name\" content=\"Visit Montenegro\" \/>\n<meta property=\"article:publisher\" content=\"https:\/\/www.facebook.com\/visitmontenegro\" \/>\n<meta property=\"article:modified_time\" content=\"2026-02-22T16:15:04+00:00\" \/>\n<meta property=\"og:image\" content=\"https:\/\/www.visit-montenegro.com\/wp-content\/uploads\/2026\/01\/tivat-central-park-scaled.jpg\" \/>\n\t<meta property=\"og:image:width\" content=\"1600\" \/>\n\t<meta property=\"og:image:height\" content=\"1065\" \/>\n\t<meta property=\"og:image:type\" content=\"image\/jpeg\" \/>\n<meta name=\"twitter:card\" content=\"summary_large_image\" \/>\n<meta name=\"twitter:site\" content=\"@visitmontenegro\" \/>\n<meta name=\"twitter:label1\" content=\"Gesch\u00e4tzte Lesezeit\" \/>\n\t<meta name=\"twitter:data1\" content=\"2\u00a0Minuten\" \/>\n<script type=\"application\/ld+json\" class=\"yoast-schema-graph\">{\"@context\":\"https:\\\/\\\/schema.org\",\"@graph\":[{\"@type\":\"WebPage\",\"@id\":\"https:\\\/\\\/www.visit-montenegro.com\\\/de\\\/reiseziele\\\/tivat\\\/sehenswuerdigkeiten\\\/stadtpark\\\/\",\"url\":\"https:\\\/\\\/www.visit-montenegro.com\\\/de\\\/reiseziele\\\/tivat\\\/sehenswuerdigkeiten\\\/stadtpark\\\/\",\"name\":\"Tivat Stadtpark - Visit Montenegro\",\"isPartOf\":{\"@id\":\"https:\\\/\\\/www.visit-montenegro.com\\\/de\\\/#website\"},\"primaryImageOfPage\":{\"@id\":\"https:\\\/\\\/www.visit-montenegro.com\\\/de\\\/reiseziele\\\/tivat\\\/sehenswuerdigkeiten\\\/stadtpark\\\/#primaryimage\"},\"image\":{\"@id\":\"https:\\\/\\\/www.visit-montenegro.com\\\/de\\\/reiseziele\\\/tivat\\\/sehenswuerdigkeiten\\\/stadtpark\\\/#primaryimage\"},\"thumbnailUrl\":\"https:\\\/\\\/www.visit-montenegro.com\\\/wp-content\\\/uploads\\\/2026\\\/01\\\/tivat-central-park-scaled.jpg\",\"datePublished\":\"2026-01-27T20:44:31+00:00\",\"dateModified\":\"2026-02-22T16:15:04+00:00\",\"description\":\"Entdecken Sie den Gro\u00dfen Stadtpark in Tivat: Montenegros gr\u00f6\u00dfter botanischer Garten mit exotischen Pflanzen und reicher Geschichte. Planen Sie Ihren Besuch in dieser gr\u00fcnen Oase nahe dem Przno-Strand.\",\"breadcrumb\":{\"@id\":\"https:\\\/\\\/www.visit-montenegro.com\\\/de\\\/reiseziele\\\/tivat\\\/sehenswuerdigkeiten\\\/stadtpark\\\/#breadcrumb\"},\"inLanguage\":\"de\",\"potentialAction\":[{\"@type\":\"ReadAction\",\"target\":[\"https:\\\/\\\/www.visit-montenegro.com\\\/de\\\/reiseziele\\\/tivat\\\/sehenswuerdigkeiten\\\/stadtpark\\\/\"]}]},{\"@type\":\"ImageObject\",\"inLanguage\":\"de\",\"@id\":\"https:\\\/\\\/www.visit-montenegro.com\\\/de\\\/reiseziele\\\/tivat\\\/sehenswuerdigkeiten\\\/stadtpark\\\/#primaryimage\",\"url\":\"https:\\\/\\\/www.visit-montenegro.com\\\/wp-content\\\/uploads\\\/2026\\\/01\\\/tivat-central-park-scaled.jpg\",\"contentUrl\":\"https:\\\/\\\/www.visit-montenegro.com\\\/wp-content\\\/uploads\\\/2026\\\/01\\\/tivat-central-park-scaled.jpg\",\"width\":1600,\"height\":1065,\"caption\":\"An der Weggabelung. Wege im Park. Montenegro, Blick auf den botanischen Garten (Gro\u00dfer Stadtpark) in der Stadt Tivat\"},{\"@type\":\"BreadcrumbList\",\"@id\":\"https:\\\/\\\/www.visit-montenegro.com\\\/de\\\/reiseziele\\\/tivat\\\/sehenswuerdigkeiten\\\/stadtpark\\\/#breadcrumb\",\"itemListElement\":[{\"@type\":\"ListItem\",\"position\":1,\"name\":\"Home\",\"item\":\"https:\\\/\\\/www.visit-montenegro.com\\\/de\\\/home\\\/\"},{\"@type\":\"ListItem\",\"position\":2,\"name\":\"Reiseziele in Montenegro\",\"item\":\"https:\\\/\\\/www.visit-montenegro.com\\\/de\\\/reiseziele\\\/\"},{\"@type\":\"ListItem\",\"position\":3,\"name\":\"Tivat\",\"item\":\"https:\\\/\\\/www.visit-montenegro.com\\\/de\\\/reiseziele\\\/tivat\\\/\"},{\"@type\":\"ListItem\",\"position\":4,\"name\":\"Tivat Sehensw\u00fcrdigkeiten\",\"item\":\"https:\\\/\\\/www.visit-montenegro.com\\\/de\\\/reiseziele\\\/tivat\\\/sehenswuerdigkeiten\\\/\"},{\"@type\":\"ListItem\",\"position\":5,\"name\":\"Tivat Stadtpark\"}]},{\"@type\":\"WebSite\",\"@id\":\"https:\\\/\\\/www.visit-montenegro.com\\\/de\\\/#website\",\"url\":\"https:\\\/\\\/www.visit-montenegro.com\\\/de\\\/\",\"name\":\"Visit Montenegro\",\"description\":\"Breathtaking beauty\",\"publisher\":{\"@id\":\"https:\\\/\\\/www.visit-montenegro.com\\\/de\\\/#organization\"},\"potentialAction\":[{\"@type\":\"SearchAction\",\"target\":{\"@type\":\"EntryPoint\",\"urlTemplate\":\"https:\\\/\\\/www.visit-montenegro.com\\\/de\\\/?s={search_term_string}\"},\"query-input\":{\"@type\":\"PropertyValueSpecification\",\"valueRequired\":true,\"valueName\":\"search_term_string\"}}],\"inLanguage\":\"de\"},{\"@type\":\"Organization\",\"@id\":\"https:\\\/\\\/www.visit-montenegro.com\\\/de\\\/#organization\",\"name\":\"Visit Montenegro\",\"url\":\"https:\\\/\\\/www.visit-montenegro.com\\\/de\\\/\",\"logo\":{\"@type\":\"ImageObject\",\"inLanguage\":\"de\",\"@id\":\"https:\\\/\\\/www.visit-montenegro.com\\\/de\\\/#\\\/schema\\\/logo\\\/image\\\/\",\"url\":\"https:\\\/\\\/www.visit-montenegro.com\\\/wp-content\\\/uploads\\\/2017\\\/10\\\/logo-amp.png\",\"contentUrl\":\"https:\\\/\\\/www.visit-montenegro.com\\\/wp-content\\\/uploads\\\/2017\\\/10\\\/logo-amp.png\",\"width\":190,\"height\":36,\"caption\":\"Visit Montenegro\"},\"image\":{\"@id\":\"https:\\\/\\\/www.visit-montenegro.com\\\/de\\\/#\\\/schema\\\/logo\\\/image\\\/\"},\"sameAs\":[\"https:\\\/\\\/www.facebook.com\\\/visitmontenegro\",\"https:\\\/\\\/x.com\\\/visitmontenegro\",\"https:\\\/\\\/www.instagram.com\\\/visit_montenegro\\\/\",\"https:\\\/\\\/www.youtube.com\\\/user\\\/VisitMontenegro\"]}]}<\/script>\n<!-- \/ Yoast SEO plugin. -->","yoast_head_json":{"title":"Tivat Stadtpark - Visit Montenegro","description":"Entdecken Sie den Gro\u00dfen Stadtpark in Tivat: Montenegros gr\u00f6\u00dfter botanischer Garten mit exotischen Pflanzen und reicher Geschichte. Planen Sie Ihren Besuch in dieser gr\u00fcnen Oase nahe dem Przno-Strand.","robots":{"index":"index","follow":"follow","max-snippet":"max-snippet:-1","max-image-preview":"max-image-preview:large","max-video-preview":"max-video-preview:-1"},"canonical":"https:\/\/www.visit-montenegro.com\/de\/reiseziele\/tivat\/sehenswuerdigkeiten\/stadtpark\/","og_locale":"de_DE","og_type":"article","og_title":"Tivat Stadtpark - Visit Montenegro","og_description":"Entdecken Sie den Gro\u00dfen Stadtpark in Tivat: Montenegros gr\u00f6\u00dfter botanischer Garten mit exotischen Pflanzen und reicher Geschichte. Planen Sie Ihren Besuch in dieser gr\u00fcnen Oase nahe dem Przno-Strand.","og_url":"https:\/\/www.visit-montenegro.com\/de\/reiseziele\/tivat\/sehenswuerdigkeiten\/stadtpark\/","og_site_name":"Visit Montenegro","article_publisher":"https:\/\/www.facebook.com\/visitmontenegro","article_modified_time":"2026-02-22T16:15:04+00:00","og_image":[{"width":1600,"height":1065,"url":"https:\/\/www.visit-montenegro.com\/wp-content\/uploads\/2026\/01\/tivat-central-park-scaled.jpg","type":"image\/jpeg"}],"twitter_card":"summary_large_image","twitter_site":"@visitmontenegro","twitter_misc":{"Gesch\u00e4tzte Lesezeit":"2\u00a0Minuten"},"schema":{"@context":"https:\/\/schema.org","@graph":[{"@type":"WebPage","@id":"https:\/\/www.visit-montenegro.com\/de\/reiseziele\/tivat\/sehenswuerdigkeiten\/stadtpark\/","url":"https:\/\/www.visit-montenegro.com\/de\/reiseziele\/tivat\/sehenswuerdigkeiten\/stadtpark\/","name":"Tivat Stadtpark - Visit Montenegro","isPartOf":{"@id":"https:\/\/www.visit-montenegro.com\/de\/#website"},"primaryImageOfPage":{"@id":"https:\/\/www.visit-montenegro.com\/de\/reiseziele\/tivat\/sehenswuerdigkeiten\/stadtpark\/#primaryimage"},"image":{"@id":"https:\/\/www.visit-montenegro.com\/de\/reiseziele\/tivat\/sehenswuerdigkeiten\/stadtpark\/#primaryimage"},"thumbnailUrl":"https:\/\/www.visit-montenegro.com\/wp-content\/uploads\/2026\/01\/tivat-central-park-scaled.jpg","datePublished":"2026-01-27T20:44:31+00:00","dateModified":"2026-02-22T16:15:04+00:00","description":"Entdecken Sie den Gro\u00dfen Stadtpark in Tivat: Montenegros gr\u00f6\u00dfter botanischer Garten mit exotischen Pflanzen und reicher Geschichte. Planen Sie Ihren Besuch in dieser gr\u00fcnen Oase nahe dem Przno-Strand.","breadcrumb":{"@id":"https:\/\/www.visit-montenegro.com\/de\/reiseziele\/tivat\/sehenswuerdigkeiten\/stadtpark\/#breadcrumb"},"inLanguage":"de","potentialAction":[{"@type":"ReadAction","target":["https:\/\/www.visit-montenegro.com\/de\/reiseziele\/tivat\/sehenswuerdigkeiten\/stadtpark\/"]}]},{"@type":"ImageObject","inLanguage":"de","@id":"https:\/\/www.visit-montenegro.com\/de\/reiseziele\/tivat\/sehenswuerdigkeiten\/stadtpark\/#primaryimage","url":"https:\/\/www.visit-montenegro.com\/wp-content\/uploads\/2026\/01\/tivat-central-park-scaled.jpg","contentUrl":"https:\/\/www.visit-montenegro.com\/wp-content\/uploads\/2026\/01\/tivat-central-park-scaled.jpg","width":1600,"height":1065,"caption":"An der Weggabelung. Wege im Park. Montenegro, Blick auf den botanischen Garten (Gro\u00dfer Stadtpark) in der Stadt Tivat"},{"@type":"BreadcrumbList","@id":"https:\/\/www.visit-montenegro.com\/de\/reiseziele\/tivat\/sehenswuerdigkeiten\/stadtpark\/#breadcrumb","itemListElement":[{"@type":"ListItem","position":1,"name":"Home","item":"https:\/\/www.visit-montenegro.com\/de\/home\/"},{"@type":"ListItem","position":2,"name":"Reiseziele in Montenegro","item":"https:\/\/www.visit-montenegro.com\/de\/reiseziele\/"},{"@type":"ListItem","position":3,"name":"Tivat","item":"https:\/\/www.visit-montenegro.com\/de\/reiseziele\/tivat\/"},{"@type":"ListItem","position":4,"name":"Tivat Sehensw\u00fcrdigkeiten","item":"https:\/\/www.visit-montenegro.com\/de\/reiseziele\/tivat\/sehenswuerdigkeiten\/"},{"@type":"ListItem","position":5,"name":"Tivat Stadtpark"}]},{"@type":"WebSite","@id":"https:\/\/www.visit-montenegro.com\/de\/#website","url":"https:\/\/www.visit-montenegro.com\/de\/","name":"Visit Montenegro","description":"Breathtaking beauty","publisher":{"@id":"https:\/\/www.visit-montenegro.com\/de\/#organization"},"potentialAction":[{"@type":"SearchAction","target":{"@type":"EntryPoint","urlTemplate":"https:\/\/www.visit-montenegro.com\/de\/?s={search_term_string}"},"query-input":{"@type":"PropertyValueSpecification","valueRequired":true,"valueName":"search_term_string"}}],"inLanguage":"de"},{"@type":"Organization","@id":"https:\/\/www.visit-montenegro.com\/de\/#organization","name":"Visit Montenegro","url":"https:\/\/www.visit-montenegro.com\/de\/","logo":{"@type":"ImageObject","inLanguage":"de","@id":"https:\/\/www.visit-montenegro.com\/de\/#\/schema\/logo\/image\/","url":"https:\/\/www.visit-montenegro.com\/wp-content\/uploads\/2017\/10\/logo-amp.png","contentUrl":"https:\/\/www.visit-montenegro.com\/wp-content\/uploads\/2017\/10\/logo-amp.png","width":190,"height":36,"caption":"Visit Montenegro"},"image":{"@id":"https:\/\/www.visit-montenegro.com\/de\/#\/schema\/logo\/image\/"},"sameAs":["https:\/\/www.facebook.com\/visitmontenegro","https:\/\/x.com\/visitmontenegro","https:\/\/www.instagram.com\/visit_montenegro\/","https:\/\/www.youtube.com\/user\/VisitMontenegro"]}]}},"translations":[],"_links":{"self":[{"href":"https:\/\/www.visit-montenegro.com\/de\/wp-json\/wp\/v2\/pages\/135191","targetHints":{"allow":["GET"]}}],"collection":[{"href":"https:\/\/www.visit-montenegro.com\/de\/wp-json\/wp\/v2\/pages"}],"about":[{"href":"https:\/\/www.visit-montenegro.com\/de\/wp-json\/wp\/v2\/types\/page"}],"author":[{"embeddable":true,"href":"https:\/\/www.visit-montenegro.com\/de\/wp-json\/wp\/v2\/users\/1"}],"replies":[{"embeddable":true,"href":"https:\/\/www.visit-montenegro.com\/de\/wp-json\/wp\/v2\/comments?post=135191"}],"version-history":[{"count":0,"href":"https:\/\/www.visit-montenegro.com\/de\/wp-json\/wp\/v2\/pages\/135191\/revisions"}],"up":[{"embeddable":true,"href":"https:\/\/www.visit-montenegro.com\/de\/wp-json\/wp\/v2\/pages\/135152"}],"wp:featuredmedia":[{"embeddable":true,"href":"https:\/\/www.visit-montenegro.com\/de\/wp-json\/wp\/v2\/media\/135192"}],"wp:attachment":[{"href":"https:\/\/www.visit-montenegro.com\/de\/wp-json\/wp\/v2\/media?parent=135191"}],"wp:term":[{"taxonomy":"post_tag","embeddable":true,"href":"https:\/\/www.visit-montenegro.com\/de\/wp-json\/wp\/v2\/tags?post=135191"}],"curies":[{"name":"wp","href":"https:\/\/api.w.org\/{rel}","templated":true}]}}