{"id":135194,"date":"2026-01-27T21:44:31","date_gmt":"2026-01-27T20:44:31","guid":{"rendered":"https:\/\/new.visit-montenegro.com\/ziele\/tivat\/attractions\/yugoslavia-consulate\/"},"modified":"2026-02-22T17:15:04","modified_gmt":"2026-02-22T16:15:04","slug":"yugoslavia-consulate","status":"publish","type":"page","link":"https:\/\/www.visit-montenegro.com\/de\/reiseziele\/tivat\/sehenswuerdigkeiten\/yugoslavia-consulate\/","title":{"rendered":"Jugoslawisches Konsulat in Tivat"},"content":{"rendered":"\n<p>Montenegro bietet ein einzigartiges historisches Erlebnis im <strong>Jugoslawischen Konsulat<\/strong> <strong>in<\/strong> <strong><a href=\"https:\/\/www.visit-montenegro.com\/de\/reiseziele\/tivat\/\">Tivat<\/a><\/strong>, einer musealen St\u00e4tte, die das Erbe der Sozialistischen F\u00f6derativen Republik Jugoslawien von 1945 bis 1989 bewahrt.<\/p>\n\n<hr class=\"wp-block-separator has-alpha-channel-opacity\"\/>\n\n<h2 class=\"wp-block-heading\">Das Jugoslawische Konsulat in Tivat entdecken<\/h2>\n\n<p>Es mag in anderen Reisezielen ungew\u00f6hnlich klingen, aber in Tivat ist ein \u00e4u\u00dferst interessanter und touristisch attraktiver Ort das Konsulat eines ehemaligen Staates. Dieser Ort, das Konsulat der Sozialistischen F\u00f6derativen Republik Jugoslawien, dient eher als museale Erinnerung an die vergangene Zeit (1945\u20131989) und befindet sich nicht weit von der Pinienpromenade in Tivat.<\/p>\n\n<p>Seit fast drei Jahren er\u00f6ffnet, hat der ehrenwerte Konsul Marko Perkovic diesen Ort sowohl f\u00fcr Menschen, die Jugoslawien nostalgisch verbunden sind, als auch f\u00fcr junge Leute mit wenig Wissen \u00fcber das ehemalige kommunistische Gebilde attraktiv gemacht. Daher ist das <strong>Jugoslawische Konsulat<\/strong> <strong>in Tivat<\/strong> von Mai bis Oktober zu einer beliebten Touristenattraktion geworden.<\/p>\n\n<h2 class=\"wp-block-heading\">Was es im Konsulat zu sehen und erleben gibt<\/h2>\n\n<p>Im Inneren des Konsulats k\u00f6nnen Besucher Flaggen und Uniformen des ehemaligen Pr\u00e4sidenten der SFRJ, Josip Broz Tito, betrachten. Au\u00dferdem steht vor dem Geb\u00e4ude eines der prestigetr\u00e4chtigeren Fahrzeuge aus den 1960er Jahren, eine Staatslimousine, die f\u00fcr den Transport von Tito genutzt wurde.<\/p>\n\n<p>Das Geb\u00e4ude ist mit zahlreichen Symbolen gef\u00fcllt, die Erinnerungen an das ehemalige Jugoslawien wachrufen. Tats\u00e4chlich k\u00f6nnen Sie die Hymne \u201eHej Sloveni\u201c h\u00f6ren, das Besucherbuch unterschreiben und als Andenken einen roten Pass mit SFRJ-Symbolen erhalten, der in der Vergangenheit hoch gesch\u00e4tzt wurde.<\/p>\n","protected":false},"excerpt":{"rendered":"<p>Entdecken Sie das einzigartige Jugoslawische Konsulat in Tivat, eine museale St\u00e4tte, die das Erbe der Sozialistischen F\u00f6derativen Republik Jugoslawien bewahrt. Erkunden Sie historische Artefakte, h\u00f6ren Sie die Hymne und nehmen Sie einen symbolischen roten Pass mit nach Hause.<\/p>\n","protected":false},"author":1,"featured_media":135195,"parent":135152,"menu_order":0,"comment_status":"closed","ping_status":"closed","template":"","meta":{"_yoast_wpseo_focuskw":"Jugoslawisches Konsulat in Tivat","_yoast_wpseo_metadesc":"Besuchen Sie das Jugoslawische Konsulat in Tivat f\u00fcr eine nostalgische Reise durch die Geschichte. Sehen Sie Titos Uniformen, eine Staatslimousine und erhalten Sie einen symbolischen Pass. Planen Sie jetzt Ihre Reise!","_kad_post_transparent":"","_kad_post_title":"","_kad_post_layout":"","_kad_post_sidebar_id":"","_kad_post_content_style":"","_kad_post_vertical_padding":"","_kad_post_feature":"","_kad_post_feature_position":"","_kad_post_header":false,"_kad_post_footer":false,"_kad_post_classname":"","iawp_total_views":6,"footnotes":""},"tags":[],"class_list":["post-135194","page","type-page","status-publish","has-post-thumbnail","hentry"],"yoast_head":"<!-- This site is optimized with the Yoast SEO plugin v27.3 - https:\/\/yoast.com\/product\/yoast-seo-wordpress\/ -->\n<title>Jugoslawisches Konsulat in Tivat - Visit Montenegro<\/title>\n<meta name=\"description\" content=\"Besuchen Sie das Jugoslawische Konsulat in Tivat f\u00fcr eine nostalgische Reise durch die Geschichte. Sehen Sie Titos Uniformen, eine Staatslimousine und erhalten Sie einen symbolischen Pass. Planen Sie jetzt Ihre Reise!\" \/>\n<meta name=\"robots\" content=\"index, follow, max-snippet:-1, max-image-preview:large, max-video-preview:-1\" \/>\n<link rel=\"canonical\" href=\"https:\/\/www.visit-montenegro.com\/de\/reiseziele\/tivat\/sehenswuerdigkeiten\/yugoslavia-consulate\/\" \/>\n<meta property=\"og:locale\" content=\"de_DE\" \/>\n<meta property=\"og:type\" content=\"article\" \/>\n<meta property=\"og:title\" content=\"Jugoslawisches Konsulat in Tivat - Visit Montenegro\" \/>\n<meta property=\"og:description\" content=\"Besuchen Sie das Jugoslawische Konsulat in Tivat f\u00fcr eine nostalgische Reise durch die Geschichte. Sehen Sie Titos Uniformen, eine Staatslimousine und erhalten Sie einen symbolischen Pass. Planen Sie jetzt Ihre Reise!\" \/>\n<meta property=\"og:url\" content=\"https:\/\/www.visit-montenegro.com\/de\/reiseziele\/tivat\/sehenswuerdigkeiten\/yugoslavia-consulate\/\" \/>\n<meta property=\"og:site_name\" content=\"Visit Montenegro\" \/>\n<meta property=\"article:publisher\" content=\"https:\/\/www.facebook.com\/visitmontenegro\" \/>\n<meta property=\"article:modified_time\" content=\"2026-02-22T16:15:04+00:00\" \/>\n<meta property=\"og:image\" content=\"https:\/\/www.visit-montenegro.com\/wp-content\/uploads\/2026\/02\/yugoslavia-flag-copy.jpg\" \/>\n\t<meta property=\"og:image:width\" content=\"1600\" \/>\n\t<meta property=\"og:image:height\" content=\"1067\" \/>\n\t<meta property=\"og:image:type\" content=\"image\/jpeg\" \/>\n<meta name=\"twitter:card\" content=\"summary_large_image\" \/>\n<meta name=\"twitter:site\" content=\"@visitmontenegro\" \/>\n<meta name=\"twitter:label1\" content=\"Gesch\u00e4tzte Lesezeit\" \/>\n\t<meta name=\"twitter:data1\" content=\"1\u00a0Minute\" \/>\n<script type=\"application\/ld+json\" class=\"yoast-schema-graph\">{\"@context\":\"https:\\\/\\\/schema.org\",\"@graph\":[{\"@type\":\"WebPage\",\"@id\":\"https:\\\/\\\/www.visit-montenegro.com\\\/de\\\/reiseziele\\\/tivat\\\/sehenswuerdigkeiten\\\/yugoslavia-consulate\\\/\",\"url\":\"https:\\\/\\\/www.visit-montenegro.com\\\/de\\\/reiseziele\\\/tivat\\\/sehenswuerdigkeiten\\\/yugoslavia-consulate\\\/\",\"name\":\"Jugoslawisches Konsulat in Tivat - Visit Montenegro\",\"isPartOf\":{\"@id\":\"https:\\\/\\\/www.visit-montenegro.com\\\/de\\\/#website\"},\"primaryImageOfPage\":{\"@id\":\"https:\\\/\\\/www.visit-montenegro.com\\\/de\\\/reiseziele\\\/tivat\\\/sehenswuerdigkeiten\\\/yugoslavia-consulate\\\/#primaryimage\"},\"image\":{\"@id\":\"https:\\\/\\\/www.visit-montenegro.com\\\/de\\\/reiseziele\\\/tivat\\\/sehenswuerdigkeiten\\\/yugoslavia-consulate\\\/#primaryimage\"},\"thumbnailUrl\":\"https:\\\/\\\/www.visit-montenegro.com\\\/wp-content\\\/uploads\\\/2026\\\/02\\\/yugoslavia-flag-copy.jpg\",\"datePublished\":\"2026-01-27T20:44:31+00:00\",\"dateModified\":\"2026-02-22T16:15:04+00:00\",\"description\":\"Besuchen Sie das Jugoslawische Konsulat in Tivat f\u00fcr eine nostalgische Reise durch die Geschichte. Sehen Sie Titos Uniformen, eine Staatslimousine und erhalten Sie einen symbolischen Pass. Planen Sie jetzt Ihre Reise!\",\"breadcrumb\":{\"@id\":\"https:\\\/\\\/www.visit-montenegro.com\\\/de\\\/reiseziele\\\/tivat\\\/sehenswuerdigkeiten\\\/yugoslavia-consulate\\\/#breadcrumb\"},\"inLanguage\":\"de\",\"potentialAction\":[{\"@type\":\"ReadAction\",\"target\":[\"https:\\\/\\\/www.visit-montenegro.com\\\/de\\\/reiseziele\\\/tivat\\\/sehenswuerdigkeiten\\\/yugoslavia-consulate\\\/\"]}]},{\"@type\":\"ImageObject\",\"inLanguage\":\"de\",\"@id\":\"https:\\\/\\\/www.visit-montenegro.com\\\/de\\\/reiseziele\\\/tivat\\\/sehenswuerdigkeiten\\\/yugoslavia-consulate\\\/#primaryimage\",\"url\":\"https:\\\/\\\/www.visit-montenegro.com\\\/wp-content\\\/uploads\\\/2026\\\/02\\\/yugoslavia-flag-copy.jpg\",\"contentUrl\":\"https:\\\/\\\/www.visit-montenegro.com\\\/wp-content\\\/uploads\\\/2026\\\/02\\\/yugoslavia-flag-copy.jpg\",\"width\":1600,\"height\":1067},{\"@type\":\"BreadcrumbList\",\"@id\":\"https:\\\/\\\/www.visit-montenegro.com\\\/de\\\/reiseziele\\\/tivat\\\/sehenswuerdigkeiten\\\/yugoslavia-consulate\\\/#breadcrumb\",\"itemListElement\":[{\"@type\":\"ListItem\",\"position\":1,\"name\":\"Home\",\"item\":\"https:\\\/\\\/www.visit-montenegro.com\\\/de\\\/home\\\/\"},{\"@type\":\"ListItem\",\"position\":2,\"name\":\"Reiseziele in Montenegro\",\"item\":\"https:\\\/\\\/www.visit-montenegro.com\\\/de\\\/reiseziele\\\/\"},{\"@type\":\"ListItem\",\"position\":3,\"name\":\"Tivat\",\"item\":\"https:\\\/\\\/www.visit-montenegro.com\\\/de\\\/reiseziele\\\/tivat\\\/\"},{\"@type\":\"ListItem\",\"position\":4,\"name\":\"Tivat Sehensw\u00fcrdigkeiten\",\"item\":\"https:\\\/\\\/www.visit-montenegro.com\\\/de\\\/reiseziele\\\/tivat\\\/sehenswuerdigkeiten\\\/\"},{\"@type\":\"ListItem\",\"position\":5,\"name\":\"Jugoslawisches Konsulat in Tivat\"}]},{\"@type\":\"WebSite\",\"@id\":\"https:\\\/\\\/www.visit-montenegro.com\\\/de\\\/#website\",\"url\":\"https:\\\/\\\/www.visit-montenegro.com\\\/de\\\/\",\"name\":\"Visit Montenegro\",\"description\":\"Breathtaking beauty\",\"publisher\":{\"@id\":\"https:\\\/\\\/www.visit-montenegro.com\\\/de\\\/#organization\"},\"potentialAction\":[{\"@type\":\"SearchAction\",\"target\":{\"@type\":\"EntryPoint\",\"urlTemplate\":\"https:\\\/\\\/www.visit-montenegro.com\\\/de\\\/?s={search_term_string}\"},\"query-input\":{\"@type\":\"PropertyValueSpecification\",\"valueRequired\":true,\"valueName\":\"search_term_string\"}}],\"inLanguage\":\"de\"},{\"@type\":\"Organization\",\"@id\":\"https:\\\/\\\/www.visit-montenegro.com\\\/de\\\/#organization\",\"name\":\"Visit Montenegro\",\"url\":\"https:\\\/\\\/www.visit-montenegro.com\\\/de\\\/\",\"logo\":{\"@type\":\"ImageObject\",\"inLanguage\":\"de\",\"@id\":\"https:\\\/\\\/www.visit-montenegro.com\\\/de\\\/#\\\/schema\\\/logo\\\/image\\\/\",\"url\":\"https:\\\/\\\/www.visit-montenegro.com\\\/wp-content\\\/uploads\\\/2017\\\/10\\\/logo-amp.png\",\"contentUrl\":\"https:\\\/\\\/www.visit-montenegro.com\\\/wp-content\\\/uploads\\\/2017\\\/10\\\/logo-amp.png\",\"width\":190,\"height\":36,\"caption\":\"Visit Montenegro\"},\"image\":{\"@id\":\"https:\\\/\\\/www.visit-montenegro.com\\\/de\\\/#\\\/schema\\\/logo\\\/image\\\/\"},\"sameAs\":[\"https:\\\/\\\/www.facebook.com\\\/visitmontenegro\",\"https:\\\/\\\/x.com\\\/visitmontenegro\",\"https:\\\/\\\/www.instagram.com\\\/visit_montenegro\\\/\",\"https:\\\/\\\/www.youtube.com\\\/user\\\/VisitMontenegro\"]}]}<\/script>\n<!-- \/ Yoast SEO plugin. -->","yoast_head_json":{"title":"Jugoslawisches Konsulat in Tivat - Visit Montenegro","description":"Besuchen Sie das Jugoslawische Konsulat in Tivat f\u00fcr eine nostalgische Reise durch die Geschichte. Sehen Sie Titos Uniformen, eine Staatslimousine und erhalten Sie einen symbolischen Pass. Planen Sie jetzt Ihre Reise!","robots":{"index":"index","follow":"follow","max-snippet":"max-snippet:-1","max-image-preview":"max-image-preview:large","max-video-preview":"max-video-preview:-1"},"canonical":"https:\/\/www.visit-montenegro.com\/de\/reiseziele\/tivat\/sehenswuerdigkeiten\/yugoslavia-consulate\/","og_locale":"de_DE","og_type":"article","og_title":"Jugoslawisches Konsulat in Tivat - Visit Montenegro","og_description":"Besuchen Sie das Jugoslawische Konsulat in Tivat f\u00fcr eine nostalgische Reise durch die Geschichte. Sehen Sie Titos Uniformen, eine Staatslimousine und erhalten Sie einen symbolischen Pass. Planen Sie jetzt Ihre Reise!","og_url":"https:\/\/www.visit-montenegro.com\/de\/reiseziele\/tivat\/sehenswuerdigkeiten\/yugoslavia-consulate\/","og_site_name":"Visit Montenegro","article_publisher":"https:\/\/www.facebook.com\/visitmontenegro","article_modified_time":"2026-02-22T16:15:04+00:00","og_image":[{"width":1600,"height":1067,"url":"https:\/\/www.visit-montenegro.com\/wp-content\/uploads\/2026\/02\/yugoslavia-flag-copy.jpg","type":"image\/jpeg"}],"twitter_card":"summary_large_image","twitter_site":"@visitmontenegro","twitter_misc":{"Gesch\u00e4tzte Lesezeit":"1\u00a0Minute"},"schema":{"@context":"https:\/\/schema.org","@graph":[{"@type":"WebPage","@id":"https:\/\/www.visit-montenegro.com\/de\/reiseziele\/tivat\/sehenswuerdigkeiten\/yugoslavia-consulate\/","url":"https:\/\/www.visit-montenegro.com\/de\/reiseziele\/tivat\/sehenswuerdigkeiten\/yugoslavia-consulate\/","name":"Jugoslawisches Konsulat in Tivat - Visit Montenegro","isPartOf":{"@id":"https:\/\/www.visit-montenegro.com\/de\/#website"},"primaryImageOfPage":{"@id":"https:\/\/www.visit-montenegro.com\/de\/reiseziele\/tivat\/sehenswuerdigkeiten\/yugoslavia-consulate\/#primaryimage"},"image":{"@id":"https:\/\/www.visit-montenegro.com\/de\/reiseziele\/tivat\/sehenswuerdigkeiten\/yugoslavia-consulate\/#primaryimage"},"thumbnailUrl":"https:\/\/www.visit-montenegro.com\/wp-content\/uploads\/2026\/02\/yugoslavia-flag-copy.jpg","datePublished":"2026-01-27T20:44:31+00:00","dateModified":"2026-02-22T16:15:04+00:00","description":"Besuchen Sie das Jugoslawische Konsulat in Tivat f\u00fcr eine nostalgische Reise durch die Geschichte. Sehen Sie Titos Uniformen, eine Staatslimousine und erhalten Sie einen symbolischen Pass. Planen Sie jetzt Ihre Reise!","breadcrumb":{"@id":"https:\/\/www.visit-montenegro.com\/de\/reiseziele\/tivat\/sehenswuerdigkeiten\/yugoslavia-consulate\/#breadcrumb"},"inLanguage":"de","potentialAction":[{"@type":"ReadAction","target":["https:\/\/www.visit-montenegro.com\/de\/reiseziele\/tivat\/sehenswuerdigkeiten\/yugoslavia-consulate\/"]}]},{"@type":"ImageObject","inLanguage":"de","@id":"https:\/\/www.visit-montenegro.com\/de\/reiseziele\/tivat\/sehenswuerdigkeiten\/yugoslavia-consulate\/#primaryimage","url":"https:\/\/www.visit-montenegro.com\/wp-content\/uploads\/2026\/02\/yugoslavia-flag-copy.jpg","contentUrl":"https:\/\/www.visit-montenegro.com\/wp-content\/uploads\/2026\/02\/yugoslavia-flag-copy.jpg","width":1600,"height":1067},{"@type":"BreadcrumbList","@id":"https:\/\/www.visit-montenegro.com\/de\/reiseziele\/tivat\/sehenswuerdigkeiten\/yugoslavia-consulate\/#breadcrumb","itemListElement":[{"@type":"ListItem","position":1,"name":"Home","item":"https:\/\/www.visit-montenegro.com\/de\/home\/"},{"@type":"ListItem","position":2,"name":"Reiseziele in Montenegro","item":"https:\/\/www.visit-montenegro.com\/de\/reiseziele\/"},{"@type":"ListItem","position":3,"name":"Tivat","item":"https:\/\/www.visit-montenegro.com\/de\/reiseziele\/tivat\/"},{"@type":"ListItem","position":4,"name":"Tivat Sehensw\u00fcrdigkeiten","item":"https:\/\/www.visit-montenegro.com\/de\/reiseziele\/tivat\/sehenswuerdigkeiten\/"},{"@type":"ListItem","position":5,"name":"Jugoslawisches Konsulat in Tivat"}]},{"@type":"WebSite","@id":"https:\/\/www.visit-montenegro.com\/de\/#website","url":"https:\/\/www.visit-montenegro.com\/de\/","name":"Visit Montenegro","description":"Breathtaking beauty","publisher":{"@id":"https:\/\/www.visit-montenegro.com\/de\/#organization"},"potentialAction":[{"@type":"SearchAction","target":{"@type":"EntryPoint","urlTemplate":"https:\/\/www.visit-montenegro.com\/de\/?s={search_term_string}"},"query-input":{"@type":"PropertyValueSpecification","valueRequired":true,"valueName":"search_term_string"}}],"inLanguage":"de"},{"@type":"Organization","@id":"https:\/\/www.visit-montenegro.com\/de\/#organization","name":"Visit Montenegro","url":"https:\/\/www.visit-montenegro.com\/de\/","logo":{"@type":"ImageObject","inLanguage":"de","@id":"https:\/\/www.visit-montenegro.com\/de\/#\/schema\/logo\/image\/","url":"https:\/\/www.visit-montenegro.com\/wp-content\/uploads\/2017\/10\/logo-amp.png","contentUrl":"https:\/\/www.visit-montenegro.com\/wp-content\/uploads\/2017\/10\/logo-amp.png","width":190,"height":36,"caption":"Visit Montenegro"},"image":{"@id":"https:\/\/www.visit-montenegro.com\/de\/#\/schema\/logo\/image\/"},"sameAs":["https:\/\/www.facebook.com\/visitmontenegro","https:\/\/x.com\/visitmontenegro","https:\/\/www.instagram.com\/visit_montenegro\/","https:\/\/www.youtube.com\/user\/VisitMontenegro"]}]}},"translations":[],"_links":{"self":[{"href":"https:\/\/www.visit-montenegro.com\/de\/wp-json\/wp\/v2\/pages\/135194","targetHints":{"allow":["GET"]}}],"collection":[{"href":"https:\/\/www.visit-montenegro.com\/de\/wp-json\/wp\/v2\/pages"}],"about":[{"href":"https:\/\/www.visit-montenegro.com\/de\/wp-json\/wp\/v2\/types\/page"}],"author":[{"embeddable":true,"href":"https:\/\/www.visit-montenegro.com\/de\/wp-json\/wp\/v2\/users\/1"}],"replies":[{"embeddable":true,"href":"https:\/\/www.visit-montenegro.com\/de\/wp-json\/wp\/v2\/comments?post=135194"}],"version-history":[{"count":0,"href":"https:\/\/www.visit-montenegro.com\/de\/wp-json\/wp\/v2\/pages\/135194\/revisions"}],"up":[{"embeddable":true,"href":"https:\/\/www.visit-montenegro.com\/de\/wp-json\/wp\/v2\/pages\/135152"}],"wp:featuredmedia":[{"embeddable":true,"href":"https:\/\/www.visit-montenegro.com\/de\/wp-json\/wp\/v2\/media\/135195"}],"wp:attachment":[{"href":"https:\/\/www.visit-montenegro.com\/de\/wp-json\/wp\/v2\/media?parent=135194"}],"wp:term":[{"taxonomy":"post_tag","embeddable":true,"href":"https:\/\/www.visit-montenegro.com\/de\/wp-json\/wp\/v2\/tags?post=135194"}],"curies":[{"name":"wp","href":"https:\/\/api.w.org\/{rel}","templated":true}]}}