{"id":135207,"date":"2026-01-27T21:44:31","date_gmt":"2026-01-27T20:44:31","guid":{"rendered":"https:\/\/new.visit-montenegro.com\/ziele\/tivat\/info\/straende\/"},"modified":"2026-02-22T17:15:05","modified_gmt":"2026-02-22T16:15:05","slug":"straende","status":"publish","type":"page","link":"https:\/\/www.visit-montenegro.com\/de\/reiseziele\/tivat\/info\/straende\/","title":{"rendered":"Tivat Str\u00e4nde"},"content":{"rendered":"\n<p>Montenegros <a href=\"https:\/\/www.visit-montenegro.com\/de\/reiseziele\/tivat\/\">Tivat<\/a> ist ein K\u00fcstenjuwel, bekannt f\u00fcr sein mediterranes Klima, das milde, warme Sommer bietet, ideal f\u00fcr Strandurlauber. Mit 115 Sonnentagen im Jahr und einer 180-t\u00e4gigen Badesaison machen sein dunkelblaues Meer und ruhige Wellen es perfekt f\u00fcr Entspannung und Wassersport. Folglich bieten Tivats 17 Str\u00e4nde, die sich \u00fcber 31.200 m\u00b2 erstrecken, f\u00fcr jeden Geschmack etwas, von Sandstr\u00e4nden bis hin zu lebhaften Resort-Amenities.<\/p>\n\n<hr class=\"wp-block-separator has-alpha-channel-opacity\"\/>\n\n<h2 class=\"wp-block-heading\">Klima und Badebedingungen in Tivat<\/h2>\n\n<p>Tivat hat ein typisch mediterranes Klima mit milden, regnerischen und warmen Sommern. Die durchschnittliche j\u00e4hrliche Lufttemperatur betr\u00e4gt 15\u00b0C, und es gibt 115 Tage im Jahr mit Temperaturen \u00fcber 30\u00b0C. Die Badesaison dauert 180 Tage, wobei das Meer eine dunkelblaue Farbe und einen Salzgehalt von 28% aufweist. Au\u00dferdem betr\u00e4gt die durchschnittliche Wellenh\u00f6he 0,5m, und Wellen h\u00f6her als 2m sind sehr selten, was f\u00fcr ruhiges Wasser f\u00fcr Besucher sorgt.<\/p>\n\n<p>Touristen werden von <strong>Tivat Str\u00e4nden<\/strong> f\u00fcr angenehme Erholung, Sonnenbaden und Schwimmen angezogen. Das ruhige und warme Tivat-Meer eignet sich f\u00fcr Wassersportarten wie Skifahren, Segeln und Kanufahren. Tats\u00e4chlich genie\u00dfen sowohl einheimische als auch ausl\u00e4ndische G\u00e4ste, einschlie\u00dflich Nachbarn aus <a href=\"https:\/\/www.visit-montenegro.com\/de\/reiseziele\/kotor\/\">Kotor<\/a>, Spazierg\u00e4nge entlang sonniger Promenaden und Entspannung an den zahlreichen <strong>Tivat Str\u00e4nden<\/strong>.<\/p>\n\n<h2 class=\"wp-block-heading\">\u00dcberblick \u00fcber Tivat Str\u00e4nde<\/h2>\n\n<p>An der Tivat Riviera gibt es 17 sch\u00f6n angelegte Str\u00e4nde mit einer Gesamtfl\u00e4che von 31.200 m\u00b2. Diese <strong>Tivat Str\u00e4nde<\/strong> k\u00f6nnen die anspruchsvollsten G\u00e4ste mit ihren Sandstr\u00e4nden, gr\u00fcner Vegetation und Sonnenstrahlen zufriedenstellen. Sie werden durch touristische Resort-Inhalte wie Strandbars, Terrassen, Restaurants, Mini-Urlaubsbereiche, Strandausr\u00fcstung und Kinderspielpl\u00e4tze erg\u00e4nzt.<\/p>\n\n<p>Wenn Sie Tivat besuchen m\u00f6chten, empfehlen wir, seine wundersch\u00f6nen Str\u00e4nde zu erkunden, die durch Sch\u00f6nheit und Konformit\u00e4t hervorstechen. Die <strong>Tivat Str\u00e4nde<\/strong> umfassen: Opatovo (500 m\u00b2), Donja Lastva (1.000 m\u00b2), den Strand vor dem Hotel \u201eKamelija\u201c (2.000 m\u00b2), Kap Seljanovo (1.700 m\u00b2), den Strand des Hotels \u201eMimosa\u201c (350 m\u00b2), den Strand des Hotels \u201ePalma\u201c (2.400 m\u00b2), Belane (1.200 m\u00b2), Bonici (250 m\u00b2), Zupa (500 m\u00b2), Mulo oko (200 m\u00b2), Ostrvo cvijeca (1.200 m\u00b2), Kaladrovo (4.200 m\u00b2), Sveti Marko (4.000 m\u00b2), St. Ciglana (500 m\u00b2), Plavi horizonti (8.500 m\u00b2), Krasici (1.500 m\u00b2) und den Strand Oblatno (1.200 m\u00b2).<\/p>\n\n<h2 class=\"wp-block-heading\">Bemerkenswerte Tivat Str\u00e4nde zu erkunden<\/h2>\n\n<p>Hotelstr\u00e4nde befinden sich normalerweise in der N\u00e4he von Hotels in der Stadt, w\u00e4hrend andere <strong>Tivat Str\u00e4nde<\/strong>, die nach Kaps oder Inseln benannt sind, mehrere Kilometer entfernt liegen. F\u00fcr ein echtes Abenteuer besuchen Sie Str\u00e4nde wie \u201ePlavi horizonti\u201c (Blaue Horizonte) oder den Strand auf der Insel Sveti Marko.<\/p>\n\n<h3 class=\"wp-block-heading\">Plavi horizonti Strand<\/h3>\n\n<p>\u201ePlavi horizonti\u201c gilt als der attraktivste Strand an der montenegrinischen K\u00fcste. Er liegt im s\u00fcdlichen Teil der Tivat-Bucht, im offenen Meer in der N\u00e4he des Hotels \u201ePlavi horizonti\u201c. Sein sehr feiner Sand eignet sich zur Behandlung rheumatischer Erkrankungen. Auf 8.500 m\u00b2 bietet er Strandausr\u00fcstung, spezielle Plateaus auf Felsen f\u00fcr eine diskrete Atmosph\u00e4re und ist nat\u00fcrlich vor Winden gesch\u00fctzt. Folglich, umgeben von Parks und einem Kiefernwald, ideal f\u00fcr Camping, hat er internationale Qualit\u00e4tsanerkennung mit einer \u201eBlauen Flagge\u201c erhalten.<\/p>\n\n<figure class=\"wp-block-image size-large\"><img loading=\"lazy\" decoding=\"async\" width=\"1024\" height=\"682\" src=\"https:\/\/www.visit-montenegro.com\/wp-content\/uploads\/2026\/01\/tivat-gospa-od-milosti-ostrvo-cvijeca-1024x682.jpg\" alt=\"\" class=\"wp-image-36221\" srcset=\"https:\/\/www.visit-montenegro.com\/wp-content\/uploads\/2026\/01\/tivat-gospa-od-milosti-ostrvo-cvijeca-1024x682.jpg 1024w, https:\/\/www.visit-montenegro.com\/wp-content\/uploads\/2026\/01\/tivat-gospa-od-milosti-ostrvo-cvijeca-300x200.jpg 300w, https:\/\/www.visit-montenegro.com\/wp-content\/uploads\/2026\/01\/tivat-gospa-od-milosti-ostrvo-cvijeca-768x512.jpg 768w, https:\/\/www.visit-montenegro.com\/wp-content\/uploads\/2026\/01\/tivat-gospa-od-milosti-ostrvo-cvijeca-1536x1023.jpg 1536w, https:\/\/www.visit-montenegro.com\/wp-content\/uploads\/2026\/01\/tivat-gospa-od-milosti-ostrvo-cvijeca-1200x799.jpg 1200w, https:\/\/www.visit-montenegro.com\/wp-content\/uploads\/2026\/01\/tivat-gospa-od-milosti-ostrvo-cvijeca-scaled.jpg 1600w\" sizes=\"auto, (max-width: 1024px) 100vw, 1024px\" \/><figcaption class=\"wp-element-caption\">Insel in der Tivat-Bucht Gospa od Milosti in Montenegro<\/figcaption><\/figure>\n\n<h3 class=\"wp-block-heading\">Sveti Marko Insel Strand<\/h3>\n\n<p>Der Strand auf der Insel Sveti Marko, fr\u00fcher Stradioti genannt, ist eine mysteri\u00f6se gr\u00fcne Insel im s\u00fcdlichen Kanal der Tivat-Bucht. 1962 wurden touristische Unterk\u00fcnfte mit 500 Tahiti-H\u00e4usern gebaut, aber heute ist sie verlassen und \u00fcberwuchert. F\u00fcr eine abenteuerliche Suche nutzen Sie Touristen-Taxiboote oder Barkassen vom Tivat-Hafen. Au\u00dferdem k\u00f6nnen zus\u00e4tzliche Informationen von der Tourismusorganisation Tivat oder lokalen Agenturen eingeholt werden.<\/p>\n\n<p>Gastfreundliche Menschen aus Tivat k\u00f6nnen Details zum sichersten Weg zur Insel Sveti Marko geben. Wenn Sie Ihren Urlaub verl\u00e4ngern, erw\u00e4gen Sie Tagesausfl\u00fcge zu Str\u00e4nden in Herceg Novi, <a href=\"https:\/\/www.visit-montenegro.com\/de\/reiseziele\/budva\/\">Budva<\/a>, <a href=\"https:\/\/www.visit-montenegro.com\/de\/reiseziele\/bar\/\">Bar<\/a> oder <a href=\"https:\/\/www.visit-montenegro.com\/de\/reiseziele\/ulcinj\/\">Ulcinj<\/a> \u00fcber Touristenboote. Wohin Sie auch gehen, Tivat erwartet Ihre R\u00fcckkehr.<\/p>\n","protected":false},"excerpt":{"rendered":"<p>Entdecken Sie die atemberaubenden Str\u00e4nde von Tivat, vom ber\u00fchmten Plavi horizonti mit seiner Blauen Flagge bis zur abenteuerlichen Insel Sveti Marko. Mit mediterranem Klima und 17 Sandstr\u00e4nden ist es perfekt f\u00fcr Sonnenbaden, Schwimmen und Wassersport.<\/p>\n","protected":false},"author":1,"featured_media":135208,"parent":135200,"menu_order":0,"comment_status":"closed","ping_status":"closed","template":"","meta":{"_yoast_wpseo_focuskw":"Tivat Str\u00e4nde","_yoast_wpseo_metadesc":"Entdecken Sie die Top-Str\u00e4nde von Tivat, darunter Plavi horizonti und die Insel Sveti Marko. Genie\u00dfen Sie sonnige Tage, ruhiges Meer und lebhafte Resort-Amenities im K\u00fcstenparadies Montenegros.","_kad_post_transparent":"","_kad_post_title":"","_kad_post_layout":"","_kad_post_sidebar_id":"","_kad_post_content_style":"","_kad_post_vertical_padding":"","_kad_post_feature":"","_kad_post_feature_position":"","_kad_post_header":false,"_kad_post_footer":false,"_kad_post_classname":"","iawp_total_views":10,"footnotes":""},"tags":[],"class_list":["post-135207","page","type-page","status-publish","has-post-thumbnail","hentry"],"yoast_head":"<!-- This site is optimized with the Yoast SEO plugin v27.3 - https:\/\/yoast.com\/product\/yoast-seo-wordpress\/ -->\n<title>Tivat Str\u00e4nde - Visit Montenegro<\/title>\n<meta name=\"description\" content=\"Entdecken Sie die Top-Str\u00e4nde von Tivat, darunter Plavi horizonti und die Insel Sveti Marko. Genie\u00dfen Sie sonnige Tage, ruhiges Meer und lebhafte Resort-Amenities im K\u00fcstenparadies Montenegros.\" \/>\n<meta name=\"robots\" content=\"index, follow, max-snippet:-1, max-image-preview:large, max-video-preview:-1\" \/>\n<link rel=\"canonical\" href=\"https:\/\/www.visit-montenegro.com\/de\/reiseziele\/tivat\/info\/straende\/\" \/>\n<meta property=\"og:locale\" content=\"de_DE\" \/>\n<meta property=\"og:type\" content=\"article\" \/>\n<meta property=\"og:title\" content=\"Tivat Str\u00e4nde - Visit Montenegro\" \/>\n<meta property=\"og:description\" content=\"Entdecken Sie die Top-Str\u00e4nde von Tivat, darunter Plavi horizonti und die Insel Sveti Marko. Genie\u00dfen Sie sonnige Tage, ruhiges Meer und lebhafte Resort-Amenities im K\u00fcstenparadies Montenegros.\" \/>\n<meta property=\"og:url\" content=\"https:\/\/www.visit-montenegro.com\/de\/reiseziele\/tivat\/info\/straende\/\" \/>\n<meta property=\"og:site_name\" content=\"Visit Montenegro\" \/>\n<meta property=\"article:publisher\" content=\"https:\/\/www.facebook.com\/visitmontenegro\" \/>\n<meta property=\"article:modified_time\" content=\"2026-02-22T16:15:05+00:00\" \/>\n<meta property=\"og:image\" content=\"https:\/\/www.visit-montenegro.com\/wp-content\/uploads\/2026\/01\/tivat-aerial02-scaled.jpg\" \/>\n\t<meta property=\"og:image:width\" content=\"1600\" \/>\n\t<meta property=\"og:image:height\" content=\"1093\" \/>\n\t<meta property=\"og:image:type\" content=\"image\/jpeg\" \/>\n<meta name=\"twitter:card\" content=\"summary_large_image\" \/>\n<meta name=\"twitter:site\" content=\"@visitmontenegro\" \/>\n<meta name=\"twitter:label1\" content=\"Gesch\u00e4tzte Lesezeit\" \/>\n\t<meta name=\"twitter:data1\" content=\"3\u00a0Minuten\" \/>\n<script type=\"application\/ld+json\" class=\"yoast-schema-graph\">{\"@context\":\"https:\\\/\\\/schema.org\",\"@graph\":[{\"@type\":\"WebPage\",\"@id\":\"https:\\\/\\\/www.visit-montenegro.com\\\/de\\\/reiseziele\\\/tivat\\\/info\\\/straende\\\/\",\"url\":\"https:\\\/\\\/www.visit-montenegro.com\\\/de\\\/reiseziele\\\/tivat\\\/info\\\/straende\\\/\",\"name\":\"Tivat Str\u00e4nde - Visit Montenegro\",\"isPartOf\":{\"@id\":\"https:\\\/\\\/www.visit-montenegro.com\\\/de\\\/#website\"},\"primaryImageOfPage\":{\"@id\":\"https:\\\/\\\/www.visit-montenegro.com\\\/de\\\/reiseziele\\\/tivat\\\/info\\\/straende\\\/#primaryimage\"},\"image\":{\"@id\":\"https:\\\/\\\/www.visit-montenegro.com\\\/de\\\/reiseziele\\\/tivat\\\/info\\\/straende\\\/#primaryimage\"},\"thumbnailUrl\":\"https:\\\/\\\/www.visit-montenegro.com\\\/wp-content\\\/uploads\\\/2026\\\/01\\\/tivat-aerial02-scaled.jpg\",\"datePublished\":\"2026-01-27T20:44:31+00:00\",\"dateModified\":\"2026-02-22T16:15:05+00:00\",\"description\":\"Entdecken Sie die Top-Str\u00e4nde von Tivat, darunter Plavi horizonti und die Insel Sveti Marko. Genie\u00dfen Sie sonnige Tage, ruhiges Meer und lebhafte Resort-Amenities im K\u00fcstenparadies Montenegros.\",\"breadcrumb\":{\"@id\":\"https:\\\/\\\/www.visit-montenegro.com\\\/de\\\/reiseziele\\\/tivat\\\/info\\\/straende\\\/#breadcrumb\"},\"inLanguage\":\"de\",\"potentialAction\":[{\"@type\":\"ReadAction\",\"target\":[\"https:\\\/\\\/www.visit-montenegro.com\\\/de\\\/reiseziele\\\/tivat\\\/info\\\/straende\\\/\"]}]},{\"@type\":\"ImageObject\",\"inLanguage\":\"de\",\"@id\":\"https:\\\/\\\/www.visit-montenegro.com\\\/de\\\/reiseziele\\\/tivat\\\/info\\\/straende\\\/#primaryimage\",\"url\":\"https:\\\/\\\/www.visit-montenegro.com\\\/wp-content\\\/uploads\\\/2026\\\/01\\\/tivat-aerial02-scaled.jpg\",\"contentUrl\":\"https:\\\/\\\/www.visit-montenegro.com\\\/wp-content\\\/uploads\\\/2026\\\/01\\\/tivat-aerial02-scaled.jpg\",\"width\":1600,\"height\":1093,\"caption\":\"Luftaufnahme von Tivat Stadt und Porto Montenegro\"},{\"@type\":\"BreadcrumbList\",\"@id\":\"https:\\\/\\\/www.visit-montenegro.com\\\/de\\\/reiseziele\\\/tivat\\\/info\\\/straende\\\/#breadcrumb\",\"itemListElement\":[{\"@type\":\"ListItem\",\"position\":1,\"name\":\"Home\",\"item\":\"https:\\\/\\\/www.visit-montenegro.com\\\/de\\\/home\\\/\"},{\"@type\":\"ListItem\",\"position\":2,\"name\":\"Reiseziele in Montenegro\",\"item\":\"https:\\\/\\\/www.visit-montenegro.com\\\/de\\\/reiseziele\\\/\"},{\"@type\":\"ListItem\",\"position\":3,\"name\":\"Tivat\",\"item\":\"https:\\\/\\\/www.visit-montenegro.com\\\/de\\\/reiseziele\\\/tivat\\\/\"},{\"@type\":\"ListItem\",\"position\":4,\"name\":\"Mehr \u00fcber Tivat\",\"item\":\"https:\\\/\\\/www.visit-montenegro.com\\\/de\\\/reiseziele\\\/tivat\\\/info\\\/\"},{\"@type\":\"ListItem\",\"position\":5,\"name\":\"Tivat Str\u00e4nde\"}]},{\"@type\":\"WebSite\",\"@id\":\"https:\\\/\\\/www.visit-montenegro.com\\\/de\\\/#website\",\"url\":\"https:\\\/\\\/www.visit-montenegro.com\\\/de\\\/\",\"name\":\"Visit Montenegro\",\"description\":\"Breathtaking beauty\",\"publisher\":{\"@id\":\"https:\\\/\\\/www.visit-montenegro.com\\\/de\\\/#organization\"},\"potentialAction\":[{\"@type\":\"SearchAction\",\"target\":{\"@type\":\"EntryPoint\",\"urlTemplate\":\"https:\\\/\\\/www.visit-montenegro.com\\\/de\\\/?s={search_term_string}\"},\"query-input\":{\"@type\":\"PropertyValueSpecification\",\"valueRequired\":true,\"valueName\":\"search_term_string\"}}],\"inLanguage\":\"de\"},{\"@type\":\"Organization\",\"@id\":\"https:\\\/\\\/www.visit-montenegro.com\\\/de\\\/#organization\",\"name\":\"Visit Montenegro\",\"url\":\"https:\\\/\\\/www.visit-montenegro.com\\\/de\\\/\",\"logo\":{\"@type\":\"ImageObject\",\"inLanguage\":\"de\",\"@id\":\"https:\\\/\\\/www.visit-montenegro.com\\\/de\\\/#\\\/schema\\\/logo\\\/image\\\/\",\"url\":\"https:\\\/\\\/www.visit-montenegro.com\\\/wp-content\\\/uploads\\\/2017\\\/10\\\/logo-amp.png\",\"contentUrl\":\"https:\\\/\\\/www.visit-montenegro.com\\\/wp-content\\\/uploads\\\/2017\\\/10\\\/logo-amp.png\",\"width\":190,\"height\":36,\"caption\":\"Visit Montenegro\"},\"image\":{\"@id\":\"https:\\\/\\\/www.visit-montenegro.com\\\/de\\\/#\\\/schema\\\/logo\\\/image\\\/\"},\"sameAs\":[\"https:\\\/\\\/www.facebook.com\\\/visitmontenegro\",\"https:\\\/\\\/x.com\\\/visitmontenegro\",\"https:\\\/\\\/www.instagram.com\\\/visit_montenegro\\\/\",\"https:\\\/\\\/www.youtube.com\\\/user\\\/VisitMontenegro\"]}]}<\/script>\n<!-- \/ Yoast SEO plugin. -->","yoast_head_json":{"title":"Tivat Str\u00e4nde - Visit Montenegro","description":"Entdecken Sie die Top-Str\u00e4nde von Tivat, darunter Plavi horizonti und die Insel Sveti Marko. Genie\u00dfen Sie sonnige Tage, ruhiges Meer und lebhafte Resort-Amenities im K\u00fcstenparadies Montenegros.","robots":{"index":"index","follow":"follow","max-snippet":"max-snippet:-1","max-image-preview":"max-image-preview:large","max-video-preview":"max-video-preview:-1"},"canonical":"https:\/\/www.visit-montenegro.com\/de\/reiseziele\/tivat\/info\/straende\/","og_locale":"de_DE","og_type":"article","og_title":"Tivat Str\u00e4nde - Visit Montenegro","og_description":"Entdecken Sie die Top-Str\u00e4nde von Tivat, darunter Plavi horizonti und die Insel Sveti Marko. Genie\u00dfen Sie sonnige Tage, ruhiges Meer und lebhafte Resort-Amenities im K\u00fcstenparadies Montenegros.","og_url":"https:\/\/www.visit-montenegro.com\/de\/reiseziele\/tivat\/info\/straende\/","og_site_name":"Visit Montenegro","article_publisher":"https:\/\/www.facebook.com\/visitmontenegro","article_modified_time":"2026-02-22T16:15:05+00:00","og_image":[{"width":1600,"height":1093,"url":"https:\/\/www.visit-montenegro.com\/wp-content\/uploads\/2026\/01\/tivat-aerial02-scaled.jpg","type":"image\/jpeg"}],"twitter_card":"summary_large_image","twitter_site":"@visitmontenegro","twitter_misc":{"Gesch\u00e4tzte Lesezeit":"3\u00a0Minuten"},"schema":{"@context":"https:\/\/schema.org","@graph":[{"@type":"WebPage","@id":"https:\/\/www.visit-montenegro.com\/de\/reiseziele\/tivat\/info\/straende\/","url":"https:\/\/www.visit-montenegro.com\/de\/reiseziele\/tivat\/info\/straende\/","name":"Tivat Str\u00e4nde - Visit Montenegro","isPartOf":{"@id":"https:\/\/www.visit-montenegro.com\/de\/#website"},"primaryImageOfPage":{"@id":"https:\/\/www.visit-montenegro.com\/de\/reiseziele\/tivat\/info\/straende\/#primaryimage"},"image":{"@id":"https:\/\/www.visit-montenegro.com\/de\/reiseziele\/tivat\/info\/straende\/#primaryimage"},"thumbnailUrl":"https:\/\/www.visit-montenegro.com\/wp-content\/uploads\/2026\/01\/tivat-aerial02-scaled.jpg","datePublished":"2026-01-27T20:44:31+00:00","dateModified":"2026-02-22T16:15:05+00:00","description":"Entdecken Sie die Top-Str\u00e4nde von Tivat, darunter Plavi horizonti und die Insel Sveti Marko. Genie\u00dfen Sie sonnige Tage, ruhiges Meer und lebhafte Resort-Amenities im K\u00fcstenparadies Montenegros.","breadcrumb":{"@id":"https:\/\/www.visit-montenegro.com\/de\/reiseziele\/tivat\/info\/straende\/#breadcrumb"},"inLanguage":"de","potentialAction":[{"@type":"ReadAction","target":["https:\/\/www.visit-montenegro.com\/de\/reiseziele\/tivat\/info\/straende\/"]}]},{"@type":"ImageObject","inLanguage":"de","@id":"https:\/\/www.visit-montenegro.com\/de\/reiseziele\/tivat\/info\/straende\/#primaryimage","url":"https:\/\/www.visit-montenegro.com\/wp-content\/uploads\/2026\/01\/tivat-aerial02-scaled.jpg","contentUrl":"https:\/\/www.visit-montenegro.com\/wp-content\/uploads\/2026\/01\/tivat-aerial02-scaled.jpg","width":1600,"height":1093,"caption":"Luftaufnahme von Tivat Stadt und Porto Montenegro"},{"@type":"BreadcrumbList","@id":"https:\/\/www.visit-montenegro.com\/de\/reiseziele\/tivat\/info\/straende\/#breadcrumb","itemListElement":[{"@type":"ListItem","position":1,"name":"Home","item":"https:\/\/www.visit-montenegro.com\/de\/home\/"},{"@type":"ListItem","position":2,"name":"Reiseziele in Montenegro","item":"https:\/\/www.visit-montenegro.com\/de\/reiseziele\/"},{"@type":"ListItem","position":3,"name":"Tivat","item":"https:\/\/www.visit-montenegro.com\/de\/reiseziele\/tivat\/"},{"@type":"ListItem","position":4,"name":"Mehr \u00fcber Tivat","item":"https:\/\/www.visit-montenegro.com\/de\/reiseziele\/tivat\/info\/"},{"@type":"ListItem","position":5,"name":"Tivat Str\u00e4nde"}]},{"@type":"WebSite","@id":"https:\/\/www.visit-montenegro.com\/de\/#website","url":"https:\/\/www.visit-montenegro.com\/de\/","name":"Visit Montenegro","description":"Breathtaking beauty","publisher":{"@id":"https:\/\/www.visit-montenegro.com\/de\/#organization"},"potentialAction":[{"@type":"SearchAction","target":{"@type":"EntryPoint","urlTemplate":"https:\/\/www.visit-montenegro.com\/de\/?s={search_term_string}"},"query-input":{"@type":"PropertyValueSpecification","valueRequired":true,"valueName":"search_term_string"}}],"inLanguage":"de"},{"@type":"Organization","@id":"https:\/\/www.visit-montenegro.com\/de\/#organization","name":"Visit Montenegro","url":"https:\/\/www.visit-montenegro.com\/de\/","logo":{"@type":"ImageObject","inLanguage":"de","@id":"https:\/\/www.visit-montenegro.com\/de\/#\/schema\/logo\/image\/","url":"https:\/\/www.visit-montenegro.com\/wp-content\/uploads\/2017\/10\/logo-amp.png","contentUrl":"https:\/\/www.visit-montenegro.com\/wp-content\/uploads\/2017\/10\/logo-amp.png","width":190,"height":36,"caption":"Visit Montenegro"},"image":{"@id":"https:\/\/www.visit-montenegro.com\/de\/#\/schema\/logo\/image\/"},"sameAs":["https:\/\/www.facebook.com\/visitmontenegro","https:\/\/x.com\/visitmontenegro","https:\/\/www.instagram.com\/visit_montenegro\/","https:\/\/www.youtube.com\/user\/VisitMontenegro"]}]}},"translations":[],"_links":{"self":[{"href":"https:\/\/www.visit-montenegro.com\/de\/wp-json\/wp\/v2\/pages\/135207","targetHints":{"allow":["GET"]}}],"collection":[{"href":"https:\/\/www.visit-montenegro.com\/de\/wp-json\/wp\/v2\/pages"}],"about":[{"href":"https:\/\/www.visit-montenegro.com\/de\/wp-json\/wp\/v2\/types\/page"}],"author":[{"embeddable":true,"href":"https:\/\/www.visit-montenegro.com\/de\/wp-json\/wp\/v2\/users\/1"}],"replies":[{"embeddable":true,"href":"https:\/\/www.visit-montenegro.com\/de\/wp-json\/wp\/v2\/comments?post=135207"}],"version-history":[{"count":0,"href":"https:\/\/www.visit-montenegro.com\/de\/wp-json\/wp\/v2\/pages\/135207\/revisions"}],"up":[{"embeddable":true,"href":"https:\/\/www.visit-montenegro.com\/de\/wp-json\/wp\/v2\/pages\/135200"}],"wp:featuredmedia":[{"embeddable":true,"href":"https:\/\/www.visit-montenegro.com\/de\/wp-json\/wp\/v2\/media\/135208"}],"wp:attachment":[{"href":"https:\/\/www.visit-montenegro.com\/de\/wp-json\/wp\/v2\/media?parent=135207"}],"wp:term":[{"taxonomy":"post_tag","embeddable":true,"href":"https:\/\/www.visit-montenegro.com\/de\/wp-json\/wp\/v2\/tags?post=135207"}],"curies":[{"name":"wp","href":"https:\/\/api.w.org\/{rel}","templated":true}]}}