{"id":135210,"date":"2026-01-27T21:44:31","date_gmt":"2026-01-27T20:44:31","guid":{"rendered":"https:\/\/new.visit-montenegro.com\/ziele\/tivat\/info\/essen-und-trinken\/"},"modified":"2026-02-22T17:15:05","modified_gmt":"2026-02-22T16:15:05","slug":"essen-und-trinken","status":"publish","type":"page","link":"https:\/\/www.visit-montenegro.com\/de\/reiseziele\/tivat\/info\/essen-und-trinken\/","title":{"rendered":"Tivat Essen &#038; Trinken"},"content":{"rendered":"\n<p><strong><a href=\"https:\/\/www.visit-montenegro.com\/de\/reiseziele\/tivat\/\">Tivat<\/a><\/strong> Essen und Trinken, zusammen mit <a href=\"https:\/\/www.visit-montenegro.com\/de\/reiseziele\/kotor\/\">Kotor<\/a>, sch\u00e4tzt mediterrane, k\u00fcstennahe und meist originale Boka-K\u00fcche. In zahlreichen Hotels, Restaurants, Tavernen oder Privath\u00e4usern werden Ihnen schmackhafte Speisen und verschiedene K\u00f6stlichkeiten aus Boka angeboten. Zur Begr\u00fc\u00dfung erhalten Sie hausgemachten Traubenschnaps, s\u00fc\u00dfen Lik\u00f6r, &#8222;Frustula&#8220;, Oliven oder Oliven\u00f6l.<\/p>\n\n<p>Als Hauptgericht im Sommer erhalten Sie gegrillten Fisch, der in der Bucht von Tivat gefangen wurde. Z\u00f6gern Sie nicht, neue Dinge zu probieren, die als traditionelle montenegrinische oder mediterrane K\u00fcche angeboten werden. Folglich liegen Sie mit Reis mit Meeresfr\u00fcchten, hergestellt aus gekochtem Reis, Miesmuscheln, anderen kleineren Meeresfr\u00fcchten und Oliven\u00f6l, nie falsch. Dieses Gericht besticht durch Farbenpracht und angenehmen Duft und wird zu einer Harmonie des Sommervergn\u00fcgens.<\/p>\n\n<h2 class=\"wp-block-heading\">Einzigartige Tivat-Spezialit\u00e4ten<\/h2>\n\n<p><strong>Tivat<\/strong> ist bekannt f\u00fcr &#8222;Zucenica&#8220; (Endivie), eine einzigartige K\u00fcstenpflanze, die von Hand auf Wiesen oder H\u00e4ngen gepfl\u00fcckt wird. Es ist eine gr\u00fcnliche Pflanze mit verzweigten Bl\u00e4ttern, die oft f\u00fcr Salate verwendet wird. Die einfachste Zubereitung umfasst Kochen, Abk\u00fchlen, Abtropfen und W\u00fcrzen mit Knoblauch und Oliven\u00f6l. Dar\u00fcber hinaus gibt es viele andere schmackhafte Spezialit\u00e4ten aus &#8222;Zucenica&#8220;, und ein Festival zu Ehren dieser Pflanze wird bald organisiert.<\/p>\n\n<p>Au\u00dferdem bieten viele Tivat-Hotels und Restaurants schmackhafte Fleischspezialit\u00e4ten wie Koteletts, Schnitzel und Braten an. F\u00fcr Vegetarier bieten K\u00f6che zahlreiche Spezialit\u00e4ten aus Obst, Gem\u00fcse oder Fisch an.<\/p>\n\n<h2 class=\"wp-block-heading\">Essen und Trinken in Tivat<\/h2>\n\n<p>F\u00fcr intime Atmosph\u00e4ren eignen sich gut eingerichtete Tivat-Restaurants wie &#8222;Galeb&#8220;, &#8222;Izlet&#8220;, &#8222;Kalimanj&#8220;, &#8222;Montenegro&#8220; und &#8222;Splendido&#8220;, zusammen mit Tavernen wie &#8222;Bacchus&#8220; oder &#8222;Maestral&#8220;. Nach dem Sonnenbaden und Schwimmen k\u00f6nnen Sie in diesen Lokalen zu Mittag essen.<\/p>\n\n<p>Nach dem Essen sp\u00fclen Sie es mit traditionellen montenegrinischen Weinen hinunter. Probieren Sie tats\u00e4chlich Wei\u00dfweine wie &#8222;Krstac&#8220;, &#8222;Cherdonay&#8220; oder &#8222;Sauvignon&#8220; oder Rotweine wie &#8222;Vranac&#8220;, &#8222;Merlot&#8220;, &#8222;Prokordem&#8220; oder &#8222;Cabernet&#8220;.<\/p>\n\n<p>F\u00fcr eine angenehme Ruhepause genie\u00dfen Sie italienisches Abendessen in Pizzerien wie &#8222;As&#8220;, &#8222;Lav&#8220;, &#8222;Pine&#8220;, &#8222;Renesansa&#8220; oder &#8222;Zodiak&#8220;. Sie k\u00f6nnen schmackhafte italienische Pizzen, Lasagnen und andere Teigspezialit\u00e4ten probieren. Wenn Sie nicht kalorienbewusst sind, besuchen Sie Caf\u00e9-Konditoreien wie &#8222;Biser&#8220;, &#8222;Minjon&#8220; oder &#8222;Pine&#8220; f\u00fcr S\u00fc\u00dfigkeiten.<\/p>\n\n<p>Ein wichtiger Brauch: K\u00f6che und Kellner sagen &#8222;Dobro Vam ucinjelo&#8220; (M\u00f6ge das Essen Ihnen gut tun), ein traditioneller Trinkspruch, der &#8222;Guten Appetit&#8220; bedeutet. Und tats\u00e4chlich, Guten Appetit!<\/p>\n","protected":false},"excerpt":{"rendered":"<p>Entdecken Sie Tivats lebendige Ess- und Trinkszene mit mediterraner und Boka-K\u00fcche. Probieren Sie einzigartige Spezialit\u00e4ten wie &#8222;Zucenica&#8220; und genie\u00dfen Sie das Essen in renommierten Restaurants mit traditionellen montenegrinischen Weinen.<\/p>\n","protected":false},"author":1,"featured_media":135211,"parent":135200,"menu_order":0,"comment_status":"closed","ping_status":"closed","template":"","meta":{"_yoast_wpseo_focuskw":"Tivat Essen & Trinken","_yoast_wpseo_metadesc":"Genie\u00dfen Sie Tivats mediterrane K\u00fcche, einzigartige Spezialit\u00e4ten und traditionelle Weine. Entdecken Sie die besten Restaurants und lokale Br\u00e4uche f\u00fcr ein authentisches montenegrinisches Kulinarik-Erlebnis.","_kad_post_transparent":"","_kad_post_title":"","_kad_post_layout":"","_kad_post_sidebar_id":"","_kad_post_content_style":"","_kad_post_vertical_padding":"","_kad_post_feature":"","_kad_post_feature_position":"","_kad_post_header":false,"_kad_post_footer":false,"_kad_post_classname":"","iawp_total_views":10,"footnotes":""},"tags":[],"class_list":["post-135210","page","type-page","status-publish","has-post-thumbnail","hentry"],"yoast_head":"<!-- This site is optimized with the Yoast SEO plugin v27.3 - https:\/\/yoast.com\/product\/yoast-seo-wordpress\/ -->\n<title>Tivat Essen &amp; Trinken - Visit Montenegro<\/title>\n<meta name=\"description\" content=\"Genie\u00dfen Sie Tivats mediterrane K\u00fcche, einzigartige Spezialit\u00e4ten und traditionelle Weine. Entdecken Sie die besten Restaurants und lokale Br\u00e4uche f\u00fcr ein authentisches montenegrinisches Kulinarik-Erlebnis.\" \/>\n<meta name=\"robots\" content=\"index, follow, max-snippet:-1, max-image-preview:large, max-video-preview:-1\" \/>\n<link rel=\"canonical\" href=\"https:\/\/www.visit-montenegro.com\/de\/reiseziele\/tivat\/info\/essen-und-trinken\/\" \/>\n<meta property=\"og:locale\" content=\"de_DE\" \/>\n<meta property=\"og:type\" content=\"article\" \/>\n<meta property=\"og:title\" content=\"Tivat Essen &amp; Trinken - Visit Montenegro\" \/>\n<meta property=\"og:description\" content=\"Genie\u00dfen Sie Tivats mediterrane K\u00fcche, einzigartige Spezialit\u00e4ten und traditionelle Weine. Entdecken Sie die besten Restaurants und lokale Br\u00e4uche f\u00fcr ein authentisches montenegrinisches Kulinarik-Erlebnis.\" \/>\n<meta property=\"og:url\" content=\"https:\/\/www.visit-montenegro.com\/de\/reiseziele\/tivat\/info\/essen-und-trinken\/\" \/>\n<meta property=\"og:site_name\" content=\"Visit Montenegro\" \/>\n<meta property=\"article:publisher\" content=\"https:\/\/www.facebook.com\/visitmontenegro\" \/>\n<meta property=\"article:modified_time\" content=\"2026-02-22T16:15:05+00:00\" \/>\n<meta property=\"og:image\" content=\"https:\/\/www.visit-montenegro.com\/wp-content\/uploads\/2026\/02\/sea-food-scaled.jpg\" \/>\n\t<meta property=\"og:image:width\" content=\"1600\" \/>\n\t<meta property=\"og:image:height\" content=\"640\" \/>\n\t<meta property=\"og:image:type\" content=\"image\/jpeg\" \/>\n<meta name=\"twitter:card\" content=\"summary_large_image\" \/>\n<meta name=\"twitter:site\" content=\"@visitmontenegro\" \/>\n<meta name=\"twitter:label1\" content=\"Gesch\u00e4tzte Lesezeit\" \/>\n\t<meta name=\"twitter:data1\" content=\"2\u00a0Minuten\" \/>\n<script type=\"application\/ld+json\" class=\"yoast-schema-graph\">{\"@context\":\"https:\\\/\\\/schema.org\",\"@graph\":[{\"@type\":\"WebPage\",\"@id\":\"https:\\\/\\\/www.visit-montenegro.com\\\/de\\\/reiseziele\\\/tivat\\\/info\\\/essen-und-trinken\\\/\",\"url\":\"https:\\\/\\\/www.visit-montenegro.com\\\/de\\\/reiseziele\\\/tivat\\\/info\\\/essen-und-trinken\\\/\",\"name\":\"Tivat Essen & Trinken - Visit Montenegro\",\"isPartOf\":{\"@id\":\"https:\\\/\\\/www.visit-montenegro.com\\\/de\\\/#website\"},\"primaryImageOfPage\":{\"@id\":\"https:\\\/\\\/www.visit-montenegro.com\\\/de\\\/reiseziele\\\/tivat\\\/info\\\/essen-und-trinken\\\/#primaryimage\"},\"image\":{\"@id\":\"https:\\\/\\\/www.visit-montenegro.com\\\/de\\\/reiseziele\\\/tivat\\\/info\\\/essen-und-trinken\\\/#primaryimage\"},\"thumbnailUrl\":\"https:\\\/\\\/www.visit-montenegro.com\\\/wp-content\\\/uploads\\\/2026\\\/02\\\/sea-food-scaled.jpg\",\"datePublished\":\"2026-01-27T20:44:31+00:00\",\"dateModified\":\"2026-02-22T16:15:05+00:00\",\"description\":\"Genie\u00dfen Sie Tivats mediterrane K\u00fcche, einzigartige Spezialit\u00e4ten und traditionelle Weine. Entdecken Sie die besten Restaurants und lokale Br\u00e4uche f\u00fcr ein authentisches montenegrinisches Kulinarik-Erlebnis.\",\"breadcrumb\":{\"@id\":\"https:\\\/\\\/www.visit-montenegro.com\\\/de\\\/reiseziele\\\/tivat\\\/info\\\/essen-und-trinken\\\/#breadcrumb\"},\"inLanguage\":\"de\",\"potentialAction\":[{\"@type\":\"ReadAction\",\"target\":[\"https:\\\/\\\/www.visit-montenegro.com\\\/de\\\/reiseziele\\\/tivat\\\/info\\\/essen-und-trinken\\\/\"]}]},{\"@type\":\"ImageObject\",\"inLanguage\":\"de\",\"@id\":\"https:\\\/\\\/www.visit-montenegro.com\\\/de\\\/reiseziele\\\/tivat\\\/info\\\/essen-und-trinken\\\/#primaryimage\",\"url\":\"https:\\\/\\\/www.visit-montenegro.com\\\/wp-content\\\/uploads\\\/2026\\\/02\\\/sea-food-scaled.jpg\",\"contentUrl\":\"https:\\\/\\\/www.visit-montenegro.com\\\/wp-content\\\/uploads\\\/2026\\\/02\\\/sea-food-scaled.jpg\",\"width\":1600,\"height\":640},{\"@type\":\"BreadcrumbList\",\"@id\":\"https:\\\/\\\/www.visit-montenegro.com\\\/de\\\/reiseziele\\\/tivat\\\/info\\\/essen-und-trinken\\\/#breadcrumb\",\"itemListElement\":[{\"@type\":\"ListItem\",\"position\":1,\"name\":\"Home\",\"item\":\"https:\\\/\\\/www.visit-montenegro.com\\\/de\\\/home\\\/\"},{\"@type\":\"ListItem\",\"position\":2,\"name\":\"Reiseziele in Montenegro\",\"item\":\"https:\\\/\\\/www.visit-montenegro.com\\\/de\\\/reiseziele\\\/\"},{\"@type\":\"ListItem\",\"position\":3,\"name\":\"Tivat\",\"item\":\"https:\\\/\\\/www.visit-montenegro.com\\\/de\\\/reiseziele\\\/tivat\\\/\"},{\"@type\":\"ListItem\",\"position\":4,\"name\":\"Mehr \u00fcber Tivat\",\"item\":\"https:\\\/\\\/www.visit-montenegro.com\\\/de\\\/reiseziele\\\/tivat\\\/info\\\/\"},{\"@type\":\"ListItem\",\"position\":5,\"name\":\"Tivat Essen &#038; Trinken\"}]},{\"@type\":\"WebSite\",\"@id\":\"https:\\\/\\\/www.visit-montenegro.com\\\/de\\\/#website\",\"url\":\"https:\\\/\\\/www.visit-montenegro.com\\\/de\\\/\",\"name\":\"Visit Montenegro\",\"description\":\"Breathtaking beauty\",\"publisher\":{\"@id\":\"https:\\\/\\\/www.visit-montenegro.com\\\/de\\\/#organization\"},\"potentialAction\":[{\"@type\":\"SearchAction\",\"target\":{\"@type\":\"EntryPoint\",\"urlTemplate\":\"https:\\\/\\\/www.visit-montenegro.com\\\/de\\\/?s={search_term_string}\"},\"query-input\":{\"@type\":\"PropertyValueSpecification\",\"valueRequired\":true,\"valueName\":\"search_term_string\"}}],\"inLanguage\":\"de\"},{\"@type\":\"Organization\",\"@id\":\"https:\\\/\\\/www.visit-montenegro.com\\\/de\\\/#organization\",\"name\":\"Visit Montenegro\",\"url\":\"https:\\\/\\\/www.visit-montenegro.com\\\/de\\\/\",\"logo\":{\"@type\":\"ImageObject\",\"inLanguage\":\"de\",\"@id\":\"https:\\\/\\\/www.visit-montenegro.com\\\/de\\\/#\\\/schema\\\/logo\\\/image\\\/\",\"url\":\"https:\\\/\\\/www.visit-montenegro.com\\\/wp-content\\\/uploads\\\/2017\\\/10\\\/logo-amp.png\",\"contentUrl\":\"https:\\\/\\\/www.visit-montenegro.com\\\/wp-content\\\/uploads\\\/2017\\\/10\\\/logo-amp.png\",\"width\":190,\"height\":36,\"caption\":\"Visit Montenegro\"},\"image\":{\"@id\":\"https:\\\/\\\/www.visit-montenegro.com\\\/de\\\/#\\\/schema\\\/logo\\\/image\\\/\"},\"sameAs\":[\"https:\\\/\\\/www.facebook.com\\\/visitmontenegro\",\"https:\\\/\\\/x.com\\\/visitmontenegro\",\"https:\\\/\\\/www.instagram.com\\\/visit_montenegro\\\/\",\"https:\\\/\\\/www.youtube.com\\\/user\\\/VisitMontenegro\"]}]}<\/script>\n<!-- \/ Yoast SEO plugin. -->","yoast_head_json":{"title":"Tivat Essen & Trinken - Visit Montenegro","description":"Genie\u00dfen Sie Tivats mediterrane K\u00fcche, einzigartige Spezialit\u00e4ten und traditionelle Weine. Entdecken Sie die besten Restaurants und lokale Br\u00e4uche f\u00fcr ein authentisches montenegrinisches Kulinarik-Erlebnis.","robots":{"index":"index","follow":"follow","max-snippet":"max-snippet:-1","max-image-preview":"max-image-preview:large","max-video-preview":"max-video-preview:-1"},"canonical":"https:\/\/www.visit-montenegro.com\/de\/reiseziele\/tivat\/info\/essen-und-trinken\/","og_locale":"de_DE","og_type":"article","og_title":"Tivat Essen & Trinken - Visit Montenegro","og_description":"Genie\u00dfen Sie Tivats mediterrane K\u00fcche, einzigartige Spezialit\u00e4ten und traditionelle Weine. Entdecken Sie die besten Restaurants und lokale Br\u00e4uche f\u00fcr ein authentisches montenegrinisches Kulinarik-Erlebnis.","og_url":"https:\/\/www.visit-montenegro.com\/de\/reiseziele\/tivat\/info\/essen-und-trinken\/","og_site_name":"Visit Montenegro","article_publisher":"https:\/\/www.facebook.com\/visitmontenegro","article_modified_time":"2026-02-22T16:15:05+00:00","og_image":[{"width":1600,"height":640,"url":"https:\/\/www.visit-montenegro.com\/wp-content\/uploads\/2026\/02\/sea-food-scaled.jpg","type":"image\/jpeg"}],"twitter_card":"summary_large_image","twitter_site":"@visitmontenegro","twitter_misc":{"Gesch\u00e4tzte Lesezeit":"2\u00a0Minuten"},"schema":{"@context":"https:\/\/schema.org","@graph":[{"@type":"WebPage","@id":"https:\/\/www.visit-montenegro.com\/de\/reiseziele\/tivat\/info\/essen-und-trinken\/","url":"https:\/\/www.visit-montenegro.com\/de\/reiseziele\/tivat\/info\/essen-und-trinken\/","name":"Tivat Essen & Trinken - Visit Montenegro","isPartOf":{"@id":"https:\/\/www.visit-montenegro.com\/de\/#website"},"primaryImageOfPage":{"@id":"https:\/\/www.visit-montenegro.com\/de\/reiseziele\/tivat\/info\/essen-und-trinken\/#primaryimage"},"image":{"@id":"https:\/\/www.visit-montenegro.com\/de\/reiseziele\/tivat\/info\/essen-und-trinken\/#primaryimage"},"thumbnailUrl":"https:\/\/www.visit-montenegro.com\/wp-content\/uploads\/2026\/02\/sea-food-scaled.jpg","datePublished":"2026-01-27T20:44:31+00:00","dateModified":"2026-02-22T16:15:05+00:00","description":"Genie\u00dfen Sie Tivats mediterrane K\u00fcche, einzigartige Spezialit\u00e4ten und traditionelle Weine. Entdecken Sie die besten Restaurants und lokale Br\u00e4uche f\u00fcr ein authentisches montenegrinisches Kulinarik-Erlebnis.","breadcrumb":{"@id":"https:\/\/www.visit-montenegro.com\/de\/reiseziele\/tivat\/info\/essen-und-trinken\/#breadcrumb"},"inLanguage":"de","potentialAction":[{"@type":"ReadAction","target":["https:\/\/www.visit-montenegro.com\/de\/reiseziele\/tivat\/info\/essen-und-trinken\/"]}]},{"@type":"ImageObject","inLanguage":"de","@id":"https:\/\/www.visit-montenegro.com\/de\/reiseziele\/tivat\/info\/essen-und-trinken\/#primaryimage","url":"https:\/\/www.visit-montenegro.com\/wp-content\/uploads\/2026\/02\/sea-food-scaled.jpg","contentUrl":"https:\/\/www.visit-montenegro.com\/wp-content\/uploads\/2026\/02\/sea-food-scaled.jpg","width":1600,"height":640},{"@type":"BreadcrumbList","@id":"https:\/\/www.visit-montenegro.com\/de\/reiseziele\/tivat\/info\/essen-und-trinken\/#breadcrumb","itemListElement":[{"@type":"ListItem","position":1,"name":"Home","item":"https:\/\/www.visit-montenegro.com\/de\/home\/"},{"@type":"ListItem","position":2,"name":"Reiseziele in Montenegro","item":"https:\/\/www.visit-montenegro.com\/de\/reiseziele\/"},{"@type":"ListItem","position":3,"name":"Tivat","item":"https:\/\/www.visit-montenegro.com\/de\/reiseziele\/tivat\/"},{"@type":"ListItem","position":4,"name":"Mehr \u00fcber Tivat","item":"https:\/\/www.visit-montenegro.com\/de\/reiseziele\/tivat\/info\/"},{"@type":"ListItem","position":5,"name":"Tivat Essen &#038; Trinken"}]},{"@type":"WebSite","@id":"https:\/\/www.visit-montenegro.com\/de\/#website","url":"https:\/\/www.visit-montenegro.com\/de\/","name":"Visit Montenegro","description":"Breathtaking beauty","publisher":{"@id":"https:\/\/www.visit-montenegro.com\/de\/#organization"},"potentialAction":[{"@type":"SearchAction","target":{"@type":"EntryPoint","urlTemplate":"https:\/\/www.visit-montenegro.com\/de\/?s={search_term_string}"},"query-input":{"@type":"PropertyValueSpecification","valueRequired":true,"valueName":"search_term_string"}}],"inLanguage":"de"},{"@type":"Organization","@id":"https:\/\/www.visit-montenegro.com\/de\/#organization","name":"Visit Montenegro","url":"https:\/\/www.visit-montenegro.com\/de\/","logo":{"@type":"ImageObject","inLanguage":"de","@id":"https:\/\/www.visit-montenegro.com\/de\/#\/schema\/logo\/image\/","url":"https:\/\/www.visit-montenegro.com\/wp-content\/uploads\/2017\/10\/logo-amp.png","contentUrl":"https:\/\/www.visit-montenegro.com\/wp-content\/uploads\/2017\/10\/logo-amp.png","width":190,"height":36,"caption":"Visit Montenegro"},"image":{"@id":"https:\/\/www.visit-montenegro.com\/de\/#\/schema\/logo\/image\/"},"sameAs":["https:\/\/www.facebook.com\/visitmontenegro","https:\/\/x.com\/visitmontenegro","https:\/\/www.instagram.com\/visit_montenegro\/","https:\/\/www.youtube.com\/user\/VisitMontenegro"]}]}},"translations":[],"_links":{"self":[{"href":"https:\/\/www.visit-montenegro.com\/de\/wp-json\/wp\/v2\/pages\/135210","targetHints":{"allow":["GET"]}}],"collection":[{"href":"https:\/\/www.visit-montenegro.com\/de\/wp-json\/wp\/v2\/pages"}],"about":[{"href":"https:\/\/www.visit-montenegro.com\/de\/wp-json\/wp\/v2\/types\/page"}],"author":[{"embeddable":true,"href":"https:\/\/www.visit-montenegro.com\/de\/wp-json\/wp\/v2\/users\/1"}],"replies":[{"embeddable":true,"href":"https:\/\/www.visit-montenegro.com\/de\/wp-json\/wp\/v2\/comments?post=135210"}],"version-history":[{"count":0,"href":"https:\/\/www.visit-montenegro.com\/de\/wp-json\/wp\/v2\/pages\/135210\/revisions"}],"up":[{"embeddable":true,"href":"https:\/\/www.visit-montenegro.com\/de\/wp-json\/wp\/v2\/pages\/135200"}],"wp:featuredmedia":[{"embeddable":true,"href":"https:\/\/www.visit-montenegro.com\/de\/wp-json\/wp\/v2\/media\/135211"}],"wp:attachment":[{"href":"https:\/\/www.visit-montenegro.com\/de\/wp-json\/wp\/v2\/media?parent=135210"}],"wp:term":[{"taxonomy":"post_tag","embeddable":true,"href":"https:\/\/www.visit-montenegro.com\/de\/wp-json\/wp\/v2\/tags?post=135210"}],"curies":[{"name":"wp","href":"https:\/\/api.w.org\/{rel}","templated":true}]}}