{"id":139601,"date":"2026-04-15T19:16:42","date_gmt":"2026-04-15T18:16:42","guid":{"rendered":"https:\/\/www.visit-montenegro.com\/montenegro\/old-towns\/"},"modified":"2026-04-15T19:53:30","modified_gmt":"2026-04-15T18:53:30","slug":"old-towns","status":"publish","type":"page","link":"https:\/\/www.visit-montenegro.com\/de\/montenegro\/old-towns\/","title":{"rendered":"Montenegro Altst\u00e4dte"},"content":{"rendered":"\n<p>Ein Schritt in die <strong>Altst\u00e4dte Montenegros<\/strong> ist wie ein Spaziergang durch ein lebendiges Museum. Diese antiken Stadtzentren, gepr\u00e4gt von ihren Kalksteinmauern, engen verwinkelten Gassen und venezianischer Architektur, repr\u00e4sentieren das Herz und die Seele der Adriak\u00fcste. Jede Stadt erz\u00e4hlt eine einzigartige Geschichte von Seemacht, kulturellem Austausch und Widerstandsf\u00e4higkeit.<\/p>\n\n<p>Ob Sie das UNESCO-gesch\u00fctzte Erbe von <a href=\"https:\/\/www.visit-montenegro.com\/de\/reiseziele\/kotor\/\">Kotor<\/a> oder die lebendigen, sonnendurchfluteten Pl\u00e4tze von <a href=\"https:\/\/www.visit-montenegro.com\/de\/reiseziele\/budva\/\">Budva<\/a> suchen, die <strong>Altst\u00e4dte Montenegros<\/strong> bieten eine unvergleichliche Atmosph\u00e4re f\u00fcr Geschichtsinteressierte und entspannte Spazierg\u00e4nger gleicherma\u00dfen. Erkunden Sie unseren umfassenden Leitfaden, um das perfekte historische Ziel f\u00fcr Ihren n\u00e4chsten Besuch zu finden.<\/p>\n\n<hr class=\"wp-block-separator has-alpha-channel-opacity\"\/>\n\n<div class=\"wp-block-query is-layout-flow wp-block-query-is-layout-flow\"><ul class=\"wp-block-post-template is-layout-flow wp-block-post-template-is-layout-flow\"><li class=\"wp-block-post post-135040 page type-page status-publish has-post-thumbnail hentry tag-attraction-old-town\">\n<h2 class=\"wp-block-post-title\"><a href=\"https:\/\/www.visit-montenegro.com\/de\/reiseziele\/ulcinj\/sehenswuerdigkeiten\/altstadt\/\" target=\"_self\" >Ulcinj Altstadt<\/a><\/h2>\n\n<figure class=\"alignwide wp-block-post-featured-image\"><a href=\"https:\/\/www.visit-montenegro.com\/de\/reiseziele\/ulcinj\/sehenswuerdigkeiten\/altstadt\/\" target=\"_self\"  ><img loading=\"lazy\" decoding=\"async\" width=\"1200\" height=\"709\" src=\"https:\/\/www.visit-montenegro.com\/wp-content\/uploads\/2026\/01\/ulcinj-old-town-1200x709.jpg\" class=\"attachment-post-thumbnail size-post-thumbnail wp-post-image\" alt=\"Ulcinj Altstadt\" style=\"object-fit:cover;\" srcset=\"https:\/\/www.visit-montenegro.com\/wp-content\/uploads\/2026\/01\/ulcinj-old-town-1200x709.jpg 1200w, https:\/\/www.visit-montenegro.com\/wp-content\/uploads\/2026\/01\/ulcinj-old-town-300x177.jpg 300w, https:\/\/www.visit-montenegro.com\/wp-content\/uploads\/2026\/01\/ulcinj-old-town-1024x605.jpg 1024w, https:\/\/www.visit-montenegro.com\/wp-content\/uploads\/2026\/01\/ulcinj-old-town-768x454.jpg 768w, https:\/\/www.visit-montenegro.com\/wp-content\/uploads\/2026\/01\/ulcinj-old-town-1536x907.jpg 1536w, https:\/\/www.visit-montenegro.com\/wp-content\/uploads\/2026\/01\/ulcinj-old-town-scaled.jpg 1600w\" sizes=\"auto, (max-width: 1200px) 100vw, 1200px\" \/><\/a><\/figure>\n\n<div class=\"wp-block-post-excerpt\"><p class=\"wp-block-post-excerpt__excerpt\">Erkunden Sie die Ulcinj Altstadt, eine mittelalterliche Festung an der K\u00fcste Montenegros mit reicher Geschichte, Piratengeschichten und kulturellen Sch\u00e4tzen. Entdecken Sie ihre griechischen und r\u00f6mischen Urspr\u00fcnge, Legenden und ihren Status als UNESCO-Kandidat. <\/p><\/div>\n\n\n<hr class=\"wp-block-separator has-css-opacity\" style=\"margin-top:var(--wp--preset--spacing--60);margin-bottom:var(--wp--preset--spacing--60)\"\/>\n\n<\/li><li class=\"wp-block-post post-134966 page type-page status-publish has-post-thumbnail hentry tag-attraction-old-town\">\n<h2 class=\"wp-block-post-title\"><a href=\"https:\/\/www.visit-montenegro.com\/de\/reiseziele\/bar\/sehenswuerdigkeiten\/altstadt-bar\/\" target=\"_self\" >Altstadt von Bar<\/a><\/h2>\n\n<figure class=\"alignwide wp-block-post-featured-image\"><a href=\"https:\/\/www.visit-montenegro.com\/de\/reiseziele\/bar\/sehenswuerdigkeiten\/altstadt-bar\/\" target=\"_self\"  ><img loading=\"lazy\" decoding=\"async\" width=\"1200\" height=\"801\" src=\"https:\/\/www.visit-montenegro.com\/wp-content\/uploads\/2026\/01\/bar-old-town-01-1200x801.jpg\" class=\"attachment-post-thumbnail size-post-thumbnail wp-post-image\" alt=\"Altstadt von Bar\" style=\"object-fit:cover;\" srcset=\"https:\/\/www.visit-montenegro.com\/wp-content\/uploads\/2026\/01\/bar-old-town-01-1200x801.jpg 1200w, https:\/\/www.visit-montenegro.com\/wp-content\/uploads\/2026\/01\/bar-old-town-01-300x200.jpg 300w, https:\/\/www.visit-montenegro.com\/wp-content\/uploads\/2026\/01\/bar-old-town-01-1024x684.jpg 1024w, https:\/\/www.visit-montenegro.com\/wp-content\/uploads\/2026\/01\/bar-old-town-01-768x513.jpg 768w, https:\/\/www.visit-montenegro.com\/wp-content\/uploads\/2026\/01\/bar-old-town-01-1536x1026.jpg 1536w, https:\/\/www.visit-montenegro.com\/wp-content\/uploads\/2026\/01\/bar-old-town-01-scaled.jpg 1600w\" sizes=\"auto, (max-width: 1200px) 100vw, 1200px\" \/><\/a><\/figure>\n\n<div class=\"wp-block-post-excerpt\"><p class=\"wp-block-post-excerpt__excerpt\">Erkunden Sie die historische Altstadt von Bar in Montenegro, eine befestigte Siedlung mit alten Mauern, Kirchen und Ruinen. Erfahren Sie mehr \u00fcber ihre reiche Geschichte, laufende Wiederbelebungsbem\u00fchungen und nahegelegene Sehensw\u00fcrdigkeiten wie den \u00fcber 2.000 Jahre alten Olivenbaum. <\/p><\/div>\n\n\n<hr class=\"wp-block-separator has-css-opacity\" style=\"margin-top:var(--wp--preset--spacing--60);margin-bottom:var(--wp--preset--spacing--60)\"\/>\n\n<\/li><li class=\"wp-block-post post-135084 page type-page status-publish has-post-thumbnail hentry tag-attraction-old-town tag-besuchen tag-crna-gora tag-montenegro tag-nachrichten tag-reisen tag-tourismus\">\n<h2 class=\"wp-block-post-title\"><a href=\"https:\/\/www.visit-montenegro.com\/de\/reiseziele\/budva\/sehenswuerdigkeiten\/altstadt\/\" target=\"_self\" >Budva Altstadt<\/a><\/h2>\n\n<figure class=\"alignwide wp-block-post-featured-image\"><a href=\"https:\/\/www.visit-montenegro.com\/de\/reiseziele\/budva\/sehenswuerdigkeiten\/altstadt\/\" target=\"_self\"  ><img loading=\"lazy\" decoding=\"async\" width=\"1200\" height=\"799\" src=\"https:\/\/www.visit-montenegro.com\/wp-content\/uploads\/2026\/01\/budva-drone-01-1200x799.jpg\" class=\"attachment-post-thumbnail size-post-thumbnail wp-post-image\" alt=\"Budva Altstadt\" style=\"object-fit:cover;\" srcset=\"https:\/\/www.visit-montenegro.com\/wp-content\/uploads\/2026\/01\/budva-drone-01-1200x799.jpg 1200w, https:\/\/www.visit-montenegro.com\/wp-content\/uploads\/2026\/01\/budva-drone-01-300x200.jpg 300w, https:\/\/www.visit-montenegro.com\/wp-content\/uploads\/2026\/01\/budva-drone-01-1024x682.jpg 1024w, https:\/\/www.visit-montenegro.com\/wp-content\/uploads\/2026\/01\/budva-drone-01-768x512.jpg 768w, https:\/\/www.visit-montenegro.com\/wp-content\/uploads\/2026\/01\/budva-drone-01-1536x1023.jpg 1536w, https:\/\/www.visit-montenegro.com\/wp-content\/uploads\/2026\/01\/budva-drone-01-scaled.jpg 1600w\" sizes=\"auto, (max-width: 1200px) 100vw, 1200px\" \/><\/a><\/figure>\n\n<div class=\"wp-block-post-excerpt\"><p class=\"wp-block-post-excerpt__excerpt\">Entdecken Sie die bezaubernde Budva Altstadt, ein historisches Juwel in Montenegro mit \u00fcber 2.500 Jahren Geschichte. Erkunden Sie ihre mittelalterlichen venezianischen Mauern, labyrinthartigen Gassen und antiken Wahrzeichen wie die Zitadelle und Kirchen, die eine einzigartige Mischung aus Kultur und Architektur f\u00fcr jeden Reisenden bieten. <\/p><\/div>\n\n\n<hr class=\"wp-block-separator has-css-opacity\" style=\"margin-top:var(--wp--preset--spacing--60);margin-bottom:var(--wp--preset--spacing--60)\"\/>\n\n<\/li><li class=\"wp-block-post post-134105 page type-page status-publish has-post-thumbnail hentry tag-attraction tag-attraction-old-town\">\n<h2 class=\"wp-block-post-title\"><a href=\"https:\/\/www.visit-montenegro.com\/de\/reiseziele\/kotor\/sehenswuerdigkeiten\/old-town-kotor\/\" target=\"_self\" >Kotor Altstadt<\/a><\/h2>\n\n<figure class=\"alignwide wp-block-post-featured-image\"><a href=\"https:\/\/www.visit-montenegro.com\/de\/reiseziele\/kotor\/sehenswuerdigkeiten\/old-town-kotor\/\" target=\"_self\"  ><img loading=\"lazy\" decoding=\"async\" width=\"1200\" height=\"800\" src=\"https:\/\/www.visit-montenegro.com\/wp-content\/uploads\/2026\/01\/kotor-old-town-aerial-1200x800.jpg\" class=\"attachment-post-thumbnail size-post-thumbnail wp-post-image\" alt=\"Kotor Altstadt\" style=\"object-fit:cover;\" srcset=\"https:\/\/www.visit-montenegro.com\/wp-content\/uploads\/2026\/01\/kotor-old-town-aerial-1200x800.jpg 1200w, https:\/\/www.visit-montenegro.com\/wp-content\/uploads\/2026\/01\/kotor-old-town-aerial-300x200.jpg 300w, https:\/\/www.visit-montenegro.com\/wp-content\/uploads\/2026\/01\/kotor-old-town-aerial-1024x683.jpg 1024w, https:\/\/www.visit-montenegro.com\/wp-content\/uploads\/2026\/01\/kotor-old-town-aerial-768x512.jpg 768w, https:\/\/www.visit-montenegro.com\/wp-content\/uploads\/2026\/01\/kotor-old-town-aerial-1536x1024.jpg 1536w, https:\/\/www.visit-montenegro.com\/wp-content\/uploads\/2026\/01\/kotor-old-town-aerial-scaled.jpg 1600w\" sizes=\"auto, (max-width: 1200px) 100vw, 1200px\" \/><\/a><\/figure>\n\n<div class=\"wp-block-post-excerpt\"><p class=\"wp-block-post-excerpt__excerpt\">Entdecken Sie die Kotor Altstadt, eine UNESCO-Welterbest\u00e4tte und die am besten erhaltene mittelalterliche Stadtanlage im Mittelmeerraum. Erkunden Sie ihre historischen Mauern, Kathedralen und lebendigen Pl\u00e4tze, die reiche Kultur mit modernen Annehmlichkeiten f\u00fcr einen unvergesslichen Besuch verbinden. <\/p><\/div>\n\n\n<hr class=\"wp-block-separator has-css-opacity\" style=\"margin-top:var(--wp--preset--spacing--60);margin-bottom:var(--wp--preset--spacing--60)\"\/>\n\n<\/li><\/ul><\/div>\n\n<p><\/p>\n","protected":false},"excerpt":{"rendered":"<p>Ein Schritt in die Altst\u00e4dte Montenegros ist wie ein Spaziergang durch ein lebendiges Museum. Diese antiken Stadtzentren, gepr\u00e4gt von ihren Kalksteinmauern, engen verwinkelten Gassen und venezianischer Architektur, repr\u00e4sentieren das Herz und die Seele der Adriak\u00fcste. Jede Stadt erz\u00e4hlt eine einzigartige Geschichte von Seemacht, kulturellem Austausch und Widerstandsf\u00e4higkeit. Ob Sie das UNESCO-gesch\u00fctzte Erbe von Kotor oder&#8230;<\/p>\n","protected":false},"author":1,"featured_media":138178,"parent":133960,"menu_order":0,"comment_status":"closed","ping_status":"closed","template":"","meta":{"_yoast_wpseo_focuskw":"Montenegro Altst\u00e4dte","_yoast_wpseo_metadesc":"Entdecken Sie die besten Altst\u00e4dte Montenegros, von den mittelalterlichen Mauern von Kotor bis zum K\u00fcstencharme von Budva und Ulcinj.","_kad_post_transparent":"","_kad_post_title":"","_kad_post_layout":"","_kad_post_sidebar_id":"","_kad_post_content_style":"","_kad_post_vertical_padding":"","_kad_post_feature":"","_kad_post_feature_position":"","_kad_post_header":false,"_kad_post_footer":false,"_kad_post_classname":"","iawp_total_views":0,"footnotes":""},"tags":[],"class_list":["post-139601","page","type-page","status-publish","has-post-thumbnail","hentry"],"yoast_head":"<!-- This site is optimized with the Yoast SEO plugin v27.4 - https:\/\/yoast.com\/product\/yoast-seo-wordpress\/ -->\n<title>Montenegro Altst\u00e4dte - Visit Montenegro<\/title>\n<meta name=\"description\" content=\"Entdecken Sie die besten Altst\u00e4dte Montenegros, von den mittelalterlichen Mauern von Kotor bis zum K\u00fcstencharme von Budva und Ulcinj.\" \/>\n<meta name=\"robots\" content=\"index, follow, max-snippet:-1, max-image-preview:large, max-video-preview:-1\" \/>\n<link rel=\"canonical\" href=\"https:\/\/www.visit-montenegro.com\/de\/montenegro\/old-towns\/\" \/>\n<meta property=\"og:locale\" content=\"de_DE\" \/>\n<meta property=\"og:type\" content=\"article\" \/>\n<meta property=\"og:title\" content=\"Montenegro Altst\u00e4dte - Visit Montenegro\" \/>\n<meta property=\"og:description\" content=\"Entdecken Sie die besten Altst\u00e4dte Montenegros, von den mittelalterlichen Mauern von Kotor bis zum K\u00fcstencharme von Budva und Ulcinj.\" \/>\n<meta property=\"og:url\" content=\"https:\/\/www.visit-montenegro.com\/de\/montenegro\/old-towns\/\" \/>\n<meta property=\"og:site_name\" content=\"Visit Montenegro\" \/>\n<meta property=\"article:publisher\" content=\"https:\/\/www.facebook.com\/visitmontenegro\" \/>\n<meta property=\"article:modified_time\" content=\"2026-04-15T18:53:30+00:00\" \/>\n<meta property=\"og:image\" content=\"https:\/\/www.visit-montenegro.com\/wp-content\/uploads\/2026\/01\/budva-old-town-streets-scaled.jpg\" \/>\n\t<meta property=\"og:image:width\" content=\"1600\" \/>\n\t<meta property=\"og:image:height\" content=\"1067\" \/>\n\t<meta property=\"og:image:type\" content=\"image\/jpeg\" \/>\n<meta name=\"twitter:card\" content=\"summary_large_image\" \/>\n<meta name=\"twitter:site\" content=\"@visitmontenegro\" \/>\n<meta name=\"twitter:label1\" content=\"Gesch\u00e4tzte Lesezeit\" \/>\n\t<meta name=\"twitter:data1\" content=\"1\u00a0Minute\" \/>\n<script type=\"application\/ld+json\" class=\"yoast-schema-graph\">{\"@context\":\"https:\\\/\\\/schema.org\",\"@graph\":[{\"@type\":\"WebPage\",\"@id\":\"https:\\\/\\\/www.visit-montenegro.com\\\/de\\\/montenegro\\\/old-towns\\\/\",\"url\":\"https:\\\/\\\/www.visit-montenegro.com\\\/de\\\/montenegro\\\/old-towns\\\/\",\"name\":\"Montenegro Altst\u00e4dte - Visit Montenegro\",\"isPartOf\":{\"@id\":\"https:\\\/\\\/www.visit-montenegro.com\\\/de\\\/#website\"},\"primaryImageOfPage\":{\"@id\":\"https:\\\/\\\/www.visit-montenegro.com\\\/de\\\/montenegro\\\/old-towns\\\/#primaryimage\"},\"image\":{\"@id\":\"https:\\\/\\\/www.visit-montenegro.com\\\/de\\\/montenegro\\\/old-towns\\\/#primaryimage\"},\"thumbnailUrl\":\"https:\\\/\\\/www.visit-montenegro.com\\\/wp-content\\\/uploads\\\/2026\\\/01\\\/budva-old-town-streets-scaled.jpg\",\"datePublished\":\"2026-04-15T18:16:42+00:00\",\"dateModified\":\"2026-04-15T18:53:30+00:00\",\"description\":\"Entdecken Sie die besten Altst\u00e4dte Montenegros, von den mittelalterlichen Mauern von Kotor bis zum K\u00fcstencharme von Budva und Ulcinj.\",\"breadcrumb\":{\"@id\":\"https:\\\/\\\/www.visit-montenegro.com\\\/de\\\/montenegro\\\/old-towns\\\/#breadcrumb\"},\"inLanguage\":\"de\",\"potentialAction\":[{\"@type\":\"ReadAction\",\"target\":[\"https:\\\/\\\/www.visit-montenegro.com\\\/de\\\/montenegro\\\/old-towns\\\/\"]}]},{\"@type\":\"ImageObject\",\"inLanguage\":\"de\",\"@id\":\"https:\\\/\\\/www.visit-montenegro.com\\\/de\\\/montenegro\\\/old-towns\\\/#primaryimage\",\"url\":\"https:\\\/\\\/www.visit-montenegro.com\\\/wp-content\\\/uploads\\\/2026\\\/01\\\/budva-old-town-streets-scaled.jpg\",\"contentUrl\":\"https:\\\/\\\/www.visit-montenegro.com\\\/wp-content\\\/uploads\\\/2026\\\/01\\\/budva-old-town-streets-scaled.jpg\",\"width\":1600,\"height\":1067,\"caption\":\"Enge Gasse in der Altstadt von Budva an einem sch\u00f6nen Sommertag, Montenegro\"},{\"@type\":\"BreadcrumbList\",\"@id\":\"https:\\\/\\\/www.visit-montenegro.com\\\/de\\\/montenegro\\\/old-towns\\\/#breadcrumb\",\"itemListElement\":[{\"@type\":\"ListItem\",\"position\":1,\"name\":\"Home\",\"item\":\"https:\\\/\\\/www.visit-montenegro.com\\\/de\\\/\"},{\"@type\":\"ListItem\",\"position\":2,\"name\":\"Mehr \u00dcber Montenegro\",\"item\":\"https:\\\/\\\/www.visit-montenegro.com\\\/de\\\/montenegro\\\/\"},{\"@type\":\"ListItem\",\"position\":3,\"name\":\"Montenegro Altst\u00e4dte\"}]},{\"@type\":\"WebSite\",\"@id\":\"https:\\\/\\\/www.visit-montenegro.com\\\/de\\\/#website\",\"url\":\"https:\\\/\\\/www.visit-montenegro.com\\\/de\\\/\",\"name\":\"Visit Montenegro\",\"description\":\"Breathtaking beauty\",\"publisher\":{\"@id\":\"https:\\\/\\\/www.visit-montenegro.com\\\/de\\\/#organization\"},\"potentialAction\":[{\"@type\":\"SearchAction\",\"target\":{\"@type\":\"EntryPoint\",\"urlTemplate\":\"https:\\\/\\\/www.visit-montenegro.com\\\/de\\\/?s={search_term_string}\"},\"query-input\":{\"@type\":\"PropertyValueSpecification\",\"valueRequired\":true,\"valueName\":\"search_term_string\"}}],\"inLanguage\":\"de\"},{\"@type\":\"Organization\",\"@id\":\"https:\\\/\\\/www.visit-montenegro.com\\\/de\\\/#organization\",\"name\":\"Visit Montenegro\",\"url\":\"https:\\\/\\\/www.visit-montenegro.com\\\/de\\\/\",\"logo\":{\"@type\":\"ImageObject\",\"inLanguage\":\"de\",\"@id\":\"https:\\\/\\\/www.visit-montenegro.com\\\/de\\\/#\\\/schema\\\/logo\\\/image\\\/\",\"url\":\"https:\\\/\\\/www.visit-montenegro.com\\\/wp-content\\\/uploads\\\/2017\\\/10\\\/logo-amp.png\",\"contentUrl\":\"https:\\\/\\\/www.visit-montenegro.com\\\/wp-content\\\/uploads\\\/2017\\\/10\\\/logo-amp.png\",\"width\":190,\"height\":36,\"caption\":\"Visit Montenegro\"},\"image\":{\"@id\":\"https:\\\/\\\/www.visit-montenegro.com\\\/de\\\/#\\\/schema\\\/logo\\\/image\\\/\"},\"sameAs\":[\"https:\\\/\\\/www.facebook.com\\\/visitmontenegro\",\"https:\\\/\\\/x.com\\\/visitmontenegro\",\"https:\\\/\\\/www.instagram.com\\\/visit_montenegro\\\/\",\"https:\\\/\\\/www.youtube.com\\\/user\\\/VisitMontenegro\"]}]}<\/script>\n<!-- \/ Yoast SEO plugin. -->","yoast_head_json":{"title":"Montenegro Altst\u00e4dte - Visit Montenegro","description":"Entdecken Sie die besten Altst\u00e4dte Montenegros, von den mittelalterlichen Mauern von Kotor bis zum K\u00fcstencharme von Budva und Ulcinj.","robots":{"index":"index","follow":"follow","max-snippet":"max-snippet:-1","max-image-preview":"max-image-preview:large","max-video-preview":"max-video-preview:-1"},"canonical":"https:\/\/www.visit-montenegro.com\/de\/montenegro\/old-towns\/","og_locale":"de_DE","og_type":"article","og_title":"Montenegro Altst\u00e4dte - Visit Montenegro","og_description":"Entdecken Sie die besten Altst\u00e4dte Montenegros, von den mittelalterlichen Mauern von Kotor bis zum K\u00fcstencharme von Budva und Ulcinj.","og_url":"https:\/\/www.visit-montenegro.com\/de\/montenegro\/old-towns\/","og_site_name":"Visit Montenegro","article_publisher":"https:\/\/www.facebook.com\/visitmontenegro","article_modified_time":"2026-04-15T18:53:30+00:00","og_image":[{"width":1600,"height":1067,"url":"https:\/\/www.visit-montenegro.com\/wp-content\/uploads\/2026\/01\/budva-old-town-streets-scaled.jpg","type":"image\/jpeg"}],"twitter_card":"summary_large_image","twitter_site":"@visitmontenegro","twitter_misc":{"Gesch\u00e4tzte Lesezeit":"1\u00a0Minute"},"schema":{"@context":"https:\/\/schema.org","@graph":[{"@type":"WebPage","@id":"https:\/\/www.visit-montenegro.com\/de\/montenegro\/old-towns\/","url":"https:\/\/www.visit-montenegro.com\/de\/montenegro\/old-towns\/","name":"Montenegro Altst\u00e4dte - Visit Montenegro","isPartOf":{"@id":"https:\/\/www.visit-montenegro.com\/de\/#website"},"primaryImageOfPage":{"@id":"https:\/\/www.visit-montenegro.com\/de\/montenegro\/old-towns\/#primaryimage"},"image":{"@id":"https:\/\/www.visit-montenegro.com\/de\/montenegro\/old-towns\/#primaryimage"},"thumbnailUrl":"https:\/\/www.visit-montenegro.com\/wp-content\/uploads\/2026\/01\/budva-old-town-streets-scaled.jpg","datePublished":"2026-04-15T18:16:42+00:00","dateModified":"2026-04-15T18:53:30+00:00","description":"Entdecken Sie die besten Altst\u00e4dte Montenegros, von den mittelalterlichen Mauern von Kotor bis zum K\u00fcstencharme von Budva und Ulcinj.","breadcrumb":{"@id":"https:\/\/www.visit-montenegro.com\/de\/montenegro\/old-towns\/#breadcrumb"},"inLanguage":"de","potentialAction":[{"@type":"ReadAction","target":["https:\/\/www.visit-montenegro.com\/de\/montenegro\/old-towns\/"]}]},{"@type":"ImageObject","inLanguage":"de","@id":"https:\/\/www.visit-montenegro.com\/de\/montenegro\/old-towns\/#primaryimage","url":"https:\/\/www.visit-montenegro.com\/wp-content\/uploads\/2026\/01\/budva-old-town-streets-scaled.jpg","contentUrl":"https:\/\/www.visit-montenegro.com\/wp-content\/uploads\/2026\/01\/budva-old-town-streets-scaled.jpg","width":1600,"height":1067,"caption":"Enge Gasse in der Altstadt von Budva an einem sch\u00f6nen Sommertag, Montenegro"},{"@type":"BreadcrumbList","@id":"https:\/\/www.visit-montenegro.com\/de\/montenegro\/old-towns\/#breadcrumb","itemListElement":[{"@type":"ListItem","position":1,"name":"Home","item":"https:\/\/www.visit-montenegro.com\/de\/"},{"@type":"ListItem","position":2,"name":"Mehr \u00dcber Montenegro","item":"https:\/\/www.visit-montenegro.com\/de\/montenegro\/"},{"@type":"ListItem","position":3,"name":"Montenegro Altst\u00e4dte"}]},{"@type":"WebSite","@id":"https:\/\/www.visit-montenegro.com\/de\/#website","url":"https:\/\/www.visit-montenegro.com\/de\/","name":"Visit Montenegro","description":"Breathtaking beauty","publisher":{"@id":"https:\/\/www.visit-montenegro.com\/de\/#organization"},"potentialAction":[{"@type":"SearchAction","target":{"@type":"EntryPoint","urlTemplate":"https:\/\/www.visit-montenegro.com\/de\/?s={search_term_string}"},"query-input":{"@type":"PropertyValueSpecification","valueRequired":true,"valueName":"search_term_string"}}],"inLanguage":"de"},{"@type":"Organization","@id":"https:\/\/www.visit-montenegro.com\/de\/#organization","name":"Visit Montenegro","url":"https:\/\/www.visit-montenegro.com\/de\/","logo":{"@type":"ImageObject","inLanguage":"de","@id":"https:\/\/www.visit-montenegro.com\/de\/#\/schema\/logo\/image\/","url":"https:\/\/www.visit-montenegro.com\/wp-content\/uploads\/2017\/10\/logo-amp.png","contentUrl":"https:\/\/www.visit-montenegro.com\/wp-content\/uploads\/2017\/10\/logo-amp.png","width":190,"height":36,"caption":"Visit Montenegro"},"image":{"@id":"https:\/\/www.visit-montenegro.com\/de\/#\/schema\/logo\/image\/"},"sameAs":["https:\/\/www.facebook.com\/visitmontenegro","https:\/\/x.com\/visitmontenegro","https:\/\/www.instagram.com\/visit_montenegro\/","https:\/\/www.youtube.com\/user\/VisitMontenegro"]}]}},"_links":{"self":[{"href":"https:\/\/www.visit-montenegro.com\/de\/wp-json\/wp\/v2\/pages\/139601","targetHints":{"allow":["GET"]}}],"collection":[{"href":"https:\/\/www.visit-montenegro.com\/de\/wp-json\/wp\/v2\/pages"}],"about":[{"href":"https:\/\/www.visit-montenegro.com\/de\/wp-json\/wp\/v2\/types\/page"}],"author":[{"embeddable":true,"href":"https:\/\/www.visit-montenegro.com\/de\/wp-json\/wp\/v2\/users\/1"}],"replies":[{"embeddable":true,"href":"https:\/\/www.visit-montenegro.com\/de\/wp-json\/wp\/v2\/comments?post=139601"}],"version-history":[{"count":0,"href":"https:\/\/www.visit-montenegro.com\/de\/wp-json\/wp\/v2\/pages\/139601\/revisions"}],"up":[{"embeddable":true,"href":"https:\/\/www.visit-montenegro.com\/de\/wp-json\/wp\/v2\/pages\/133960"}],"wp:featuredmedia":[{"embeddable":true,"href":"https:\/\/www.visit-montenegro.com\/de\/wp-json\/wp\/v2\/media\/138178"}],"wp:attachment":[{"href":"https:\/\/www.visit-montenegro.com\/de\/wp-json\/wp\/v2\/media?parent=139601"}],"wp:term":[{"taxonomy":"post_tag","embeddable":true,"href":"https:\/\/www.visit-montenegro.com\/de\/wp-json\/wp\/v2\/tags?post=139601"}],"curies":[{"name":"wp","href":"https:\/\/api.w.org\/{rel}","templated":true}]}}