{"id":139617,"date":"2026-04-15T19:30:43","date_gmt":"2026-04-15T18:30:43","guid":{"rendered":"https:\/\/www.visit-montenegro.com\/montenegro\/montenegro-hidden-gems\/"},"modified":"2026-04-15T19:53:31","modified_gmt":"2026-04-15T18:53:31","slug":"montenegro-hidden-gems","status":"publish","type":"page","link":"https:\/\/www.visit-montenegro.com\/de\/montenegro\/montenegro-hidden-gems\/","title":{"rendered":"Montenegros versteckte Juwelen"},"content":{"rendered":"\n<p>F\u00fcr Reisende, die den typischen Touristenpfad verlassen m\u00f6chten, bieten <strong>Montenegros versteckte Juwelen<\/strong> eine authentische und ruhige Alternative. Diese Orte umfassen ruhige Fischerd\u00f6rfer, abgelegene Bergsiedlungen und historische St\u00e4tten, die weitgehend unentdeckt von den Massen bleiben.<\/p>\n\n<p>Die Entdeckung dieser <strong>Montenegros versteckten Juwelen<\/strong> erm\u00f6glicht es Ihnen, die legend\u00e4re lokale Gastfreundschaft und die traditionelle Lebensweise in ihrer reinsten Form zu erleben. Schauen Sie sich unsere geheimen Empfehlungen unten an, um Ihrer montenegrinischen Reise eine einzigartige Note der Entdeckung hinzuzuf\u00fcgen.<\/p>\n\n<hr class=\"wp-block-separator has-alpha-channel-opacity\"\/>\n\n<div class=\"wp-block-query is-layout-flow wp-block-query-is-layout-flow\"><ul class=\"wp-block-post-template is-layout-flow wp-block-post-template-is-layout-flow\"><li class=\"wp-block-post post-134788 page type-page status-publish has-post-thumbnail hentry tag-attraction-hidden-gem\">\n<h2 class=\"wp-block-post-title\"><a href=\"https:\/\/www.visit-montenegro.com\/de\/reiseziele\/cetinje\/sehenswuerdigkeiten\/rijeka-crnojevica\/\" target=\"_self\" >Rijeka Crnojevica<\/a><\/h2>\n\n<figure class=\"alignwide wp-block-post-featured-image\"><a href=\"https:\/\/www.visit-montenegro.com\/de\/reiseziele\/cetinje\/sehenswuerdigkeiten\/rijeka-crnojevica\/\" target=\"_self\"  ><img loading=\"lazy\" decoding=\"async\" width=\"1600\" height=\"1067\" src=\"https:\/\/www.visit-montenegro.com\/wp-content\/uploads\/2026\/02\/rijeka-crnojevica-03-copy.jpg\" class=\"attachment-post-thumbnail size-post-thumbnail wp-post-image\" alt=\"Rijeka Crnojevica\" style=\"object-fit:cover;\" srcset=\"https:\/\/www.visit-montenegro.com\/wp-content\/uploads\/2026\/02\/rijeka-crnojevica-03-copy.jpg 1600w, https:\/\/www.visit-montenegro.com\/wp-content\/uploads\/2026\/02\/rijeka-crnojevica-03-copy-300x200.jpg 300w, https:\/\/www.visit-montenegro.com\/wp-content\/uploads\/2026\/02\/rijeka-crnojevica-03-copy-1024x683.jpg 1024w, https:\/\/www.visit-montenegro.com\/wp-content\/uploads\/2026\/02\/rijeka-crnojevica-03-copy-768x512.jpg 768w, https:\/\/www.visit-montenegro.com\/wp-content\/uploads\/2026\/02\/rijeka-crnojevica-03-copy-1536x1024.jpg 1536w\" sizes=\"auto, (max-width: 1600px) 100vw, 1600px\" \/><\/a><\/figure>\n\n<div class=\"wp-block-post-excerpt\"><p class=\"wp-block-post-excerpt__excerpt\">Entdecken Sie Rijeka Crnojevica, Montenegros &#8222;Kleines Venedig&#8220;, ein historisches Dorf am Skadarsee. Erkunden Sie seine reiche Vergangenheit, atemberaubende nat\u00fcrliche Sch\u00f6nheit und ruhige Atmosph\u00e4re. Planen Sie Ihren Besuch in diesem malerischen Ziel f\u00fcr ein einzigartiges Reiseerlebnis. <\/p><\/div>\n\n\n<hr class=\"wp-block-separator has-css-opacity\" style=\"margin-top:var(--wp--preset--spacing--60);margin-bottom:var(--wp--preset--spacing--60)\"\/>\n\n<\/li><li class=\"wp-block-post post-134978 page type-page status-publish has-post-thumbnail hentry tag-attraction-hidden-gem\">\n<h2 class=\"wp-block-post-title\"><a href=\"https:\/\/www.visit-montenegro.com\/de\/reiseziele\/bar\/sehenswuerdigkeiten\/virpazar\/\" target=\"_self\" >Virpazar<\/a><\/h2>\n\n<figure class=\"alignwide wp-block-post-featured-image\"><a href=\"https:\/\/www.visit-montenegro.com\/de\/reiseziele\/bar\/sehenswuerdigkeiten\/virpazar\/\" target=\"_self\"  ><img loading=\"lazy\" decoding=\"async\" width=\"1200\" height=\"800\" src=\"https:\/\/www.visit-montenegro.com\/wp-content\/uploads\/2026\/01\/virpazar-01-1200x800.jpg\" class=\"attachment-post-thumbnail size-post-thumbnail wp-post-image\" alt=\"Virpazar\" style=\"object-fit:cover;\" srcset=\"https:\/\/www.visit-montenegro.com\/wp-content\/uploads\/2026\/01\/virpazar-01-1200x800.jpg 1200w, https:\/\/www.visit-montenegro.com\/wp-content\/uploads\/2026\/01\/virpazar-01-300x200.jpg 300w, https:\/\/www.visit-montenegro.com\/wp-content\/uploads\/2026\/01\/virpazar-01-1024x683.jpg 1024w, https:\/\/www.visit-montenegro.com\/wp-content\/uploads\/2026\/01\/virpazar-01-768x512.jpg 768w, https:\/\/www.visit-montenegro.com\/wp-content\/uploads\/2026\/01\/virpazar-01-1536x1024.jpg 1536w, https:\/\/www.visit-montenegro.com\/wp-content\/uploads\/2026\/01\/virpazar-01-scaled.jpg 1600w\" sizes=\"auto, (max-width: 1200px) 100vw, 1200px\" \/><\/a><\/figure>\n\n<div class=\"wp-block-post-excerpt\"><p class=\"wp-block-post-excerpt__excerpt\">Fl\u00fcchten Sie nach Virpazar, einer charmanten montenegrinischen Stadt am Skadar-See. Entdecken Sie ihre landschaftliche Sch\u00f6nheit, Bootstouren und reiche Geschichte. Erleben Sie lokale Kultur und K\u00fcche f\u00fcr einen perfekten R\u00fcckzugsort. <\/p><\/div>\n\n\n<hr class=\"wp-block-separator has-css-opacity\" style=\"margin-top:var(--wp--preset--spacing--60);margin-bottom:var(--wp--preset--spacing--60)\"\/>\n\n<\/li><li class=\"wp-block-post post-135179 page type-page status-publish has-post-thumbnail hentry tag-attraction-hidden-gem\">\n<h2 class=\"wp-block-post-title\"><a href=\"https:\/\/www.visit-montenegro.com\/de\/reiseziele\/tivat\/sehenswuerdigkeiten\/gornja-lastva\/\" target=\"_self\" >Gornja Lastva<\/a><\/h2>\n\n<figure class=\"alignwide wp-block-post-featured-image\"><a href=\"https:\/\/www.visit-montenegro.com\/de\/reiseziele\/tivat\/sehenswuerdigkeiten\/gornja-lastva\/\" target=\"_self\"  ><img loading=\"lazy\" decoding=\"async\" width=\"1600\" height=\"1059\" src=\"https:\/\/www.visit-montenegro.com\/wp-content\/uploads\/2026\/02\/tivat-lastva-copy.jpg\" class=\"attachment-post-thumbnail size-post-thumbnail wp-post-image\" alt=\"Gornja Lastva\" style=\"object-fit:cover;\" srcset=\"https:\/\/www.visit-montenegro.com\/wp-content\/uploads\/2026\/02\/tivat-lastva-copy.jpg 1600w, https:\/\/www.visit-montenegro.com\/wp-content\/uploads\/2026\/02\/tivat-lastva-copy-300x199.jpg 300w, https:\/\/www.visit-montenegro.com\/wp-content\/uploads\/2026\/02\/tivat-lastva-copy-1024x678.jpg 1024w, https:\/\/www.visit-montenegro.com\/wp-content\/uploads\/2026\/02\/tivat-lastva-copy-768x508.jpg 768w, https:\/\/www.visit-montenegro.com\/wp-content\/uploads\/2026\/02\/tivat-lastva-copy-1536x1017.jpg 1536w\" sizes=\"auto, (max-width: 1600px) 100vw, 1600px\" \/><\/a><\/figure>\n\n<div class=\"wp-block-post-excerpt\"><p class=\"wp-block-post-excerpt__excerpt\">Entdecken Sie Gornja Lastva, ein charmantes Tivat-Dorf reich an Geschichte und Kultur. Erkunden Sie seine Steinh\u00e4user, barocke Kirche und lebendige Feste, die die Traditionen der Boka Kotorska feiern. Perfekt f\u00fcr Sommerbesuche und Architekturliebhaber. <\/p><\/div>\n\n\n<hr class=\"wp-block-separator has-css-opacity\" style=\"margin-top:var(--wp--preset--spacing--60);margin-bottom:var(--wp--preset--spacing--60)\"\/>\n\n<\/li><li class=\"wp-block-post post-134113 page type-page status-publish has-post-thumbnail hentry tag-attraction-hidden-gem tag-besuchen tag-crna-gora tag-montenegro tag-nachrichten tag-reisen tag-tourismus\">\n<h2 class=\"wp-block-post-title\"><a href=\"https:\/\/www.visit-montenegro.com\/de\/reiseziele\/kotor\/sehenswuerdigkeiten\/perast\/\" target=\"_self\" >Perast<\/a><\/h2>\n\n<figure class=\"alignwide wp-block-post-featured-image\"><a href=\"https:\/\/www.visit-montenegro.com\/de\/reiseziele\/kotor\/sehenswuerdigkeiten\/perast\/\" target=\"_self\"  ><img loading=\"lazy\" decoding=\"async\" width=\"1200\" height=\"824\" src=\"https:\/\/www.visit-montenegro.com\/wp-content\/uploads\/2026\/01\/perast-02-1200x824.jpg\" class=\"attachment-post-thumbnail size-post-thumbnail wp-post-image\" alt=\"Perast\" style=\"object-fit:cover;\" srcset=\"https:\/\/www.visit-montenegro.com\/wp-content\/uploads\/2026\/01\/perast-02-1200x824.jpg 1200w, https:\/\/www.visit-montenegro.com\/wp-content\/uploads\/2026\/01\/perast-02-300x206.jpg 300w, https:\/\/www.visit-montenegro.com\/wp-content\/uploads\/2026\/01\/perast-02-1024x703.jpg 1024w, https:\/\/www.visit-montenegro.com\/wp-content\/uploads\/2026\/01\/perast-02-768x528.jpg 768w, https:\/\/www.visit-montenegro.com\/wp-content\/uploads\/2026\/01\/perast-02-1536x1055.jpg 1536w, https:\/\/www.visit-montenegro.com\/wp-content\/uploads\/2026\/01\/perast-02-scaled.jpg 1600w\" sizes=\"auto, (max-width: 1200px) 100vw, 1200px\" \/><\/a><\/figure>\n\n<div class=\"wp-block-post-excerpt\"><p class=\"wp-block-post-excerpt__excerpt\">Entdecken Sie Perast, eine ruhige historische Stadt in der Bucht von Kotor in Montenegro. Erkunden Sie ihre Renaissance- und Barockpal\u00e4ste, reiches maritimes Erbe und einzigartige Sommerveranstaltungen wie Fasinada. Erleben Sie den Charme dieses gr\u00f6\u00dftenteils verlassenen Juwels mit einer lebendigen Vergangenheit. <\/p><\/div>\n\n\n<hr class=\"wp-block-separator has-css-opacity\" style=\"margin-top:var(--wp--preset--spacing--60);margin-bottom:var(--wp--preset--spacing--60)\"\/>\n\n<\/li><\/ul><\/div>\n\n<p><\/p>\n","protected":false},"excerpt":{"rendered":"<p>F\u00fcr Reisende, die den typischen Touristenpfad verlassen m\u00f6chten, bieten Montenegros versteckte Juwelen eine authentische und ruhige Alternative. Diese Orte umfassen ruhige Fischerd\u00f6rfer, abgelegene Bergsiedlungen und historische St\u00e4tten, die weitgehend unentdeckt von den Massen bleiben. Die Entdeckung dieser Montenegros versteckten Juwelen erm\u00f6glicht es Ihnen, die legend\u00e4re lokale Gastfreundschaft und die traditionelle Lebensweise in ihrer reinsten Form&#8230;<\/p>\n","protected":false},"author":1,"featured_media":138354,"parent":133960,"menu_order":0,"comment_status":"closed","ping_status":"closed","template":"","meta":{"_yoast_wpseo_focuskw":"Montenegros versteckte Juwelen","_yoast_wpseo_metadesc":"Verlassen Sie die ausgetretenen Pfade und entdecken Sie Montengros versteckte Juwelen. Erkunden Sie authentische D\u00f6rfer und geheime Orte abseits der Menschenmassen.","_kad_post_transparent":"","_kad_post_title":"","_kad_post_layout":"","_kad_post_sidebar_id":"","_kad_post_content_style":"","_kad_post_vertical_padding":"","_kad_post_feature":"","_kad_post_feature_position":"","_kad_post_header":false,"_kad_post_footer":false,"_kad_post_classname":"","iawp_total_views":0,"footnotes":""},"tags":[],"class_list":["post-139617","page","type-page","status-publish","has-post-thumbnail","hentry"],"yoast_head":"<!-- This site is optimized with the Yoast SEO plugin v27.4 - https:\/\/yoast.com\/product\/yoast-seo-wordpress\/ -->\n<title>Montenegros versteckte Juwelen - Visit Montenegro<\/title>\n<meta name=\"description\" content=\"Verlassen Sie die ausgetretenen Pfade und entdecken Sie Montengros versteckte Juwelen. Erkunden Sie authentische D\u00f6rfer und geheime Orte abseits der Menschenmassen.\" \/>\n<meta name=\"robots\" content=\"index, follow, max-snippet:-1, max-image-preview:large, max-video-preview:-1\" \/>\n<link rel=\"canonical\" href=\"https:\/\/www.visit-montenegro.com\/de\/montenegro\/montenegro-hidden-gems\/\" \/>\n<meta property=\"og:locale\" content=\"de_DE\" \/>\n<meta property=\"og:type\" content=\"article\" \/>\n<meta property=\"og:title\" content=\"Montenegros versteckte Juwelen - Visit Montenegro\" \/>\n<meta property=\"og:description\" content=\"Verlassen Sie die ausgetretenen Pfade und entdecken Sie Montengros versteckte Juwelen. Erkunden Sie authentische D\u00f6rfer und geheime Orte abseits der Menschenmassen.\" \/>\n<meta property=\"og:url\" content=\"https:\/\/www.visit-montenegro.com\/de\/montenegro\/montenegro-hidden-gems\/\" \/>\n<meta property=\"og:site_name\" content=\"Visit Montenegro\" \/>\n<meta property=\"article:publisher\" content=\"https:\/\/www.facebook.com\/visitmontenegro\" \/>\n<meta property=\"article:modified_time\" content=\"2026-04-15T18:53:31+00:00\" \/>\n<meta property=\"og:image\" content=\"https:\/\/www.visit-montenegro.com\/wp-content\/uploads\/2026\/01\/lake-skadar-pavlova-strana-scaled.jpg\" \/>\n\t<meta property=\"og:image:width\" content=\"1600\" \/>\n\t<meta property=\"og:image:height\" content=\"1068\" \/>\n\t<meta property=\"og:image:type\" content=\"image\/jpeg\" \/>\n<meta name=\"twitter:card\" content=\"summary_large_image\" \/>\n<meta name=\"twitter:site\" content=\"@visitmontenegro\" \/>\n<script type=\"application\/ld+json\" class=\"yoast-schema-graph\">{\"@context\":\"https:\\\/\\\/schema.org\",\"@graph\":[{\"@type\":\"WebPage\",\"@id\":\"https:\\\/\\\/www.visit-montenegro.com\\\/de\\\/montenegro\\\/montenegro-hidden-gems\\\/\",\"url\":\"https:\\\/\\\/www.visit-montenegro.com\\\/de\\\/montenegro\\\/montenegro-hidden-gems\\\/\",\"name\":\"Montenegros versteckte Juwelen - Visit Montenegro\",\"isPartOf\":{\"@id\":\"https:\\\/\\\/www.visit-montenegro.com\\\/de\\\/#website\"},\"primaryImageOfPage\":{\"@id\":\"https:\\\/\\\/www.visit-montenegro.com\\\/de\\\/montenegro\\\/montenegro-hidden-gems\\\/#primaryimage\"},\"image\":{\"@id\":\"https:\\\/\\\/www.visit-montenegro.com\\\/de\\\/montenegro\\\/montenegro-hidden-gems\\\/#primaryimage\"},\"thumbnailUrl\":\"https:\\\/\\\/www.visit-montenegro.com\\\/wp-content\\\/uploads\\\/2026\\\/01\\\/lake-skadar-pavlova-strana-scaled.jpg\",\"datePublished\":\"2026-04-15T18:30:43+00:00\",\"dateModified\":\"2026-04-15T18:53:31+00:00\",\"description\":\"Verlassen Sie die ausgetretenen Pfade und entdecken Sie Montengros versteckte Juwelen. Erkunden Sie authentische D\u00f6rfer und geheime Orte abseits der Menschenmassen.\",\"breadcrumb\":{\"@id\":\"https:\\\/\\\/www.visit-montenegro.com\\\/de\\\/montenegro\\\/montenegro-hidden-gems\\\/#breadcrumb\"},\"inLanguage\":\"de\",\"potentialAction\":[{\"@type\":\"ReadAction\",\"target\":[\"https:\\\/\\\/www.visit-montenegro.com\\\/de\\\/montenegro\\\/montenegro-hidden-gems\\\/\"]}]},{\"@type\":\"ImageObject\",\"inLanguage\":\"de\",\"@id\":\"https:\\\/\\\/www.visit-montenegro.com\\\/de\\\/montenegro\\\/montenegro-hidden-gems\\\/#primaryimage\",\"url\":\"https:\\\/\\\/www.visit-montenegro.com\\\/wp-content\\\/uploads\\\/2026\\\/01\\\/lake-skadar-pavlova-strana-scaled.jpg\",\"contentUrl\":\"https:\\\/\\\/www.visit-montenegro.com\\\/wp-content\\\/uploads\\\/2026\\\/01\\\/lake-skadar-pavlova-strana-scaled.jpg\",\"width\":1600,\"height\":1068,\"caption\":\"Canyon des Rijeka Crnojevica Flusses im Skadar-See-Nationalpark. Eine der ber\u00fchmtesten Aussichten Montenegros. Die Gr\u00fcne Pyramide und die Flussbiegung zwischen den Bergen.\"},{\"@type\":\"BreadcrumbList\",\"@id\":\"https:\\\/\\\/www.visit-montenegro.com\\\/de\\\/montenegro\\\/montenegro-hidden-gems\\\/#breadcrumb\",\"itemListElement\":[{\"@type\":\"ListItem\",\"position\":1,\"name\":\"Home\",\"item\":\"https:\\\/\\\/www.visit-montenegro.com\\\/de\\\/\"},{\"@type\":\"ListItem\",\"position\":2,\"name\":\"Mehr \u00dcber Montenegro\",\"item\":\"https:\\\/\\\/www.visit-montenegro.com\\\/de\\\/montenegro\\\/\"},{\"@type\":\"ListItem\",\"position\":3,\"name\":\"Montenegros versteckte Juwelen\"}]},{\"@type\":\"WebSite\",\"@id\":\"https:\\\/\\\/www.visit-montenegro.com\\\/de\\\/#website\",\"url\":\"https:\\\/\\\/www.visit-montenegro.com\\\/de\\\/\",\"name\":\"Visit Montenegro\",\"description\":\"Breathtaking beauty\",\"publisher\":{\"@id\":\"https:\\\/\\\/www.visit-montenegro.com\\\/de\\\/#organization\"},\"potentialAction\":[{\"@type\":\"SearchAction\",\"target\":{\"@type\":\"EntryPoint\",\"urlTemplate\":\"https:\\\/\\\/www.visit-montenegro.com\\\/de\\\/?s={search_term_string}\"},\"query-input\":{\"@type\":\"PropertyValueSpecification\",\"valueRequired\":true,\"valueName\":\"search_term_string\"}}],\"inLanguage\":\"de\"},{\"@type\":\"Organization\",\"@id\":\"https:\\\/\\\/www.visit-montenegro.com\\\/de\\\/#organization\",\"name\":\"Visit Montenegro\",\"url\":\"https:\\\/\\\/www.visit-montenegro.com\\\/de\\\/\",\"logo\":{\"@type\":\"ImageObject\",\"inLanguage\":\"de\",\"@id\":\"https:\\\/\\\/www.visit-montenegro.com\\\/de\\\/#\\\/schema\\\/logo\\\/image\\\/\",\"url\":\"https:\\\/\\\/www.visit-montenegro.com\\\/wp-content\\\/uploads\\\/2017\\\/10\\\/logo-amp.png\",\"contentUrl\":\"https:\\\/\\\/www.visit-montenegro.com\\\/wp-content\\\/uploads\\\/2017\\\/10\\\/logo-amp.png\",\"width\":190,\"height\":36,\"caption\":\"Visit Montenegro\"},\"image\":{\"@id\":\"https:\\\/\\\/www.visit-montenegro.com\\\/de\\\/#\\\/schema\\\/logo\\\/image\\\/\"},\"sameAs\":[\"https:\\\/\\\/www.facebook.com\\\/visitmontenegro\",\"https:\\\/\\\/x.com\\\/visitmontenegro\",\"https:\\\/\\\/www.instagram.com\\\/visit_montenegro\\\/\",\"https:\\\/\\\/www.youtube.com\\\/user\\\/VisitMontenegro\"]}]}<\/script>\n<!-- \/ Yoast SEO plugin. -->","yoast_head_json":{"title":"Montenegros versteckte Juwelen - Visit Montenegro","description":"Verlassen Sie die ausgetretenen Pfade und entdecken Sie Montengros versteckte Juwelen. Erkunden Sie authentische D\u00f6rfer und geheime Orte abseits der Menschenmassen.","robots":{"index":"index","follow":"follow","max-snippet":"max-snippet:-1","max-image-preview":"max-image-preview:large","max-video-preview":"max-video-preview:-1"},"canonical":"https:\/\/www.visit-montenegro.com\/de\/montenegro\/montenegro-hidden-gems\/","og_locale":"de_DE","og_type":"article","og_title":"Montenegros versteckte Juwelen - Visit Montenegro","og_description":"Verlassen Sie die ausgetretenen Pfade und entdecken Sie Montengros versteckte Juwelen. Erkunden Sie authentische D\u00f6rfer und geheime Orte abseits der Menschenmassen.","og_url":"https:\/\/www.visit-montenegro.com\/de\/montenegro\/montenegro-hidden-gems\/","og_site_name":"Visit Montenegro","article_publisher":"https:\/\/www.facebook.com\/visitmontenegro","article_modified_time":"2026-04-15T18:53:31+00:00","og_image":[{"width":1600,"height":1068,"url":"https:\/\/www.visit-montenegro.com\/wp-content\/uploads\/2026\/01\/lake-skadar-pavlova-strana-scaled.jpg","type":"image\/jpeg"}],"twitter_card":"summary_large_image","twitter_site":"@visitmontenegro","schema":{"@context":"https:\/\/schema.org","@graph":[{"@type":"WebPage","@id":"https:\/\/www.visit-montenegro.com\/de\/montenegro\/montenegro-hidden-gems\/","url":"https:\/\/www.visit-montenegro.com\/de\/montenegro\/montenegro-hidden-gems\/","name":"Montenegros versteckte Juwelen - Visit Montenegro","isPartOf":{"@id":"https:\/\/www.visit-montenegro.com\/de\/#website"},"primaryImageOfPage":{"@id":"https:\/\/www.visit-montenegro.com\/de\/montenegro\/montenegro-hidden-gems\/#primaryimage"},"image":{"@id":"https:\/\/www.visit-montenegro.com\/de\/montenegro\/montenegro-hidden-gems\/#primaryimage"},"thumbnailUrl":"https:\/\/www.visit-montenegro.com\/wp-content\/uploads\/2026\/01\/lake-skadar-pavlova-strana-scaled.jpg","datePublished":"2026-04-15T18:30:43+00:00","dateModified":"2026-04-15T18:53:31+00:00","description":"Verlassen Sie die ausgetretenen Pfade und entdecken Sie Montengros versteckte Juwelen. Erkunden Sie authentische D\u00f6rfer und geheime Orte abseits der Menschenmassen.","breadcrumb":{"@id":"https:\/\/www.visit-montenegro.com\/de\/montenegro\/montenegro-hidden-gems\/#breadcrumb"},"inLanguage":"de","potentialAction":[{"@type":"ReadAction","target":["https:\/\/www.visit-montenegro.com\/de\/montenegro\/montenegro-hidden-gems\/"]}]},{"@type":"ImageObject","inLanguage":"de","@id":"https:\/\/www.visit-montenegro.com\/de\/montenegro\/montenegro-hidden-gems\/#primaryimage","url":"https:\/\/www.visit-montenegro.com\/wp-content\/uploads\/2026\/01\/lake-skadar-pavlova-strana-scaled.jpg","contentUrl":"https:\/\/www.visit-montenegro.com\/wp-content\/uploads\/2026\/01\/lake-skadar-pavlova-strana-scaled.jpg","width":1600,"height":1068,"caption":"Canyon des Rijeka Crnojevica Flusses im Skadar-See-Nationalpark. Eine der ber\u00fchmtesten Aussichten Montenegros. Die Gr\u00fcne Pyramide und die Flussbiegung zwischen den Bergen."},{"@type":"BreadcrumbList","@id":"https:\/\/www.visit-montenegro.com\/de\/montenegro\/montenegro-hidden-gems\/#breadcrumb","itemListElement":[{"@type":"ListItem","position":1,"name":"Home","item":"https:\/\/www.visit-montenegro.com\/de\/"},{"@type":"ListItem","position":2,"name":"Mehr \u00dcber Montenegro","item":"https:\/\/www.visit-montenegro.com\/de\/montenegro\/"},{"@type":"ListItem","position":3,"name":"Montenegros versteckte Juwelen"}]},{"@type":"WebSite","@id":"https:\/\/www.visit-montenegro.com\/de\/#website","url":"https:\/\/www.visit-montenegro.com\/de\/","name":"Visit Montenegro","description":"Breathtaking beauty","publisher":{"@id":"https:\/\/www.visit-montenegro.com\/de\/#organization"},"potentialAction":[{"@type":"SearchAction","target":{"@type":"EntryPoint","urlTemplate":"https:\/\/www.visit-montenegro.com\/de\/?s={search_term_string}"},"query-input":{"@type":"PropertyValueSpecification","valueRequired":true,"valueName":"search_term_string"}}],"inLanguage":"de"},{"@type":"Organization","@id":"https:\/\/www.visit-montenegro.com\/de\/#organization","name":"Visit Montenegro","url":"https:\/\/www.visit-montenegro.com\/de\/","logo":{"@type":"ImageObject","inLanguage":"de","@id":"https:\/\/www.visit-montenegro.com\/de\/#\/schema\/logo\/image\/","url":"https:\/\/www.visit-montenegro.com\/wp-content\/uploads\/2017\/10\/logo-amp.png","contentUrl":"https:\/\/www.visit-montenegro.com\/wp-content\/uploads\/2017\/10\/logo-amp.png","width":190,"height":36,"caption":"Visit Montenegro"},"image":{"@id":"https:\/\/www.visit-montenegro.com\/de\/#\/schema\/logo\/image\/"},"sameAs":["https:\/\/www.facebook.com\/visitmontenegro","https:\/\/x.com\/visitmontenegro","https:\/\/www.instagram.com\/visit_montenegro\/","https:\/\/www.youtube.com\/user\/VisitMontenegro"]}]}},"_links":{"self":[{"href":"https:\/\/www.visit-montenegro.com\/de\/wp-json\/wp\/v2\/pages\/139617","targetHints":{"allow":["GET"]}}],"collection":[{"href":"https:\/\/www.visit-montenegro.com\/de\/wp-json\/wp\/v2\/pages"}],"about":[{"href":"https:\/\/www.visit-montenegro.com\/de\/wp-json\/wp\/v2\/types\/page"}],"author":[{"embeddable":true,"href":"https:\/\/www.visit-montenegro.com\/de\/wp-json\/wp\/v2\/users\/1"}],"replies":[{"embeddable":true,"href":"https:\/\/www.visit-montenegro.com\/de\/wp-json\/wp\/v2\/comments?post=139617"}],"version-history":[{"count":0,"href":"https:\/\/www.visit-montenegro.com\/de\/wp-json\/wp\/v2\/pages\/139617\/revisions"}],"up":[{"embeddable":true,"href":"https:\/\/www.visit-montenegro.com\/de\/wp-json\/wp\/v2\/pages\/133960"}],"wp:featuredmedia":[{"embeddable":true,"href":"https:\/\/www.visit-montenegro.com\/de\/wp-json\/wp\/v2\/media\/138354"}],"wp:attachment":[{"href":"https:\/\/www.visit-montenegro.com\/de\/wp-json\/wp\/v2\/media?parent=139617"}],"wp:term":[{"taxonomy":"post_tag","embeddable":true,"href":"https:\/\/www.visit-montenegro.com\/de\/wp-json\/wp\/v2\/tags?post=139617"}],"curies":[{"name":"wp","href":"https:\/\/api.w.org\/{rel}","templated":true}]}}