{"id":133467,"date":"2026-01-28T19:16:59","date_gmt":"2026-01-28T18:16:59","guid":{"rendered":"https:\/\/new.visit-montenegro.com\/transport\/transportation-railway\/"},"modified":"2026-02-24T14:41:34","modified_gmt":"2026-02-24T13:41:34","slug":"transportation-railway","status":"publish","type":"page","link":"https:\/\/www.visit-montenegro.com\/me\/transport\/transportation-railway\/","title":{"rendered":"\u017deljeznica Crne Gore"},"content":{"rendered":"\n<p>\u017deljezni\u010dki sistem Crne Gore nudi spektakularna planinska putovanja i vitalne evropske veze, sa linijom Bar-Beograd koja povezuje obalnu Crnu Goru sa prestonicom Srbije kroz evropsku mre\u017eu.<\/p>\n\n<hr class=\"wp-block-separator has-alpha-channel-opacity\"\/>\n\n<h2 class=\"wp-block-heading\">Slikovite planinske \u017eeljeznice i turisti\u010dke atrakcije<\/h2>\n\n<p>Sjeverna crnogorska \u017eeljeznica penje se visoko kroz zadivljuju\u0107e planine, \u0161to je sama po sebi turisti\u010dka atrakcija. Zaista, linija od Podgorice do Kola\u0161ina prelazi most preko Male Rijeke, koji je najvi\u0161i \u017eeljezni\u010dki most u Evropi i omiljeno mjesto za bejd\u017e d\u017eamping.<\/p>\n\n<h2 class=\"wp-block-heading\">Glavne \u017eeljezni\u010dke linije i evropske veze<\/h2>\n\n<p><strong>Crna Gora<\/strong> ima \u017eeljezni\u010dku liniju koja povezuje <a href=\"https:\/\/www.visit-montenegro.com\/me\/destinacije\/bar\/\">Bar<\/a>, koji se nalazi na crnogorskoj obali, i Beograd, prestonicu Srbije. Kao dio evropske \u017eeljezni\u010dke mre\u017ee, omogu\u0107ava putovanje u Crnu Goru vozom iz bilo kog dela Evrope. Zavr\u0161na stanica je Bar, a voz prolazi kroz Podgoricu, <a href=\"https:\/\/www.visit-montenegro.com\/me\/destinacije\/kolasin\/\">Kola\u0161in<\/a>, Mojkovac i Bijelo Polje.<\/p>\n\n<p>Druga \u017eeljezni\u010dka linija povezuje prestonicu Crne Gore, Podgoricu, i njen drugi po veli\u010dini grad, <a href=\"https:\/\/www.visit-montenegro.com\/me\/destinacije\/niksic\/\">Nik\u0161i\u0107<\/a>.<\/p>\n\n<p>A\u017eurirane vozne redove mo\u017eete prona\u0107i na <a href=\"http:\/\/www.zpcg.me\/\" target=\"_blank\">veb-sajtu \u017deljeznice Crne Gore<\/a>.<\/p>\n","protected":false},"excerpt":{"rendered":"<p>Otkrijte predivne \u017eeljezni\u010dke putovanja kroz Crnu Goru, od najvi\u0161eg mosta u Evropi do obalnih veza. Saznajte o klju\u010dnim rutama i kako planirati svoje putovanje uz a\u017eurirane vozne redove.<\/p>\n","protected":false},"author":1,"featured_media":133468,"parent":133452,"menu_order":0,"comment_status":"open","ping_status":"open","template":"","meta":{"_yoast_wpseo_focuskw":"\u017deljeznica Crne Gore","_yoast_wpseo_metadesc":"Istra\u017eite slikovite \u017eeljeznice Crne Gore, uklju\u010duju\u0107i najvi\u0161i most u Evropi i veze sa evropskom mre\u017eom. Planirajte svoje putovanje uz na\u0161 vodi\u010d i vozne redove.","_kad_post_transparent":"","_kad_post_title":"","_kad_post_layout":"","_kad_post_sidebar_id":"","_kad_post_content_style":"","_kad_post_vertical_padding":"","_kad_post_feature":"","_kad_post_feature_position":"","_kad_post_header":false,"_kad_post_footer":false,"_kad_post_classname":"","iawp_total_views":25,"footnotes":""},"tags":[],"class_list":["post-133467","page","type-page","status-publish","has-post-thumbnail","hentry"],"yoast_head":"<!-- This site is optimized with the Yoast SEO plugin v27.3 - https:\/\/yoast.com\/product\/yoast-seo-wordpress\/ -->\n<title>\u017deljeznica Crne Gore - Visit Montenegro<\/title>\n<meta name=\"description\" content=\"Istra\u017eite slikovite \u017eeljeznice Crne Gore, uklju\u010duju\u0107i najvi\u0161i most u Evropi i veze sa evropskom mre\u017eom. Planirajte svoje putovanje uz na\u0161 vodi\u010d i vozne redove.\" \/>\n<meta name=\"robots\" content=\"index, follow, max-snippet:-1, max-image-preview:large, max-video-preview:-1\" \/>\n<link rel=\"canonical\" href=\"https:\/\/www.visit-montenegro.com\/me\/transport\/transportation-railway\/\" \/>\n<meta property=\"og:locale\" content=\"en_US\" \/>\n<meta property=\"og:type\" content=\"article\" \/>\n<meta property=\"og:title\" content=\"\u017deljeznica Crne Gore - Visit Montenegro\" \/>\n<meta property=\"og:description\" content=\"Istra\u017eite slikovite \u017eeljeznice Crne Gore, uklju\u010duju\u0107i najvi\u0161i most u Evropi i veze sa evropskom mre\u017eom. Planirajte svoje putovanje uz na\u0161 vodi\u010d i vozne redove.\" \/>\n<meta property=\"og:url\" content=\"https:\/\/www.visit-montenegro.com\/me\/transport\/transportation-railway\/\" \/>\n<meta property=\"og:site_name\" content=\"Visit Montenegro\" \/>\n<meta property=\"article:publisher\" content=\"https:\/\/www.facebook.com\/visitmontenegro\" \/>\n<meta property=\"article:modified_time\" content=\"2026-02-24T13:41:34+00:00\" \/>\n<meta property=\"og:image\" content=\"https:\/\/www.visit-montenegro.com\/wp-content\/uploads\/2026\/01\/podgorica-train-moraca-scaled.jpg\" \/>\n\t<meta property=\"og:image:width\" content=\"1600\" \/>\n\t<meta property=\"og:image:height\" content=\"900\" \/>\n\t<meta property=\"og:image:type\" content=\"image\/jpeg\" \/>\n<meta name=\"twitter:card\" content=\"summary_large_image\" \/>\n<meta name=\"twitter:site\" content=\"@visitmontenegro\" \/>\n<meta name=\"twitter:label1\" content=\"Est. reading time\" \/>\n\t<meta name=\"twitter:data1\" content=\"1 minute\" \/>\n<script type=\"application\/ld+json\" class=\"yoast-schema-graph\">{\"@context\":\"https:\\\/\\\/schema.org\",\"@graph\":[{\"@type\":\"WebPage\",\"@id\":\"https:\\\/\\\/www.visit-montenegro.com\\\/me\\\/transport\\\/transportation-railway\\\/\",\"url\":\"https:\\\/\\\/www.visit-montenegro.com\\\/me\\\/transport\\\/transportation-railway\\\/\",\"name\":\"\u017deljeznica Crne Gore - Visit Montenegro\",\"isPartOf\":{\"@id\":\"https:\\\/\\\/www.visit-montenegro.com\\\/me\\\/#website\"},\"primaryImageOfPage\":{\"@id\":\"https:\\\/\\\/www.visit-montenegro.com\\\/me\\\/transport\\\/transportation-railway\\\/#primaryimage\"},\"image\":{\"@id\":\"https:\\\/\\\/www.visit-montenegro.com\\\/me\\\/transport\\\/transportation-railway\\\/#primaryimage\"},\"thumbnailUrl\":\"https:\\\/\\\/www.visit-montenegro.com\\\/wp-content\\\/uploads\\\/2026\\\/01\\\/podgorica-train-moraca-scaled.jpg\",\"datePublished\":\"2026-01-28T18:16:59+00:00\",\"dateModified\":\"2026-02-24T13:41:34+00:00\",\"description\":\"Istra\u017eite slikovite \u017eeljeznice Crne Gore, uklju\u010duju\u0107i najvi\u0161i most u Evropi i veze sa evropskom mre\u017eom. Planirajte svoje putovanje uz na\u0161 vodi\u010d i vozne redove.\",\"breadcrumb\":{\"@id\":\"https:\\\/\\\/www.visit-montenegro.com\\\/me\\\/transport\\\/transportation-railway\\\/#breadcrumb\"},\"inLanguage\":\"sr-Latn-ME\",\"potentialAction\":[{\"@type\":\"ReadAction\",\"target\":[\"https:\\\/\\\/www.visit-montenegro.com\\\/me\\\/transport\\\/transportation-railway\\\/\"]}]},{\"@type\":\"ImageObject\",\"inLanguage\":\"sr-Latn-ME\",\"@id\":\"https:\\\/\\\/www.visit-montenegro.com\\\/me\\\/transport\\\/transportation-railway\\\/#primaryimage\",\"url\":\"https:\\\/\\\/www.visit-montenegro.com\\\/wp-content\\\/uploads\\\/2026\\\/01\\\/podgorica-train-moraca-scaled.jpg\",\"contentUrl\":\"https:\\\/\\\/www.visit-montenegro.com\\\/wp-content\\\/uploads\\\/2026\\\/01\\\/podgorica-train-moraca-scaled.jpg\",\"width\":1600,\"height\":900,\"caption\":\"Pogled iz voza na planine u Crnoj Gori\"},{\"@type\":\"BreadcrumbList\",\"@id\":\"https:\\\/\\\/www.visit-montenegro.com\\\/me\\\/transport\\\/transportation-railway\\\/#breadcrumb\",\"itemListElement\":[{\"@type\":\"ListItem\",\"position\":1,\"name\":\"Home\",\"item\":\"https:\\\/\\\/www.visit-montenegro.com\\\/me\\\/pocetna\\\/\"},{\"@type\":\"ListItem\",\"position\":2,\"name\":\"Transport u Crnoj Gori\",\"item\":\"https:\\\/\\\/www.visit-montenegro.com\\\/me\\\/transport\\\/\"},{\"@type\":\"ListItem\",\"position\":3,\"name\":\"\u017deljeznica Crne Gore\"}]},{\"@type\":\"WebSite\",\"@id\":\"https:\\\/\\\/www.visit-montenegro.com\\\/me\\\/#website\",\"url\":\"https:\\\/\\\/www.visit-montenegro.com\\\/me\\\/\",\"name\":\"Visit Montenegro\",\"description\":\"Breathtaking beauty\",\"publisher\":{\"@id\":\"https:\\\/\\\/www.visit-montenegro.com\\\/me\\\/#organization\"},\"potentialAction\":[{\"@type\":\"SearchAction\",\"target\":{\"@type\":\"EntryPoint\",\"urlTemplate\":\"https:\\\/\\\/www.visit-montenegro.com\\\/me\\\/?s={search_term_string}\"},\"query-input\":{\"@type\":\"PropertyValueSpecification\",\"valueRequired\":true,\"valueName\":\"search_term_string\"}}],\"inLanguage\":\"sr-Latn-ME\"},{\"@type\":\"Organization\",\"@id\":\"https:\\\/\\\/www.visit-montenegro.com\\\/me\\\/#organization\",\"name\":\"Visit Montenegro\",\"url\":\"https:\\\/\\\/www.visit-montenegro.com\\\/me\\\/\",\"logo\":{\"@type\":\"ImageObject\",\"inLanguage\":\"sr-Latn-ME\",\"@id\":\"https:\\\/\\\/www.visit-montenegro.com\\\/me\\\/#\\\/schema\\\/logo\\\/image\\\/\",\"url\":\"https:\\\/\\\/www.visit-montenegro.com\\\/wp-content\\\/uploads\\\/2017\\\/10\\\/logo-amp.png\",\"contentUrl\":\"https:\\\/\\\/www.visit-montenegro.com\\\/wp-content\\\/uploads\\\/2017\\\/10\\\/logo-amp.png\",\"width\":190,\"height\":36,\"caption\":\"Visit Montenegro\"},\"image\":{\"@id\":\"https:\\\/\\\/www.visit-montenegro.com\\\/me\\\/#\\\/schema\\\/logo\\\/image\\\/\"},\"sameAs\":[\"https:\\\/\\\/www.facebook.com\\\/visitmontenegro\",\"https:\\\/\\\/x.com\\\/visitmontenegro\",\"https:\\\/\\\/www.instagram.com\\\/visit_montenegro\\\/\",\"https:\\\/\\\/www.youtube.com\\\/user\\\/VisitMontenegro\"]}]}<\/script>\n<!-- \/ Yoast SEO plugin. -->","yoast_head_json":{"title":"\u017deljeznica Crne Gore - Visit Montenegro","description":"Istra\u017eite slikovite \u017eeljeznice Crne Gore, uklju\u010duju\u0107i najvi\u0161i most u Evropi i veze sa evropskom mre\u017eom. Planirajte svoje putovanje uz na\u0161 vodi\u010d i vozne redove.","robots":{"index":"index","follow":"follow","max-snippet":"max-snippet:-1","max-image-preview":"max-image-preview:large","max-video-preview":"max-video-preview:-1"},"canonical":"https:\/\/www.visit-montenegro.com\/me\/transport\/transportation-railway\/","og_locale":"en_US","og_type":"article","og_title":"\u017deljeznica Crne Gore - Visit Montenegro","og_description":"Istra\u017eite slikovite \u017eeljeznice Crne Gore, uklju\u010duju\u0107i najvi\u0161i most u Evropi i veze sa evropskom mre\u017eom. Planirajte svoje putovanje uz na\u0161 vodi\u010d i vozne redove.","og_url":"https:\/\/www.visit-montenegro.com\/me\/transport\/transportation-railway\/","og_site_name":"Visit Montenegro","article_publisher":"https:\/\/www.facebook.com\/visitmontenegro","article_modified_time":"2026-02-24T13:41:34+00:00","og_image":[{"width":1600,"height":900,"url":"https:\/\/www.visit-montenegro.com\/wp-content\/uploads\/2026\/01\/podgorica-train-moraca-scaled.jpg","type":"image\/jpeg"}],"twitter_card":"summary_large_image","twitter_site":"@visitmontenegro","twitter_misc":{"Est. reading time":"1 minute"},"schema":{"@context":"https:\/\/schema.org","@graph":[{"@type":"WebPage","@id":"https:\/\/www.visit-montenegro.com\/me\/transport\/transportation-railway\/","url":"https:\/\/www.visit-montenegro.com\/me\/transport\/transportation-railway\/","name":"\u017deljeznica Crne Gore - Visit Montenegro","isPartOf":{"@id":"https:\/\/www.visit-montenegro.com\/me\/#website"},"primaryImageOfPage":{"@id":"https:\/\/www.visit-montenegro.com\/me\/transport\/transportation-railway\/#primaryimage"},"image":{"@id":"https:\/\/www.visit-montenegro.com\/me\/transport\/transportation-railway\/#primaryimage"},"thumbnailUrl":"https:\/\/www.visit-montenegro.com\/wp-content\/uploads\/2026\/01\/podgorica-train-moraca-scaled.jpg","datePublished":"2026-01-28T18:16:59+00:00","dateModified":"2026-02-24T13:41:34+00:00","description":"Istra\u017eite slikovite \u017eeljeznice Crne Gore, uklju\u010duju\u0107i najvi\u0161i most u Evropi i veze sa evropskom mre\u017eom. Planirajte svoje putovanje uz na\u0161 vodi\u010d i vozne redove.","breadcrumb":{"@id":"https:\/\/www.visit-montenegro.com\/me\/transport\/transportation-railway\/#breadcrumb"},"inLanguage":"sr-Latn-ME","potentialAction":[{"@type":"ReadAction","target":["https:\/\/www.visit-montenegro.com\/me\/transport\/transportation-railway\/"]}]},{"@type":"ImageObject","inLanguage":"sr-Latn-ME","@id":"https:\/\/www.visit-montenegro.com\/me\/transport\/transportation-railway\/#primaryimage","url":"https:\/\/www.visit-montenegro.com\/wp-content\/uploads\/2026\/01\/podgorica-train-moraca-scaled.jpg","contentUrl":"https:\/\/www.visit-montenegro.com\/wp-content\/uploads\/2026\/01\/podgorica-train-moraca-scaled.jpg","width":1600,"height":900,"caption":"Pogled iz voza na planine u Crnoj Gori"},{"@type":"BreadcrumbList","@id":"https:\/\/www.visit-montenegro.com\/me\/transport\/transportation-railway\/#breadcrumb","itemListElement":[{"@type":"ListItem","position":1,"name":"Home","item":"https:\/\/www.visit-montenegro.com\/me\/pocetna\/"},{"@type":"ListItem","position":2,"name":"Transport u Crnoj Gori","item":"https:\/\/www.visit-montenegro.com\/me\/transport\/"},{"@type":"ListItem","position":3,"name":"\u017deljeznica Crne Gore"}]},{"@type":"WebSite","@id":"https:\/\/www.visit-montenegro.com\/me\/#website","url":"https:\/\/www.visit-montenegro.com\/me\/","name":"Visit Montenegro","description":"Breathtaking beauty","publisher":{"@id":"https:\/\/www.visit-montenegro.com\/me\/#organization"},"potentialAction":[{"@type":"SearchAction","target":{"@type":"EntryPoint","urlTemplate":"https:\/\/www.visit-montenegro.com\/me\/?s={search_term_string}"},"query-input":{"@type":"PropertyValueSpecification","valueRequired":true,"valueName":"search_term_string"}}],"inLanguage":"sr-Latn-ME"},{"@type":"Organization","@id":"https:\/\/www.visit-montenegro.com\/me\/#organization","name":"Visit Montenegro","url":"https:\/\/www.visit-montenegro.com\/me\/","logo":{"@type":"ImageObject","inLanguage":"sr-Latn-ME","@id":"https:\/\/www.visit-montenegro.com\/me\/#\/schema\/logo\/image\/","url":"https:\/\/www.visit-montenegro.com\/wp-content\/uploads\/2017\/10\/logo-amp.png","contentUrl":"https:\/\/www.visit-montenegro.com\/wp-content\/uploads\/2017\/10\/logo-amp.png","width":190,"height":36,"caption":"Visit Montenegro"},"image":{"@id":"https:\/\/www.visit-montenegro.com\/me\/#\/schema\/logo\/image\/"},"sameAs":["https:\/\/www.facebook.com\/visitmontenegro","https:\/\/x.com\/visitmontenegro","https:\/\/www.instagram.com\/visit_montenegro\/","https:\/\/www.youtube.com\/user\/VisitMontenegro"]}]}},"translations":[],"_links":{"self":[{"href":"https:\/\/www.visit-montenegro.com\/me\/wp-json\/wp\/v2\/pages\/133467","targetHints":{"allow":["GET"]}}],"collection":[{"href":"https:\/\/www.visit-montenegro.com\/me\/wp-json\/wp\/v2\/pages"}],"about":[{"href":"https:\/\/www.visit-montenegro.com\/me\/wp-json\/wp\/v2\/types\/page"}],"author":[{"embeddable":true,"href":"https:\/\/www.visit-montenegro.com\/me\/wp-json\/wp\/v2\/users\/1"}],"replies":[{"embeddable":true,"href":"https:\/\/www.visit-montenegro.com\/me\/wp-json\/wp\/v2\/comments?post=133467"}],"version-history":[{"count":0,"href":"https:\/\/www.visit-montenegro.com\/me\/wp-json\/wp\/v2\/pages\/133467\/revisions"}],"up":[{"embeddable":true,"href":"https:\/\/www.visit-montenegro.com\/me\/wp-json\/wp\/v2\/pages\/133452"}],"wp:featuredmedia":[{"embeddable":true,"href":"https:\/\/www.visit-montenegro.com\/me\/wp-json\/wp\/v2\/media\/133468"}],"wp:attachment":[{"href":"https:\/\/www.visit-montenegro.com\/me\/wp-json\/wp\/v2\/media?parent=133467"}],"wp:term":[{"taxonomy":"post_tag","embeddable":true,"href":"https:\/\/www.visit-montenegro.com\/me\/wp-json\/wp\/v2\/tags?post=133467"}],"curies":[{"name":"wp","href":"https:\/\/api.w.org\/{rel}","templated":true}]}}