{"id":133911,"date":"2026-02-07T13:21:49","date_gmt":"2026-02-07T12:21:49","guid":{"rendered":"https:\/\/new.visit-montenegro.com\/hoteli-10\/"},"modified":"2026-03-12T13:21:51","modified_gmt":"2026-03-12T12:21:51","slug":"hoteli","status":"publish","type":"page","link":"https:\/\/www.visit-montenegro.com\/me\/destinacije\/tivat\/info\/hoteli\/","title":{"rendered":"Hoteli u Tivtu"},"content":{"rendered":"\n<h2 class=\"wp-block-heading\">Otkrijte hotele u Tivtu<\/h2>\n\n<p><a href=\"https:\/\/www.visit-montenegro.com\/me\/destinacije\/tivat\/\">Tivat<\/a>, Crna Gora, je \u0161armantan primorski grad poznat po luksuznoj marini Porto Montenegro, zadivljuju\u0107im pogledima na Jadran i \u017eivopisnom \u017eivotu na obali. Boravak u Tivtu pru\u017ea lak pristup pla\u017eama, vrhunskoj gastronomiji i kulturnim atrakcijama, \u0161to ga \u010dini idealnom bazom za istra\u017eivanje Kotorskog zaliva.<\/p>\n\n<h3 class=\"wp-block-heading\">Za\u0161to rezervisati ovdje<\/h3>\n\n<ul class=\"wp-block-list\">\n<li>Povoljne lokacije blizu marine i pla\u017ea za udobnost i prekrasne prizore.<\/li>\n\n\n\n<li>Raznovrsni smje\u0161taji, od butik hotela do modernih resorta, prilago\u0111eni razli\u010ditim bud\u017eetima i stilovima.<\/li>\n\n\n\n<li>Odli\u010dni sadr\u017eaji poput bazena, spa centara i terasa na obali za pobolj\u0161anje va\u0161eg boravka.<\/li>\n<\/ul>\n\n<p>Pregledajte najbolji smje\u0161taj u Tivtu ispod kako biste prona\u0161li savr\u0161en boravak.<\/p>\n\n\t\t\t\t\t<script>\n\t\t\t\t\t\tvar url = window.location.href;\n\t\t\t\t\t\tvar consented_area_visible = document.getElementById('cmplz_consent_area_anchor');\n\t\t\t\t\t\tif (url.indexOf('cmplz_consent=1') !== -1 && !consented_area_visible ) {\n\t\t\t\t\t\t\turl = url.replace('cmplz_consent=1', '');\n\t\t\t\t\t\t\turl = url.replace('#cmplz_consent_area_anchor', '');\n\t\t\t\t\t\t\turl = url.replace('?&', '?');\n\t\t\t\t\t\t\turl = url.replace('&&', '?');\n\t\t\t\t\t\t\t\/\/if last character is ? or &, drop it\n\t\t\t\t\t\t\tif (url.substring(url.length-1) === \"&\" || url.substring(url.length-1) === \"?\")\n\t\t\t\t\t\t\t{\n\t\t\t\t\t\t\t\turl = url.substring(0, url.length-1);\n\t\t\t\t\t\t\t}\n\t\t\t\t\t\t\twindow.location.replace(url);\n\t\t\t\t\t\t}\n\n\t\t\t\t\t\tdocument.addEventListener(\"cmplz_enable_category\", cmplzEnableCustomBlockedContent);\n\t\t\t\t\t\tfunction cmplzEnableCustomBlockedContent(e) {\n\t\t\t\t\t\t\tif ( cmplz_has_service_consent('no-service' ) || cmplz_has_consent('marketing' )){\n\t\t\t\t\t\t\t\tif (url.indexOf('cmplz_consent=1') === -1 ) {\n\t\t\t\t\t\t\t\t\tif (url.indexOf('?') !== -1) {url += '&';} else {url += '?';}\n\t\t\t\t\t\t\t\t\turl += 'cmplz_consent=1#cmplz_consent_area_anchor';\n\t\t\t\t\t\t\t\t\twindow.location.replace(url);\n\t\t\t\t\t\t\t\t}\n\t\t\t\t\t\t\t}\n\t\t\t\t\t\t}\n\t\t\t\t\t<\/script>\n\t\t\t\t\t\t\t\t<div class=\"cmplz-consent-area\">\n\t\t\t\t\t\t\t\t\t\t\t<a href=\"#\" data-category=\"marketing\" class=\"cmplz-accept-category  cmplz_marketing_consentarea\" >Click to accept the cookies for this service<\/a>\n\t\t\t\t\t\t\t\t\t<\/div>\n\t\t\t\t\r\n","protected":false},"excerpt":{"rendered":"<p>Vodi\u010d kroz hotele u Tivtu koji nude luksuz, poglede i povoljne lokacije u primorskom gradu Crne Gore.<\/p>\n","protected":false},"author":1,"featured_media":133875,"parent":135202,"menu_order":0,"comment_status":"closed","ping_status":"closed","template":"","meta":{"_yoast_wpseo_focuskw":"Hoteli u Tivtu","_yoast_wpseo_metadesc":"Prona\u0111ite najbolje hotele u Tivtu za luksuzne boravke blizu Porto Montenegro. Rezervi\u0161ite jednostavno za zadivljuju\u0107e poglede i povoljne lokacije u primorskom dragulju Crne Gore.","_kad_post_transparent":"","_kad_post_title":"","_kad_post_layout":"","_kad_post_sidebar_id":"","_kad_post_content_style":"","_kad_post_vertical_padding":"","_kad_post_feature":"","_kad_post_feature_position":"","_kad_post_header":false,"_kad_post_footer":false,"_kad_post_classname":"","iawp_total_views":11,"footnotes":""},"tags":[2308],"class_list":["post-133911","page","type-page","status-publish","has-post-thumbnail","hentry","tag-destination-hotels"],"yoast_head":"<!-- This site is optimized with the Yoast SEO plugin v27.3 - https:\/\/yoast.com\/product\/yoast-seo-wordpress\/ -->\n<title>Hoteli u Tivtu - Visit Montenegro<\/title>\n<meta name=\"description\" content=\"Prona\u0111ite najbolje hotele u Tivtu za luksuzne boravke blizu Porto Montenegro. Rezervi\u0161ite jednostavno za zadivljuju\u0107e poglede i povoljne lokacije u primorskom dragulju Crne Gore.\" \/>\n<meta name=\"robots\" content=\"index, follow, max-snippet:-1, max-image-preview:large, max-video-preview:-1\" \/>\n<link rel=\"canonical\" href=\"https:\/\/www.visit-montenegro.com\/me\/destinacije\/tivat\/info\/hoteli\/\" \/>\n<meta property=\"og:locale\" content=\"en_US\" \/>\n<meta property=\"og:type\" content=\"article\" \/>\n<meta property=\"og:title\" content=\"Hoteli u Tivtu - Visit Montenegro\" \/>\n<meta property=\"og:description\" content=\"Prona\u0111ite najbolje hotele u Tivtu za luksuzne boravke blizu Porto Montenegro. Rezervi\u0161ite jednostavno za zadivljuju\u0107e poglede i povoljne lokacije u primorskom dragulju Crne Gore.\" \/>\n<meta property=\"og:url\" content=\"https:\/\/www.visit-montenegro.com\/me\/destinacije\/tivat\/info\/hoteli\/\" \/>\n<meta property=\"og:site_name\" content=\"Visit Montenegro\" \/>\n<meta property=\"article:publisher\" content=\"https:\/\/www.facebook.com\/visitmontenegro\" \/>\n<meta property=\"article:modified_time\" content=\"2026-03-12T12:21:51+00:00\" \/>\n<meta property=\"og:image\" content=\"https:\/\/www.visit-montenegro.com\/wp-content\/uploads\/2026\/02\/Depositphotos_639669476_L-scaled.jpg\" \/>\n\t<meta property=\"og:image:width\" content=\"1600\" \/>\n\t<meta property=\"og:image:height\" content=\"1067\" \/>\n\t<meta property=\"og:image:type\" content=\"image\/jpeg\" \/>\n<meta name=\"twitter:card\" content=\"summary_large_image\" \/>\n<meta name=\"twitter:site\" content=\"@visitmontenegro\" \/>\n<meta name=\"twitter:label1\" content=\"Est. reading time\" \/>\n\t<meta name=\"twitter:data1\" content=\"1 minute\" \/>\n<script type=\"application\/ld+json\" class=\"yoast-schema-graph\">{\"@context\":\"https:\\\/\\\/schema.org\",\"@graph\":[{\"@type\":\"WebPage\",\"@id\":\"https:\\\/\\\/www.visit-montenegro.com\\\/me\\\/destinacije\\\/tivat\\\/info\\\/hoteli\\\/\",\"url\":\"https:\\\/\\\/www.visit-montenegro.com\\\/me\\\/destinacije\\\/tivat\\\/info\\\/hoteli\\\/\",\"name\":\"Hoteli u Tivtu - Visit Montenegro\",\"isPartOf\":{\"@id\":\"https:\\\/\\\/www.visit-montenegro.com\\\/me\\\/#website\"},\"primaryImageOfPage\":{\"@id\":\"https:\\\/\\\/www.visit-montenegro.com\\\/me\\\/destinacije\\\/tivat\\\/info\\\/hoteli\\\/#primaryimage\"},\"image\":{\"@id\":\"https:\\\/\\\/www.visit-montenegro.com\\\/me\\\/destinacije\\\/tivat\\\/info\\\/hoteli\\\/#primaryimage\"},\"thumbnailUrl\":\"https:\\\/\\\/www.visit-montenegro.com\\\/wp-content\\\/uploads\\\/2026\\\/02\\\/Depositphotos_639669476_L-scaled.jpg\",\"datePublished\":\"2026-02-07T12:21:49+00:00\",\"dateModified\":\"2026-03-12T12:21:51+00:00\",\"description\":\"Prona\u0111ite najbolje hotele u Tivtu za luksuzne boravke blizu Porto Montenegro. Rezervi\u0161ite jednostavno za zadivljuju\u0107e poglede i povoljne lokacije u primorskom dragulju Crne Gore.\",\"breadcrumb\":{\"@id\":\"https:\\\/\\\/www.visit-montenegro.com\\\/me\\\/destinacije\\\/tivat\\\/info\\\/hoteli\\\/#breadcrumb\"},\"inLanguage\":\"sr-Latn-ME\",\"potentialAction\":[{\"@type\":\"ReadAction\",\"target\":[\"https:\\\/\\\/www.visit-montenegro.com\\\/me\\\/destinacije\\\/tivat\\\/info\\\/hoteli\\\/\"]}]},{\"@type\":\"ImageObject\",\"inLanguage\":\"sr-Latn-ME\",\"@id\":\"https:\\\/\\\/www.visit-montenegro.com\\\/me\\\/destinacije\\\/tivat\\\/info\\\/hoteli\\\/#primaryimage\",\"url\":\"https:\\\/\\\/www.visit-montenegro.com\\\/wp-content\\\/uploads\\\/2026\\\/02\\\/Depositphotos_639669476_L-scaled.jpg\",\"contentUrl\":\"https:\\\/\\\/www.visit-montenegro.com\\\/wp-content\\\/uploads\\\/2026\\\/02\\\/Depositphotos_639669476_L-scaled.jpg\",\"width\":1600,\"height\":1067},{\"@type\":\"BreadcrumbList\",\"@id\":\"https:\\\/\\\/www.visit-montenegro.com\\\/me\\\/destinacije\\\/tivat\\\/info\\\/hoteli\\\/#breadcrumb\",\"itemListElement\":[{\"@type\":\"ListItem\",\"position\":1,\"name\":\"Home\",\"item\":\"https:\\\/\\\/www.visit-montenegro.com\\\/me\\\/pocetna\\\/\"},{\"@type\":\"ListItem\",\"position\":2,\"name\":\"Turisti\u010dke destinacije u Crnoj Gori\",\"item\":\"https:\\\/\\\/www.visit-montenegro.com\\\/me\\\/destinacije\\\/\"},{\"@type\":\"ListItem\",\"position\":3,\"name\":\"Tivat\",\"item\":\"https:\\\/\\\/www.visit-montenegro.com\\\/me\\\/destinacije\\\/tivat\\\/\"},{\"@type\":\"ListItem\",\"position\":4,\"name\":\"Vi\u0161e o Tivtu\",\"item\":\"https:\\\/\\\/www.visit-montenegro.com\\\/me\\\/destinacije\\\/tivat\\\/info\\\/\"},{\"@type\":\"ListItem\",\"position\":5,\"name\":\"Hoteli u Tivtu\"}]},{\"@type\":\"WebSite\",\"@id\":\"https:\\\/\\\/www.visit-montenegro.com\\\/me\\\/#website\",\"url\":\"https:\\\/\\\/www.visit-montenegro.com\\\/me\\\/\",\"name\":\"Visit Montenegro\",\"description\":\"Breathtaking beauty\",\"publisher\":{\"@id\":\"https:\\\/\\\/www.visit-montenegro.com\\\/me\\\/#organization\"},\"potentialAction\":[{\"@type\":\"SearchAction\",\"target\":{\"@type\":\"EntryPoint\",\"urlTemplate\":\"https:\\\/\\\/www.visit-montenegro.com\\\/me\\\/?s={search_term_string}\"},\"query-input\":{\"@type\":\"PropertyValueSpecification\",\"valueRequired\":true,\"valueName\":\"search_term_string\"}}],\"inLanguage\":\"sr-Latn-ME\"},{\"@type\":\"Organization\",\"@id\":\"https:\\\/\\\/www.visit-montenegro.com\\\/me\\\/#organization\",\"name\":\"Visit Montenegro\",\"url\":\"https:\\\/\\\/www.visit-montenegro.com\\\/me\\\/\",\"logo\":{\"@type\":\"ImageObject\",\"inLanguage\":\"sr-Latn-ME\",\"@id\":\"https:\\\/\\\/www.visit-montenegro.com\\\/me\\\/#\\\/schema\\\/logo\\\/image\\\/\",\"url\":\"https:\\\/\\\/www.visit-montenegro.com\\\/wp-content\\\/uploads\\\/2017\\\/10\\\/logo-amp.png\",\"contentUrl\":\"https:\\\/\\\/www.visit-montenegro.com\\\/wp-content\\\/uploads\\\/2017\\\/10\\\/logo-amp.png\",\"width\":190,\"height\":36,\"caption\":\"Visit Montenegro\"},\"image\":{\"@id\":\"https:\\\/\\\/www.visit-montenegro.com\\\/me\\\/#\\\/schema\\\/logo\\\/image\\\/\"},\"sameAs\":[\"https:\\\/\\\/www.facebook.com\\\/visitmontenegro\",\"https:\\\/\\\/x.com\\\/visitmontenegro\",\"https:\\\/\\\/www.instagram.com\\\/visit_montenegro\\\/\",\"https:\\\/\\\/www.youtube.com\\\/user\\\/VisitMontenegro\"]}]}<\/script>\n<!-- \/ Yoast SEO plugin. -->","yoast_head_json":{"title":"Hoteli u Tivtu - Visit Montenegro","description":"Prona\u0111ite najbolje hotele u Tivtu za luksuzne boravke blizu Porto Montenegro. Rezervi\u0161ite jednostavno za zadivljuju\u0107e poglede i povoljne lokacije u primorskom dragulju Crne Gore.","robots":{"index":"index","follow":"follow","max-snippet":"max-snippet:-1","max-image-preview":"max-image-preview:large","max-video-preview":"max-video-preview:-1"},"canonical":"https:\/\/www.visit-montenegro.com\/me\/destinacije\/tivat\/info\/hoteli\/","og_locale":"en_US","og_type":"article","og_title":"Hoteli u Tivtu - Visit Montenegro","og_description":"Prona\u0111ite najbolje hotele u Tivtu za luksuzne boravke blizu Porto Montenegro. Rezervi\u0161ite jednostavno za zadivljuju\u0107e poglede i povoljne lokacije u primorskom dragulju Crne Gore.","og_url":"https:\/\/www.visit-montenegro.com\/me\/destinacije\/tivat\/info\/hoteli\/","og_site_name":"Visit Montenegro","article_publisher":"https:\/\/www.facebook.com\/visitmontenegro","article_modified_time":"2026-03-12T12:21:51+00:00","og_image":[{"width":1600,"height":1067,"url":"https:\/\/www.visit-montenegro.com\/wp-content\/uploads\/2026\/02\/Depositphotos_639669476_L-scaled.jpg","type":"image\/jpeg"}],"twitter_card":"summary_large_image","twitter_site":"@visitmontenegro","twitter_misc":{"Est. reading time":"1 minute"},"schema":{"@context":"https:\/\/schema.org","@graph":[{"@type":"WebPage","@id":"https:\/\/www.visit-montenegro.com\/me\/destinacije\/tivat\/info\/hoteli\/","url":"https:\/\/www.visit-montenegro.com\/me\/destinacije\/tivat\/info\/hoteli\/","name":"Hoteli u Tivtu - Visit Montenegro","isPartOf":{"@id":"https:\/\/www.visit-montenegro.com\/me\/#website"},"primaryImageOfPage":{"@id":"https:\/\/www.visit-montenegro.com\/me\/destinacije\/tivat\/info\/hoteli\/#primaryimage"},"image":{"@id":"https:\/\/www.visit-montenegro.com\/me\/destinacije\/tivat\/info\/hoteli\/#primaryimage"},"thumbnailUrl":"https:\/\/www.visit-montenegro.com\/wp-content\/uploads\/2026\/02\/Depositphotos_639669476_L-scaled.jpg","datePublished":"2026-02-07T12:21:49+00:00","dateModified":"2026-03-12T12:21:51+00:00","description":"Prona\u0111ite najbolje hotele u Tivtu za luksuzne boravke blizu Porto Montenegro. Rezervi\u0161ite jednostavno za zadivljuju\u0107e poglede i povoljne lokacije u primorskom dragulju Crne Gore.","breadcrumb":{"@id":"https:\/\/www.visit-montenegro.com\/me\/destinacije\/tivat\/info\/hoteli\/#breadcrumb"},"inLanguage":"sr-Latn-ME","potentialAction":[{"@type":"ReadAction","target":["https:\/\/www.visit-montenegro.com\/me\/destinacije\/tivat\/info\/hoteli\/"]}]},{"@type":"ImageObject","inLanguage":"sr-Latn-ME","@id":"https:\/\/www.visit-montenegro.com\/me\/destinacije\/tivat\/info\/hoteli\/#primaryimage","url":"https:\/\/www.visit-montenegro.com\/wp-content\/uploads\/2026\/02\/Depositphotos_639669476_L-scaled.jpg","contentUrl":"https:\/\/www.visit-montenegro.com\/wp-content\/uploads\/2026\/02\/Depositphotos_639669476_L-scaled.jpg","width":1600,"height":1067},{"@type":"BreadcrumbList","@id":"https:\/\/www.visit-montenegro.com\/me\/destinacije\/tivat\/info\/hoteli\/#breadcrumb","itemListElement":[{"@type":"ListItem","position":1,"name":"Home","item":"https:\/\/www.visit-montenegro.com\/me\/pocetna\/"},{"@type":"ListItem","position":2,"name":"Turisti\u010dke destinacije u Crnoj Gori","item":"https:\/\/www.visit-montenegro.com\/me\/destinacije\/"},{"@type":"ListItem","position":3,"name":"Tivat","item":"https:\/\/www.visit-montenegro.com\/me\/destinacije\/tivat\/"},{"@type":"ListItem","position":4,"name":"Vi\u0161e o Tivtu","item":"https:\/\/www.visit-montenegro.com\/me\/destinacije\/tivat\/info\/"},{"@type":"ListItem","position":5,"name":"Hoteli u Tivtu"}]},{"@type":"WebSite","@id":"https:\/\/www.visit-montenegro.com\/me\/#website","url":"https:\/\/www.visit-montenegro.com\/me\/","name":"Visit Montenegro","description":"Breathtaking beauty","publisher":{"@id":"https:\/\/www.visit-montenegro.com\/me\/#organization"},"potentialAction":[{"@type":"SearchAction","target":{"@type":"EntryPoint","urlTemplate":"https:\/\/www.visit-montenegro.com\/me\/?s={search_term_string}"},"query-input":{"@type":"PropertyValueSpecification","valueRequired":true,"valueName":"search_term_string"}}],"inLanguage":"sr-Latn-ME"},{"@type":"Organization","@id":"https:\/\/www.visit-montenegro.com\/me\/#organization","name":"Visit Montenegro","url":"https:\/\/www.visit-montenegro.com\/me\/","logo":{"@type":"ImageObject","inLanguage":"sr-Latn-ME","@id":"https:\/\/www.visit-montenegro.com\/me\/#\/schema\/logo\/image\/","url":"https:\/\/www.visit-montenegro.com\/wp-content\/uploads\/2017\/10\/logo-amp.png","contentUrl":"https:\/\/www.visit-montenegro.com\/wp-content\/uploads\/2017\/10\/logo-amp.png","width":190,"height":36,"caption":"Visit Montenegro"},"image":{"@id":"https:\/\/www.visit-montenegro.com\/me\/#\/schema\/logo\/image\/"},"sameAs":["https:\/\/www.facebook.com\/visitmontenegro","https:\/\/x.com\/visitmontenegro","https:\/\/www.instagram.com\/visit_montenegro\/","https:\/\/www.youtube.com\/user\/VisitMontenegro"]}]}},"translations":[],"_links":{"self":[{"href":"https:\/\/www.visit-montenegro.com\/me\/wp-json\/wp\/v2\/pages\/133911","targetHints":{"allow":["GET"]}}],"collection":[{"href":"https:\/\/www.visit-montenegro.com\/me\/wp-json\/wp\/v2\/pages"}],"about":[{"href":"https:\/\/www.visit-montenegro.com\/me\/wp-json\/wp\/v2\/types\/page"}],"author":[{"embeddable":true,"href":"https:\/\/www.visit-montenegro.com\/me\/wp-json\/wp\/v2\/users\/1"}],"replies":[{"embeddable":true,"href":"https:\/\/www.visit-montenegro.com\/me\/wp-json\/wp\/v2\/comments?post=133911"}],"version-history":[{"count":0,"href":"https:\/\/www.visit-montenegro.com\/me\/wp-json\/wp\/v2\/pages\/133911\/revisions"}],"up":[{"embeddable":true,"href":"https:\/\/www.visit-montenegro.com\/me\/wp-json\/wp\/v2\/pages\/135202"}],"wp:featuredmedia":[{"embeddable":true,"href":"https:\/\/www.visit-montenegro.com\/me\/wp-json\/wp\/v2\/media\/133875"}],"wp:attachment":[{"href":"https:\/\/www.visit-montenegro.com\/me\/wp-json\/wp\/v2\/media?parent=133911"}],"wp:term":[{"taxonomy":"post_tag","embeddable":true,"href":"https:\/\/www.visit-montenegro.com\/me\/wp-json\/wp\/v2\/tags?post=133911"}],"curies":[{"name":"wp","href":"https:\/\/api.w.org\/{rel}","templated":true}]}}