{"id":133931,"date":"2026-01-28T20:01:42","date_gmt":"2026-01-28T19:01:42","guid":{"rendered":"https:\/\/new.visit-montenegro.com\/vizni-rezim-crne-gore\/"},"modified":"2026-02-22T17:17:58","modified_gmt":"2026-02-22T16:17:58","slug":"vizni-rezim-crne-gore","status":"publish","type":"page","link":"https:\/\/www.visit-montenegro.com\/me\/vizni-rezim-crne-gore\/","title":{"rendered":"Vizni re\u017eim Crne Gore"},"content":{"rendered":"\n<h2 class=\"wp-block-heading\">Da li mi je potrebna viza za ulazak u Crnu Goru?<\/h2>\n\n<p>Planirate putovanje u Crnu Goru? Zavisno od va\u0161e nacionalnosti i putnih dokumenata koje posedujete, mo\u017eda ste podobni za bezvizni ulazak. Ispod je sveobuhvatan vodi\u010d o uslovima ulaska u Crnu Goru.<\/p>\n\n<h2 class=\"wp-block-heading\"><span style=\"font-family: inherit;\">Gra\u0111ani EU &amp; Evropski putnici<\/span><\/h2>\n\n<ul class=\"wp-block-list\">\n<li><strong>Sa va\u017ee\u0107om li\u010dnom kartom:<\/strong> Boravak do <strong>30 dana<\/strong>.<\/li>\n\n\n\n<li><strong>Sa va\u017ee\u0107im paso\u0161em:<\/strong> Boravak do <strong>90 dana<\/strong>.<\/li>\n<\/ul>\n\n<h2 class=\"wp-block-heading\"><span style=\"font-family: inherit;\">Bezvizni ulazak do 90 dana<\/span><\/h2>\n\n<p>Gra\u0111ani slede\u0107ih regiona mogu u\u0107i, pro\u0107i tranzitom i boraviti u Crnoj Gori do 90 dana sa va\u017ee\u0107im putnim dokumentom:<\/p>\n\n<figure class=\"wp-block-table\"><table><thead><tr><th>Region<\/th><th>Zemlje i teritorije<\/th><\/tr><\/thead><tbody><tr><td><strong>Evropa<\/strong><\/td><td>Albanija, Andora, Austrija, Belgija, Bosna i Hercegovina, Bugarska, Hrvatska, Kipar, \u010ce\u0161ka, Danska, Estonija, Finska, Francuska, Nema\u010dka, Gr\u010dka, Ma\u0111arska, Island, Irska, Italija, Kosovo, Letonija, Lihten\u0161tajn, Litvanija, Luksemburg, Malta, Moldavija, Monako, Holandija, Severna Makedonija, Norve\u0161ka, Poljska, Portugal, Rumunija, San Marino, Srbija, Slova\u010dka, Slovenija, \u0160panija, \u0160vedska, \u0160vajcarska, Ukrajina, Ujedinjeno Kraljevstvo, Vatikan.<\/td><\/tr><tr><td><strong>Azija &amp; Bliski istok<\/strong><\/td><td>Azerbejd\u017ean, Bahrein, Brunej, Gruzija, Izrael, Japan, Kuvajt, Malezija, Katar, Saudijska Arabija, Singapur, Ju\u017ena Koreja, Tajvan, Timor-Leste, Turska, Ujedinjeni Arapski Emirati.<br\/><em>Posebne regije: Hong Kong (SAR), Makao (SAR).<\/em><\/td><\/tr><tr><td><strong>Severna &amp; Centralna Amerika<\/strong><\/td><td>Antigva i Barbuda, Bahami, Barbados, Kanada, Kostarika, Dominika, El Salvador, Grenada, Gvatemala, Honduras, Meksiko, Nikaragva, Panama, Sveti Kits i Nevis, Sveti Lucija, Sveti Vinsent i Grenadini, Trinidad i Tobago, SAD.<br\/><em>Britanske prekomorske teritorije: Angvila, Bermuda, Britanska Devi\u010danska Ostrva, Kajmanska Ostrva, Montserat, Turks i Kaikos.<\/em><\/td><\/tr><tr><td><strong>Ju\u017ena Amerika<\/strong><\/td><td>Argentina, Brazil, \u010cile, Kolumbija, Paragvaj, Urugvaj, Venecuela.<\/td><\/tr><tr><td><strong>Okeanija<\/strong><\/td><td>Australija, Kiribati, Mar\u0161alska Ostrva, Mikronezija, Novi Zeland, Palau, Samoa, Solomonska Ostrva, Tonga, Tuvalu, Vanuatu.<\/td><\/tr><tr><td><strong>Afrika<\/strong><\/td><td>Mauricijus, Sej\u0161eli.<\/td><\/tr><\/tbody><\/table><\/figure>\n\n<h2 class=\"wp-block-heading\"><span style=\"font-family: inherit;\">Ulazak na osnovu postoje\u0107ih viza (\u0160engen, SAD, UK)<\/span><\/h2>\n\n<p>Mo\u017eete boraviti do <strong>30 dana<\/strong> (ili dok va\u0161a viza ne istekne) ako posedujete va\u017ee\u0107u vizu ili dozvolu boravka iz:<\/p>\n\n<ul class=\"wp-block-list\">\n<li>Zemlje \u0160engenskog prostora<\/li>\n\n\n\n<li>Sjedinjene Ameri\u010dke Dr\u017eave (SAD)<\/li>\n\n\n\n<li>Ujedinjeno Kraljevstvo (UK)<\/li>\n\n\n\n<li>Kanada, Australija, Novi Zeland ili Japan<\/li>\n\n\n\n<li>Irska, Rumunija ili Bugarska<\/li>\n<\/ul>\n\n<h2 class=\"wp-block-heading\">Posebne kategorije &amp; Kratki boravci<\/h2>\n\n<p>Slede\u0107e grupe imaju specifi\u010dne uslove ulaska:<\/p>\n\n<ul class=\"wp-block-list\">\n<li><strong>Belorusija &amp; Rusija:<\/strong> Do 30 dana sa va\u017ee\u0107im putnim dokumentom.<\/li>\n\n\n\n<li><strong>UN Laissez-Passer:<\/strong> Do 90 dana bez vize.<\/li>\n\n\n\n<li><strong>Dokumenti izbeglica\/bez dr\u017eavljanstva:<\/strong> Nosioci dokumenata izdanih od EU, SAD, UK, Kanade, itd., mogu boraviti do 30 dana.<\/li>\n\n\n\n<li><strong>Kina:<\/strong> 30 dana za nosioce poslovnih paso\u0161a (sa pozivnicom) ili organizovane turisti\u010dke grupe.<\/li>\n<\/ul>\n\n<hr class=\"wp-block-separator has-alpha-channel-opacity\"\/>\n\n<p><br\/>&#x26a0;&#xfe0f;<em><strong>Odricanje od odgovornosti:<\/strong> Pravila putovanja mogu se promijeniti. Uvijek provjerite sa zvani\u010dnim Ministarstvom spoljnih poslova Crne Gore pre va\u0161eg putovanja.<\/em><\/p>\n","protected":false},"excerpt":{"rendered":"<p>Saznajte kako funkcioni\u0161e vizni re\u017eim Crne Gore za putnike sa va\u017ee\u0107im vizama iz \u0160engena, SAD, UK ili Irske. Ovaj vodi\u010d obja\u0161njava pravila ulaska i pru\u017ea zvani\u010dne resurse za planiranje va\u0161eg putovanja.<\/p>\n","protected":false},"author":1,"featured_media":133932,"parent":0,"menu_order":0,"comment_status":"closed","ping_status":"closed","template":"","meta":{"_yoast_wpseo_focuskw":"Vizni re\u017eim Crne Gore","_yoast_wpseo_metadesc":"Otkrijte vizni re\u017eim Crne Gore: pravila ulaska za nosioce viza \u0160engena, SAD, UK i Irske. Planirajte svoj posjet sa zvani\u010dnim informacijama i savjetima za putovanje.","_kad_post_transparent":"","_kad_post_title":"","_kad_post_layout":"","_kad_post_sidebar_id":"","_kad_post_content_style":"","_kad_post_vertical_padding":"","_kad_post_feature":"","_kad_post_feature_position":"","_kad_post_header":false,"_kad_post_footer":false,"_kad_post_classname":"","iawp_total_views":55,"footnotes":""},"tags":[],"class_list":["post-133931","page","type-page","status-publish","has-post-thumbnail","hentry"],"yoast_head":"<!-- This site is optimized with the Yoast SEO plugin v27.3 - https:\/\/yoast.com\/product\/yoast-seo-wordpress\/ -->\n<title>Vizni re\u017eim Crne Gore - Visit Montenegro<\/title>\n<meta name=\"description\" content=\"Otkrijte vizni re\u017eim Crne Gore: pravila ulaska za nosioce viza \u0160engena, SAD, UK i Irske. Planirajte svoj posjet sa zvani\u010dnim informacijama i savjetima za putovanje.\" \/>\n<meta name=\"robots\" content=\"index, follow, max-snippet:-1, max-image-preview:large, max-video-preview:-1\" \/>\n<link rel=\"canonical\" href=\"https:\/\/www.visit-montenegro.com\/me\/vizni-rezim-crne-gore\/\" \/>\n<meta property=\"og:locale\" content=\"en_US\" \/>\n<meta property=\"og:type\" content=\"article\" \/>\n<meta property=\"og:title\" content=\"Vizni re\u017eim Crne Gore - Visit Montenegro\" \/>\n<meta property=\"og:description\" content=\"Otkrijte vizni re\u017eim Crne Gore: pravila ulaska za nosioce viza \u0160engena, SAD, UK i Irske. Planirajte svoj posjet sa zvani\u010dnim informacijama i savjetima za putovanje.\" \/>\n<meta property=\"og:url\" content=\"https:\/\/www.visit-montenegro.com\/me\/vizni-rezim-crne-gore\/\" \/>\n<meta property=\"og:site_name\" content=\"Visit Montenegro\" \/>\n<meta property=\"article:publisher\" content=\"https:\/\/www.facebook.com\/visitmontenegro\" \/>\n<meta property=\"article:modified_time\" content=\"2026-02-22T16:17:58+00:00\" \/>\n<meta property=\"og:image\" content=\"https:\/\/www.visit-montenegro.com\/wp-content\/uploads\/2026\/01\/montenegro-signs-scaled.jpg\" \/>\n\t<meta property=\"og:image:width\" content=\"1600\" \/>\n\t<meta property=\"og:image:height\" content=\"1128\" \/>\n\t<meta property=\"og:image:type\" content=\"image\/jpeg\" \/>\n<meta name=\"twitter:card\" content=\"summary_large_image\" \/>\n<meta name=\"twitter:site\" content=\"@visitmontenegro\" \/>\n<meta name=\"twitter:label1\" content=\"Est. reading time\" \/>\n\t<meta name=\"twitter:data1\" content=\"2 minutes\" \/>\n<script type=\"application\/ld+json\" class=\"yoast-schema-graph\">{\"@context\":\"https:\\\/\\\/schema.org\",\"@graph\":[{\"@type\":\"WebPage\",\"@id\":\"https:\\\/\\\/www.visit-montenegro.com\\\/me\\\/vizni-rezim-crne-gore\\\/\",\"url\":\"https:\\\/\\\/www.visit-montenegro.com\\\/me\\\/vizni-rezim-crne-gore\\\/\",\"name\":\"Vizni re\u017eim Crne Gore - Visit Montenegro\",\"isPartOf\":{\"@id\":\"https:\\\/\\\/www.visit-montenegro.com\\\/me\\\/#website\"},\"primaryImageOfPage\":{\"@id\":\"https:\\\/\\\/www.visit-montenegro.com\\\/me\\\/vizni-rezim-crne-gore\\\/#primaryimage\"},\"image\":{\"@id\":\"https:\\\/\\\/www.visit-montenegro.com\\\/me\\\/vizni-rezim-crne-gore\\\/#primaryimage\"},\"thumbnailUrl\":\"https:\\\/\\\/www.visit-montenegro.com\\\/wp-content\\\/uploads\\\/2026\\\/01\\\/montenegro-signs-scaled.jpg\",\"datePublished\":\"2026-01-28T19:01:42+00:00\",\"dateModified\":\"2026-02-22T16:17:58+00:00\",\"description\":\"Otkrijte vizni re\u017eim Crne Gore: pravila ulaska za nosioce viza \u0160engena, SAD, UK i Irske. Planirajte svoj posjet sa zvani\u010dnim informacijama i savjetima za putovanje.\",\"breadcrumb\":{\"@id\":\"https:\\\/\\\/www.visit-montenegro.com\\\/me\\\/vizni-rezim-crne-gore\\\/#breadcrumb\"},\"inLanguage\":\"sr-Latn-ME\",\"potentialAction\":[{\"@type\":\"ReadAction\",\"target\":[\"https:\\\/\\\/www.visit-montenegro.com\\\/me\\\/vizni-rezim-crne-gore\\\/\"]}]},{\"@type\":\"ImageObject\",\"inLanguage\":\"sr-Latn-ME\",\"@id\":\"https:\\\/\\\/www.visit-montenegro.com\\\/me\\\/vizni-rezim-crne-gore\\\/#primaryimage\",\"url\":\"https:\\\/\\\/www.visit-montenegro.com\\\/wp-content\\\/uploads\\\/2026\\\/01\\\/montenegro-signs-scaled.jpg\",\"contentUrl\":\"https:\\\/\\\/www.visit-montenegro.com\\\/wp-content\\\/uploads\\\/2026\\\/01\\\/montenegro-signs-scaled.jpg\",\"width\":1600,\"height\":1128},{\"@type\":\"BreadcrumbList\",\"@id\":\"https:\\\/\\\/www.visit-montenegro.com\\\/me\\\/vizni-rezim-crne-gore\\\/#breadcrumb\",\"itemListElement\":[{\"@type\":\"ListItem\",\"position\":1,\"name\":\"Home\",\"item\":\"https:\\\/\\\/www.visit-montenegro.com\\\/me\\\/pocetna\\\/\"},{\"@type\":\"ListItem\",\"position\":2,\"name\":\"Vizni re\u017eim Crne Gore\"}]},{\"@type\":\"WebSite\",\"@id\":\"https:\\\/\\\/www.visit-montenegro.com\\\/me\\\/#website\",\"url\":\"https:\\\/\\\/www.visit-montenegro.com\\\/me\\\/\",\"name\":\"Visit Montenegro\",\"description\":\"Breathtaking beauty\",\"publisher\":{\"@id\":\"https:\\\/\\\/www.visit-montenegro.com\\\/me\\\/#organization\"},\"potentialAction\":[{\"@type\":\"SearchAction\",\"target\":{\"@type\":\"EntryPoint\",\"urlTemplate\":\"https:\\\/\\\/www.visit-montenegro.com\\\/me\\\/?s={search_term_string}\"},\"query-input\":{\"@type\":\"PropertyValueSpecification\",\"valueRequired\":true,\"valueName\":\"search_term_string\"}}],\"inLanguage\":\"sr-Latn-ME\"},{\"@type\":\"Organization\",\"@id\":\"https:\\\/\\\/www.visit-montenegro.com\\\/me\\\/#organization\",\"name\":\"Visit Montenegro\",\"url\":\"https:\\\/\\\/www.visit-montenegro.com\\\/me\\\/\",\"logo\":{\"@type\":\"ImageObject\",\"inLanguage\":\"sr-Latn-ME\",\"@id\":\"https:\\\/\\\/www.visit-montenegro.com\\\/me\\\/#\\\/schema\\\/logo\\\/image\\\/\",\"url\":\"https:\\\/\\\/www.visit-montenegro.com\\\/wp-content\\\/uploads\\\/2017\\\/10\\\/logo-amp.png\",\"contentUrl\":\"https:\\\/\\\/www.visit-montenegro.com\\\/wp-content\\\/uploads\\\/2017\\\/10\\\/logo-amp.png\",\"width\":190,\"height\":36,\"caption\":\"Visit Montenegro\"},\"image\":{\"@id\":\"https:\\\/\\\/www.visit-montenegro.com\\\/me\\\/#\\\/schema\\\/logo\\\/image\\\/\"},\"sameAs\":[\"https:\\\/\\\/www.facebook.com\\\/visitmontenegro\",\"https:\\\/\\\/x.com\\\/visitmontenegro\",\"https:\\\/\\\/www.instagram.com\\\/visit_montenegro\\\/\",\"https:\\\/\\\/www.youtube.com\\\/user\\\/VisitMontenegro\"]}]}<\/script>\n<!-- \/ Yoast SEO plugin. -->","yoast_head_json":{"title":"Vizni re\u017eim Crne Gore - Visit Montenegro","description":"Otkrijte vizni re\u017eim Crne Gore: pravila ulaska za nosioce viza \u0160engena, SAD, UK i Irske. Planirajte svoj posjet sa zvani\u010dnim informacijama i savjetima za putovanje.","robots":{"index":"index","follow":"follow","max-snippet":"max-snippet:-1","max-image-preview":"max-image-preview:large","max-video-preview":"max-video-preview:-1"},"canonical":"https:\/\/www.visit-montenegro.com\/me\/vizni-rezim-crne-gore\/","og_locale":"en_US","og_type":"article","og_title":"Vizni re\u017eim Crne Gore - Visit Montenegro","og_description":"Otkrijte vizni re\u017eim Crne Gore: pravila ulaska za nosioce viza \u0160engena, SAD, UK i Irske. Planirajte svoj posjet sa zvani\u010dnim informacijama i savjetima za putovanje.","og_url":"https:\/\/www.visit-montenegro.com\/me\/vizni-rezim-crne-gore\/","og_site_name":"Visit Montenegro","article_publisher":"https:\/\/www.facebook.com\/visitmontenegro","article_modified_time":"2026-02-22T16:17:58+00:00","og_image":[{"width":1600,"height":1128,"url":"https:\/\/www.visit-montenegro.com\/wp-content\/uploads\/2026\/01\/montenegro-signs-scaled.jpg","type":"image\/jpeg"}],"twitter_card":"summary_large_image","twitter_site":"@visitmontenegro","twitter_misc":{"Est. reading time":"2 minutes"},"schema":{"@context":"https:\/\/schema.org","@graph":[{"@type":"WebPage","@id":"https:\/\/www.visit-montenegro.com\/me\/vizni-rezim-crne-gore\/","url":"https:\/\/www.visit-montenegro.com\/me\/vizni-rezim-crne-gore\/","name":"Vizni re\u017eim Crne Gore - Visit Montenegro","isPartOf":{"@id":"https:\/\/www.visit-montenegro.com\/me\/#website"},"primaryImageOfPage":{"@id":"https:\/\/www.visit-montenegro.com\/me\/vizni-rezim-crne-gore\/#primaryimage"},"image":{"@id":"https:\/\/www.visit-montenegro.com\/me\/vizni-rezim-crne-gore\/#primaryimage"},"thumbnailUrl":"https:\/\/www.visit-montenegro.com\/wp-content\/uploads\/2026\/01\/montenegro-signs-scaled.jpg","datePublished":"2026-01-28T19:01:42+00:00","dateModified":"2026-02-22T16:17:58+00:00","description":"Otkrijte vizni re\u017eim Crne Gore: pravila ulaska za nosioce viza \u0160engena, SAD, UK i Irske. Planirajte svoj posjet sa zvani\u010dnim informacijama i savjetima za putovanje.","breadcrumb":{"@id":"https:\/\/www.visit-montenegro.com\/me\/vizni-rezim-crne-gore\/#breadcrumb"},"inLanguage":"sr-Latn-ME","potentialAction":[{"@type":"ReadAction","target":["https:\/\/www.visit-montenegro.com\/me\/vizni-rezim-crne-gore\/"]}]},{"@type":"ImageObject","inLanguage":"sr-Latn-ME","@id":"https:\/\/www.visit-montenegro.com\/me\/vizni-rezim-crne-gore\/#primaryimage","url":"https:\/\/www.visit-montenegro.com\/wp-content\/uploads\/2026\/01\/montenegro-signs-scaled.jpg","contentUrl":"https:\/\/www.visit-montenegro.com\/wp-content\/uploads\/2026\/01\/montenegro-signs-scaled.jpg","width":1600,"height":1128},{"@type":"BreadcrumbList","@id":"https:\/\/www.visit-montenegro.com\/me\/vizni-rezim-crne-gore\/#breadcrumb","itemListElement":[{"@type":"ListItem","position":1,"name":"Home","item":"https:\/\/www.visit-montenegro.com\/me\/pocetna\/"},{"@type":"ListItem","position":2,"name":"Vizni re\u017eim Crne Gore"}]},{"@type":"WebSite","@id":"https:\/\/www.visit-montenegro.com\/me\/#website","url":"https:\/\/www.visit-montenegro.com\/me\/","name":"Visit Montenegro","description":"Breathtaking beauty","publisher":{"@id":"https:\/\/www.visit-montenegro.com\/me\/#organization"},"potentialAction":[{"@type":"SearchAction","target":{"@type":"EntryPoint","urlTemplate":"https:\/\/www.visit-montenegro.com\/me\/?s={search_term_string}"},"query-input":{"@type":"PropertyValueSpecification","valueRequired":true,"valueName":"search_term_string"}}],"inLanguage":"sr-Latn-ME"},{"@type":"Organization","@id":"https:\/\/www.visit-montenegro.com\/me\/#organization","name":"Visit Montenegro","url":"https:\/\/www.visit-montenegro.com\/me\/","logo":{"@type":"ImageObject","inLanguage":"sr-Latn-ME","@id":"https:\/\/www.visit-montenegro.com\/me\/#\/schema\/logo\/image\/","url":"https:\/\/www.visit-montenegro.com\/wp-content\/uploads\/2017\/10\/logo-amp.png","contentUrl":"https:\/\/www.visit-montenegro.com\/wp-content\/uploads\/2017\/10\/logo-amp.png","width":190,"height":36,"caption":"Visit Montenegro"},"image":{"@id":"https:\/\/www.visit-montenegro.com\/me\/#\/schema\/logo\/image\/"},"sameAs":["https:\/\/www.facebook.com\/visitmontenegro","https:\/\/x.com\/visitmontenegro","https:\/\/www.instagram.com\/visit_montenegro\/","https:\/\/www.youtube.com\/user\/VisitMontenegro"]}]}},"translations":[],"_links":{"self":[{"href":"https:\/\/www.visit-montenegro.com\/me\/wp-json\/wp\/v2\/pages\/133931","targetHints":{"allow":["GET"]}}],"collection":[{"href":"https:\/\/www.visit-montenegro.com\/me\/wp-json\/wp\/v2\/pages"}],"about":[{"href":"https:\/\/www.visit-montenegro.com\/me\/wp-json\/wp\/v2\/types\/page"}],"author":[{"embeddable":true,"href":"https:\/\/www.visit-montenegro.com\/me\/wp-json\/wp\/v2\/users\/1"}],"replies":[{"embeddable":true,"href":"https:\/\/www.visit-montenegro.com\/me\/wp-json\/wp\/v2\/comments?post=133931"}],"version-history":[{"count":0,"href":"https:\/\/www.visit-montenegro.com\/me\/wp-json\/wp\/v2\/pages\/133931\/revisions"}],"wp:featuredmedia":[{"embeddable":true,"href":"https:\/\/www.visit-montenegro.com\/me\/wp-json\/wp\/v2\/media\/133932"}],"wp:attachment":[{"href":"https:\/\/www.visit-montenegro.com\/me\/wp-json\/wp\/v2\/media?parent=133931"}],"wp:term":[{"taxonomy":"post_tag","embeddable":true,"href":"https:\/\/www.visit-montenegro.com\/me\/wp-json\/wp\/v2\/tags?post=133931"}],"curies":[{"name":"wp","href":"https:\/\/api.w.org\/{rel}","templated":true}]}}