{"id":133937,"date":"2026-01-28T19:56:35","date_gmt":"2026-01-28T18:56:35","guid":{"rendered":"https:\/\/new.visit-montenegro.com\/nacionalni-parkovi\/"},"modified":"2026-02-22T17:17:58","modified_gmt":"2026-02-22T16:17:58","slug":"nacionalni-parkovi","status":"publish","type":"page","link":"https:\/\/www.visit-montenegro.com\/me\/turizam\/nacionalni-parkovi\/","title":{"rendered":"Nacionalni parkovi u Crnoj Gori"},"content":{"rendered":"\n<p>Pet <strong>nacionalnih parkova u Crnoj Gori<\/strong> prikazuje njenu zadivljuju\u0107u prirodnu raznolikost, od divljih planina i ledenja\u010dkih jezera do drevnih \u0161uma i najve\u0107eg jezera na Balkanu.<\/p>\n\n<hr class=\"wp-block-separator has-css-opacity\"\/>\n\n<h2 class=\"wp-block-heading\">Nacionalni park Durmitor: UNESCO-ova svjetska ba\u0161tina<\/h2>\n\n<figure class=\"wp-block-image size-large\"><img loading=\"lazy\" decoding=\"async\" width=\"1024\" height=\"692\" src=\"https:\/\/www.visit-montenegro.com\/wp-content\/uploads\/2019\/06\/why-visit-Montenegro-black-lake-1024x692.jpg\" alt=\"\" class=\"wp-image-35335\" srcset=\"https:\/\/www.visit-montenegro.com\/wp-content\/uploads\/2019\/06\/why-visit-Montenegro-black-lake-1024x692.jpg 1024w, https:\/\/www.visit-montenegro.com\/wp-content\/uploads\/2019\/06\/why-visit-Montenegro-black-lake-300x203.jpg 300w, https:\/\/www.visit-montenegro.com\/wp-content\/uploads\/2019\/06\/why-visit-Montenegro-black-lake-768x519.jpg 768w, https:\/\/www.visit-montenegro.com\/wp-content\/uploads\/2019\/06\/why-visit-Montenegro-black-lake-90x60.jpg 90w, https:\/\/www.visit-montenegro.com\/wp-content\/uploads\/2019\/06\/why-visit-Montenegro-black-lake-95x64.jpg 95w, https:\/\/www.visit-montenegro.com\/wp-content\/uploads\/2019\/06\/why-visit-Montenegro-black-lake.jpg 1600w\" sizes=\"auto, (max-width: 1024px) 100vw, 1024px\" \/><figcaption class=\"wp-element-caption\"><a href=\"https:\/\/www.visit-montenegro.com\/me\/destinacije\/zabljak\/atrakcije\/crno-jezero\/\">Crno jezero<\/a> u Durmitoru \u2013 Crna Gora<\/figcaption><\/figure>\n\n<p><a href=\"https:\/\/www.visit-montenegro.com\/me\/destinacije\/zabljak\/info\/durmitor\/\">Durmitor<\/a> <strong>nacionalni parkovi u Crnoj Gori<\/strong> je najve\u0107i od pet nacionalnih parkova u zemlji. Karakteri\u0161u ga nazubljeni vrhovi, dramati\u010dni kanjoni poput kanjona Tare i duboka planinska jezera. Progla\u0161en 1952. godine, uvr\u0161ten je na UNESCO-vu listu svjetske ba\u0161tine 1980. godine.<\/p>\n\n<p>Preko pedeset vrhova prelazi 2.000 metara, uklju\u010duju\u0107i <a href=\"https:\/\/www.visit-montenegro.com\/me\/destinacije\/zabljak\/atrakcije\/bobotov-kuk\/\">Bobotov kuk<\/a> na 2.525 metara. Alpske livade i \u0161ume prekrivaju pejza\u017e. Pored toga, 18 ledenja\u010dkih jezera, poznatih kao &#8220;planinske o\u010di&#8221;, nalazi se na 1.500 metara. Crno jezero, najve\u0107e, nudi zadivljuju\u0107u scenu ispod ogromnog vrha Me\u0111ed.<\/p>\n\n<p>Bilo da planinarite, raftirate ili se opu\u0161tate pored bistrih jezera, ljubitelji prirode \u0107e voleti Durmitor.<\/p>\n\n<div class=\"wp-block-buttons is-layout-flex wp-block-buttons-is-layout-flex\">\n<div class=\"wp-block-button\"><a class=\"wp-block-button__link wp-element-button\" href=\"https:\/\/www.visit-montenegro.com\/me\/destinacije\/zabljak\/atrakcije\/durmitor\/\">Pro\u010ditaj vi\u0161e<\/a><\/div>\n<\/div>\n\n<hr class=\"wp-block-separator has-css-opacity\"\/>\n\n<h2 class=\"wp-block-heading\">Nacionalni park Biogradska Gora: Evropski \u0161umski dragulj<\/h2>\n\n<figure class=\"wp-block-image size-large\"><img loading=\"lazy\" decoding=\"async\" width=\"1024\" height=\"683\" src=\"https:\/\/www.visit-montenegro.com\/wp-content\/uploads\/2026\/01\/kolasin-lake-biograd-01-1024x683.jpg\" alt=\"\" class=\"wp-image-36066\" srcset=\"https:\/\/www.visit-montenegro.com\/wp-content\/uploads\/2026\/01\/kolasin-lake-biograd-01-1024x683.jpg 1024w, https:\/\/www.visit-montenegro.com\/wp-content\/uploads\/2026\/01\/kolasin-lake-biograd-01-300x200.jpg 300w, https:\/\/www.visit-montenegro.com\/wp-content\/uploads\/2026\/01\/kolasin-lake-biograd-01-768x512.jpg 768w, https:\/\/www.visit-montenegro.com\/wp-content\/uploads\/2026\/01\/kolasin-lake-biograd-01-1536x1024.jpg 1536w, https:\/\/www.visit-montenegro.com\/wp-content\/uploads\/2026\/01\/kolasin-lake-biograd-01-1200x800.jpg 1200w, https:\/\/www.visit-montenegro.com\/wp-content\/uploads\/2026\/01\/kolasin-lake-biograd-01-scaled.jpg 1600w\" sizes=\"auto, (max-width: 1024px) 100vw, 1024px\" \/><figcaption class=\"wp-element-caption\">Pristani\u0161te i \u010damci na Biogradskom jezeru, nacionalni park <a href=\"https:\/\/www.visit-montenegro.com\/me\/destinacije\/kolasin\/atrakcije\/biogradska-gora\/\">Biogradska Gora<\/a>, Crna Gora<\/figcaption><\/figure>\n\n<p>Biogradska Gora <strong>nacionalni parkovi u Crnoj Gori<\/strong> nalazi se na sjeveroistoku izme\u0111u rijeka Tare i Lima. Pokriva 5.650 hektara na masivu Bjelasica, \u0161to ga \u010dini naj\u0161umovitijim nacionalnim parkom u Evropi. Bjelasica je najzelenija planina Crne Gore, bogata vodom.<\/p>\n\n<p>Osnovan 1952. godine kao prvi nacionalni park Crne Gore, ima dugu ekolo\u0161ku istoriju. Zaista, dobio je status parka samo \u0161est godina nakon prvog nacionalnog parka na svijetu. Njegovo najve\u0107e blago je pra\u0161uma Biogradske gore, jedna od posljednje tri u Evropi.<\/p>\n\n<p>Na 1.094 metra u srcu pra\u0161ume nalazi se Biogradsko jezero. To je najve\u0107e i najpoznatije ledenja\u010dko jezero u parku.<\/p>\n\n<div class=\"wp-block-buttons is-layout-flex wp-block-buttons-is-layout-flex\">\n<div class=\"wp-block-button\"><a class=\"wp-block-button__link wp-element-button\" href=\"https:\/\/www.visit-montenegro.com\/me\/destinacije\/kolasin\/atrakcije\/biogradska-gora\/\">Pro\u010ditaj vi\u0161e<\/a><\/div>\n<\/div>\n\n<hr class=\"wp-block-separator has-css-opacity\"\/>\n\n<h2 class=\"wp-block-heading\">Nacionalni park Prokletije: Divlja granica<\/h2>\n\n<figure class=\"wp-block-image size-large\"><img loading=\"lazy\" decoding=\"async\" width=\"1024\" height=\"683\" src=\"https:\/\/www.visit-montenegro.com\/wp-content\/uploads\/2026\/01\/prokletije-02-1024x683.jpg\" alt=\"\" class=\"wp-image-36196\" srcset=\"https:\/\/www.visit-montenegro.com\/wp-content\/uploads\/2026\/01\/prokletije-02-1024x683.jpg 1024w, https:\/\/www.visit-montenegro.com\/wp-content\/uploads\/2026\/01\/prokletije-02-300x200.jpg 300w, https:\/\/www.visit-montenegro.com\/wp-content\/uploads\/2026\/01\/prokletije-02-768x512.jpg 768w, https:\/\/www.visit-montenegro.com\/wp-content\/uploads\/2026\/01\/prokletije-02-1536x1024.jpg 1536w, https:\/\/www.visit-montenegro.com\/wp-content\/uploads\/2026\/01\/prokletije-02-1200x800.jpg 1200w, https:\/\/www.visit-montenegro.com\/wp-content\/uploads\/2026\/01\/prokletije-02-scaled.jpg 1600w\" sizes=\"auto, (max-width: 1024px) 100vw, 1024px\" \/><figcaption class=\"wp-element-caption\">Nevjerovatan pogled na mirnu planinsku dolinu, Nacionalni park <a href=\"https:\/\/www.visit-montenegro.com\/me\/destinacije\/plav\/atrakcije\/prokletije\/\">Prokletije<\/a>, Crna Gora<\/figcaption><\/figure>\n\n<p>Prokletije <strong>nacionalni parkovi u Crnoj Gori<\/strong>, osnovan 2009. godine, je najmla\u0111i park. Kompletira prirodno bogatstvo Crne Gore sa ostala \u010detiri parka. Planine Prokletije \u010dine ogromnu divljinu na granici sa Albanijom i Kosovom.<\/p>\n\n<p>Ovo podru\u010dje je najvi\u0161i dio Dinarida, \u010desto nazivan &#8216;crnogorske Alpe&#8217;. Posljedi\u010dno, njegov neravni, kameniti teren ostao je rijetko naseljen vijekovima. Ova izolacija o\u010duvala je njegovu netaknutu prirodu. Me\u0111u mnogim izvorima, <a href=\"https:\/\/www.visit-montenegro.com\/me\/destinacije\/plav\/atrakcije\/ali-pasha-springs\/\">Ali-pa\u0161ini izvori<\/a> i Oko Skakavice su najljep\u0161i.<\/p>\n\n<div class=\"wp-block-buttons is-layout-flex wp-block-buttons-is-layout-flex\">\n<div class=\"wp-block-button\"><a class=\"wp-block-button__link wp-element-button\" href=\"https:\/\/www.visit-montenegro.com\/me\/destinacije\/plav\/atrakcije\/prokletije\/\">Pro\u010ditaj vi\u0161e<\/a><\/div>\n<\/div>\n\n<hr class=\"wp-block-separator has-css-opacity\"\/>\n\n<h2 class=\"wp-block-heading\">Lov\u0107en i Skadarsko jezero: Raznoliki pejza\u017ei<\/h2>\n\n<h3 class=\"wp-block-heading\">Nacionalni park Lov\u0107en<\/h3>\n\n<figure class=\"wp-block-image size-large\"><img loading=\"lazy\" decoding=\"async\" width=\"1024\" height=\"633\" src=\"https:\/\/www.visit-montenegro.com\/wp-content\/uploads\/2026\/01\/lovcen-gumno-1024x633.jpg\" alt=\"\" class=\"wp-image-36032\" srcset=\"https:\/\/www.visit-montenegro.com\/wp-content\/uploads\/2026\/01\/lovcen-gumno-1024x633.jpg 1024w, https:\/\/www.visit-montenegro.com\/wp-content\/uploads\/2026\/01\/lovcen-gumno-300x185.jpg 300w, https:\/\/www.visit-montenegro.com\/wp-content\/uploads\/2026\/01\/lovcen-gumno-768x475.jpg 768w, https:\/\/www.visit-montenegro.com\/wp-content\/uploads\/2026\/01\/lovcen-gumno-1536x950.jpg 1536w, https:\/\/www.visit-montenegro.com\/wp-content\/uploads\/2026\/01\/lovcen-gumno-1200x742.jpg 1200w, https:\/\/www.visit-montenegro.com\/wp-content\/uploads\/2026\/01\/lovcen-gumno-scaled.jpg 1600w\" sizes=\"auto, (max-width: 1024px) 100vw, 1024px\" \/><figcaption class=\"wp-element-caption\">Scenski vidikovac je na vrhu visoke planine.<\/figcaption><\/figure>\n\n<p>Lov\u0107en <strong>nacionalni parkovi u Crnoj Gori<\/strong> nalazi se u kamenitim Dinarima. Njegove padine strmo se uzdi\u017eu od Budve i Cetinja. Park grani\u010di sa autoputem Budva-Cetinje na jugu i starim kotorskim putem na sjeveru.<\/p>\n\n<p>Nudi odli\u010dno planinarenje u spektakularnim planinskim pejza\u017eima. Pored toga, pru\u017ea istorijske uvide kroz spomenike poput Mauzoleja Njego\u0161a. Planina Lov\u0107en, &#8220;crna gora&#8221;, daje ime Crnoj Gori.<\/p>\n\n<div class=\"wp-block-buttons is-layout-flex wp-block-buttons-is-layout-flex\">\n<div class=\"wp-block-button\"><a class=\"wp-block-button__link wp-element-button\" href=\"https:\/\/www.visit-montenegro.com\/me\/destinacije\/cetinje\/atrakcije\/lovcen\/\">Pro\u010ditaj vi\u0161e<\/a><\/div>\n<\/div>\n\n<h3 class=\"wp-block-heading\">Nacionalni park Skadarsko jezero<\/h3>\n\n<figure class=\"wp-block-image size-large\"><img loading=\"lazy\" decoding=\"async\" width=\"1024\" height=\"684\" src=\"https:\/\/www.visit-montenegro.com\/wp-content\/uploads\/2026\/01\/lake-skadar-pavlova-strana-1024x684.jpg\" alt=\"\" class=\"wp-image-36132\" srcset=\"https:\/\/www.visit-montenegro.com\/wp-content\/uploads\/2026\/01\/lake-skadar-pavlova-strana-1024x684.jpg 1024w, https:\/\/www.visit-montenegro.com\/wp-content\/uploads\/2026\/01\/lake-skadar-pavlova-strana-300x200.jpg 300w, https:\/\/www.visit-montenegro.com\/wp-content\/uploads\/2026\/01\/lake-skadar-pavlova-strana-768x513.jpg 768w, https:\/\/www.visit-montenegro.com\/wp-content\/uploads\/2026\/01\/lake-skadar-pavlova-strana-1536x1026.jpg 1536w, https:\/\/www.visit-montenegro.com\/wp-content\/uploads\/2026\/01\/lake-skadar-pavlova-strana-1200x801.jpg 1200w, https:\/\/www.visit-montenegro.com\/wp-content\/uploads\/2026\/01\/lake-skadar-pavlova-strana-scaled.jpg 1600w\" sizes=\"auto, (max-width: 1024px) 100vw, 1024px\" \/><figcaption class=\"wp-element-caption\">Kanjon rijeke Crnojevi\u0107a u Nacionalnom parku Skadarsko jezero. Jedan od najpoznatijih pogleda na Crnu Goru. Zelena piramida i zavoj rijeke izme\u0111u planina.<\/figcaption><\/figure>\n\n<p>Skadarsko jezero <strong>nacionalni parkovi u Crnoj Gori<\/strong> je najve\u0107e jezero na Balkanu. To je jedini park kojim dominiraju vodeni i mo\u010dvarni ekosistemi. Jezero u obliku dupina prostire se na Crnu Goru i Albaniju, s ve\u0107im dijelom na crnogorskoj strani.<\/p>\n\n<p>Nudi sve, od planina i ribarskih sela do ostrva i tvr\u0111ava. Zaista, ovaj raznoliki pejza\u017e \u010dini ga jedinstvenom destinacijom.<\/p>\n\n<div class=\"wp-block-buttons is-layout-flex wp-block-buttons-is-layout-flex\">\n<div class=\"wp-block-button\"><a class=\"wp-block-button__link wp-element-button\" href=\"https:\/\/www.visit-montenegro.com\/me\/destinacije\/podgorica\/atrakcije\/skadarsko-jezero\/\">Pro\u010ditaj vi\u0161e<\/a><\/div>\n<\/div>\n\n<p><\/p>\n","protected":false},"excerpt":{"rendered":"<p>Istra\u017eite pet predivnih nacionalnih parkova Crne Gore, od UNESCO-ovog Durmitora sa ledenja\u010dkim jezerima do \u0161umovite Biogradske Gore i divljih Prokletija. Otkrijte raznolike pejza\u017ee savr\u0161ene za planinarenje, rafting i ljubitelje prirode.<\/p>\n","protected":false},"author":1,"featured_media":133938,"parent":133967,"menu_order":0,"comment_status":"closed","ping_status":"closed","template":"","meta":{"_yoast_wpseo_focuskw":"Nacionalni parkovi u Crnoj Gori","_yoast_wpseo_metadesc":"Otkrijte pet nacionalnih parkova Crne Gore: Durmitor, Biogradska Gora, Prokletije, Lov\u0107en i Skadarsko jezero. Istra\u017eite UNESCO lokacije, pra\u0161ume i balkanska jezera.","_kad_post_transparent":"","_kad_post_title":"","_kad_post_layout":"","_kad_post_sidebar_id":"","_kad_post_content_style":"","_kad_post_vertical_padding":"","_kad_post_feature":"","_kad_post_feature_position":"","_kad_post_header":false,"_kad_post_footer":false,"_kad_post_classname":"","iawp_total_views":40,"footnotes":""},"tags":[],"class_list":["post-133937","page","type-page","status-publish","has-post-thumbnail","hentry"],"yoast_head":"<!-- This site is optimized with the Yoast SEO plugin v27.3 - https:\/\/yoast.com\/product\/yoast-seo-wordpress\/ -->\n<title>Nacionalni parkovi u Crnoj Gori - Visit Montenegro<\/title>\n<meta name=\"description\" content=\"Otkrijte pet nacionalnih parkova Crne Gore: Durmitor, Biogradska Gora, Prokletije, Lov\u0107en i Skadarsko jezero. Istra\u017eite UNESCO lokacije, pra\u0161ume i balkanska jezera.\" \/>\n<meta name=\"robots\" content=\"index, follow, max-snippet:-1, max-image-preview:large, max-video-preview:-1\" \/>\n<link rel=\"canonical\" href=\"https:\/\/www.visit-montenegro.com\/me\/turizam\/nacionalni-parkovi\/\" \/>\n<meta property=\"og:locale\" content=\"en_US\" \/>\n<meta property=\"og:type\" content=\"article\" \/>\n<meta property=\"og:title\" content=\"Nacionalni parkovi u Crnoj Gori - Visit Montenegro\" \/>\n<meta property=\"og:description\" content=\"Otkrijte pet nacionalnih parkova Crne Gore: Durmitor, Biogradska Gora, Prokletije, Lov\u0107en i Skadarsko jezero. Istra\u017eite UNESCO lokacije, pra\u0161ume i balkanska jezera.\" \/>\n<meta property=\"og:url\" content=\"https:\/\/www.visit-montenegro.com\/me\/turizam\/nacionalni-parkovi\/\" \/>\n<meta property=\"og:site_name\" content=\"Visit Montenegro\" \/>\n<meta property=\"article:publisher\" content=\"https:\/\/www.facebook.com\/visitmontenegro\" \/>\n<meta property=\"article:modified_time\" content=\"2026-02-22T16:17:58+00:00\" \/>\n<meta property=\"og:image\" content=\"https:\/\/www.visit-montenegro.com\/wp-content\/uploads\/2026\/01\/lake-skadar-couple-bench-scaled.jpg\" \/>\n\t<meta property=\"og:image:width\" content=\"1600\" \/>\n\t<meta property=\"og:image:height\" content=\"1067\" \/>\n\t<meta property=\"og:image:type\" content=\"image\/jpeg\" \/>\n<meta name=\"twitter:card\" content=\"summary_large_image\" \/>\n<meta name=\"twitter:site\" content=\"@visitmontenegro\" \/>\n<meta name=\"twitter:label1\" content=\"Est. reading time\" \/>\n\t<meta name=\"twitter:data1\" content=\"3 minutes\" \/>\n<script type=\"application\/ld+json\" class=\"yoast-schema-graph\">{\"@context\":\"https:\\\/\\\/schema.org\",\"@graph\":[{\"@type\":\"WebPage\",\"@id\":\"https:\\\/\\\/www.visit-montenegro.com\\\/me\\\/turizam\\\/nacionalni-parkovi\\\/\",\"url\":\"https:\\\/\\\/www.visit-montenegro.com\\\/me\\\/turizam\\\/nacionalni-parkovi\\\/\",\"name\":\"Nacionalni parkovi u Crnoj Gori - Visit Montenegro\",\"isPartOf\":{\"@id\":\"https:\\\/\\\/www.visit-montenegro.com\\\/me\\\/#website\"},\"primaryImageOfPage\":{\"@id\":\"https:\\\/\\\/www.visit-montenegro.com\\\/me\\\/turizam\\\/nacionalni-parkovi\\\/#primaryimage\"},\"image\":{\"@id\":\"https:\\\/\\\/www.visit-montenegro.com\\\/me\\\/turizam\\\/nacionalni-parkovi\\\/#primaryimage\"},\"thumbnailUrl\":\"https:\\\/\\\/www.visit-montenegro.com\\\/wp-content\\\/uploads\\\/2026\\\/01\\\/lake-skadar-couple-bench-scaled.jpg\",\"datePublished\":\"2026-01-28T18:56:35+00:00\",\"dateModified\":\"2026-02-22T16:17:58+00:00\",\"description\":\"Otkrijte pet nacionalnih parkova Crne Gore: Durmitor, Biogradska Gora, Prokletije, Lov\u0107en i Skadarsko jezero. Istra\u017eite UNESCO lokacije, pra\u0161ume i balkanska jezera.\",\"breadcrumb\":{\"@id\":\"https:\\\/\\\/www.visit-montenegro.com\\\/me\\\/turizam\\\/nacionalni-parkovi\\\/#breadcrumb\"},\"inLanguage\":\"sr-Latn-ME\",\"potentialAction\":[{\"@type\":\"ReadAction\",\"target\":[\"https:\\\/\\\/www.visit-montenegro.com\\\/me\\\/turizam\\\/nacionalni-parkovi\\\/\"]}]},{\"@type\":\"ImageObject\",\"inLanguage\":\"sr-Latn-ME\",\"@id\":\"https:\\\/\\\/www.visit-montenegro.com\\\/me\\\/turizam\\\/nacionalni-parkovi\\\/#primaryimage\",\"url\":\"https:\\\/\\\/www.visit-montenegro.com\\\/wp-content\\\/uploads\\\/2026\\\/01\\\/lake-skadar-couple-bench-scaled.jpg\",\"contentUrl\":\"https:\\\/\\\/www.visit-montenegro.com\\\/wp-content\\\/uploads\\\/2026\\\/01\\\/lake-skadar-couple-bench-scaled.jpg\",\"width\":1600,\"height\":1067,\"caption\":\"par sjedi na klupi i divi se pogledu na jezero i brda na sun\u010dan dan\"},{\"@type\":\"BreadcrumbList\",\"@id\":\"https:\\\/\\\/www.visit-montenegro.com\\\/me\\\/turizam\\\/nacionalni-parkovi\\\/#breadcrumb\",\"itemListElement\":[{\"@type\":\"ListItem\",\"position\":1,\"name\":\"Home\",\"item\":\"https:\\\/\\\/www.visit-montenegro.com\\\/me\\\/pocetna\\\/\"},{\"@type\":\"ListItem\",\"position\":2,\"name\":\"Turizam u Crnoj Gori\",\"item\":\"https:\\\/\\\/www.visit-montenegro.com\\\/me\\\/turizam\\\/\"},{\"@type\":\"ListItem\",\"position\":3,\"name\":\"Nacionalni parkovi u Crnoj Gori\"}]},{\"@type\":\"WebSite\",\"@id\":\"https:\\\/\\\/www.visit-montenegro.com\\\/me\\\/#website\",\"url\":\"https:\\\/\\\/www.visit-montenegro.com\\\/me\\\/\",\"name\":\"Visit Montenegro\",\"description\":\"Breathtaking beauty\",\"publisher\":{\"@id\":\"https:\\\/\\\/www.visit-montenegro.com\\\/me\\\/#organization\"},\"potentialAction\":[{\"@type\":\"SearchAction\",\"target\":{\"@type\":\"EntryPoint\",\"urlTemplate\":\"https:\\\/\\\/www.visit-montenegro.com\\\/me\\\/?s={search_term_string}\"},\"query-input\":{\"@type\":\"PropertyValueSpecification\",\"valueRequired\":true,\"valueName\":\"search_term_string\"}}],\"inLanguage\":\"sr-Latn-ME\"},{\"@type\":\"Organization\",\"@id\":\"https:\\\/\\\/www.visit-montenegro.com\\\/me\\\/#organization\",\"name\":\"Visit Montenegro\",\"url\":\"https:\\\/\\\/www.visit-montenegro.com\\\/me\\\/\",\"logo\":{\"@type\":\"ImageObject\",\"inLanguage\":\"sr-Latn-ME\",\"@id\":\"https:\\\/\\\/www.visit-montenegro.com\\\/me\\\/#\\\/schema\\\/logo\\\/image\\\/\",\"url\":\"https:\\\/\\\/www.visit-montenegro.com\\\/wp-content\\\/uploads\\\/2017\\\/10\\\/logo-amp.png\",\"contentUrl\":\"https:\\\/\\\/www.visit-montenegro.com\\\/wp-content\\\/uploads\\\/2017\\\/10\\\/logo-amp.png\",\"width\":190,\"height\":36,\"caption\":\"Visit Montenegro\"},\"image\":{\"@id\":\"https:\\\/\\\/www.visit-montenegro.com\\\/me\\\/#\\\/schema\\\/logo\\\/image\\\/\"},\"sameAs\":[\"https:\\\/\\\/www.facebook.com\\\/visitmontenegro\",\"https:\\\/\\\/x.com\\\/visitmontenegro\",\"https:\\\/\\\/www.instagram.com\\\/visit_montenegro\\\/\",\"https:\\\/\\\/www.youtube.com\\\/user\\\/VisitMontenegro\"]}]}<\/script>\n<!-- \/ Yoast SEO plugin. -->","yoast_head_json":{"title":"Nacionalni parkovi u Crnoj Gori - Visit Montenegro","description":"Otkrijte pet nacionalnih parkova Crne Gore: Durmitor, Biogradska Gora, Prokletije, Lov\u0107en i Skadarsko jezero. Istra\u017eite UNESCO lokacije, pra\u0161ume i balkanska jezera.","robots":{"index":"index","follow":"follow","max-snippet":"max-snippet:-1","max-image-preview":"max-image-preview:large","max-video-preview":"max-video-preview:-1"},"canonical":"https:\/\/www.visit-montenegro.com\/me\/turizam\/nacionalni-parkovi\/","og_locale":"en_US","og_type":"article","og_title":"Nacionalni parkovi u Crnoj Gori - Visit Montenegro","og_description":"Otkrijte pet nacionalnih parkova Crne Gore: Durmitor, Biogradska Gora, Prokletije, Lov\u0107en i Skadarsko jezero. Istra\u017eite UNESCO lokacije, pra\u0161ume i balkanska jezera.","og_url":"https:\/\/www.visit-montenegro.com\/me\/turizam\/nacionalni-parkovi\/","og_site_name":"Visit Montenegro","article_publisher":"https:\/\/www.facebook.com\/visitmontenegro","article_modified_time":"2026-02-22T16:17:58+00:00","og_image":[{"width":1600,"height":1067,"url":"https:\/\/www.visit-montenegro.com\/wp-content\/uploads\/2026\/01\/lake-skadar-couple-bench-scaled.jpg","type":"image\/jpeg"}],"twitter_card":"summary_large_image","twitter_site":"@visitmontenegro","twitter_misc":{"Est. reading time":"3 minutes"},"schema":{"@context":"https:\/\/schema.org","@graph":[{"@type":"WebPage","@id":"https:\/\/www.visit-montenegro.com\/me\/turizam\/nacionalni-parkovi\/","url":"https:\/\/www.visit-montenegro.com\/me\/turizam\/nacionalni-parkovi\/","name":"Nacionalni parkovi u Crnoj Gori - Visit Montenegro","isPartOf":{"@id":"https:\/\/www.visit-montenegro.com\/me\/#website"},"primaryImageOfPage":{"@id":"https:\/\/www.visit-montenegro.com\/me\/turizam\/nacionalni-parkovi\/#primaryimage"},"image":{"@id":"https:\/\/www.visit-montenegro.com\/me\/turizam\/nacionalni-parkovi\/#primaryimage"},"thumbnailUrl":"https:\/\/www.visit-montenegro.com\/wp-content\/uploads\/2026\/01\/lake-skadar-couple-bench-scaled.jpg","datePublished":"2026-01-28T18:56:35+00:00","dateModified":"2026-02-22T16:17:58+00:00","description":"Otkrijte pet nacionalnih parkova Crne Gore: Durmitor, Biogradska Gora, Prokletije, Lov\u0107en i Skadarsko jezero. Istra\u017eite UNESCO lokacije, pra\u0161ume i balkanska jezera.","breadcrumb":{"@id":"https:\/\/www.visit-montenegro.com\/me\/turizam\/nacionalni-parkovi\/#breadcrumb"},"inLanguage":"sr-Latn-ME","potentialAction":[{"@type":"ReadAction","target":["https:\/\/www.visit-montenegro.com\/me\/turizam\/nacionalni-parkovi\/"]}]},{"@type":"ImageObject","inLanguage":"sr-Latn-ME","@id":"https:\/\/www.visit-montenegro.com\/me\/turizam\/nacionalni-parkovi\/#primaryimage","url":"https:\/\/www.visit-montenegro.com\/wp-content\/uploads\/2026\/01\/lake-skadar-couple-bench-scaled.jpg","contentUrl":"https:\/\/www.visit-montenegro.com\/wp-content\/uploads\/2026\/01\/lake-skadar-couple-bench-scaled.jpg","width":1600,"height":1067,"caption":"par sjedi na klupi i divi se pogledu na jezero i brda na sun\u010dan dan"},{"@type":"BreadcrumbList","@id":"https:\/\/www.visit-montenegro.com\/me\/turizam\/nacionalni-parkovi\/#breadcrumb","itemListElement":[{"@type":"ListItem","position":1,"name":"Home","item":"https:\/\/www.visit-montenegro.com\/me\/pocetna\/"},{"@type":"ListItem","position":2,"name":"Turizam u Crnoj Gori","item":"https:\/\/www.visit-montenegro.com\/me\/turizam\/"},{"@type":"ListItem","position":3,"name":"Nacionalni parkovi u Crnoj Gori"}]},{"@type":"WebSite","@id":"https:\/\/www.visit-montenegro.com\/me\/#website","url":"https:\/\/www.visit-montenegro.com\/me\/","name":"Visit Montenegro","description":"Breathtaking beauty","publisher":{"@id":"https:\/\/www.visit-montenegro.com\/me\/#organization"},"potentialAction":[{"@type":"SearchAction","target":{"@type":"EntryPoint","urlTemplate":"https:\/\/www.visit-montenegro.com\/me\/?s={search_term_string}"},"query-input":{"@type":"PropertyValueSpecification","valueRequired":true,"valueName":"search_term_string"}}],"inLanguage":"sr-Latn-ME"},{"@type":"Organization","@id":"https:\/\/www.visit-montenegro.com\/me\/#organization","name":"Visit Montenegro","url":"https:\/\/www.visit-montenegro.com\/me\/","logo":{"@type":"ImageObject","inLanguage":"sr-Latn-ME","@id":"https:\/\/www.visit-montenegro.com\/me\/#\/schema\/logo\/image\/","url":"https:\/\/www.visit-montenegro.com\/wp-content\/uploads\/2017\/10\/logo-amp.png","contentUrl":"https:\/\/www.visit-montenegro.com\/wp-content\/uploads\/2017\/10\/logo-amp.png","width":190,"height":36,"caption":"Visit Montenegro"},"image":{"@id":"https:\/\/www.visit-montenegro.com\/me\/#\/schema\/logo\/image\/"},"sameAs":["https:\/\/www.facebook.com\/visitmontenegro","https:\/\/x.com\/visitmontenegro","https:\/\/www.instagram.com\/visit_montenegro\/","https:\/\/www.youtube.com\/user\/VisitMontenegro"]}]}},"translations":[],"_links":{"self":[{"href":"https:\/\/www.visit-montenegro.com\/me\/wp-json\/wp\/v2\/pages\/133937","targetHints":{"allow":["GET"]}}],"collection":[{"href":"https:\/\/www.visit-montenegro.com\/me\/wp-json\/wp\/v2\/pages"}],"about":[{"href":"https:\/\/www.visit-montenegro.com\/me\/wp-json\/wp\/v2\/types\/page"}],"author":[{"embeddable":true,"href":"https:\/\/www.visit-montenegro.com\/me\/wp-json\/wp\/v2\/users\/1"}],"replies":[{"embeddable":true,"href":"https:\/\/www.visit-montenegro.com\/me\/wp-json\/wp\/v2\/comments?post=133937"}],"version-history":[{"count":0,"href":"https:\/\/www.visit-montenegro.com\/me\/wp-json\/wp\/v2\/pages\/133937\/revisions"}],"up":[{"embeddable":true,"href":"https:\/\/www.visit-montenegro.com\/me\/wp-json\/wp\/v2\/pages\/133967"}],"wp:featuredmedia":[{"embeddable":true,"href":"https:\/\/www.visit-montenegro.com\/me\/wp-json\/wp\/v2\/media\/133938"}],"wp:attachment":[{"href":"https:\/\/www.visit-montenegro.com\/me\/wp-json\/wp\/v2\/media?parent=133937"}],"wp:term":[{"taxonomy":"post_tag","embeddable":true,"href":"https:\/\/www.visit-montenegro.com\/me\/wp-json\/wp\/v2\/tags?post=133937"}],"curies":[{"name":"wp","href":"https:\/\/api.w.org\/{rel}","templated":true}]}}