{"id":133967,"date":"2026-01-28T19:31:11","date_gmt":"2026-01-28T18:31:11","guid":{"rendered":"https:\/\/new.visit-montenegro.com\/turizam\/"},"modified":"2026-02-22T17:18:00","modified_gmt":"2026-02-22T16:18:00","slug":"turizam","status":"publish","type":"page","link":"https:\/\/www.visit-montenegro.com\/me\/turizam\/","title":{"rendered":"Turizam u Crnoj Gori"},"content":{"rendered":"\n<p>Crna Gora je balkanska zemlja poznata po svojoj zadivljuju\u0107oj prirodnoj ljepoti, od veli\u010danstvenih planina do netaknutih obala, nude\u0107i raznolike <strong>turisti\u010dke<\/strong> iskustva za traga\u010de avantura i ljubitelje kulture.<\/p>\n\n<hr class=\"wp-block-separator has-alpha-channel-opacity\"\/>\n\n<h2 class=\"wp-block-heading\">Istra\u017eivanje prirodnih \u010duda Crne Gore<\/h2>\n\n<p>Crna Gora ima pet nacionalnih parkova, koji \u0161tite sve od klisura i vrhova do rijeka i jezera. Ovi parkovi su idealni za avanture na otvorenom, nude\u0107i zadivljuju\u0107e pejza\u017ee koji defini\u0161u <strong>turisti\u010dku<\/strong> privla\u010dnost zemlje. Posjetioci se mogu uroniti u guste \u0161ume i planinske terene, pobolj\u0161avaju\u0107i svoje putni\u010dko iskustvo.<\/p>\n\n<p>Zaista, ime Crna Gora zna\u010di &#8220;crna planina&#8221;, odra\u017eavaju\u0107i njen neravan, \u0161umoviti vrh. Ovo prirodno okru\u017eenje pru\u017ea savr\u0161enu pozadinu za planinarenje, posmatranje divljih \u017eivotinja i panoramske poglede, \u010dine\u0107i je vrhunskom destinacijom za prirodni <strong>turizam<\/strong>.<\/p>\n\n<h2 class=\"wp-block-heading\">Prakti\u010dne informacije za putovanje<\/h2>\n\n<p>Za one koji planiraju putovanje, osnovni detalji o putovanju u Crnu Goru uklju\u010duju viznu politiku i uvide u klimu. Ovaj vodi\u010d nudi klju\u010dne \u010dinjenice i savjete kako biste osigurali bezbri\u017eno putovanje, podr\u017eavaju\u0107i rast <strong>turizma<\/strong> u ovom balkanskom dragulju.<\/p>\n\n<p>\u0160tavi\u0161e, ambasade i konzulati Crne Gore \u0161irom svijeta pru\u017eaju informacije o vizama za odre\u0111ene zemlje. Posjetioci bi trebali provjeriti stranicu o viznom re\u017eimu Crne Gore za detalje, olak\u0161avaju\u0107i pristup za me\u0111unarodni <strong>turizam<\/strong>.<\/p>\n\n<h2 class=\"wp-block-heading\">Geografski kontekst<\/h2>\n\n<p>Crna Gora nije u Latinskoj Americi ili blizu Rusije, uprkos uobi\u010dajenim zabludama. Njen slavenski akcenat, sli\u010dan Melaniji Tramp, nagovje\u0161tava njen balkanski polo\u017eaj. Ova jasno\u0107a poma\u017ee putnicima da bolje razumiju i planiraju svoje <strong>turisti\u010dke<\/strong> aktivnosti u regionu.<\/p>\n\n<h2 class=\"wp-block-heading\">Povezani sadr\u017eaj<\/h2>\n\n<div class=\"wp-block-query is-layout-flow wp-block-query-is-layout-flow\"><ul class=\"wp-block-post-template is-layout-flow wp-block-post-template-is-layout-flow\"><li class=\"wp-block-post post-133937 page type-page status-publish has-post-thumbnail hentry\">\n\n<div class=\"wp-block-columns are-vertically-aligned-center is-layout-flex wp-container-core-columns-is-layout-9d6595d7 wp-block-columns-is-layout-flex\">\n<div class=\"wp-block-column is-vertically-aligned-center is-layout-flow wp-block-column-is-layout-flow\" style=\"flex-basis:25%\"><figure class=\"wp-block-post-featured-image\"><a href=\"https:\/\/www.visit-montenegro.com\/me\/turizam\/nacionalni-parkovi\/\" target=\"_self\"  ><img loading=\"lazy\" decoding=\"async\" width=\"1200\" height=\"800\" src=\"https:\/\/www.visit-montenegro.com\/wp-content\/uploads\/2026\/01\/lake-skadar-couple-bench-1200x800.jpg\" class=\"attachment-post-thumbnail size-post-thumbnail wp-post-image\" alt=\"Nacionalni parkovi u Crnoj Gori\" style=\"object-fit:cover;\" srcset=\"https:\/\/www.visit-montenegro.com\/wp-content\/uploads\/2026\/01\/lake-skadar-couple-bench-1200x800.jpg 1200w, https:\/\/www.visit-montenegro.com\/wp-content\/uploads\/2026\/01\/lake-skadar-couple-bench-300x200.jpg 300w, https:\/\/www.visit-montenegro.com\/wp-content\/uploads\/2026\/01\/lake-skadar-couple-bench-1024x683.jpg 1024w, https:\/\/www.visit-montenegro.com\/wp-content\/uploads\/2026\/01\/lake-skadar-couple-bench-768x512.jpg 768w, https:\/\/www.visit-montenegro.com\/wp-content\/uploads\/2026\/01\/lake-skadar-couple-bench-1536x1024.jpg 1536w, https:\/\/www.visit-montenegro.com\/wp-content\/uploads\/2026\/01\/lake-skadar-couple-bench-scaled.jpg 1600w\" sizes=\"auto, (max-width: 1200px) 100vw, 1200px\" \/><\/a><\/figure><\/div>\n\n\n\n<div class=\"wp-block-column is-vertically-aligned-center is-layout-flow wp-block-column-is-layout-flow\" style=\"flex-basis:75%\"><h2 class=\"wp-block-post-title\"><a href=\"https:\/\/www.visit-montenegro.com\/me\/turizam\/nacionalni-parkovi\/\" target=\"_self\" >Nacionalni parkovi u Crnoj Gori<\/a><\/h2>\n\n<div class=\"wp-block-post-excerpt\"><p class=\"wp-block-post-excerpt__excerpt\">Istra\u017eite pet predivnih nacionalnih parkova Crne Gore, od UNESCO-ovog Durmitora sa ledenja\u010dkim jezerima do \u0161umovite Biogradske Gore i divljih Prokletija. Otkrijte raznolike pejza\u017ee savr\u0161ene za planinarenje, rafting i ljubitelje prirode.<\/p><p class=\"wp-block-post-excerpt__more-text\"><a class=\"wp-block-post-excerpt__more-link\" href=\"https:\/\/www.visit-montenegro.com\/me\/turizam\/nacionalni-parkovi\/\">Pro\u010ditajte vi\u0161e<\/a><\/p><\/div><\/div>\n<\/div>\n\n<\/li><li class=\"wp-block-post post-134454 page type-page status-publish has-post-thumbnail hentry\">\n\n<div class=\"wp-block-columns are-vertically-aligned-center is-layout-flex wp-container-core-columns-is-layout-9d6595d7 wp-block-columns-is-layout-flex\">\n<div class=\"wp-block-column is-vertically-aligned-center is-layout-flow wp-block-column-is-layout-flow\" style=\"flex-basis:25%\"><figure class=\"wp-block-post-featured-image\"><a href=\"https:\/\/www.visit-montenegro.com\/me\/turizam\/vizne-informacije-i-ambasada-crne-gore\/\" target=\"_self\"  ><img loading=\"lazy\" decoding=\"async\" width=\"1600\" height=\"800\" src=\"https:\/\/www.visit-montenegro.com\/wp-content\/uploads\/2026\/02\/montenegro-flag.png\" class=\"attachment-post-thumbnail size-post-thumbnail wp-post-image\" alt=\"Ambasade i Konzulati Crne Gore\" style=\"object-fit:cover;\" srcset=\"https:\/\/www.visit-montenegro.com\/wp-content\/uploads\/2026\/02\/montenegro-flag.png 1600w, https:\/\/www.visit-montenegro.com\/wp-content\/uploads\/2026\/02\/montenegro-flag-300x150.png 300w, https:\/\/www.visit-montenegro.com\/wp-content\/uploads\/2026\/02\/montenegro-flag-1024x512.png 1024w, https:\/\/www.visit-montenegro.com\/wp-content\/uploads\/2026\/02\/montenegro-flag-768x384.png 768w, https:\/\/www.visit-montenegro.com\/wp-content\/uploads\/2026\/02\/montenegro-flag-1536x768.png 1536w\" sizes=\"auto, (max-width: 1600px) 100vw, 1600px\" \/><\/a><\/figure><\/div>\n\n\n\n<div class=\"wp-block-column is-vertically-aligned-center is-layout-flow wp-block-column-is-layout-flow\" style=\"flex-basis:75%\"><h2 class=\"wp-block-post-title\"><a href=\"https:\/\/www.visit-montenegro.com\/me\/turizam\/vizne-informacije-i-ambasada-crne-gore\/\" target=\"_self\" >Ambasade i Konzulati Crne Gore<\/a><\/h2>\n\n<div class=\"wp-block-post-excerpt\"><p class=\"wp-block-post-excerpt__excerpt\">Planirate putovanje u Crnu Goru ili vam je potrebna konzularna pomo\u0107 u inostranstvu? Ovaj sveobuhvatni direktorijum navodi sve ambasade, konzulate i diplomatske misije Crne Gore \u0161irom svijeta. Bilo da ste turist koji tra\u017ei informacije o vizama, dr\u017eavljanin Crne Gore kojem je potrebna hitna podr\u0161ka, ili poslovni partner koji \u017eeli da se pove\u017ee, pronala\u017eenje odgovaraju\u0107e diplomatske<\/p><p class=\"wp-block-post-excerpt__more-text\"><a class=\"wp-block-post-excerpt__more-link\" href=\"https:\/\/www.visit-montenegro.com\/me\/turizam\/vizne-informacije-i-ambasada-crne-gore\/\">Pro\u010ditajte vi\u0161e<\/a><\/p><\/div><\/div>\n<\/div>\n\n<\/li><li class=\"wp-block-post post-134461 page type-page status-publish has-post-thumbnail hentry\">\n\n<div class=\"wp-block-columns are-vertically-aligned-center is-layout-flex wp-container-core-columns-is-layout-9d6595d7 wp-block-columns-is-layout-flex\">\n<div class=\"wp-block-column is-vertically-aligned-center is-layout-flow wp-block-column-is-layout-flow\" style=\"flex-basis:25%\"><figure class=\"wp-block-post-featured-image\"><a href=\"https:\/\/www.visit-montenegro.com\/me\/turizam\/tourism-main-information\/\" target=\"_self\"  ><img loading=\"lazy\" decoding=\"async\" width=\"1200\" height=\"800\" src=\"https:\/\/www.visit-montenegro.com\/wp-content\/uploads\/2026\/01\/crno-jezero-1-1200x800.jpg\" class=\"attachment-post-thumbnail size-post-thumbnail wp-post-image\" alt=\"Korisne informacije za putovanje\" style=\"object-fit:cover;\" srcset=\"https:\/\/www.visit-montenegro.com\/wp-content\/uploads\/2026\/01\/crno-jezero-1-1200x800.jpg 1200w, https:\/\/www.visit-montenegro.com\/wp-content\/uploads\/2026\/01\/crno-jezero-1-300x200.jpg 300w, https:\/\/www.visit-montenegro.com\/wp-content\/uploads\/2026\/01\/crno-jezero-1-1024x683.jpg 1024w, https:\/\/www.visit-montenegro.com\/wp-content\/uploads\/2026\/01\/crno-jezero-1-768x512.jpg 768w, https:\/\/www.visit-montenegro.com\/wp-content\/uploads\/2026\/01\/crno-jezero-1-1536x1024.jpg 1536w, https:\/\/www.visit-montenegro.com\/wp-content\/uploads\/2026\/01\/crno-jezero-1-scaled.jpg 1600w\" sizes=\"auto, (max-width: 1200px) 100vw, 1200px\" \/><\/a><\/figure><\/div>\n\n\n\n<div class=\"wp-block-column is-vertically-aligned-center is-layout-flow wp-block-column-is-layout-flow\" style=\"flex-basis:75%\"><h2 class=\"wp-block-post-title\"><a href=\"https:\/\/www.visit-montenegro.com\/me\/turizam\/tourism-main-information\/\" target=\"_self\" >Korisne informacije za putovanje<\/a><\/h2>\n\n<div class=\"wp-block-post-excerpt\"><p class=\"wp-block-post-excerpt__excerpt\">Otkrijte osnovne informacije za putovanje u Crnu Goru, od vize i valute do uvida u klimu i znamenitosti koje morate vidjeti. Planirajte svoje putovanje s ovim sveobuhvatnim vodi\u010dem kako biste maksimalno iskoristili svoju balkansku avanturu.<\/p><p class=\"wp-block-post-excerpt__more-text\"><a class=\"wp-block-post-excerpt__more-link\" href=\"https:\/\/www.visit-montenegro.com\/me\/turizam\/tourism-main-information\/\">Pro\u010ditajte vi\u0161e<\/a><\/p><\/div><\/div>\n<\/div>\n\n<\/li><li class=\"wp-block-post post-134464 page type-page status-publish has-post-thumbnail hentry\">\n\n<div class=\"wp-block-columns are-vertically-aligned-center is-layout-flex wp-container-core-columns-is-layout-9d6595d7 wp-block-columns-is-layout-flex\">\n<div class=\"wp-block-column is-vertically-aligned-center is-layout-flow wp-block-column-is-layout-flow\" style=\"flex-basis:25%\"><figure class=\"wp-block-post-featured-image\"><a href=\"https:\/\/www.visit-montenegro.com\/me\/turizam\/gdje-je-crna-gora\/\" target=\"_self\"  ><img loading=\"lazy\" decoding=\"async\" width=\"1200\" height=\"779\" src=\"https:\/\/www.visit-montenegro.com\/wp-content\/uploads\/2026\/01\/montenegro-sign-1200x779.jpg\" class=\"attachment-post-thumbnail size-post-thumbnail wp-post-image\" alt=\"Gdje je Crna Gora?\" style=\"object-fit:cover;\" srcset=\"https:\/\/www.visit-montenegro.com\/wp-content\/uploads\/2026\/01\/montenegro-sign-1200x779.jpg 1200w, https:\/\/www.visit-montenegro.com\/wp-content\/uploads\/2026\/01\/montenegro-sign-300x195.jpg 300w, https:\/\/www.visit-montenegro.com\/wp-content\/uploads\/2026\/01\/montenegro-sign-1024x665.jpg 1024w, https:\/\/www.visit-montenegro.com\/wp-content\/uploads\/2026\/01\/montenegro-sign-768x498.jpg 768w, https:\/\/www.visit-montenegro.com\/wp-content\/uploads\/2026\/01\/montenegro-sign-1536x997.jpg 1536w, https:\/\/www.visit-montenegro.com\/wp-content\/uploads\/2026\/01\/montenegro-sign-scaled.jpg 1600w\" sizes=\"auto, (max-width: 1200px) 100vw, 1200px\" \/><\/a><\/figure><\/div>\n\n\n\n<div class=\"wp-block-column is-vertically-aligned-center is-layout-flow wp-block-column-is-layout-flow\" style=\"flex-basis:75%\"><h2 class=\"wp-block-post-title\"><a href=\"https:\/\/www.visit-montenegro.com\/me\/turizam\/gdje-je-crna-gora\/\" target=\"_self\" >Gdje je Crna Gora?<\/a><\/h2>\n\n<div class=\"wp-block-post-excerpt\"><p class=\"wp-block-post-excerpt__excerpt\">Otkrijte Crnu Goru, mali evropski dragulj na Jadranskom moru. Od planinskih pejza\u017ea do mediteranskog \u0161arma, nudi raznovrsna iskustva poput kupanja i planinarenja u jednom danu. Saznajte o njenim jedinstvenim karakteristikama i gostoljubivoj kulturi.<\/p><p class=\"wp-block-post-excerpt__more-text\"><a class=\"wp-block-post-excerpt__more-link\" href=\"https:\/\/www.visit-montenegro.com\/me\/turizam\/gdje-je-crna-gora\/\">Pro\u010ditajte vi\u0161e<\/a><\/p><\/div><\/div>\n<\/div>\n\n<\/li><\/ul><\/div>\n\n<p><\/p>\n","protected":false},"excerpt":{"rendered":"<p>Otkrijte zadivljuju\u0107e pejza\u017ee Crne Gore i prakti\u010dne savjete za putovanje. Ovaj vodi\u010d pokriva nacionalne parkove, informacije o vizama i vi\u0161e kako biste planirali nezaboravno putovanje u ovom balkanskom dragulju.<\/p>\n","protected":false},"author":1,"featured_media":133968,"parent":0,"menu_order":0,"comment_status":"closed","ping_status":"closed","template":"","meta":{"_yoast_wpseo_focuskw":"Turizam","_yoast_wpseo_metadesc":"Istra\u017eite prirodnu ljepotu Crne Gore i osnovne informacije za putovanje. Planirajte savr\u0161eno putovanje sa savjetima o nacionalnim parkovima, vizama i vi\u0161e u ovom sveobuhvatnom vodi\u010du.","_kad_post_transparent":"","_kad_post_title":"","_kad_post_layout":"","_kad_post_sidebar_id":"","_kad_post_content_style":"","_kad_post_vertical_padding":"","_kad_post_feature":"","_kad_post_feature_position":"","_kad_post_header":false,"_kad_post_footer":false,"_kad_post_classname":"","iawp_total_views":11,"footnotes":""},"tags":[],"class_list":["post-133967","page","type-page","status-publish","has-post-thumbnail","hentry"],"yoast_head":"<!-- This site is optimized with the Yoast SEO plugin v27.3 - https:\/\/yoast.com\/product\/yoast-seo-wordpress\/ -->\n<title>Turizam u Crnoj Gori - Visit Montenegro<\/title>\n<meta name=\"description\" content=\"Istra\u017eite prirodnu ljepotu Crne Gore i osnovne informacije za putovanje. Planirajte savr\u0161eno putovanje sa savjetima o nacionalnim parkovima, vizama i vi\u0161e u ovom sveobuhvatnom vodi\u010du.\" \/>\n<meta name=\"robots\" content=\"index, follow, max-snippet:-1, max-image-preview:large, max-video-preview:-1\" \/>\n<link rel=\"canonical\" href=\"https:\/\/www.visit-montenegro.com\/me\/turizam\/\" \/>\n<meta property=\"og:locale\" content=\"en_US\" \/>\n<meta property=\"og:type\" content=\"article\" \/>\n<meta property=\"og:title\" content=\"Turizam u Crnoj Gori - Visit Montenegro\" \/>\n<meta property=\"og:description\" content=\"Istra\u017eite prirodnu ljepotu Crne Gore i osnovne informacije za putovanje. Planirajte savr\u0161eno putovanje sa savjetima o nacionalnim parkovima, vizama i vi\u0161e u ovom sveobuhvatnom vodi\u010du.\" \/>\n<meta property=\"og:url\" content=\"https:\/\/www.visit-montenegro.com\/me\/turizam\/\" \/>\n<meta property=\"og:site_name\" content=\"Visit Montenegro\" \/>\n<meta property=\"article:publisher\" content=\"https:\/\/www.facebook.com\/visitmontenegro\" \/>\n<meta property=\"article:modified_time\" content=\"2026-02-22T16:18:00+00:00\" \/>\n<meta property=\"og:image\" content=\"https:\/\/www.visit-montenegro.com\/wp-content\/uploads\/2026\/01\/montenegro-beach-scaled.jpg\" \/>\n\t<meta property=\"og:image:width\" content=\"1600\" \/>\n\t<meta property=\"og:image:height\" content=\"1067\" \/>\n\t<meta property=\"og:image:type\" content=\"image\/jpeg\" \/>\n<meta name=\"twitter:card\" content=\"summary_large_image\" \/>\n<meta name=\"twitter:site\" content=\"@visitmontenegro\" \/>\n<meta name=\"twitter:label1\" content=\"Est. reading time\" \/>\n\t<meta name=\"twitter:data1\" content=\"1 minute\" \/>\n<script type=\"application\/ld+json\" class=\"yoast-schema-graph\">{\"@context\":\"https:\\\/\\\/schema.org\",\"@graph\":[{\"@type\":\"WebPage\",\"@id\":\"https:\\\/\\\/www.visit-montenegro.com\\\/me\\\/turizam\\\/\",\"url\":\"https:\\\/\\\/www.visit-montenegro.com\\\/me\\\/turizam\\\/\",\"name\":\"Turizam u Crnoj Gori - Visit Montenegro\",\"isPartOf\":{\"@id\":\"https:\\\/\\\/www.visit-montenegro.com\\\/me\\\/#website\"},\"primaryImageOfPage\":{\"@id\":\"https:\\\/\\\/www.visit-montenegro.com\\\/me\\\/turizam\\\/#primaryimage\"},\"image\":{\"@id\":\"https:\\\/\\\/www.visit-montenegro.com\\\/me\\\/turizam\\\/#primaryimage\"},\"thumbnailUrl\":\"https:\\\/\\\/www.visit-montenegro.com\\\/wp-content\\\/uploads\\\/2026\\\/01\\\/montenegro-beach-scaled.jpg\",\"datePublished\":\"2026-01-28T18:31:11+00:00\",\"dateModified\":\"2026-02-22T16:18:00+00:00\",\"description\":\"Istra\u017eite prirodnu ljepotu Crne Gore i osnovne informacije za putovanje. Planirajte savr\u0161eno putovanje sa savjetima o nacionalnim parkovima, vizama i vi\u0161e u ovom sveobuhvatnom vodi\u010du.\",\"breadcrumb\":{\"@id\":\"https:\\\/\\\/www.visit-montenegro.com\\\/me\\\/turizam\\\/#breadcrumb\"},\"inLanguage\":\"sr-Latn-ME\",\"potentialAction\":[{\"@type\":\"ReadAction\",\"target\":[\"https:\\\/\\\/www.visit-montenegro.com\\\/me\\\/turizam\\\/\"]}]},{\"@type\":\"ImageObject\",\"inLanguage\":\"sr-Latn-ME\",\"@id\":\"https:\\\/\\\/www.visit-montenegro.com\\\/me\\\/turizam\\\/#primaryimage\",\"url\":\"https:\\\/\\\/www.visit-montenegro.com\\\/wp-content\\\/uploads\\\/2026\\\/01\\\/montenegro-beach-scaled.jpg\",\"contentUrl\":\"https:\\\/\\\/www.visit-montenegro.com\\\/wp-content\\\/uploads\\\/2026\\\/01\\\/montenegro-beach-scaled.jpg\",\"width\":1600,\"height\":1067,\"caption\":\"pla\u017ea pijesak ljeto natpis na pijesku\"},{\"@type\":\"BreadcrumbList\",\"@id\":\"https:\\\/\\\/www.visit-montenegro.com\\\/me\\\/turizam\\\/#breadcrumb\",\"itemListElement\":[{\"@type\":\"ListItem\",\"position\":1,\"name\":\"Home\",\"item\":\"https:\\\/\\\/www.visit-montenegro.com\\\/me\\\/pocetna\\\/\"},{\"@type\":\"ListItem\",\"position\":2,\"name\":\"Turizam u Crnoj Gori\"}]},{\"@type\":\"WebSite\",\"@id\":\"https:\\\/\\\/www.visit-montenegro.com\\\/me\\\/#website\",\"url\":\"https:\\\/\\\/www.visit-montenegro.com\\\/me\\\/\",\"name\":\"Visit Montenegro\",\"description\":\"Breathtaking beauty\",\"publisher\":{\"@id\":\"https:\\\/\\\/www.visit-montenegro.com\\\/me\\\/#organization\"},\"potentialAction\":[{\"@type\":\"SearchAction\",\"target\":{\"@type\":\"EntryPoint\",\"urlTemplate\":\"https:\\\/\\\/www.visit-montenegro.com\\\/me\\\/?s={search_term_string}\"},\"query-input\":{\"@type\":\"PropertyValueSpecification\",\"valueRequired\":true,\"valueName\":\"search_term_string\"}}],\"inLanguage\":\"sr-Latn-ME\"},{\"@type\":\"Organization\",\"@id\":\"https:\\\/\\\/www.visit-montenegro.com\\\/me\\\/#organization\",\"name\":\"Visit Montenegro\",\"url\":\"https:\\\/\\\/www.visit-montenegro.com\\\/me\\\/\",\"logo\":{\"@type\":\"ImageObject\",\"inLanguage\":\"sr-Latn-ME\",\"@id\":\"https:\\\/\\\/www.visit-montenegro.com\\\/me\\\/#\\\/schema\\\/logo\\\/image\\\/\",\"url\":\"https:\\\/\\\/www.visit-montenegro.com\\\/wp-content\\\/uploads\\\/2017\\\/10\\\/logo-amp.png\",\"contentUrl\":\"https:\\\/\\\/www.visit-montenegro.com\\\/wp-content\\\/uploads\\\/2017\\\/10\\\/logo-amp.png\",\"width\":190,\"height\":36,\"caption\":\"Visit Montenegro\"},\"image\":{\"@id\":\"https:\\\/\\\/www.visit-montenegro.com\\\/me\\\/#\\\/schema\\\/logo\\\/image\\\/\"},\"sameAs\":[\"https:\\\/\\\/www.facebook.com\\\/visitmontenegro\",\"https:\\\/\\\/x.com\\\/visitmontenegro\",\"https:\\\/\\\/www.instagram.com\\\/visit_montenegro\\\/\",\"https:\\\/\\\/www.youtube.com\\\/user\\\/VisitMontenegro\"]}]}<\/script>\n<!-- \/ Yoast SEO plugin. -->","yoast_head_json":{"title":"Turizam u Crnoj Gori - Visit Montenegro","description":"Istra\u017eite prirodnu ljepotu Crne Gore i osnovne informacije za putovanje. Planirajte savr\u0161eno putovanje sa savjetima o nacionalnim parkovima, vizama i vi\u0161e u ovom sveobuhvatnom vodi\u010du.","robots":{"index":"index","follow":"follow","max-snippet":"max-snippet:-1","max-image-preview":"max-image-preview:large","max-video-preview":"max-video-preview:-1"},"canonical":"https:\/\/www.visit-montenegro.com\/me\/turizam\/","og_locale":"en_US","og_type":"article","og_title":"Turizam u Crnoj Gori - Visit Montenegro","og_description":"Istra\u017eite prirodnu ljepotu Crne Gore i osnovne informacije za putovanje. Planirajte savr\u0161eno putovanje sa savjetima o nacionalnim parkovima, vizama i vi\u0161e u ovom sveobuhvatnom vodi\u010du.","og_url":"https:\/\/www.visit-montenegro.com\/me\/turizam\/","og_site_name":"Visit Montenegro","article_publisher":"https:\/\/www.facebook.com\/visitmontenegro","article_modified_time":"2026-02-22T16:18:00+00:00","og_image":[{"width":1600,"height":1067,"url":"https:\/\/www.visit-montenegro.com\/wp-content\/uploads\/2026\/01\/montenegro-beach-scaled.jpg","type":"image\/jpeg"}],"twitter_card":"summary_large_image","twitter_site":"@visitmontenegro","twitter_misc":{"Est. reading time":"1 minute"},"schema":{"@context":"https:\/\/schema.org","@graph":[{"@type":"WebPage","@id":"https:\/\/www.visit-montenegro.com\/me\/turizam\/","url":"https:\/\/www.visit-montenegro.com\/me\/turizam\/","name":"Turizam u Crnoj Gori - Visit Montenegro","isPartOf":{"@id":"https:\/\/www.visit-montenegro.com\/me\/#website"},"primaryImageOfPage":{"@id":"https:\/\/www.visit-montenegro.com\/me\/turizam\/#primaryimage"},"image":{"@id":"https:\/\/www.visit-montenegro.com\/me\/turizam\/#primaryimage"},"thumbnailUrl":"https:\/\/www.visit-montenegro.com\/wp-content\/uploads\/2026\/01\/montenegro-beach-scaled.jpg","datePublished":"2026-01-28T18:31:11+00:00","dateModified":"2026-02-22T16:18:00+00:00","description":"Istra\u017eite prirodnu ljepotu Crne Gore i osnovne informacije za putovanje. Planirajte savr\u0161eno putovanje sa savjetima o nacionalnim parkovima, vizama i vi\u0161e u ovom sveobuhvatnom vodi\u010du.","breadcrumb":{"@id":"https:\/\/www.visit-montenegro.com\/me\/turizam\/#breadcrumb"},"inLanguage":"sr-Latn-ME","potentialAction":[{"@type":"ReadAction","target":["https:\/\/www.visit-montenegro.com\/me\/turizam\/"]}]},{"@type":"ImageObject","inLanguage":"sr-Latn-ME","@id":"https:\/\/www.visit-montenegro.com\/me\/turizam\/#primaryimage","url":"https:\/\/www.visit-montenegro.com\/wp-content\/uploads\/2026\/01\/montenegro-beach-scaled.jpg","contentUrl":"https:\/\/www.visit-montenegro.com\/wp-content\/uploads\/2026\/01\/montenegro-beach-scaled.jpg","width":1600,"height":1067,"caption":"pla\u017ea pijesak ljeto natpis na pijesku"},{"@type":"BreadcrumbList","@id":"https:\/\/www.visit-montenegro.com\/me\/turizam\/#breadcrumb","itemListElement":[{"@type":"ListItem","position":1,"name":"Home","item":"https:\/\/www.visit-montenegro.com\/me\/pocetna\/"},{"@type":"ListItem","position":2,"name":"Turizam u Crnoj Gori"}]},{"@type":"WebSite","@id":"https:\/\/www.visit-montenegro.com\/me\/#website","url":"https:\/\/www.visit-montenegro.com\/me\/","name":"Visit Montenegro","description":"Breathtaking beauty","publisher":{"@id":"https:\/\/www.visit-montenegro.com\/me\/#organization"},"potentialAction":[{"@type":"SearchAction","target":{"@type":"EntryPoint","urlTemplate":"https:\/\/www.visit-montenegro.com\/me\/?s={search_term_string}"},"query-input":{"@type":"PropertyValueSpecification","valueRequired":true,"valueName":"search_term_string"}}],"inLanguage":"sr-Latn-ME"},{"@type":"Organization","@id":"https:\/\/www.visit-montenegro.com\/me\/#organization","name":"Visit Montenegro","url":"https:\/\/www.visit-montenegro.com\/me\/","logo":{"@type":"ImageObject","inLanguage":"sr-Latn-ME","@id":"https:\/\/www.visit-montenegro.com\/me\/#\/schema\/logo\/image\/","url":"https:\/\/www.visit-montenegro.com\/wp-content\/uploads\/2017\/10\/logo-amp.png","contentUrl":"https:\/\/www.visit-montenegro.com\/wp-content\/uploads\/2017\/10\/logo-amp.png","width":190,"height":36,"caption":"Visit Montenegro"},"image":{"@id":"https:\/\/www.visit-montenegro.com\/me\/#\/schema\/logo\/image\/"},"sameAs":["https:\/\/www.facebook.com\/visitmontenegro","https:\/\/x.com\/visitmontenegro","https:\/\/www.instagram.com\/visit_montenegro\/","https:\/\/www.youtube.com\/user\/VisitMontenegro"]}]}},"translations":[],"_links":{"self":[{"href":"https:\/\/www.visit-montenegro.com\/me\/wp-json\/wp\/v2\/pages\/133967","targetHints":{"allow":["GET"]}}],"collection":[{"href":"https:\/\/www.visit-montenegro.com\/me\/wp-json\/wp\/v2\/pages"}],"about":[{"href":"https:\/\/www.visit-montenegro.com\/me\/wp-json\/wp\/v2\/types\/page"}],"author":[{"embeddable":true,"href":"https:\/\/www.visit-montenegro.com\/me\/wp-json\/wp\/v2\/users\/1"}],"replies":[{"embeddable":true,"href":"https:\/\/www.visit-montenegro.com\/me\/wp-json\/wp\/v2\/comments?post=133967"}],"version-history":[{"count":0,"href":"https:\/\/www.visit-montenegro.com\/me\/wp-json\/wp\/v2\/pages\/133967\/revisions"}],"wp:featuredmedia":[{"embeddable":true,"href":"https:\/\/www.visit-montenegro.com\/me\/wp-json\/wp\/v2\/media\/133968"}],"wp:attachment":[{"href":"https:\/\/www.visit-montenegro.com\/me\/wp-json\/wp\/v2\/media?parent=133967"}],"wp:term":[{"taxonomy":"post_tag","embeddable":true,"href":"https:\/\/www.visit-montenegro.com\/me\/wp-json\/wp\/v2\/tags?post=133967"}],"curies":[{"name":"wp","href":"https:\/\/api.w.org\/{rel}","templated":true}]}}