{"id":133984,"date":"2026-01-28T19:17:00","date_gmt":"2026-01-28T18:17:00","guid":{"rendered":"https:\/\/new.visit-montenegro.com\/manastir-ostrog\/region\/"},"modified":"2026-02-22T17:18:40","modified_gmt":"2026-02-22T16:18:40","slug":"region","status":"publish","type":"page","link":"https:\/\/www.visit-montenegro.com\/me\/manastir-ostrog\/region\/","title":{"rendered":"Istorija O\u0161tro\u0161kog regiona"},"content":{"rendered":"\n<p>O\u0161tro\u0161ki region u Crnoj Gori ima slojevitu istoriju koja obuhvata predhri\u0161\u0107anska naselja, srednjovjekovna utvr\u0111enja i transformacije u osmanskom periodu, kulminiraju\u0107i u poznatom manastiru koji danas defini\u0161e njegov kulturni identitet.<\/p>\n\n<hr class=\"wp-block-separator has-alpha-channel-opacity\"\/>\n\n<h2 class=\"wp-block-heading\">Rana naselja i predhri\u0161\u0107anski temelji<\/h2>\n\n<p>Teritorija O\u0161troga bila je naseljena mnogo godina pre \u0161irenja hri\u0161\u0107anstva na ovo podru\u010dje. U blizini rijeke Zete, staze su urezivale pejza\u017e u svim pravcima kako bi povezivale razbacana crnogorska sela. Danas su ostaci ovih staza, koji datiraju iz rimskih vremena, jo\u0161 uvijek vidljivi u podru\u010dju Povije vode\u0107i do male tvr\u0111ave zvane Viris. Blaga, bogata rijeka Zeta doprinijela je brzom naseljavanju doline u ranim danima Crne Gore. Tokom ranog srednjeg vijeka, O\u0161tro\u0161ki region je grani\u010dio sa hercegova\u010dkom dr\u017eavom Zahumlje. Druga utvr\u0111enja kao \u0161to su Budos (izgra\u0111en od strane hercegova\u010dke dr\u017eave) i Susjed, a naravno i O\u0161trog, tako\u0111e se nalaze u ovom podru\u010dju.<\/p>\n\n<h2 class=\"wp-block-heading\">Srednjovjekovna utvr\u0111enja i osmanske transformacije<\/h2>\n\n<p>Ta\u010dan datum kada je izgra\u0111ena utvrda O\u0161trog, ili grad O\u0161trog koji se danas tamo nalazi, nije poznat. Sredinom XV vijeka, u zapisima iz 1441. godine, dokumentovano je da je O\u0161trog bio pograni\u010dni grad vojvode Stefana Vuk\u010di\u0107a Kosa\u010de, koji je bio lokalni vo\u0111a i zemljoposednik. Zbog svog pograni\u010dnog polo\u017eaja, kao i teritorijalnih sukoba izme\u0111u dr\u017eava na ovoj teritoriji, grad je uvijek bio u centru doga\u0111aja. Smatra se da je ta\u010dna lokacija originalne utvrde O\u0161trog obli\u017enja ru\u0161evina zvana Gradac, nedaleko od Peru\u0107ica. Vjeruje se da je nakon dolaska Turaka krajem XV vijeka grad opusto\u0161en i pao u ru\u0161evine, \u0161to je razlog za\u0161to je ta\u010dna lokacija Kastruma (originalnog imena grada) nepoznata. Izgradnja Manastira O\u0161trog vratila je ovu va\u017enu lokaciju u crnogorsko kulturno nasle\u0111e na mapu \u2013 ali ne vi\u0161e kao strate\u0161ki vojni polo\u017eaj, ve\u0107 kao mjesto nade i vjerovanja.<\/p>\n\n<h2 class=\"wp-block-heading\">Saznajte vi\u0161e o Manastiru O\u0161trog<\/h2>\n\n<div class=\"wp-block-query is-layout-flow wp-block-query-is-layout-flow\"><ul class=\"wp-block-post-template is-layout-flow wp-block-post-template-is-layout-flow\"><li class=\"wp-block-post post-134310 page type-page status-publish has-post-thumbnail hentry\">\n<h6 style=\"text-decoration:underline; border-style:none;border-width:0px; padding-top:0px;padding-bottom:0px;padding-left:var(--wp--preset--spacing--50);padding-right:var(--wp--preset--spacing--50);margin-right:0;margin-left:0;margin-top:0px;margin-bottom:0px;\" class=\"has-link-color wp-elements-0a45992c3b14e5d616ed7c3546852965 wp-block-post-title\"><a href=\"https:\/\/www.visit-montenegro.com\/me\/manastir-ostrog\/crkve\/\" target=\"_self\" >Crkve posve\u0107ene Svetom Vasiliju Ostro\u0161kom<\/a><\/h6>\n<\/li><li class=\"wp-block-post post-134318 page type-page status-publish has-post-thumbnail hentry\">\n<h6 style=\"text-decoration:underline; border-style:none;border-width:0px; padding-top:0px;padding-bottom:0px;padding-left:var(--wp--preset--spacing--50);padding-right:var(--wp--preset--spacing--50);margin-right:0;margin-left:0;margin-top:0px;margin-bottom:0px;\" class=\"has-link-color wp-elements-0a45992c3b14e5d616ed7c3546852965 wp-block-post-title\"><a href=\"https:\/\/www.visit-montenegro.com\/me\/manastir-ostrog\/istorija\/\" target=\"_self\" >Istorija Manastira Ostrog<\/a><\/h6>\n<\/li><li class=\"wp-block-post post-133984 page type-page status-publish has-post-thumbnail hentry\">\n<h6 style=\"text-decoration:underline; border-style:none;border-width:0px; padding-top:0px;padding-bottom:0px;padding-left:var(--wp--preset--spacing--50);padding-right:var(--wp--preset--spacing--50);margin-right:0;margin-left:0;margin-top:0px;margin-bottom:0px;\" class=\"has-link-color wp-elements-0a45992c3b14e5d616ed7c3546852965 wp-block-post-title\"><a href=\"https:\/\/www.visit-montenegro.com\/me\/manastir-ostrog\/region\/\" target=\"_self\" >Istorija O\u0161tro\u0161kog regiona<\/a><\/h6>\n<\/li><li class=\"wp-block-post post-134334 page type-page status-publish has-post-thumbnail hentry\">\n<h6 style=\"text-decoration:underline; border-style:none;border-width:0px; padding-top:0px;padding-bottom:0px;padding-left:var(--wp--preset--spacing--50);padding-right:var(--wp--preset--spacing--50);margin-right:0;margin-left:0;margin-top:0px;margin-bottom:0px;\" class=\"has-link-color wp-elements-0a45992c3b14e5d616ed7c3546852965 wp-block-post-title\"><a href=\"https:\/\/www.visit-montenegro.com\/me\/manastir-ostrog\/izgradnja\/\" target=\"_self\" >Izgradnja manastira Ostrog<\/a><\/h6>\n<\/li><li class=\"wp-block-post post-134322 page type-page status-publish has-post-thumbnail hentry\">\n<h6 style=\"text-decoration:underline; border-style:none;border-width:0px; padding-top:0px;padding-bottom:0px;padding-left:var(--wp--preset--spacing--50);padding-right:var(--wp--preset--spacing--50);margin-right:0;margin-left:0;margin-top:0px;margin-bottom:0px;\" class=\"has-link-color wp-elements-0a45992c3b14e5d616ed7c3546852965 wp-block-post-title\"><a href=\"https:\/\/www.visit-montenegro.com\/me\/manastir-ostrog\/kulturna\/\" target=\"_self\" >Kulturna ba\u0161tina manastira Ostrog<\/a><\/h6>\n<\/li><li class=\"wp-block-post post-134314 page type-page status-publish has-post-thumbnail hentry\">\n<h6 style=\"text-decoration:underline; border-style:none;border-width:0px; padding-top:0px;padding-bottom:0px;padding-left:var(--wp--preset--spacing--50);padding-right:var(--wp--preset--spacing--50);margin-right:0;margin-left:0;margin-top:0px;margin-bottom:0px;\" class=\"has-link-color wp-elements-0a45992c3b14e5d616ed7c3546852965 wp-block-post-title\"><a href=\"https:\/\/www.visit-montenegro.com\/me\/manastir-ostrog\/legende\/\" target=\"_self\" >Legende i mitovi o manastiru Ostrog<\/a><\/h6>\n<\/li><li class=\"wp-block-post post-134330 page type-page status-publish has-post-thumbnail hentry\">\n<h6 style=\"text-decoration:underline; border-style:none;border-width:0px; padding-top:0px;padding-bottom:0px;padding-left:var(--wp--preset--spacing--50);padding-right:var(--wp--preset--spacing--50);margin-right:0;margin-left:0;margin-top:0px;margin-bottom:0px;\" class=\"has-link-color wp-elements-0a45992c3b14e5d616ed7c3546852965 wp-block-post-title\"><a href=\"https:\/\/www.visit-montenegro.com\/me\/manastir-ostrog\/gdje\/\" target=\"_self\" >Lokacija Manastira Ostrog<\/a><\/h6>\n<\/li><li class=\"wp-block-post post-133988 page type-page status-publish has-post-thumbnail hentry\">\n<h6 style=\"text-decoration:underline; border-style:none;border-width:0px; padding-top:0px;padding-bottom:0px;padding-left:var(--wp--preset--spacing--50);padding-right:var(--wp--preset--spacing--50);margin-right:0;margin-left:0;margin-top:0px;margin-bottom:0px;\" class=\"has-link-color wp-elements-0a45992c3b14e5d616ed7c3546852965 wp-block-post-title\"><a href=\"https:\/\/www.visit-montenegro.com\/me\/manastir-ostrog\/molitva\/\" target=\"_self\" >Molitva Svetom Vasiliju<\/a><\/h6>\n<\/li><li class=\"wp-block-post post-134306 page type-page status-publish has-post-thumbnail hentry\">\n<h6 style=\"text-decoration:underline; border-style:none;border-width:0px; padding-top:0px;padding-bottom:0px;padding-left:var(--wp--preset--spacing--50);padding-right:var(--wp--preset--spacing--50);margin-right:0;margin-left:0;margin-top:0px;margin-bottom:0px;\" class=\"has-link-color wp-elements-0a45992c3b14e5d616ed7c3546852965 wp-block-post-title\"><a href=\"https:\/\/www.visit-montenegro.com\/me\/manastir-ostrog\/gatherings\/\" target=\"_self\" >Praznici i okupljanja u manastiru Ostrog<\/a><\/h6>\n<\/li><li class=\"wp-block-post post-134342 page type-page status-publish has-post-thumbnail hentry\">\n<h6 style=\"text-decoration:underline; border-style:none;border-width:0px; padding-top:0px;padding-bottom:0px;padding-left:var(--wp--preset--spacing--50);padding-right:var(--wp--preset--spacing--50);margin-right:0;margin-left:0;margin-top:0px;margin-bottom:0px;\" class=\"has-link-color wp-elements-0a45992c3b14e5d616ed7c3546852965 wp-block-post-title\"><a href=\"https:\/\/www.visit-montenegro.com\/me\/manastir-ostrog\/price\/\" target=\"_self\" >Pri\u010de o \u010dudima Ostro\u0161kog manastira<\/a><\/h6>\n<\/li><li class=\"wp-block-post post-134326 page type-page status-publish has-post-thumbnail hentry\">\n<h6 style=\"text-decoration:underline; border-style:none;border-width:0px; padding-top:0px;padding-bottom:0px;padding-left:var(--wp--preset--spacing--50);padding-right:var(--wp--preset--spacing--50);margin-right:0;margin-left:0;margin-top:0px;margin-bottom:0px;\" class=\"has-link-color wp-elements-0a45992c3b14e5d616ed7c3546852965 wp-block-post-title\"><a href=\"https:\/\/www.visit-montenegro.com\/me\/manastir-ostrog\/drugi\/\" target=\"_self\" >\u0160ta drugi ka\u017eu o manastiru Ostrog<\/a><\/h6>\n<\/li><li class=\"wp-block-post post-134338 page type-page status-publish has-post-thumbnail hentry\">\n<h6 style=\"text-decoration:underline; border-style:none;border-width:0px; padding-top:0px;padding-bottom:0px;padding-left:var(--wp--preset--spacing--50);padding-right:var(--wp--preset--spacing--50);margin-right:0;margin-left:0;margin-top:0px;margin-bottom:0px;\" class=\"has-link-color wp-elements-0a45992c3b14e5d616ed7c3546852965 wp-block-post-title\"><a href=\"https:\/\/www.visit-montenegro.com\/me\/manastir-ostrog\/tradicije\/\" target=\"_self\" >Tradicije manastira Ostrog<\/a><\/h6>\n<\/li><li class=\"wp-block-post post-134302 page type-page status-publish has-post-thumbnail hentry\">\n<h6 style=\"text-decoration:underline; border-style:none;border-width:0px; padding-top:0px;padding-bottom:0px;padding-left:var(--wp--preset--spacing--50);padding-right:var(--wp--preset--spacing--50);margin-right:0;margin-left:0;margin-top:0px;margin-bottom:0px;\" class=\"has-link-color wp-elements-0a45992c3b14e5d616ed7c3546852965 wp-block-post-title\"><a href=\"https:\/\/www.visit-montenegro.com\/me\/manastir-ostrog\/zivot\/\" target=\"_self\" >\u017divot Svetog Vasilija Ostro\u0161kog<\/a><\/h6>\n<\/li><\/ul><\/div>\n","protected":false},"excerpt":{"rendered":"<p>Istra\u017eite bogatu istoriju O\u0161tro\u0161kog regiona u Crnoj Gori, od drevnih predhri\u0161\u0107anskih naselja do srednjovjekovnih utvr\u0111enja i ikoni\u010dnog manastira. Otkrijte kako se ovo podru\u010dje razvijalo od strate\u0161ke pograni\u010dne oblasti do duhovnog centra.<\/p>\n","protected":false},"author":1,"featured_media":133956,"parent":133955,"menu_order":0,"comment_status":"open","ping_status":"open","template":"","meta":{"_yoast_wpseo_focuskw":"Istorija O\u0161tro\u0161kog regiona","_yoast_wpseo_metadesc":"Otkrijte slojevitu istoriju O\u0161tro\u0161kog regiona u Crnoj Gori, od drevnih staza do ikoni\u010dnog manastira. Savr\u0161eno za ljubitelje istorije i planere putovanja.","_kad_post_transparent":"","_kad_post_title":"","_kad_post_layout":"","_kad_post_sidebar_id":"","_kad_post_content_style":"","_kad_post_vertical_padding":"","_kad_post_feature":"","_kad_post_feature_position":"","_kad_post_header":false,"_kad_post_footer":false,"_kad_post_classname":"","iawp_total_views":9,"footnotes":""},"tags":[],"class_list":["post-133984","page","type-page","status-publish","has-post-thumbnail","hentry"],"yoast_head":"<!-- This site is optimized with the Yoast SEO plugin v27.3 - https:\/\/yoast.com\/product\/yoast-seo-wordpress\/ -->\n<title>Istorija O\u0161tro\u0161kog regiona - Visit Montenegro<\/title>\n<meta name=\"description\" content=\"Otkrijte slojevitu istoriju O\u0161tro\u0161kog regiona u Crnoj Gori, od drevnih staza do ikoni\u010dnog manastira. Savr\u0161eno za ljubitelje istorije i planere putovanja.\" \/>\n<meta name=\"robots\" content=\"index, follow, max-snippet:-1, max-image-preview:large, max-video-preview:-1\" \/>\n<link rel=\"canonical\" href=\"https:\/\/www.visit-montenegro.com\/me\/manastir-ostrog\/region\/\" \/>\n<meta property=\"og:locale\" content=\"en_US\" \/>\n<meta property=\"og:type\" content=\"article\" \/>\n<meta property=\"og:title\" content=\"Istorija O\u0161tro\u0161kog regiona - Visit Montenegro\" \/>\n<meta property=\"og:description\" content=\"Otkrijte slojevitu istoriju O\u0161tro\u0161kog regiona u Crnoj Gori, od drevnih staza do ikoni\u010dnog manastira. Savr\u0161eno za ljubitelje istorije i planere putovanja.\" \/>\n<meta property=\"og:url\" content=\"https:\/\/www.visit-montenegro.com\/me\/manastir-ostrog\/region\/\" \/>\n<meta property=\"og:site_name\" content=\"Visit Montenegro\" \/>\n<meta property=\"article:publisher\" content=\"https:\/\/www.facebook.com\/visitmontenegro\" \/>\n<meta property=\"article:modified_time\" content=\"2026-02-22T16:18:40+00:00\" \/>\n<meta property=\"og:image\" content=\"https:\/\/www.visit-montenegro.com\/wp-content\/uploads\/2026\/01\/ostrog-monastery-01-scaled.jpg\" \/>\n\t<meta property=\"og:image:width\" content=\"1600\" \/>\n\t<meta property=\"og:image:height\" content=\"1067\" \/>\n\t<meta property=\"og:image:type\" content=\"image\/jpeg\" \/>\n<meta name=\"twitter:card\" content=\"summary_large_image\" \/>\n<meta name=\"twitter:site\" content=\"@visitmontenegro\" \/>\n<meta name=\"twitter:label1\" content=\"Est. reading time\" \/>\n\t<meta name=\"twitter:data1\" content=\"2 minutes\" \/>\n<script type=\"application\/ld+json\" class=\"yoast-schema-graph\">{\"@context\":\"https:\\\/\\\/schema.org\",\"@graph\":[{\"@type\":\"WebPage\",\"@id\":\"https:\\\/\\\/www.visit-montenegro.com\\\/me\\\/manastir-ostrog\\\/region\\\/\",\"url\":\"https:\\\/\\\/www.visit-montenegro.com\\\/me\\\/manastir-ostrog\\\/region\\\/\",\"name\":\"Istorija O\u0161tro\u0161kog regiona - Visit Montenegro\",\"isPartOf\":{\"@id\":\"https:\\\/\\\/www.visit-montenegro.com\\\/me\\\/#website\"},\"primaryImageOfPage\":{\"@id\":\"https:\\\/\\\/www.visit-montenegro.com\\\/me\\\/manastir-ostrog\\\/region\\\/#primaryimage\"},\"image\":{\"@id\":\"https:\\\/\\\/www.visit-montenegro.com\\\/me\\\/manastir-ostrog\\\/region\\\/#primaryimage\"},\"thumbnailUrl\":\"https:\\\/\\\/www.visit-montenegro.com\\\/wp-content\\\/uploads\\\/2026\\\/01\\\/ostrog-monastery-01-scaled.jpg\",\"datePublished\":\"2026-01-28T18:17:00+00:00\",\"dateModified\":\"2026-02-22T16:18:40+00:00\",\"description\":\"Otkrijte slojevitu istoriju O\u0161tro\u0161kog regiona u Crnoj Gori, od drevnih staza do ikoni\u010dnog manastira. Savr\u0161eno za ljubitelje istorije i planere putovanja.\",\"breadcrumb\":{\"@id\":\"https:\\\/\\\/www.visit-montenegro.com\\\/me\\\/manastir-ostrog\\\/region\\\/#breadcrumb\"},\"inLanguage\":\"sr-Latn-ME\",\"potentialAction\":[{\"@type\":\"ReadAction\",\"target\":[\"https:\\\/\\\/www.visit-montenegro.com\\\/me\\\/manastir-ostrog\\\/region\\\/\"]}]},{\"@type\":\"ImageObject\",\"inLanguage\":\"sr-Latn-ME\",\"@id\":\"https:\\\/\\\/www.visit-montenegro.com\\\/me\\\/manastir-ostrog\\\/region\\\/#primaryimage\",\"url\":\"https:\\\/\\\/www.visit-montenegro.com\\\/wp-content\\\/uploads\\\/2026\\\/01\\\/ostrog-monastery-01-scaled.jpg\",\"contentUrl\":\"https:\\\/\\\/www.visit-montenegro.com\\\/wp-content\\\/uploads\\\/2026\\\/01\\\/ostrog-monastery-01-scaled.jpg\",\"width\":1600,\"height\":1067},{\"@type\":\"BreadcrumbList\",\"@id\":\"https:\\\/\\\/www.visit-montenegro.com\\\/me\\\/manastir-ostrog\\\/region\\\/#breadcrumb\",\"itemListElement\":[{\"@type\":\"ListItem\",\"position\":1,\"name\":\"Home\",\"item\":\"https:\\\/\\\/www.visit-montenegro.com\\\/me\\\/pocetna\\\/\"},{\"@type\":\"ListItem\",\"position\":2,\"name\":\"Manastir Ostrog\",\"item\":\"https:\\\/\\\/www.visit-montenegro.com\\\/me\\\/manastir-ostrog\\\/\"},{\"@type\":\"ListItem\",\"position\":3,\"name\":\"Istorija O\u0161tro\u0161kog regiona\"}]},{\"@type\":\"WebSite\",\"@id\":\"https:\\\/\\\/www.visit-montenegro.com\\\/me\\\/#website\",\"url\":\"https:\\\/\\\/www.visit-montenegro.com\\\/me\\\/\",\"name\":\"Visit Montenegro\",\"description\":\"Breathtaking beauty\",\"publisher\":{\"@id\":\"https:\\\/\\\/www.visit-montenegro.com\\\/me\\\/#organization\"},\"potentialAction\":[{\"@type\":\"SearchAction\",\"target\":{\"@type\":\"EntryPoint\",\"urlTemplate\":\"https:\\\/\\\/www.visit-montenegro.com\\\/me\\\/?s={search_term_string}\"},\"query-input\":{\"@type\":\"PropertyValueSpecification\",\"valueRequired\":true,\"valueName\":\"search_term_string\"}}],\"inLanguage\":\"sr-Latn-ME\"},{\"@type\":\"Organization\",\"@id\":\"https:\\\/\\\/www.visit-montenegro.com\\\/me\\\/#organization\",\"name\":\"Visit Montenegro\",\"url\":\"https:\\\/\\\/www.visit-montenegro.com\\\/me\\\/\",\"logo\":{\"@type\":\"ImageObject\",\"inLanguage\":\"sr-Latn-ME\",\"@id\":\"https:\\\/\\\/www.visit-montenegro.com\\\/me\\\/#\\\/schema\\\/logo\\\/image\\\/\",\"url\":\"https:\\\/\\\/www.visit-montenegro.com\\\/wp-content\\\/uploads\\\/2017\\\/10\\\/logo-amp.png\",\"contentUrl\":\"https:\\\/\\\/www.visit-montenegro.com\\\/wp-content\\\/uploads\\\/2017\\\/10\\\/logo-amp.png\",\"width\":190,\"height\":36,\"caption\":\"Visit Montenegro\"},\"image\":{\"@id\":\"https:\\\/\\\/www.visit-montenegro.com\\\/me\\\/#\\\/schema\\\/logo\\\/image\\\/\"},\"sameAs\":[\"https:\\\/\\\/www.facebook.com\\\/visitmontenegro\",\"https:\\\/\\\/x.com\\\/visitmontenegro\",\"https:\\\/\\\/www.instagram.com\\\/visit_montenegro\\\/\",\"https:\\\/\\\/www.youtube.com\\\/user\\\/VisitMontenegro\"]}]}<\/script>\n<!-- \/ Yoast SEO plugin. -->","yoast_head_json":{"title":"Istorija O\u0161tro\u0161kog regiona - Visit Montenegro","description":"Otkrijte slojevitu istoriju O\u0161tro\u0161kog regiona u Crnoj Gori, od drevnih staza do ikoni\u010dnog manastira. Savr\u0161eno za ljubitelje istorije i planere putovanja.","robots":{"index":"index","follow":"follow","max-snippet":"max-snippet:-1","max-image-preview":"max-image-preview:large","max-video-preview":"max-video-preview:-1"},"canonical":"https:\/\/www.visit-montenegro.com\/me\/manastir-ostrog\/region\/","og_locale":"en_US","og_type":"article","og_title":"Istorija O\u0161tro\u0161kog regiona - Visit Montenegro","og_description":"Otkrijte slojevitu istoriju O\u0161tro\u0161kog regiona u Crnoj Gori, od drevnih staza do ikoni\u010dnog manastira. Savr\u0161eno za ljubitelje istorije i planere putovanja.","og_url":"https:\/\/www.visit-montenegro.com\/me\/manastir-ostrog\/region\/","og_site_name":"Visit Montenegro","article_publisher":"https:\/\/www.facebook.com\/visitmontenegro","article_modified_time":"2026-02-22T16:18:40+00:00","og_image":[{"width":1600,"height":1067,"url":"https:\/\/www.visit-montenegro.com\/wp-content\/uploads\/2026\/01\/ostrog-monastery-01-scaled.jpg","type":"image\/jpeg"}],"twitter_card":"summary_large_image","twitter_site":"@visitmontenegro","twitter_misc":{"Est. reading time":"2 minutes"},"schema":{"@context":"https:\/\/schema.org","@graph":[{"@type":"WebPage","@id":"https:\/\/www.visit-montenegro.com\/me\/manastir-ostrog\/region\/","url":"https:\/\/www.visit-montenegro.com\/me\/manastir-ostrog\/region\/","name":"Istorija O\u0161tro\u0161kog regiona - Visit Montenegro","isPartOf":{"@id":"https:\/\/www.visit-montenegro.com\/me\/#website"},"primaryImageOfPage":{"@id":"https:\/\/www.visit-montenegro.com\/me\/manastir-ostrog\/region\/#primaryimage"},"image":{"@id":"https:\/\/www.visit-montenegro.com\/me\/manastir-ostrog\/region\/#primaryimage"},"thumbnailUrl":"https:\/\/www.visit-montenegro.com\/wp-content\/uploads\/2026\/01\/ostrog-monastery-01-scaled.jpg","datePublished":"2026-01-28T18:17:00+00:00","dateModified":"2026-02-22T16:18:40+00:00","description":"Otkrijte slojevitu istoriju O\u0161tro\u0161kog regiona u Crnoj Gori, od drevnih staza do ikoni\u010dnog manastira. Savr\u0161eno za ljubitelje istorije i planere putovanja.","breadcrumb":{"@id":"https:\/\/www.visit-montenegro.com\/me\/manastir-ostrog\/region\/#breadcrumb"},"inLanguage":"sr-Latn-ME","potentialAction":[{"@type":"ReadAction","target":["https:\/\/www.visit-montenegro.com\/me\/manastir-ostrog\/region\/"]}]},{"@type":"ImageObject","inLanguage":"sr-Latn-ME","@id":"https:\/\/www.visit-montenegro.com\/me\/manastir-ostrog\/region\/#primaryimage","url":"https:\/\/www.visit-montenegro.com\/wp-content\/uploads\/2026\/01\/ostrog-monastery-01-scaled.jpg","contentUrl":"https:\/\/www.visit-montenegro.com\/wp-content\/uploads\/2026\/01\/ostrog-monastery-01-scaled.jpg","width":1600,"height":1067},{"@type":"BreadcrumbList","@id":"https:\/\/www.visit-montenegro.com\/me\/manastir-ostrog\/region\/#breadcrumb","itemListElement":[{"@type":"ListItem","position":1,"name":"Home","item":"https:\/\/www.visit-montenegro.com\/me\/pocetna\/"},{"@type":"ListItem","position":2,"name":"Manastir Ostrog","item":"https:\/\/www.visit-montenegro.com\/me\/manastir-ostrog\/"},{"@type":"ListItem","position":3,"name":"Istorija O\u0161tro\u0161kog regiona"}]},{"@type":"WebSite","@id":"https:\/\/www.visit-montenegro.com\/me\/#website","url":"https:\/\/www.visit-montenegro.com\/me\/","name":"Visit Montenegro","description":"Breathtaking beauty","publisher":{"@id":"https:\/\/www.visit-montenegro.com\/me\/#organization"},"potentialAction":[{"@type":"SearchAction","target":{"@type":"EntryPoint","urlTemplate":"https:\/\/www.visit-montenegro.com\/me\/?s={search_term_string}"},"query-input":{"@type":"PropertyValueSpecification","valueRequired":true,"valueName":"search_term_string"}}],"inLanguage":"sr-Latn-ME"},{"@type":"Organization","@id":"https:\/\/www.visit-montenegro.com\/me\/#organization","name":"Visit Montenegro","url":"https:\/\/www.visit-montenegro.com\/me\/","logo":{"@type":"ImageObject","inLanguage":"sr-Latn-ME","@id":"https:\/\/www.visit-montenegro.com\/me\/#\/schema\/logo\/image\/","url":"https:\/\/www.visit-montenegro.com\/wp-content\/uploads\/2017\/10\/logo-amp.png","contentUrl":"https:\/\/www.visit-montenegro.com\/wp-content\/uploads\/2017\/10\/logo-amp.png","width":190,"height":36,"caption":"Visit Montenegro"},"image":{"@id":"https:\/\/www.visit-montenegro.com\/me\/#\/schema\/logo\/image\/"},"sameAs":["https:\/\/www.facebook.com\/visitmontenegro","https:\/\/x.com\/visitmontenegro","https:\/\/www.instagram.com\/visit_montenegro\/","https:\/\/www.youtube.com\/user\/VisitMontenegro"]}]}},"translations":[],"_links":{"self":[{"href":"https:\/\/www.visit-montenegro.com\/me\/wp-json\/wp\/v2\/pages\/133984","targetHints":{"allow":["GET"]}}],"collection":[{"href":"https:\/\/www.visit-montenegro.com\/me\/wp-json\/wp\/v2\/pages"}],"about":[{"href":"https:\/\/www.visit-montenegro.com\/me\/wp-json\/wp\/v2\/types\/page"}],"author":[{"embeddable":true,"href":"https:\/\/www.visit-montenegro.com\/me\/wp-json\/wp\/v2\/users\/1"}],"replies":[{"embeddable":true,"href":"https:\/\/www.visit-montenegro.com\/me\/wp-json\/wp\/v2\/comments?post=133984"}],"version-history":[{"count":0,"href":"https:\/\/www.visit-montenegro.com\/me\/wp-json\/wp\/v2\/pages\/133984\/revisions"}],"up":[{"embeddable":true,"href":"https:\/\/www.visit-montenegro.com\/me\/wp-json\/wp\/v2\/pages\/133955"}],"wp:featuredmedia":[{"embeddable":true,"href":"https:\/\/www.visit-montenegro.com\/me\/wp-json\/wp\/v2\/media\/133956"}],"wp:attachment":[{"href":"https:\/\/www.visit-montenegro.com\/me\/wp-json\/wp\/v2\/media?parent=133984"}],"wp:term":[{"taxonomy":"post_tag","embeddable":true,"href":"https:\/\/www.visit-montenegro.com\/me\/wp-json\/wp\/v2\/tags?post=133984"}],"curies":[{"name":"wp","href":"https:\/\/api.w.org\/{rel}","templated":true}]}}