{"id":134053,"date":"2026-01-27T21:44:31","date_gmt":"2026-01-27T20:44:31","guid":{"rendered":"https:\/\/new.visit-montenegro.com\/hrana-i-pice\/"},"modified":"2026-02-22T17:15:05","modified_gmt":"2026-02-22T16:15:05","slug":"hrana-i-pice","status":"publish","type":"page","link":"https:\/\/www.visit-montenegro.com\/me\/destinacije\/tivat\/info\/hrana-i-pice\/","title":{"rendered":"Tivat Hrana i Pi\u0107e"},"content":{"rendered":"\n<p><strong><a href=\"https:\/\/www.visit-montenegro.com\/me\/destinacije\/tivat\/\">Tivat<\/a><\/strong> hrana i pi\u0107e, zajedno sa Kotorom, neguju mediteransku, primorsku i uglavnom originalnu bokeljsku kuhinju. U brojnim hotelima, restoranima, konobama ili privatnim ku\u0107ama, ponudi\u0107e vam se ukusna hrana i razne slasne stvari iz Boke. Za prvi susret, dobi\u0107ete doma\u0107u lozova\u010du, slatki liker, &#8220;frustulu&#8221;, masline ili maslinovo ulje.<\/p>\n\n<p>Za glavno jelo leti, dobi\u0107ete ribu na \u017earu ulovljenu u tivatskom zalivu. Ne ustru\u010davajte se da probate nove stvari koje se nude kao tradicionalna crnogorska ili mediteranska kuhinja. Posljedi\u010dno, ne\u0107ete pogrije\u0161iti s ri\u017eotom od morskih plodova, napravljenim od kuvane ri\u017ee, dagnji, drugih manjih morskih plodova i maslinovog ulja. Ovo jelo privla\u010di \u0161arenilom i prijatnim mirisom, pretvaraju\u0107i se u harmoniju ljetnog u\u017eivanja.<\/p>\n\n<h2 class=\"wp-block-heading\">Jedinstveni specijaliteti Tivta<\/h2>\n\n<p><strong>Tivat<\/strong> je specifi\u010dan po &#8220;zucenici&#8221; (endivija), jedinstvenoj primorskoj biljci koja se bere ru\u010dno na livadama ili padinama brda. To je zelenkasta biljka sa razgranatim li\u0161\u0107em, \u010desto kori\u0161tena za salate. Najjednostavnija priprema uklju\u010duje kuvanje, hla\u0111enje, cije\u0111enje i za\u010dinjavanje sa bijelim lukom i maslinovim uljem. \u0160tavi\u0161e, postoji mnogo drugih ukusnih specijaliteta napravljenih od &#8220;zucenice&#8221;, a festival posve\u0107en njoj uskoro \u0107e biti organizovan.<\/p>\n\n<p>Tako\u0111e, mnogi tivatski hoteli i restorani nude ukusne mesne specijalitete poput kotleta, \u0161nicla i pe\u010denog mesa. Za vegetarijance, kuvari pru\u017eaju brojne specijalitete napravljene od vo\u0107a, povr\u0107a ili ribe.<\/p>\n\n<h2 class=\"wp-block-heading\">Jelo i pi\u0107e u Tivtu<\/h2>\n\n<p>Za intimne atmosfere, pogodni su dobro ure\u0111eni tivatski restorani poput &#8220;Galeba&#8221;, &#8220;Izleta&#8221;, &#8220;Kalimanja&#8221;, &#8220;Crne Gore&#8221; i &#8220;Splendida&#8221;, zajedno sa konobama poput &#8220;Bakhusa&#8221; ili &#8220;Maestrala&#8221;. Nakon sun\u010danja i kupanja, mo\u017eete ru\u010dati na ovim mjestima.<\/p>\n\n<p>Nakon obroka, popijte ga tradicionalnim crnogorskim vinima. Zaista, probajte bela vina poput &#8220;Krstaca&#8221;, &#8220;Cherdonaya&#8221; ili &#8220;Sauvignona&#8221;, ili crna vina poput &#8220;Vranca&#8221;, &#8220;Merlota&#8221;, &#8220;Prokordema&#8221; ili &#8220;Caberneta&#8221;.<\/p>\n\n<p>Za prijatan odmor, u\u017eivajte u italijanskoj ve\u010deri u picerijama poput &#8220;Asa&#8221;, &#8220;Lava&#8221;, &#8220;Pinea&#8221;, &#8220;Renesanse&#8221; ili &#8220;Zodiaka&#8221;. Mo\u017eete probati ukusne italijanske pice, lazanje i druge specijalitete od testa. Ako niste kalorijski svjesni, posjetite kafi\u0107e-slasti\u010darnice poput &#8220;Bisera&#8221;, &#8220;Minjona&#8221; ili &#8220;Pinea&#8221; za slatki\u0161e.<\/p>\n\n<p>Va\u017ean obi\u010daj: kuvari i konobari ka\u017eu &#8220;Dobro Vam u\u010dinjelo&#8221; (Neka vam hrana dobro u\u010dini), tradicionalni zdravica koji zna\u010di &#8220;prijatno&#8221;. I zaista, Prijatno!<\/p>\n","protected":false},"excerpt":{"rendered":"<p>Istra\u017eite \u017eivopisnu scenu hrane i pi\u0107a u Tivtu, koja uklju\u010duje mediteransku i bokeljsku kuhinju. Otkrijte jedinstvene specijalitete poput &#8220;zucenice&#8221; i u\u017eivajte u obrocima u renomiranim restoranima uz tradicionalna crnogorska vina.<\/p>\n","protected":false},"author":1,"featured_media":134054,"parent":135202,"menu_order":0,"comment_status":"closed","ping_status":"closed","template":"","meta":{"_yoast_wpseo_focuskw":"Tivat Hrana i Pi\u0107e","_yoast_wpseo_metadesc":"U\u017eivajte u mediteranskoj kuhinji Tivta, jedinstvenim specijalitetima i tradicionalnim vinima. Otkrijte najbolje restorane i lokalne obi\u010daje za autenti\u010dno crnogorsko kulinarsko iskustvo.","_kad_post_transparent":"","_kad_post_title":"","_kad_post_layout":"","_kad_post_sidebar_id":"","_kad_post_content_style":"","_kad_post_vertical_padding":"","_kad_post_feature":"","_kad_post_feature_position":"","_kad_post_header":false,"_kad_post_footer":false,"_kad_post_classname":"","iawp_total_views":3,"footnotes":""},"tags":[],"class_list":["post-134053","page","type-page","status-publish","has-post-thumbnail","hentry"],"yoast_head":"<!-- This site is optimized with the Yoast SEO plugin v27.3 - https:\/\/yoast.com\/product\/yoast-seo-wordpress\/ -->\n<title>Tivat Hrana i Pi\u0107e - Visit Montenegro<\/title>\n<meta name=\"description\" content=\"U\u017eivajte u mediteranskoj kuhinji Tivta, jedinstvenim specijalitetima i tradicionalnim vinima. Otkrijte najbolje restorane i lokalne obi\u010daje za autenti\u010dno crnogorsko kulinarsko iskustvo.\" \/>\n<meta name=\"robots\" content=\"index, follow, max-snippet:-1, max-image-preview:large, max-video-preview:-1\" \/>\n<link rel=\"canonical\" href=\"https:\/\/www.visit-montenegro.com\/me\/destinacije\/tivat\/info\/hrana-i-pice\/\" \/>\n<meta property=\"og:locale\" content=\"en_US\" \/>\n<meta property=\"og:type\" content=\"article\" \/>\n<meta property=\"og:title\" content=\"Tivat Hrana i Pi\u0107e - Visit Montenegro\" \/>\n<meta property=\"og:description\" content=\"U\u017eivajte u mediteranskoj kuhinji Tivta, jedinstvenim specijalitetima i tradicionalnim vinima. Otkrijte najbolje restorane i lokalne obi\u010daje za autenti\u010dno crnogorsko kulinarsko iskustvo.\" \/>\n<meta property=\"og:url\" content=\"https:\/\/www.visit-montenegro.com\/me\/destinacije\/tivat\/info\/hrana-i-pice\/\" \/>\n<meta property=\"og:site_name\" content=\"Visit Montenegro\" \/>\n<meta property=\"article:publisher\" content=\"https:\/\/www.facebook.com\/visitmontenegro\" \/>\n<meta property=\"article:modified_time\" content=\"2026-02-22T16:15:05+00:00\" \/>\n<meta property=\"og:image\" content=\"https:\/\/www.visit-montenegro.com\/wp-content\/uploads\/2026\/02\/sea-food-scaled.jpg\" \/>\n\t<meta property=\"og:image:width\" content=\"1600\" \/>\n\t<meta property=\"og:image:height\" content=\"640\" \/>\n\t<meta property=\"og:image:type\" content=\"image\/jpeg\" \/>\n<meta name=\"twitter:card\" content=\"summary_large_image\" \/>\n<meta name=\"twitter:site\" content=\"@visitmontenegro\" \/>\n<meta name=\"twitter:label1\" content=\"Est. reading time\" \/>\n\t<meta name=\"twitter:data1\" content=\"2 minutes\" \/>\n<script type=\"application\/ld+json\" class=\"yoast-schema-graph\">{\"@context\":\"https:\\\/\\\/schema.org\",\"@graph\":[{\"@type\":\"WebPage\",\"@id\":\"https:\\\/\\\/www.visit-montenegro.com\\\/me\\\/destinacije\\\/tivat\\\/info\\\/hrana-i-pice\\\/\",\"url\":\"https:\\\/\\\/www.visit-montenegro.com\\\/me\\\/destinacije\\\/tivat\\\/info\\\/hrana-i-pice\\\/\",\"name\":\"Tivat Hrana i Pi\u0107e - Visit Montenegro\",\"isPartOf\":{\"@id\":\"https:\\\/\\\/www.visit-montenegro.com\\\/me\\\/#website\"},\"primaryImageOfPage\":{\"@id\":\"https:\\\/\\\/www.visit-montenegro.com\\\/me\\\/destinacije\\\/tivat\\\/info\\\/hrana-i-pice\\\/#primaryimage\"},\"image\":{\"@id\":\"https:\\\/\\\/www.visit-montenegro.com\\\/me\\\/destinacije\\\/tivat\\\/info\\\/hrana-i-pice\\\/#primaryimage\"},\"thumbnailUrl\":\"https:\\\/\\\/www.visit-montenegro.com\\\/wp-content\\\/uploads\\\/2026\\\/02\\\/sea-food-scaled.jpg\",\"datePublished\":\"2026-01-27T20:44:31+00:00\",\"dateModified\":\"2026-02-22T16:15:05+00:00\",\"description\":\"U\u017eivajte u mediteranskoj kuhinji Tivta, jedinstvenim specijalitetima i tradicionalnim vinima. Otkrijte najbolje restorane i lokalne obi\u010daje za autenti\u010dno crnogorsko kulinarsko iskustvo.\",\"breadcrumb\":{\"@id\":\"https:\\\/\\\/www.visit-montenegro.com\\\/me\\\/destinacije\\\/tivat\\\/info\\\/hrana-i-pice\\\/#breadcrumb\"},\"inLanguage\":\"sr-Latn-ME\",\"potentialAction\":[{\"@type\":\"ReadAction\",\"target\":[\"https:\\\/\\\/www.visit-montenegro.com\\\/me\\\/destinacije\\\/tivat\\\/info\\\/hrana-i-pice\\\/\"]}]},{\"@type\":\"ImageObject\",\"inLanguage\":\"sr-Latn-ME\",\"@id\":\"https:\\\/\\\/www.visit-montenegro.com\\\/me\\\/destinacije\\\/tivat\\\/info\\\/hrana-i-pice\\\/#primaryimage\",\"url\":\"https:\\\/\\\/www.visit-montenegro.com\\\/wp-content\\\/uploads\\\/2026\\\/02\\\/sea-food-scaled.jpg\",\"contentUrl\":\"https:\\\/\\\/www.visit-montenegro.com\\\/wp-content\\\/uploads\\\/2026\\\/02\\\/sea-food-scaled.jpg\",\"width\":1600,\"height\":640},{\"@type\":\"BreadcrumbList\",\"@id\":\"https:\\\/\\\/www.visit-montenegro.com\\\/me\\\/destinacije\\\/tivat\\\/info\\\/hrana-i-pice\\\/#breadcrumb\",\"itemListElement\":[{\"@type\":\"ListItem\",\"position\":1,\"name\":\"Home\",\"item\":\"https:\\\/\\\/www.visit-montenegro.com\\\/me\\\/pocetna\\\/\"},{\"@type\":\"ListItem\",\"position\":2,\"name\":\"Turisti\u010dke destinacije u Crnoj Gori\",\"item\":\"https:\\\/\\\/www.visit-montenegro.com\\\/me\\\/destinacije\\\/\"},{\"@type\":\"ListItem\",\"position\":3,\"name\":\"Tivat\",\"item\":\"https:\\\/\\\/www.visit-montenegro.com\\\/me\\\/destinacije\\\/tivat\\\/\"},{\"@type\":\"ListItem\",\"position\":4,\"name\":\"Vi\u0161e o Tivtu\",\"item\":\"https:\\\/\\\/www.visit-montenegro.com\\\/me\\\/destinacije\\\/tivat\\\/info\\\/\"},{\"@type\":\"ListItem\",\"position\":5,\"name\":\"Tivat Hrana i Pi\u0107e\"}]},{\"@type\":\"WebSite\",\"@id\":\"https:\\\/\\\/www.visit-montenegro.com\\\/me\\\/#website\",\"url\":\"https:\\\/\\\/www.visit-montenegro.com\\\/me\\\/\",\"name\":\"Visit Montenegro\",\"description\":\"Breathtaking beauty\",\"publisher\":{\"@id\":\"https:\\\/\\\/www.visit-montenegro.com\\\/me\\\/#organization\"},\"potentialAction\":[{\"@type\":\"SearchAction\",\"target\":{\"@type\":\"EntryPoint\",\"urlTemplate\":\"https:\\\/\\\/www.visit-montenegro.com\\\/me\\\/?s={search_term_string}\"},\"query-input\":{\"@type\":\"PropertyValueSpecification\",\"valueRequired\":true,\"valueName\":\"search_term_string\"}}],\"inLanguage\":\"sr-Latn-ME\"},{\"@type\":\"Organization\",\"@id\":\"https:\\\/\\\/www.visit-montenegro.com\\\/me\\\/#organization\",\"name\":\"Visit Montenegro\",\"url\":\"https:\\\/\\\/www.visit-montenegro.com\\\/me\\\/\",\"logo\":{\"@type\":\"ImageObject\",\"inLanguage\":\"sr-Latn-ME\",\"@id\":\"https:\\\/\\\/www.visit-montenegro.com\\\/me\\\/#\\\/schema\\\/logo\\\/image\\\/\",\"url\":\"https:\\\/\\\/www.visit-montenegro.com\\\/wp-content\\\/uploads\\\/2017\\\/10\\\/logo-amp.png\",\"contentUrl\":\"https:\\\/\\\/www.visit-montenegro.com\\\/wp-content\\\/uploads\\\/2017\\\/10\\\/logo-amp.png\",\"width\":190,\"height\":36,\"caption\":\"Visit Montenegro\"},\"image\":{\"@id\":\"https:\\\/\\\/www.visit-montenegro.com\\\/me\\\/#\\\/schema\\\/logo\\\/image\\\/\"},\"sameAs\":[\"https:\\\/\\\/www.facebook.com\\\/visitmontenegro\",\"https:\\\/\\\/x.com\\\/visitmontenegro\",\"https:\\\/\\\/www.instagram.com\\\/visit_montenegro\\\/\",\"https:\\\/\\\/www.youtube.com\\\/user\\\/VisitMontenegro\"]}]}<\/script>\n<!-- \/ Yoast SEO plugin. -->","yoast_head_json":{"title":"Tivat Hrana i Pi\u0107e - Visit Montenegro","description":"U\u017eivajte u mediteranskoj kuhinji Tivta, jedinstvenim specijalitetima i tradicionalnim vinima. Otkrijte najbolje restorane i lokalne obi\u010daje za autenti\u010dno crnogorsko kulinarsko iskustvo.","robots":{"index":"index","follow":"follow","max-snippet":"max-snippet:-1","max-image-preview":"max-image-preview:large","max-video-preview":"max-video-preview:-1"},"canonical":"https:\/\/www.visit-montenegro.com\/me\/destinacije\/tivat\/info\/hrana-i-pice\/","og_locale":"en_US","og_type":"article","og_title":"Tivat Hrana i Pi\u0107e - Visit Montenegro","og_description":"U\u017eivajte u mediteranskoj kuhinji Tivta, jedinstvenim specijalitetima i tradicionalnim vinima. Otkrijte najbolje restorane i lokalne obi\u010daje za autenti\u010dno crnogorsko kulinarsko iskustvo.","og_url":"https:\/\/www.visit-montenegro.com\/me\/destinacije\/tivat\/info\/hrana-i-pice\/","og_site_name":"Visit Montenegro","article_publisher":"https:\/\/www.facebook.com\/visitmontenegro","article_modified_time":"2026-02-22T16:15:05+00:00","og_image":[{"width":1600,"height":640,"url":"https:\/\/www.visit-montenegro.com\/wp-content\/uploads\/2026\/02\/sea-food-scaled.jpg","type":"image\/jpeg"}],"twitter_card":"summary_large_image","twitter_site":"@visitmontenegro","twitter_misc":{"Est. reading time":"2 minutes"},"schema":{"@context":"https:\/\/schema.org","@graph":[{"@type":"WebPage","@id":"https:\/\/www.visit-montenegro.com\/me\/destinacije\/tivat\/info\/hrana-i-pice\/","url":"https:\/\/www.visit-montenegro.com\/me\/destinacije\/tivat\/info\/hrana-i-pice\/","name":"Tivat Hrana i Pi\u0107e - Visit Montenegro","isPartOf":{"@id":"https:\/\/www.visit-montenegro.com\/me\/#website"},"primaryImageOfPage":{"@id":"https:\/\/www.visit-montenegro.com\/me\/destinacije\/tivat\/info\/hrana-i-pice\/#primaryimage"},"image":{"@id":"https:\/\/www.visit-montenegro.com\/me\/destinacije\/tivat\/info\/hrana-i-pice\/#primaryimage"},"thumbnailUrl":"https:\/\/www.visit-montenegro.com\/wp-content\/uploads\/2026\/02\/sea-food-scaled.jpg","datePublished":"2026-01-27T20:44:31+00:00","dateModified":"2026-02-22T16:15:05+00:00","description":"U\u017eivajte u mediteranskoj kuhinji Tivta, jedinstvenim specijalitetima i tradicionalnim vinima. Otkrijte najbolje restorane i lokalne obi\u010daje za autenti\u010dno crnogorsko kulinarsko iskustvo.","breadcrumb":{"@id":"https:\/\/www.visit-montenegro.com\/me\/destinacije\/tivat\/info\/hrana-i-pice\/#breadcrumb"},"inLanguage":"sr-Latn-ME","potentialAction":[{"@type":"ReadAction","target":["https:\/\/www.visit-montenegro.com\/me\/destinacije\/tivat\/info\/hrana-i-pice\/"]}]},{"@type":"ImageObject","inLanguage":"sr-Latn-ME","@id":"https:\/\/www.visit-montenegro.com\/me\/destinacije\/tivat\/info\/hrana-i-pice\/#primaryimage","url":"https:\/\/www.visit-montenegro.com\/wp-content\/uploads\/2026\/02\/sea-food-scaled.jpg","contentUrl":"https:\/\/www.visit-montenegro.com\/wp-content\/uploads\/2026\/02\/sea-food-scaled.jpg","width":1600,"height":640},{"@type":"BreadcrumbList","@id":"https:\/\/www.visit-montenegro.com\/me\/destinacije\/tivat\/info\/hrana-i-pice\/#breadcrumb","itemListElement":[{"@type":"ListItem","position":1,"name":"Home","item":"https:\/\/www.visit-montenegro.com\/me\/pocetna\/"},{"@type":"ListItem","position":2,"name":"Turisti\u010dke destinacije u Crnoj Gori","item":"https:\/\/www.visit-montenegro.com\/me\/destinacije\/"},{"@type":"ListItem","position":3,"name":"Tivat","item":"https:\/\/www.visit-montenegro.com\/me\/destinacije\/tivat\/"},{"@type":"ListItem","position":4,"name":"Vi\u0161e o Tivtu","item":"https:\/\/www.visit-montenegro.com\/me\/destinacije\/tivat\/info\/"},{"@type":"ListItem","position":5,"name":"Tivat Hrana i Pi\u0107e"}]},{"@type":"WebSite","@id":"https:\/\/www.visit-montenegro.com\/me\/#website","url":"https:\/\/www.visit-montenegro.com\/me\/","name":"Visit Montenegro","description":"Breathtaking beauty","publisher":{"@id":"https:\/\/www.visit-montenegro.com\/me\/#organization"},"potentialAction":[{"@type":"SearchAction","target":{"@type":"EntryPoint","urlTemplate":"https:\/\/www.visit-montenegro.com\/me\/?s={search_term_string}"},"query-input":{"@type":"PropertyValueSpecification","valueRequired":true,"valueName":"search_term_string"}}],"inLanguage":"sr-Latn-ME"},{"@type":"Organization","@id":"https:\/\/www.visit-montenegro.com\/me\/#organization","name":"Visit Montenegro","url":"https:\/\/www.visit-montenegro.com\/me\/","logo":{"@type":"ImageObject","inLanguage":"sr-Latn-ME","@id":"https:\/\/www.visit-montenegro.com\/me\/#\/schema\/logo\/image\/","url":"https:\/\/www.visit-montenegro.com\/wp-content\/uploads\/2017\/10\/logo-amp.png","contentUrl":"https:\/\/www.visit-montenegro.com\/wp-content\/uploads\/2017\/10\/logo-amp.png","width":190,"height":36,"caption":"Visit Montenegro"},"image":{"@id":"https:\/\/www.visit-montenegro.com\/me\/#\/schema\/logo\/image\/"},"sameAs":["https:\/\/www.facebook.com\/visitmontenegro","https:\/\/x.com\/visitmontenegro","https:\/\/www.instagram.com\/visit_montenegro\/","https:\/\/www.youtube.com\/user\/VisitMontenegro"]}]}},"translations":[],"_links":{"self":[{"href":"https:\/\/www.visit-montenegro.com\/me\/wp-json\/wp\/v2\/pages\/134053","targetHints":{"allow":["GET"]}}],"collection":[{"href":"https:\/\/www.visit-montenegro.com\/me\/wp-json\/wp\/v2\/pages"}],"about":[{"href":"https:\/\/www.visit-montenegro.com\/me\/wp-json\/wp\/v2\/types\/page"}],"author":[{"embeddable":true,"href":"https:\/\/www.visit-montenegro.com\/me\/wp-json\/wp\/v2\/users\/1"}],"replies":[{"embeddable":true,"href":"https:\/\/www.visit-montenegro.com\/me\/wp-json\/wp\/v2\/comments?post=134053"}],"version-history":[{"count":0,"href":"https:\/\/www.visit-montenegro.com\/me\/wp-json\/wp\/v2\/pages\/134053\/revisions"}],"up":[{"embeddable":true,"href":"https:\/\/www.visit-montenegro.com\/me\/wp-json\/wp\/v2\/pages\/135202"}],"wp:featuredmedia":[{"embeddable":true,"href":"https:\/\/www.visit-montenegro.com\/me\/wp-json\/wp\/v2\/media\/134054"}],"wp:attachment":[{"href":"https:\/\/www.visit-montenegro.com\/me\/wp-json\/wp\/v2\/media?parent=134053"}],"wp:term":[{"taxonomy":"post_tag","embeddable":true,"href":"https:\/\/www.visit-montenegro.com\/me\/wp-json\/wp\/v2\/tags?post=134053"}],"curies":[{"name":"wp","href":"https:\/\/api.w.org\/{rel}","templated":true}]}}