{"id":134080,"date":"2026-01-27T21:44:31","date_gmt":"2026-01-27T20:44:31","guid":{"rendered":"https:\/\/new.visit-montenegro.com\/kupovina-2\/"},"modified":"2026-02-22T17:15:05","modified_gmt":"2026-02-22T16:15:05","slug":"kupovina","status":"publish","type":"page","link":"https:\/\/www.visit-montenegro.com\/me\/destinacije\/kotor\/info\/kupovina\/","title":{"rendered":"Kupovina u Kotoru"},"content":{"rendered":"\n<p>Istorijski dragulj Crne Gore, <a href=\"https:\/\/www.visit-montenegro.com\/me\/destinacije\/kotor\/\">Kotor<\/a>, nudi \u0161armantnu kombinaciju tradicionalnih i modernih maloprodajnih iskustava. Posljedi\u010dno, posjetioci mogu istra\u017eiti sve, od malih butika u starom gradu do savremenog tr\u017enog centra odmah izvan njegovih vrata.<\/p>\n\n<p>Kotor ima mnogo malih prodavnica i butika ra\u0161trkanih po starom gradu. Tu je i jedan veliki tr\u017eni centar lociran odmah izvan vrata starog grada.<\/p>\n<hr \/>\n\n<h2 class=\"wp-block-heading\">Tr\u017eni centar Kamelija<\/h2>\n\n<p><strong>Tr\u017eni centar Kamelija<\/strong> je moderan, elegantno stilizovan i prijateljski prostor. Njegov arhitektonski dizajn je u skladu sa svim UNESCO standardima i odredbama, te tako spaja tradicionalne i moderne karakteristike. Tr\u017eni centar Kamelija je lako dostupan, sa 120 parking mjesta, prizemljem i dodatna dva sprata. Vi\u0161e informacija mo\u017eete prona\u0107i na <a href=\"http:\/\/www.kamelija.me\/\" target=\"_blank\">websajtu tr\u017enog centra kamelija<\/a>.<\/p>\n\n<h2 class=\"wp-block-heading\">Butici i prodavnice u Starom gradu<\/h2>\n\n<p>Unutar starog grada mo\u017eete prona\u0107i manje prodavnice i prodava\u010dnice koje nude obu\u0107u i odje\u0107u poznatih evropskih i svjetskih dizajnera i kreatora. Najve\u0107i broj butika nudi gotovo sve komade modne odje\u0107e uglavnom italijanskih modnih firmi. Izgled i ponuda u buticima su na veoma visokom nivou. Kotorski butici daju izgled harmonije u izboru uzoraka odje\u0107e, materijala i pokazuju nam vje\u0161tinu trgovanja, kao da je to zanat, koji se godinama obavlja u Starom gradu. Potro\u0161a\u010di svih uzrasta i ukusa u kotorskim prodavnicama mogu prona\u0107i gotovo sve \u0161to je potrebno za lijep, pristojan i moderan izgled.<\/p>\n\n<p>Osim butika i prodavnica odje\u0107e, u starom gradu tako\u0111e mo\u017eete prona\u0107i veliki broj suvenirnica, foto prodavnica, zlatara, knji\u017eara, antikvarijata, prodavnica mje\u0161ovite robe, frizerskih salona, kozmeti\u010dkih salona, berbernica, kafi\u0107a, pizzerija, poslasti\u010darnica itd\u2026<\/p>\n\n<h2 class=\"wp-block-heading\">Kotorska pijaca<\/h2>\n\n<p>Na drugom ulazu u Stari grad, ta\u010dno preko kotorske rive i luke mo\u017eemo prona\u0107i <strong>Kotorsku pijacu<\/strong>. Oduvijek je to mjesto bilo namijenjeno za razmjenu i trampu raznih dobara i robe. Danas se na toj pijaci uglavnom prodaje vo\u0107e, povr\u0107e i riba, ali i \u0161tandovi sa bi\u017euterijom i drugim sitnicama su neizostavni.<\/p>\n\n<p><\/p>\n","protected":false},"excerpt":{"rendered":"<p>Otkrijte najbolje od kupovine u Kotoru, od modernih tr\u017enih centara do istorijskih butika. Istra\u017eite raznovrsne maloprodajne opcije koje spajaju tradiciju sa stilom, savr\u0161ene za sve ukuse i potrebe.<\/p>\n","protected":false},"author":1,"featured_media":134060,"parent":134136,"menu_order":0,"comment_status":"closed","ping_status":"closed","template":"","meta":{"_yoast_wpseo_focuskw":"Kupovina u Kotoru","_yoast_wpseo_metadesc":"Istra\u017eite kupovinu u Kotoru: od tr\u017enih centara u skladu sa UNESCO standardima do \u0161armantnih butika u starom gradu i \u017eivahnih pijaca. Prona\u0111ite modu, suvenire i lokalne proizvode u istorijskom dragulju Crne Gore.","_kad_post_transparent":"","_kad_post_title":"","_kad_post_layout":"","_kad_post_sidebar_id":"","_kad_post_content_style":"","_kad_post_vertical_padding":"","_kad_post_feature":"","_kad_post_feature_position":"","_kad_post_header":false,"_kad_post_footer":false,"_kad_post_classname":"","iawp_total_views":7,"footnotes":""},"tags":[140,52,139,62,141,76],"class_list":["post-134080","page","type-page","status-publish","has-post-thumbnail","hentry","tag-crna-gora","tag-montenegro","tag-news","tag-tourism","tag-travel","tag-visit"],"yoast_head":"<!-- This site is optimized with the Yoast SEO plugin v27.3 - https:\/\/yoast.com\/product\/yoast-seo-wordpress\/ -->\n<title>Kupovina u Kotoru - Visit Montenegro<\/title>\n<meta name=\"description\" content=\"Istra\u017eite kupovinu u Kotoru: od tr\u017enih centara u skladu sa UNESCO standardima do \u0161armantnih butika u starom gradu i \u017eivahnih pijaca. Prona\u0111ite modu, suvenire i lokalne proizvode u istorijskom dragulju Crne Gore.\" \/>\n<meta name=\"robots\" content=\"index, follow, max-snippet:-1, max-image-preview:large, max-video-preview:-1\" \/>\n<link rel=\"canonical\" href=\"https:\/\/www.visit-montenegro.com\/me\/destinacije\/kotor\/info\/kupovina\/\" \/>\n<meta property=\"og:locale\" content=\"en_US\" \/>\n<meta property=\"og:type\" content=\"article\" \/>\n<meta property=\"og:title\" content=\"Kupovina u Kotoru - Visit Montenegro\" \/>\n<meta property=\"og:description\" content=\"Istra\u017eite kupovinu u Kotoru: od tr\u017enih centara u skladu sa UNESCO standardima do \u0161armantnih butika u starom gradu i \u017eivahnih pijaca. Prona\u0111ite modu, suvenire i lokalne proizvode u istorijskom dragulju Crne Gore.\" \/>\n<meta property=\"og:url\" content=\"https:\/\/www.visit-montenegro.com\/me\/destinacije\/kotor\/info\/kupovina\/\" \/>\n<meta property=\"og:site_name\" content=\"Visit Montenegro\" \/>\n<meta property=\"article:publisher\" content=\"https:\/\/www.facebook.com\/visitmontenegro\" \/>\n<meta property=\"article:modified_time\" content=\"2026-02-22T16:15:05+00:00\" \/>\n<meta property=\"og:image\" content=\"https:\/\/www.visit-montenegro.com\/wp-content\/uploads\/2026\/02\/Depositphotos_153048182_XL-scaled.jpg\" \/>\n\t<meta property=\"og:image:width\" content=\"1600\" \/>\n\t<meta property=\"og:image:height\" content=\"1067\" \/>\n\t<meta property=\"og:image:type\" content=\"image\/jpeg\" \/>\n<meta name=\"twitter:card\" content=\"summary_large_image\" \/>\n<meta name=\"twitter:site\" content=\"@visitmontenegro\" \/>\n<meta name=\"twitter:label1\" content=\"Est. reading time\" \/>\n\t<meta name=\"twitter:data1\" content=\"2 minutes\" \/>\n<script type=\"application\/ld+json\" class=\"yoast-schema-graph\">{\"@context\":\"https:\\\/\\\/schema.org\",\"@graph\":[{\"@type\":\"WebPage\",\"@id\":\"https:\\\/\\\/www.visit-montenegro.com\\\/me\\\/destinacije\\\/kotor\\\/info\\\/kupovina\\\/\",\"url\":\"https:\\\/\\\/www.visit-montenegro.com\\\/me\\\/destinacije\\\/kotor\\\/info\\\/kupovina\\\/\",\"name\":\"Kupovina u Kotoru - Visit Montenegro\",\"isPartOf\":{\"@id\":\"https:\\\/\\\/www.visit-montenegro.com\\\/me\\\/#website\"},\"primaryImageOfPage\":{\"@id\":\"https:\\\/\\\/www.visit-montenegro.com\\\/me\\\/destinacije\\\/kotor\\\/info\\\/kupovina\\\/#primaryimage\"},\"image\":{\"@id\":\"https:\\\/\\\/www.visit-montenegro.com\\\/me\\\/destinacije\\\/kotor\\\/info\\\/kupovina\\\/#primaryimage\"},\"thumbnailUrl\":\"https:\\\/\\\/www.visit-montenegro.com\\\/wp-content\\\/uploads\\\/2026\\\/02\\\/Depositphotos_153048182_XL-scaled.jpg\",\"datePublished\":\"2026-01-27T20:44:31+00:00\",\"dateModified\":\"2026-02-22T16:15:05+00:00\",\"description\":\"Istra\u017eite kupovinu u Kotoru: od tr\u017enih centara u skladu sa UNESCO standardima do \u0161armantnih butika u starom gradu i \u017eivahnih pijaca. Prona\u0111ite modu, suvenire i lokalne proizvode u istorijskom dragulju Crne Gore.\",\"breadcrumb\":{\"@id\":\"https:\\\/\\\/www.visit-montenegro.com\\\/me\\\/destinacije\\\/kotor\\\/info\\\/kupovina\\\/#breadcrumb\"},\"inLanguage\":\"sr-Latn-ME\",\"potentialAction\":[{\"@type\":\"ReadAction\",\"target\":[\"https:\\\/\\\/www.visit-montenegro.com\\\/me\\\/destinacije\\\/kotor\\\/info\\\/kupovina\\\/\"]}]},{\"@type\":\"ImageObject\",\"inLanguage\":\"sr-Latn-ME\",\"@id\":\"https:\\\/\\\/www.visit-montenegro.com\\\/me\\\/destinacije\\\/kotor\\\/info\\\/kupovina\\\/#primaryimage\",\"url\":\"https:\\\/\\\/www.visit-montenegro.com\\\/wp-content\\\/uploads\\\/2026\\\/02\\\/Depositphotos_153048182_XL-scaled.jpg\",\"contentUrl\":\"https:\\\/\\\/www.visit-montenegro.com\\\/wp-content\\\/uploads\\\/2026\\\/02\\\/Depositphotos_153048182_XL-scaled.jpg\",\"width\":1600,\"height\":1067},{\"@type\":\"BreadcrumbList\",\"@id\":\"https:\\\/\\\/www.visit-montenegro.com\\\/me\\\/destinacije\\\/kotor\\\/info\\\/kupovina\\\/#breadcrumb\",\"itemListElement\":[{\"@type\":\"ListItem\",\"position\":1,\"name\":\"Home\",\"item\":\"https:\\\/\\\/www.visit-montenegro.com\\\/me\\\/pocetna\\\/\"},{\"@type\":\"ListItem\",\"position\":2,\"name\":\"Turisti\u010dke destinacije u Crnoj Gori\",\"item\":\"https:\\\/\\\/www.visit-montenegro.com\\\/me\\\/destinacije\\\/\"},{\"@type\":\"ListItem\",\"position\":3,\"name\":\"Kotor\",\"item\":\"https:\\\/\\\/www.visit-montenegro.com\\\/me\\\/destinacije\\\/kotor\\\/\"},{\"@type\":\"ListItem\",\"position\":4,\"name\":\"Vi\u0161e o Kotoru\",\"item\":\"https:\\\/\\\/www.visit-montenegro.com\\\/me\\\/destinacije\\\/kotor\\\/info\\\/\"},{\"@type\":\"ListItem\",\"position\":5,\"name\":\"Kupovina u Kotoru\"}]},{\"@type\":\"WebSite\",\"@id\":\"https:\\\/\\\/www.visit-montenegro.com\\\/me\\\/#website\",\"url\":\"https:\\\/\\\/www.visit-montenegro.com\\\/me\\\/\",\"name\":\"Visit Montenegro\",\"description\":\"Breathtaking beauty\",\"publisher\":{\"@id\":\"https:\\\/\\\/www.visit-montenegro.com\\\/me\\\/#organization\"},\"potentialAction\":[{\"@type\":\"SearchAction\",\"target\":{\"@type\":\"EntryPoint\",\"urlTemplate\":\"https:\\\/\\\/www.visit-montenegro.com\\\/me\\\/?s={search_term_string}\"},\"query-input\":{\"@type\":\"PropertyValueSpecification\",\"valueRequired\":true,\"valueName\":\"search_term_string\"}}],\"inLanguage\":\"sr-Latn-ME\"},{\"@type\":\"Organization\",\"@id\":\"https:\\\/\\\/www.visit-montenegro.com\\\/me\\\/#organization\",\"name\":\"Visit Montenegro\",\"url\":\"https:\\\/\\\/www.visit-montenegro.com\\\/me\\\/\",\"logo\":{\"@type\":\"ImageObject\",\"inLanguage\":\"sr-Latn-ME\",\"@id\":\"https:\\\/\\\/www.visit-montenegro.com\\\/me\\\/#\\\/schema\\\/logo\\\/image\\\/\",\"url\":\"https:\\\/\\\/www.visit-montenegro.com\\\/wp-content\\\/uploads\\\/2017\\\/10\\\/logo-amp.png\",\"contentUrl\":\"https:\\\/\\\/www.visit-montenegro.com\\\/wp-content\\\/uploads\\\/2017\\\/10\\\/logo-amp.png\",\"width\":190,\"height\":36,\"caption\":\"Visit Montenegro\"},\"image\":{\"@id\":\"https:\\\/\\\/www.visit-montenegro.com\\\/me\\\/#\\\/schema\\\/logo\\\/image\\\/\"},\"sameAs\":[\"https:\\\/\\\/www.facebook.com\\\/visitmontenegro\",\"https:\\\/\\\/x.com\\\/visitmontenegro\",\"https:\\\/\\\/www.instagram.com\\\/visit_montenegro\\\/\",\"https:\\\/\\\/www.youtube.com\\\/user\\\/VisitMontenegro\"]}]}<\/script>\n<!-- \/ Yoast SEO plugin. -->","yoast_head_json":{"title":"Kupovina u Kotoru - Visit Montenegro","description":"Istra\u017eite kupovinu u Kotoru: od tr\u017enih centara u skladu sa UNESCO standardima do \u0161armantnih butika u starom gradu i \u017eivahnih pijaca. Prona\u0111ite modu, suvenire i lokalne proizvode u istorijskom dragulju Crne Gore.","robots":{"index":"index","follow":"follow","max-snippet":"max-snippet:-1","max-image-preview":"max-image-preview:large","max-video-preview":"max-video-preview:-1"},"canonical":"https:\/\/www.visit-montenegro.com\/me\/destinacije\/kotor\/info\/kupovina\/","og_locale":"en_US","og_type":"article","og_title":"Kupovina u Kotoru - Visit Montenegro","og_description":"Istra\u017eite kupovinu u Kotoru: od tr\u017enih centara u skladu sa UNESCO standardima do \u0161armantnih butika u starom gradu i \u017eivahnih pijaca. Prona\u0111ite modu, suvenire i lokalne proizvode u istorijskom dragulju Crne Gore.","og_url":"https:\/\/www.visit-montenegro.com\/me\/destinacije\/kotor\/info\/kupovina\/","og_site_name":"Visit Montenegro","article_publisher":"https:\/\/www.facebook.com\/visitmontenegro","article_modified_time":"2026-02-22T16:15:05+00:00","og_image":[{"width":1600,"height":1067,"url":"https:\/\/www.visit-montenegro.com\/wp-content\/uploads\/2026\/02\/Depositphotos_153048182_XL-scaled.jpg","type":"image\/jpeg"}],"twitter_card":"summary_large_image","twitter_site":"@visitmontenegro","twitter_misc":{"Est. reading time":"2 minutes"},"schema":{"@context":"https:\/\/schema.org","@graph":[{"@type":"WebPage","@id":"https:\/\/www.visit-montenegro.com\/me\/destinacije\/kotor\/info\/kupovina\/","url":"https:\/\/www.visit-montenegro.com\/me\/destinacije\/kotor\/info\/kupovina\/","name":"Kupovina u Kotoru - Visit Montenegro","isPartOf":{"@id":"https:\/\/www.visit-montenegro.com\/me\/#website"},"primaryImageOfPage":{"@id":"https:\/\/www.visit-montenegro.com\/me\/destinacije\/kotor\/info\/kupovina\/#primaryimage"},"image":{"@id":"https:\/\/www.visit-montenegro.com\/me\/destinacije\/kotor\/info\/kupovina\/#primaryimage"},"thumbnailUrl":"https:\/\/www.visit-montenegro.com\/wp-content\/uploads\/2026\/02\/Depositphotos_153048182_XL-scaled.jpg","datePublished":"2026-01-27T20:44:31+00:00","dateModified":"2026-02-22T16:15:05+00:00","description":"Istra\u017eite kupovinu u Kotoru: od tr\u017enih centara u skladu sa UNESCO standardima do \u0161armantnih butika u starom gradu i \u017eivahnih pijaca. Prona\u0111ite modu, suvenire i lokalne proizvode u istorijskom dragulju Crne Gore.","breadcrumb":{"@id":"https:\/\/www.visit-montenegro.com\/me\/destinacije\/kotor\/info\/kupovina\/#breadcrumb"},"inLanguage":"sr-Latn-ME","potentialAction":[{"@type":"ReadAction","target":["https:\/\/www.visit-montenegro.com\/me\/destinacije\/kotor\/info\/kupovina\/"]}]},{"@type":"ImageObject","inLanguage":"sr-Latn-ME","@id":"https:\/\/www.visit-montenegro.com\/me\/destinacije\/kotor\/info\/kupovina\/#primaryimage","url":"https:\/\/www.visit-montenegro.com\/wp-content\/uploads\/2026\/02\/Depositphotos_153048182_XL-scaled.jpg","contentUrl":"https:\/\/www.visit-montenegro.com\/wp-content\/uploads\/2026\/02\/Depositphotos_153048182_XL-scaled.jpg","width":1600,"height":1067},{"@type":"BreadcrumbList","@id":"https:\/\/www.visit-montenegro.com\/me\/destinacije\/kotor\/info\/kupovina\/#breadcrumb","itemListElement":[{"@type":"ListItem","position":1,"name":"Home","item":"https:\/\/www.visit-montenegro.com\/me\/pocetna\/"},{"@type":"ListItem","position":2,"name":"Turisti\u010dke destinacije u Crnoj Gori","item":"https:\/\/www.visit-montenegro.com\/me\/destinacije\/"},{"@type":"ListItem","position":3,"name":"Kotor","item":"https:\/\/www.visit-montenegro.com\/me\/destinacije\/kotor\/"},{"@type":"ListItem","position":4,"name":"Vi\u0161e o Kotoru","item":"https:\/\/www.visit-montenegro.com\/me\/destinacije\/kotor\/info\/"},{"@type":"ListItem","position":5,"name":"Kupovina u Kotoru"}]},{"@type":"WebSite","@id":"https:\/\/www.visit-montenegro.com\/me\/#website","url":"https:\/\/www.visit-montenegro.com\/me\/","name":"Visit Montenegro","description":"Breathtaking beauty","publisher":{"@id":"https:\/\/www.visit-montenegro.com\/me\/#organization"},"potentialAction":[{"@type":"SearchAction","target":{"@type":"EntryPoint","urlTemplate":"https:\/\/www.visit-montenegro.com\/me\/?s={search_term_string}"},"query-input":{"@type":"PropertyValueSpecification","valueRequired":true,"valueName":"search_term_string"}}],"inLanguage":"sr-Latn-ME"},{"@type":"Organization","@id":"https:\/\/www.visit-montenegro.com\/me\/#organization","name":"Visit Montenegro","url":"https:\/\/www.visit-montenegro.com\/me\/","logo":{"@type":"ImageObject","inLanguage":"sr-Latn-ME","@id":"https:\/\/www.visit-montenegro.com\/me\/#\/schema\/logo\/image\/","url":"https:\/\/www.visit-montenegro.com\/wp-content\/uploads\/2017\/10\/logo-amp.png","contentUrl":"https:\/\/www.visit-montenegro.com\/wp-content\/uploads\/2017\/10\/logo-amp.png","width":190,"height":36,"caption":"Visit Montenegro"},"image":{"@id":"https:\/\/www.visit-montenegro.com\/me\/#\/schema\/logo\/image\/"},"sameAs":["https:\/\/www.facebook.com\/visitmontenegro","https:\/\/x.com\/visitmontenegro","https:\/\/www.instagram.com\/visit_montenegro\/","https:\/\/www.youtube.com\/user\/VisitMontenegro"]}]}},"translations":[],"_links":{"self":[{"href":"https:\/\/www.visit-montenegro.com\/me\/wp-json\/wp\/v2\/pages\/134080","targetHints":{"allow":["GET"]}}],"collection":[{"href":"https:\/\/www.visit-montenegro.com\/me\/wp-json\/wp\/v2\/pages"}],"about":[{"href":"https:\/\/www.visit-montenegro.com\/me\/wp-json\/wp\/v2\/types\/page"}],"author":[{"embeddable":true,"href":"https:\/\/www.visit-montenegro.com\/me\/wp-json\/wp\/v2\/users\/1"}],"replies":[{"embeddable":true,"href":"https:\/\/www.visit-montenegro.com\/me\/wp-json\/wp\/v2\/comments?post=134080"}],"version-history":[{"count":0,"href":"https:\/\/www.visit-montenegro.com\/me\/wp-json\/wp\/v2\/pages\/134080\/revisions"}],"up":[{"embeddable":true,"href":"https:\/\/www.visit-montenegro.com\/me\/wp-json\/wp\/v2\/pages\/134136"}],"wp:featuredmedia":[{"embeddable":true,"href":"https:\/\/www.visit-montenegro.com\/me\/wp-json\/wp\/v2\/media\/134060"}],"wp:attachment":[{"href":"https:\/\/www.visit-montenegro.com\/me\/wp-json\/wp\/v2\/media?parent=134080"}],"wp:term":[{"taxonomy":"post_tag","embeddable":true,"href":"https:\/\/www.visit-montenegro.com\/me\/wp-json\/wp\/v2\/tags?post=134080"}],"curies":[{"name":"wp","href":"https:\/\/api.w.org\/{rel}","templated":true}]}}