{"id":134086,"date":"2026-01-27T21:44:31","date_gmt":"2026-01-27T20:44:31","guid":{"rendered":"https:\/\/new.visit-montenegro.com\/istorija-3\/"},"modified":"2026-02-22T17:15:06","modified_gmt":"2026-02-22T16:15:06","slug":"istorija","status":"publish","type":"page","link":"https:\/\/www.visit-montenegro.com\/me\/destinacije\/kotor\/info\/istorija\/","title":{"rendered":"Istorija Kotora"},"content":{"rendered":"\n<p><strong>Istorija Kotora<\/strong> obuhvata preko dva milenijuma, a njegovo ime poti\u010de od gr\u010dke re\u010di <em>katareo<\/em>, \u0161to zna\u010di &#8220;vru\u0107e&#8221;. Pri\u010da ovog drevnog grada obele\u017eena je raznolikim vladarima i dramati\u010dnim doga\u0111ajima, od ilirskih po\u010detaka do mleta\u010dkih utvr\u0111enja, oblikuju\u0107i njegovu bogatu kulturnu ba\u0161tinu.<\/p>\n\n<hr class=\"wp-block-separator has-alpha-channel-opacity\"\/>\n\n<p><strong><a href=\"https:\/\/www.visit-montenegro.com\/me\/destinacije\/kotor\/\">Kotor<\/a> je stariji od dve hiljade godina<\/strong>, a njegovo ime poti\u010de od re\u010di Dekatera (od starogr\u010dkog <em>katareo<\/em> \u2013 \u0161to zna\u010di VRELO). Pisani izvori pominju &#8220;Gornji grad&#8221;, koji se odnosio na najstariji deo naselja na vrhu <a href=\"https:\/\/www.visit-montenegro.com\/me\/destinacije\/kotor\/atrakcije\/san-giovanni-fortress\/\">brda Sveti Ivan<\/a> iznad Kotora, i &#8220;Donji grad&#8221;, sada\u0161nji <a href=\"https:\/\/www.visit-montenegro.com\/me\/destinacije\/kotor\/atrakcije\/stari-grad-kotor\/\">stari grad Kotor<\/a>.<\/p>\n\n<figure class=\"wp-block-image size-large\"><img loading=\"lazy\" decoding=\"async\" width=\"1024\" height=\"578\" src=\"https:\/\/www.visit-montenegro.com\/wp-content\/uploads\/2026\/02\/Depositphotos_307405336_XL-1024x578.jpg\" alt=\"\" class=\"wp-image-133135\" srcset=\"https:\/\/www.visit-montenegro.com\/wp-content\/uploads\/2026\/02\/Depositphotos_307405336_XL-1024x578.jpg 1024w, https:\/\/www.visit-montenegro.com\/wp-content\/uploads\/2026\/02\/Depositphotos_307405336_XL-300x169.jpg 300w, https:\/\/www.visit-montenegro.com\/wp-content\/uploads\/2026\/02\/Depositphotos_307405336_XL-768x433.jpg 768w, https:\/\/www.visit-montenegro.com\/wp-content\/uploads\/2026\/02\/Depositphotos_307405336_XL-1536x867.jpg 1536w, https:\/\/www.visit-montenegro.com\/wp-content\/uploads\/2026\/02\/Depositphotos_307405336_XL-2048x1156.jpg 2048w, https:\/\/www.visit-montenegro.com\/wp-content\/uploads\/2026\/02\/Depositphotos_307405336_XL-scaled.jpg 1600w\" sizes=\"auto, (max-width: 1024px) 100vw, 1024px\" \/><\/figure>\n\n<p>Bogata <strong>istorija Kotora<\/strong>, paralelna je sa bogatom kulturom grada kojim su vladali mnogi osvaja\u010di: Iliri, Mle\u010dani, Austrijanci, Francuzi&#8230;<\/p>\n\n<h2 class=\"wp-block-heading\">Drevni temelji i rani vladari<\/h2>\n\n<p>Prvo su gradom vladali <strong>Iliri<\/strong> (III i II vijek p.n.e.). S druge strane, <strong>Rimljani<\/strong> se smatraju osniva\u010dima Kotora 168. p.n.e. \u2013 476. n.e. Kotor je bio pod njihovom vla\u0161\u0107u do raspada Rimskog carstva 476. n.e. pod imenom <strong>Akruvijum<\/strong>. Nakon Rimljana, do 1185. godine Kotor je bio pod vla\u0161\u0107u <strong>Vizantije<\/strong>. Pod vizantijskom vla\u0161\u0107u Kotor je nazvan <strong>Dekaderon<\/strong>.<\/p>\n\n<h2 class=\"wp-block-heading\">Srednjovekovne transformacije i nezavisnost<\/h2>\n\n<p>Period od 1185. do 1371. Kotor ostaje jedan od primorskih gradova koji su deo <strong>srednjovekovne srpske dr\u017eave<\/strong>, pod upravom dinastije Nemanji\u0107. Dinastija Nemanji\u0107 naziva grad Kotor i \u010dini ga morskom lukom, kroz koju su odr\u017eavali veze sa zapadom. Tokom vladavine srpske dinastije Nemanji\u0107, Kotor do\u017eivljava zna\u010dajan ekonomski i kulturni procvat.<\/p>\n\n<p>Nakon dinastije Nemanji\u0107, Kotor preuzimaju <strong>Ma\u0111ari<\/strong>. Ma\u0111arski kralj Ludvik vlada Kotorom od 1371. do 1384. Nakon toga, Kotorom upravlja <strong>bosanski<\/strong> kralj Tvrtko I (1384 \u2013 1391).<\/p>\n\n<figure class=\"wp-block-image size-large\"><img loading=\"lazy\" decoding=\"async\" width=\"1024\" height=\"684\" src=\"https:\/\/www.visit-montenegro.com\/wp-content\/uploads\/2026\/01\/kotor-walls-up-1024x684.jpg\" alt=\"\" class=\"wp-image-36106\" srcset=\"https:\/\/www.visit-montenegro.com\/wp-content\/uploads\/2026\/01\/kotor-walls-up-1024x684.jpg 1024w, https:\/\/www.visit-montenegro.com\/wp-content\/uploads\/2026\/01\/kotor-walls-up-300x200.jpg 300w, https:\/\/www.visit-montenegro.com\/wp-content\/uploads\/2026\/01\/kotor-walls-up-768x513.jpg 768w, https:\/\/www.visit-montenegro.com\/wp-content\/uploads\/2026\/01\/kotor-walls-up-1536x1026.jpg 1536w, https:\/\/www.visit-montenegro.com\/wp-content\/uploads\/2026\/01\/kotor-walls-up-1200x801.jpg 1200w, https:\/\/www.visit-montenegro.com\/wp-content\/uploads\/2026\/01\/kotor-walls-up-scaled.jpg 1600w\" sizes=\"auto, (max-width: 1024px) 100vw, 1024px\" \/><figcaption class=\"wp-element-caption\">Zidine tvr\u0111ave Kotora i stepenice od kamena kroz srednjovekovni zamak iznad Starog grada Kotora u Boki Kotorskoj, Crna Gora.<\/figcaption><\/figure>\n\n<p>Period od 1391. do 1420. Kotor je <strong>nezavisna Republika<\/strong>. Zbog opasnosti od osvajanja grada od strane Turaka, 1420. godine ljudi iz Kotora dobrovoljno, i u skladu sa odlukom Velikog vije\u0107a Kotora, predaju upravu grada <strong>Mleta\u010dkoj Republici<\/strong>. Do 1797. Kotor je bio pod vla\u0161\u0107u Mleta\u010dke. S obzirom na to da je u to vreme Kotor bio bojno polje, period do 1797. smatra se najdramati\u010dnijim i najte\u017eim u <strong>istoriji Kotora<\/strong>.<\/p>\n\n<figure class=\"wp-block-image size-large\"><img loading=\"lazy\" decoding=\"async\" width=\"1024\" height=\"683\" src=\"https:\/\/www.visit-montenegro.com\/wp-content\/uploads\/2026\/01\/kotor-main-gate-1024x683.jpg\" alt=\"\" class=\"wp-image-36092\" srcset=\"https:\/\/www.visit-montenegro.com\/wp-content\/uploads\/2026\/01\/kotor-main-gate-1024x683.jpg 1024w, https:\/\/www.visit-montenegro.com\/wp-content\/uploads\/2026\/01\/kotor-main-gate-300x200.jpg 300w, https:\/\/www.visit-montenegro.com\/wp-content\/uploads\/2026\/01\/kotor-main-gate-768x512.jpg 768w, https:\/\/www.visit-montenegro.com\/wp-content\/uploads\/2026\/01\/kotor-main-gate-1536x1024.jpg 1536w, https:\/\/www.visit-montenegro.com\/wp-content\/uploads\/2026\/01\/kotor-main-gate-1200x800.jpg 1200w, https:\/\/www.visit-montenegro.com\/wp-content\/uploads\/2026\/01\/kotor-main-gate-scaled.jpg 1600w\" sizes=\"auto, (max-width: 1024px) 100vw, 1024px\" \/><figcaption class=\"wp-element-caption\">Kapija tvr\u0111ave Starog grada Kotora, Crna Gora<\/figcaption><\/figure>\n\n<h2 class=\"wp-block-heading\">Moderno doba i izazovi<\/h2>\n\n<p><strong>Istorija Kotora<\/strong> tako\u0111e bele\u017ei prirodne katastrofe. Kotor je pogodilo nekoliko zemljotresa. To su bili zemljotresi u: 1537, 1563, 1667, 1729. i 1979. Kotor je tako\u0111e pre\u017eiveo godine kada je svet bio okru\u017een zaraznom bole\u0161\u0107u \u2013 kugom u: 1422, 1427, 1457, 1467. i 1572.<\/p>\n\n<p>Od 1797. do 1805. Kotor je deo <strong>Austrijskog<\/strong> carstva. 1806. godine <strong>Rusi<\/strong> dolaze u Kotor. Oni su upravljali gradom samo godinu dana \u2013 do 1807.<\/p>\n\n<p><strong>Francuzi<\/strong> uskoro ugro\u017eavaju Kotor. Kako je ruska vojska pora\u017eena od Francuza u bici kod Fridlanda, Rusi tajnim ugovorom predaju Kotor Francuskoj, koja vlada Kotorom od 1807. do 1813.<\/p>\n\n<p><strong>Crnogorski vladar Petar I Petrovi\u0107<\/strong> poma\u017ee ljudima iz Kotora u septembru 1813. godine. U to vreme Crnogorci i ljudi iz Boke (drugi naziv za ljude iz Kotora) zajedno se bore protiv francuske monarhije. Tako dolazi do odre\u0111ene unije Boke i tada\u0161nje Crne Gore. Me\u0111utim, ta unija je trajala samo 9 mjeseci, jer Pari\u0161ki mirovni kongres, odr\u017ean 1814, nije priznao tu uniju, pa nakon te konferencije (Boka sa okolinom) se daje <strong>Austriji<\/strong> (1814 \u2013 1918).<\/p>\n\n<p>Stogodi\u0161nja vladavina Austrije nad Kotorom obele\u017eena je brojnim pobunama i ustancima ljudi iz Boke Kotorske. Oslobo\u0111enje od Austrije Kotor je \u010dekao 1918. godine.<\/p>\n\n<p>Kao i svi drugi gradovi biv\u0161eg Kraljevstva Srba, Hrvata i Slovenaca, Kotor, iscrpljen brojnim okupacijama, \u010dekao je najve\u0107i rat ikada vo\u0111en \u2013 Drugi svjetski rat, 1941. godine. Kotor do\u017eivljava oslobo\u0111enje od nacisti\u010dke kontrole u novembru 1944.<\/p>\n\n<figure class=\"wp-block-image size-large\"><img loading=\"lazy\" decoding=\"async\" width=\"1024\" height=\"683\" src=\"https:\/\/www.visit-montenegro.com\/wp-content\/uploads\/2026\/01\/kotor-city-walls-mist-1024x683.jpg\" alt=\"\" class=\"wp-image-36085\" srcset=\"https:\/\/www.visit-montenegro.com\/wp-content\/uploads\/2026\/01\/kotor-city-walls-mist-1024x683.jpg 1024w, https:\/\/www.visit-montenegro.com\/wp-content\/uploads\/2026\/01\/kotor-city-walls-mist-300x200.jpg 300w, https:\/\/www.visit-montenegro.com\/wp-content\/uploads\/2026\/01\/kotor-city-walls-mist-768x512.jpg 768w, https:\/\/www.visit-montenegro.com\/wp-content\/uploads\/2026\/01\/kotor-city-walls-mist-1536x1024.jpg 1536w, https:\/\/www.visit-montenegro.com\/wp-content\/uploads\/2026\/01\/kotor-city-walls-mist-1200x800.jpg 1200w, https:\/\/www.visit-montenegro.com\/wp-content\/uploads\/2026\/01\/kotor-city-walls-mist-scaled.jpg 1600w\" sizes=\"auto, (max-width: 1024px) 100vw, 1024px\" \/><figcaption class=\"wp-element-caption\">Slikovit planinski pejza\u017e, tvr\u0111ava starog grada Kotora u zoru, Crna Gora<\/figcaption><\/figure>\n\n<h3 class=\"wp-block-heading\">Legenda o Kotoru<\/h3>\n\n<p>Kotor je grad sa mnogo razli\u010ditih pri\u010da i legendi. Gotovo svaki njegov dio, svaki kamen kojim su poplo\u010dane ulice, palate koje okru\u017euju odre\u0111ene dijelove grada, spomenici koje ima, mogu ispri\u010dati veoma lijepu pri\u010du, istinitu pri\u010du ili neki trik. Evo legende o tome kako je nastala <strong>Dobrota<\/strong>, koja je jedan od kotorskih kvartova.<\/p>\n\n<p>Dva putnika, koji su putovali po svijetu, do\u0161la su do sivog mora. Kako su ve\u0107 bili iscrpljeni od dugog putovanja, sjeli su na neku vrstu stijene da se odmore i osvje\u017ee. Jedan od njih se malo pomaknuo u stranu i primijetio plo\u010du s nekim natpisom. Natpis je glasio: &#8220;Izmjerite 10 du\u017eina, kopajte i stanite&#8221;. Kada su to pro\u010ditali, zapitali su se \u0161ta bi to moglo biti, pa su zajedno po\u010deli da naga\u0111aju \u0161ta bi ta uputa mogla zna\u010diti. U jednom trenutku do\u0161li su na ideju da izmjere 10 du\u017eina sa plo\u010dom, i tako su i uradili. Kada su izmjerili tra\u017eenu du\u017einu, po\u010deli su da kopaju malu rupu u zemlji i prona\u0161li su neku vrstu malog sanduka. Poku\u0161ali su da ga otvore, ali na njihovo zaprepa\u0161tenje, sanduk se sam otvorio.<\/p>\n\n<figure class=\"wp-block-image size-large\"><img loading=\"lazy\" decoding=\"async\" width=\"1024\" height=\"683\" src=\"https:\/\/www.visit-montenegro.com\/wp-content\/uploads\/2026\/02\/Depositphotos_277663994_XL-1024x683.jpg\" alt=\"\" class=\"wp-image-133166\" srcset=\"https:\/\/www.visit-montenegro.com\/wp-content\/uploads\/2026\/02\/Depositphotos_277663994_XL-1024x683.jpg 1024w, https:\/\/www.visit-montenegro.com\/wp-content\/uploads\/2026\/02\/Depositphotos_277663994_XL-300x200.jpg 300w, https:\/\/www.visit-montenegro.com\/wp-content\/uploads\/2026\/02\/Depositphotos_277663994_XL-768x512.jpg 768w, https:\/\/www.visit-montenegro.com\/wp-content\/uploads\/2026\/02\/Depositphotos_277663994_XL-1536x1024.jpg 1536w, https:\/\/www.visit-montenegro.com\/wp-content\/uploads\/2026\/02\/Depositphotos_277663994_XL-2048x1365.jpg 2048w, https:\/\/www.visit-montenegro.com\/wp-content\/uploads\/2026\/02\/Depositphotos_277663994_XL-scaled.jpg 1600w\" sizes=\"auto, (max-width: 1024px) 100vw, 1024px\" \/><figcaption class=\"wp-element-caption\">Atrakcije i primorski grad Kotor. Panorama zaliva u Crnoj Gori, Dobrota.<\/figcaption><\/figure>\n\n<p>Na dnu sanduka zlatnim slovima bilo je napisano &#8220;ovo je sva\u010dije dobro&#8221;. Dugo su razmi\u0161ljali \u0161ta da rade?! Da ostanu gdje jesu, ili da nastave putovanje? Ipak, kako je poruka bila poput nekog zavjeta, ostali su na mjestu gdje su prona\u0161li poruku. Na istom mjestu brzo su napravili kolibu i oti\u0161li na spavanje.<\/p>\n\n<p>Tokom no\u0107i dogodilo se ne\u0161to veoma \u010dudno. Iz drvenog sanduka, neka nova sjajna slova su zasjajala. Nova poruka je glasila: &#8220;Po\u017eelite \u0161ta god \u017eelite prije spavanja&#8221;!!! Kako su oba putnika iz po\u010detka pri\u010de bila siroma\u0161na, po\u017eeljela su lijepe kamene ku\u0107e i lijepe \u017eene. Kada su se probudili ujutro, ostali su bez rije\u010di. Vidjeli su bijeli dvorac i \u017eenu na prozoru koja gleda prema moru. Odmah su se uselili u novi dom i nastavili da \u017eive u lagodnosti. Od tada, svake no\u0107i prije spavanja po\u017eeljeli bi jo\u0161 jednu lijepu ku\u0107u, od kojih bi svakog jutra jedna iznikla.<\/p>\n\n<p>Tako je nastala Dobrota, blizu Kotora. Kamene ku\u0107e i brojne palate, koje su kasnije izgra\u0111ene, najljep\u0161i su detalji Dobrote.<\/p>\n\n<p><\/p>\n","protected":false},"excerpt":{"rendered":"<p>Istra\u017eite fascinantnu istoriju Kotora, grada starijeg od dva milenijuma, \u010diju pri\u010du su oblikovali Iliri, Rimljani, Mle\u010dani i drugi. Otkrijte njegovu dramati\u010dnu pro\u0161lost, od drevnih temelja do modernih izazova, i otkrijte legende koje doprinose njegovom \u0161armu.<\/p>\n","protected":false},"author":1,"featured_media":134088,"parent":134136,"menu_order":0,"comment_status":"closed","ping_status":"closed","template":"","meta":{"_yoast_wpseo_focuskw":"Istorija Kotora","_yoast_wpseo_metadesc":"Zaronite u bogatu istoriju Kotora, od drevnih po\u010detaka do modernih vremena. Saznajte o njegovim vladarima, legendama i kulturnoj ba\u0161tini u ovom detaljnom vodi\u010du.","_kad_post_transparent":"","_kad_post_title":"","_kad_post_layout":"","_kad_post_sidebar_id":"","_kad_post_content_style":"","_kad_post_vertical_padding":"","_kad_post_feature":"","_kad_post_feature_position":"","_kad_post_header":false,"_kad_post_footer":false,"_kad_post_classname":"","iawp_total_views":33,"footnotes":""},"tags":[140,52,139,62,141,76],"class_list":["post-134086","page","type-page","status-publish","has-post-thumbnail","hentry","tag-crna-gora","tag-montenegro","tag-news","tag-tourism","tag-travel","tag-visit"],"yoast_head":"<!-- This site is optimized with the Yoast SEO plugin v27.3 - https:\/\/yoast.com\/product\/yoast-seo-wordpress\/ -->\n<title>Istorija Kotora - Visit Montenegro<\/title>\n<meta name=\"description\" content=\"Zaronite u bogatu istoriju Kotora, od drevnih po\u010detaka do modernih vremena. Saznajte o njegovim vladarima, legendama i kulturnoj ba\u0161tini u ovom detaljnom vodi\u010du.\" \/>\n<meta name=\"robots\" content=\"index, follow, max-snippet:-1, max-image-preview:large, max-video-preview:-1\" \/>\n<link rel=\"canonical\" href=\"https:\/\/www.visit-montenegro.com\/me\/destinacije\/kotor\/info\/istorija\/\" \/>\n<meta property=\"og:locale\" content=\"en_US\" \/>\n<meta property=\"og:type\" content=\"article\" \/>\n<meta property=\"og:title\" content=\"Istorija Kotora - Visit Montenegro\" \/>\n<meta property=\"og:description\" content=\"Zaronite u bogatu istoriju Kotora, od drevnih po\u010detaka do modernih vremena. Saznajte o njegovim vladarima, legendama i kulturnoj ba\u0161tini u ovom detaljnom vodi\u010du.\" \/>\n<meta property=\"og:url\" content=\"https:\/\/www.visit-montenegro.com\/me\/destinacije\/kotor\/info\/istorija\/\" \/>\n<meta property=\"og:site_name\" content=\"Visit Montenegro\" \/>\n<meta property=\"article:publisher\" content=\"https:\/\/www.facebook.com\/visitmontenegro\" \/>\n<meta property=\"article:modified_time\" content=\"2026-02-22T16:15:06+00:00\" \/>\n<meta property=\"og:image\" content=\"https:\/\/www.visit-montenegro.com\/wp-content\/uploads\/2026\/01\/kotor-walls-scaled.jpg\" \/>\n\t<meta property=\"og:image:width\" content=\"1600\" \/>\n\t<meta property=\"og:image:height\" content=\"1067\" \/>\n\t<meta property=\"og:image:type\" content=\"image\/jpeg\" \/>\n<meta name=\"twitter:card\" content=\"summary_large_image\" \/>\n<meta name=\"twitter:site\" content=\"@visitmontenegro\" \/>\n<meta name=\"twitter:label1\" content=\"Est. reading time\" \/>\n\t<meta name=\"twitter:data1\" content=\"5 minutes\" \/>\n<script type=\"application\/ld+json\" class=\"yoast-schema-graph\">{\"@context\":\"https:\\\/\\\/schema.org\",\"@graph\":[{\"@type\":\"WebPage\",\"@id\":\"https:\\\/\\\/www.visit-montenegro.com\\\/me\\\/destinacije\\\/kotor\\\/info\\\/istorija\\\/\",\"url\":\"https:\\\/\\\/www.visit-montenegro.com\\\/me\\\/destinacije\\\/kotor\\\/info\\\/istorija\\\/\",\"name\":\"Istorija Kotora - Visit Montenegro\",\"isPartOf\":{\"@id\":\"https:\\\/\\\/www.visit-montenegro.com\\\/me\\\/#website\"},\"primaryImageOfPage\":{\"@id\":\"https:\\\/\\\/www.visit-montenegro.com\\\/me\\\/destinacije\\\/kotor\\\/info\\\/istorija\\\/#primaryimage\"},\"image\":{\"@id\":\"https:\\\/\\\/www.visit-montenegro.com\\\/me\\\/destinacije\\\/kotor\\\/info\\\/istorija\\\/#primaryimage\"},\"thumbnailUrl\":\"https:\\\/\\\/www.visit-montenegro.com\\\/wp-content\\\/uploads\\\/2026\\\/01\\\/kotor-walls-scaled.jpg\",\"datePublished\":\"2026-01-27T20:44:31+00:00\",\"dateModified\":\"2026-02-22T16:15:06+00:00\",\"description\":\"Zaronite u bogatu istoriju Kotora, od drevnih po\u010detaka do modernih vremena. Saznajte o njegovim vladarima, legendama i kulturnoj ba\u0161tini u ovom detaljnom vodi\u010du.\",\"breadcrumb\":{\"@id\":\"https:\\\/\\\/www.visit-montenegro.com\\\/me\\\/destinacije\\\/kotor\\\/info\\\/istorija\\\/#breadcrumb\"},\"inLanguage\":\"sr-Latn-ME\",\"potentialAction\":[{\"@type\":\"ReadAction\",\"target\":[\"https:\\\/\\\/www.visit-montenegro.com\\\/me\\\/destinacije\\\/kotor\\\/info\\\/istorija\\\/\"]}]},{\"@type\":\"ImageObject\",\"inLanguage\":\"sr-Latn-ME\",\"@id\":\"https:\\\/\\\/www.visit-montenegro.com\\\/me\\\/destinacije\\\/kotor\\\/info\\\/istorija\\\/#primaryimage\",\"url\":\"https:\\\/\\\/www.visit-montenegro.com\\\/wp-content\\\/uploads\\\/2026\\\/01\\\/kotor-walls-scaled.jpg\",\"contentUrl\":\"https:\\\/\\\/www.visit-montenegro.com\\\/wp-content\\\/uploads\\\/2026\\\/01\\\/kotor-walls-scaled.jpg\",\"width\":1600,\"height\":1067,\"caption\":\"Drevni zid tvr\u0111ave u Kotoru, Crna Gora\"},{\"@type\":\"BreadcrumbList\",\"@id\":\"https:\\\/\\\/www.visit-montenegro.com\\\/me\\\/destinacije\\\/kotor\\\/info\\\/istorija\\\/#breadcrumb\",\"itemListElement\":[{\"@type\":\"ListItem\",\"position\":1,\"name\":\"Home\",\"item\":\"https:\\\/\\\/www.visit-montenegro.com\\\/me\\\/pocetna\\\/\"},{\"@type\":\"ListItem\",\"position\":2,\"name\":\"Turisti\u010dke destinacije u Crnoj Gori\",\"item\":\"https:\\\/\\\/www.visit-montenegro.com\\\/me\\\/destinacije\\\/\"},{\"@type\":\"ListItem\",\"position\":3,\"name\":\"Kotor\",\"item\":\"https:\\\/\\\/www.visit-montenegro.com\\\/me\\\/destinacije\\\/kotor\\\/\"},{\"@type\":\"ListItem\",\"position\":4,\"name\":\"Vi\u0161e o Kotoru\",\"item\":\"https:\\\/\\\/www.visit-montenegro.com\\\/me\\\/destinacije\\\/kotor\\\/info\\\/\"},{\"@type\":\"ListItem\",\"position\":5,\"name\":\"Istorija Kotora\"}]},{\"@type\":\"WebSite\",\"@id\":\"https:\\\/\\\/www.visit-montenegro.com\\\/me\\\/#website\",\"url\":\"https:\\\/\\\/www.visit-montenegro.com\\\/me\\\/\",\"name\":\"Visit Montenegro\",\"description\":\"Breathtaking beauty\",\"publisher\":{\"@id\":\"https:\\\/\\\/www.visit-montenegro.com\\\/me\\\/#organization\"},\"potentialAction\":[{\"@type\":\"SearchAction\",\"target\":{\"@type\":\"EntryPoint\",\"urlTemplate\":\"https:\\\/\\\/www.visit-montenegro.com\\\/me\\\/?s={search_term_string}\"},\"query-input\":{\"@type\":\"PropertyValueSpecification\",\"valueRequired\":true,\"valueName\":\"search_term_string\"}}],\"inLanguage\":\"sr-Latn-ME\"},{\"@type\":\"Organization\",\"@id\":\"https:\\\/\\\/www.visit-montenegro.com\\\/me\\\/#organization\",\"name\":\"Visit Montenegro\",\"url\":\"https:\\\/\\\/www.visit-montenegro.com\\\/me\\\/\",\"logo\":{\"@type\":\"ImageObject\",\"inLanguage\":\"sr-Latn-ME\",\"@id\":\"https:\\\/\\\/www.visit-montenegro.com\\\/me\\\/#\\\/schema\\\/logo\\\/image\\\/\",\"url\":\"https:\\\/\\\/www.visit-montenegro.com\\\/wp-content\\\/uploads\\\/2017\\\/10\\\/logo-amp.png\",\"contentUrl\":\"https:\\\/\\\/www.visit-montenegro.com\\\/wp-content\\\/uploads\\\/2017\\\/10\\\/logo-amp.png\",\"width\":190,\"height\":36,\"caption\":\"Visit Montenegro\"},\"image\":{\"@id\":\"https:\\\/\\\/www.visit-montenegro.com\\\/me\\\/#\\\/schema\\\/logo\\\/image\\\/\"},\"sameAs\":[\"https:\\\/\\\/www.facebook.com\\\/visitmontenegro\",\"https:\\\/\\\/x.com\\\/visitmontenegro\",\"https:\\\/\\\/www.instagram.com\\\/visit_montenegro\\\/\",\"https:\\\/\\\/www.youtube.com\\\/user\\\/VisitMontenegro\"]}]}<\/script>\n<!-- \/ Yoast SEO plugin. -->","yoast_head_json":{"title":"Istorija Kotora - Visit Montenegro","description":"Zaronite u bogatu istoriju Kotora, od drevnih po\u010detaka do modernih vremena. Saznajte o njegovim vladarima, legendama i kulturnoj ba\u0161tini u ovom detaljnom vodi\u010du.","robots":{"index":"index","follow":"follow","max-snippet":"max-snippet:-1","max-image-preview":"max-image-preview:large","max-video-preview":"max-video-preview:-1"},"canonical":"https:\/\/www.visit-montenegro.com\/me\/destinacije\/kotor\/info\/istorija\/","og_locale":"en_US","og_type":"article","og_title":"Istorija Kotora - Visit Montenegro","og_description":"Zaronite u bogatu istoriju Kotora, od drevnih po\u010detaka do modernih vremena. Saznajte o njegovim vladarima, legendama i kulturnoj ba\u0161tini u ovom detaljnom vodi\u010du.","og_url":"https:\/\/www.visit-montenegro.com\/me\/destinacije\/kotor\/info\/istorija\/","og_site_name":"Visit Montenegro","article_publisher":"https:\/\/www.facebook.com\/visitmontenegro","article_modified_time":"2026-02-22T16:15:06+00:00","og_image":[{"width":1600,"height":1067,"url":"https:\/\/www.visit-montenegro.com\/wp-content\/uploads\/2026\/01\/kotor-walls-scaled.jpg","type":"image\/jpeg"}],"twitter_card":"summary_large_image","twitter_site":"@visitmontenegro","twitter_misc":{"Est. reading time":"5 minutes"},"schema":{"@context":"https:\/\/schema.org","@graph":[{"@type":"WebPage","@id":"https:\/\/www.visit-montenegro.com\/me\/destinacije\/kotor\/info\/istorija\/","url":"https:\/\/www.visit-montenegro.com\/me\/destinacije\/kotor\/info\/istorija\/","name":"Istorija Kotora - Visit Montenegro","isPartOf":{"@id":"https:\/\/www.visit-montenegro.com\/me\/#website"},"primaryImageOfPage":{"@id":"https:\/\/www.visit-montenegro.com\/me\/destinacije\/kotor\/info\/istorija\/#primaryimage"},"image":{"@id":"https:\/\/www.visit-montenegro.com\/me\/destinacije\/kotor\/info\/istorija\/#primaryimage"},"thumbnailUrl":"https:\/\/www.visit-montenegro.com\/wp-content\/uploads\/2026\/01\/kotor-walls-scaled.jpg","datePublished":"2026-01-27T20:44:31+00:00","dateModified":"2026-02-22T16:15:06+00:00","description":"Zaronite u bogatu istoriju Kotora, od drevnih po\u010detaka do modernih vremena. Saznajte o njegovim vladarima, legendama i kulturnoj ba\u0161tini u ovom detaljnom vodi\u010du.","breadcrumb":{"@id":"https:\/\/www.visit-montenegro.com\/me\/destinacije\/kotor\/info\/istorija\/#breadcrumb"},"inLanguage":"sr-Latn-ME","potentialAction":[{"@type":"ReadAction","target":["https:\/\/www.visit-montenegro.com\/me\/destinacije\/kotor\/info\/istorija\/"]}]},{"@type":"ImageObject","inLanguage":"sr-Latn-ME","@id":"https:\/\/www.visit-montenegro.com\/me\/destinacije\/kotor\/info\/istorija\/#primaryimage","url":"https:\/\/www.visit-montenegro.com\/wp-content\/uploads\/2026\/01\/kotor-walls-scaled.jpg","contentUrl":"https:\/\/www.visit-montenegro.com\/wp-content\/uploads\/2026\/01\/kotor-walls-scaled.jpg","width":1600,"height":1067,"caption":"Drevni zid tvr\u0111ave u Kotoru, Crna Gora"},{"@type":"BreadcrumbList","@id":"https:\/\/www.visit-montenegro.com\/me\/destinacije\/kotor\/info\/istorija\/#breadcrumb","itemListElement":[{"@type":"ListItem","position":1,"name":"Home","item":"https:\/\/www.visit-montenegro.com\/me\/pocetna\/"},{"@type":"ListItem","position":2,"name":"Turisti\u010dke destinacije u Crnoj Gori","item":"https:\/\/www.visit-montenegro.com\/me\/destinacije\/"},{"@type":"ListItem","position":3,"name":"Kotor","item":"https:\/\/www.visit-montenegro.com\/me\/destinacije\/kotor\/"},{"@type":"ListItem","position":4,"name":"Vi\u0161e o Kotoru","item":"https:\/\/www.visit-montenegro.com\/me\/destinacije\/kotor\/info\/"},{"@type":"ListItem","position":5,"name":"Istorija Kotora"}]},{"@type":"WebSite","@id":"https:\/\/www.visit-montenegro.com\/me\/#website","url":"https:\/\/www.visit-montenegro.com\/me\/","name":"Visit Montenegro","description":"Breathtaking beauty","publisher":{"@id":"https:\/\/www.visit-montenegro.com\/me\/#organization"},"potentialAction":[{"@type":"SearchAction","target":{"@type":"EntryPoint","urlTemplate":"https:\/\/www.visit-montenegro.com\/me\/?s={search_term_string}"},"query-input":{"@type":"PropertyValueSpecification","valueRequired":true,"valueName":"search_term_string"}}],"inLanguage":"sr-Latn-ME"},{"@type":"Organization","@id":"https:\/\/www.visit-montenegro.com\/me\/#organization","name":"Visit Montenegro","url":"https:\/\/www.visit-montenegro.com\/me\/","logo":{"@type":"ImageObject","inLanguage":"sr-Latn-ME","@id":"https:\/\/www.visit-montenegro.com\/me\/#\/schema\/logo\/image\/","url":"https:\/\/www.visit-montenegro.com\/wp-content\/uploads\/2017\/10\/logo-amp.png","contentUrl":"https:\/\/www.visit-montenegro.com\/wp-content\/uploads\/2017\/10\/logo-amp.png","width":190,"height":36,"caption":"Visit Montenegro"},"image":{"@id":"https:\/\/www.visit-montenegro.com\/me\/#\/schema\/logo\/image\/"},"sameAs":["https:\/\/www.facebook.com\/visitmontenegro","https:\/\/x.com\/visitmontenegro","https:\/\/www.instagram.com\/visit_montenegro\/","https:\/\/www.youtube.com\/user\/VisitMontenegro"]}]}},"translations":[],"_links":{"self":[{"href":"https:\/\/www.visit-montenegro.com\/me\/wp-json\/wp\/v2\/pages\/134086","targetHints":{"allow":["GET"]}}],"collection":[{"href":"https:\/\/www.visit-montenegro.com\/me\/wp-json\/wp\/v2\/pages"}],"about":[{"href":"https:\/\/www.visit-montenegro.com\/me\/wp-json\/wp\/v2\/types\/page"}],"author":[{"embeddable":true,"href":"https:\/\/www.visit-montenegro.com\/me\/wp-json\/wp\/v2\/users\/1"}],"replies":[{"embeddable":true,"href":"https:\/\/www.visit-montenegro.com\/me\/wp-json\/wp\/v2\/comments?post=134086"}],"version-history":[{"count":0,"href":"https:\/\/www.visit-montenegro.com\/me\/wp-json\/wp\/v2\/pages\/134086\/revisions"}],"up":[{"embeddable":true,"href":"https:\/\/www.visit-montenegro.com\/me\/wp-json\/wp\/v2\/pages\/134136"}],"wp:featuredmedia":[{"embeddable":true,"href":"https:\/\/www.visit-montenegro.com\/me\/wp-json\/wp\/v2\/media\/134088"}],"wp:attachment":[{"href":"https:\/\/www.visit-montenegro.com\/me\/wp-json\/wp\/v2\/media?parent=134086"}],"wp:term":[{"taxonomy":"post_tag","embeddable":true,"href":"https:\/\/www.visit-montenegro.com\/me\/wp-json\/wp\/v2\/tags?post=134086"}],"curies":[{"name":"wp","href":"https:\/\/api.w.org\/{rel}","templated":true}]}}