{"id":134107,"date":"2026-01-27T21:44:31","date_gmt":"2026-01-27T20:44:31","guid":{"rendered":"https:\/\/new.visit-montenegro.com\/destinacije\/kotor\/atrakcije\/stari-grad-kotor\/"},"modified":"2026-03-22T20:20:48","modified_gmt":"2026-03-22T19:20:48","slug":"stari-grad-kotor","status":"publish","type":"page","link":"https:\/\/www.visit-montenegro.com\/me\/destinacije\/kotor\/atrakcije\/stari-grad-kotor\/","title":{"rendered":"Stari grad Kotor"},"content":{"rendered":"\n<p><strong>Stari grad <a href=\"https:\/\/www.visit-montenegro.com\/me\/destinacije\/kotor\/\">Kotor<\/a><\/strong> je UNESCO svjetska ba\u0161tina, poznat kao najbolje o\u010duvani srednjovjekovni urbani entitet na Mediteranu, sa istorijskom arhitekturom, gradskim zidinama i kulturnim znamenitostima.<\/p>\n\n<hr class=\"wp-block-separator has-alpha-channel-opacity\"\/>\n\n<h2 class=\"wp-block-heading\">Arhitektonski i istorijski zna\u010daj<\/h2>\n\n<p><strong>Stari grad Kotor<\/strong> je najpoznatiji dio Kotora, koji \u010duva svoju istoriju, kulturu i tradiciju. Ima brojne srednjovjekovne spomenike, uklju\u010duju\u0107i crkve, katedrale, palate i muzeje. Njegovu ljepotu poja\u010davaju uske ulice, trgovi i pijace. \u0160tavi\u0161e, ima elegantna vrata, palate bogatih porodica i mnoge stepenice. Ovo jezgro se smatra najbolje o\u010duvanim srednjovjekovnim urbanim entitetom na Mediteranu.<\/p>\n\n<figure class=\"wp-block-image size-large\"><img loading=\"lazy\" decoding=\"async\" width=\"1024\" height=\"684\" src=\"https:\/\/www.visit-montenegro.com\/wp-content\/uploads\/2026\/01\/kotor-walls-02-1024x684.jpg\" alt=\"\" class=\"wp-image-36104\" srcset=\"https:\/\/www.visit-montenegro.com\/wp-content\/uploads\/2026\/01\/kotor-walls-02-1024x684.jpg 1024w, https:\/\/www.visit-montenegro.com\/wp-content\/uploads\/2026\/01\/kotor-walls-02-300x200.jpg 300w, https:\/\/www.visit-montenegro.com\/wp-content\/uploads\/2026\/01\/kotor-walls-02-768x513.jpg 768w, https:\/\/www.visit-montenegro.com\/wp-content\/uploads\/2026\/01\/kotor-walls-02-1536x1026.jpg 1536w, https:\/\/www.visit-montenegro.com\/wp-content\/uploads\/2026\/01\/kotor-walls-02-1200x801.jpg 1200w, https:\/\/www.visit-montenegro.com\/wp-content\/uploads\/2026\/01\/kotor-walls-02-scaled.jpg 1600w\" sizes=\"auto, (max-width: 1024px) 100vw, 1024px\" \/><figcaption class=\"wp-element-caption\">Kotorska tvr\u0111ava i Stari grad Stari Grad sa oblacima na planinama u pozadini. Kotor dvorac San Giovanni reflektovan u vodi opkopa. UNESCO svjetska ba\u0161tina u Crnoj Gori.<\/figcaption><\/figure>\n\n<p>Gradske bedeme su najve\u0107e i najimpresivnije karakteristike. Duga\u010dki su oko 5 km, visoki 20 m i \u0161iroki 10 m. Potpuno o\u010duvani, jedinstveni su primjer fortifikacione arhitekture u Evropi. Izgradnja je zapo\u010dela u IX vijeku i nastavljena tokom deset vijekova. Zaista, bedemi imaju troja vrata, kori\u0161tena vijekovima za ulazak i izlazak iz grada. Sa bilo kojih vrata, put vodi do Katedrale Svetog Tripuna iz XII vijeka, posve\u0107ene za\u0161titniku grada.<\/p>\n\n<figure class=\"wp-block-image size-large\"><img loading=\"lazy\" decoding=\"async\" width=\"1024\" height=\"682\" src=\"https:\/\/www.visit-montenegro.com\/wp-content\/uploads\/2026\/01\/kotor-katedrala-1024x682.jpg\" alt=\"\" class=\"wp-image-36090\" srcset=\"https:\/\/www.visit-montenegro.com\/wp-content\/uploads\/2026\/01\/kotor-katedrala-1024x682.jpg 1024w, https:\/\/www.visit-montenegro.com\/wp-content\/uploads\/2026\/01\/kotor-katedrala-300x200.jpg 300w, https:\/\/www.visit-montenegro.com\/wp-content\/uploads\/2026\/01\/kotor-katedrala-768x512.jpg 768w, https:\/\/www.visit-montenegro.com\/wp-content\/uploads\/2026\/01\/kotor-katedrala-1536x1023.jpg 1536w, https:\/\/www.visit-montenegro.com\/wp-content\/uploads\/2026\/01\/kotor-katedrala-1200x799.jpg 1200w, https:\/\/www.visit-montenegro.com\/wp-content\/uploads\/2026\/01\/kotor-katedrala-scaled.jpg 1600w\" sizes=\"auto, (max-width: 1024px) 100vw, 1024px\" \/><figcaption class=\"wp-element-caption\">Katedrala Svetog Tripuna u Kotoru, Crna Gora<\/figcaption><\/figure>\n\n<h3 class=\"wp-block-heading\">Trgovi i mjesta okupljanja<\/h3>\n\n<p>U <strong>Starom gradu Kotor<\/strong> postoji nekoliko trgova. Glavni i najve\u0107i je Trg od oru\u017eja. Ovaj trg je uvijek bio primarno mjesto okupljanja za razli\u010dite doga\u0111aje i skupove kotorskog naroda.<\/p>\n\n<figure class=\"wp-block-image size-large\"><img loading=\"lazy\" decoding=\"async\" width=\"1024\" height=\"685\" src=\"https:\/\/www.visit-montenegro.com\/wp-content\/uploads\/2026\/01\/kotor-main-square-1024x685.jpg\" alt=\"\" class=\"wp-image-36093\" srcset=\"https:\/\/www.visit-montenegro.com\/wp-content\/uploads\/2026\/01\/kotor-main-square-1024x685.jpg 1024w, https:\/\/www.visit-montenegro.com\/wp-content\/uploads\/2026\/01\/kotor-main-square-300x201.jpg 300w, https:\/\/www.visit-montenegro.com\/wp-content\/uploads\/2026\/01\/kotor-main-square-768x514.jpg 768w, https:\/\/www.visit-montenegro.com\/wp-content\/uploads\/2026\/01\/kotor-main-square-1536x1028.jpg 1536w, https:\/\/www.visit-montenegro.com\/wp-content\/uploads\/2026\/01\/kotor-main-square-1200x803.jpg 1200w, https:\/\/www.visit-montenegro.com\/wp-content\/uploads\/2026\/01\/kotor-main-square-scaled.jpg 1600w\" sizes=\"auto, (max-width: 1024px) 100vw, 1024px\" \/><figcaption class=\"wp-element-caption\">Sat-kula u Kotoru, Crna Gora<\/figcaption><\/figure>\n\n<h2 class=\"wp-block-heading\">Kulturne i moderne pogodnosti<\/h2>\n\n<p>Kulturno bogatstvo <strong>Starog grada Kotor<\/strong> uklju\u010duje neprocjenjive spomenike kao \u0161to su Sat-kula (VIII vijek), Katedrala Svetog Tripuna (XII vijek), Crkva Svetog Luke (XII vijek), Kne\u017eeva palata (XVII vijek), Crkva Svete Marije (XII vijek), Crkva Gospe od Zdravlja (XV vijek) i Napoleonovo pozori\u0161te (XIX vijek). Pored toga, postoje brojne palate, kao \u0161to su Bizanti, Bu\u0107a, Pima i Grgurin, koja sada dominira Pomorski muzej.<\/p>\n\n<p>Moderne pogodnosti u <strong>Starom gradu Kotor<\/strong> uklju\u010duju prvi Fakultet za turizam i hotelski menad\u017ement, muzi\u010dke sale, Centar za kulturu i galerije. Posljedi\u010dno, nudi spoj istorijskih i savremenih atrakcija.<\/p>\n\n<h3 class=\"wp-block-heading\">Kupovina i ugostiteljstvo<\/h3>\n\n<p><strong>Stari grad Kotor<\/strong> ima najve\u0107i broj butika i trgovinskih radnji. Manje prodavnice nude obu\u0107u i odje\u0107u od poznatih evropskih i svjetskih dizajnera. \u0160tavi\u0161e, postoje suvenirnice, foto radnje, zlatare, knji\u017eare, antikvarijati, frizerski saloni, kozmeti\u010dki centri, berbernice, kafi\u0107i i pizzerije.<\/p>\n\n<figure class=\"wp-block-image size-large\"><img loading=\"lazy\" decoding=\"async\" width=\"1024\" height=\"718\" src=\"https:\/\/www.visit-montenegro.com\/wp-content\/uploads\/2026\/01\/kotor-city-street-1024x718.jpg\" alt=\"\" class=\"wp-image-36084\" srcset=\"https:\/\/www.visit-montenegro.com\/wp-content\/uploads\/2026\/01\/kotor-city-street-1024x718.jpg 1024w, https:\/\/www.visit-montenegro.com\/wp-content\/uploads\/2026\/01\/kotor-city-street-300x210.jpg 300w, https:\/\/www.visit-montenegro.com\/wp-content\/uploads\/2026\/01\/kotor-city-street-768x538.jpg 768w, https:\/\/www.visit-montenegro.com\/wp-content\/uploads\/2026\/01\/kotor-city-street-1536x1077.jpg 1536w, https:\/\/www.visit-montenegro.com\/wp-content\/uploads\/2026\/01\/kotor-city-street-1200x841.jpg 1200w, https:\/\/www.visit-montenegro.com\/wp-content\/uploads\/2026\/01\/kotor-city-street-scaled.jpg 1600w\" sizes=\"auto, (max-width: 1024px) 100vw, 1024px\" \/><figcaption class=\"wp-element-caption\">Uske ulice Starog grada Kotor<br\/><\/figcaption><\/figure>\n\n<p>Provesti dan u obilasku <strong>Starog grada Kotor<\/strong> je nagra\u0111uju\u0107e. Mo\u017eete istra\u017eiti grad i osvje\u017eiti se u brojnim kafi\u0107ima, uglavnom lociranim na trgovima. Pored toga, lijepo ure\u0111eni restorani i hoteli nude tradicionalne specijalitete i mediteransku hranu. Dva hotela pru\u017eaju ugodan smje\u0161taj. Va\u017eno je napomenuti da je <strong>Stari grad Kotor<\/strong> na UNESCO listi svjetske kulturne ba\u0161tine od 1979. godine. Nedavno progla\u0161en svjetskom kulturnom ba\u0161tinom u opasnosti, dobi\u0107e pove\u0107anu pa\u017enju evropskih i svjetskih institucija.<\/p>\n","protected":false},"excerpt":{"rendered":"<p>Otkrijte Stari grad Kotor, UNESCO svjetsku ba\u0161tinu i najbolje o\u010duvani srednjovjekovni urbani entitet na Mediteranu. Istra\u017eite njegove istorijske zidine, katedrale i \u017eivahne trgove, koji spajaju bogatu kulturu sa modernim pogodnostima za nezaboravan posjet.<\/p>\n","protected":false},"author":1,"featured_media":134097,"parent":134102,"menu_order":0,"comment_status":"closed","ping_status":"closed","template":"","meta":{"_yoast_wpseo_focuskw":"Stari grad Kotor","_yoast_wpseo_metadesc":"Istra\u017eite Stari grad Kotor, UNESCO lokalitet sa srednjovjekovnim zidinama, istorijskim katedralama i \u017eivahnim trgovima. Otkrijte njegovu bogatu kulturu i moderne pogodnosti u Crnoj Gori.","_kad_post_transparent":"","_kad_post_title":"","_kad_post_layout":"","_kad_post_sidebar_id":"","_kad_post_content_style":"","_kad_post_vertical_padding":"","_kad_post_feature":"","_kad_post_feature_position":"","_kad_post_header":false,"_kad_post_footer":false,"_kad_post_classname":"","iawp_total_views":29,"footnotes":""},"tags":[140,52,139,62,141,76],"class_list":["post-134107","page","type-page","status-publish","has-post-thumbnail","hentry","tag-crna-gora","tag-montenegro","tag-news","tag-tourism","tag-travel","tag-visit"],"yoast_head":"<!-- This site is optimized with the Yoast SEO plugin v27.3 - https:\/\/yoast.com\/product\/yoast-seo-wordpress\/ -->\n<title>Stari grad Kotor - Visit Montenegro<\/title>\n<meta name=\"description\" content=\"Istra\u017eite Stari grad Kotor, UNESCO lokalitet sa srednjovjekovnim zidinama, istorijskim katedralama i \u017eivahnim trgovima. Otkrijte njegovu bogatu kulturu i moderne pogodnosti u Crnoj Gori.\" \/>\n<meta name=\"robots\" content=\"index, follow, max-snippet:-1, max-image-preview:large, max-video-preview:-1\" \/>\n<link rel=\"canonical\" href=\"https:\/\/www.visit-montenegro.com\/me\/destinacije\/kotor\/atrakcije\/stari-grad-kotor\/\" \/>\n<meta property=\"og:locale\" content=\"en_US\" \/>\n<meta property=\"og:type\" content=\"article\" \/>\n<meta property=\"og:title\" content=\"Stari grad Kotor - Visit Montenegro\" \/>\n<meta property=\"og:description\" content=\"Istra\u017eite Stari grad Kotor, UNESCO lokalitet sa srednjovjekovnim zidinama, istorijskim katedralama i \u017eivahnim trgovima. Otkrijte njegovu bogatu kulturu i moderne pogodnosti u Crnoj Gori.\" \/>\n<meta property=\"og:url\" content=\"https:\/\/www.visit-montenegro.com\/me\/destinacije\/kotor\/atrakcije\/stari-grad-kotor\/\" \/>\n<meta property=\"og:site_name\" content=\"Visit Montenegro\" \/>\n<meta property=\"article:publisher\" content=\"https:\/\/www.facebook.com\/visitmontenegro\" \/>\n<meta property=\"article:modified_time\" content=\"2026-03-22T19:20:48+00:00\" \/>\n<meta property=\"og:image\" content=\"https:\/\/www.visit-montenegro.com\/wp-content\/uploads\/2025\/12\/kotor-1.jpeg\" \/>\n\t<meta property=\"og:image:width\" content=\"835\" \/>\n\t<meta property=\"og:image:height\" content=\"961\" \/>\n\t<meta property=\"og:image:type\" content=\"image\/jpeg\" \/>\n<meta name=\"twitter:card\" content=\"summary_large_image\" \/>\n<meta name=\"twitter:site\" content=\"@visitmontenegro\" \/>\n<meta name=\"twitter:label1\" content=\"Est. reading time\" \/>\n\t<meta name=\"twitter:data1\" content=\"2 minutes\" \/>\n<script type=\"application\/ld+json\" class=\"yoast-schema-graph\">{\"@context\":\"https:\\\/\\\/schema.org\",\"@graph\":[{\"@type\":\"WebPage\",\"@id\":\"https:\\\/\\\/www.visit-montenegro.com\\\/me\\\/destinacije\\\/kotor\\\/atrakcije\\\/stari-grad-kotor\\\/\",\"url\":\"https:\\\/\\\/www.visit-montenegro.com\\\/me\\\/destinacije\\\/kotor\\\/atrakcije\\\/stari-grad-kotor\\\/\",\"name\":\"Stari grad Kotor - Visit Montenegro\",\"isPartOf\":{\"@id\":\"https:\\\/\\\/www.visit-montenegro.com\\\/me\\\/#website\"},\"primaryImageOfPage\":{\"@id\":\"https:\\\/\\\/www.visit-montenegro.com\\\/me\\\/destinacije\\\/kotor\\\/atrakcije\\\/stari-grad-kotor\\\/#primaryimage\"},\"image\":{\"@id\":\"https:\\\/\\\/www.visit-montenegro.com\\\/me\\\/destinacije\\\/kotor\\\/atrakcije\\\/stari-grad-kotor\\\/#primaryimage\"},\"thumbnailUrl\":\"https:\\\/\\\/www.visit-montenegro.com\\\/wp-content\\\/uploads\\\/2025\\\/12\\\/kotor-1.jpeg\",\"datePublished\":\"2026-01-27T20:44:31+00:00\",\"dateModified\":\"2026-03-22T19:20:48+00:00\",\"description\":\"Istra\u017eite Stari grad Kotor, UNESCO lokalitet sa srednjovjekovnim zidinama, istorijskim katedralama i \u017eivahnim trgovima. Otkrijte njegovu bogatu kulturu i moderne pogodnosti u Crnoj Gori.\",\"breadcrumb\":{\"@id\":\"https:\\\/\\\/www.visit-montenegro.com\\\/me\\\/destinacije\\\/kotor\\\/atrakcije\\\/stari-grad-kotor\\\/#breadcrumb\"},\"inLanguage\":\"sr-Latn-ME\",\"potentialAction\":[{\"@type\":\"ReadAction\",\"target\":[\"https:\\\/\\\/www.visit-montenegro.com\\\/me\\\/destinacije\\\/kotor\\\/atrakcije\\\/stari-grad-kotor\\\/\"]}]},{\"@type\":\"ImageObject\",\"inLanguage\":\"sr-Latn-ME\",\"@id\":\"https:\\\/\\\/www.visit-montenegro.com\\\/me\\\/destinacije\\\/kotor\\\/atrakcije\\\/stari-grad-kotor\\\/#primaryimage\",\"url\":\"https:\\\/\\\/www.visit-montenegro.com\\\/wp-content\\\/uploads\\\/2025\\\/12\\\/kotor-1.jpeg\",\"contentUrl\":\"https:\\\/\\\/www.visit-montenegro.com\\\/wp-content\\\/uploads\\\/2025\\\/12\\\/kotor-1.jpeg\",\"width\":835,\"height\":961},{\"@type\":\"BreadcrumbList\",\"@id\":\"https:\\\/\\\/www.visit-montenegro.com\\\/me\\\/destinacije\\\/kotor\\\/atrakcije\\\/stari-grad-kotor\\\/#breadcrumb\",\"itemListElement\":[{\"@type\":\"ListItem\",\"position\":1,\"name\":\"Home\",\"item\":\"https:\\\/\\\/www.visit-montenegro.com\\\/me\\\/pocetna\\\/\"},{\"@type\":\"ListItem\",\"position\":2,\"name\":\"Turisti\u010dke destinacije u Crnoj Gori\",\"item\":\"https:\\\/\\\/www.visit-montenegro.com\\\/me\\\/destinacije\\\/\"},{\"@type\":\"ListItem\",\"position\":3,\"name\":\"Kotor\",\"item\":\"https:\\\/\\\/www.visit-montenegro.com\\\/me\\\/destinacije\\\/kotor\\\/\"},{\"@type\":\"ListItem\",\"position\":4,\"name\":\"Atrakcije Kotora\",\"item\":\"https:\\\/\\\/www.visit-montenegro.com\\\/me\\\/destinacije\\\/kotor\\\/atrakcije\\\/\"},{\"@type\":\"ListItem\",\"position\":5,\"name\":\"Stari grad Kotor\"}]},{\"@type\":\"WebSite\",\"@id\":\"https:\\\/\\\/www.visit-montenegro.com\\\/me\\\/#website\",\"url\":\"https:\\\/\\\/www.visit-montenegro.com\\\/me\\\/\",\"name\":\"Visit Montenegro\",\"description\":\"Breathtaking beauty\",\"publisher\":{\"@id\":\"https:\\\/\\\/www.visit-montenegro.com\\\/me\\\/#organization\"},\"potentialAction\":[{\"@type\":\"SearchAction\",\"target\":{\"@type\":\"EntryPoint\",\"urlTemplate\":\"https:\\\/\\\/www.visit-montenegro.com\\\/me\\\/?s={search_term_string}\"},\"query-input\":{\"@type\":\"PropertyValueSpecification\",\"valueRequired\":true,\"valueName\":\"search_term_string\"}}],\"inLanguage\":\"sr-Latn-ME\"},{\"@type\":\"Organization\",\"@id\":\"https:\\\/\\\/www.visit-montenegro.com\\\/me\\\/#organization\",\"name\":\"Visit Montenegro\",\"url\":\"https:\\\/\\\/www.visit-montenegro.com\\\/me\\\/\",\"logo\":{\"@type\":\"ImageObject\",\"inLanguage\":\"sr-Latn-ME\",\"@id\":\"https:\\\/\\\/www.visit-montenegro.com\\\/me\\\/#\\\/schema\\\/logo\\\/image\\\/\",\"url\":\"https:\\\/\\\/www.visit-montenegro.com\\\/wp-content\\\/uploads\\\/2017\\\/10\\\/logo-amp.png\",\"contentUrl\":\"https:\\\/\\\/www.visit-montenegro.com\\\/wp-content\\\/uploads\\\/2017\\\/10\\\/logo-amp.png\",\"width\":190,\"height\":36,\"caption\":\"Visit Montenegro\"},\"image\":{\"@id\":\"https:\\\/\\\/www.visit-montenegro.com\\\/me\\\/#\\\/schema\\\/logo\\\/image\\\/\"},\"sameAs\":[\"https:\\\/\\\/www.facebook.com\\\/visitmontenegro\",\"https:\\\/\\\/x.com\\\/visitmontenegro\",\"https:\\\/\\\/www.instagram.com\\\/visit_montenegro\\\/\",\"https:\\\/\\\/www.youtube.com\\\/user\\\/VisitMontenegro\"]}]}<\/script>\n<!-- \/ Yoast SEO plugin. -->","yoast_head_json":{"title":"Stari grad Kotor - Visit Montenegro","description":"Istra\u017eite Stari grad Kotor, UNESCO lokalitet sa srednjovjekovnim zidinama, istorijskim katedralama i \u017eivahnim trgovima. Otkrijte njegovu bogatu kulturu i moderne pogodnosti u Crnoj Gori.","robots":{"index":"index","follow":"follow","max-snippet":"max-snippet:-1","max-image-preview":"max-image-preview:large","max-video-preview":"max-video-preview:-1"},"canonical":"https:\/\/www.visit-montenegro.com\/me\/destinacije\/kotor\/atrakcije\/stari-grad-kotor\/","og_locale":"en_US","og_type":"article","og_title":"Stari grad Kotor - Visit Montenegro","og_description":"Istra\u017eite Stari grad Kotor, UNESCO lokalitet sa srednjovjekovnim zidinama, istorijskim katedralama i \u017eivahnim trgovima. Otkrijte njegovu bogatu kulturu i moderne pogodnosti u Crnoj Gori.","og_url":"https:\/\/www.visit-montenegro.com\/me\/destinacije\/kotor\/atrakcije\/stari-grad-kotor\/","og_site_name":"Visit Montenegro","article_publisher":"https:\/\/www.facebook.com\/visitmontenegro","article_modified_time":"2026-03-22T19:20:48+00:00","og_image":[{"width":835,"height":961,"url":"https:\/\/www.visit-montenegro.com\/wp-content\/uploads\/2025\/12\/kotor-1.jpeg","type":"image\/jpeg"}],"twitter_card":"summary_large_image","twitter_site":"@visitmontenegro","twitter_misc":{"Est. reading time":"2 minutes"},"schema":{"@context":"https:\/\/schema.org","@graph":[{"@type":"WebPage","@id":"https:\/\/www.visit-montenegro.com\/me\/destinacije\/kotor\/atrakcije\/stari-grad-kotor\/","url":"https:\/\/www.visit-montenegro.com\/me\/destinacije\/kotor\/atrakcije\/stari-grad-kotor\/","name":"Stari grad Kotor - Visit Montenegro","isPartOf":{"@id":"https:\/\/www.visit-montenegro.com\/me\/#website"},"primaryImageOfPage":{"@id":"https:\/\/www.visit-montenegro.com\/me\/destinacije\/kotor\/atrakcije\/stari-grad-kotor\/#primaryimage"},"image":{"@id":"https:\/\/www.visit-montenegro.com\/me\/destinacije\/kotor\/atrakcije\/stari-grad-kotor\/#primaryimage"},"thumbnailUrl":"https:\/\/www.visit-montenegro.com\/wp-content\/uploads\/2025\/12\/kotor-1.jpeg","datePublished":"2026-01-27T20:44:31+00:00","dateModified":"2026-03-22T19:20:48+00:00","description":"Istra\u017eite Stari grad Kotor, UNESCO lokalitet sa srednjovjekovnim zidinama, istorijskim katedralama i \u017eivahnim trgovima. Otkrijte njegovu bogatu kulturu i moderne pogodnosti u Crnoj Gori.","breadcrumb":{"@id":"https:\/\/www.visit-montenegro.com\/me\/destinacije\/kotor\/atrakcije\/stari-grad-kotor\/#breadcrumb"},"inLanguage":"sr-Latn-ME","potentialAction":[{"@type":"ReadAction","target":["https:\/\/www.visit-montenegro.com\/me\/destinacije\/kotor\/atrakcije\/stari-grad-kotor\/"]}]},{"@type":"ImageObject","inLanguage":"sr-Latn-ME","@id":"https:\/\/www.visit-montenegro.com\/me\/destinacije\/kotor\/atrakcije\/stari-grad-kotor\/#primaryimage","url":"https:\/\/www.visit-montenegro.com\/wp-content\/uploads\/2025\/12\/kotor-1.jpeg","contentUrl":"https:\/\/www.visit-montenegro.com\/wp-content\/uploads\/2025\/12\/kotor-1.jpeg","width":835,"height":961},{"@type":"BreadcrumbList","@id":"https:\/\/www.visit-montenegro.com\/me\/destinacije\/kotor\/atrakcije\/stari-grad-kotor\/#breadcrumb","itemListElement":[{"@type":"ListItem","position":1,"name":"Home","item":"https:\/\/www.visit-montenegro.com\/me\/pocetna\/"},{"@type":"ListItem","position":2,"name":"Turisti\u010dke destinacije u Crnoj Gori","item":"https:\/\/www.visit-montenegro.com\/me\/destinacije\/"},{"@type":"ListItem","position":3,"name":"Kotor","item":"https:\/\/www.visit-montenegro.com\/me\/destinacije\/kotor\/"},{"@type":"ListItem","position":4,"name":"Atrakcije Kotora","item":"https:\/\/www.visit-montenegro.com\/me\/destinacije\/kotor\/atrakcije\/"},{"@type":"ListItem","position":5,"name":"Stari grad Kotor"}]},{"@type":"WebSite","@id":"https:\/\/www.visit-montenegro.com\/me\/#website","url":"https:\/\/www.visit-montenegro.com\/me\/","name":"Visit Montenegro","description":"Breathtaking beauty","publisher":{"@id":"https:\/\/www.visit-montenegro.com\/me\/#organization"},"potentialAction":[{"@type":"SearchAction","target":{"@type":"EntryPoint","urlTemplate":"https:\/\/www.visit-montenegro.com\/me\/?s={search_term_string}"},"query-input":{"@type":"PropertyValueSpecification","valueRequired":true,"valueName":"search_term_string"}}],"inLanguage":"sr-Latn-ME"},{"@type":"Organization","@id":"https:\/\/www.visit-montenegro.com\/me\/#organization","name":"Visit Montenegro","url":"https:\/\/www.visit-montenegro.com\/me\/","logo":{"@type":"ImageObject","inLanguage":"sr-Latn-ME","@id":"https:\/\/www.visit-montenegro.com\/me\/#\/schema\/logo\/image\/","url":"https:\/\/www.visit-montenegro.com\/wp-content\/uploads\/2017\/10\/logo-amp.png","contentUrl":"https:\/\/www.visit-montenegro.com\/wp-content\/uploads\/2017\/10\/logo-amp.png","width":190,"height":36,"caption":"Visit Montenegro"},"image":{"@id":"https:\/\/www.visit-montenegro.com\/me\/#\/schema\/logo\/image\/"},"sameAs":["https:\/\/www.facebook.com\/visitmontenegro","https:\/\/x.com\/visitmontenegro","https:\/\/www.instagram.com\/visit_montenegro\/","https:\/\/www.youtube.com\/user\/VisitMontenegro"]}]}},"translations":[],"_links":{"self":[{"href":"https:\/\/www.visit-montenegro.com\/me\/wp-json\/wp\/v2\/pages\/134107","targetHints":{"allow":["GET"]}}],"collection":[{"href":"https:\/\/www.visit-montenegro.com\/me\/wp-json\/wp\/v2\/pages"}],"about":[{"href":"https:\/\/www.visit-montenegro.com\/me\/wp-json\/wp\/v2\/types\/page"}],"author":[{"embeddable":true,"href":"https:\/\/www.visit-montenegro.com\/me\/wp-json\/wp\/v2\/users\/1"}],"replies":[{"embeddable":true,"href":"https:\/\/www.visit-montenegro.com\/me\/wp-json\/wp\/v2\/comments?post=134107"}],"version-history":[{"count":1,"href":"https:\/\/www.visit-montenegro.com\/me\/wp-json\/wp\/v2\/pages\/134107\/revisions"}],"predecessor-version":[{"id":139426,"href":"https:\/\/www.visit-montenegro.com\/me\/wp-json\/wp\/v2\/pages\/134107\/revisions\/139426"}],"up":[{"embeddable":true,"href":"https:\/\/www.visit-montenegro.com\/me\/wp-json\/wp\/v2\/pages\/134102"}],"wp:featuredmedia":[{"embeddable":true,"href":"https:\/\/www.visit-montenegro.com\/me\/wp-json\/wp\/v2\/media\/134097"}],"wp:attachment":[{"href":"https:\/\/www.visit-montenegro.com\/me\/wp-json\/wp\/v2\/media?parent=134107"}],"wp:term":[{"taxonomy":"post_tag","embeddable":true,"href":"https:\/\/www.visit-montenegro.com\/me\/wp-json\/wp\/v2\/tags?post=134107"}],"curies":[{"name":"wp","href":"https:\/\/api.w.org\/{rel}","templated":true}]}}