{"id":134111,"date":"2026-01-27T21:44:31","date_gmt":"2026-01-27T20:44:31","guid":{"rendered":"https:\/\/new.visit-montenegro.com\/destinacije\/kotor\/atrakcije\/gospa-od-skrpjela\/"},"modified":"2026-02-22T17:15:06","modified_gmt":"2026-02-22T16:15:06","slug":"gospa-od-skrpjela","status":"publish","type":"page","link":"https:\/\/www.visit-montenegro.com\/me\/destinacije\/kotor\/atrakcije\/gospa-od-skrpjela\/","title":{"rendered":"Gospa od \u0160krpjela"},"content":{"rendered":"\n<p>Gospa od \u0160krpjela je ve\u0161ta\u010dko ostrvo u Kotorskom zalivu u Crnoj Gori, sa istorijskom crkvom izgra\u0111enom nakon \u0161to su ribari prona\u0161li ikonu Bogorodice sa Hristom tamo u 17. vijeku.<\/p>\n<hr \/>\n\n<h2 class=\"wp-block-heading\">Uvod u Gospu od \u0160krpjela i njeno sestrinsko ostrvo<\/h2>\n\n<p><strong>Ostrvo Gospa od \u0160krpjela<\/strong> je jedno od dva prelijepa ostrva u zalivu Boka Kotorska, koja se nalaze u moru naspram Perasta u op\u0161tini <a href=\"https:\/\/www.visit-montenegro.com\/me\/destinacije\/kotor\/\">Kotor<\/a>. Drugo ostrvo, koje tako\u0111e treba posjetiti, je ostrvo Sveti \u0110or\u0111e. To ostrvo se tako\u0111e naziva &#8220;ostrvom mrtvih kapetana&#8221;, jer prema legendi, jedan francuski vojnik, pucaju\u0107i iz topa prema Perastu, pogodio je ku\u0107u svoje voljene djevojke i ubio je. Ta legenda bila je motiv za remek-djelo &#8220;Ostrvo mrtvih&#8221; \u0161vajcarskog slikara Beklina.<\/p>\n\n<figure class=\"wp-block-image size-full is-resized\"><img loading=\"lazy\" decoding=\"async\" width=\"1600\" height=\"1067\" src=\"https:\/\/www.visit-montenegro.com\/wp-content\/uploads\/2019\/06\/perast-gospa-i-sveti-djordje.jpg\" alt=\"\" class=\"wp-image-35347\" style=\"width:724px;height:auto\" srcset=\"https:\/\/www.visit-montenegro.com\/wp-content\/uploads\/2019\/06\/perast-gospa-i-sveti-djordje.jpg 1600w, https:\/\/www.visit-montenegro.com\/wp-content\/uploads\/2019\/06\/perast-gospa-i-sveti-djordje-300x200.jpg 300w, https:\/\/www.visit-montenegro.com\/wp-content\/uploads\/2019\/06\/perast-gospa-i-sveti-djordje-768x512.jpg 768w, https:\/\/www.visit-montenegro.com\/wp-content\/uploads\/2019\/06\/perast-gospa-i-sveti-djordje-1024x683.jpg 1024w, https:\/\/www.visit-montenegro.com\/wp-content\/uploads\/2019\/06\/perast-gospa-i-sveti-djordje-90x60.jpg 90w, https:\/\/www.visit-montenegro.com\/wp-content\/uploads\/2019\/06\/perast-gospa-i-sveti-djordje-180x120.jpg 180w, https:\/\/www.visit-montenegro.com\/wp-content\/uploads\/2019\/06\/perast-gospa-i-sveti-djordje-95x64.jpg 95w\" sizes=\"auto, (max-width: 1600px) 100vw, 1600px\" \/><figcaption class=\"wp-element-caption\">Ostrva Gospa od \u0160krpjela i Sveti \u0110or\u0111e u Boki Kotorskoj<\/figcaption><\/figure>\n\n<h2 class=\"wp-block-heading\">Istorija i zna\u010daj Gospa od \u0160krpjela<\/h2>\n\n<p>Ostrvo Gospa od \u0160krpjela, napravljeno je kao ve\u0161ta\u010dko ostrvo, koje je prema pri\u010dama napravljeno od strane pomoraca iz Perasta i Kotora, koji su na svojim velikim jedrenjacima donosili veliko kamenje. Na ostrvu se nalazi crkva. Prema legendi, ribari iz Perasta, nakon brodoloma blizu ostrva, prona\u0161li su ikonu Svete Bogorodice sa Hristom na morskoj stijeni, pa su se, kako obi\u010daji ka\u017eu, zavjetovali da \u0107e sagraditi crkvu na ostrvu. Crkvu su izgradili 1630. godine. Kako je ostrvo moralo biti odr\u017eavano, pomorci su nastavili da donose kamenje, tako da je ta tradicija \u017eiva i danas. Obi\u010daj iz starih vremena nedavno je obnovljen. Danas se zove Fasinada iz Perasta i odr\u017eava se na kraju dana 22. jula.<\/p>\n\n<figure class=\"wp-block-image size-large\"><img loading=\"lazy\" decoding=\"async\" width=\"1024\" height=\"576\" src=\"https:\/\/www.visit-montenegro.com\/wp-content\/uploads\/2026\/02\/Depositphotos_654542568_XL-1024x576.jpg\" alt=\"\" class=\"wp-image-133130\" srcset=\"https:\/\/www.visit-montenegro.com\/wp-content\/uploads\/2026\/02\/Depositphotos_654542568_XL-1024x576.jpg 1024w, https:\/\/www.visit-montenegro.com\/wp-content\/uploads\/2026\/02\/Depositphotos_654542568_XL-300x169.jpg 300w, https:\/\/www.visit-montenegro.com\/wp-content\/uploads\/2026\/02\/Depositphotos_654542568_XL-768x432.jpg 768w, https:\/\/www.visit-montenegro.com\/wp-content\/uploads\/2026\/02\/Depositphotos_654542568_XL-1536x864.jpg 1536w, https:\/\/www.visit-montenegro.com\/wp-content\/uploads\/2026\/02\/Depositphotos_654542568_XL-2048x1152.jpg 2048w, https:\/\/www.visit-montenegro.com\/wp-content\/uploads\/2026\/02\/Depositphotos_654542568_XL-scaled.jpg 1600w\" sizes=\"auto, (max-width: 1024px) 100vw, 1024px\" \/><\/figure>\n\n<h2 class=\"wp-block-heading\">Posjeta Gospi od \u0160krpjela i prakti\u010dne informacije<\/h2>\n\n<p>Lako mo\u017eete oti\u0107i na oba ostrva iz Kotora. Posjeta ostrvima u ljetnom periodu mo\u017ee biti zaista zanimljiv dio va\u0161eg zabavljanja tokom dana. Vo\u017enja do ostrva mo\u017ee se organizovati kao ekskurzija turisti\u010dkim teglenicama. Dio krstarenja kroz zaliv Boka Kotorska uklju\u010duje obilazak pomenutih ostrva. Najlak\u0161i na\u010din da se informi\u0161ete o tim ekskurzijama je da odete u Turisti\u010dku organizaciju Kotor, turisti\u010dke agencije, ili da sami odete u kotorsku luku, i du\u017e kotorske obale da se dogovorite sa vlasnicima turisti\u010dkih taksi brodova.<\/p>\n","protected":false},"excerpt":{"rendered":"<p>Otkrijte Gospu od \u0160krpjela, o\u010daravaju\u0107e ve\u0161ta\u010dko ostrvo u Kotorskom zalivu u Crnoj Gori. Saznajte o njegovom legendarnom poreklu i istorijskoj crkvi, te prona\u0111ite savjete za posjetu ovoj atrakciji koju morate vidjeti.<\/p>\n","protected":false},"author":1,"featured_media":135620,"parent":134102,"menu_order":0,"comment_status":"closed","ping_status":"closed","template":"","meta":{"_yoast_wpseo_focuskw":"Gospa od \u0160krpjela","_yoast_wpseo_metadesc":"Istra\u017eite Gospu od \u0160krpjela u Crnoj Gori: istorijski ve\u0161ta\u010dki ostrv sa crkvom, legendama i lakim pristupom iz Kotora. Planirajte svoju posjetu danas!","_kad_post_transparent":"","_kad_post_title":"","_kad_post_layout":"","_kad_post_sidebar_id":"","_kad_post_content_style":"","_kad_post_vertical_padding":"","_kad_post_feature":"","_kad_post_feature_position":"","_kad_post_header":false,"_kad_post_footer":false,"_kad_post_classname":"","iawp_total_views":63,"footnotes":""},"tags":[140,52,139,62,141,76],"class_list":["post-134111","page","type-page","status-publish","has-post-thumbnail","hentry","tag-crna-gora","tag-montenegro","tag-news","tag-tourism","tag-travel","tag-visit"],"yoast_head":"<!-- This site is optimized with the Yoast SEO plugin v27.3 - https:\/\/yoast.com\/product\/yoast-seo-wordpress\/ -->\n<title>Gospa od \u0160krpjela - Visit Montenegro<\/title>\n<meta name=\"description\" content=\"Istra\u017eite Gospu od \u0160krpjela u Crnoj Gori: istorijski ve\u0161ta\u010dki ostrv sa crkvom, legendama i lakim pristupom iz Kotora. Planirajte svoju posjetu danas!\" \/>\n<meta name=\"robots\" content=\"index, follow, max-snippet:-1, max-image-preview:large, max-video-preview:-1\" \/>\n<link rel=\"canonical\" href=\"https:\/\/www.visit-montenegro.com\/me\/destinacije\/kotor\/atrakcije\/gospa-od-skrpjela\/\" \/>\n<meta property=\"og:locale\" content=\"en_US\" \/>\n<meta property=\"og:type\" content=\"article\" \/>\n<meta property=\"og:title\" content=\"Gospa od \u0160krpjela - Visit Montenegro\" \/>\n<meta property=\"og:description\" content=\"Istra\u017eite Gospu od \u0160krpjela u Crnoj Gori: istorijski ve\u0161ta\u010dki ostrv sa crkvom, legendama i lakim pristupom iz Kotora. Planirajte svoju posjetu danas!\" \/>\n<meta property=\"og:url\" content=\"https:\/\/www.visit-montenegro.com\/me\/destinacije\/kotor\/atrakcije\/gospa-od-skrpjela\/\" \/>\n<meta property=\"og:site_name\" content=\"Visit Montenegro\" \/>\n<meta property=\"article:publisher\" content=\"https:\/\/www.facebook.com\/visitmontenegro\" \/>\n<meta property=\"article:modified_time\" content=\"2026-02-22T16:15:06+00:00\" \/>\n<meta property=\"og:image\" content=\"https:\/\/www.visit-montenegro.com\/wp-content\/uploads\/2026\/01\/perast-our-lady-air-scaled.jpg\" \/>\n\t<meta property=\"og:image:width\" content=\"1600\" \/>\n\t<meta property=\"og:image:height\" content=\"969\" \/>\n\t<meta property=\"og:image:type\" content=\"image\/jpeg\" \/>\n<meta name=\"twitter:card\" content=\"summary_large_image\" \/>\n<meta name=\"twitter:site\" content=\"@visitmontenegro\" \/>\n<meta name=\"twitter:label1\" content=\"Est. reading time\" \/>\n\t<meta name=\"twitter:data1\" content=\"2 minutes\" \/>\n<script type=\"application\/ld+json\" class=\"yoast-schema-graph\">{\"@context\":\"https:\\\/\\\/schema.org\",\"@graph\":[{\"@type\":\"WebPage\",\"@id\":\"https:\\\/\\\/www.visit-montenegro.com\\\/me\\\/destinacije\\\/kotor\\\/atrakcije\\\/gospa-od-skrpjela\\\/\",\"url\":\"https:\\\/\\\/www.visit-montenegro.com\\\/me\\\/destinacije\\\/kotor\\\/atrakcije\\\/gospa-od-skrpjela\\\/\",\"name\":\"Gospa od \u0160krpjela - Visit Montenegro\",\"isPartOf\":{\"@id\":\"https:\\\/\\\/www.visit-montenegro.com\\\/me\\\/#website\"},\"primaryImageOfPage\":{\"@id\":\"https:\\\/\\\/www.visit-montenegro.com\\\/me\\\/destinacije\\\/kotor\\\/atrakcije\\\/gospa-od-skrpjela\\\/#primaryimage\"},\"image\":{\"@id\":\"https:\\\/\\\/www.visit-montenegro.com\\\/me\\\/destinacije\\\/kotor\\\/atrakcije\\\/gospa-od-skrpjela\\\/#primaryimage\"},\"thumbnailUrl\":\"https:\\\/\\\/www.visit-montenegro.com\\\/wp-content\\\/uploads\\\/2026\\\/01\\\/perast-our-lady-air-scaled.jpg\",\"datePublished\":\"2026-01-27T20:44:31+00:00\",\"dateModified\":\"2026-02-22T16:15:06+00:00\",\"description\":\"Istra\u017eite Gospu od \u0160krpjela u Crnoj Gori: istorijski ve\u0161ta\u010dki ostrv sa crkvom, legendama i lakim pristupom iz Kotora. Planirajte svoju posjetu danas!\",\"breadcrumb\":{\"@id\":\"https:\\\/\\\/www.visit-montenegro.com\\\/me\\\/destinacije\\\/kotor\\\/atrakcije\\\/gospa-od-skrpjela\\\/#breadcrumb\"},\"inLanguage\":\"sr-Latn-ME\",\"potentialAction\":[{\"@type\":\"ReadAction\",\"target\":[\"https:\\\/\\\/www.visit-montenegro.com\\\/me\\\/destinacije\\\/kotor\\\/atrakcije\\\/gospa-od-skrpjela\\\/\"]}]},{\"@type\":\"ImageObject\",\"inLanguage\":\"sr-Latn-ME\",\"@id\":\"https:\\\/\\\/www.visit-montenegro.com\\\/me\\\/destinacije\\\/kotor\\\/atrakcije\\\/gospa-od-skrpjela\\\/#primaryimage\",\"url\":\"https:\\\/\\\/www.visit-montenegro.com\\\/wp-content\\\/uploads\\\/2026\\\/01\\\/perast-our-lady-air-scaled.jpg\",\"contentUrl\":\"https:\\\/\\\/www.visit-montenegro.com\\\/wp-content\\\/uploads\\\/2026\\\/01\\\/perast-our-lady-air-scaled.jpg\",\"width\":1600,\"height\":969,\"caption\":\"Church of Our Lady of the Rocks, Perast, view from above\"},{\"@type\":\"BreadcrumbList\",\"@id\":\"https:\\\/\\\/www.visit-montenegro.com\\\/me\\\/destinacije\\\/kotor\\\/atrakcije\\\/gospa-od-skrpjela\\\/#breadcrumb\",\"itemListElement\":[{\"@type\":\"ListItem\",\"position\":1,\"name\":\"Home\",\"item\":\"https:\\\/\\\/www.visit-montenegro.com\\\/me\\\/pocetna\\\/\"},{\"@type\":\"ListItem\",\"position\":2,\"name\":\"Turisti\u010dke destinacije u Crnoj Gori\",\"item\":\"https:\\\/\\\/www.visit-montenegro.com\\\/me\\\/destinacije\\\/\"},{\"@type\":\"ListItem\",\"position\":3,\"name\":\"Kotor\",\"item\":\"https:\\\/\\\/www.visit-montenegro.com\\\/me\\\/destinacije\\\/kotor\\\/\"},{\"@type\":\"ListItem\",\"position\":4,\"name\":\"Atrakcije Kotora\",\"item\":\"https:\\\/\\\/www.visit-montenegro.com\\\/me\\\/destinacije\\\/kotor\\\/atrakcije\\\/\"},{\"@type\":\"ListItem\",\"position\":5,\"name\":\"Gospa od \u0160krpjela\"}]},{\"@type\":\"WebSite\",\"@id\":\"https:\\\/\\\/www.visit-montenegro.com\\\/me\\\/#website\",\"url\":\"https:\\\/\\\/www.visit-montenegro.com\\\/me\\\/\",\"name\":\"Visit Montenegro\",\"description\":\"Breathtaking beauty\",\"publisher\":{\"@id\":\"https:\\\/\\\/www.visit-montenegro.com\\\/me\\\/#organization\"},\"potentialAction\":[{\"@type\":\"SearchAction\",\"target\":{\"@type\":\"EntryPoint\",\"urlTemplate\":\"https:\\\/\\\/www.visit-montenegro.com\\\/me\\\/?s={search_term_string}\"},\"query-input\":{\"@type\":\"PropertyValueSpecification\",\"valueRequired\":true,\"valueName\":\"search_term_string\"}}],\"inLanguage\":\"sr-Latn-ME\"},{\"@type\":\"Organization\",\"@id\":\"https:\\\/\\\/www.visit-montenegro.com\\\/me\\\/#organization\",\"name\":\"Visit Montenegro\",\"url\":\"https:\\\/\\\/www.visit-montenegro.com\\\/me\\\/\",\"logo\":{\"@type\":\"ImageObject\",\"inLanguage\":\"sr-Latn-ME\",\"@id\":\"https:\\\/\\\/www.visit-montenegro.com\\\/me\\\/#\\\/schema\\\/logo\\\/image\\\/\",\"url\":\"https:\\\/\\\/www.visit-montenegro.com\\\/wp-content\\\/uploads\\\/2017\\\/10\\\/logo-amp.png\",\"contentUrl\":\"https:\\\/\\\/www.visit-montenegro.com\\\/wp-content\\\/uploads\\\/2017\\\/10\\\/logo-amp.png\",\"width\":190,\"height\":36,\"caption\":\"Visit Montenegro\"},\"image\":{\"@id\":\"https:\\\/\\\/www.visit-montenegro.com\\\/me\\\/#\\\/schema\\\/logo\\\/image\\\/\"},\"sameAs\":[\"https:\\\/\\\/www.facebook.com\\\/visitmontenegro\",\"https:\\\/\\\/x.com\\\/visitmontenegro\",\"https:\\\/\\\/www.instagram.com\\\/visit_montenegro\\\/\",\"https:\\\/\\\/www.youtube.com\\\/user\\\/VisitMontenegro\"]}]}<\/script>\n<!-- \/ Yoast SEO plugin. -->","yoast_head_json":{"title":"Gospa od \u0160krpjela - Visit Montenegro","description":"Istra\u017eite Gospu od \u0160krpjela u Crnoj Gori: istorijski ve\u0161ta\u010dki ostrv sa crkvom, legendama i lakim pristupom iz Kotora. Planirajte svoju posjetu danas!","robots":{"index":"index","follow":"follow","max-snippet":"max-snippet:-1","max-image-preview":"max-image-preview:large","max-video-preview":"max-video-preview:-1"},"canonical":"https:\/\/www.visit-montenegro.com\/me\/destinacije\/kotor\/atrakcije\/gospa-od-skrpjela\/","og_locale":"en_US","og_type":"article","og_title":"Gospa od \u0160krpjela - Visit Montenegro","og_description":"Istra\u017eite Gospu od \u0160krpjela u Crnoj Gori: istorijski ve\u0161ta\u010dki ostrv sa crkvom, legendama i lakim pristupom iz Kotora. Planirajte svoju posjetu danas!","og_url":"https:\/\/www.visit-montenegro.com\/me\/destinacije\/kotor\/atrakcije\/gospa-od-skrpjela\/","og_site_name":"Visit Montenegro","article_publisher":"https:\/\/www.facebook.com\/visitmontenegro","article_modified_time":"2026-02-22T16:15:06+00:00","og_image":[{"width":1600,"height":969,"url":"https:\/\/www.visit-montenegro.com\/wp-content\/uploads\/2026\/01\/perast-our-lady-air-scaled.jpg","type":"image\/jpeg"}],"twitter_card":"summary_large_image","twitter_site":"@visitmontenegro","twitter_misc":{"Est. reading time":"2 minutes"},"schema":{"@context":"https:\/\/schema.org","@graph":[{"@type":"WebPage","@id":"https:\/\/www.visit-montenegro.com\/me\/destinacije\/kotor\/atrakcije\/gospa-od-skrpjela\/","url":"https:\/\/www.visit-montenegro.com\/me\/destinacije\/kotor\/atrakcije\/gospa-od-skrpjela\/","name":"Gospa od \u0160krpjela - Visit Montenegro","isPartOf":{"@id":"https:\/\/www.visit-montenegro.com\/me\/#website"},"primaryImageOfPage":{"@id":"https:\/\/www.visit-montenegro.com\/me\/destinacije\/kotor\/atrakcije\/gospa-od-skrpjela\/#primaryimage"},"image":{"@id":"https:\/\/www.visit-montenegro.com\/me\/destinacije\/kotor\/atrakcije\/gospa-od-skrpjela\/#primaryimage"},"thumbnailUrl":"https:\/\/www.visit-montenegro.com\/wp-content\/uploads\/2026\/01\/perast-our-lady-air-scaled.jpg","datePublished":"2026-01-27T20:44:31+00:00","dateModified":"2026-02-22T16:15:06+00:00","description":"Istra\u017eite Gospu od \u0160krpjela u Crnoj Gori: istorijski ve\u0161ta\u010dki ostrv sa crkvom, legendama i lakim pristupom iz Kotora. Planirajte svoju posjetu danas!","breadcrumb":{"@id":"https:\/\/www.visit-montenegro.com\/me\/destinacije\/kotor\/atrakcije\/gospa-od-skrpjela\/#breadcrumb"},"inLanguage":"sr-Latn-ME","potentialAction":[{"@type":"ReadAction","target":["https:\/\/www.visit-montenegro.com\/me\/destinacije\/kotor\/atrakcije\/gospa-od-skrpjela\/"]}]},{"@type":"ImageObject","inLanguage":"sr-Latn-ME","@id":"https:\/\/www.visit-montenegro.com\/me\/destinacije\/kotor\/atrakcije\/gospa-od-skrpjela\/#primaryimage","url":"https:\/\/www.visit-montenegro.com\/wp-content\/uploads\/2026\/01\/perast-our-lady-air-scaled.jpg","contentUrl":"https:\/\/www.visit-montenegro.com\/wp-content\/uploads\/2026\/01\/perast-our-lady-air-scaled.jpg","width":1600,"height":969,"caption":"Church of Our Lady of the Rocks, Perast, view from above"},{"@type":"BreadcrumbList","@id":"https:\/\/www.visit-montenegro.com\/me\/destinacije\/kotor\/atrakcije\/gospa-od-skrpjela\/#breadcrumb","itemListElement":[{"@type":"ListItem","position":1,"name":"Home","item":"https:\/\/www.visit-montenegro.com\/me\/pocetna\/"},{"@type":"ListItem","position":2,"name":"Turisti\u010dke destinacije u Crnoj Gori","item":"https:\/\/www.visit-montenegro.com\/me\/destinacije\/"},{"@type":"ListItem","position":3,"name":"Kotor","item":"https:\/\/www.visit-montenegro.com\/me\/destinacije\/kotor\/"},{"@type":"ListItem","position":4,"name":"Atrakcije Kotora","item":"https:\/\/www.visit-montenegro.com\/me\/destinacije\/kotor\/atrakcije\/"},{"@type":"ListItem","position":5,"name":"Gospa od \u0160krpjela"}]},{"@type":"WebSite","@id":"https:\/\/www.visit-montenegro.com\/me\/#website","url":"https:\/\/www.visit-montenegro.com\/me\/","name":"Visit Montenegro","description":"Breathtaking beauty","publisher":{"@id":"https:\/\/www.visit-montenegro.com\/me\/#organization"},"potentialAction":[{"@type":"SearchAction","target":{"@type":"EntryPoint","urlTemplate":"https:\/\/www.visit-montenegro.com\/me\/?s={search_term_string}"},"query-input":{"@type":"PropertyValueSpecification","valueRequired":true,"valueName":"search_term_string"}}],"inLanguage":"sr-Latn-ME"},{"@type":"Organization","@id":"https:\/\/www.visit-montenegro.com\/me\/#organization","name":"Visit Montenegro","url":"https:\/\/www.visit-montenegro.com\/me\/","logo":{"@type":"ImageObject","inLanguage":"sr-Latn-ME","@id":"https:\/\/www.visit-montenegro.com\/me\/#\/schema\/logo\/image\/","url":"https:\/\/www.visit-montenegro.com\/wp-content\/uploads\/2017\/10\/logo-amp.png","contentUrl":"https:\/\/www.visit-montenegro.com\/wp-content\/uploads\/2017\/10\/logo-amp.png","width":190,"height":36,"caption":"Visit Montenegro"},"image":{"@id":"https:\/\/www.visit-montenegro.com\/me\/#\/schema\/logo\/image\/"},"sameAs":["https:\/\/www.facebook.com\/visitmontenegro","https:\/\/x.com\/visitmontenegro","https:\/\/www.instagram.com\/visit_montenegro\/","https:\/\/www.youtube.com\/user\/VisitMontenegro"]}]}},"translations":[],"_links":{"self":[{"href":"https:\/\/www.visit-montenegro.com\/me\/wp-json\/wp\/v2\/pages\/134111","targetHints":{"allow":["GET"]}}],"collection":[{"href":"https:\/\/www.visit-montenegro.com\/me\/wp-json\/wp\/v2\/pages"}],"about":[{"href":"https:\/\/www.visit-montenegro.com\/me\/wp-json\/wp\/v2\/types\/page"}],"author":[{"embeddable":true,"href":"https:\/\/www.visit-montenegro.com\/me\/wp-json\/wp\/v2\/users\/1"}],"replies":[{"embeddable":true,"href":"https:\/\/www.visit-montenegro.com\/me\/wp-json\/wp\/v2\/comments?post=134111"}],"version-history":[{"count":0,"href":"https:\/\/www.visit-montenegro.com\/me\/wp-json\/wp\/v2\/pages\/134111\/revisions"}],"up":[{"embeddable":true,"href":"https:\/\/www.visit-montenegro.com\/me\/wp-json\/wp\/v2\/pages\/134102"}],"wp:featuredmedia":[{"embeddable":true,"href":"https:\/\/www.visit-montenegro.com\/me\/wp-json\/wp\/v2\/media\/135620"}],"wp:attachment":[{"href":"https:\/\/www.visit-montenegro.com\/me\/wp-json\/wp\/v2\/media?parent=134111"}],"wp:term":[{"taxonomy":"post_tag","embeddable":true,"href":"https:\/\/www.visit-montenegro.com\/me\/wp-json\/wp\/v2\/tags?post=134111"}],"curies":[{"name":"wp","href":"https:\/\/api.w.org\/{rel}","templated":true}]}}