{"id":134115,"date":"2026-01-27T21:44:31","date_gmt":"2026-01-27T20:44:31","guid":{"rendered":"https:\/\/new.visit-montenegro.com\/destinacije\/kotor\/atrakcije\/perast\/"},"modified":"2026-02-22T18:37:59","modified_gmt":"2026-02-22T17:37:59","slug":"perast","status":"publish","type":"page","link":"https:\/\/www.visit-montenegro.com\/me\/destinacije\/kotor\/atrakcije\/perast\/","title":{"rendered":"Perast"},"content":{"rendered":"\n<p>Perast je istorijski primorski grad u Kotorskom zalivu Crne Gore, poznat po svom mirnom \u0161armu, renesansnim i baroknim palatama te bogatoj pomorskoj ba\u0161tini, koji pru\u017ea uvid u luksuznu pro\u0161lost regije.<\/p>\n\n<hr class=\"wp-block-separator has-alpha-channel-opacity\"\/>\n\n<h2 class=\"wp-block-heading\">Perast: Istorijski dragulj u Kotorskom zalivu<\/h2>\n\n<p><strong>Perast<\/strong> je zasigurno jedno od naj\u010dudnijih, a po svojoj istoriji jedno od najljep\u0161ih mjesta u Kotorskom zalivu. Danas se \u010desto naziva najti\u0161im gradom u Boki. Njegove uske ulice i brojne, uglavnom napu\u0161tene renesansne i barokne palate, svjedo\u010de o nekada\u0161njem bogatstvu Kotorskog zaliva i o danima kada se vodio luksuzan \u017eivot njegovih stanovnika.<\/p>\n\n<p><strong>Perast<\/strong> je nekada bio grad pomoraca, i po tome je bio poznat \u010dak i izvan prostora Crne Gore. I danas mo\u017eemo vidjeti te poznate kamene ku\u0107e i kapetanske palate koje se isti\u010du. U <strong>Perastu<\/strong> je sa\u010duvano 16 palata, me\u0111u kojima je barokna palata Bujovi\u0107 na samom ulazu u <strong>Perast<\/strong>. Ostale palate su: Bronza, \u0160estokrilovi\u0107, Mazarovi\u0107, Balovi\u0107, Vi\u0161kovi\u0107, Pavlovi\u0107ini, Martinovi\u0107, Zmajevi\u0107 i druge. Sve one predstavljaju 12 <strong>pera\u0161kih<\/strong> bratstava (klanova).<\/p>\n\n<figure class=\"wp-block-image size-large\"><img loading=\"lazy\" decoding=\"async\" width=\"1024\" height=\"683\" src=\"https:\/\/www.visit-montenegro.com\/wp-content\/uploads\/2026\/02\/Depositphotos_414280214_XL-1024x683.jpg\" alt=\"\" class=\"wp-image-133158\" srcset=\"https:\/\/www.visit-montenegro.com\/wp-content\/uploads\/2026\/02\/Depositphotos_414280214_XL-1024x683.jpg 1024w, https:\/\/www.visit-montenegro.com\/wp-content\/uploads\/2026\/02\/Depositphotos_414280214_XL-300x200.jpg 300w, https:\/\/www.visit-montenegro.com\/wp-content\/uploads\/2026\/02\/Depositphotos_414280214_XL-768x512.jpg 768w, https:\/\/www.visit-montenegro.com\/wp-content\/uploads\/2026\/02\/Depositphotos_414280214_XL-1536x1024.jpg 1536w, https:\/\/www.visit-montenegro.com\/wp-content\/uploads\/2026\/02\/Depositphotos_414280214_XL-2048x1365.jpg 2048w, https:\/\/www.visit-montenegro.com\/wp-content\/uploads\/2026\/02\/Depositphotos_414280214_XL-scaled.jpg 1600w\" sizes=\"auto, (max-width: 1024px) 100vw, 1024px\" \/><figcaption class=\"wp-element-caption\">Perast u Kotorskom zalivu (Boka Kotorska), Crna Gora, Evropa.<\/figcaption><\/figure>\n\n<p>Dok se nekada du\u017e <strong>Perasta<\/strong> dan i no\u0107 \u010duo zvuk koraka, i dok su se po ulicama mogle vidjeti dame bogatih pomoraca i zaljubljene djevojke kako \u0161etaju, u uvalama <strong>Perasta<\/strong> pristajale su stotine jedrilica, a danas je <strong>Perast<\/strong> uglavnom napu\u0161ten grad, sa jedva 360 gra\u0111ana. Iako je situacija takva, treba pro\u0161etati kroz <strong>Perast<\/strong> i napuniti se duhom renesanse i baroka. <strong>Perast<\/strong> tokom zime ima vi\u0161e sun\u010danih sati nego poznata turisti\u010dka mjesta na Azurnoj obali.<\/p>\n\n<figure class=\"wp-block-image size-large\"><img loading=\"lazy\" decoding=\"async\" width=\"1024\" height=\"683\" src=\"https:\/\/www.visit-montenegro.com\/wp-content\/uploads\/2026\/02\/Depositphotos_666717514_XL-1024x683.jpg\" alt=\"\" class=\"wp-image-133140\" srcset=\"https:\/\/www.visit-montenegro.com\/wp-content\/uploads\/2026\/02\/Depositphotos_666717514_XL-1024x683.jpg 1024w, https:\/\/www.visit-montenegro.com\/wp-content\/uploads\/2026\/02\/Depositphotos_666717514_XL-300x200.jpg 300w, https:\/\/www.visit-montenegro.com\/wp-content\/uploads\/2026\/02\/Depositphotos_666717514_XL-768x512.jpg 768w, https:\/\/www.visit-montenegro.com\/wp-content\/uploads\/2026\/02\/Depositphotos_666717514_XL-1536x1024.jpg 1536w, https:\/\/www.visit-montenegro.com\/wp-content\/uploads\/2026\/02\/Depositphotos_666717514_XL-2048x1365.jpg 2048w, https:\/\/www.visit-montenegro.com\/wp-content\/uploads\/2026\/02\/Depositphotos_666717514_XL-scaled.jpg 1600w\" sizes=\"auto, (max-width: 1024px) 100vw, 1024px\" \/><figcaption class=\"wp-element-caption\">Perast sa ostrvom Gospa od \u0160krpjela i ostrvom Sveti \u0110or\u0111e u pozadini<\/figcaption><\/figure>\n\n<h3 class=\"wp-block-heading\">Ljetni doga\u0111aji i aktivnosti<\/h3>\n\n<p>Iako ne nudi mnogo doga\u0111aja, <strong>Perast<\/strong> je prili\u010dno zanimljiv tokom ljeta. Tokom jula i avgusta tamo se odr\u017eavaju razne sve\u010danosti poput tradicionalne Fasinade \u2013 ritualne povorke teglenica i \u010damaca, koje nose kamenje koje se zatim postavlja na <a href=\"https:\/\/www.visit-montenegro.com\/me\/destinacije\/kotor\/atrakcije\/gospa-od-skrpjela\/\">ostrvo Gospa od \u0160krpjela<\/a>. Fasinada se odr\u017eava u julu. U avgustu <strong>Perast<\/strong> je doma\u0107in manifestacije \u2013 Susreti muzi\u010dkih klapa \u2013 u kojoj se takmi\u010dari \u2013 pjeva\u010di takmi\u010de u tradicionalnom pjevanju koje je prisutno na dijelu Mediterana koji se prote\u017ee od Dalmacije do Crne Gore. Zbog nedostatka pla\u017ene zone, obala <strong>Perasta<\/strong> nije pogodna za pla\u017eni turizam.<\/p>\n","protected":false},"excerpt":{"rendered":"<p>Otkrijte Perast, mirni istorijski grad u Kotorskom zalivu Crne Gore. Istra\u017eite njegove renesansne i barokne palate, bogatu pomorsku ba\u0161tinu i jedinstvene ljetne doga\u0111aje poput Fasinade. Do\u017eivite \u0161arm ovog uglavnom napu\u0161tenog dragulja s \u017eivopisnom pro\u0161lo\u0161\u0107u.<\/p>\n","protected":false},"author":1,"featured_media":135623,"parent":134102,"menu_order":0,"comment_status":"closed","ping_status":"closed","template":"","meta":{"_yoast_wpseo_focuskw":"Perast","_yoast_wpseo_metadesc":"Istra\u017eite Perast u Crnoj Gori: mirni istorijski grad s baroknim palatama, pomorskom ba\u0161tinom i ljetnim doga\u0111ajima poput Fasinade. Otkrijte njegov jedinstven \u0161arm i bogatu pro\u0161lost.","_kad_post_transparent":"","_kad_post_title":"","_kad_post_layout":"","_kad_post_sidebar_id":"","_kad_post_content_style":"","_kad_post_vertical_padding":"","_kad_post_feature":"","_kad_post_feature_position":"","_kad_post_header":false,"_kad_post_footer":false,"_kad_post_classname":"","iawp_total_views":30,"footnotes":""},"tags":[140,52,139,62,141,76],"class_list":["post-134115","page","type-page","status-publish","has-post-thumbnail","hentry","tag-crna-gora","tag-montenegro","tag-news","tag-tourism","tag-travel","tag-visit"],"yoast_head":"<!-- This site is optimized with the Yoast SEO plugin v27.3 - https:\/\/yoast.com\/product\/yoast-seo-wordpress\/ -->\n<title>Perast - Visit Montenegro<\/title>\n<meta name=\"description\" content=\"Istra\u017eite Perast u Crnoj Gori: mirni istorijski grad s baroknim palatama, pomorskom ba\u0161tinom i ljetnim doga\u0111ajima poput Fasinade. Otkrijte njegov jedinstven \u0161arm i bogatu pro\u0161lost.\" \/>\n<meta name=\"robots\" content=\"index, follow, max-snippet:-1, max-image-preview:large, max-video-preview:-1\" \/>\n<link rel=\"canonical\" href=\"https:\/\/www.visit-montenegro.com\/me\/destinacije\/kotor\/atrakcije\/perast\/\" \/>\n<meta property=\"og:locale\" content=\"en_US\" \/>\n<meta property=\"og:type\" content=\"article\" \/>\n<meta property=\"og:title\" content=\"Perast - Visit Montenegro\" \/>\n<meta property=\"og:description\" content=\"Istra\u017eite Perast u Crnoj Gori: mirni istorijski grad s baroknim palatama, pomorskom ba\u0161tinom i ljetnim doga\u0111ajima poput Fasinade. Otkrijte njegov jedinstven \u0161arm i bogatu pro\u0161lost.\" \/>\n<meta property=\"og:url\" content=\"https:\/\/www.visit-montenegro.com\/me\/destinacije\/kotor\/atrakcije\/perast\/\" \/>\n<meta property=\"og:site_name\" content=\"Visit Montenegro\" \/>\n<meta property=\"article:publisher\" content=\"https:\/\/www.facebook.com\/visitmontenegro\" \/>\n<meta property=\"article:modified_time\" content=\"2026-02-22T17:37:59+00:00\" \/>\n<meta property=\"og:image\" content=\"https:\/\/www.visit-montenegro.com\/wp-content\/uploads\/2026\/01\/perast-02-scaled.jpg\" \/>\n\t<meta property=\"og:image:width\" content=\"1600\" \/>\n\t<meta property=\"og:image:height\" content=\"1099\" \/>\n\t<meta property=\"og:image:type\" content=\"image\/jpeg\" \/>\n<meta name=\"twitter:card\" content=\"summary_large_image\" \/>\n<meta name=\"twitter:site\" content=\"@visitmontenegro\" \/>\n<meta name=\"twitter:label1\" content=\"Est. reading time\" \/>\n\t<meta name=\"twitter:data1\" content=\"2 minutes\" \/>\n<script type=\"application\/ld+json\" class=\"yoast-schema-graph\">{\"@context\":\"https:\\\/\\\/schema.org\",\"@graph\":[{\"@type\":\"WebPage\",\"@id\":\"https:\\\/\\\/www.visit-montenegro.com\\\/me\\\/destinacije\\\/kotor\\\/atrakcije\\\/perast\\\/\",\"url\":\"https:\\\/\\\/www.visit-montenegro.com\\\/me\\\/destinacije\\\/kotor\\\/atrakcije\\\/perast\\\/\",\"name\":\"Perast - Visit Montenegro\",\"isPartOf\":{\"@id\":\"https:\\\/\\\/www.visit-montenegro.com\\\/me\\\/#website\"},\"primaryImageOfPage\":{\"@id\":\"https:\\\/\\\/www.visit-montenegro.com\\\/me\\\/destinacije\\\/kotor\\\/atrakcije\\\/perast\\\/#primaryimage\"},\"image\":{\"@id\":\"https:\\\/\\\/www.visit-montenegro.com\\\/me\\\/destinacije\\\/kotor\\\/atrakcije\\\/perast\\\/#primaryimage\"},\"thumbnailUrl\":\"https:\\\/\\\/www.visit-montenegro.com\\\/wp-content\\\/uploads\\\/2026\\\/01\\\/perast-02-scaled.jpg\",\"datePublished\":\"2026-01-27T20:44:31+00:00\",\"dateModified\":\"2026-02-22T17:37:59+00:00\",\"description\":\"Istra\u017eite Perast u Crnoj Gori: mirni istorijski grad s baroknim palatama, pomorskom ba\u0161tinom i ljetnim doga\u0111ajima poput Fasinade. Otkrijte njegov jedinstven \u0161arm i bogatu pro\u0161lost.\",\"breadcrumb\":{\"@id\":\"https:\\\/\\\/www.visit-montenegro.com\\\/me\\\/destinacije\\\/kotor\\\/atrakcije\\\/perast\\\/#breadcrumb\"},\"inLanguage\":\"sr-Latn-ME\",\"potentialAction\":[{\"@type\":\"ReadAction\",\"target\":[\"https:\\\/\\\/www.visit-montenegro.com\\\/me\\\/destinacije\\\/kotor\\\/atrakcije\\\/perast\\\/\"]}]},{\"@type\":\"ImageObject\",\"inLanguage\":\"sr-Latn-ME\",\"@id\":\"https:\\\/\\\/www.visit-montenegro.com\\\/me\\\/destinacije\\\/kotor\\\/atrakcije\\\/perast\\\/#primaryimage\",\"url\":\"https:\\\/\\\/www.visit-montenegro.com\\\/wp-content\\\/uploads\\\/2026\\\/01\\\/perast-02-scaled.jpg\",\"contentUrl\":\"https:\\\/\\\/www.visit-montenegro.com\\\/wp-content\\\/uploads\\\/2026\\\/01\\\/perast-02-scaled.jpg\",\"width\":1600,\"height\":1099,\"caption\":\"Luka i brodovi u Boki Kotorskoj, Crna Gora, Evropa.\"},{\"@type\":\"BreadcrumbList\",\"@id\":\"https:\\\/\\\/www.visit-montenegro.com\\\/me\\\/destinacije\\\/kotor\\\/atrakcije\\\/perast\\\/#breadcrumb\",\"itemListElement\":[{\"@type\":\"ListItem\",\"position\":1,\"name\":\"Home\",\"item\":\"https:\\\/\\\/www.visit-montenegro.com\\\/me\\\/pocetna\\\/\"},{\"@type\":\"ListItem\",\"position\":2,\"name\":\"Turisti\u010dke destinacije u Crnoj Gori\",\"item\":\"https:\\\/\\\/www.visit-montenegro.com\\\/me\\\/destinacije\\\/\"},{\"@type\":\"ListItem\",\"position\":3,\"name\":\"Kotor\",\"item\":\"https:\\\/\\\/www.visit-montenegro.com\\\/me\\\/destinacije\\\/kotor\\\/\"},{\"@type\":\"ListItem\",\"position\":4,\"name\":\"Atrakcije Kotora\",\"item\":\"https:\\\/\\\/www.visit-montenegro.com\\\/me\\\/destinacije\\\/kotor\\\/atrakcije\\\/\"},{\"@type\":\"ListItem\",\"position\":5,\"name\":\"Perast\"}]},{\"@type\":\"WebSite\",\"@id\":\"https:\\\/\\\/www.visit-montenegro.com\\\/me\\\/#website\",\"url\":\"https:\\\/\\\/www.visit-montenegro.com\\\/me\\\/\",\"name\":\"Visit Montenegro\",\"description\":\"Breathtaking beauty\",\"publisher\":{\"@id\":\"https:\\\/\\\/www.visit-montenegro.com\\\/me\\\/#organization\"},\"potentialAction\":[{\"@type\":\"SearchAction\",\"target\":{\"@type\":\"EntryPoint\",\"urlTemplate\":\"https:\\\/\\\/www.visit-montenegro.com\\\/me\\\/?s={search_term_string}\"},\"query-input\":{\"@type\":\"PropertyValueSpecification\",\"valueRequired\":true,\"valueName\":\"search_term_string\"}}],\"inLanguage\":\"sr-Latn-ME\"},{\"@type\":\"Organization\",\"@id\":\"https:\\\/\\\/www.visit-montenegro.com\\\/me\\\/#organization\",\"name\":\"Visit Montenegro\",\"url\":\"https:\\\/\\\/www.visit-montenegro.com\\\/me\\\/\",\"logo\":{\"@type\":\"ImageObject\",\"inLanguage\":\"sr-Latn-ME\",\"@id\":\"https:\\\/\\\/www.visit-montenegro.com\\\/me\\\/#\\\/schema\\\/logo\\\/image\\\/\",\"url\":\"https:\\\/\\\/www.visit-montenegro.com\\\/wp-content\\\/uploads\\\/2017\\\/10\\\/logo-amp.png\",\"contentUrl\":\"https:\\\/\\\/www.visit-montenegro.com\\\/wp-content\\\/uploads\\\/2017\\\/10\\\/logo-amp.png\",\"width\":190,\"height\":36,\"caption\":\"Visit Montenegro\"},\"image\":{\"@id\":\"https:\\\/\\\/www.visit-montenegro.com\\\/me\\\/#\\\/schema\\\/logo\\\/image\\\/\"},\"sameAs\":[\"https:\\\/\\\/www.facebook.com\\\/visitmontenegro\",\"https:\\\/\\\/x.com\\\/visitmontenegro\",\"https:\\\/\\\/www.instagram.com\\\/visit_montenegro\\\/\",\"https:\\\/\\\/www.youtube.com\\\/user\\\/VisitMontenegro\"]}]}<\/script>\n<!-- \/ Yoast SEO plugin. -->","yoast_head_json":{"title":"Perast - Visit Montenegro","description":"Istra\u017eite Perast u Crnoj Gori: mirni istorijski grad s baroknim palatama, pomorskom ba\u0161tinom i ljetnim doga\u0111ajima poput Fasinade. Otkrijte njegov jedinstven \u0161arm i bogatu pro\u0161lost.","robots":{"index":"index","follow":"follow","max-snippet":"max-snippet:-1","max-image-preview":"max-image-preview:large","max-video-preview":"max-video-preview:-1"},"canonical":"https:\/\/www.visit-montenegro.com\/me\/destinacije\/kotor\/atrakcije\/perast\/","og_locale":"en_US","og_type":"article","og_title":"Perast - Visit Montenegro","og_description":"Istra\u017eite Perast u Crnoj Gori: mirni istorijski grad s baroknim palatama, pomorskom ba\u0161tinom i ljetnim doga\u0111ajima poput Fasinade. Otkrijte njegov jedinstven \u0161arm i bogatu pro\u0161lost.","og_url":"https:\/\/www.visit-montenegro.com\/me\/destinacije\/kotor\/atrakcije\/perast\/","og_site_name":"Visit Montenegro","article_publisher":"https:\/\/www.facebook.com\/visitmontenegro","article_modified_time":"2026-02-22T17:37:59+00:00","og_image":[{"width":1600,"height":1099,"url":"https:\/\/www.visit-montenegro.com\/wp-content\/uploads\/2026\/01\/perast-02-scaled.jpg","type":"image\/jpeg"}],"twitter_card":"summary_large_image","twitter_site":"@visitmontenegro","twitter_misc":{"Est. reading time":"2 minutes"},"schema":{"@context":"https:\/\/schema.org","@graph":[{"@type":"WebPage","@id":"https:\/\/www.visit-montenegro.com\/me\/destinacije\/kotor\/atrakcije\/perast\/","url":"https:\/\/www.visit-montenegro.com\/me\/destinacije\/kotor\/atrakcije\/perast\/","name":"Perast - Visit Montenegro","isPartOf":{"@id":"https:\/\/www.visit-montenegro.com\/me\/#website"},"primaryImageOfPage":{"@id":"https:\/\/www.visit-montenegro.com\/me\/destinacije\/kotor\/atrakcije\/perast\/#primaryimage"},"image":{"@id":"https:\/\/www.visit-montenegro.com\/me\/destinacije\/kotor\/atrakcije\/perast\/#primaryimage"},"thumbnailUrl":"https:\/\/www.visit-montenegro.com\/wp-content\/uploads\/2026\/01\/perast-02-scaled.jpg","datePublished":"2026-01-27T20:44:31+00:00","dateModified":"2026-02-22T17:37:59+00:00","description":"Istra\u017eite Perast u Crnoj Gori: mirni istorijski grad s baroknim palatama, pomorskom ba\u0161tinom i ljetnim doga\u0111ajima poput Fasinade. Otkrijte njegov jedinstven \u0161arm i bogatu pro\u0161lost.","breadcrumb":{"@id":"https:\/\/www.visit-montenegro.com\/me\/destinacije\/kotor\/atrakcije\/perast\/#breadcrumb"},"inLanguage":"sr-Latn-ME","potentialAction":[{"@type":"ReadAction","target":["https:\/\/www.visit-montenegro.com\/me\/destinacije\/kotor\/atrakcije\/perast\/"]}]},{"@type":"ImageObject","inLanguage":"sr-Latn-ME","@id":"https:\/\/www.visit-montenegro.com\/me\/destinacije\/kotor\/atrakcije\/perast\/#primaryimage","url":"https:\/\/www.visit-montenegro.com\/wp-content\/uploads\/2026\/01\/perast-02-scaled.jpg","contentUrl":"https:\/\/www.visit-montenegro.com\/wp-content\/uploads\/2026\/01\/perast-02-scaled.jpg","width":1600,"height":1099,"caption":"Luka i brodovi u Boki Kotorskoj, Crna Gora, Evropa."},{"@type":"BreadcrumbList","@id":"https:\/\/www.visit-montenegro.com\/me\/destinacije\/kotor\/atrakcije\/perast\/#breadcrumb","itemListElement":[{"@type":"ListItem","position":1,"name":"Home","item":"https:\/\/www.visit-montenegro.com\/me\/pocetna\/"},{"@type":"ListItem","position":2,"name":"Turisti\u010dke destinacije u Crnoj Gori","item":"https:\/\/www.visit-montenegro.com\/me\/destinacije\/"},{"@type":"ListItem","position":3,"name":"Kotor","item":"https:\/\/www.visit-montenegro.com\/me\/destinacije\/kotor\/"},{"@type":"ListItem","position":4,"name":"Atrakcije Kotora","item":"https:\/\/www.visit-montenegro.com\/me\/destinacije\/kotor\/atrakcije\/"},{"@type":"ListItem","position":5,"name":"Perast"}]},{"@type":"WebSite","@id":"https:\/\/www.visit-montenegro.com\/me\/#website","url":"https:\/\/www.visit-montenegro.com\/me\/","name":"Visit Montenegro","description":"Breathtaking beauty","publisher":{"@id":"https:\/\/www.visit-montenegro.com\/me\/#organization"},"potentialAction":[{"@type":"SearchAction","target":{"@type":"EntryPoint","urlTemplate":"https:\/\/www.visit-montenegro.com\/me\/?s={search_term_string}"},"query-input":{"@type":"PropertyValueSpecification","valueRequired":true,"valueName":"search_term_string"}}],"inLanguage":"sr-Latn-ME"},{"@type":"Organization","@id":"https:\/\/www.visit-montenegro.com\/me\/#organization","name":"Visit Montenegro","url":"https:\/\/www.visit-montenegro.com\/me\/","logo":{"@type":"ImageObject","inLanguage":"sr-Latn-ME","@id":"https:\/\/www.visit-montenegro.com\/me\/#\/schema\/logo\/image\/","url":"https:\/\/www.visit-montenegro.com\/wp-content\/uploads\/2017\/10\/logo-amp.png","contentUrl":"https:\/\/www.visit-montenegro.com\/wp-content\/uploads\/2017\/10\/logo-amp.png","width":190,"height":36,"caption":"Visit Montenegro"},"image":{"@id":"https:\/\/www.visit-montenegro.com\/me\/#\/schema\/logo\/image\/"},"sameAs":["https:\/\/www.facebook.com\/visitmontenegro","https:\/\/x.com\/visitmontenegro","https:\/\/www.instagram.com\/visit_montenegro\/","https:\/\/www.youtube.com\/user\/VisitMontenegro"]}]}},"translations":[],"_links":{"self":[{"href":"https:\/\/www.visit-montenegro.com\/me\/wp-json\/wp\/v2\/pages\/134115","targetHints":{"allow":["GET"]}}],"collection":[{"href":"https:\/\/www.visit-montenegro.com\/me\/wp-json\/wp\/v2\/pages"}],"about":[{"href":"https:\/\/www.visit-montenegro.com\/me\/wp-json\/wp\/v2\/types\/page"}],"author":[{"embeddable":true,"href":"https:\/\/www.visit-montenegro.com\/me\/wp-json\/wp\/v2\/users\/1"}],"replies":[{"embeddable":true,"href":"https:\/\/www.visit-montenegro.com\/me\/wp-json\/wp\/v2\/comments?post=134115"}],"version-history":[{"count":0,"href":"https:\/\/www.visit-montenegro.com\/me\/wp-json\/wp\/v2\/pages\/134115\/revisions"}],"up":[{"embeddable":true,"href":"https:\/\/www.visit-montenegro.com\/me\/wp-json\/wp\/v2\/pages\/134102"}],"wp:featuredmedia":[{"embeddable":true,"href":"https:\/\/www.visit-montenegro.com\/me\/wp-json\/wp\/v2\/media\/135623"}],"wp:attachment":[{"href":"https:\/\/www.visit-montenegro.com\/me\/wp-json\/wp\/v2\/media?parent=134115"}],"wp:term":[{"taxonomy":"post_tag","embeddable":true,"href":"https:\/\/www.visit-montenegro.com\/me\/wp-json\/wp\/v2\/tags?post=134115"}],"curies":[{"name":"wp","href":"https:\/\/api.w.org\/{rel}","templated":true}]}}