{"id":134119,"date":"2026-01-27T21:44:31","date_gmt":"2026-01-27T20:44:31","guid":{"rendered":"https:\/\/new.visit-montenegro.com\/destinacije\/kotor\/atrakcije\/san-giovanni-fortress\/"},"modified":"2026-02-22T17:15:06","modified_gmt":"2026-02-22T16:15:06","slug":"san-giovanni-fortress","status":"publish","type":"page","link":"https:\/\/www.visit-montenegro.com\/me\/destinacije\/kotor\/atrakcije\/san-giovanni-fortress\/","title":{"rendered":"Tvr\u0111ava San Giovanni"},"content":{"rendered":"\n<p>Crna Gora je mala balkanska zemlja poznata po svojoj dramati\u010dnoj jadranskoj obali, srednjovjekovnim selima i divljim planinama, nude\u0107i posjetiocima spoj prirodne ljepote i bogate istorije.<\/p>\n<hr>\n\n<h2 class=\"wp-block-heading\">Istra\u017eivanje Kotora i njegove ikoni\u010dne tvr\u0111ave<\/h2>\n\n<p>Tokom posjete Kotoru, svakako trebate posjetiti <strong>Tvr\u0111avu San Giovanni<\/strong>. Nalazi se iznad gradskih zidina Starog grada Kotora. Penjanje do <strong>Tvr\u0111ave San Giovanni<\/strong>, ili San Giovanni kako je mje\u0161tani zovu, po\u010dinje serpentinama iz isto\u010dnog dijela Starog grada. Ovi putevi vode do samog vrha na 280m nadmorske visine. Prije nego \u0161to po\u010dnete penjanje, predla\u017eemo da ponesete svoj fotoaparat. Pogledi na <a href=\"https:\/\/www.visit-montenegro.com\/me\/destinacije\/kotor\/atrakcije\/stari-grad-kotor\/\">Stari grad Kotor<\/a> i Kotorski zaliv su neopisivi; moraju se do\u017eivjeti i zatim zabilje\u017eiti na slikama. Tokom penjanja, mo\u017eete u\u017eivati u prizorima istorijskog Starog grada.<\/p>\n\n<figure class=\"wp-block-image size-large\"><img loading=\"lazy\" decoding=\"async\" width=\"1024\" height=\"684\" src=\"https:\/\/www.visit-montenegro.com\/wp-content\/uploads\/2026\/01\/kotor-san-giovanni-1024x684.jpg\" alt=\"\" class=\"wp-image-36100\" srcset=\"https:\/\/www.visit-montenegro.com\/wp-content\/uploads\/2026\/01\/kotor-san-giovanni-1024x684.jpg 1024w, https:\/\/www.visit-montenegro.com\/wp-content\/uploads\/2026\/01\/kotor-san-giovanni-300x200.jpg 300w, https:\/\/www.visit-montenegro.com\/wp-content\/uploads\/2026\/01\/kotor-san-giovanni-768x513.jpg 768w, https:\/\/www.visit-montenegro.com\/wp-content\/uploads\/2026\/01\/kotor-san-giovanni-1536x1026.jpg 1536w, https:\/\/www.visit-montenegro.com\/wp-content\/uploads\/2026\/01\/kotor-san-giovanni-1200x801.jpg 1200w, https:\/\/www.visit-montenegro.com\/wp-content\/uploads\/2026\/01\/kotor-san-giovanni-scaled.jpg 1600w\" sizes=\"auto, (max-width: 1024px) 100vw, 1024px\" \/><figcaption class=\"wp-element-caption\">Tvr\u0111ava Svetog Ivana ostaje na planini u Kotoru, Crna Gora<\/figcaption><\/figure>\n\n<p>Jo\u0161 jedan razlog za posjetu <strong>Tvr\u0111avi San Giovanni<\/strong> je fantasti\u010dan pogled na cijeli Kotorski zaliv. Slike kotorske luke ostat \u0107e u va\u0161em sje\u0107anju, posebno ljeti kada je puna luksuznih brodova, jahti i jedrilica.<\/p>\n\n<figure class=\"wp-block-image size-large\"><img loading=\"lazy\" decoding=\"async\" width=\"1024\" height=\"578\" src=\"https:\/\/www.visit-montenegro.com\/wp-content\/uploads\/2026\/02\/Depositphotos_307405336_XL-1024x578.jpg\" alt=\"\" class=\"wp-image-133135\" srcset=\"https:\/\/www.visit-montenegro.com\/wp-content\/uploads\/2026\/02\/Depositphotos_307405336_XL-1024x578.jpg 1024w, https:\/\/www.visit-montenegro.com\/wp-content\/uploads\/2026\/02\/Depositphotos_307405336_XL-300x169.jpg 300w, https:\/\/www.visit-montenegro.com\/wp-content\/uploads\/2026\/02\/Depositphotos_307405336_XL-768x433.jpg 768w, https:\/\/www.visit-montenegro.com\/wp-content\/uploads\/2026\/02\/Depositphotos_307405336_XL-1536x867.jpg 1536w, https:\/\/www.visit-montenegro.com\/wp-content\/uploads\/2026\/02\/Depositphotos_307405336_XL-2048x1156.jpg 2048w, https:\/\/www.visit-montenegro.com\/wp-content\/uploads\/2026\/02\/Depositphotos_307405336_XL-scaled.jpg 1600w\" sizes=\"auto, (max-width: 1024px) 100vw, 1024px\" \/><\/figure>\n\n<p>Pored serpentina koje vode do <strong>Tvr\u0111ave San Giovanni<\/strong>, postoje mjesta za odmor za one koji nisu u dobroj formi. Posebno u\u017eivanje je posjeta tokom vru\u0107ih ljetnjih dana. \u0160tavi\u0161e, gradski zidovi su no\u0107u osvijetljeni posebnim svjetlima, \u0161to posjetu <strong>Tvr\u0111avi San Giovanni<\/strong> i Kotoru \u010dini mnogo zanimljivijom za goste i turiste.<\/p>\n","protected":false},"excerpt":{"rendered":"<p>Otkrijte obavezno za vidjeti Tvr\u0111avu San Giovanni u Kotoru, koja nudi zadivljuju\u0107e poglede na Stari grad i zaliv. Ova istorijska penja\u010dina pru\u017ea nezaboravne prilike za fotografisanje i jedinstveno iskustvo za posjetioce.<\/p>\n","protected":false},"author":1,"featured_media":135627,"parent":134102,"menu_order":0,"comment_status":"closed","ping_status":"closed","template":"","meta":{"_yoast_wpseo_focuskw":"Tvr\u0111ava San Giovanni","_yoast_wpseo_metadesc":"Istra\u017eite Tvr\u0111avu San Giovanni u Kotoru radi zadivljuju\u0107ih pogleda i istorijskog \u0161arma. Planirajte svoj posjet ovoj ikoni\u010dnoj znamenitosti za nezaboravnu avanturu u Crnoj Gori.","_kad_post_transparent":"","_kad_post_title":"","_kad_post_layout":"","_kad_post_sidebar_id":"","_kad_post_content_style":"","_kad_post_vertical_padding":"","_kad_post_feature":"","_kad_post_feature_position":"","_kad_post_header":false,"_kad_post_footer":false,"_kad_post_classname":"","iawp_total_views":22,"footnotes":""},"tags":[140,52,139,62,141,76],"class_list":["post-134119","page","type-page","status-publish","has-post-thumbnail","hentry","tag-crna-gora","tag-montenegro","tag-news","tag-tourism","tag-travel","tag-visit"],"yoast_head":"<!-- This site is optimized with the Yoast SEO plugin v27.3 - https:\/\/yoast.com\/product\/yoast-seo-wordpress\/ -->\n<title>Tvr\u0111ava San Giovanni - Visit Montenegro<\/title>\n<meta name=\"description\" content=\"Istra\u017eite Tvr\u0111avu San Giovanni u Kotoru radi zadivljuju\u0107ih pogleda i istorijskog \u0161arma. Planirajte svoj posjet ovoj ikoni\u010dnoj znamenitosti za nezaboravnu avanturu u Crnoj Gori.\" \/>\n<meta name=\"robots\" content=\"index, follow, max-snippet:-1, max-image-preview:large, max-video-preview:-1\" \/>\n<link rel=\"canonical\" href=\"https:\/\/www.visit-montenegro.com\/me\/destinacije\/kotor\/atrakcije\/san-giovanni-fortress\/\" \/>\n<meta property=\"og:locale\" content=\"en_US\" \/>\n<meta property=\"og:type\" content=\"article\" \/>\n<meta property=\"og:title\" content=\"Tvr\u0111ava San Giovanni - Visit Montenegro\" \/>\n<meta property=\"og:description\" content=\"Istra\u017eite Tvr\u0111avu San Giovanni u Kotoru radi zadivljuju\u0107ih pogleda i istorijskog \u0161arma. Planirajte svoj posjet ovoj ikoni\u010dnoj znamenitosti za nezaboravnu avanturu u Crnoj Gori.\" \/>\n<meta property=\"og:url\" content=\"https:\/\/www.visit-montenegro.com\/me\/destinacije\/kotor\/atrakcije\/san-giovanni-fortress\/\" \/>\n<meta property=\"og:site_name\" content=\"Visit Montenegro\" \/>\n<meta property=\"article:publisher\" content=\"https:\/\/www.facebook.com\/visitmontenegro\" \/>\n<meta property=\"article:modified_time\" content=\"2026-02-22T16:15:06+00:00\" \/>\n<meta property=\"og:image\" content=\"https:\/\/www.visit-montenegro.com\/wp-content\/uploads\/2026\/01\/kotor-walls-up-scaled.jpg\" \/>\n\t<meta property=\"og:image:width\" content=\"1600\" \/>\n\t<meta property=\"og:image:height\" content=\"1068\" \/>\n\t<meta property=\"og:image:type\" content=\"image\/jpeg\" \/>\n<meta name=\"twitter:card\" content=\"summary_large_image\" \/>\n<meta name=\"twitter:site\" content=\"@visitmontenegro\" \/>\n<meta name=\"twitter:label1\" content=\"Est. reading time\" \/>\n\t<meta name=\"twitter:data1\" content=\"1 minute\" \/>\n<script type=\"application\/ld+json\" class=\"yoast-schema-graph\">{\"@context\":\"https:\\\/\\\/schema.org\",\"@graph\":[{\"@type\":\"WebPage\",\"@id\":\"https:\\\/\\\/www.visit-montenegro.com\\\/me\\\/destinacije\\\/kotor\\\/atrakcije\\\/san-giovanni-fortress\\\/\",\"url\":\"https:\\\/\\\/www.visit-montenegro.com\\\/me\\\/destinacije\\\/kotor\\\/atrakcije\\\/san-giovanni-fortress\\\/\",\"name\":\"Tvr\u0111ava San Giovanni - Visit Montenegro\",\"isPartOf\":{\"@id\":\"https:\\\/\\\/www.visit-montenegro.com\\\/me\\\/#website\"},\"primaryImageOfPage\":{\"@id\":\"https:\\\/\\\/www.visit-montenegro.com\\\/me\\\/destinacije\\\/kotor\\\/atrakcije\\\/san-giovanni-fortress\\\/#primaryimage\"},\"image\":{\"@id\":\"https:\\\/\\\/www.visit-montenegro.com\\\/me\\\/destinacije\\\/kotor\\\/atrakcije\\\/san-giovanni-fortress\\\/#primaryimage\"},\"thumbnailUrl\":\"https:\\\/\\\/www.visit-montenegro.com\\\/wp-content\\\/uploads\\\/2026\\\/01\\\/kotor-walls-up-scaled.jpg\",\"datePublished\":\"2026-01-27T20:44:31+00:00\",\"dateModified\":\"2026-02-22T16:15:06+00:00\",\"description\":\"Istra\u017eite Tvr\u0111avu San Giovanni u Kotoru radi zadivljuju\u0107ih pogleda i istorijskog \u0161arma. Planirajte svoj posjet ovoj ikoni\u010dnoj znamenitosti za nezaboravnu avanturu u Crnoj Gori.\",\"breadcrumb\":{\"@id\":\"https:\\\/\\\/www.visit-montenegro.com\\\/me\\\/destinacije\\\/kotor\\\/atrakcije\\\/san-giovanni-fortress\\\/#breadcrumb\"},\"inLanguage\":\"sr-Latn-ME\",\"potentialAction\":[{\"@type\":\"ReadAction\",\"target\":[\"https:\\\/\\\/www.visit-montenegro.com\\\/me\\\/destinacije\\\/kotor\\\/atrakcije\\\/san-giovanni-fortress\\\/\"]}]},{\"@type\":\"ImageObject\",\"inLanguage\":\"sr-Latn-ME\",\"@id\":\"https:\\\/\\\/www.visit-montenegro.com\\\/me\\\/destinacije\\\/kotor\\\/atrakcije\\\/san-giovanni-fortress\\\/#primaryimage\",\"url\":\"https:\\\/\\\/www.visit-montenegro.com\\\/wp-content\\\/uploads\\\/2026\\\/01\\\/kotor-walls-up-scaled.jpg\",\"contentUrl\":\"https:\\\/\\\/www.visit-montenegro.com\\\/wp-content\\\/uploads\\\/2026\\\/01\\\/kotor-walls-up-scaled.jpg\",\"width\":1600,\"height\":1068,\"caption\":\"Kotor fortress walls and stone staircase steps threw the medieval castle above Kotor Old Town on Boka Kotorska, Montenegro.\"},{\"@type\":\"BreadcrumbList\",\"@id\":\"https:\\\/\\\/www.visit-montenegro.com\\\/me\\\/destinacije\\\/kotor\\\/atrakcije\\\/san-giovanni-fortress\\\/#breadcrumb\",\"itemListElement\":[{\"@type\":\"ListItem\",\"position\":1,\"name\":\"Home\",\"item\":\"https:\\\/\\\/www.visit-montenegro.com\\\/me\\\/pocetna\\\/\"},{\"@type\":\"ListItem\",\"position\":2,\"name\":\"Turisti\u010dke destinacije u Crnoj Gori\",\"item\":\"https:\\\/\\\/www.visit-montenegro.com\\\/me\\\/destinacije\\\/\"},{\"@type\":\"ListItem\",\"position\":3,\"name\":\"Kotor\",\"item\":\"https:\\\/\\\/www.visit-montenegro.com\\\/me\\\/destinacije\\\/kotor\\\/\"},{\"@type\":\"ListItem\",\"position\":4,\"name\":\"Atrakcije Kotora\",\"item\":\"https:\\\/\\\/www.visit-montenegro.com\\\/me\\\/destinacije\\\/kotor\\\/atrakcije\\\/\"},{\"@type\":\"ListItem\",\"position\":5,\"name\":\"Tvr\u0111ava San Giovanni\"}]},{\"@type\":\"WebSite\",\"@id\":\"https:\\\/\\\/www.visit-montenegro.com\\\/me\\\/#website\",\"url\":\"https:\\\/\\\/www.visit-montenegro.com\\\/me\\\/\",\"name\":\"Visit Montenegro\",\"description\":\"Breathtaking beauty\",\"publisher\":{\"@id\":\"https:\\\/\\\/www.visit-montenegro.com\\\/me\\\/#organization\"},\"potentialAction\":[{\"@type\":\"SearchAction\",\"target\":{\"@type\":\"EntryPoint\",\"urlTemplate\":\"https:\\\/\\\/www.visit-montenegro.com\\\/me\\\/?s={search_term_string}\"},\"query-input\":{\"@type\":\"PropertyValueSpecification\",\"valueRequired\":true,\"valueName\":\"search_term_string\"}}],\"inLanguage\":\"sr-Latn-ME\"},{\"@type\":\"Organization\",\"@id\":\"https:\\\/\\\/www.visit-montenegro.com\\\/me\\\/#organization\",\"name\":\"Visit Montenegro\",\"url\":\"https:\\\/\\\/www.visit-montenegro.com\\\/me\\\/\",\"logo\":{\"@type\":\"ImageObject\",\"inLanguage\":\"sr-Latn-ME\",\"@id\":\"https:\\\/\\\/www.visit-montenegro.com\\\/me\\\/#\\\/schema\\\/logo\\\/image\\\/\",\"url\":\"https:\\\/\\\/www.visit-montenegro.com\\\/wp-content\\\/uploads\\\/2017\\\/10\\\/logo-amp.png\",\"contentUrl\":\"https:\\\/\\\/www.visit-montenegro.com\\\/wp-content\\\/uploads\\\/2017\\\/10\\\/logo-amp.png\",\"width\":190,\"height\":36,\"caption\":\"Visit Montenegro\"},\"image\":{\"@id\":\"https:\\\/\\\/www.visit-montenegro.com\\\/me\\\/#\\\/schema\\\/logo\\\/image\\\/\"},\"sameAs\":[\"https:\\\/\\\/www.facebook.com\\\/visitmontenegro\",\"https:\\\/\\\/x.com\\\/visitmontenegro\",\"https:\\\/\\\/www.instagram.com\\\/visit_montenegro\\\/\",\"https:\\\/\\\/www.youtube.com\\\/user\\\/VisitMontenegro\"]}]}<\/script>\n<!-- \/ Yoast SEO plugin. -->","yoast_head_json":{"title":"Tvr\u0111ava San Giovanni - Visit Montenegro","description":"Istra\u017eite Tvr\u0111avu San Giovanni u Kotoru radi zadivljuju\u0107ih pogleda i istorijskog \u0161arma. Planirajte svoj posjet ovoj ikoni\u010dnoj znamenitosti za nezaboravnu avanturu u Crnoj Gori.","robots":{"index":"index","follow":"follow","max-snippet":"max-snippet:-1","max-image-preview":"max-image-preview:large","max-video-preview":"max-video-preview:-1"},"canonical":"https:\/\/www.visit-montenegro.com\/me\/destinacije\/kotor\/atrakcije\/san-giovanni-fortress\/","og_locale":"en_US","og_type":"article","og_title":"Tvr\u0111ava San Giovanni - Visit Montenegro","og_description":"Istra\u017eite Tvr\u0111avu San Giovanni u Kotoru radi zadivljuju\u0107ih pogleda i istorijskog \u0161arma. Planirajte svoj posjet ovoj ikoni\u010dnoj znamenitosti za nezaboravnu avanturu u Crnoj Gori.","og_url":"https:\/\/www.visit-montenegro.com\/me\/destinacije\/kotor\/atrakcije\/san-giovanni-fortress\/","og_site_name":"Visit Montenegro","article_publisher":"https:\/\/www.facebook.com\/visitmontenegro","article_modified_time":"2026-02-22T16:15:06+00:00","og_image":[{"width":1600,"height":1068,"url":"https:\/\/www.visit-montenegro.com\/wp-content\/uploads\/2026\/01\/kotor-walls-up-scaled.jpg","type":"image\/jpeg"}],"twitter_card":"summary_large_image","twitter_site":"@visitmontenegro","twitter_misc":{"Est. reading time":"1 minute"},"schema":{"@context":"https:\/\/schema.org","@graph":[{"@type":"WebPage","@id":"https:\/\/www.visit-montenegro.com\/me\/destinacije\/kotor\/atrakcije\/san-giovanni-fortress\/","url":"https:\/\/www.visit-montenegro.com\/me\/destinacije\/kotor\/atrakcije\/san-giovanni-fortress\/","name":"Tvr\u0111ava San Giovanni - Visit Montenegro","isPartOf":{"@id":"https:\/\/www.visit-montenegro.com\/me\/#website"},"primaryImageOfPage":{"@id":"https:\/\/www.visit-montenegro.com\/me\/destinacije\/kotor\/atrakcije\/san-giovanni-fortress\/#primaryimage"},"image":{"@id":"https:\/\/www.visit-montenegro.com\/me\/destinacije\/kotor\/atrakcije\/san-giovanni-fortress\/#primaryimage"},"thumbnailUrl":"https:\/\/www.visit-montenegro.com\/wp-content\/uploads\/2026\/01\/kotor-walls-up-scaled.jpg","datePublished":"2026-01-27T20:44:31+00:00","dateModified":"2026-02-22T16:15:06+00:00","description":"Istra\u017eite Tvr\u0111avu San Giovanni u Kotoru radi zadivljuju\u0107ih pogleda i istorijskog \u0161arma. Planirajte svoj posjet ovoj ikoni\u010dnoj znamenitosti za nezaboravnu avanturu u Crnoj Gori.","breadcrumb":{"@id":"https:\/\/www.visit-montenegro.com\/me\/destinacije\/kotor\/atrakcije\/san-giovanni-fortress\/#breadcrumb"},"inLanguage":"sr-Latn-ME","potentialAction":[{"@type":"ReadAction","target":["https:\/\/www.visit-montenegro.com\/me\/destinacije\/kotor\/atrakcije\/san-giovanni-fortress\/"]}]},{"@type":"ImageObject","inLanguage":"sr-Latn-ME","@id":"https:\/\/www.visit-montenegro.com\/me\/destinacije\/kotor\/atrakcije\/san-giovanni-fortress\/#primaryimage","url":"https:\/\/www.visit-montenegro.com\/wp-content\/uploads\/2026\/01\/kotor-walls-up-scaled.jpg","contentUrl":"https:\/\/www.visit-montenegro.com\/wp-content\/uploads\/2026\/01\/kotor-walls-up-scaled.jpg","width":1600,"height":1068,"caption":"Kotor fortress walls and stone staircase steps threw the medieval castle above Kotor Old Town on Boka Kotorska, Montenegro."},{"@type":"BreadcrumbList","@id":"https:\/\/www.visit-montenegro.com\/me\/destinacije\/kotor\/atrakcije\/san-giovanni-fortress\/#breadcrumb","itemListElement":[{"@type":"ListItem","position":1,"name":"Home","item":"https:\/\/www.visit-montenegro.com\/me\/pocetna\/"},{"@type":"ListItem","position":2,"name":"Turisti\u010dke destinacije u Crnoj Gori","item":"https:\/\/www.visit-montenegro.com\/me\/destinacije\/"},{"@type":"ListItem","position":3,"name":"Kotor","item":"https:\/\/www.visit-montenegro.com\/me\/destinacije\/kotor\/"},{"@type":"ListItem","position":4,"name":"Atrakcije Kotora","item":"https:\/\/www.visit-montenegro.com\/me\/destinacije\/kotor\/atrakcije\/"},{"@type":"ListItem","position":5,"name":"Tvr\u0111ava San Giovanni"}]},{"@type":"WebSite","@id":"https:\/\/www.visit-montenegro.com\/me\/#website","url":"https:\/\/www.visit-montenegro.com\/me\/","name":"Visit Montenegro","description":"Breathtaking beauty","publisher":{"@id":"https:\/\/www.visit-montenegro.com\/me\/#organization"},"potentialAction":[{"@type":"SearchAction","target":{"@type":"EntryPoint","urlTemplate":"https:\/\/www.visit-montenegro.com\/me\/?s={search_term_string}"},"query-input":{"@type":"PropertyValueSpecification","valueRequired":true,"valueName":"search_term_string"}}],"inLanguage":"sr-Latn-ME"},{"@type":"Organization","@id":"https:\/\/www.visit-montenegro.com\/me\/#organization","name":"Visit Montenegro","url":"https:\/\/www.visit-montenegro.com\/me\/","logo":{"@type":"ImageObject","inLanguage":"sr-Latn-ME","@id":"https:\/\/www.visit-montenegro.com\/me\/#\/schema\/logo\/image\/","url":"https:\/\/www.visit-montenegro.com\/wp-content\/uploads\/2017\/10\/logo-amp.png","contentUrl":"https:\/\/www.visit-montenegro.com\/wp-content\/uploads\/2017\/10\/logo-amp.png","width":190,"height":36,"caption":"Visit Montenegro"},"image":{"@id":"https:\/\/www.visit-montenegro.com\/me\/#\/schema\/logo\/image\/"},"sameAs":["https:\/\/www.facebook.com\/visitmontenegro","https:\/\/x.com\/visitmontenegro","https:\/\/www.instagram.com\/visit_montenegro\/","https:\/\/www.youtube.com\/user\/VisitMontenegro"]}]}},"translations":[],"_links":{"self":[{"href":"https:\/\/www.visit-montenegro.com\/me\/wp-json\/wp\/v2\/pages\/134119","targetHints":{"allow":["GET"]}}],"collection":[{"href":"https:\/\/www.visit-montenegro.com\/me\/wp-json\/wp\/v2\/pages"}],"about":[{"href":"https:\/\/www.visit-montenegro.com\/me\/wp-json\/wp\/v2\/types\/page"}],"author":[{"embeddable":true,"href":"https:\/\/www.visit-montenegro.com\/me\/wp-json\/wp\/v2\/users\/1"}],"replies":[{"embeddable":true,"href":"https:\/\/www.visit-montenegro.com\/me\/wp-json\/wp\/v2\/comments?post=134119"}],"version-history":[{"count":0,"href":"https:\/\/www.visit-montenegro.com\/me\/wp-json\/wp\/v2\/pages\/134119\/revisions"}],"up":[{"embeddable":true,"href":"https:\/\/www.visit-montenegro.com\/me\/wp-json\/wp\/v2\/pages\/134102"}],"wp:featuredmedia":[{"embeddable":true,"href":"https:\/\/www.visit-montenegro.com\/me\/wp-json\/wp\/v2\/media\/135627"}],"wp:attachment":[{"href":"https:\/\/www.visit-montenegro.com\/me\/wp-json\/wp\/v2\/media?parent=134119"}],"wp:term":[{"taxonomy":"post_tag","embeddable":true,"href":"https:\/\/www.visit-montenegro.com\/me\/wp-json\/wp\/v2\/tags?post=134119"}],"curies":[{"name":"wp","href":"https:\/\/api.w.org\/{rel}","templated":true}]}}