{"id":134123,"date":"2026-01-27T21:44:31","date_gmt":"2026-01-27T20:44:31","guid":{"rendered":"https:\/\/new.visit-montenegro.com\/destinacije\/kotor\/atrakcije\/saint-luke-church\/"},"modified":"2026-02-22T18:32:54","modified_gmt":"2026-02-22T17:32:54","slug":"saint-luke-church","status":"publish","type":"page","link":"https:\/\/www.visit-montenegro.com\/me\/destinacije\/kotor\/atrakcije\/saint-luke-church\/","title":{"rendered":"Crkva Svetog Luke"},"content":{"rendered":"\n<p>Crkva Svetog Luke u Kotoru na jedinstven na\u010din spaja romani\u010dku i vizantijsku arhitekturu, pre\u017eivjev\u0161i zemljotres 1979. godine bez o\u0161te\u0107enja, sa jo\u0161 uvijek vidljivim fragmentima originalnih fresaka.<\/p>\n<hr>\n<p><\/p>\n\n<h2 class=\"wp-block-heading\">Arhitektonski i istorijski zna\u010daj<\/h2>\n\n<p><p data-path-to-node=\"7\"><strong>Crkva Svetog Luke<\/strong> u Kotoru, smje\u0161tena na Trgu od Grka (Piazza Greca), pokazuje karakteristike i romani\u010dke i vizantijske arhitekture. Ova crkva je jedino zdanje u gradu koje nije pretrpjelo zna\u010dajna o\u0161te\u0107enja tokom zemljotresa 1979. godine. \u0160tavi\u0161e, oslikana je odmah nakon izgradnje, a do danas su sa\u010duvani samo fragmenti na ju\u017enom zidu<\/p><\/p>\n\n<p>Daskal Dimitrij, osniva\u010d bokokotorske slikarske \u0161kole Rafailovi\u0107, izradio je ikonostas u 17. vijeku. Zapravo, ova crkva je prvobitno slu\u017eila kao katoli\u010dka \u0161kola sve do sredine 17. vijeka. Kasnije je, usljed ratova i dolaska pravoslavnog stanovni\u0161tva u <a href=\"https:\/\/www.visit-montenegro.com\/me\/destinacije\/kotor\/\">Kotor<\/a>, data na kori\u0161\u0107enje pravoslavnim vjernicima, \u0161to predstavlja svjedo\u010danstvo o haromoni\u010dnom su\u017eivotu katoli\u010dke i pravoslavne zajednice.<\/p>\n\n<h2 class=\"wp-block-heading\">Jedinstvene karakteristike i kulturna ba\u0161tina<\/h2>\n\n<p><p data-path-to-node=\"10\"><strong>Crkva Svetog Luke<\/strong> je danas zna\u010dajna jer posjeduje dva oltara: katoli\u010dki i pravoslavni. Pod je napravljen od grobnih plo\u010da na zajedni\u010dkim grobnicama gra\u0111ana Kotora, jer su se sahrane u samoj crkvi obavljale sve do tridesetih godina 20. vijeka.<\/p><\/p>\n","protected":false},"excerpt":{"rendered":"<p>Otkrijte crkvu Svetog Luke u Kotoru, jedinstveni spoj romani\u010dke i vizantijske arhitekture koja je pre\u017eivjela zemljotres 1979. godine. Istra\u017eite njena dva oltara, istorijske freske i ulogu u katoli\u010dko-pravoslavnoj harmoniji, koja pru\u017ea uvid u bogato kulturno naslje\u0111e Crne Gore.<\/p>\n","protected":false},"author":1,"featured_media":135608,"parent":134102,"menu_order":0,"comment_status":"closed","ping_status":"closed","template":"","meta":{"_yoast_wpseo_focuskw":"Crkva Svetog Luke","_yoast_wpseo_metadesc":"Istra\u017eite crkvu Svetog Luke u Kotoru: istorijski dragulj sa dva oltara, koji je pre\u017eivio zemljotrese i koji prikazuje katoli\u010dko-pravoslavni sklad. Planirajte posjetu ovom kulturnom blagu Crne Gore.","_kad_post_transparent":"","_kad_post_title":"","_kad_post_layout":"","_kad_post_sidebar_id":"","_kad_post_content_style":"","_kad_post_vertical_padding":"","_kad_post_feature":"","_kad_post_feature_position":"","_kad_post_header":false,"_kad_post_footer":false,"_kad_post_classname":"","iawp_total_views":12,"footnotes":""},"tags":[140,52,139,62,141,76],"class_list":["post-134123","page","type-page","status-publish","has-post-thumbnail","hentry","tag-crna-gora","tag-montenegro","tag-news","tag-tourism","tag-travel","tag-visit"],"yoast_head":"<!-- This site is optimized with the Yoast SEO plugin v27.3 - https:\/\/yoast.com\/product\/yoast-seo-wordpress\/ -->\n<title>Crkva Svetog Luke - Visit Montenegro<\/title>\n<meta name=\"description\" content=\"Istra\u017eite crkvu Svetog Luke u Kotoru: istorijski dragulj sa dva oltara, koji je pre\u017eivio zemljotrese i koji prikazuje katoli\u010dko-pravoslavni sklad. Planirajte posjetu ovom kulturnom blagu Crne Gore.\" \/>\n<meta name=\"robots\" content=\"index, follow, max-snippet:-1, max-image-preview:large, max-video-preview:-1\" \/>\n<link rel=\"canonical\" href=\"https:\/\/www.visit-montenegro.com\/me\/destinacije\/kotor\/atrakcije\/saint-luke-church\/\" \/>\n<meta property=\"og:locale\" content=\"en_US\" \/>\n<meta property=\"og:type\" content=\"article\" \/>\n<meta property=\"og:title\" content=\"Crkva Svetog Luke - Visit Montenegro\" \/>\n<meta property=\"og:description\" content=\"Istra\u017eite crkvu Svetog Luke u Kotoru: istorijski dragulj sa dva oltara, koji je pre\u017eivio zemljotrese i koji prikazuje katoli\u010dko-pravoslavni sklad. Planirajte posjetu ovom kulturnom blagu Crne Gore.\" \/>\n<meta property=\"og:url\" content=\"https:\/\/www.visit-montenegro.com\/me\/destinacije\/kotor\/atrakcije\/saint-luke-church\/\" \/>\n<meta property=\"og:site_name\" content=\"Visit Montenegro\" \/>\n<meta property=\"article:publisher\" content=\"https:\/\/www.facebook.com\/visitmontenegro\" \/>\n<meta property=\"article:modified_time\" content=\"2026-02-22T17:32:54+00:00\" \/>\n<meta property=\"og:image\" content=\"https:\/\/www.visit-montenegro.com\/wp-content\/uploads\/2026\/01\/kotor-church-saint-luke-scaled.jpg\" \/>\n\t<meta property=\"og:image:width\" content=\"1600\" \/>\n\t<meta property=\"og:image:height\" content=\"1066\" \/>\n\t<meta property=\"og:image:type\" content=\"image\/jpeg\" \/>\n<meta name=\"twitter:card\" content=\"summary_large_image\" \/>\n<meta name=\"twitter:site\" content=\"@visitmontenegro\" \/>\n<meta name=\"twitter:label1\" content=\"Est. reading time\" \/>\n\t<meta name=\"twitter:data1\" content=\"1 minute\" \/>\n<script type=\"application\/ld+json\" class=\"yoast-schema-graph\">{\"@context\":\"https:\\\/\\\/schema.org\",\"@graph\":[{\"@type\":\"WebPage\",\"@id\":\"https:\\\/\\\/www.visit-montenegro.com\\\/me\\\/destinacije\\\/kotor\\\/atrakcije\\\/saint-luke-church\\\/\",\"url\":\"https:\\\/\\\/www.visit-montenegro.com\\\/me\\\/destinacije\\\/kotor\\\/atrakcije\\\/saint-luke-church\\\/\",\"name\":\"Crkva Svetog Luke - Visit Montenegro\",\"isPartOf\":{\"@id\":\"https:\\\/\\\/www.visit-montenegro.com\\\/me\\\/#website\"},\"primaryImageOfPage\":{\"@id\":\"https:\\\/\\\/www.visit-montenegro.com\\\/me\\\/destinacije\\\/kotor\\\/atrakcije\\\/saint-luke-church\\\/#primaryimage\"},\"image\":{\"@id\":\"https:\\\/\\\/www.visit-montenegro.com\\\/me\\\/destinacije\\\/kotor\\\/atrakcije\\\/saint-luke-church\\\/#primaryimage\"},\"thumbnailUrl\":\"https:\\\/\\\/www.visit-montenegro.com\\\/wp-content\\\/uploads\\\/2026\\\/01\\\/kotor-church-saint-luke-scaled.jpg\",\"datePublished\":\"2026-01-27T20:44:31+00:00\",\"dateModified\":\"2026-02-22T17:32:54+00:00\",\"description\":\"Istra\u017eite crkvu Svetog Luke u Kotoru: istorijski dragulj sa dva oltara, koji je pre\u017eivio zemljotrese i koji prikazuje katoli\u010dko-pravoslavni sklad. Planirajte posjetu ovom kulturnom blagu Crne Gore.\",\"breadcrumb\":{\"@id\":\"https:\\\/\\\/www.visit-montenegro.com\\\/me\\\/destinacije\\\/kotor\\\/atrakcije\\\/saint-luke-church\\\/#breadcrumb\"},\"inLanguage\":\"sr-Latn-ME\",\"potentialAction\":[{\"@type\":\"ReadAction\",\"target\":[\"https:\\\/\\\/www.visit-montenegro.com\\\/me\\\/destinacije\\\/kotor\\\/atrakcije\\\/saint-luke-church\\\/\"]}]},{\"@type\":\"ImageObject\",\"inLanguage\":\"sr-Latn-ME\",\"@id\":\"https:\\\/\\\/www.visit-montenegro.com\\\/me\\\/destinacije\\\/kotor\\\/atrakcije\\\/saint-luke-church\\\/#primaryimage\",\"url\":\"https:\\\/\\\/www.visit-montenegro.com\\\/wp-content\\\/uploads\\\/2026\\\/01\\\/kotor-church-saint-luke-scaled.jpg\",\"contentUrl\":\"https:\\\/\\\/www.visit-montenegro.com\\\/wp-content\\\/uploads\\\/2026\\\/01\\\/kotor-church-saint-luke-scaled.jpg\",\"width\":1600,\"height\":1066,\"caption\":\"Church of Saint Luke and the square in Kotor, Montenegro\"},{\"@type\":\"BreadcrumbList\",\"@id\":\"https:\\\/\\\/www.visit-montenegro.com\\\/me\\\/destinacije\\\/kotor\\\/atrakcije\\\/saint-luke-church\\\/#breadcrumb\",\"itemListElement\":[{\"@type\":\"ListItem\",\"position\":1,\"name\":\"Home\",\"item\":\"https:\\\/\\\/www.visit-montenegro.com\\\/me\\\/pocetna\\\/\"},{\"@type\":\"ListItem\",\"position\":2,\"name\":\"Turisti\u010dke destinacije u Crnoj Gori\",\"item\":\"https:\\\/\\\/www.visit-montenegro.com\\\/me\\\/destinacije\\\/\"},{\"@type\":\"ListItem\",\"position\":3,\"name\":\"Kotor\",\"item\":\"https:\\\/\\\/www.visit-montenegro.com\\\/me\\\/destinacije\\\/kotor\\\/\"},{\"@type\":\"ListItem\",\"position\":4,\"name\":\"Atrakcije Kotora\",\"item\":\"https:\\\/\\\/www.visit-montenegro.com\\\/me\\\/destinacije\\\/kotor\\\/atrakcije\\\/\"},{\"@type\":\"ListItem\",\"position\":5,\"name\":\"Crkva Svetog Luke\"}]},{\"@type\":\"WebSite\",\"@id\":\"https:\\\/\\\/www.visit-montenegro.com\\\/me\\\/#website\",\"url\":\"https:\\\/\\\/www.visit-montenegro.com\\\/me\\\/\",\"name\":\"Visit Montenegro\",\"description\":\"Breathtaking beauty\",\"publisher\":{\"@id\":\"https:\\\/\\\/www.visit-montenegro.com\\\/me\\\/#organization\"},\"potentialAction\":[{\"@type\":\"SearchAction\",\"target\":{\"@type\":\"EntryPoint\",\"urlTemplate\":\"https:\\\/\\\/www.visit-montenegro.com\\\/me\\\/?s={search_term_string}\"},\"query-input\":{\"@type\":\"PropertyValueSpecification\",\"valueRequired\":true,\"valueName\":\"search_term_string\"}}],\"inLanguage\":\"sr-Latn-ME\"},{\"@type\":\"Organization\",\"@id\":\"https:\\\/\\\/www.visit-montenegro.com\\\/me\\\/#organization\",\"name\":\"Visit Montenegro\",\"url\":\"https:\\\/\\\/www.visit-montenegro.com\\\/me\\\/\",\"logo\":{\"@type\":\"ImageObject\",\"inLanguage\":\"sr-Latn-ME\",\"@id\":\"https:\\\/\\\/www.visit-montenegro.com\\\/me\\\/#\\\/schema\\\/logo\\\/image\\\/\",\"url\":\"https:\\\/\\\/www.visit-montenegro.com\\\/wp-content\\\/uploads\\\/2017\\\/10\\\/logo-amp.png\",\"contentUrl\":\"https:\\\/\\\/www.visit-montenegro.com\\\/wp-content\\\/uploads\\\/2017\\\/10\\\/logo-amp.png\",\"width\":190,\"height\":36,\"caption\":\"Visit Montenegro\"},\"image\":{\"@id\":\"https:\\\/\\\/www.visit-montenegro.com\\\/me\\\/#\\\/schema\\\/logo\\\/image\\\/\"},\"sameAs\":[\"https:\\\/\\\/www.facebook.com\\\/visitmontenegro\",\"https:\\\/\\\/x.com\\\/visitmontenegro\",\"https:\\\/\\\/www.instagram.com\\\/visit_montenegro\\\/\",\"https:\\\/\\\/www.youtube.com\\\/user\\\/VisitMontenegro\"]}]}<\/script>\n<!-- \/ Yoast SEO plugin. -->","yoast_head_json":{"title":"Crkva Svetog Luke - Visit Montenegro","description":"Istra\u017eite crkvu Svetog Luke u Kotoru: istorijski dragulj sa dva oltara, koji je pre\u017eivio zemljotrese i koji prikazuje katoli\u010dko-pravoslavni sklad. Planirajte posjetu ovom kulturnom blagu Crne Gore.","robots":{"index":"index","follow":"follow","max-snippet":"max-snippet:-1","max-image-preview":"max-image-preview:large","max-video-preview":"max-video-preview:-1"},"canonical":"https:\/\/www.visit-montenegro.com\/me\/destinacije\/kotor\/atrakcije\/saint-luke-church\/","og_locale":"en_US","og_type":"article","og_title":"Crkva Svetog Luke - Visit Montenegro","og_description":"Istra\u017eite crkvu Svetog Luke u Kotoru: istorijski dragulj sa dva oltara, koji je pre\u017eivio zemljotrese i koji prikazuje katoli\u010dko-pravoslavni sklad. Planirajte posjetu ovom kulturnom blagu Crne Gore.","og_url":"https:\/\/www.visit-montenegro.com\/me\/destinacije\/kotor\/atrakcije\/saint-luke-church\/","og_site_name":"Visit Montenegro","article_publisher":"https:\/\/www.facebook.com\/visitmontenegro","article_modified_time":"2026-02-22T17:32:54+00:00","og_image":[{"width":1600,"height":1066,"url":"https:\/\/www.visit-montenegro.com\/wp-content\/uploads\/2026\/01\/kotor-church-saint-luke-scaled.jpg","type":"image\/jpeg"}],"twitter_card":"summary_large_image","twitter_site":"@visitmontenegro","twitter_misc":{"Est. reading time":"1 minute"},"schema":{"@context":"https:\/\/schema.org","@graph":[{"@type":"WebPage","@id":"https:\/\/www.visit-montenegro.com\/me\/destinacije\/kotor\/atrakcije\/saint-luke-church\/","url":"https:\/\/www.visit-montenegro.com\/me\/destinacije\/kotor\/atrakcije\/saint-luke-church\/","name":"Crkva Svetog Luke - Visit Montenegro","isPartOf":{"@id":"https:\/\/www.visit-montenegro.com\/me\/#website"},"primaryImageOfPage":{"@id":"https:\/\/www.visit-montenegro.com\/me\/destinacije\/kotor\/atrakcije\/saint-luke-church\/#primaryimage"},"image":{"@id":"https:\/\/www.visit-montenegro.com\/me\/destinacije\/kotor\/atrakcije\/saint-luke-church\/#primaryimage"},"thumbnailUrl":"https:\/\/www.visit-montenegro.com\/wp-content\/uploads\/2026\/01\/kotor-church-saint-luke-scaled.jpg","datePublished":"2026-01-27T20:44:31+00:00","dateModified":"2026-02-22T17:32:54+00:00","description":"Istra\u017eite crkvu Svetog Luke u Kotoru: istorijski dragulj sa dva oltara, koji je pre\u017eivio zemljotrese i koji prikazuje katoli\u010dko-pravoslavni sklad. Planirajte posjetu ovom kulturnom blagu Crne Gore.","breadcrumb":{"@id":"https:\/\/www.visit-montenegro.com\/me\/destinacije\/kotor\/atrakcije\/saint-luke-church\/#breadcrumb"},"inLanguage":"sr-Latn-ME","potentialAction":[{"@type":"ReadAction","target":["https:\/\/www.visit-montenegro.com\/me\/destinacije\/kotor\/atrakcije\/saint-luke-church\/"]}]},{"@type":"ImageObject","inLanguage":"sr-Latn-ME","@id":"https:\/\/www.visit-montenegro.com\/me\/destinacije\/kotor\/atrakcije\/saint-luke-church\/#primaryimage","url":"https:\/\/www.visit-montenegro.com\/wp-content\/uploads\/2026\/01\/kotor-church-saint-luke-scaled.jpg","contentUrl":"https:\/\/www.visit-montenegro.com\/wp-content\/uploads\/2026\/01\/kotor-church-saint-luke-scaled.jpg","width":1600,"height":1066,"caption":"Church of Saint Luke and the square in Kotor, Montenegro"},{"@type":"BreadcrumbList","@id":"https:\/\/www.visit-montenegro.com\/me\/destinacije\/kotor\/atrakcije\/saint-luke-church\/#breadcrumb","itemListElement":[{"@type":"ListItem","position":1,"name":"Home","item":"https:\/\/www.visit-montenegro.com\/me\/pocetna\/"},{"@type":"ListItem","position":2,"name":"Turisti\u010dke destinacije u Crnoj Gori","item":"https:\/\/www.visit-montenegro.com\/me\/destinacije\/"},{"@type":"ListItem","position":3,"name":"Kotor","item":"https:\/\/www.visit-montenegro.com\/me\/destinacije\/kotor\/"},{"@type":"ListItem","position":4,"name":"Atrakcije Kotora","item":"https:\/\/www.visit-montenegro.com\/me\/destinacije\/kotor\/atrakcije\/"},{"@type":"ListItem","position":5,"name":"Crkva Svetog Luke"}]},{"@type":"WebSite","@id":"https:\/\/www.visit-montenegro.com\/me\/#website","url":"https:\/\/www.visit-montenegro.com\/me\/","name":"Visit Montenegro","description":"Breathtaking beauty","publisher":{"@id":"https:\/\/www.visit-montenegro.com\/me\/#organization"},"potentialAction":[{"@type":"SearchAction","target":{"@type":"EntryPoint","urlTemplate":"https:\/\/www.visit-montenegro.com\/me\/?s={search_term_string}"},"query-input":{"@type":"PropertyValueSpecification","valueRequired":true,"valueName":"search_term_string"}}],"inLanguage":"sr-Latn-ME"},{"@type":"Organization","@id":"https:\/\/www.visit-montenegro.com\/me\/#organization","name":"Visit Montenegro","url":"https:\/\/www.visit-montenegro.com\/me\/","logo":{"@type":"ImageObject","inLanguage":"sr-Latn-ME","@id":"https:\/\/www.visit-montenegro.com\/me\/#\/schema\/logo\/image\/","url":"https:\/\/www.visit-montenegro.com\/wp-content\/uploads\/2017\/10\/logo-amp.png","contentUrl":"https:\/\/www.visit-montenegro.com\/wp-content\/uploads\/2017\/10\/logo-amp.png","width":190,"height":36,"caption":"Visit Montenegro"},"image":{"@id":"https:\/\/www.visit-montenegro.com\/me\/#\/schema\/logo\/image\/"},"sameAs":["https:\/\/www.facebook.com\/visitmontenegro","https:\/\/x.com\/visitmontenegro","https:\/\/www.instagram.com\/visit_montenegro\/","https:\/\/www.youtube.com\/user\/VisitMontenegro"]}]}},"translations":[],"_links":{"self":[{"href":"https:\/\/www.visit-montenegro.com\/me\/wp-json\/wp\/v2\/pages\/134123","targetHints":{"allow":["GET"]}}],"collection":[{"href":"https:\/\/www.visit-montenegro.com\/me\/wp-json\/wp\/v2\/pages"}],"about":[{"href":"https:\/\/www.visit-montenegro.com\/me\/wp-json\/wp\/v2\/types\/page"}],"author":[{"embeddable":true,"href":"https:\/\/www.visit-montenegro.com\/me\/wp-json\/wp\/v2\/users\/1"}],"replies":[{"embeddable":true,"href":"https:\/\/www.visit-montenegro.com\/me\/wp-json\/wp\/v2\/comments?post=134123"}],"version-history":[{"count":0,"href":"https:\/\/www.visit-montenegro.com\/me\/wp-json\/wp\/v2\/pages\/134123\/revisions"}],"up":[{"embeddable":true,"href":"https:\/\/www.visit-montenegro.com\/me\/wp-json\/wp\/v2\/pages\/134102"}],"wp:featuredmedia":[{"embeddable":true,"href":"https:\/\/www.visit-montenegro.com\/me\/wp-json\/wp\/v2\/media\/135608"}],"wp:attachment":[{"href":"https:\/\/www.visit-montenegro.com\/me\/wp-json\/wp\/v2\/media?parent=134123"}],"wp:term":[{"taxonomy":"post_tag","embeddable":true,"href":"https:\/\/www.visit-montenegro.com\/me\/wp-json\/wp\/v2\/tags?post=134123"}],"curies":[{"name":"wp","href":"https:\/\/api.w.org\/{rel}","templated":true}]}}