{"id":134127,"date":"2026-01-27T21:44:31","date_gmt":"2026-01-27T20:44:31","guid":{"rendered":"https:\/\/new.visit-montenegro.com\/destinacije\/kotor\/atrakcije\/katedrala-svetog-tripuna\/"},"modified":"2026-02-22T17:15:07","modified_gmt":"2026-02-22T16:15:07","slug":"katedrala-svetog-tripuna","status":"publish","type":"page","link":"https:\/\/www.visit-montenegro.com\/me\/destinacije\/kotor\/atrakcije\/katedrala-svetog-tripuna\/","title":{"rendered":"Katedrala Svetog Tripuna"},"content":{"rendered":"\n<p>Katedrala Svetog Tripuna u Kotoru je istorijska romani\u010dka crkva izgra\u0111ena 1166. godine, poznata po svom drevnom blagu, freskama i relikvijama Svetog Tripuna, za\u0161titnika grada. Pro\u0161la je kroz nekoliko obnova, uklju\u010duju\u0107i nakon zemljotresa u 16. i 20. vijeku, spajaju\u0107i originalne i barokne elemente.<\/p>\n<hr \/>\n\n<h2 class=\"wp-block-heading\">Istorija i arhitektura Katedrale Svetog Tripuna<\/h2>\n\n<p>Katedrala Svetog Tripuna nalazi se u Kotoru, u samom centru Starog grada. Kotorski plemi\u0107, Andrija Saracenus, o \u010demu svjedo\u010di carski pisac Konstantin Porfirogenit, podigao je manju crkvu u \u010dast Svetog Tripuna, a nakon razornog zemljotresa 1979. godine prona\u0111eni su ostaci te crkve. Smatra se da je ta crkva nestala u po\u017earu, te da je nova katedrala izgra\u0111ena u XII vijeku. Danas je poznato da je ova katedrala izgra\u0111ena 1166. godine, na mjestu gdje je po\u010detkom IX vijeka postojala manja crkva posve\u0107ena istom svecu, a koja je izgra\u0111ena u rimskom stilu. U razornom zemljotresu, koji se dogodio u XVI vijeku, katedrala je pretrpjela velika o\u0161te\u0107enja. Obnova se dogodila u periodu izme\u0111u 1584. i 1613. godine, a unutra\u0161njost crkve tada je dobila renesansni barokni izgled. U posljednjoj obnovi, koja se dogodila nakon tog posljednjeg razornog zemljotresa na ovim podru\u010djima 1979. godine, neki elementi katedrale dobili su svoj originalni izgled, odnosno onaj koji je katedrala imala kada je izgra\u0111ena 1166. godine.<\/p>\n\n<figure class=\"wp-block-image size-large\"><img loading=\"lazy\" decoding=\"async\" width=\"1024\" height=\"683\" src=\"https:\/\/www.visit-montenegro.com\/wp-content\/uploads\/2019\/06\/kotor-katedrala-1024x683.jpg\" alt=\"\" class=\"wp-image-35348\" srcset=\"https:\/\/www.visit-montenegro.com\/wp-content\/uploads\/2019\/06\/kotor-katedrala-1024x683.jpg 1024w, https:\/\/www.visit-montenegro.com\/wp-content\/uploads\/2019\/06\/kotor-katedrala-300x200.jpg 300w, https:\/\/www.visit-montenegro.com\/wp-content\/uploads\/2019\/06\/kotor-katedrala-768x512.jpg 768w, https:\/\/www.visit-montenegro.com\/wp-content\/uploads\/2019\/06\/kotor-katedrala-90x60.jpg 90w, https:\/\/www.visit-montenegro.com\/wp-content\/uploads\/2019\/06\/kotor-katedrala-180x120.jpg 180w, https:\/\/www.visit-montenegro.com\/wp-content\/uploads\/2019\/06\/kotor-katedrala-95x64.jpg 95w, https:\/\/www.visit-montenegro.com\/wp-content\/uploads\/2019\/06\/kotor-katedrala.jpg 1600w\" sizes=\"auto, (max-width: 1024px) 100vw, 1024px\" \/><figcaption class=\"wp-element-caption\">Katedrala Svetog Tripuna u Kotoru, Crna Gora<\/figcaption><\/figure>\n\n<h2 class=\"wp-block-heading\">Unutra\u0161njost i blago Katedrale<\/h2>\n\n<p>Ova katedrala je poznata po velikom blagu koje posjeduje, jer je ujedno i jedno od najstarijih na teritoriji Evrope. Freske kojima je katedrala oslikana datiraju iz XIV vijeka. U unutra\u0161njosti crkve nalazi se kameni ornament iznad glavnog oltara na kojem se mo\u017ee vidjeti oslikani \u017eivot Svetog Tripuna, kao i srebrom pozla\u0107eni reljef sveca. U ovoj katedrali po\u010divaju relikvije Svetog Tripuna, u kov\u010degu od srebra. \u0160to je va\u017eno za turiste da znaju je da su relikvije Svetog Tripuna, koji je ina\u010de za\u0161titnik Kotora, po\u010detkom IX vijeka, ta\u010dnije 809. godine, donesene iz Carigrada (Istanbul), i dok nije izgra\u0111ena katedrala, bile su smje\u0161tene u maloj kotorskoj crkvi. Legenda nam govori da je kotorska mornarica u\u010destvovala u do\u010deku relikvija ovog sveca, a u\u010de\u0161\u0107e bokeljske mornarice u proslavi ove va\u017ene sve\u010danosti o\u010duvano je do danas.<\/p>\n\n<figure class=\"wp-block-image size-large\"><img loading=\"lazy\" decoding=\"async\" width=\"1024\" height=\"778\" src=\"https:\/\/www.visit-montenegro.com\/wp-content\/uploads\/2026\/02\/Depositphotos_218973164_XL-1024x778.jpg\" alt=\"\" class=\"wp-image-133155\" srcset=\"https:\/\/www.visit-montenegro.com\/wp-content\/uploads\/2026\/02\/Depositphotos_218973164_XL-1024x778.jpg 1024w, https:\/\/www.visit-montenegro.com\/wp-content\/uploads\/2026\/02\/Depositphotos_218973164_XL-300x228.jpg 300w, https:\/\/www.visit-montenegro.com\/wp-content\/uploads\/2026\/02\/Depositphotos_218973164_XL-768x583.jpg 768w, https:\/\/www.visit-montenegro.com\/wp-content\/uploads\/2026\/02\/Depositphotos_218973164_XL-1536x1166.jpg 1536w, https:\/\/www.visit-montenegro.com\/wp-content\/uploads\/2026\/02\/Depositphotos_218973164_XL-2048x1555.jpg 2048w, https:\/\/www.visit-montenegro.com\/wp-content\/uploads\/2026\/02\/Depositphotos_218973164_XL-scaled.jpg 1600w\" sizes=\"auto, (max-width: 1024px) 100vw, 1024px\" \/><\/figure>\n\n<p>U blagu katedrale Svetog Tripuna tako\u0111er se mo\u017ee na\u0107i srebrna ruka i krst, koji su ukra\u0161eni ornamentima i reljefnim figurama. Tako\u0111er mo\u017eete prona\u0107i ciborijum iz originalne crkve iz druge polovine XIV vijeka. Novi ciborijum datira iz druge polovine XIV vijeka i smatra se da je djelo u\u010denika fratra Vita Kotoranina (Vita iz Kotora). Zatim tu su i razne goti\u010dke skulpture, \u010detiri mramorna oltara iz XVIII vijeka koji su napravljeni u Veneciji, srebrom pozla\u0107ena grabulja koja je veliko djelo srednjovjekovnog kotorskog zlatara, kao i neka poznata djela kotorskih doma\u0107ica koja su izra\u0111ena tehnikom dobortanskog veza.<\/p>\n\n<h2 class=\"wp-block-heading\"><font dir=\"auto\" style=\"vertical-align: inherit;\"><font dir=\"auto\" style=\"vertical-align: inherit;\">Kulturni zna\u010daj i okolina<\/font><\/font><\/h2>\n\n<p><font dir=\"auto\" style=\"vertical-align: inherit;\"><font dir=\"auto\" style=\"vertical-align: inherit;\">Tripundan (Dan Svetog Tripuna) je jedna od najva\u017enijih sve\u010danosti koje se odr\u017eavaju u Kotoru, i u Boki uop\u0161te. Ova sve\u010danost se u Kotoru odr\u017eava od po\u010detka IX vijeka, kada su mo\u0161ti ovog sveca donesene u <a href=\"https:\/\/www.visit-montenegro.com\/me\/destinacije\/kotor\/\">Kotor<\/a>. Ove sve\u010danosti vezane su za Svetog Tripuna koji je umro u patnji u vrijeme rimskog cara Decija u III vijeku.<\/font><\/font><\/p>\n\n<p><font dir=\"auto\" style=\"vertical-align: inherit;\"><font dir=\"auto\" style=\"vertical-align: inherit;\">Biskupija je najstarija institucija u Kotoru. Dana\u0161nja zgrada biskupije nalazi se odmah pored katedrale Svetog Tripuna, a pripadala je poznatoj porodici Drago.<\/font><\/font><\/p>\n","protected":false},"excerpt":{"rendered":"<p>Otkrijte Katedralu Svetog Tripuna u Kotoru, istorijski dragulj izgra\u0111en 1166. godine. Istra\u017eite njeno drevno blago, zapanjuju\u0107e freske i relikvije Svetog Tripuna, za\u0161titnika grada. Saznajte o njenoj bogatoj istoriji i kulturnom zna\u010daju u Crnoj Gori.<\/p>\n","protected":false},"author":1,"featured_media":135346,"parent":134102,"menu_order":0,"comment_status":"closed","ping_status":"closed","template":"","meta":{"_yoast_wpseo_focuskw":"Katedrala Svetog Tripuna","_yoast_wpseo_metadesc":"Istra\u017eite Katedralu Svetog Tripuna u Kotoru: istorija, arhitektura i blago. Otkrijte relikvije, freske i kulturne sve\u010danosti u ovom obaveznom crnogorskom znamenitom mjestu.","_kad_post_transparent":"","_kad_post_title":"","_kad_post_layout":"","_kad_post_sidebar_id":"","_kad_post_content_style":"","_kad_post_vertical_padding":"","_kad_post_feature":"","_kad_post_feature_position":"","_kad_post_header":false,"_kad_post_footer":false,"_kad_post_classname":"","iawp_total_views":21,"footnotes":""},"tags":[140,52,139,62,141,76],"class_list":["post-134127","page","type-page","status-publish","has-post-thumbnail","hentry","tag-crna-gora","tag-montenegro","tag-news","tag-tourism","tag-travel","tag-visit"],"yoast_head":"<!-- This site is optimized with the Yoast SEO plugin v27.3 - https:\/\/yoast.com\/product\/yoast-seo-wordpress\/ -->\n<title>Katedrala Svetog Tripuna - Visit Montenegro<\/title>\n<meta name=\"description\" content=\"Istra\u017eite Katedralu Svetog Tripuna u Kotoru: istorija, arhitektura i blago. Otkrijte relikvije, freske i kulturne sve\u010danosti u ovom obaveznom crnogorskom znamenitom mjestu.\" \/>\n<meta name=\"robots\" content=\"index, follow, max-snippet:-1, max-image-preview:large, max-video-preview:-1\" \/>\n<link rel=\"canonical\" href=\"https:\/\/www.visit-montenegro.com\/me\/destinacije\/kotor\/atrakcije\/katedrala-svetog-tripuna\/\" \/>\n<meta property=\"og:locale\" content=\"en_US\" \/>\n<meta property=\"og:type\" content=\"article\" \/>\n<meta property=\"og:title\" content=\"Katedrala Svetog Tripuna - Visit Montenegro\" \/>\n<meta property=\"og:description\" content=\"Istra\u017eite Katedralu Svetog Tripuna u Kotoru: istorija, arhitektura i blago. Otkrijte relikvije, freske i kulturne sve\u010danosti u ovom obaveznom crnogorskom znamenitom mjestu.\" \/>\n<meta property=\"og:url\" content=\"https:\/\/www.visit-montenegro.com\/me\/destinacije\/kotor\/atrakcije\/katedrala-svetog-tripuna\/\" \/>\n<meta property=\"og:site_name\" content=\"Visit Montenegro\" \/>\n<meta property=\"article:publisher\" content=\"https:\/\/www.facebook.com\/visitmontenegro\" \/>\n<meta property=\"article:modified_time\" content=\"2026-02-22T16:15:07+00:00\" \/>\n<meta property=\"og:image\" content=\"https:\/\/www.visit-montenegro.com\/wp-content\/uploads\/2026\/02\/Depositphotos_401567634_L-scaled.jpg\" \/>\n\t<meta property=\"og:image:width\" content=\"1600\" \/>\n\t<meta property=\"og:image:height\" content=\"1353\" \/>\n\t<meta property=\"og:image:type\" content=\"image\/jpeg\" \/>\n<meta name=\"twitter:card\" content=\"summary_large_image\" \/>\n<meta name=\"twitter:site\" content=\"@visitmontenegro\" \/>\n<meta name=\"twitter:label1\" content=\"Est. reading time\" \/>\n\t<meta name=\"twitter:data1\" content=\"3 minutes\" \/>\n<script type=\"application\/ld+json\" class=\"yoast-schema-graph\">{\"@context\":\"https:\\\/\\\/schema.org\",\"@graph\":[{\"@type\":\"WebPage\",\"@id\":\"https:\\\/\\\/www.visit-montenegro.com\\\/me\\\/destinacije\\\/kotor\\\/atrakcije\\\/katedrala-svetog-tripuna\\\/\",\"url\":\"https:\\\/\\\/www.visit-montenegro.com\\\/me\\\/destinacije\\\/kotor\\\/atrakcije\\\/katedrala-svetog-tripuna\\\/\",\"name\":\"Katedrala Svetog Tripuna - Visit Montenegro\",\"isPartOf\":{\"@id\":\"https:\\\/\\\/www.visit-montenegro.com\\\/me\\\/#website\"},\"primaryImageOfPage\":{\"@id\":\"https:\\\/\\\/www.visit-montenegro.com\\\/me\\\/destinacije\\\/kotor\\\/atrakcije\\\/katedrala-svetog-tripuna\\\/#primaryimage\"},\"image\":{\"@id\":\"https:\\\/\\\/www.visit-montenegro.com\\\/me\\\/destinacije\\\/kotor\\\/atrakcije\\\/katedrala-svetog-tripuna\\\/#primaryimage\"},\"thumbnailUrl\":\"https:\\\/\\\/www.visit-montenegro.com\\\/wp-content\\\/uploads\\\/2026\\\/02\\\/Depositphotos_401567634_L-scaled.jpg\",\"datePublished\":\"2026-01-27T20:44:31+00:00\",\"dateModified\":\"2026-02-22T16:15:07+00:00\",\"description\":\"Istra\u017eite Katedralu Svetog Tripuna u Kotoru: istorija, arhitektura i blago. Otkrijte relikvije, freske i kulturne sve\u010danosti u ovom obaveznom crnogorskom znamenitom mjestu.\",\"breadcrumb\":{\"@id\":\"https:\\\/\\\/www.visit-montenegro.com\\\/me\\\/destinacije\\\/kotor\\\/atrakcije\\\/katedrala-svetog-tripuna\\\/#breadcrumb\"},\"inLanguage\":\"sr-Latn-ME\",\"potentialAction\":[{\"@type\":\"ReadAction\",\"target\":[\"https:\\\/\\\/www.visit-montenegro.com\\\/me\\\/destinacije\\\/kotor\\\/atrakcije\\\/katedrala-svetog-tripuna\\\/\"]}]},{\"@type\":\"ImageObject\",\"inLanguage\":\"sr-Latn-ME\",\"@id\":\"https:\\\/\\\/www.visit-montenegro.com\\\/me\\\/destinacije\\\/kotor\\\/atrakcije\\\/katedrala-svetog-tripuna\\\/#primaryimage\",\"url\":\"https:\\\/\\\/www.visit-montenegro.com\\\/wp-content\\\/uploads\\\/2026\\\/02\\\/Depositphotos_401567634_L-scaled.jpg\",\"contentUrl\":\"https:\\\/\\\/www.visit-montenegro.com\\\/wp-content\\\/uploads\\\/2026\\\/02\\\/Depositphotos_401567634_L-scaled.jpg\",\"width\":1600,\"height\":1353},{\"@type\":\"BreadcrumbList\",\"@id\":\"https:\\\/\\\/www.visit-montenegro.com\\\/me\\\/destinacije\\\/kotor\\\/atrakcije\\\/katedrala-svetog-tripuna\\\/#breadcrumb\",\"itemListElement\":[{\"@type\":\"ListItem\",\"position\":1,\"name\":\"Home\",\"item\":\"https:\\\/\\\/www.visit-montenegro.com\\\/me\\\/pocetna\\\/\"},{\"@type\":\"ListItem\",\"position\":2,\"name\":\"Turisti\u010dke destinacije u Crnoj Gori\",\"item\":\"https:\\\/\\\/www.visit-montenegro.com\\\/me\\\/destinacije\\\/\"},{\"@type\":\"ListItem\",\"position\":3,\"name\":\"Kotor\",\"item\":\"https:\\\/\\\/www.visit-montenegro.com\\\/me\\\/destinacije\\\/kotor\\\/\"},{\"@type\":\"ListItem\",\"position\":4,\"name\":\"Atrakcije Kotora\",\"item\":\"https:\\\/\\\/www.visit-montenegro.com\\\/me\\\/destinacije\\\/kotor\\\/atrakcije\\\/\"},{\"@type\":\"ListItem\",\"position\":5,\"name\":\"Katedrala Svetog Tripuna\"}]},{\"@type\":\"WebSite\",\"@id\":\"https:\\\/\\\/www.visit-montenegro.com\\\/me\\\/#website\",\"url\":\"https:\\\/\\\/www.visit-montenegro.com\\\/me\\\/\",\"name\":\"Visit Montenegro\",\"description\":\"Breathtaking beauty\",\"publisher\":{\"@id\":\"https:\\\/\\\/www.visit-montenegro.com\\\/me\\\/#organization\"},\"potentialAction\":[{\"@type\":\"SearchAction\",\"target\":{\"@type\":\"EntryPoint\",\"urlTemplate\":\"https:\\\/\\\/www.visit-montenegro.com\\\/me\\\/?s={search_term_string}\"},\"query-input\":{\"@type\":\"PropertyValueSpecification\",\"valueRequired\":true,\"valueName\":\"search_term_string\"}}],\"inLanguage\":\"sr-Latn-ME\"},{\"@type\":\"Organization\",\"@id\":\"https:\\\/\\\/www.visit-montenegro.com\\\/me\\\/#organization\",\"name\":\"Visit Montenegro\",\"url\":\"https:\\\/\\\/www.visit-montenegro.com\\\/me\\\/\",\"logo\":{\"@type\":\"ImageObject\",\"inLanguage\":\"sr-Latn-ME\",\"@id\":\"https:\\\/\\\/www.visit-montenegro.com\\\/me\\\/#\\\/schema\\\/logo\\\/image\\\/\",\"url\":\"https:\\\/\\\/www.visit-montenegro.com\\\/wp-content\\\/uploads\\\/2017\\\/10\\\/logo-amp.png\",\"contentUrl\":\"https:\\\/\\\/www.visit-montenegro.com\\\/wp-content\\\/uploads\\\/2017\\\/10\\\/logo-amp.png\",\"width\":190,\"height\":36,\"caption\":\"Visit Montenegro\"},\"image\":{\"@id\":\"https:\\\/\\\/www.visit-montenegro.com\\\/me\\\/#\\\/schema\\\/logo\\\/image\\\/\"},\"sameAs\":[\"https:\\\/\\\/www.facebook.com\\\/visitmontenegro\",\"https:\\\/\\\/x.com\\\/visitmontenegro\",\"https:\\\/\\\/www.instagram.com\\\/visit_montenegro\\\/\",\"https:\\\/\\\/www.youtube.com\\\/user\\\/VisitMontenegro\"]}]}<\/script>\n<!-- \/ Yoast SEO plugin. -->","yoast_head_json":{"title":"Katedrala Svetog Tripuna - Visit Montenegro","description":"Istra\u017eite Katedralu Svetog Tripuna u Kotoru: istorija, arhitektura i blago. Otkrijte relikvije, freske i kulturne sve\u010danosti u ovom obaveznom crnogorskom znamenitom mjestu.","robots":{"index":"index","follow":"follow","max-snippet":"max-snippet:-1","max-image-preview":"max-image-preview:large","max-video-preview":"max-video-preview:-1"},"canonical":"https:\/\/www.visit-montenegro.com\/me\/destinacije\/kotor\/atrakcije\/katedrala-svetog-tripuna\/","og_locale":"en_US","og_type":"article","og_title":"Katedrala Svetog Tripuna - Visit Montenegro","og_description":"Istra\u017eite Katedralu Svetog Tripuna u Kotoru: istorija, arhitektura i blago. Otkrijte relikvije, freske i kulturne sve\u010danosti u ovom obaveznom crnogorskom znamenitom mjestu.","og_url":"https:\/\/www.visit-montenegro.com\/me\/destinacije\/kotor\/atrakcije\/katedrala-svetog-tripuna\/","og_site_name":"Visit Montenegro","article_publisher":"https:\/\/www.facebook.com\/visitmontenegro","article_modified_time":"2026-02-22T16:15:07+00:00","og_image":[{"width":1600,"height":1353,"url":"https:\/\/www.visit-montenegro.com\/wp-content\/uploads\/2026\/02\/Depositphotos_401567634_L-scaled.jpg","type":"image\/jpeg"}],"twitter_card":"summary_large_image","twitter_site":"@visitmontenegro","twitter_misc":{"Est. reading time":"3 minutes"},"schema":{"@context":"https:\/\/schema.org","@graph":[{"@type":"WebPage","@id":"https:\/\/www.visit-montenegro.com\/me\/destinacije\/kotor\/atrakcije\/katedrala-svetog-tripuna\/","url":"https:\/\/www.visit-montenegro.com\/me\/destinacije\/kotor\/atrakcije\/katedrala-svetog-tripuna\/","name":"Katedrala Svetog Tripuna - Visit Montenegro","isPartOf":{"@id":"https:\/\/www.visit-montenegro.com\/me\/#website"},"primaryImageOfPage":{"@id":"https:\/\/www.visit-montenegro.com\/me\/destinacije\/kotor\/atrakcije\/katedrala-svetog-tripuna\/#primaryimage"},"image":{"@id":"https:\/\/www.visit-montenegro.com\/me\/destinacije\/kotor\/atrakcije\/katedrala-svetog-tripuna\/#primaryimage"},"thumbnailUrl":"https:\/\/www.visit-montenegro.com\/wp-content\/uploads\/2026\/02\/Depositphotos_401567634_L-scaled.jpg","datePublished":"2026-01-27T20:44:31+00:00","dateModified":"2026-02-22T16:15:07+00:00","description":"Istra\u017eite Katedralu Svetog Tripuna u Kotoru: istorija, arhitektura i blago. Otkrijte relikvije, freske i kulturne sve\u010danosti u ovom obaveznom crnogorskom znamenitom mjestu.","breadcrumb":{"@id":"https:\/\/www.visit-montenegro.com\/me\/destinacije\/kotor\/atrakcije\/katedrala-svetog-tripuna\/#breadcrumb"},"inLanguage":"sr-Latn-ME","potentialAction":[{"@type":"ReadAction","target":["https:\/\/www.visit-montenegro.com\/me\/destinacije\/kotor\/atrakcije\/katedrala-svetog-tripuna\/"]}]},{"@type":"ImageObject","inLanguage":"sr-Latn-ME","@id":"https:\/\/www.visit-montenegro.com\/me\/destinacije\/kotor\/atrakcije\/katedrala-svetog-tripuna\/#primaryimage","url":"https:\/\/www.visit-montenegro.com\/wp-content\/uploads\/2026\/02\/Depositphotos_401567634_L-scaled.jpg","contentUrl":"https:\/\/www.visit-montenegro.com\/wp-content\/uploads\/2026\/02\/Depositphotos_401567634_L-scaled.jpg","width":1600,"height":1353},{"@type":"BreadcrumbList","@id":"https:\/\/www.visit-montenegro.com\/me\/destinacije\/kotor\/atrakcije\/katedrala-svetog-tripuna\/#breadcrumb","itemListElement":[{"@type":"ListItem","position":1,"name":"Home","item":"https:\/\/www.visit-montenegro.com\/me\/pocetna\/"},{"@type":"ListItem","position":2,"name":"Turisti\u010dke destinacije u Crnoj Gori","item":"https:\/\/www.visit-montenegro.com\/me\/destinacije\/"},{"@type":"ListItem","position":3,"name":"Kotor","item":"https:\/\/www.visit-montenegro.com\/me\/destinacije\/kotor\/"},{"@type":"ListItem","position":4,"name":"Atrakcije Kotora","item":"https:\/\/www.visit-montenegro.com\/me\/destinacije\/kotor\/atrakcije\/"},{"@type":"ListItem","position":5,"name":"Katedrala Svetog Tripuna"}]},{"@type":"WebSite","@id":"https:\/\/www.visit-montenegro.com\/me\/#website","url":"https:\/\/www.visit-montenegro.com\/me\/","name":"Visit Montenegro","description":"Breathtaking beauty","publisher":{"@id":"https:\/\/www.visit-montenegro.com\/me\/#organization"},"potentialAction":[{"@type":"SearchAction","target":{"@type":"EntryPoint","urlTemplate":"https:\/\/www.visit-montenegro.com\/me\/?s={search_term_string}"},"query-input":{"@type":"PropertyValueSpecification","valueRequired":true,"valueName":"search_term_string"}}],"inLanguage":"sr-Latn-ME"},{"@type":"Organization","@id":"https:\/\/www.visit-montenegro.com\/me\/#organization","name":"Visit Montenegro","url":"https:\/\/www.visit-montenegro.com\/me\/","logo":{"@type":"ImageObject","inLanguage":"sr-Latn-ME","@id":"https:\/\/www.visit-montenegro.com\/me\/#\/schema\/logo\/image\/","url":"https:\/\/www.visit-montenegro.com\/wp-content\/uploads\/2017\/10\/logo-amp.png","contentUrl":"https:\/\/www.visit-montenegro.com\/wp-content\/uploads\/2017\/10\/logo-amp.png","width":190,"height":36,"caption":"Visit Montenegro"},"image":{"@id":"https:\/\/www.visit-montenegro.com\/me\/#\/schema\/logo\/image\/"},"sameAs":["https:\/\/www.facebook.com\/visitmontenegro","https:\/\/x.com\/visitmontenegro","https:\/\/www.instagram.com\/visit_montenegro\/","https:\/\/www.youtube.com\/user\/VisitMontenegro"]}]}},"translations":[],"_links":{"self":[{"href":"https:\/\/www.visit-montenegro.com\/me\/wp-json\/wp\/v2\/pages\/134127","targetHints":{"allow":["GET"]}}],"collection":[{"href":"https:\/\/www.visit-montenegro.com\/me\/wp-json\/wp\/v2\/pages"}],"about":[{"href":"https:\/\/www.visit-montenegro.com\/me\/wp-json\/wp\/v2\/types\/page"}],"author":[{"embeddable":true,"href":"https:\/\/www.visit-montenegro.com\/me\/wp-json\/wp\/v2\/users\/1"}],"replies":[{"embeddable":true,"href":"https:\/\/www.visit-montenegro.com\/me\/wp-json\/wp\/v2\/comments?post=134127"}],"version-history":[{"count":0,"href":"https:\/\/www.visit-montenegro.com\/me\/wp-json\/wp\/v2\/pages\/134127\/revisions"}],"up":[{"embeddable":true,"href":"https:\/\/www.visit-montenegro.com\/me\/wp-json\/wp\/v2\/pages\/134102"}],"wp:featuredmedia":[{"embeddable":true,"href":"https:\/\/www.visit-montenegro.com\/me\/wp-json\/wp\/v2\/media\/135346"}],"wp:attachment":[{"href":"https:\/\/www.visit-montenegro.com\/me\/wp-json\/wp\/v2\/media?parent=134127"}],"wp:term":[{"taxonomy":"post_tag","embeddable":true,"href":"https:\/\/www.visit-montenegro.com\/me\/wp-json\/wp\/v2\/tags?post=134127"}],"curies":[{"name":"wp","href":"https:\/\/api.w.org\/{rel}","templated":true}]}}