{"id":134131,"date":"2026-01-27T21:44:31","date_gmt":"2026-01-27T20:44:31","guid":{"rendered":"https:\/\/new.visit-montenegro.com\/destinacije\/kotor\/atrakcije\/pomorski-muzej\/"},"modified":"2026-02-22T18:35:30","modified_gmt":"2026-02-22T17:35:30","slug":"pomorski-muzej","status":"publish","type":"page","link":"https:\/\/www.visit-montenegro.com\/me\/destinacije\/kotor\/atrakcije\/pomorski-muzej\/","title":{"rendered":"Pomorski muzej Kotor"},"content":{"rendered":"\n<p><strong>Pomorski muzej <a href=\"https:\/\/www.visit-montenegro.com\/me\/destinacije\/kotor\/\">Kotor<\/a><\/strong> u Crnoj Gori je kulturni dragulj u Starom gradu, koji \u010duva bogatu pomorsku istoriju regije Boka Kotorska kroz artefakte, dokumente i izlo\u017ebe koje povezuju posjetioce sa vjekovima pomorske tradicije.<\/p>\n<hr>\n\n<h2 class=\"wp-block-heading\">Lokacija i pristupa\u010dnost muzeja<\/h2>\n\n<p>Va\u0161u posjetu Starom gradu u Kotoru mo\u017eete dopuniti posjetom <strong>Pomorskom muzeju Kotor<\/strong>, koji se nalazi na Trgu Boke flote. Stoga, koga god pitate ili u kojem dijelu Kotora se nalazite, brzo \u0107ete dobiti informacije i do\u0107i do \u017eeljene lokacije.<\/p>\n\n<h2 class=\"wp-block-heading\">Istorijski zna\u010daj i zbirke<\/h2>\n\n<p>Plovidba u Kotoru po\u010dela se razvijati tokom srednjeg vijeka, a zapis o tome je pri\u010da o osnivanju bratstva kotorskih pomoraca, Boke flote, u 9. vijeku. \u0160tavi\u0161e, uspomene na te davno pro\u0161le dane i godine, o uspjesima poznatih kotorskih pomoraca, umjetnika, brodograditelja, zanatlija, dr\u017eavnika i diplomata, posrednika izme\u0111u zapada i istoka, danas se \u010duvaju u <strong>Pomorskom muzeju Kotor<\/strong> u Kotoru, koji se nalazi u baroknoj palati Grgurin, i s du\u017enim po\u0161tovanjem \u010duva slavu Boke i Boke mornarice.<\/p>\n\n<p>U muzeju se, izme\u0111u ostalog, mogu na\u0107i portreti poznatih kapetana, modeli starih galija i jedrilica, navigacioni instrumenti i drugi vrlo vrijedni eksponati. Zaista, u dvorani muzeja mo\u017ee se vidjeti \u0161est bronzanih plo\u010da u reljefu, na kojima su prikazani najva\u017eniji doga\u0111aji i li\u010dnosti iz burnih istorija Kotora. Tako\u0111e, muzej je izlo\u017eio geografske mape, gravure i akvarele primorskih gradova. Tu je i etnografska zbirka, koja svjedo\u010di o zlatnom dobu kotorske navigacije od 16. do 18. vijeka.<\/p>\n\n<p>U <strong>Pomorskom muzeju Kotor<\/strong> \u010duva se kopija najstarijeg dokumenta o plovidbi na podru\u010dju Boke koji datira iz 1168. godine. Jednostavno re\u010deno, u <strong>Pomorskom muzeju Kotor<\/strong> izlo\u017een je sav blago na\u0161eg mora. To blago \u0161titi pomorske tradicije od zaborava i povezuje more u Kotoru sa njihovim ljudima, poznatim pomorcima, koji su isplovljavali iz njega prema dalekim morima. Pored samog ulaza u srednjovjekovnu palatu Grgurin, nalaze se dva mala topa, koji su simboli stalne borbe Boke pomoraca i gusara.<\/p>\n","protected":false},"excerpt":{"rendered":"<p>Istra\u017eite Pomorski muzej Kotor u Starom gradu Crne Gore, gdje vjekovi pomorske istorije o\u017eivljavaju kroz artefakte i izlo\u017ebe. Otkrijte naslije\u0111e Boke i poznatih kapetana u ovom kulturnom blagu.<\/p>\n","protected":false},"author":1,"featured_media":135616,"parent":134102,"menu_order":0,"comment_status":"closed","ping_status":"closed","template":"","meta":{"_yoast_wpseo_focuskw":"Pomorski muzej Kotor","_yoast_wpseo_metadesc":"Otkrijte Pomorski muzej Kotor u Starom gradu Crne Gore. Istra\u017eite pomorsku istoriju, artefakte i tradicije u ovom kulturnom dragulju koji morate posjetiti.","_kad_post_transparent":"","_kad_post_title":"","_kad_post_layout":"","_kad_post_sidebar_id":"","_kad_post_content_style":"","_kad_post_vertical_padding":"","_kad_post_feature":"","_kad_post_feature_position":"","_kad_post_header":false,"_kad_post_footer":false,"_kad_post_classname":"","iawp_total_views":2,"footnotes":""},"tags":[140,52,139,62,141,76],"class_list":["post-134131","page","type-page","status-publish","has-post-thumbnail","hentry","tag-crna-gora","tag-montenegro","tag-news","tag-tourism","tag-travel","tag-visit"],"yoast_head":"<!-- This site is optimized with the Yoast SEO plugin v27.3 - https:\/\/yoast.com\/product\/yoast-seo-wordpress\/ -->\n<title>Pomorski muzej Kotor - Visit Montenegro<\/title>\n<meta name=\"description\" content=\"Otkrijte Pomorski muzej Kotor u Starom gradu Crne Gore. Istra\u017eite pomorsku istoriju, artefakte i tradicije u ovom kulturnom dragulju koji morate posjetiti.\" \/>\n<meta name=\"robots\" content=\"index, follow, max-snippet:-1, max-image-preview:large, max-video-preview:-1\" \/>\n<link rel=\"canonical\" href=\"https:\/\/www.visit-montenegro.com\/me\/destinacije\/kotor\/atrakcije\/pomorski-muzej\/\" \/>\n<meta property=\"og:locale\" content=\"en_US\" \/>\n<meta property=\"og:type\" content=\"article\" \/>\n<meta property=\"og:title\" content=\"Pomorski muzej Kotor - Visit Montenegro\" \/>\n<meta property=\"og:description\" content=\"Otkrijte Pomorski muzej Kotor u Starom gradu Crne Gore. Istra\u017eite pomorsku istoriju, artefakte i tradicije u ovom kulturnom dragulju koji morate posjetiti.\" \/>\n<meta property=\"og:url\" content=\"https:\/\/www.visit-montenegro.com\/me\/destinacije\/kotor\/atrakcije\/pomorski-muzej\/\" \/>\n<meta property=\"og:site_name\" content=\"Visit Montenegro\" \/>\n<meta property=\"article:publisher\" content=\"https:\/\/www.facebook.com\/visitmontenegro\" \/>\n<meta property=\"article:modified_time\" content=\"2026-02-22T17:35:30+00:00\" \/>\n<meta property=\"og:image\" content=\"https:\/\/www.visit-montenegro.com\/wp-content\/uploads\/2026\/02\/muzejkotor.jpg\" \/>\n\t<meta property=\"og:image:width\" content=\"1280\" \/>\n\t<meta property=\"og:image:height\" content=\"881\" \/>\n\t<meta property=\"og:image:type\" content=\"image\/jpeg\" \/>\n<meta name=\"twitter:card\" content=\"summary_large_image\" \/>\n<meta name=\"twitter:site\" content=\"@visitmontenegro\" \/>\n<meta name=\"twitter:label1\" content=\"Est. reading time\" \/>\n\t<meta name=\"twitter:data1\" content=\"2 minutes\" \/>\n<script type=\"application\/ld+json\" class=\"yoast-schema-graph\">{\"@context\":\"https:\\\/\\\/schema.org\",\"@graph\":[{\"@type\":\"WebPage\",\"@id\":\"https:\\\/\\\/www.visit-montenegro.com\\\/me\\\/destinacije\\\/kotor\\\/atrakcije\\\/pomorski-muzej\\\/\",\"url\":\"https:\\\/\\\/www.visit-montenegro.com\\\/me\\\/destinacije\\\/kotor\\\/atrakcije\\\/pomorski-muzej\\\/\",\"name\":\"Pomorski muzej Kotor - Visit Montenegro\",\"isPartOf\":{\"@id\":\"https:\\\/\\\/www.visit-montenegro.com\\\/me\\\/#website\"},\"primaryImageOfPage\":{\"@id\":\"https:\\\/\\\/www.visit-montenegro.com\\\/me\\\/destinacije\\\/kotor\\\/atrakcije\\\/pomorski-muzej\\\/#primaryimage\"},\"image\":{\"@id\":\"https:\\\/\\\/www.visit-montenegro.com\\\/me\\\/destinacije\\\/kotor\\\/atrakcije\\\/pomorski-muzej\\\/#primaryimage\"},\"thumbnailUrl\":\"https:\\\/\\\/www.visit-montenegro.com\\\/wp-content\\\/uploads\\\/2026\\\/02\\\/muzejkotor.jpg\",\"datePublished\":\"2026-01-27T20:44:31+00:00\",\"dateModified\":\"2026-02-22T17:35:30+00:00\",\"description\":\"Otkrijte Pomorski muzej Kotor u Starom gradu Crne Gore. Istra\u017eite pomorsku istoriju, artefakte i tradicije u ovom kulturnom dragulju koji morate posjetiti.\",\"breadcrumb\":{\"@id\":\"https:\\\/\\\/www.visit-montenegro.com\\\/me\\\/destinacije\\\/kotor\\\/atrakcije\\\/pomorski-muzej\\\/#breadcrumb\"},\"inLanguage\":\"sr-Latn-ME\",\"potentialAction\":[{\"@type\":\"ReadAction\",\"target\":[\"https:\\\/\\\/www.visit-montenegro.com\\\/me\\\/destinacije\\\/kotor\\\/atrakcije\\\/pomorski-muzej\\\/\"]}]},{\"@type\":\"ImageObject\",\"inLanguage\":\"sr-Latn-ME\",\"@id\":\"https:\\\/\\\/www.visit-montenegro.com\\\/me\\\/destinacije\\\/kotor\\\/atrakcije\\\/pomorski-muzej\\\/#primaryimage\",\"url\":\"https:\\\/\\\/www.visit-montenegro.com\\\/wp-content\\\/uploads\\\/2026\\\/02\\\/muzejkotor.jpg\",\"contentUrl\":\"https:\\\/\\\/www.visit-montenegro.com\\\/wp-content\\\/uploads\\\/2026\\\/02\\\/muzejkotor.jpg\",\"width\":1280,\"height\":881},{\"@type\":\"BreadcrumbList\",\"@id\":\"https:\\\/\\\/www.visit-montenegro.com\\\/me\\\/destinacije\\\/kotor\\\/atrakcije\\\/pomorski-muzej\\\/#breadcrumb\",\"itemListElement\":[{\"@type\":\"ListItem\",\"position\":1,\"name\":\"Home\",\"item\":\"https:\\\/\\\/www.visit-montenegro.com\\\/me\\\/pocetna\\\/\"},{\"@type\":\"ListItem\",\"position\":2,\"name\":\"Turisti\u010dke destinacije u Crnoj Gori\",\"item\":\"https:\\\/\\\/www.visit-montenegro.com\\\/me\\\/destinacije\\\/\"},{\"@type\":\"ListItem\",\"position\":3,\"name\":\"Kotor\",\"item\":\"https:\\\/\\\/www.visit-montenegro.com\\\/me\\\/destinacije\\\/kotor\\\/\"},{\"@type\":\"ListItem\",\"position\":4,\"name\":\"Atrakcije Kotora\",\"item\":\"https:\\\/\\\/www.visit-montenegro.com\\\/me\\\/destinacije\\\/kotor\\\/atrakcije\\\/\"},{\"@type\":\"ListItem\",\"position\":5,\"name\":\"Pomorski muzej Kotor\"}]},{\"@type\":\"WebSite\",\"@id\":\"https:\\\/\\\/www.visit-montenegro.com\\\/me\\\/#website\",\"url\":\"https:\\\/\\\/www.visit-montenegro.com\\\/me\\\/\",\"name\":\"Visit Montenegro\",\"description\":\"Breathtaking beauty\",\"publisher\":{\"@id\":\"https:\\\/\\\/www.visit-montenegro.com\\\/me\\\/#organization\"},\"potentialAction\":[{\"@type\":\"SearchAction\",\"target\":{\"@type\":\"EntryPoint\",\"urlTemplate\":\"https:\\\/\\\/www.visit-montenegro.com\\\/me\\\/?s={search_term_string}\"},\"query-input\":{\"@type\":\"PropertyValueSpecification\",\"valueRequired\":true,\"valueName\":\"search_term_string\"}}],\"inLanguage\":\"sr-Latn-ME\"},{\"@type\":\"Organization\",\"@id\":\"https:\\\/\\\/www.visit-montenegro.com\\\/me\\\/#organization\",\"name\":\"Visit Montenegro\",\"url\":\"https:\\\/\\\/www.visit-montenegro.com\\\/me\\\/\",\"logo\":{\"@type\":\"ImageObject\",\"inLanguage\":\"sr-Latn-ME\",\"@id\":\"https:\\\/\\\/www.visit-montenegro.com\\\/me\\\/#\\\/schema\\\/logo\\\/image\\\/\",\"url\":\"https:\\\/\\\/www.visit-montenegro.com\\\/wp-content\\\/uploads\\\/2017\\\/10\\\/logo-amp.png\",\"contentUrl\":\"https:\\\/\\\/www.visit-montenegro.com\\\/wp-content\\\/uploads\\\/2017\\\/10\\\/logo-amp.png\",\"width\":190,\"height\":36,\"caption\":\"Visit Montenegro\"},\"image\":{\"@id\":\"https:\\\/\\\/www.visit-montenegro.com\\\/me\\\/#\\\/schema\\\/logo\\\/image\\\/\"},\"sameAs\":[\"https:\\\/\\\/www.facebook.com\\\/visitmontenegro\",\"https:\\\/\\\/x.com\\\/visitmontenegro\",\"https:\\\/\\\/www.instagram.com\\\/visit_montenegro\\\/\",\"https:\\\/\\\/www.youtube.com\\\/user\\\/VisitMontenegro\"]}]}<\/script>\n<!-- \/ Yoast SEO plugin. -->","yoast_head_json":{"title":"Pomorski muzej Kotor - Visit Montenegro","description":"Otkrijte Pomorski muzej Kotor u Starom gradu Crne Gore. Istra\u017eite pomorsku istoriju, artefakte i tradicije u ovom kulturnom dragulju koji morate posjetiti.","robots":{"index":"index","follow":"follow","max-snippet":"max-snippet:-1","max-image-preview":"max-image-preview:large","max-video-preview":"max-video-preview:-1"},"canonical":"https:\/\/www.visit-montenegro.com\/me\/destinacije\/kotor\/atrakcije\/pomorski-muzej\/","og_locale":"en_US","og_type":"article","og_title":"Pomorski muzej Kotor - Visit Montenegro","og_description":"Otkrijte Pomorski muzej Kotor u Starom gradu Crne Gore. Istra\u017eite pomorsku istoriju, artefakte i tradicije u ovom kulturnom dragulju koji morate posjetiti.","og_url":"https:\/\/www.visit-montenegro.com\/me\/destinacije\/kotor\/atrakcije\/pomorski-muzej\/","og_site_name":"Visit Montenegro","article_publisher":"https:\/\/www.facebook.com\/visitmontenegro","article_modified_time":"2026-02-22T17:35:30+00:00","og_image":[{"width":1280,"height":881,"url":"https:\/\/www.visit-montenegro.com\/wp-content\/uploads\/2026\/02\/muzejkotor.jpg","type":"image\/jpeg"}],"twitter_card":"summary_large_image","twitter_site":"@visitmontenegro","twitter_misc":{"Est. reading time":"2 minutes"},"schema":{"@context":"https:\/\/schema.org","@graph":[{"@type":"WebPage","@id":"https:\/\/www.visit-montenegro.com\/me\/destinacije\/kotor\/atrakcije\/pomorski-muzej\/","url":"https:\/\/www.visit-montenegro.com\/me\/destinacije\/kotor\/atrakcije\/pomorski-muzej\/","name":"Pomorski muzej Kotor - Visit Montenegro","isPartOf":{"@id":"https:\/\/www.visit-montenegro.com\/me\/#website"},"primaryImageOfPage":{"@id":"https:\/\/www.visit-montenegro.com\/me\/destinacije\/kotor\/atrakcije\/pomorski-muzej\/#primaryimage"},"image":{"@id":"https:\/\/www.visit-montenegro.com\/me\/destinacije\/kotor\/atrakcije\/pomorski-muzej\/#primaryimage"},"thumbnailUrl":"https:\/\/www.visit-montenegro.com\/wp-content\/uploads\/2026\/02\/muzejkotor.jpg","datePublished":"2026-01-27T20:44:31+00:00","dateModified":"2026-02-22T17:35:30+00:00","description":"Otkrijte Pomorski muzej Kotor u Starom gradu Crne Gore. Istra\u017eite pomorsku istoriju, artefakte i tradicije u ovom kulturnom dragulju koji morate posjetiti.","breadcrumb":{"@id":"https:\/\/www.visit-montenegro.com\/me\/destinacije\/kotor\/atrakcije\/pomorski-muzej\/#breadcrumb"},"inLanguage":"sr-Latn-ME","potentialAction":[{"@type":"ReadAction","target":["https:\/\/www.visit-montenegro.com\/me\/destinacije\/kotor\/atrakcije\/pomorski-muzej\/"]}]},{"@type":"ImageObject","inLanguage":"sr-Latn-ME","@id":"https:\/\/www.visit-montenegro.com\/me\/destinacije\/kotor\/atrakcije\/pomorski-muzej\/#primaryimage","url":"https:\/\/www.visit-montenegro.com\/wp-content\/uploads\/2026\/02\/muzejkotor.jpg","contentUrl":"https:\/\/www.visit-montenegro.com\/wp-content\/uploads\/2026\/02\/muzejkotor.jpg","width":1280,"height":881},{"@type":"BreadcrumbList","@id":"https:\/\/www.visit-montenegro.com\/me\/destinacije\/kotor\/atrakcije\/pomorski-muzej\/#breadcrumb","itemListElement":[{"@type":"ListItem","position":1,"name":"Home","item":"https:\/\/www.visit-montenegro.com\/me\/pocetna\/"},{"@type":"ListItem","position":2,"name":"Turisti\u010dke destinacije u Crnoj Gori","item":"https:\/\/www.visit-montenegro.com\/me\/destinacije\/"},{"@type":"ListItem","position":3,"name":"Kotor","item":"https:\/\/www.visit-montenegro.com\/me\/destinacije\/kotor\/"},{"@type":"ListItem","position":4,"name":"Atrakcije Kotora","item":"https:\/\/www.visit-montenegro.com\/me\/destinacije\/kotor\/atrakcije\/"},{"@type":"ListItem","position":5,"name":"Pomorski muzej Kotor"}]},{"@type":"WebSite","@id":"https:\/\/www.visit-montenegro.com\/me\/#website","url":"https:\/\/www.visit-montenegro.com\/me\/","name":"Visit Montenegro","description":"Breathtaking beauty","publisher":{"@id":"https:\/\/www.visit-montenegro.com\/me\/#organization"},"potentialAction":[{"@type":"SearchAction","target":{"@type":"EntryPoint","urlTemplate":"https:\/\/www.visit-montenegro.com\/me\/?s={search_term_string}"},"query-input":{"@type":"PropertyValueSpecification","valueRequired":true,"valueName":"search_term_string"}}],"inLanguage":"sr-Latn-ME"},{"@type":"Organization","@id":"https:\/\/www.visit-montenegro.com\/me\/#organization","name":"Visit Montenegro","url":"https:\/\/www.visit-montenegro.com\/me\/","logo":{"@type":"ImageObject","inLanguage":"sr-Latn-ME","@id":"https:\/\/www.visit-montenegro.com\/me\/#\/schema\/logo\/image\/","url":"https:\/\/www.visit-montenegro.com\/wp-content\/uploads\/2017\/10\/logo-amp.png","contentUrl":"https:\/\/www.visit-montenegro.com\/wp-content\/uploads\/2017\/10\/logo-amp.png","width":190,"height":36,"caption":"Visit Montenegro"},"image":{"@id":"https:\/\/www.visit-montenegro.com\/me\/#\/schema\/logo\/image\/"},"sameAs":["https:\/\/www.facebook.com\/visitmontenegro","https:\/\/x.com\/visitmontenegro","https:\/\/www.instagram.com\/visit_montenegro\/","https:\/\/www.youtube.com\/user\/VisitMontenegro"]}]}},"translations":[],"_links":{"self":[{"href":"https:\/\/www.visit-montenegro.com\/me\/wp-json\/wp\/v2\/pages\/134131","targetHints":{"allow":["GET"]}}],"collection":[{"href":"https:\/\/www.visit-montenegro.com\/me\/wp-json\/wp\/v2\/pages"}],"about":[{"href":"https:\/\/www.visit-montenegro.com\/me\/wp-json\/wp\/v2\/types\/page"}],"author":[{"embeddable":true,"href":"https:\/\/www.visit-montenegro.com\/me\/wp-json\/wp\/v2\/users\/1"}],"replies":[{"embeddable":true,"href":"https:\/\/www.visit-montenegro.com\/me\/wp-json\/wp\/v2\/comments?post=134131"}],"version-history":[{"count":0,"href":"https:\/\/www.visit-montenegro.com\/me\/wp-json\/wp\/v2\/pages\/134131\/revisions"}],"up":[{"embeddable":true,"href":"https:\/\/www.visit-montenegro.com\/me\/wp-json\/wp\/v2\/pages\/134102"}],"wp:featuredmedia":[{"embeddable":true,"href":"https:\/\/www.visit-montenegro.com\/me\/wp-json\/wp\/v2\/media\/135616"}],"wp:attachment":[{"href":"https:\/\/www.visit-montenegro.com\/me\/wp-json\/wp\/v2\/media?parent=134131"}],"wp:term":[{"taxonomy":"post_tag","embeddable":true,"href":"https:\/\/www.visit-montenegro.com\/me\/wp-json\/wp\/v2\/tags?post=134131"}],"curies":[{"name":"wp","href":"https:\/\/api.w.org\/{rel}","templated":true}]}}