{"id":134142,"date":"2026-01-27T21:44:31","date_gmt":"2026-01-27T20:44:31","guid":{"rendered":"https:\/\/new.visit-montenegro.com\/destinacije\/kotor\/info\/od-dubrovnika\/"},"modified":"2026-02-22T17:17:56","modified_gmt":"2026-02-22T16:17:56","slug":"od-dubrovnika","status":"publish","type":"page","link":"https:\/\/www.visit-montenegro.com\/me\/destinacije\/kotor\/info\/od-dubrovnika\/","title":{"rendered":"Od Dubrovnika do Kotora"},"content":{"rendered":"\n<p>Dva od najposje\u0107enijih turisti\u010dkih odredi\u0161ta na Jadranskom moru su Dubrovnik u Hrvatskoj i <a href=\"https:\/\/www.visit-montenegro.com\/me\/destinacije\/kotor\/\">Kotor<\/a> u Crnoj Gori, smje\u0161teni u zadivljuju\u0107em ju\u017enom fjordu Kotorskog zaliva. Ovi veli\u010danstveni gradovi o\u010daravaju posjetioce svojom istorijskom bogato\u0161\u0107u i vizuelnom ljepotom. Dubrova\u010dki Stari grad vas prenosi u drevna vremena, dok Kotorov Stari grad, okru\u017een visokim planinama i starim utvrdama, nudi zadivljuju\u0107e pejza\u017ee. Stoga je istra\u017eivanje oba odredi\u0161ta glavni prioritet za mnoge putnike.<\/p>\n\n<hr class=\"wp-block-separator has-alpha-channel-opacity\"\/>\n\n<h2 class=\"wp-block-heading\">Opcije transporta od Dubrovnika do Kotora<\/h2>\n\n<p>Nekoliko opcija transporta \u010dini putovanje od <strong>Od Dubrovnika do Kotora<\/strong> dostupnim i u\u017eivanjem. Transferi pru\u017eaju prakti\u010dnu uslugu online rezervacije za direktno putovanje do bilo koje lokacije u Crnoj Gori. Iznajmljivanje automobila se toplo preporu\u010duje za one koji \u017eele da do\u017eive magiju jadranske obale, nude\u0107i potpunu slobodu da istra\u017eite skrivene dragulje koji nisu na uobi\u010dajenim turisti\u010dkim mapama. \u0160tavi\u0161e, jednodnevni izleti, kao \u0161to je Jednodnevni izlet u Kotorski zaliv iz Dubrovnika sa vo\u017enjom brodom do Gospa od \u0160krpjela, nude vo\u0111ena iskustva, sa drugim dubrova\u010dkim turima dostupnim za dalje istra\u017eivanje.<\/p>\n\n<ul class=\"wp-block-list\">\n<li><a href=\"https:\/\/www.visit-montenegro.com\/me\/transferi\/\">Transferi<\/a> \u2013 Rezervi\u0161ite online odli\u010dnu uslugu transfera od Dubrovnika do bilo kog mjesta u Crnoj Gori.<\/li>\n\n\n\n<li><a href=\"https:\/\/www.visit-montenegro.com\/me\/transport\/transport-iznajmljivanje-automobila\/\">Iznajmljivanje automobila<\/a> \u2013 Ako zaista \u017eelite da do\u017eivite svu magiju mnogih prelijepih malih mjesta du\u017e jadranske obale, iznajmljivanje automobila je svakako najbolji izbor i mi ga preporu\u010dujemo. Na ovaj na\u010din, imate potpunu slobodu da se zaustavite i posjetite \u010dak i neka skrivena mjesta koja nisu na mapama uobi\u010dajenih turisti\u010dkih tura.<\/li>\n<\/ul>\n<div class=\"wp-block-image\">\n<figure class=\"aligncenter size-large is-resized\"><img loading=\"lazy\" decoding=\"async\" width=\"1024\" height=\"683\" src=\"https:\/\/www.visit-montenegro.com\/wp-content\/uploads\/2026\/02\/Depositphotos_250074826_XL-1024x683.jpg\" alt=\"\" class=\"wp-image-133160\" style=\"width:800px;height:600px\" srcset=\"https:\/\/www.visit-montenegro.com\/wp-content\/uploads\/2026\/02\/Depositphotos_250074826_XL-1024x683.jpg 1024w, https:\/\/www.visit-montenegro.com\/wp-content\/uploads\/2026\/02\/Depositphotos_250074826_XL-300x200.jpg 300w, https:\/\/www.visit-montenegro.com\/wp-content\/uploads\/2026\/02\/Depositphotos_250074826_XL-768x512.jpg 768w, https:\/\/www.visit-montenegro.com\/wp-content\/uploads\/2026\/02\/Depositphotos_250074826_XL-1536x1024.jpg 1536w, https:\/\/www.visit-montenegro.com\/wp-content\/uploads\/2026\/02\/Depositphotos_250074826_XL-2048x1365.jpg 2048w, https:\/\/www.visit-montenegro.com\/wp-content\/uploads\/2026\/02\/Depositphotos_250074826_XL-scaled.jpg 1600w\" sizes=\"auto, (max-width: 1024px) 100vw, 1024px\" \/><\/figure>\n<\/div>\n<h2 class=\"wp-block-heading\">Planiranje va\u0161eg putovanja od Dubrovnika do Kotora<\/h2>\n\n<p>Ve\u0107ina turista koji posje\u0107uju Dubrovnik ili Kotor imaju za cilj da istra\u017ee oba grada, \u0161to ga \u010dini izvrsnom odlukom za svakog putnika. Zaista, ova tura vam omogu\u0107ava da do\u017eivite slikovitu rutu du\u017e jadranske obale, uklju\u010duju\u0107i zaustavljanja u Dubrovniku, Cavtatu, Igalu, Herceg Novom, Risanu, Perastu i Kotoru. Ako vremena ima, produ\u017eite svoj put od Kotora do Budve da posjetite popularni Budvanski Stari grad. Mnoge agencije nude ture, ali samostalno istra\u017eivanje je \u010desto preferirano za personalizovanije i izuzetnije iskustvo od <strong>Od Dubrovnika do Kotora<\/strong>.<\/p>\n\n<p>Kori\u0161\u0107enje usluge rent-a-car, kao \u0161to su pristupa\u010dne online opcije sa poznatim brendovima, pove\u0107ava u\u017eivanje na svakom kilometru. Za no\u0107enje u Kotoru, provjerite online usluge smje\u0161taja za najbolje rezervacije. Ovo putovanje od <strong>Od Dubrovnika do Kotora<\/strong> povezuje dva zadivljuju\u0107a mjesta putem ceste prirodne ljepote, istorije, kulture i ugodnog u\u017eivanja u hrani. U\u017eivajte u Dubrovniku i Hrvatskoj, a zatim u\u017eivajte u Kotoru i Crnoj Gori na ovoj nezaboravnoj turisti\u010dkoj dijamantskoj turi.<\/p>\n","protected":false},"excerpt":{"rendered":"<p>Istra\u017eite zadivljuju\u0107e putovanje od Dubrovnika do Kotora, dva jadranska dragulja bogata istorijom i ljepotom. Otkrijte opcije transporta, slikovite stanice i savjete za nezaboravnu samostalnu turu du\u017e obale.<\/p>\n","protected":false},"author":1,"featured_media":134143,"parent":134136,"menu_order":0,"comment_status":"closed","ping_status":"closed","template":"","meta":{"_yoast_wpseo_focuskw":"Od Dubrovnika do Kotora","_yoast_wpseo_metadesc":"Planirajte svoj put od Dubrovnika do Kotora sa savjetima o transportu, slikovitim rutama i skrivenim draguljima. Do\u017eivite istoriju, kulturu i zadivljuju\u0107e poglede na ovoj jadranskoj avanturi.","_kad_post_transparent":"","_kad_post_title":"","_kad_post_layout":"","_kad_post_sidebar_id":"","_kad_post_content_style":"","_kad_post_vertical_padding":"","_kad_post_feature":"","_kad_post_feature_position":"","_kad_post_header":false,"_kad_post_footer":false,"_kad_post_classname":"","iawp_total_views":1,"footnotes":""},"tags":[],"class_list":["post-134142","page","type-page","status-publish","has-post-thumbnail","hentry"],"yoast_head":"<!-- This site is optimized with the Yoast SEO plugin v27.3 - https:\/\/yoast.com\/product\/yoast-seo-wordpress\/ -->\n<title>Od Dubrovnika do Kotora - Visit Montenegro<\/title>\n<meta name=\"description\" content=\"Planirajte svoj put od Dubrovnika do Kotora sa savjetima o transportu, slikovitim rutama i skrivenim draguljima. Do\u017eivite istoriju, kulturu i zadivljuju\u0107e poglede na ovoj jadranskoj avanturi.\" \/>\n<meta name=\"robots\" content=\"index, follow, max-snippet:-1, max-image-preview:large, max-video-preview:-1\" \/>\n<link rel=\"canonical\" href=\"https:\/\/www.visit-montenegro.com\/me\/destinacije\/kotor\/info\/od-dubrovnika\/\" \/>\n<meta property=\"og:locale\" content=\"en_US\" \/>\n<meta property=\"og:type\" content=\"article\" \/>\n<meta property=\"og:title\" content=\"Od Dubrovnika do Kotora - Visit Montenegro\" \/>\n<meta property=\"og:description\" content=\"Planirajte svoj put od Dubrovnika do Kotora sa savjetima o transportu, slikovitim rutama i skrivenim draguljima. Do\u017eivite istoriju, kulturu i zadivljuju\u0107e poglede na ovoj jadranskoj avanturi.\" \/>\n<meta property=\"og:url\" content=\"https:\/\/www.visit-montenegro.com\/me\/destinacije\/kotor\/info\/od-dubrovnika\/\" \/>\n<meta property=\"og:site_name\" content=\"Visit Montenegro\" \/>\n<meta property=\"article:publisher\" content=\"https:\/\/www.facebook.com\/visitmontenegro\" \/>\n<meta property=\"article:modified_time\" content=\"2026-02-22T16:17:56+00:00\" \/>\n<meta property=\"og:image\" content=\"https:\/\/www.visit-montenegro.com\/wp-content\/uploads\/2026\/01\/kotor-bay-panorama-large-scaled.jpg\" \/>\n\t<meta property=\"og:image:width\" content=\"1600\" \/>\n\t<meta property=\"og:image:height\" content=\"575\" \/>\n\t<meta property=\"og:image:type\" content=\"image\/jpeg\" \/>\n<meta name=\"twitter:card\" content=\"summary_large_image\" \/>\n<meta name=\"twitter:site\" content=\"@visitmontenegro\" \/>\n<meta name=\"twitter:label1\" content=\"Est. reading time\" \/>\n\t<meta name=\"twitter:data1\" content=\"2 minutes\" \/>\n<script type=\"application\/ld+json\" class=\"yoast-schema-graph\">{\"@context\":\"https:\\\/\\\/schema.org\",\"@graph\":[{\"@type\":\"WebPage\",\"@id\":\"https:\\\/\\\/www.visit-montenegro.com\\\/me\\\/destinacije\\\/kotor\\\/info\\\/od-dubrovnika\\\/\",\"url\":\"https:\\\/\\\/www.visit-montenegro.com\\\/me\\\/destinacije\\\/kotor\\\/info\\\/od-dubrovnika\\\/\",\"name\":\"Od Dubrovnika do Kotora - Visit Montenegro\",\"isPartOf\":{\"@id\":\"https:\\\/\\\/www.visit-montenegro.com\\\/me\\\/#website\"},\"primaryImageOfPage\":{\"@id\":\"https:\\\/\\\/www.visit-montenegro.com\\\/me\\\/destinacije\\\/kotor\\\/info\\\/od-dubrovnika\\\/#primaryimage\"},\"image\":{\"@id\":\"https:\\\/\\\/www.visit-montenegro.com\\\/me\\\/destinacije\\\/kotor\\\/info\\\/od-dubrovnika\\\/#primaryimage\"},\"thumbnailUrl\":\"https:\\\/\\\/www.visit-montenegro.com\\\/wp-content\\\/uploads\\\/2026\\\/01\\\/kotor-bay-panorama-large-scaled.jpg\",\"datePublished\":\"2026-01-27T20:44:31+00:00\",\"dateModified\":\"2026-02-22T16:17:56+00:00\",\"description\":\"Planirajte svoj put od Dubrovnika do Kotora sa savjetima o transportu, slikovitim rutama i skrivenim draguljima. Do\u017eivite istoriju, kulturu i zadivljuju\u0107e poglede na ovoj jadranskoj avanturi.\",\"breadcrumb\":{\"@id\":\"https:\\\/\\\/www.visit-montenegro.com\\\/me\\\/destinacije\\\/kotor\\\/info\\\/od-dubrovnika\\\/#breadcrumb\"},\"inLanguage\":\"sr-Latn-ME\",\"potentialAction\":[{\"@type\":\"ReadAction\",\"target\":[\"https:\\\/\\\/www.visit-montenegro.com\\\/me\\\/destinacije\\\/kotor\\\/info\\\/od-dubrovnika\\\/\"]}]},{\"@type\":\"ImageObject\",\"inLanguage\":\"sr-Latn-ME\",\"@id\":\"https:\\\/\\\/www.visit-montenegro.com\\\/me\\\/destinacije\\\/kotor\\\/info\\\/od-dubrovnika\\\/#primaryimage\",\"url\":\"https:\\\/\\\/www.visit-montenegro.com\\\/wp-content\\\/uploads\\\/2026\\\/01\\\/kotor-bay-panorama-large-scaled.jpg\",\"contentUrl\":\"https:\\\/\\\/www.visit-montenegro.com\\\/wp-content\\\/uploads\\\/2026\\\/01\\\/kotor-bay-panorama-large-scaled.jpg\",\"width\":1600,\"height\":575,\"caption\":\"Panorama Kotorskog zaliva koja se prote\u017ee od starog Kotora do Herceg-Novog, Crna Gora.\"},{\"@type\":\"BreadcrumbList\",\"@id\":\"https:\\\/\\\/www.visit-montenegro.com\\\/me\\\/destinacije\\\/kotor\\\/info\\\/od-dubrovnika\\\/#breadcrumb\",\"itemListElement\":[{\"@type\":\"ListItem\",\"position\":1,\"name\":\"Home\",\"item\":\"https:\\\/\\\/www.visit-montenegro.com\\\/me\\\/pocetna\\\/\"},{\"@type\":\"ListItem\",\"position\":2,\"name\":\"Turisti\u010dke destinacije u Crnoj Gori\",\"item\":\"https:\\\/\\\/www.visit-montenegro.com\\\/me\\\/destinacije\\\/\"},{\"@type\":\"ListItem\",\"position\":3,\"name\":\"Kotor\",\"item\":\"https:\\\/\\\/www.visit-montenegro.com\\\/me\\\/destinacije\\\/kotor\\\/\"},{\"@type\":\"ListItem\",\"position\":4,\"name\":\"Vi\u0161e o Kotoru\",\"item\":\"https:\\\/\\\/www.visit-montenegro.com\\\/me\\\/destinacije\\\/kotor\\\/info\\\/\"},{\"@type\":\"ListItem\",\"position\":5,\"name\":\"Od Dubrovnika do Kotora\"}]},{\"@type\":\"WebSite\",\"@id\":\"https:\\\/\\\/www.visit-montenegro.com\\\/me\\\/#website\",\"url\":\"https:\\\/\\\/www.visit-montenegro.com\\\/me\\\/\",\"name\":\"Visit Montenegro\",\"description\":\"Breathtaking beauty\",\"publisher\":{\"@id\":\"https:\\\/\\\/www.visit-montenegro.com\\\/me\\\/#organization\"},\"potentialAction\":[{\"@type\":\"SearchAction\",\"target\":{\"@type\":\"EntryPoint\",\"urlTemplate\":\"https:\\\/\\\/www.visit-montenegro.com\\\/me\\\/?s={search_term_string}\"},\"query-input\":{\"@type\":\"PropertyValueSpecification\",\"valueRequired\":true,\"valueName\":\"search_term_string\"}}],\"inLanguage\":\"sr-Latn-ME\"},{\"@type\":\"Organization\",\"@id\":\"https:\\\/\\\/www.visit-montenegro.com\\\/me\\\/#organization\",\"name\":\"Visit Montenegro\",\"url\":\"https:\\\/\\\/www.visit-montenegro.com\\\/me\\\/\",\"logo\":{\"@type\":\"ImageObject\",\"inLanguage\":\"sr-Latn-ME\",\"@id\":\"https:\\\/\\\/www.visit-montenegro.com\\\/me\\\/#\\\/schema\\\/logo\\\/image\\\/\",\"url\":\"https:\\\/\\\/www.visit-montenegro.com\\\/wp-content\\\/uploads\\\/2017\\\/10\\\/logo-amp.png\",\"contentUrl\":\"https:\\\/\\\/www.visit-montenegro.com\\\/wp-content\\\/uploads\\\/2017\\\/10\\\/logo-amp.png\",\"width\":190,\"height\":36,\"caption\":\"Visit Montenegro\"},\"image\":{\"@id\":\"https:\\\/\\\/www.visit-montenegro.com\\\/me\\\/#\\\/schema\\\/logo\\\/image\\\/\"},\"sameAs\":[\"https:\\\/\\\/www.facebook.com\\\/visitmontenegro\",\"https:\\\/\\\/x.com\\\/visitmontenegro\",\"https:\\\/\\\/www.instagram.com\\\/visit_montenegro\\\/\",\"https:\\\/\\\/www.youtube.com\\\/user\\\/VisitMontenegro\"]}]}<\/script>\n<!-- \/ Yoast SEO plugin. -->","yoast_head_json":{"title":"Od Dubrovnika do Kotora - Visit Montenegro","description":"Planirajte svoj put od Dubrovnika do Kotora sa savjetima o transportu, slikovitim rutama i skrivenim draguljima. Do\u017eivite istoriju, kulturu i zadivljuju\u0107e poglede na ovoj jadranskoj avanturi.","robots":{"index":"index","follow":"follow","max-snippet":"max-snippet:-1","max-image-preview":"max-image-preview:large","max-video-preview":"max-video-preview:-1"},"canonical":"https:\/\/www.visit-montenegro.com\/me\/destinacije\/kotor\/info\/od-dubrovnika\/","og_locale":"en_US","og_type":"article","og_title":"Od Dubrovnika do Kotora - Visit Montenegro","og_description":"Planirajte svoj put od Dubrovnika do Kotora sa savjetima o transportu, slikovitim rutama i skrivenim draguljima. Do\u017eivite istoriju, kulturu i zadivljuju\u0107e poglede na ovoj jadranskoj avanturi.","og_url":"https:\/\/www.visit-montenegro.com\/me\/destinacije\/kotor\/info\/od-dubrovnika\/","og_site_name":"Visit Montenegro","article_publisher":"https:\/\/www.facebook.com\/visitmontenegro","article_modified_time":"2026-02-22T16:17:56+00:00","og_image":[{"width":1600,"height":575,"url":"https:\/\/www.visit-montenegro.com\/wp-content\/uploads\/2026\/01\/kotor-bay-panorama-large-scaled.jpg","type":"image\/jpeg"}],"twitter_card":"summary_large_image","twitter_site":"@visitmontenegro","twitter_misc":{"Est. reading time":"2 minutes"},"schema":{"@context":"https:\/\/schema.org","@graph":[{"@type":"WebPage","@id":"https:\/\/www.visit-montenegro.com\/me\/destinacije\/kotor\/info\/od-dubrovnika\/","url":"https:\/\/www.visit-montenegro.com\/me\/destinacije\/kotor\/info\/od-dubrovnika\/","name":"Od Dubrovnika do Kotora - Visit Montenegro","isPartOf":{"@id":"https:\/\/www.visit-montenegro.com\/me\/#website"},"primaryImageOfPage":{"@id":"https:\/\/www.visit-montenegro.com\/me\/destinacije\/kotor\/info\/od-dubrovnika\/#primaryimage"},"image":{"@id":"https:\/\/www.visit-montenegro.com\/me\/destinacije\/kotor\/info\/od-dubrovnika\/#primaryimage"},"thumbnailUrl":"https:\/\/www.visit-montenegro.com\/wp-content\/uploads\/2026\/01\/kotor-bay-panorama-large-scaled.jpg","datePublished":"2026-01-27T20:44:31+00:00","dateModified":"2026-02-22T16:17:56+00:00","description":"Planirajte svoj put od Dubrovnika do Kotora sa savjetima o transportu, slikovitim rutama i skrivenim draguljima. Do\u017eivite istoriju, kulturu i zadivljuju\u0107e poglede na ovoj jadranskoj avanturi.","breadcrumb":{"@id":"https:\/\/www.visit-montenegro.com\/me\/destinacije\/kotor\/info\/od-dubrovnika\/#breadcrumb"},"inLanguage":"sr-Latn-ME","potentialAction":[{"@type":"ReadAction","target":["https:\/\/www.visit-montenegro.com\/me\/destinacije\/kotor\/info\/od-dubrovnika\/"]}]},{"@type":"ImageObject","inLanguage":"sr-Latn-ME","@id":"https:\/\/www.visit-montenegro.com\/me\/destinacije\/kotor\/info\/od-dubrovnika\/#primaryimage","url":"https:\/\/www.visit-montenegro.com\/wp-content\/uploads\/2026\/01\/kotor-bay-panorama-large-scaled.jpg","contentUrl":"https:\/\/www.visit-montenegro.com\/wp-content\/uploads\/2026\/01\/kotor-bay-panorama-large-scaled.jpg","width":1600,"height":575,"caption":"Panorama Kotorskog zaliva koja se prote\u017ee od starog Kotora do Herceg-Novog, Crna Gora."},{"@type":"BreadcrumbList","@id":"https:\/\/www.visit-montenegro.com\/me\/destinacije\/kotor\/info\/od-dubrovnika\/#breadcrumb","itemListElement":[{"@type":"ListItem","position":1,"name":"Home","item":"https:\/\/www.visit-montenegro.com\/me\/pocetna\/"},{"@type":"ListItem","position":2,"name":"Turisti\u010dke destinacije u Crnoj Gori","item":"https:\/\/www.visit-montenegro.com\/me\/destinacije\/"},{"@type":"ListItem","position":3,"name":"Kotor","item":"https:\/\/www.visit-montenegro.com\/me\/destinacije\/kotor\/"},{"@type":"ListItem","position":4,"name":"Vi\u0161e o Kotoru","item":"https:\/\/www.visit-montenegro.com\/me\/destinacije\/kotor\/info\/"},{"@type":"ListItem","position":5,"name":"Od Dubrovnika do Kotora"}]},{"@type":"WebSite","@id":"https:\/\/www.visit-montenegro.com\/me\/#website","url":"https:\/\/www.visit-montenegro.com\/me\/","name":"Visit Montenegro","description":"Breathtaking beauty","publisher":{"@id":"https:\/\/www.visit-montenegro.com\/me\/#organization"},"potentialAction":[{"@type":"SearchAction","target":{"@type":"EntryPoint","urlTemplate":"https:\/\/www.visit-montenegro.com\/me\/?s={search_term_string}"},"query-input":{"@type":"PropertyValueSpecification","valueRequired":true,"valueName":"search_term_string"}}],"inLanguage":"sr-Latn-ME"},{"@type":"Organization","@id":"https:\/\/www.visit-montenegro.com\/me\/#organization","name":"Visit Montenegro","url":"https:\/\/www.visit-montenegro.com\/me\/","logo":{"@type":"ImageObject","inLanguage":"sr-Latn-ME","@id":"https:\/\/www.visit-montenegro.com\/me\/#\/schema\/logo\/image\/","url":"https:\/\/www.visit-montenegro.com\/wp-content\/uploads\/2017\/10\/logo-amp.png","contentUrl":"https:\/\/www.visit-montenegro.com\/wp-content\/uploads\/2017\/10\/logo-amp.png","width":190,"height":36,"caption":"Visit Montenegro"},"image":{"@id":"https:\/\/www.visit-montenegro.com\/me\/#\/schema\/logo\/image\/"},"sameAs":["https:\/\/www.facebook.com\/visitmontenegro","https:\/\/x.com\/visitmontenegro","https:\/\/www.instagram.com\/visit_montenegro\/","https:\/\/www.youtube.com\/user\/VisitMontenegro"]}]}},"translations":[],"_links":{"self":[{"href":"https:\/\/www.visit-montenegro.com\/me\/wp-json\/wp\/v2\/pages\/134142","targetHints":{"allow":["GET"]}}],"collection":[{"href":"https:\/\/www.visit-montenegro.com\/me\/wp-json\/wp\/v2\/pages"}],"about":[{"href":"https:\/\/www.visit-montenegro.com\/me\/wp-json\/wp\/v2\/types\/page"}],"author":[{"embeddable":true,"href":"https:\/\/www.visit-montenegro.com\/me\/wp-json\/wp\/v2\/users\/1"}],"replies":[{"embeddable":true,"href":"https:\/\/www.visit-montenegro.com\/me\/wp-json\/wp\/v2\/comments?post=134142"}],"version-history":[{"count":0,"href":"https:\/\/www.visit-montenegro.com\/me\/wp-json\/wp\/v2\/pages\/134142\/revisions"}],"up":[{"embeddable":true,"href":"https:\/\/www.visit-montenegro.com\/me\/wp-json\/wp\/v2\/pages\/134136"}],"wp:featuredmedia":[{"embeddable":true,"href":"https:\/\/www.visit-montenegro.com\/me\/wp-json\/wp\/v2\/media\/134143"}],"wp:attachment":[{"href":"https:\/\/www.visit-montenegro.com\/me\/wp-json\/wp\/v2\/media?parent=134142"}],"wp:term":[{"taxonomy":"post_tag","embeddable":true,"href":"https:\/\/www.visit-montenegro.com\/me\/wp-json\/wp\/v2\/tags?post=134142"}],"curies":[{"name":"wp","href":"https:\/\/api.w.org\/{rel}","templated":true}]}}