{"id":134160,"date":"2026-01-27T21:44:31","date_gmt":"2026-01-27T20:44:31","guid":{"rendered":"https:\/\/new.visit-montenegro.com\/destinacije\/kotor\/info\/kuhinja\/"},"modified":"2026-02-22T17:17:57","modified_gmt":"2026-02-22T16:17:57","slug":"kuhinja","status":"publish","type":"page","link":"https:\/\/www.visit-montenegro.com\/me\/destinacije\/kotor\/info\/kuhinja\/","title":{"rendered":"Kotorska kuhinja"},"content":{"rendered":"\n<p>Kotorska kuhinja Crne Gore spaja tradicionalna nacionalna jela sa modernim specijalitetima, nude\u0107i bogato kulinarsko iskustvo posjetiocima koji istra\u017euju ovaj istorijski primorski grad.<\/p>\n<hr \/>\n\n<h2 class=\"wp-block-heading\">Tradicionalna i moderna kotorska kuhinja<\/h2>\n\n<p>U Kotoru mo\u017eete probati tradicionalnu nacionalnu crnogorsku kuhinju, kao i mnoge druge moderne specijalitete. Gotovo da nema restorana, manje otvorene terase, hotelske terase ili kotorske fe\u0161te, na kojima se ne poslu\u017euju specijaliteti <strong>kotorske kuhinje<\/strong>. Predla\u017eemo da prilikom posjete Kotoru probate <strong>doma\u0107u riblju \u010dorbu<\/strong> (obi\u010dno se priprema od kuvane ribe pastrmke). To je zapravo jedna vrsta riblje \u010dorbe, sa ve\u0107im komadima ribe, pirin\u010dem i raznim dodacima koji daju jelu tamnocrvenu boju i o\u0161tar miris koji vas jako mami da probate to jelo, \u010dak i ako niste veliki ljubitelj ribe.<\/p>\n\n<figure class=\"wp-block-image size-large\"><img loading=\"lazy\" decoding=\"async\" width=\"1024\" height=\"683\" src=\"https:\/\/www.visit-montenegro.com\/wp-content\/uploads\/2026\/02\/gnocchi-1024x683.jpg\" alt=\"\" class=\"wp-image-133399\" srcset=\"https:\/\/www.visit-montenegro.com\/wp-content\/uploads\/2026\/02\/gnocchi-1024x683.jpg 1024w, https:\/\/www.visit-montenegro.com\/wp-content\/uploads\/2026\/02\/gnocchi-300x200.jpg 300w, https:\/\/www.visit-montenegro.com\/wp-content\/uploads\/2026\/02\/gnocchi-768x512.jpg 768w, https:\/\/www.visit-montenegro.com\/wp-content\/uploads\/2026\/02\/gnocchi-1536x1024.jpg 1536w, https:\/\/www.visit-montenegro.com\/wp-content\/uploads\/2026\/02\/gnocchi-2048x1365.jpg 2048w, https:\/\/www.visit-montenegro.com\/wp-content\/uploads\/2026\/02\/gnocchi-scaled.jpg 1600w\" sizes=\"auto, (max-width: 1024px) 100vw, 1024px\" \/><figcaption class=\"wp-element-caption\">Gnocchi di patata, italijanski krompir testenina sa sosom od paradajza i bosiljkom<\/figcaption><\/figure>\n\n<p>Od slatkih poslastica, ljudi iz Kotora \u0107e vam ponuditi \u201c<strong>frustulu<\/strong>\u201d (hrskavi, suvi, slatki kola\u010di\u0107 romboidnog oblika), ali najpoznatije jelo su kotorski \u201c<strong>njoki<\/strong>\u201d (specijalitet od testenine), koji se uglavnom poslu\u017euju tokom velikih i poznatih kotorskih karnevala.<\/p>\n\n<p>Osim tradicionalne crnogorske kuhinje koja se sastoji od: pr\u0161uta, sira, maslina i poznatih crvenih i bijelih vina, u Kotoru mo\u017eete probati i sve druge vrste specijaliteta. U gotovo svakom hotelu, restoranu ili kafi\u0107u mo\u017eete naru\u010diti sve vrste italijanskih pizza, a tako\u0111e nude i druge italijanske specijalitete.<\/p>\n\n<figure class=\"wp-block-image size-large\"><img loading=\"lazy\" decoding=\"async\" width=\"1024\" height=\"681\" src=\"https:\/\/www.visit-montenegro.com\/wp-content\/uploads\/2026\/02\/montenegrian-organic-food-1024x681.jpg\" alt=\"\" class=\"wp-image-133400\" srcset=\"https:\/\/www.visit-montenegro.com\/wp-content\/uploads\/2026\/02\/montenegrian-organic-food-1024x681.jpg 1024w, https:\/\/www.visit-montenegro.com\/wp-content\/uploads\/2026\/02\/montenegrian-organic-food-300x200.jpg 300w, https:\/\/www.visit-montenegro.com\/wp-content\/uploads\/2026\/02\/montenegrian-organic-food-768x511.jpg 768w, https:\/\/www.visit-montenegro.com\/wp-content\/uploads\/2026\/02\/montenegrian-organic-food-1536x1022.jpg 1536w, https:\/\/www.visit-montenegro.com\/wp-content\/uploads\/2026\/02\/montenegrian-organic-food-2048x1363.jpg 2048w, https:\/\/www.visit-montenegro.com\/wp-content\/uploads\/2026\/02\/montenegrian-organic-food-scaled.jpg 1600w\" sizes=\"auto, (max-width: 1024px) 100vw, 1024px\" \/><figcaption class=\"wp-element-caption\">Tradicionalni crnogorski predjelo<\/figcaption><\/figure>\n\n<h3 class=\"wp-block-heading\">Morski plodovi i mediteranski ukusi<\/h3>\n\n<p>U menijima svih kotorskih hotela i restorana mo\u017eete na\u0107i gotovo sve riblje specijalitete i jela koja se prave od <strong>morskih plodova<\/strong>: salata od hobotnice, pirina\u010d sa morskim plodovima, riblje \u010dorbe, jastoga, ro\u0161tiljane lignje, razne vrste morske ribe i \u0161koljki itd\u2026<\/p>\n\n<figure class=\"wp-block-image size-large\"><img loading=\"lazy\" decoding=\"async\" width=\"1024\" height=\"692\" src=\"https:\/\/www.visit-montenegro.com\/wp-content\/uploads\/2026\/02\/Depositphotos_530967596_L-1024x692.jpg\" alt=\"\" class=\"wp-image-133401\" srcset=\"https:\/\/www.visit-montenegro.com\/wp-content\/uploads\/2026\/02\/Depositphotos_530967596_L-1024x692.jpg 1024w, https:\/\/www.visit-montenegro.com\/wp-content\/uploads\/2026\/02\/Depositphotos_530967596_L-300x203.jpg 300w, https:\/\/www.visit-montenegro.com\/wp-content\/uploads\/2026\/02\/Depositphotos_530967596_L-768x519.jpg 768w, https:\/\/www.visit-montenegro.com\/wp-content\/uploads\/2026\/02\/Depositphotos_530967596_L-1536x1038.jpg 1536w, https:\/\/www.visit-montenegro.com\/wp-content\/uploads\/2026\/02\/Depositphotos_530967596_L-scaled.jpg 1600w\" sizes=\"auto, (max-width: 1024px) 100vw, 1024px\" \/><\/figure>\n\n<p>Po\u0161to je <strong>kotorska kuhinja<\/strong> uglavnom mediteranska, sa gotovo svim ribljim specijalitetima, kuvari koriste dodatke koji miris i ukus <strong>mediteranske kuhinje<\/strong> \u010dine jo\u0161 posebnijim. To su: limun, per\u0161un, bosiljak, ruzmarin, beli luk, kao i drugi dodaci koji jelo \u010dine zdravim i ukusnim za probanje.<\/p>\n\n<p><\/p>\n","protected":false},"excerpt":{"rendered":"<p>Otkrijte ukuse kotorske kuhinje, koja spaja tradicionalna crnogorska jela poput riblje \u010dorbe i njoka sa modernim mediteranskim specijalitetima od morskih plodova. Zapo\u010dnite kulinarsko putovanje savr\u0161eno za ljubitelje hrane koji planiraju posjetu Crnoj Gori.<\/p>\n","protected":false},"author":1,"featured_media":134161,"parent":134136,"menu_order":0,"comment_status":"closed","ping_status":"closed","template":"","meta":{"_yoast_wpseo_focuskw":"Kotorska kuhinja","_yoast_wpseo_metadesc":"Istra\u017eite kotorsku kuhinju: tradicionalna crnogorska jela, specijaliteti od morskih plodova i mediteranski ukusi. Savr\u0161eno za ljubitelje hrane koji planiraju putovanje u istorijski primorski grad Crne Gore.","_kad_post_transparent":"","_kad_post_title":"","_kad_post_layout":"","_kad_post_sidebar_id":"","_kad_post_content_style":"","_kad_post_vertical_padding":"","_kad_post_feature":"","_kad_post_feature_position":"","_kad_post_header":false,"_kad_post_footer":false,"_kad_post_classname":"","iawp_total_views":8,"footnotes":""},"tags":[140,52,139,62,141,76],"class_list":["post-134160","page","type-page","status-publish","has-post-thumbnail","hentry","tag-crna-gora","tag-montenegro","tag-news","tag-tourism","tag-travel","tag-visit"],"yoast_head":"<!-- This site is optimized with the Yoast SEO plugin v27.3 - https:\/\/yoast.com\/product\/yoast-seo-wordpress\/ -->\n<title>Kotorska kuhinja - Visit Montenegro<\/title>\n<meta name=\"description\" content=\"Istra\u017eite kotorsku kuhinju: tradicionalna crnogorska jela, specijaliteti od morskih plodova i mediteranski ukusi. Savr\u0161eno za ljubitelje hrane koji planiraju putovanje u istorijski primorski grad Crne Gore.\" \/>\n<meta name=\"robots\" content=\"index, follow, max-snippet:-1, max-image-preview:large, max-video-preview:-1\" \/>\n<link rel=\"canonical\" href=\"https:\/\/www.visit-montenegro.com\/me\/destinacije\/kotor\/info\/kuhinja\/\" \/>\n<meta property=\"og:locale\" content=\"en_US\" \/>\n<meta property=\"og:type\" content=\"article\" \/>\n<meta property=\"og:title\" content=\"Kotorska kuhinja - Visit Montenegro\" \/>\n<meta property=\"og:description\" content=\"Istra\u017eite kotorsku kuhinju: tradicionalna crnogorska jela, specijaliteti od morskih plodova i mediteranski ukusi. Savr\u0161eno za ljubitelje hrane koji planiraju putovanje u istorijski primorski grad Crne Gore.\" \/>\n<meta property=\"og:url\" content=\"https:\/\/www.visit-montenegro.com\/me\/destinacije\/kotor\/info\/kuhinja\/\" \/>\n<meta property=\"og:site_name\" content=\"Visit Montenegro\" \/>\n<meta property=\"article:publisher\" content=\"https:\/\/www.facebook.com\/visitmontenegro\" \/>\n<meta property=\"article:modified_time\" content=\"2026-02-22T16:17:57+00:00\" \/>\n<meta property=\"og:image\" content=\"https:\/\/www.visit-montenegro.com\/wp-content\/uploads\/2026\/01\/wine-on-balcony-scaled.jpg\" \/>\n\t<meta property=\"og:image:width\" content=\"1600\" \/>\n\t<meta property=\"og:image:height\" content=\"900\" \/>\n\t<meta property=\"og:image:type\" content=\"image\/jpeg\" \/>\n<meta name=\"twitter:card\" content=\"summary_large_image\" \/>\n<meta name=\"twitter:site\" content=\"@visitmontenegro\" \/>\n<meta name=\"twitter:label1\" content=\"Est. reading time\" \/>\n\t<meta name=\"twitter:data1\" content=\"2 minutes\" \/>\n<script type=\"application\/ld+json\" class=\"yoast-schema-graph\">{\"@context\":\"https:\\\/\\\/schema.org\",\"@graph\":[{\"@type\":\"WebPage\",\"@id\":\"https:\\\/\\\/www.visit-montenegro.com\\\/me\\\/destinacije\\\/kotor\\\/info\\\/kuhinja\\\/\",\"url\":\"https:\\\/\\\/www.visit-montenegro.com\\\/me\\\/destinacije\\\/kotor\\\/info\\\/kuhinja\\\/\",\"name\":\"Kotorska kuhinja - Visit Montenegro\",\"isPartOf\":{\"@id\":\"https:\\\/\\\/www.visit-montenegro.com\\\/me\\\/#website\"},\"primaryImageOfPage\":{\"@id\":\"https:\\\/\\\/www.visit-montenegro.com\\\/me\\\/destinacije\\\/kotor\\\/info\\\/kuhinja\\\/#primaryimage\"},\"image\":{\"@id\":\"https:\\\/\\\/www.visit-montenegro.com\\\/me\\\/destinacije\\\/kotor\\\/info\\\/kuhinja\\\/#primaryimage\"},\"thumbnailUrl\":\"https:\\\/\\\/www.visit-montenegro.com\\\/wp-content\\\/uploads\\\/2026\\\/01\\\/wine-on-balcony-scaled.jpg\",\"datePublished\":\"2026-01-27T20:44:31+00:00\",\"dateModified\":\"2026-02-22T16:17:57+00:00\",\"description\":\"Istra\u017eite kotorsku kuhinju: tradicionalna crnogorska jela, specijaliteti od morskih plodova i mediteranski ukusi. Savr\u0161eno za ljubitelje hrane koji planiraju putovanje u istorijski primorski grad Crne Gore.\",\"breadcrumb\":{\"@id\":\"https:\\\/\\\/www.visit-montenegro.com\\\/me\\\/destinacije\\\/kotor\\\/info\\\/kuhinja\\\/#breadcrumb\"},\"inLanguage\":\"sr-Latn-ME\",\"potentialAction\":[{\"@type\":\"ReadAction\",\"target\":[\"https:\\\/\\\/www.visit-montenegro.com\\\/me\\\/destinacije\\\/kotor\\\/info\\\/kuhinja\\\/\"]}]},{\"@type\":\"ImageObject\",\"inLanguage\":\"sr-Latn-ME\",\"@id\":\"https:\\\/\\\/www.visit-montenegro.com\\\/me\\\/destinacije\\\/kotor\\\/info\\\/kuhinja\\\/#primaryimage\",\"url\":\"https:\\\/\\\/www.visit-montenegro.com\\\/wp-content\\\/uploads\\\/2026\\\/01\\\/wine-on-balcony-scaled.jpg\",\"contentUrl\":\"https:\\\/\\\/www.visit-montenegro.com\\\/wp-content\\\/uploads\\\/2026\\\/01\\\/wine-on-balcony-scaled.jpg\",\"width\":1600,\"height\":900,\"caption\":\"Sto sa lokalnom hranom i vinom na ku\u0107nom balkonu. Fokus na hrani. Prekrasan pogled sa balkona na mirno more i planine. Kamenice sa limunom, salata, meso, grickalice i boca pjenu\u0161avog vina\"},{\"@type\":\"BreadcrumbList\",\"@id\":\"https:\\\/\\\/www.visit-montenegro.com\\\/me\\\/destinacije\\\/kotor\\\/info\\\/kuhinja\\\/#breadcrumb\",\"itemListElement\":[{\"@type\":\"ListItem\",\"position\":1,\"name\":\"Home\",\"item\":\"https:\\\/\\\/www.visit-montenegro.com\\\/me\\\/pocetna\\\/\"},{\"@type\":\"ListItem\",\"position\":2,\"name\":\"Turisti\u010dke destinacije u Crnoj Gori\",\"item\":\"https:\\\/\\\/www.visit-montenegro.com\\\/me\\\/destinacije\\\/\"},{\"@type\":\"ListItem\",\"position\":3,\"name\":\"Kotor\",\"item\":\"https:\\\/\\\/www.visit-montenegro.com\\\/me\\\/destinacije\\\/kotor\\\/\"},{\"@type\":\"ListItem\",\"position\":4,\"name\":\"Vi\u0161e o Kotoru\",\"item\":\"https:\\\/\\\/www.visit-montenegro.com\\\/me\\\/destinacije\\\/kotor\\\/info\\\/\"},{\"@type\":\"ListItem\",\"position\":5,\"name\":\"Kotorska kuhinja\"}]},{\"@type\":\"WebSite\",\"@id\":\"https:\\\/\\\/www.visit-montenegro.com\\\/me\\\/#website\",\"url\":\"https:\\\/\\\/www.visit-montenegro.com\\\/me\\\/\",\"name\":\"Visit Montenegro\",\"description\":\"Breathtaking beauty\",\"publisher\":{\"@id\":\"https:\\\/\\\/www.visit-montenegro.com\\\/me\\\/#organization\"},\"potentialAction\":[{\"@type\":\"SearchAction\",\"target\":{\"@type\":\"EntryPoint\",\"urlTemplate\":\"https:\\\/\\\/www.visit-montenegro.com\\\/me\\\/?s={search_term_string}\"},\"query-input\":{\"@type\":\"PropertyValueSpecification\",\"valueRequired\":true,\"valueName\":\"search_term_string\"}}],\"inLanguage\":\"sr-Latn-ME\"},{\"@type\":\"Organization\",\"@id\":\"https:\\\/\\\/www.visit-montenegro.com\\\/me\\\/#organization\",\"name\":\"Visit Montenegro\",\"url\":\"https:\\\/\\\/www.visit-montenegro.com\\\/me\\\/\",\"logo\":{\"@type\":\"ImageObject\",\"inLanguage\":\"sr-Latn-ME\",\"@id\":\"https:\\\/\\\/www.visit-montenegro.com\\\/me\\\/#\\\/schema\\\/logo\\\/image\\\/\",\"url\":\"https:\\\/\\\/www.visit-montenegro.com\\\/wp-content\\\/uploads\\\/2017\\\/10\\\/logo-amp.png\",\"contentUrl\":\"https:\\\/\\\/www.visit-montenegro.com\\\/wp-content\\\/uploads\\\/2017\\\/10\\\/logo-amp.png\",\"width\":190,\"height\":36,\"caption\":\"Visit Montenegro\"},\"image\":{\"@id\":\"https:\\\/\\\/www.visit-montenegro.com\\\/me\\\/#\\\/schema\\\/logo\\\/image\\\/\"},\"sameAs\":[\"https:\\\/\\\/www.facebook.com\\\/visitmontenegro\",\"https:\\\/\\\/x.com\\\/visitmontenegro\",\"https:\\\/\\\/www.instagram.com\\\/visit_montenegro\\\/\",\"https:\\\/\\\/www.youtube.com\\\/user\\\/VisitMontenegro\"]}]}<\/script>\n<!-- \/ Yoast SEO plugin. -->","yoast_head_json":{"title":"Kotorska kuhinja - Visit Montenegro","description":"Istra\u017eite kotorsku kuhinju: tradicionalna crnogorska jela, specijaliteti od morskih plodova i mediteranski ukusi. Savr\u0161eno za ljubitelje hrane koji planiraju putovanje u istorijski primorski grad Crne Gore.","robots":{"index":"index","follow":"follow","max-snippet":"max-snippet:-1","max-image-preview":"max-image-preview:large","max-video-preview":"max-video-preview:-1"},"canonical":"https:\/\/www.visit-montenegro.com\/me\/destinacije\/kotor\/info\/kuhinja\/","og_locale":"en_US","og_type":"article","og_title":"Kotorska kuhinja - Visit Montenegro","og_description":"Istra\u017eite kotorsku kuhinju: tradicionalna crnogorska jela, specijaliteti od morskih plodova i mediteranski ukusi. Savr\u0161eno za ljubitelje hrane koji planiraju putovanje u istorijski primorski grad Crne Gore.","og_url":"https:\/\/www.visit-montenegro.com\/me\/destinacije\/kotor\/info\/kuhinja\/","og_site_name":"Visit Montenegro","article_publisher":"https:\/\/www.facebook.com\/visitmontenegro","article_modified_time":"2026-02-22T16:17:57+00:00","og_image":[{"width":1600,"height":900,"url":"https:\/\/www.visit-montenegro.com\/wp-content\/uploads\/2026\/01\/wine-on-balcony-scaled.jpg","type":"image\/jpeg"}],"twitter_card":"summary_large_image","twitter_site":"@visitmontenegro","twitter_misc":{"Est. reading time":"2 minutes"},"schema":{"@context":"https:\/\/schema.org","@graph":[{"@type":"WebPage","@id":"https:\/\/www.visit-montenegro.com\/me\/destinacije\/kotor\/info\/kuhinja\/","url":"https:\/\/www.visit-montenegro.com\/me\/destinacije\/kotor\/info\/kuhinja\/","name":"Kotorska kuhinja - Visit Montenegro","isPartOf":{"@id":"https:\/\/www.visit-montenegro.com\/me\/#website"},"primaryImageOfPage":{"@id":"https:\/\/www.visit-montenegro.com\/me\/destinacije\/kotor\/info\/kuhinja\/#primaryimage"},"image":{"@id":"https:\/\/www.visit-montenegro.com\/me\/destinacije\/kotor\/info\/kuhinja\/#primaryimage"},"thumbnailUrl":"https:\/\/www.visit-montenegro.com\/wp-content\/uploads\/2026\/01\/wine-on-balcony-scaled.jpg","datePublished":"2026-01-27T20:44:31+00:00","dateModified":"2026-02-22T16:17:57+00:00","description":"Istra\u017eite kotorsku kuhinju: tradicionalna crnogorska jela, specijaliteti od morskih plodova i mediteranski ukusi. Savr\u0161eno za ljubitelje hrane koji planiraju putovanje u istorijski primorski grad Crne Gore.","breadcrumb":{"@id":"https:\/\/www.visit-montenegro.com\/me\/destinacije\/kotor\/info\/kuhinja\/#breadcrumb"},"inLanguage":"sr-Latn-ME","potentialAction":[{"@type":"ReadAction","target":["https:\/\/www.visit-montenegro.com\/me\/destinacije\/kotor\/info\/kuhinja\/"]}]},{"@type":"ImageObject","inLanguage":"sr-Latn-ME","@id":"https:\/\/www.visit-montenegro.com\/me\/destinacije\/kotor\/info\/kuhinja\/#primaryimage","url":"https:\/\/www.visit-montenegro.com\/wp-content\/uploads\/2026\/01\/wine-on-balcony-scaled.jpg","contentUrl":"https:\/\/www.visit-montenegro.com\/wp-content\/uploads\/2026\/01\/wine-on-balcony-scaled.jpg","width":1600,"height":900,"caption":"Sto sa lokalnom hranom i vinom na ku\u0107nom balkonu. Fokus na hrani. Prekrasan pogled sa balkona na mirno more i planine. Kamenice sa limunom, salata, meso, grickalice i boca pjenu\u0161avog vina"},{"@type":"BreadcrumbList","@id":"https:\/\/www.visit-montenegro.com\/me\/destinacije\/kotor\/info\/kuhinja\/#breadcrumb","itemListElement":[{"@type":"ListItem","position":1,"name":"Home","item":"https:\/\/www.visit-montenegro.com\/me\/pocetna\/"},{"@type":"ListItem","position":2,"name":"Turisti\u010dke destinacije u Crnoj Gori","item":"https:\/\/www.visit-montenegro.com\/me\/destinacije\/"},{"@type":"ListItem","position":3,"name":"Kotor","item":"https:\/\/www.visit-montenegro.com\/me\/destinacije\/kotor\/"},{"@type":"ListItem","position":4,"name":"Vi\u0161e o Kotoru","item":"https:\/\/www.visit-montenegro.com\/me\/destinacije\/kotor\/info\/"},{"@type":"ListItem","position":5,"name":"Kotorska kuhinja"}]},{"@type":"WebSite","@id":"https:\/\/www.visit-montenegro.com\/me\/#website","url":"https:\/\/www.visit-montenegro.com\/me\/","name":"Visit Montenegro","description":"Breathtaking beauty","publisher":{"@id":"https:\/\/www.visit-montenegro.com\/me\/#organization"},"potentialAction":[{"@type":"SearchAction","target":{"@type":"EntryPoint","urlTemplate":"https:\/\/www.visit-montenegro.com\/me\/?s={search_term_string}"},"query-input":{"@type":"PropertyValueSpecification","valueRequired":true,"valueName":"search_term_string"}}],"inLanguage":"sr-Latn-ME"},{"@type":"Organization","@id":"https:\/\/www.visit-montenegro.com\/me\/#organization","name":"Visit Montenegro","url":"https:\/\/www.visit-montenegro.com\/me\/","logo":{"@type":"ImageObject","inLanguage":"sr-Latn-ME","@id":"https:\/\/www.visit-montenegro.com\/me\/#\/schema\/logo\/image\/","url":"https:\/\/www.visit-montenegro.com\/wp-content\/uploads\/2017\/10\/logo-amp.png","contentUrl":"https:\/\/www.visit-montenegro.com\/wp-content\/uploads\/2017\/10\/logo-amp.png","width":190,"height":36,"caption":"Visit Montenegro"},"image":{"@id":"https:\/\/www.visit-montenegro.com\/me\/#\/schema\/logo\/image\/"},"sameAs":["https:\/\/www.facebook.com\/visitmontenegro","https:\/\/x.com\/visitmontenegro","https:\/\/www.instagram.com\/visit_montenegro\/","https:\/\/www.youtube.com\/user\/VisitMontenegro"]}]}},"translations":[],"_links":{"self":[{"href":"https:\/\/www.visit-montenegro.com\/me\/wp-json\/wp\/v2\/pages\/134160","targetHints":{"allow":["GET"]}}],"collection":[{"href":"https:\/\/www.visit-montenegro.com\/me\/wp-json\/wp\/v2\/pages"}],"about":[{"href":"https:\/\/www.visit-montenegro.com\/me\/wp-json\/wp\/v2\/types\/page"}],"author":[{"embeddable":true,"href":"https:\/\/www.visit-montenegro.com\/me\/wp-json\/wp\/v2\/users\/1"}],"replies":[{"embeddable":true,"href":"https:\/\/www.visit-montenegro.com\/me\/wp-json\/wp\/v2\/comments?post=134160"}],"version-history":[{"count":0,"href":"https:\/\/www.visit-montenegro.com\/me\/wp-json\/wp\/v2\/pages\/134160\/revisions"}],"up":[{"embeddable":true,"href":"https:\/\/www.visit-montenegro.com\/me\/wp-json\/wp\/v2\/pages\/134136"}],"wp:featuredmedia":[{"embeddable":true,"href":"https:\/\/www.visit-montenegro.com\/me\/wp-json\/wp\/v2\/media\/134161"}],"wp:attachment":[{"href":"https:\/\/www.visit-montenegro.com\/me\/wp-json\/wp\/v2\/media?parent=134160"}],"wp:term":[{"taxonomy":"post_tag","embeddable":true,"href":"https:\/\/www.visit-montenegro.com\/me\/wp-json\/wp\/v2\/tags?post=134160"}],"curies":[{"name":"wp","href":"https:\/\/api.w.org\/{rel}","templated":true}]}}