{"id":134166,"date":"2026-01-27T21:44:31","date_gmt":"2026-01-27T20:44:31","guid":{"rendered":"https:\/\/new.visit-montenegro.com\/destinacije\/kotor\/info\/crkve\/"},"modified":"2026-02-22T17:17:57","modified_gmt":"2026-02-22T16:17:57","slug":"crkve","status":"publish","type":"page","link":"https:\/\/www.visit-montenegro.com\/me\/destinacije\/kotor\/info\/crkve\/","title":{"rendered":"Crkve u Kotoru"},"content":{"rendered":"\n<p>Crkve u Kotoru poznate su po svom istorijskom i arhitektonskom zna\u010daju, s Katedralom Svetog Tripuna kao najpoznatijom znamenito\u0161\u0107u. Ovi vjerski objekti prikazuju spoj romani\u010dkog, vizantijskog, baroknog i goti\u010dkog stila, odra\u017eavaju\u0107i vjekove kulturnih i seizmi\u010dkih promjena. Posjetioci mogu istra\u017eiti brojne crkve, svaku s jedinstvenim pri\u010dama i blagom, smje\u0161tene u slikovitom Starom gradu.<\/p>\n<hr>\n\n<h2 class=\"wp-block-heading\">Katedrala Svetog Tripuna: Ikoni\u010dna znamenitost<\/h2>\n\n<p>Ono po \u010demu je <a href=\"https:\/\/www.visit-montenegro.com\/me\/destinacije\/kotor\/\">Kotor<\/a> najpoznatiji je stari grad <strong>Katedrala Svetog Tripuna<\/strong>, ili samo <strong>Kotorska katedrala<\/strong>. Taj hram se prvi put spominje u IX vijeku, kada su u njega donesene relikvije Svetog Tripuna, koji je umro mu\u010deni\u010dkom smr\u0107u u doba rimskog cara Decija, u III vijeku. Hroni\u010dari svjedo\u010de da je taj hram najvjerovatnije nestao u po\u017earu, u X vijeku, a obnovljen je u XII vijeku. Katedrala Svetog Tripuna izgra\u0111ena je u romani\u010dkom stilu, s elementima vizantijske arhitekture. Pre\u017eivjela je nekoliko zemljotresa, pa se i njen izgled mijenjao. Posebno su vidljivi na katedrali elementi renesanse i baroka. Evropska unija i organizacija Europa Nostra, dale su 2002. godine katedrali diplomu za veliku rekonstrukciju i velike seizmi\u010dke sigurnosne mjere najstarije romani\u010dke katedrale na jadranskoj obali. Kao najva\u017eniji spomenik i simbol Starog grada, katedrala Svetog Tripuna ima bogatu riznicu dragocjenih predmeta me\u0111u kojima su: pozla\u0107eni oltar, barokne freske i veliki broj ukrasa od velike vrijednosti.<\/p>\n\n<figure class=\"wp-block-image size-large\"><img loading=\"lazy\" decoding=\"async\" width=\"1024\" height=\"866\" src=\"https:\/\/www.visit-montenegro.com\/wp-content\/uploads\/2026\/02\/Depositphotos_401567634_L-1024x866.jpg\" alt=\"\" class=\"wp-image-133413\" srcset=\"https:\/\/www.visit-montenegro.com\/wp-content\/uploads\/2026\/02\/Depositphotos_401567634_L-1024x866.jpg 1024w, https:\/\/www.visit-montenegro.com\/wp-content\/uploads\/2026\/02\/Depositphotos_401567634_L-300x254.jpg 300w, https:\/\/www.visit-montenegro.com\/wp-content\/uploads\/2026\/02\/Depositphotos_401567634_L-768x649.jpg 768w, https:\/\/www.visit-montenegro.com\/wp-content\/uploads\/2026\/02\/Depositphotos_401567634_L-1536x1299.jpg 1536w, https:\/\/www.visit-montenegro.com\/wp-content\/uploads\/2026\/02\/Depositphotos_401567634_L-scaled.jpg 1600w\" sizes=\"auto, (max-width: 1024px) 100vw, 1024px\" \/><figcaption class=\"wp-element-caption\">Katedrala Svetog Tripuna u Kotoru<\/figcaption><\/figure>\n\n<h2 class=\"wp-block-heading\">Ostale zna\u010dajne crkve u Kotoru<\/h2>\n\n<h3 class=\"wp-block-heading\">Crkva Svetog Nikole<\/h3>\n\n<p><strong>Crkva Svetog Nikole<\/strong> je najzna\u010dajnija pravoslavna crkva u Kotoru. Nalazi se u sjevernom dijelu grada; izgra\u0111ena je po\u010detkom XX vijeka, na temeljima stare gra\u0111evine koja je sru\u0161ena u po\u017earu u XIX vijeku. U blizini je crkvena riznica s bogatim fondom ikona, umjetni\u010dkih radova, dokumenata i crkvenih haljina. Crkva posjeduje i druge brojne vrijedne stvari koje su uglavnom darovale bogate kotorske porodice.<\/p>\n\n<figure class=\"wp-block-image size-large\"><img loading=\"lazy\" decoding=\"async\" width=\"1024\" height=\"683\" src=\"https:\/\/www.visit-montenegro.com\/wp-content\/uploads\/2026\/02\/kotor-st-nicholas-church-1024x683.jpg\" alt=\"\" class=\"wp-image-133414\" srcset=\"https:\/\/www.visit-montenegro.com\/wp-content\/uploads\/2026\/02\/kotor-st-nicholas-church-1024x683.jpg 1024w, https:\/\/www.visit-montenegro.com\/wp-content\/uploads\/2026\/02\/kotor-st-nicholas-church-300x200.jpg 300w, https:\/\/www.visit-montenegro.com\/wp-content\/uploads\/2026\/02\/kotor-st-nicholas-church-768x512.jpg 768w, https:\/\/www.visit-montenegro.com\/wp-content\/uploads\/2026\/02\/kotor-st-nicholas-church-1536x1024.jpg 1536w, https:\/\/www.visit-montenegro.com\/wp-content\/uploads\/2026\/02\/kotor-st-nicholas-church-scaled.jpg 1600w\" sizes=\"auto, (max-width: 1024px) 100vw, 1024px\" \/><figcaption class=\"wp-element-caption\">Crkva Svetog Nikole u Kotoru<\/figcaption><\/figure>\n\n<h3 class=\"wp-block-heading\">Crkva Svetog Luke<\/h3>\n\n<p>Crkva Svetog Luke tako\u0111er se nalazi u starom gradu. Izgra\u0111ena je za vrijeme vladavine srpske dinastije Nemanji\u0107, krajem XII vijeka. Do sredine XVII vijeka crkva Svetog Luke bila je glavni katoli\u010dki hram, da bi nakon rata s Turcima postala pravoslavni crkveni objekt. Pretvorila se u pravoslavnu crkvu jer se broj pravoslavnih ljudi u Kotoru naglo pove\u0107ao. Ipak, katoli\u010dki vjernici imali su svoj oltar u tom hramu do prve polovine XIX vijeka.<\/p>\n\n<figure class=\"wp-block-image size-large\"><img loading=\"lazy\" decoding=\"async\" width=\"1024\" height=\"682\" src=\"https:\/\/www.visit-montenegro.com\/wp-content\/uploads\/2026\/01\/kotor-church-saint-luke-1024x682.jpg\" alt=\"\" class=\"wp-image-36082\" srcset=\"https:\/\/www.visit-montenegro.com\/wp-content\/uploads\/2026\/01\/kotor-church-saint-luke-1024x682.jpg 1024w, https:\/\/www.visit-montenegro.com\/wp-content\/uploads\/2026\/01\/kotor-church-saint-luke-300x200.jpg 300w, https:\/\/www.visit-montenegro.com\/wp-content\/uploads\/2026\/01\/kotor-church-saint-luke-768x512.jpg 768w, https:\/\/www.visit-montenegro.com\/wp-content\/uploads\/2026\/01\/kotor-church-saint-luke-1536x1023.jpg 1536w, https:\/\/www.visit-montenegro.com\/wp-content\/uploads\/2026\/01\/kotor-church-saint-luke-1200x799.jpg 1200w, https:\/\/www.visit-montenegro.com\/wp-content\/uploads\/2026\/01\/kotor-church-saint-luke-scaled.jpg 1600w\" sizes=\"auto, (max-width: 1024px) 100vw, 1024px\" \/><figcaption class=\"wp-element-caption\">Crkva Svetog Luke i trg u Kotoru, Crna Gora<\/figcaption><\/figure>\n\n<h3 class=\"wp-block-heading\">Ostale istorijske crkve<\/h3>\n\n<p>U srednjem dijelu Starog grada nalazi se crkva Svetog Mihaila, koja dana\u0161nji izgled ima od kraja XIV vijeka. Arheolo\u0161ki ostaci pokazuju da je na mjestu dana\u0161nje crkve Svetog Mihaila postojala znatno ve\u0107a gra\u0111evina u XII vijeku. U isto\u010dnom dijelu Starog Kotora je crkva Svete Ane. S obzirom na \u010dinjenicu da je vi\u0161e puta dogra\u0111ivana, ne mo\u017ee se ta\u010dno utvrditi kada je izgra\u0111ena. Stru\u010dnjaci za rekonstrukciju starih gra\u0111evina ipak su uspjeli do\u0107i do zapisa da je stariji dio crkve Svete Ane izgra\u0111en u XIII vijeku, a noviji u XIV vijeku. Crkvu karakterizuje nekoliko svetaca kojima je posve\u0107ena: Sveti Martin, Sveta Venerada i danas Sveta Ana.<\/p>\n\n<p>Unutra\u0161njost Starog grada u Kotoru karakteristi\u010dna je po poznatoj crkvi Svete Marije Kole\u0111ate (Gospa od Zdravlja), u Kotoru poznatijoj pod imenom Sveta Ozana. Izgra\u0111ena je po\u010detkom XIII vijeka. Tokom vjekova imala je nekoliko izmjena. Ispod te crkve istra\u017eiva\u010di su otkrili najstariju arheolo\u0161ku gra\u0111evinu koja je ikada prona\u0111ena \u2013 ranohri\u0161\u0107ansku baziliku iz VI vijeka nove ere. Me\u0111u brojnim spomenicima, u Starom gradu Kotora, tu su i crkve Svetog Josipa, Gospa od An\u0111ela i Svetog Pavla.<\/p>\n\n<figure class=\"wp-block-image size-large\"><img loading=\"lazy\" decoding=\"async\" width=\"1024\" height=\"683\" src=\"https:\/\/www.visit-montenegro.com\/wp-content\/uploads\/2026\/02\/kotor-trg-od-drva-1024x683.jpg\" alt=\"\" class=\"wp-image-133415\" srcset=\"https:\/\/www.visit-montenegro.com\/wp-content\/uploads\/2026\/02\/kotor-trg-od-drva-1024x683.jpg 1024w, https:\/\/www.visit-montenegro.com\/wp-content\/uploads\/2026\/02\/kotor-trg-od-drva-300x200.jpg 300w, https:\/\/www.visit-montenegro.com\/wp-content\/uploads\/2026\/02\/kotor-trg-od-drva-768x512.jpg 768w, https:\/\/www.visit-montenegro.com\/wp-content\/uploads\/2026\/02\/kotor-trg-od-drva-1536x1025.jpg 1536w, https:\/\/www.visit-montenegro.com\/wp-content\/uploads\/2026\/02\/kotor-trg-od-drva-scaled.jpg 1600w\" sizes=\"auto, (max-width: 1024px) 100vw, 1024px\" \/><figcaption class=\"wp-element-caption\">Trg crkve Svete Marije u starom gradu Kotoru, Crna Gora<\/figcaption><\/figure>\n\n<h2 class=\"wp-block-heading\">Dodatni spomenici i palate u Kotoru<\/h2>\n\n<p>Spomenicima u Starom gradu Kotora treba dodati gradski toranj koji poti\u010de iz XVII vijeka, s stubom sramote ispred njega, i satni mehanizam koji je dio gra\u0111evine. U blizini tornja je i Toranj gradske stra\u017ee. Kne\u017eeva palata, i Gradsko pozori\u0161te, koje je bilo prvo pozori\u0161te koje je po\u010delo s radom u XIX vijeku na Balkanu.<\/p>\n\n<h3 class=\"wp-block-heading\">Kotorske palate<\/h3>\n\n<p>Kotor je poznat po brojnim palatama, koje karakteri\u0161u romani\u010dki i barokni ukrasi, zidni dekor i veliki broj heraldike porodica po kojima su palate dobile imena ili kojima su pripadale.<\/p>\n\n<p>Me\u0111u brojnim palatama imamo neke koje se isti\u010du. Palata Bizanti, u romani\u010dkom stilu, nalazi se pored Tornja gradske stra\u017ee, a poti\u010de iz XIV vijeka. Barokna palata Grgurin, nalazi se u centralnom dijelu Starog grada. Izgra\u0111ena je po\u010detkom XVIII vijeka. Poznata kotorska porodica Bu\u0107a, izgradila je palatu Bu\u0107a u XIV vijeku, koja je tokom vjekova vi\u0161e puta dogra\u0111ivana, a kasnije je pripadala porodici Pskvali. U blizini imamo i jednu od najplemenitijih gradskih ku\u0107a, koja poti\u010de iz XIV vijeka, palatu Vrakjen. Ta palata je uglavnom zadr\u017eala svoj originalni izgled. U blizini katedrale Svetog Tripuna je palata Drago, koja je izgra\u0111ena u XV vijeku, u baroknom i goti\u010dkom stilu. Ipak, prema mi\u0161ljenju mnogih, najljep\u0161a kotorska palata je palata Pima, koja karakteri\u0161e svoj goti\u010dki stil, i neki barokni elementi. Porodica Pima, koja je posjedovala istoimenu palatu, \u017eivjela je u Kotoru od XIV do XVIII vijeka. Dana\u0161nji izgled palata je dobila krajem XVII vijeka.<\/p>\n","protected":false},"excerpt":{"rendered":"<p>Istra\u017eite istorijske crkve u Kotoru, od ikoni\u010dne Katedrale Svetog Tripuna do manje poznatih dragulja poput crkve Svetog Nikole i Svetog Luke. Otkrijte njihovu bogatu arhitekturu, kulturni zna\u010daj i skrivene blagove u Starom gradu.<\/p>\n","protected":false},"author":1,"featured_media":134167,"parent":134136,"menu_order":0,"comment_status":"closed","ping_status":"closed","template":"","meta":{"_yoast_wpseo_focuskw":"Crkve u Kotoru","_yoast_wpseo_metadesc":"Otkrijte istorijske crkve u Kotoru, uklju\u010duju\u0107i Katedralu Svetog Tripuna i druge. Istra\u017eite njihovu arhitekturu, istoriju i kulturni zna\u010daj u Starom gradu Crne Gore.","_kad_post_transparent":"","_kad_post_title":"","_kad_post_layout":"","_kad_post_sidebar_id":"","_kad_post_content_style":"","_kad_post_vertical_padding":"","_kad_post_feature":"","_kad_post_feature_position":"","_kad_post_header":false,"_kad_post_footer":false,"_kad_post_classname":"","iawp_total_views":19,"footnotes":""},"tags":[140,52,139,62,141,76],"class_list":["post-134166","page","type-page","status-publish","has-post-thumbnail","hentry","tag-crna-gora","tag-montenegro","tag-news","tag-tourism","tag-travel","tag-visit"],"yoast_head":"<!-- This site is optimized with the Yoast SEO plugin v27.3 - https:\/\/yoast.com\/product\/yoast-seo-wordpress\/ -->\n<title>Crkve u Kotoru - Visit Montenegro<\/title>\n<meta name=\"description\" content=\"Otkrijte istorijske crkve u Kotoru, uklju\u010duju\u0107i Katedralu Svetog Tripuna i druge. Istra\u017eite njihovu arhitekturu, istoriju i kulturni zna\u010daj u Starom gradu Crne Gore.\" \/>\n<meta name=\"robots\" content=\"index, follow, max-snippet:-1, max-image-preview:large, max-video-preview:-1\" \/>\n<link rel=\"canonical\" href=\"https:\/\/www.visit-montenegro.com\/me\/destinacije\/kotor\/info\/crkve\/\" \/>\n<meta property=\"og:locale\" content=\"en_US\" \/>\n<meta property=\"og:type\" content=\"article\" \/>\n<meta property=\"og:title\" content=\"Crkve u Kotoru - Visit Montenegro\" \/>\n<meta property=\"og:description\" content=\"Otkrijte istorijske crkve u Kotoru, uklju\u010duju\u0107i Katedralu Svetog Tripuna i druge. Istra\u017eite njihovu arhitekturu, istoriju i kulturni zna\u010daj u Starom gradu Crne Gore.\" \/>\n<meta property=\"og:url\" content=\"https:\/\/www.visit-montenegro.com\/me\/destinacije\/kotor\/info\/crkve\/\" \/>\n<meta property=\"og:site_name\" content=\"Visit Montenegro\" \/>\n<meta property=\"article:publisher\" content=\"https:\/\/www.facebook.com\/visitmontenegro\" \/>\n<meta property=\"article:modified_time\" content=\"2026-02-22T16:17:57+00:00\" \/>\n<meta property=\"og:image\" content=\"https:\/\/www.visit-montenegro.com\/wp-content\/uploads\/2026\/01\/kotor-our-lady-of-remedy-02-scaled.jpg\" \/>\n\t<meta property=\"og:image:width\" content=\"1600\" \/>\n\t<meta property=\"og:image:height\" content=\"1067\" \/>\n\t<meta property=\"og:image:type\" content=\"image\/jpeg\" \/>\n<meta name=\"twitter:card\" content=\"summary_large_image\" \/>\n<meta name=\"twitter:site\" content=\"@visitmontenegro\" \/>\n<meta name=\"twitter:label1\" content=\"Est. reading time\" \/>\n\t<meta name=\"twitter:data1\" content=\"4 minutes\" \/>\n<script type=\"application\/ld+json\" class=\"yoast-schema-graph\">{\"@context\":\"https:\\\/\\\/schema.org\",\"@graph\":[{\"@type\":\"WebPage\",\"@id\":\"https:\\\/\\\/www.visit-montenegro.com\\\/me\\\/destinacije\\\/kotor\\\/info\\\/crkve\\\/\",\"url\":\"https:\\\/\\\/www.visit-montenegro.com\\\/me\\\/destinacije\\\/kotor\\\/info\\\/crkve\\\/\",\"name\":\"Crkve u Kotoru - Visit Montenegro\",\"isPartOf\":{\"@id\":\"https:\\\/\\\/www.visit-montenegro.com\\\/me\\\/#website\"},\"primaryImageOfPage\":{\"@id\":\"https:\\\/\\\/www.visit-montenegro.com\\\/me\\\/destinacije\\\/kotor\\\/info\\\/crkve\\\/#primaryimage\"},\"image\":{\"@id\":\"https:\\\/\\\/www.visit-montenegro.com\\\/me\\\/destinacije\\\/kotor\\\/info\\\/crkve\\\/#primaryimage\"},\"thumbnailUrl\":\"https:\\\/\\\/www.visit-montenegro.com\\\/wp-content\\\/uploads\\\/2026\\\/01\\\/kotor-our-lady-of-remedy-02-scaled.jpg\",\"datePublished\":\"2026-01-27T20:44:31+00:00\",\"dateModified\":\"2026-02-22T16:17:57+00:00\",\"description\":\"Otkrijte istorijske crkve u Kotoru, uklju\u010duju\u0107i Katedralu Svetog Tripuna i druge. Istra\u017eite njihovu arhitekturu, istoriju i kulturni zna\u010daj u Starom gradu Crne Gore.\",\"breadcrumb\":{\"@id\":\"https:\\\/\\\/www.visit-montenegro.com\\\/me\\\/destinacije\\\/kotor\\\/info\\\/crkve\\\/#breadcrumb\"},\"inLanguage\":\"sr-Latn-ME\",\"potentialAction\":[{\"@type\":\"ReadAction\",\"target\":[\"https:\\\/\\\/www.visit-montenegro.com\\\/me\\\/destinacije\\\/kotor\\\/info\\\/crkve\\\/\"]}]},{\"@type\":\"ImageObject\",\"inLanguage\":\"sr-Latn-ME\",\"@id\":\"https:\\\/\\\/www.visit-montenegro.com\\\/me\\\/destinacije\\\/kotor\\\/info\\\/crkve\\\/#primaryimage\",\"url\":\"https:\\\/\\\/www.visit-montenegro.com\\\/wp-content\\\/uploads\\\/2026\\\/01\\\/kotor-our-lady-of-remedy-02-scaled.jpg\",\"contentUrl\":\"https:\\\/\\\/www.visit-montenegro.com\\\/wp-content\\\/uploads\\\/2026\\\/01\\\/kotor-our-lady-of-remedy-02-scaled.jpg\",\"width\":1600,\"height\":1067,\"caption\":\"Drevna kamena crkva u planinama\"},{\"@type\":\"BreadcrumbList\",\"@id\":\"https:\\\/\\\/www.visit-montenegro.com\\\/me\\\/destinacije\\\/kotor\\\/info\\\/crkve\\\/#breadcrumb\",\"itemListElement\":[{\"@type\":\"ListItem\",\"position\":1,\"name\":\"Home\",\"item\":\"https:\\\/\\\/www.visit-montenegro.com\\\/me\\\/pocetna\\\/\"},{\"@type\":\"ListItem\",\"position\":2,\"name\":\"Turisti\u010dke destinacije u Crnoj Gori\",\"item\":\"https:\\\/\\\/www.visit-montenegro.com\\\/me\\\/destinacije\\\/\"},{\"@type\":\"ListItem\",\"position\":3,\"name\":\"Kotor\",\"item\":\"https:\\\/\\\/www.visit-montenegro.com\\\/me\\\/destinacije\\\/kotor\\\/\"},{\"@type\":\"ListItem\",\"position\":4,\"name\":\"Vi\u0161e o Kotoru\",\"item\":\"https:\\\/\\\/www.visit-montenegro.com\\\/me\\\/destinacije\\\/kotor\\\/info\\\/\"},{\"@type\":\"ListItem\",\"position\":5,\"name\":\"Crkve u Kotoru\"}]},{\"@type\":\"WebSite\",\"@id\":\"https:\\\/\\\/www.visit-montenegro.com\\\/me\\\/#website\",\"url\":\"https:\\\/\\\/www.visit-montenegro.com\\\/me\\\/\",\"name\":\"Visit Montenegro\",\"description\":\"Breathtaking beauty\",\"publisher\":{\"@id\":\"https:\\\/\\\/www.visit-montenegro.com\\\/me\\\/#organization\"},\"potentialAction\":[{\"@type\":\"SearchAction\",\"target\":{\"@type\":\"EntryPoint\",\"urlTemplate\":\"https:\\\/\\\/www.visit-montenegro.com\\\/me\\\/?s={search_term_string}\"},\"query-input\":{\"@type\":\"PropertyValueSpecification\",\"valueRequired\":true,\"valueName\":\"search_term_string\"}}],\"inLanguage\":\"sr-Latn-ME\"},{\"@type\":\"Organization\",\"@id\":\"https:\\\/\\\/www.visit-montenegro.com\\\/me\\\/#organization\",\"name\":\"Visit Montenegro\",\"url\":\"https:\\\/\\\/www.visit-montenegro.com\\\/me\\\/\",\"logo\":{\"@type\":\"ImageObject\",\"inLanguage\":\"sr-Latn-ME\",\"@id\":\"https:\\\/\\\/www.visit-montenegro.com\\\/me\\\/#\\\/schema\\\/logo\\\/image\\\/\",\"url\":\"https:\\\/\\\/www.visit-montenegro.com\\\/wp-content\\\/uploads\\\/2017\\\/10\\\/logo-amp.png\",\"contentUrl\":\"https:\\\/\\\/www.visit-montenegro.com\\\/wp-content\\\/uploads\\\/2017\\\/10\\\/logo-amp.png\",\"width\":190,\"height\":36,\"caption\":\"Visit Montenegro\"},\"image\":{\"@id\":\"https:\\\/\\\/www.visit-montenegro.com\\\/me\\\/#\\\/schema\\\/logo\\\/image\\\/\"},\"sameAs\":[\"https:\\\/\\\/www.facebook.com\\\/visitmontenegro\",\"https:\\\/\\\/x.com\\\/visitmontenegro\",\"https:\\\/\\\/www.instagram.com\\\/visit_montenegro\\\/\",\"https:\\\/\\\/www.youtube.com\\\/user\\\/VisitMontenegro\"]}]}<\/script>\n<!-- \/ Yoast SEO plugin. -->","yoast_head_json":{"title":"Crkve u Kotoru - Visit Montenegro","description":"Otkrijte istorijske crkve u Kotoru, uklju\u010duju\u0107i Katedralu Svetog Tripuna i druge. Istra\u017eite njihovu arhitekturu, istoriju i kulturni zna\u010daj u Starom gradu Crne Gore.","robots":{"index":"index","follow":"follow","max-snippet":"max-snippet:-1","max-image-preview":"max-image-preview:large","max-video-preview":"max-video-preview:-1"},"canonical":"https:\/\/www.visit-montenegro.com\/me\/destinacije\/kotor\/info\/crkve\/","og_locale":"en_US","og_type":"article","og_title":"Crkve u Kotoru - Visit Montenegro","og_description":"Otkrijte istorijske crkve u Kotoru, uklju\u010duju\u0107i Katedralu Svetog Tripuna i druge. Istra\u017eite njihovu arhitekturu, istoriju i kulturni zna\u010daj u Starom gradu Crne Gore.","og_url":"https:\/\/www.visit-montenegro.com\/me\/destinacije\/kotor\/info\/crkve\/","og_site_name":"Visit Montenegro","article_publisher":"https:\/\/www.facebook.com\/visitmontenegro","article_modified_time":"2026-02-22T16:17:57+00:00","og_image":[{"width":1600,"height":1067,"url":"https:\/\/www.visit-montenegro.com\/wp-content\/uploads\/2026\/01\/kotor-our-lady-of-remedy-02-scaled.jpg","type":"image\/jpeg"}],"twitter_card":"summary_large_image","twitter_site":"@visitmontenegro","twitter_misc":{"Est. reading time":"4 minutes"},"schema":{"@context":"https:\/\/schema.org","@graph":[{"@type":"WebPage","@id":"https:\/\/www.visit-montenegro.com\/me\/destinacije\/kotor\/info\/crkve\/","url":"https:\/\/www.visit-montenegro.com\/me\/destinacije\/kotor\/info\/crkve\/","name":"Crkve u Kotoru - Visit Montenegro","isPartOf":{"@id":"https:\/\/www.visit-montenegro.com\/me\/#website"},"primaryImageOfPage":{"@id":"https:\/\/www.visit-montenegro.com\/me\/destinacije\/kotor\/info\/crkve\/#primaryimage"},"image":{"@id":"https:\/\/www.visit-montenegro.com\/me\/destinacije\/kotor\/info\/crkve\/#primaryimage"},"thumbnailUrl":"https:\/\/www.visit-montenegro.com\/wp-content\/uploads\/2026\/01\/kotor-our-lady-of-remedy-02-scaled.jpg","datePublished":"2026-01-27T20:44:31+00:00","dateModified":"2026-02-22T16:17:57+00:00","description":"Otkrijte istorijske crkve u Kotoru, uklju\u010duju\u0107i Katedralu Svetog Tripuna i druge. Istra\u017eite njihovu arhitekturu, istoriju i kulturni zna\u010daj u Starom gradu Crne Gore.","breadcrumb":{"@id":"https:\/\/www.visit-montenegro.com\/me\/destinacije\/kotor\/info\/crkve\/#breadcrumb"},"inLanguage":"sr-Latn-ME","potentialAction":[{"@type":"ReadAction","target":["https:\/\/www.visit-montenegro.com\/me\/destinacije\/kotor\/info\/crkve\/"]}]},{"@type":"ImageObject","inLanguage":"sr-Latn-ME","@id":"https:\/\/www.visit-montenegro.com\/me\/destinacije\/kotor\/info\/crkve\/#primaryimage","url":"https:\/\/www.visit-montenegro.com\/wp-content\/uploads\/2026\/01\/kotor-our-lady-of-remedy-02-scaled.jpg","contentUrl":"https:\/\/www.visit-montenegro.com\/wp-content\/uploads\/2026\/01\/kotor-our-lady-of-remedy-02-scaled.jpg","width":1600,"height":1067,"caption":"Drevna kamena crkva u planinama"},{"@type":"BreadcrumbList","@id":"https:\/\/www.visit-montenegro.com\/me\/destinacije\/kotor\/info\/crkve\/#breadcrumb","itemListElement":[{"@type":"ListItem","position":1,"name":"Home","item":"https:\/\/www.visit-montenegro.com\/me\/pocetna\/"},{"@type":"ListItem","position":2,"name":"Turisti\u010dke destinacije u Crnoj Gori","item":"https:\/\/www.visit-montenegro.com\/me\/destinacije\/"},{"@type":"ListItem","position":3,"name":"Kotor","item":"https:\/\/www.visit-montenegro.com\/me\/destinacije\/kotor\/"},{"@type":"ListItem","position":4,"name":"Vi\u0161e o Kotoru","item":"https:\/\/www.visit-montenegro.com\/me\/destinacije\/kotor\/info\/"},{"@type":"ListItem","position":5,"name":"Crkve u Kotoru"}]},{"@type":"WebSite","@id":"https:\/\/www.visit-montenegro.com\/me\/#website","url":"https:\/\/www.visit-montenegro.com\/me\/","name":"Visit Montenegro","description":"Breathtaking beauty","publisher":{"@id":"https:\/\/www.visit-montenegro.com\/me\/#organization"},"potentialAction":[{"@type":"SearchAction","target":{"@type":"EntryPoint","urlTemplate":"https:\/\/www.visit-montenegro.com\/me\/?s={search_term_string}"},"query-input":{"@type":"PropertyValueSpecification","valueRequired":true,"valueName":"search_term_string"}}],"inLanguage":"sr-Latn-ME"},{"@type":"Organization","@id":"https:\/\/www.visit-montenegro.com\/me\/#organization","name":"Visit Montenegro","url":"https:\/\/www.visit-montenegro.com\/me\/","logo":{"@type":"ImageObject","inLanguage":"sr-Latn-ME","@id":"https:\/\/www.visit-montenegro.com\/me\/#\/schema\/logo\/image\/","url":"https:\/\/www.visit-montenegro.com\/wp-content\/uploads\/2017\/10\/logo-amp.png","contentUrl":"https:\/\/www.visit-montenegro.com\/wp-content\/uploads\/2017\/10\/logo-amp.png","width":190,"height":36,"caption":"Visit Montenegro"},"image":{"@id":"https:\/\/www.visit-montenegro.com\/me\/#\/schema\/logo\/image\/"},"sameAs":["https:\/\/www.facebook.com\/visitmontenegro","https:\/\/x.com\/visitmontenegro","https:\/\/www.instagram.com\/visit_montenegro\/","https:\/\/www.youtube.com\/user\/VisitMontenegro"]}]}},"translations":[],"_links":{"self":[{"href":"https:\/\/www.visit-montenegro.com\/me\/wp-json\/wp\/v2\/pages\/134166","targetHints":{"allow":["GET"]}}],"collection":[{"href":"https:\/\/www.visit-montenegro.com\/me\/wp-json\/wp\/v2\/pages"}],"about":[{"href":"https:\/\/www.visit-montenegro.com\/me\/wp-json\/wp\/v2\/types\/page"}],"author":[{"embeddable":true,"href":"https:\/\/www.visit-montenegro.com\/me\/wp-json\/wp\/v2\/users\/1"}],"replies":[{"embeddable":true,"href":"https:\/\/www.visit-montenegro.com\/me\/wp-json\/wp\/v2\/comments?post=134166"}],"version-history":[{"count":0,"href":"https:\/\/www.visit-montenegro.com\/me\/wp-json\/wp\/v2\/pages\/134166\/revisions"}],"up":[{"embeddable":true,"href":"https:\/\/www.visit-montenegro.com\/me\/wp-json\/wp\/v2\/pages\/134136"}],"wp:featuredmedia":[{"embeddable":true,"href":"https:\/\/www.visit-montenegro.com\/me\/wp-json\/wp\/v2\/media\/134167"}],"wp:attachment":[{"href":"https:\/\/www.visit-montenegro.com\/me\/wp-json\/wp\/v2\/media?parent=134166"}],"wp:term":[{"taxonomy":"post_tag","embeddable":true,"href":"https:\/\/www.visit-montenegro.com\/me\/wp-json\/wp\/v2\/tags?post=134166"}],"curies":[{"name":"wp","href":"https:\/\/api.w.org\/{rel}","templated":true}]}}