{"id":134310,"date":"2026-01-28T19:16:59","date_gmt":"2026-01-28T18:16:59","guid":{"rendered":"https:\/\/new.visit-montenegro.com\/manastir-ostrog\/crkve\/"},"modified":"2026-02-22T17:18:41","modified_gmt":"2026-02-22T16:18:41","slug":"crkve","status":"publish","type":"page","link":"https:\/\/www.visit-montenegro.com\/me\/manastir-ostrog\/crkve\/","title":{"rendered":"Crkve posve\u0107ene Svetom Vasiliju Ostro\u0161kom"},"content":{"rendered":"\n<p>Duboko po\u0161tovanje Crne Gore prema Svetom Vasiliju Ostro\u0161kom vidljivo je u mnogim pravoslavnim svetinjama izgra\u0111enim u njegovu \u010dast, sa zna\u010dajnim primjerima u Nik\u0161i\u0107u, dolini Bjelopavli\u0107a, Baru i drugdje, odra\u017eavaju\u0107i njegovo trajno duhovno naslije\u0111e.<\/p>\n\n<hr class=\"wp-block-separator has-alpha-channel-opacity\"\/>\n\n<h2 class=\"wp-block-heading\">Svetinje u Crnoj Gori<\/h2>\n\n<p>Duboko po\u0161tovanje prema <strong>Svetom Vasiliju Ostro\u0161kom<\/strong> mo\u017ee se vidjeti u velikom broju pravoslavnih svetinja izgra\u0111enih u njegovu \u010dast. Pored mnogih izgra\u0111enih \u0161irom svijeta, lokalno najpoznatija svetinja izgra\u0111ena je u Nik\u0161i\u0107u, pod li\u010dnim nadzorom crnogorskog kralja Nikole. Ova svetinja je izgra\u0111ena na brdu i dominantno je sveto mjesto za stanovnike grada.<\/p>\n\n<p>Pored ove svetinje, stanovnici doline Bjelopavli\u0107a podigli su svetinju na planini Sinjajevini. Kralj Nikola je izgradio jo\u0161 jednu svetinju u gradu Baru, a bratstvo porodice Kova\u010devi\u0107 izgradilo je svetinju u podru\u010dju Vilusa. Me\u0111u ostalim izgra\u0111enim svetinjama, najpoznatije se nalaze u Kumboru, Dobroti, Bile\u0107i, Prijepolju, Obzovicima kod Cetinja, Svcugima kod Herceg Novog, i jedna izuzetno lijepa svetinja i kamp posve\u0107eni <strong>Svetom Vasiliju Ostro\u0161kom<\/strong> u Sjedinjenim Dr\u017eavama.<\/p>\n\n<h2 class=\"wp-block-heading\">Saznajte vi\u0161e o Manastiru Ostrog<\/h2>\n\n<div class=\"wp-block-query is-layout-flow wp-block-query-is-layout-flow\"><ul class=\"wp-block-post-template is-layout-flow wp-block-post-template-is-layout-flow\"><li class=\"wp-block-post post-134310 page type-page status-publish has-post-thumbnail hentry\">\n<h6 style=\"text-decoration:underline; border-style:none;border-width:0px; padding-top:0px;padding-bottom:0px;padding-left:var(--wp--preset--spacing--50);padding-right:var(--wp--preset--spacing--50);margin-right:0;margin-left:0;margin-top:0px;margin-bottom:0px;\" class=\"has-link-color wp-elements-0a45992c3b14e5d616ed7c3546852965 wp-block-post-title\"><a href=\"https:\/\/www.visit-montenegro.com\/me\/manastir-ostrog\/crkve\/\" target=\"_self\" >Crkve posve\u0107ene Svetom Vasiliju Ostro\u0161kom<\/a><\/h6>\n<\/li><li class=\"wp-block-post post-134318 page type-page status-publish has-post-thumbnail hentry\">\n<h6 style=\"text-decoration:underline; border-style:none;border-width:0px; padding-top:0px;padding-bottom:0px;padding-left:var(--wp--preset--spacing--50);padding-right:var(--wp--preset--spacing--50);margin-right:0;margin-left:0;margin-top:0px;margin-bottom:0px;\" class=\"has-link-color wp-elements-0a45992c3b14e5d616ed7c3546852965 wp-block-post-title\"><a href=\"https:\/\/www.visit-montenegro.com\/me\/manastir-ostrog\/istorija\/\" target=\"_self\" >Istorija Manastira Ostrog<\/a><\/h6>\n<\/li><li class=\"wp-block-post post-133984 page type-page status-publish has-post-thumbnail hentry\">\n<h6 style=\"text-decoration:underline; border-style:none;border-width:0px; padding-top:0px;padding-bottom:0px;padding-left:var(--wp--preset--spacing--50);padding-right:var(--wp--preset--spacing--50);margin-right:0;margin-left:0;margin-top:0px;margin-bottom:0px;\" class=\"has-link-color wp-elements-0a45992c3b14e5d616ed7c3546852965 wp-block-post-title\"><a href=\"https:\/\/www.visit-montenegro.com\/me\/manastir-ostrog\/region\/\" target=\"_self\" >Istorija O\u0161tro\u0161kog regiona<\/a><\/h6>\n<\/li><li class=\"wp-block-post post-134334 page type-page status-publish has-post-thumbnail hentry\">\n<h6 style=\"text-decoration:underline; border-style:none;border-width:0px; padding-top:0px;padding-bottom:0px;padding-left:var(--wp--preset--spacing--50);padding-right:var(--wp--preset--spacing--50);margin-right:0;margin-left:0;margin-top:0px;margin-bottom:0px;\" class=\"has-link-color wp-elements-0a45992c3b14e5d616ed7c3546852965 wp-block-post-title\"><a href=\"https:\/\/www.visit-montenegro.com\/me\/manastir-ostrog\/izgradnja\/\" target=\"_self\" >Izgradnja manastira Ostrog<\/a><\/h6>\n<\/li><li class=\"wp-block-post post-134322 page type-page status-publish has-post-thumbnail hentry\">\n<h6 style=\"text-decoration:underline; border-style:none;border-width:0px; padding-top:0px;padding-bottom:0px;padding-left:var(--wp--preset--spacing--50);padding-right:var(--wp--preset--spacing--50);margin-right:0;margin-left:0;margin-top:0px;margin-bottom:0px;\" class=\"has-link-color wp-elements-0a45992c3b14e5d616ed7c3546852965 wp-block-post-title\"><a href=\"https:\/\/www.visit-montenegro.com\/me\/manastir-ostrog\/kulturna\/\" target=\"_self\" >Kulturna ba\u0161tina manastira Ostrog<\/a><\/h6>\n<\/li><li class=\"wp-block-post post-134314 page type-page status-publish has-post-thumbnail hentry\">\n<h6 style=\"text-decoration:underline; border-style:none;border-width:0px; padding-top:0px;padding-bottom:0px;padding-left:var(--wp--preset--spacing--50);padding-right:var(--wp--preset--spacing--50);margin-right:0;margin-left:0;margin-top:0px;margin-bottom:0px;\" class=\"has-link-color wp-elements-0a45992c3b14e5d616ed7c3546852965 wp-block-post-title\"><a href=\"https:\/\/www.visit-montenegro.com\/me\/manastir-ostrog\/legende\/\" target=\"_self\" >Legende i mitovi o manastiru Ostrog<\/a><\/h6>\n<\/li><li class=\"wp-block-post post-134330 page type-page status-publish has-post-thumbnail hentry\">\n<h6 style=\"text-decoration:underline; border-style:none;border-width:0px; padding-top:0px;padding-bottom:0px;padding-left:var(--wp--preset--spacing--50);padding-right:var(--wp--preset--spacing--50);margin-right:0;margin-left:0;margin-top:0px;margin-bottom:0px;\" class=\"has-link-color wp-elements-0a45992c3b14e5d616ed7c3546852965 wp-block-post-title\"><a href=\"https:\/\/www.visit-montenegro.com\/me\/manastir-ostrog\/gdje\/\" target=\"_self\" >Lokacija Manastira Ostrog<\/a><\/h6>\n<\/li><li class=\"wp-block-post post-133988 page type-page status-publish has-post-thumbnail hentry\">\n<h6 style=\"text-decoration:underline; border-style:none;border-width:0px; padding-top:0px;padding-bottom:0px;padding-left:var(--wp--preset--spacing--50);padding-right:var(--wp--preset--spacing--50);margin-right:0;margin-left:0;margin-top:0px;margin-bottom:0px;\" class=\"has-link-color wp-elements-0a45992c3b14e5d616ed7c3546852965 wp-block-post-title\"><a href=\"https:\/\/www.visit-montenegro.com\/me\/manastir-ostrog\/molitva\/\" target=\"_self\" >Molitva Svetom Vasiliju<\/a><\/h6>\n<\/li><li class=\"wp-block-post post-134306 page type-page status-publish has-post-thumbnail hentry\">\n<h6 style=\"text-decoration:underline; border-style:none;border-width:0px; padding-top:0px;padding-bottom:0px;padding-left:var(--wp--preset--spacing--50);padding-right:var(--wp--preset--spacing--50);margin-right:0;margin-left:0;margin-top:0px;margin-bottom:0px;\" class=\"has-link-color wp-elements-0a45992c3b14e5d616ed7c3546852965 wp-block-post-title\"><a href=\"https:\/\/www.visit-montenegro.com\/me\/manastir-ostrog\/gatherings\/\" target=\"_self\" >Praznici i okupljanja u manastiru Ostrog<\/a><\/h6>\n<\/li><li class=\"wp-block-post post-134342 page type-page status-publish has-post-thumbnail hentry\">\n<h6 style=\"text-decoration:underline; border-style:none;border-width:0px; padding-top:0px;padding-bottom:0px;padding-left:var(--wp--preset--spacing--50);padding-right:var(--wp--preset--spacing--50);margin-right:0;margin-left:0;margin-top:0px;margin-bottom:0px;\" class=\"has-link-color wp-elements-0a45992c3b14e5d616ed7c3546852965 wp-block-post-title\"><a href=\"https:\/\/www.visit-montenegro.com\/me\/manastir-ostrog\/price\/\" target=\"_self\" >Pri\u010de o \u010dudima Ostro\u0161kog manastira<\/a><\/h6>\n<\/li><li class=\"wp-block-post post-134326 page type-page status-publish has-post-thumbnail hentry\">\n<h6 style=\"text-decoration:underline; border-style:none;border-width:0px; padding-top:0px;padding-bottom:0px;padding-left:var(--wp--preset--spacing--50);padding-right:var(--wp--preset--spacing--50);margin-right:0;margin-left:0;margin-top:0px;margin-bottom:0px;\" class=\"has-link-color wp-elements-0a45992c3b14e5d616ed7c3546852965 wp-block-post-title\"><a href=\"https:\/\/www.visit-montenegro.com\/me\/manastir-ostrog\/drugi\/\" target=\"_self\" >\u0160ta drugi ka\u017eu o manastiru Ostrog<\/a><\/h6>\n<\/li><li class=\"wp-block-post post-134338 page type-page status-publish has-post-thumbnail hentry\">\n<h6 style=\"text-decoration:underline; border-style:none;border-width:0px; padding-top:0px;padding-bottom:0px;padding-left:var(--wp--preset--spacing--50);padding-right:var(--wp--preset--spacing--50);margin-right:0;margin-left:0;margin-top:0px;margin-bottom:0px;\" class=\"has-link-color wp-elements-0a45992c3b14e5d616ed7c3546852965 wp-block-post-title\"><a href=\"https:\/\/www.visit-montenegro.com\/me\/manastir-ostrog\/tradicije\/\" target=\"_self\" >Tradicije manastira Ostrog<\/a><\/h6>\n<\/li><li class=\"wp-block-post post-134302 page type-page status-publish has-post-thumbnail hentry\">\n<h6 style=\"text-decoration:underline; border-style:none;border-width:0px; padding-top:0px;padding-bottom:0px;padding-left:var(--wp--preset--spacing--50);padding-right:var(--wp--preset--spacing--50);margin-right:0;margin-left:0;margin-top:0px;margin-bottom:0px;\" class=\"has-link-color wp-elements-0a45992c3b14e5d616ed7c3546852965 wp-block-post-title\"><a href=\"https:\/\/www.visit-montenegro.com\/me\/manastir-ostrog\/zivot\/\" target=\"_self\" >\u017divot Svetog Vasilija Ostro\u0161kog<\/a><\/h6>\n<\/li><\/ul><\/div>\n","protected":false},"excerpt":{"rendered":"<p>Otkrijte duhovno naslije\u0111e Svetog Vasilija Ostro\u0161kog kroz pravoslavne svetinje u Crnoj Gori. Od Nik\u0161i\u0107a do Bara, ova sveta mjesta odra\u017eavaju duboko po\u0161tovanje i istorijski zna\u010daj, pozivaju\u0107i na istra\u017eivanje vjere i kulture.<\/p>\n","protected":false},"author":1,"featured_media":133956,"parent":133955,"menu_order":0,"comment_status":"open","ping_status":"open","template":"","meta":{"_yoast_wpseo_focuskw":"Crkve posve\u0107ene Svetom Vasiliju Ostro\u0161kom","_yoast_wpseo_metadesc":"Istra\u017eite crkve u Crnoj Gori posve\u0107ene Svetom Vasiliju Ostro\u0161kom, od Nik\u0161i\u0107a do Bara. Otkrijte duhovna mjesta i njihov istorijski zna\u010daj u ovom vodi\u010du.","_kad_post_transparent":"","_kad_post_title":"","_kad_post_layout":"","_kad_post_sidebar_id":"","_kad_post_content_style":"","_kad_post_vertical_padding":"","_kad_post_feature":"","_kad_post_feature_position":"","_kad_post_header":false,"_kad_post_footer":false,"_kad_post_classname":"","iawp_total_views":19,"footnotes":""},"tags":[],"class_list":["post-134310","page","type-page","status-publish","has-post-thumbnail","hentry"],"yoast_head":"<!-- This site is optimized with the Yoast SEO plugin v27.3 - https:\/\/yoast.com\/product\/yoast-seo-wordpress\/ -->\n<title>Crkve posve\u0107ene Svetom Vasiliju Ostro\u0161kom - Visit Montenegro<\/title>\n<meta name=\"description\" content=\"Istra\u017eite crkve u Crnoj Gori posve\u0107ene Svetom Vasiliju Ostro\u0161kom, od Nik\u0161i\u0107a do Bara. Otkrijte duhovna mjesta i njihov istorijski zna\u010daj u ovom vodi\u010du.\" \/>\n<meta name=\"robots\" content=\"index, follow, max-snippet:-1, max-image-preview:large, max-video-preview:-1\" \/>\n<link rel=\"canonical\" href=\"https:\/\/www.visit-montenegro.com\/me\/manastir-ostrog\/crkve\/\" \/>\n<meta property=\"og:locale\" content=\"en_US\" \/>\n<meta property=\"og:type\" content=\"article\" \/>\n<meta property=\"og:title\" content=\"Crkve posve\u0107ene Svetom Vasiliju Ostro\u0161kom - Visit Montenegro\" \/>\n<meta property=\"og:description\" content=\"Istra\u017eite crkve u Crnoj Gori posve\u0107ene Svetom Vasiliju Ostro\u0161kom, od Nik\u0161i\u0107a do Bara. Otkrijte duhovna mjesta i njihov istorijski zna\u010daj u ovom vodi\u010du.\" \/>\n<meta property=\"og:url\" content=\"https:\/\/www.visit-montenegro.com\/me\/manastir-ostrog\/crkve\/\" \/>\n<meta property=\"og:site_name\" content=\"Visit Montenegro\" \/>\n<meta property=\"article:publisher\" content=\"https:\/\/www.facebook.com\/visitmontenegro\" \/>\n<meta property=\"article:modified_time\" content=\"2026-02-22T16:18:41+00:00\" \/>\n<meta property=\"og:image\" content=\"https:\/\/www.visit-montenegro.com\/wp-content\/uploads\/2026\/01\/ostrog-monastery-01-scaled.jpg\" \/>\n\t<meta property=\"og:image:width\" content=\"1600\" \/>\n\t<meta property=\"og:image:height\" content=\"1067\" \/>\n\t<meta property=\"og:image:type\" content=\"image\/jpeg\" \/>\n<meta name=\"twitter:card\" content=\"summary_large_image\" \/>\n<meta name=\"twitter:site\" content=\"@visitmontenegro\" \/>\n<meta name=\"twitter:label1\" content=\"Est. reading time\" \/>\n\t<meta name=\"twitter:data1\" content=\"1 minute\" \/>\n<script type=\"application\/ld+json\" class=\"yoast-schema-graph\">{\"@context\":\"https:\\\/\\\/schema.org\",\"@graph\":[{\"@type\":\"WebPage\",\"@id\":\"https:\\\/\\\/www.visit-montenegro.com\\\/me\\\/manastir-ostrog\\\/crkve\\\/\",\"url\":\"https:\\\/\\\/www.visit-montenegro.com\\\/me\\\/manastir-ostrog\\\/crkve\\\/\",\"name\":\"Crkve posve\u0107ene Svetom Vasiliju Ostro\u0161kom - Visit Montenegro\",\"isPartOf\":{\"@id\":\"https:\\\/\\\/www.visit-montenegro.com\\\/me\\\/#website\"},\"primaryImageOfPage\":{\"@id\":\"https:\\\/\\\/www.visit-montenegro.com\\\/me\\\/manastir-ostrog\\\/crkve\\\/#primaryimage\"},\"image\":{\"@id\":\"https:\\\/\\\/www.visit-montenegro.com\\\/me\\\/manastir-ostrog\\\/crkve\\\/#primaryimage\"},\"thumbnailUrl\":\"https:\\\/\\\/www.visit-montenegro.com\\\/wp-content\\\/uploads\\\/2026\\\/01\\\/ostrog-monastery-01-scaled.jpg\",\"datePublished\":\"2026-01-28T18:16:59+00:00\",\"dateModified\":\"2026-02-22T16:18:41+00:00\",\"description\":\"Istra\u017eite crkve u Crnoj Gori posve\u0107ene Svetom Vasiliju Ostro\u0161kom, od Nik\u0161i\u0107a do Bara. Otkrijte duhovna mjesta i njihov istorijski zna\u010daj u ovom vodi\u010du.\",\"breadcrumb\":{\"@id\":\"https:\\\/\\\/www.visit-montenegro.com\\\/me\\\/manastir-ostrog\\\/crkve\\\/#breadcrumb\"},\"inLanguage\":\"sr-Latn-ME\",\"potentialAction\":[{\"@type\":\"ReadAction\",\"target\":[\"https:\\\/\\\/www.visit-montenegro.com\\\/me\\\/manastir-ostrog\\\/crkve\\\/\"]}]},{\"@type\":\"ImageObject\",\"inLanguage\":\"sr-Latn-ME\",\"@id\":\"https:\\\/\\\/www.visit-montenegro.com\\\/me\\\/manastir-ostrog\\\/crkve\\\/#primaryimage\",\"url\":\"https:\\\/\\\/www.visit-montenegro.com\\\/wp-content\\\/uploads\\\/2026\\\/01\\\/ostrog-monastery-01-scaled.jpg\",\"contentUrl\":\"https:\\\/\\\/www.visit-montenegro.com\\\/wp-content\\\/uploads\\\/2026\\\/01\\\/ostrog-monastery-01-scaled.jpg\",\"width\":1600,\"height\":1067},{\"@type\":\"BreadcrumbList\",\"@id\":\"https:\\\/\\\/www.visit-montenegro.com\\\/me\\\/manastir-ostrog\\\/crkve\\\/#breadcrumb\",\"itemListElement\":[{\"@type\":\"ListItem\",\"position\":1,\"name\":\"Home\",\"item\":\"https:\\\/\\\/www.visit-montenegro.com\\\/me\\\/pocetna\\\/\"},{\"@type\":\"ListItem\",\"position\":2,\"name\":\"Manastir Ostrog\",\"item\":\"https:\\\/\\\/www.visit-montenegro.com\\\/me\\\/manastir-ostrog\\\/\"},{\"@type\":\"ListItem\",\"position\":3,\"name\":\"Crkve posve\u0107ene Svetom Vasiliju Ostro\u0161kom\"}]},{\"@type\":\"WebSite\",\"@id\":\"https:\\\/\\\/www.visit-montenegro.com\\\/me\\\/#website\",\"url\":\"https:\\\/\\\/www.visit-montenegro.com\\\/me\\\/\",\"name\":\"Visit Montenegro\",\"description\":\"Breathtaking beauty\",\"publisher\":{\"@id\":\"https:\\\/\\\/www.visit-montenegro.com\\\/me\\\/#organization\"},\"potentialAction\":[{\"@type\":\"SearchAction\",\"target\":{\"@type\":\"EntryPoint\",\"urlTemplate\":\"https:\\\/\\\/www.visit-montenegro.com\\\/me\\\/?s={search_term_string}\"},\"query-input\":{\"@type\":\"PropertyValueSpecification\",\"valueRequired\":true,\"valueName\":\"search_term_string\"}}],\"inLanguage\":\"sr-Latn-ME\"},{\"@type\":\"Organization\",\"@id\":\"https:\\\/\\\/www.visit-montenegro.com\\\/me\\\/#organization\",\"name\":\"Visit Montenegro\",\"url\":\"https:\\\/\\\/www.visit-montenegro.com\\\/me\\\/\",\"logo\":{\"@type\":\"ImageObject\",\"inLanguage\":\"sr-Latn-ME\",\"@id\":\"https:\\\/\\\/www.visit-montenegro.com\\\/me\\\/#\\\/schema\\\/logo\\\/image\\\/\",\"url\":\"https:\\\/\\\/www.visit-montenegro.com\\\/wp-content\\\/uploads\\\/2017\\\/10\\\/logo-amp.png\",\"contentUrl\":\"https:\\\/\\\/www.visit-montenegro.com\\\/wp-content\\\/uploads\\\/2017\\\/10\\\/logo-amp.png\",\"width\":190,\"height\":36,\"caption\":\"Visit Montenegro\"},\"image\":{\"@id\":\"https:\\\/\\\/www.visit-montenegro.com\\\/me\\\/#\\\/schema\\\/logo\\\/image\\\/\"},\"sameAs\":[\"https:\\\/\\\/www.facebook.com\\\/visitmontenegro\",\"https:\\\/\\\/x.com\\\/visitmontenegro\",\"https:\\\/\\\/www.instagram.com\\\/visit_montenegro\\\/\",\"https:\\\/\\\/www.youtube.com\\\/user\\\/VisitMontenegro\"]}]}<\/script>\n<!-- \/ Yoast SEO plugin. -->","yoast_head_json":{"title":"Crkve posve\u0107ene Svetom Vasiliju Ostro\u0161kom - Visit Montenegro","description":"Istra\u017eite crkve u Crnoj Gori posve\u0107ene Svetom Vasiliju Ostro\u0161kom, od Nik\u0161i\u0107a do Bara. Otkrijte duhovna mjesta i njihov istorijski zna\u010daj u ovom vodi\u010du.","robots":{"index":"index","follow":"follow","max-snippet":"max-snippet:-1","max-image-preview":"max-image-preview:large","max-video-preview":"max-video-preview:-1"},"canonical":"https:\/\/www.visit-montenegro.com\/me\/manastir-ostrog\/crkve\/","og_locale":"en_US","og_type":"article","og_title":"Crkve posve\u0107ene Svetom Vasiliju Ostro\u0161kom - Visit Montenegro","og_description":"Istra\u017eite crkve u Crnoj Gori posve\u0107ene Svetom Vasiliju Ostro\u0161kom, od Nik\u0161i\u0107a do Bara. Otkrijte duhovna mjesta i njihov istorijski zna\u010daj u ovom vodi\u010du.","og_url":"https:\/\/www.visit-montenegro.com\/me\/manastir-ostrog\/crkve\/","og_site_name":"Visit Montenegro","article_publisher":"https:\/\/www.facebook.com\/visitmontenegro","article_modified_time":"2026-02-22T16:18:41+00:00","og_image":[{"width":1600,"height":1067,"url":"https:\/\/www.visit-montenegro.com\/wp-content\/uploads\/2026\/01\/ostrog-monastery-01-scaled.jpg","type":"image\/jpeg"}],"twitter_card":"summary_large_image","twitter_site":"@visitmontenegro","twitter_misc":{"Est. reading time":"1 minute"},"schema":{"@context":"https:\/\/schema.org","@graph":[{"@type":"WebPage","@id":"https:\/\/www.visit-montenegro.com\/me\/manastir-ostrog\/crkve\/","url":"https:\/\/www.visit-montenegro.com\/me\/manastir-ostrog\/crkve\/","name":"Crkve posve\u0107ene Svetom Vasiliju Ostro\u0161kom - Visit Montenegro","isPartOf":{"@id":"https:\/\/www.visit-montenegro.com\/me\/#website"},"primaryImageOfPage":{"@id":"https:\/\/www.visit-montenegro.com\/me\/manastir-ostrog\/crkve\/#primaryimage"},"image":{"@id":"https:\/\/www.visit-montenegro.com\/me\/manastir-ostrog\/crkve\/#primaryimage"},"thumbnailUrl":"https:\/\/www.visit-montenegro.com\/wp-content\/uploads\/2026\/01\/ostrog-monastery-01-scaled.jpg","datePublished":"2026-01-28T18:16:59+00:00","dateModified":"2026-02-22T16:18:41+00:00","description":"Istra\u017eite crkve u Crnoj Gori posve\u0107ene Svetom Vasiliju Ostro\u0161kom, od Nik\u0161i\u0107a do Bara. Otkrijte duhovna mjesta i njihov istorijski zna\u010daj u ovom vodi\u010du.","breadcrumb":{"@id":"https:\/\/www.visit-montenegro.com\/me\/manastir-ostrog\/crkve\/#breadcrumb"},"inLanguage":"sr-Latn-ME","potentialAction":[{"@type":"ReadAction","target":["https:\/\/www.visit-montenegro.com\/me\/manastir-ostrog\/crkve\/"]}]},{"@type":"ImageObject","inLanguage":"sr-Latn-ME","@id":"https:\/\/www.visit-montenegro.com\/me\/manastir-ostrog\/crkve\/#primaryimage","url":"https:\/\/www.visit-montenegro.com\/wp-content\/uploads\/2026\/01\/ostrog-monastery-01-scaled.jpg","contentUrl":"https:\/\/www.visit-montenegro.com\/wp-content\/uploads\/2026\/01\/ostrog-monastery-01-scaled.jpg","width":1600,"height":1067},{"@type":"BreadcrumbList","@id":"https:\/\/www.visit-montenegro.com\/me\/manastir-ostrog\/crkve\/#breadcrumb","itemListElement":[{"@type":"ListItem","position":1,"name":"Home","item":"https:\/\/www.visit-montenegro.com\/me\/pocetna\/"},{"@type":"ListItem","position":2,"name":"Manastir Ostrog","item":"https:\/\/www.visit-montenegro.com\/me\/manastir-ostrog\/"},{"@type":"ListItem","position":3,"name":"Crkve posve\u0107ene Svetom Vasiliju Ostro\u0161kom"}]},{"@type":"WebSite","@id":"https:\/\/www.visit-montenegro.com\/me\/#website","url":"https:\/\/www.visit-montenegro.com\/me\/","name":"Visit Montenegro","description":"Breathtaking beauty","publisher":{"@id":"https:\/\/www.visit-montenegro.com\/me\/#organization"},"potentialAction":[{"@type":"SearchAction","target":{"@type":"EntryPoint","urlTemplate":"https:\/\/www.visit-montenegro.com\/me\/?s={search_term_string}"},"query-input":{"@type":"PropertyValueSpecification","valueRequired":true,"valueName":"search_term_string"}}],"inLanguage":"sr-Latn-ME"},{"@type":"Organization","@id":"https:\/\/www.visit-montenegro.com\/me\/#organization","name":"Visit Montenegro","url":"https:\/\/www.visit-montenegro.com\/me\/","logo":{"@type":"ImageObject","inLanguage":"sr-Latn-ME","@id":"https:\/\/www.visit-montenegro.com\/me\/#\/schema\/logo\/image\/","url":"https:\/\/www.visit-montenegro.com\/wp-content\/uploads\/2017\/10\/logo-amp.png","contentUrl":"https:\/\/www.visit-montenegro.com\/wp-content\/uploads\/2017\/10\/logo-amp.png","width":190,"height":36,"caption":"Visit Montenegro"},"image":{"@id":"https:\/\/www.visit-montenegro.com\/me\/#\/schema\/logo\/image\/"},"sameAs":["https:\/\/www.facebook.com\/visitmontenegro","https:\/\/x.com\/visitmontenegro","https:\/\/www.instagram.com\/visit_montenegro\/","https:\/\/www.youtube.com\/user\/VisitMontenegro"]}]}},"translations":[],"_links":{"self":[{"href":"https:\/\/www.visit-montenegro.com\/me\/wp-json\/wp\/v2\/pages\/134310","targetHints":{"allow":["GET"]}}],"collection":[{"href":"https:\/\/www.visit-montenegro.com\/me\/wp-json\/wp\/v2\/pages"}],"about":[{"href":"https:\/\/www.visit-montenegro.com\/me\/wp-json\/wp\/v2\/types\/page"}],"author":[{"embeddable":true,"href":"https:\/\/www.visit-montenegro.com\/me\/wp-json\/wp\/v2\/users\/1"}],"replies":[{"embeddable":true,"href":"https:\/\/www.visit-montenegro.com\/me\/wp-json\/wp\/v2\/comments?post=134310"}],"version-history":[{"count":0,"href":"https:\/\/www.visit-montenegro.com\/me\/wp-json\/wp\/v2\/pages\/134310\/revisions"}],"up":[{"embeddable":true,"href":"https:\/\/www.visit-montenegro.com\/me\/wp-json\/wp\/v2\/pages\/133955"}],"wp:featuredmedia":[{"embeddable":true,"href":"https:\/\/www.visit-montenegro.com\/me\/wp-json\/wp\/v2\/media\/133956"}],"wp:attachment":[{"href":"https:\/\/www.visit-montenegro.com\/me\/wp-json\/wp\/v2\/media?parent=134310"}],"wp:term":[{"taxonomy":"post_tag","embeddable":true,"href":"https:\/\/www.visit-montenegro.com\/me\/wp-json\/wp\/v2\/tags?post=134310"}],"curies":[{"name":"wp","href":"https:\/\/api.w.org\/{rel}","templated":true}]}}