{"id":134330,"date":"2026-01-28T19:16:59","date_gmt":"2026-01-28T18:16:59","guid":{"rendered":"https:\/\/new.visit-montenegro.com\/manastir-ostrog\/gdje\/"},"modified":"2026-02-22T17:18:41","modified_gmt":"2026-02-22T16:18:41","slug":"gdje","status":"publish","type":"page","link":"https:\/\/www.visit-montenegro.com\/me\/manastir-ostrog\/gdje\/","title":{"rendered":"Lokacija Manastira Ostrog"},"content":{"rendered":"\n<p>Manastir <a href=\"https:\/\/www.visit-montenegro.com\/me\/destinacije\/niksic\/atrakcije\/ostrog\/\">Ostrog<\/a> je srpski pravoslavni manastir iz 17. vijeka isklesan u vertikalnoj litici u Crnoj Gori, lociran oko 50 km od Podgorice i 15 km od Nik\u0161i\u0107a, \u0161to ga \u010dini klju\u010dnim duhovnim i istorijskim mjestom sa zadivljuju\u0107im prirodnim okru\u017eenjem.<\/p>\n\n<hr class=\"wp-block-separator has-alpha-channel-opacity\"\/>\n\n<h2 class=\"wp-block-heading\">Lokacija i pristupa\u010dnost<\/h2>\n\n<p>Manastir <strong>Lokacija Manastira Ostrog<\/strong> nalazi se na rubu bogate Bjelopavli\u0107ke ravnice, isklesan visoko u liticama, sa lakim pristupom za posjetioce i avanturom koju ne \u017eelite propustiti. Lociran je oko 50 kilometara od glavnog grada Crne Gore, Podgorice i oko 15 kilometara od drugog najve\u0107eg grada u Crnoj Gori \u2013 Nik\u0161i\u0107a. Budu\u0107i da ova dva grada imaju direktnu autoputnu vezu, pronala\u017eenje <strong>Lokacije Manastira Ostrog<\/strong> je brzo i jednostavno.<\/p>\n\n<p>Dolaskom avionom na aerodrom <a href=\"https:\/\/www.visit-montenegro.com\/me\/destinacije\/podgorica\/\">Podgorica<\/a>, udaljenost od aerodroma do grada je 10 kilometara, a odatle vo\u017enja do <strong>Lokacije Manastira Ostrog<\/strong> traje oko 50 minuta. Dolaskom avionom na aerodrom <a href=\"https:\/\/www.visit-montenegro.com\/me\/destinacije\/tivat\/\">Tivat<\/a>, stari put iz obli\u017enjeg grada Risana ide direktno do Nik\u0161i\u0107a, \u0161to je kra\u0107e nego putovanje kroz gradove Budvu, <a href=\"https:\/\/www.visit-montenegro.com\/me\/destinacije\/cetinje\/\">Cetinje<\/a> ili Podgoricu. Vo\u017enja iz Beograda (Srbija) bi i\u0161la kroz Podgoricu, a vo\u017enja iz Sarajeva (Bosna) ili Dubrovnika (Hrvatska) bi i\u0161la kroz <a href=\"https:\/\/www.visit-montenegro.com\/me\/destinacije\/niksic\/\">Nik\u0161i\u0107<\/a>. Dobri uslovi na putevima i veze sa glavnim gradovima su jo\u0161 jedan razlog za\u0161to posjeti manastiru brzo rastu iz godine u godinu.<\/p>\n\n<h2 class=\"wp-block-heading\">Prirodni i istorijski zna\u010daj<\/h2>\n\n<p>Putuju\u0107i do i od manastira, bogata Bjelopavli\u0107ka ravnica pozdravlja putnika, kroz koju jedna od najve\u0107ih crnogorskih rijeka Zeta tiho te\u010de. Zadivljuju\u0107i prirodni pejza\u017ei okru\u017eeni pogledom i zvukom vodopada Peru\u0107ica kao da pove\u0107avaju divlju snagu ukro\u0107enog kamena i vode. Neobi\u010dan osje\u0107aj mira do\u017eivljen kroz ravanicu brzo je zamijenjen svetim mirom litica <strong>Lokacije Manastira Ostrog<\/strong>, koje vijekovima \u010duvaju mitove, legende, \u010duda i pri\u010de o slobodi ljudi velikih i malih koji su putovali do njih. Kroz vijekove, u regionu <strong>Lokacije Manastira Ostrog<\/strong>, u ovim nevjerovatnim i nestvarnim prirodnim pejza\u017eima Crne Gore, zemlja je za\u010de\u0107ena u periodima mira i kroz periode nade za slobodu. Pjesnici, pisci, dr\u017eavnici, kao i obi\u010dni ljudi putovali su da vide ovaj misti\u010dni, jedinstveni dio Crne Gore.<\/p>\n\n<p>Gornji manastir <strong>Lokacije Manastira Ostrog<\/strong> daje putniku osje\u0107aj stajanja na balkonu koji vam omogu\u0107ava da vidite cijelu Crnu Goru. Dolina rijeke Zeta obrubljena je \u0161umskim parcelama, a u toplim mjesecima godine cvatu\u0107i vo\u0107njaci i polja zasa\u0111ena raznim proizvodima.<\/p>\n\n<h3 class=\"wp-block-heading\">Sezonska razmatranja i transport<\/h3>\n\n<p>Manastir se nalazi na 900 metara nadmorske visine, tako da je tokom zimskih mjeseci put do njega izazov \u010dak i za najiskusnije putnike. Ipak, istinski vjernici i dalje dolaze u sve ve\u0107em broju \u010dak i u ovo doba godine. Iako je najbolji na\u010din da posjetite manastir hodanje od autoputa Podgorica kroz selo Bogeti\u0107 prema Gornjem i Donjem manastiru, transport vozilima u obliku taksija ili iznajmljenih karavana uvijek je dostupan iz Nik\u0161i\u0107a direktno do kapija.<\/p>\n\n<h2 class=\"wp-block-heading\" style=\"margin-top:0;margin-bottom:0;padding-top:0rem;padding-bottom:0rem\">Saznajte vi\u0161e o Manastiru Ostrog<\/h2>\n\n<div class=\"wp-block-query is-layout-flow wp-block-query-is-layout-flow\"><ul class=\"wp-block-post-template is-layout-flow wp-block-post-template-is-layout-flow\"><li class=\"wp-block-post post-134310 page type-page status-publish has-post-thumbnail hentry\">\n<h6 style=\"text-decoration:underline; border-style:none;border-width:0px; padding-top:0px;padding-bottom:0px;padding-left:var(--wp--preset--spacing--50);padding-right:var(--wp--preset--spacing--50);margin-right:0;margin-left:0;margin-top:0px;margin-bottom:0px;\" class=\"has-link-color wp-elements-0a45992c3b14e5d616ed7c3546852965 wp-block-post-title\"><a href=\"https:\/\/www.visit-montenegro.com\/me\/manastir-ostrog\/crkve\/\" target=\"_self\" >Crkve posve\u0107ene Svetom Vasiliju Ostro\u0161kom<\/a><\/h6>\n<\/li><li class=\"wp-block-post post-134318 page type-page status-publish has-post-thumbnail hentry\">\n<h6 style=\"text-decoration:underline; border-style:none;border-width:0px; padding-top:0px;padding-bottom:0px;padding-left:var(--wp--preset--spacing--50);padding-right:var(--wp--preset--spacing--50);margin-right:0;margin-left:0;margin-top:0px;margin-bottom:0px;\" class=\"has-link-color wp-elements-0a45992c3b14e5d616ed7c3546852965 wp-block-post-title\"><a href=\"https:\/\/www.visit-montenegro.com\/me\/manastir-ostrog\/istorija\/\" target=\"_self\" >Istorija Manastira Ostrog<\/a><\/h6>\n<\/li><li class=\"wp-block-post post-133984 page type-page status-publish has-post-thumbnail hentry\">\n<h6 style=\"text-decoration:underline; border-style:none;border-width:0px; padding-top:0px;padding-bottom:0px;padding-left:var(--wp--preset--spacing--50);padding-right:var(--wp--preset--spacing--50);margin-right:0;margin-left:0;margin-top:0px;margin-bottom:0px;\" class=\"has-link-color wp-elements-0a45992c3b14e5d616ed7c3546852965 wp-block-post-title\"><a href=\"https:\/\/www.visit-montenegro.com\/me\/manastir-ostrog\/region\/\" target=\"_self\" >Istorija O\u0161tro\u0161kog regiona<\/a><\/h6>\n<\/li><li class=\"wp-block-post post-134334 page type-page status-publish has-post-thumbnail hentry\">\n<h6 style=\"text-decoration:underline; border-style:none;border-width:0px; padding-top:0px;padding-bottom:0px;padding-left:var(--wp--preset--spacing--50);padding-right:var(--wp--preset--spacing--50);margin-right:0;margin-left:0;margin-top:0px;margin-bottom:0px;\" class=\"has-link-color wp-elements-0a45992c3b14e5d616ed7c3546852965 wp-block-post-title\"><a href=\"https:\/\/www.visit-montenegro.com\/me\/manastir-ostrog\/izgradnja\/\" target=\"_self\" >Izgradnja manastira Ostrog<\/a><\/h6>\n<\/li><li class=\"wp-block-post post-134322 page type-page status-publish has-post-thumbnail hentry\">\n<h6 style=\"text-decoration:underline; border-style:none;border-width:0px; padding-top:0px;padding-bottom:0px;padding-left:var(--wp--preset--spacing--50);padding-right:var(--wp--preset--spacing--50);margin-right:0;margin-left:0;margin-top:0px;margin-bottom:0px;\" class=\"has-link-color wp-elements-0a45992c3b14e5d616ed7c3546852965 wp-block-post-title\"><a href=\"https:\/\/www.visit-montenegro.com\/me\/manastir-ostrog\/kulturna\/\" target=\"_self\" >Kulturna ba\u0161tina manastira Ostrog<\/a><\/h6>\n<\/li><li class=\"wp-block-post post-134314 page type-page status-publish has-post-thumbnail hentry\">\n<h6 style=\"text-decoration:underline; border-style:none;border-width:0px; padding-top:0px;padding-bottom:0px;padding-left:var(--wp--preset--spacing--50);padding-right:var(--wp--preset--spacing--50);margin-right:0;margin-left:0;margin-top:0px;margin-bottom:0px;\" class=\"has-link-color wp-elements-0a45992c3b14e5d616ed7c3546852965 wp-block-post-title\"><a href=\"https:\/\/www.visit-montenegro.com\/me\/manastir-ostrog\/legende\/\" target=\"_self\" >Legende i mitovi o manastiru Ostrog<\/a><\/h6>\n<\/li><li class=\"wp-block-post post-134330 page type-page status-publish has-post-thumbnail hentry\">\n<h6 style=\"text-decoration:underline; border-style:none;border-width:0px; padding-top:0px;padding-bottom:0px;padding-left:var(--wp--preset--spacing--50);padding-right:var(--wp--preset--spacing--50);margin-right:0;margin-left:0;margin-top:0px;margin-bottom:0px;\" class=\"has-link-color wp-elements-0a45992c3b14e5d616ed7c3546852965 wp-block-post-title\"><a href=\"https:\/\/www.visit-montenegro.com\/me\/manastir-ostrog\/gdje\/\" target=\"_self\" >Lokacija Manastira Ostrog<\/a><\/h6>\n<\/li><li class=\"wp-block-post post-133988 page type-page status-publish has-post-thumbnail hentry\">\n<h6 style=\"text-decoration:underline; border-style:none;border-width:0px; padding-top:0px;padding-bottom:0px;padding-left:var(--wp--preset--spacing--50);padding-right:var(--wp--preset--spacing--50);margin-right:0;margin-left:0;margin-top:0px;margin-bottom:0px;\" class=\"has-link-color wp-elements-0a45992c3b14e5d616ed7c3546852965 wp-block-post-title\"><a href=\"https:\/\/www.visit-montenegro.com\/me\/manastir-ostrog\/molitva\/\" target=\"_self\" >Molitva Svetom Vasiliju<\/a><\/h6>\n<\/li><li class=\"wp-block-post post-134306 page type-page status-publish has-post-thumbnail hentry\">\n<h6 style=\"text-decoration:underline; border-style:none;border-width:0px; padding-top:0px;padding-bottom:0px;padding-left:var(--wp--preset--spacing--50);padding-right:var(--wp--preset--spacing--50);margin-right:0;margin-left:0;margin-top:0px;margin-bottom:0px;\" class=\"has-link-color wp-elements-0a45992c3b14e5d616ed7c3546852965 wp-block-post-title\"><a href=\"https:\/\/www.visit-montenegro.com\/me\/manastir-ostrog\/gatherings\/\" target=\"_self\" >Praznici i okupljanja u manastiru Ostrog<\/a><\/h6>\n<\/li><li class=\"wp-block-post post-134342 page type-page status-publish has-post-thumbnail hentry\">\n<h6 style=\"text-decoration:underline; border-style:none;border-width:0px; padding-top:0px;padding-bottom:0px;padding-left:var(--wp--preset--spacing--50);padding-right:var(--wp--preset--spacing--50);margin-right:0;margin-left:0;margin-top:0px;margin-bottom:0px;\" class=\"has-link-color wp-elements-0a45992c3b14e5d616ed7c3546852965 wp-block-post-title\"><a href=\"https:\/\/www.visit-montenegro.com\/me\/manastir-ostrog\/price\/\" target=\"_self\" >Pri\u010de o \u010dudima Ostro\u0161kog manastira<\/a><\/h6>\n<\/li><li class=\"wp-block-post post-134326 page type-page status-publish has-post-thumbnail hentry\">\n<h6 style=\"text-decoration:underline; border-style:none;border-width:0px; padding-top:0px;padding-bottom:0px;padding-left:var(--wp--preset--spacing--50);padding-right:var(--wp--preset--spacing--50);margin-right:0;margin-left:0;margin-top:0px;margin-bottom:0px;\" class=\"has-link-color wp-elements-0a45992c3b14e5d616ed7c3546852965 wp-block-post-title\"><a href=\"https:\/\/www.visit-montenegro.com\/me\/manastir-ostrog\/drugi\/\" target=\"_self\" >\u0160ta drugi ka\u017eu o manastiru Ostrog<\/a><\/h6>\n<\/li><li class=\"wp-block-post post-134338 page type-page status-publish has-post-thumbnail hentry\">\n<h6 style=\"text-decoration:underline; border-style:none;border-width:0px; padding-top:0px;padding-bottom:0px;padding-left:var(--wp--preset--spacing--50);padding-right:var(--wp--preset--spacing--50);margin-right:0;margin-left:0;margin-top:0px;margin-bottom:0px;\" class=\"has-link-color wp-elements-0a45992c3b14e5d616ed7c3546852965 wp-block-post-title\"><a href=\"https:\/\/www.visit-montenegro.com\/me\/manastir-ostrog\/tradicije\/\" target=\"_self\" >Tradicije manastira Ostrog<\/a><\/h6>\n<\/li><li class=\"wp-block-post post-134302 page type-page status-publish has-post-thumbnail hentry\">\n<h6 style=\"text-decoration:underline; border-style:none;border-width:0px; padding-top:0px;padding-bottom:0px;padding-left:var(--wp--preset--spacing--50);padding-right:var(--wp--preset--spacing--50);margin-right:0;margin-left:0;margin-top:0px;margin-bottom:0px;\" class=\"has-link-color wp-elements-0a45992c3b14e5d616ed7c3546852965 wp-block-post-title\"><a href=\"https:\/\/www.visit-montenegro.com\/me\/manastir-ostrog\/zivot\/\" target=\"_self\" >\u017divot Svetog Vasilija Ostro\u0161kog<\/a><\/h6>\n<\/li><\/ul>\n\n<\/div>\n","protected":false},"excerpt":{"rendered":"<p>Otkrijte Manastir Ostrog, zadivljuju\u0107e svetili\u0161te isklesano u litici u Crnoj Gori. Saznajte o njegovoj pristupa\u010dnoj lokaciji blizu Podgorice i Nik\u0161i\u0107a, i istra\u017eite njegovu bogatu istoriju i zadivljuju\u0107e prirodno okru\u017eenje.<\/p>\n","protected":false},"author":1,"featured_media":133956,"parent":133955,"menu_order":0,"comment_status":"open","ping_status":"open","template":"","meta":{"_yoast_wpseo_focuskw":"Lokacija Manastira Ostrog","_yoast_wpseo_metadesc":"Istra\u017eite lokaciju, istoriju i zadivljuju\u0107e poglede Manastira Ostrog u Crnoj Gori. Planirajte svoj posjet sa savjetima o pristupa\u010dnosti i prirodnoj ljepoti.","_kad_post_transparent":"","_kad_post_title":"","_kad_post_layout":"","_kad_post_sidebar_id":"","_kad_post_content_style":"","_kad_post_vertical_padding":"","_kad_post_feature":"","_kad_post_feature_position":"","_kad_post_header":false,"_kad_post_footer":false,"_kad_post_classname":"","iawp_total_views":88,"footnotes":""},"tags":[],"class_list":["post-134330","page","type-page","status-publish","has-post-thumbnail","hentry"],"yoast_head":"<!-- This site is optimized with the Yoast SEO plugin v27.3 - https:\/\/yoast.com\/product\/yoast-seo-wordpress\/ -->\n<title>Lokacija Manastira Ostrog - Visit Montenegro<\/title>\n<meta name=\"description\" content=\"Istra\u017eite lokaciju, istoriju i zadivljuju\u0107e poglede Manastira Ostrog u Crnoj Gori. Planirajte svoj posjet sa savjetima o pristupa\u010dnosti i prirodnoj ljepoti.\" \/>\n<meta name=\"robots\" content=\"index, follow, max-snippet:-1, max-image-preview:large, max-video-preview:-1\" \/>\n<link rel=\"canonical\" href=\"https:\/\/www.visit-montenegro.com\/me\/manastir-ostrog\/gdje\/\" \/>\n<meta property=\"og:locale\" content=\"en_US\" \/>\n<meta property=\"og:type\" content=\"article\" \/>\n<meta property=\"og:title\" content=\"Lokacija Manastira Ostrog - Visit Montenegro\" \/>\n<meta property=\"og:description\" content=\"Istra\u017eite lokaciju, istoriju i zadivljuju\u0107e poglede Manastira Ostrog u Crnoj Gori. Planirajte svoj posjet sa savjetima o pristupa\u010dnosti i prirodnoj ljepoti.\" \/>\n<meta property=\"og:url\" content=\"https:\/\/www.visit-montenegro.com\/me\/manastir-ostrog\/gdje\/\" \/>\n<meta property=\"og:site_name\" content=\"Visit Montenegro\" \/>\n<meta property=\"article:publisher\" content=\"https:\/\/www.facebook.com\/visitmontenegro\" \/>\n<meta property=\"article:modified_time\" content=\"2026-02-22T16:18:41+00:00\" \/>\n<meta property=\"og:image\" content=\"https:\/\/www.visit-montenegro.com\/wp-content\/uploads\/2026\/01\/ostrog-monastery-01-scaled.jpg\" \/>\n\t<meta property=\"og:image:width\" content=\"1600\" \/>\n\t<meta property=\"og:image:height\" content=\"1067\" \/>\n\t<meta property=\"og:image:type\" content=\"image\/jpeg\" \/>\n<meta name=\"twitter:card\" content=\"summary_large_image\" \/>\n<meta name=\"twitter:site\" content=\"@visitmontenegro\" \/>\n<meta name=\"twitter:label1\" content=\"Est. reading time\" \/>\n\t<meta name=\"twitter:data1\" content=\"2 minutes\" \/>\n<script type=\"application\/ld+json\" class=\"yoast-schema-graph\">{\"@context\":\"https:\\\/\\\/schema.org\",\"@graph\":[{\"@type\":\"WebPage\",\"@id\":\"https:\\\/\\\/www.visit-montenegro.com\\\/me\\\/manastir-ostrog\\\/gdje\\\/\",\"url\":\"https:\\\/\\\/www.visit-montenegro.com\\\/me\\\/manastir-ostrog\\\/gdje\\\/\",\"name\":\"Lokacija Manastira Ostrog - Visit Montenegro\",\"isPartOf\":{\"@id\":\"https:\\\/\\\/www.visit-montenegro.com\\\/me\\\/#website\"},\"primaryImageOfPage\":{\"@id\":\"https:\\\/\\\/www.visit-montenegro.com\\\/me\\\/manastir-ostrog\\\/gdje\\\/#primaryimage\"},\"image\":{\"@id\":\"https:\\\/\\\/www.visit-montenegro.com\\\/me\\\/manastir-ostrog\\\/gdje\\\/#primaryimage\"},\"thumbnailUrl\":\"https:\\\/\\\/www.visit-montenegro.com\\\/wp-content\\\/uploads\\\/2026\\\/01\\\/ostrog-monastery-01-scaled.jpg\",\"datePublished\":\"2026-01-28T18:16:59+00:00\",\"dateModified\":\"2026-02-22T16:18:41+00:00\",\"description\":\"Istra\u017eite lokaciju, istoriju i zadivljuju\u0107e poglede Manastira Ostrog u Crnoj Gori. Planirajte svoj posjet sa savjetima o pristupa\u010dnosti i prirodnoj ljepoti.\",\"breadcrumb\":{\"@id\":\"https:\\\/\\\/www.visit-montenegro.com\\\/me\\\/manastir-ostrog\\\/gdje\\\/#breadcrumb\"},\"inLanguage\":\"sr-Latn-ME\",\"potentialAction\":[{\"@type\":\"ReadAction\",\"target\":[\"https:\\\/\\\/www.visit-montenegro.com\\\/me\\\/manastir-ostrog\\\/gdje\\\/\"]}]},{\"@type\":\"ImageObject\",\"inLanguage\":\"sr-Latn-ME\",\"@id\":\"https:\\\/\\\/www.visit-montenegro.com\\\/me\\\/manastir-ostrog\\\/gdje\\\/#primaryimage\",\"url\":\"https:\\\/\\\/www.visit-montenegro.com\\\/wp-content\\\/uploads\\\/2026\\\/01\\\/ostrog-monastery-01-scaled.jpg\",\"contentUrl\":\"https:\\\/\\\/www.visit-montenegro.com\\\/wp-content\\\/uploads\\\/2026\\\/01\\\/ostrog-monastery-01-scaled.jpg\",\"width\":1600,\"height\":1067},{\"@type\":\"BreadcrumbList\",\"@id\":\"https:\\\/\\\/www.visit-montenegro.com\\\/me\\\/manastir-ostrog\\\/gdje\\\/#breadcrumb\",\"itemListElement\":[{\"@type\":\"ListItem\",\"position\":1,\"name\":\"Home\",\"item\":\"https:\\\/\\\/www.visit-montenegro.com\\\/me\\\/pocetna\\\/\"},{\"@type\":\"ListItem\",\"position\":2,\"name\":\"Manastir Ostrog\",\"item\":\"https:\\\/\\\/www.visit-montenegro.com\\\/me\\\/manastir-ostrog\\\/\"},{\"@type\":\"ListItem\",\"position\":3,\"name\":\"Lokacija Manastira Ostrog\"}]},{\"@type\":\"WebSite\",\"@id\":\"https:\\\/\\\/www.visit-montenegro.com\\\/me\\\/#website\",\"url\":\"https:\\\/\\\/www.visit-montenegro.com\\\/me\\\/\",\"name\":\"Visit Montenegro\",\"description\":\"Breathtaking beauty\",\"publisher\":{\"@id\":\"https:\\\/\\\/www.visit-montenegro.com\\\/me\\\/#organization\"},\"potentialAction\":[{\"@type\":\"SearchAction\",\"target\":{\"@type\":\"EntryPoint\",\"urlTemplate\":\"https:\\\/\\\/www.visit-montenegro.com\\\/me\\\/?s={search_term_string}\"},\"query-input\":{\"@type\":\"PropertyValueSpecification\",\"valueRequired\":true,\"valueName\":\"search_term_string\"}}],\"inLanguage\":\"sr-Latn-ME\"},{\"@type\":\"Organization\",\"@id\":\"https:\\\/\\\/www.visit-montenegro.com\\\/me\\\/#organization\",\"name\":\"Visit Montenegro\",\"url\":\"https:\\\/\\\/www.visit-montenegro.com\\\/me\\\/\",\"logo\":{\"@type\":\"ImageObject\",\"inLanguage\":\"sr-Latn-ME\",\"@id\":\"https:\\\/\\\/www.visit-montenegro.com\\\/me\\\/#\\\/schema\\\/logo\\\/image\\\/\",\"url\":\"https:\\\/\\\/www.visit-montenegro.com\\\/wp-content\\\/uploads\\\/2017\\\/10\\\/logo-amp.png\",\"contentUrl\":\"https:\\\/\\\/www.visit-montenegro.com\\\/wp-content\\\/uploads\\\/2017\\\/10\\\/logo-amp.png\",\"width\":190,\"height\":36,\"caption\":\"Visit Montenegro\"},\"image\":{\"@id\":\"https:\\\/\\\/www.visit-montenegro.com\\\/me\\\/#\\\/schema\\\/logo\\\/image\\\/\"},\"sameAs\":[\"https:\\\/\\\/www.facebook.com\\\/visitmontenegro\",\"https:\\\/\\\/x.com\\\/visitmontenegro\",\"https:\\\/\\\/www.instagram.com\\\/visit_montenegro\\\/\",\"https:\\\/\\\/www.youtube.com\\\/user\\\/VisitMontenegro\"]}]}<\/script>\n<!-- \/ Yoast SEO plugin. -->","yoast_head_json":{"title":"Lokacija Manastira Ostrog - Visit Montenegro","description":"Istra\u017eite lokaciju, istoriju i zadivljuju\u0107e poglede Manastira Ostrog u Crnoj Gori. Planirajte svoj posjet sa savjetima o pristupa\u010dnosti i prirodnoj ljepoti.","robots":{"index":"index","follow":"follow","max-snippet":"max-snippet:-1","max-image-preview":"max-image-preview:large","max-video-preview":"max-video-preview:-1"},"canonical":"https:\/\/www.visit-montenegro.com\/me\/manastir-ostrog\/gdje\/","og_locale":"en_US","og_type":"article","og_title":"Lokacija Manastira Ostrog - Visit Montenegro","og_description":"Istra\u017eite lokaciju, istoriju i zadivljuju\u0107e poglede Manastira Ostrog u Crnoj Gori. Planirajte svoj posjet sa savjetima o pristupa\u010dnosti i prirodnoj ljepoti.","og_url":"https:\/\/www.visit-montenegro.com\/me\/manastir-ostrog\/gdje\/","og_site_name":"Visit Montenegro","article_publisher":"https:\/\/www.facebook.com\/visitmontenegro","article_modified_time":"2026-02-22T16:18:41+00:00","og_image":[{"width":1600,"height":1067,"url":"https:\/\/www.visit-montenegro.com\/wp-content\/uploads\/2026\/01\/ostrog-monastery-01-scaled.jpg","type":"image\/jpeg"}],"twitter_card":"summary_large_image","twitter_site":"@visitmontenegro","twitter_misc":{"Est. reading time":"2 minutes"},"schema":{"@context":"https:\/\/schema.org","@graph":[{"@type":"WebPage","@id":"https:\/\/www.visit-montenegro.com\/me\/manastir-ostrog\/gdje\/","url":"https:\/\/www.visit-montenegro.com\/me\/manastir-ostrog\/gdje\/","name":"Lokacija Manastira Ostrog - Visit Montenegro","isPartOf":{"@id":"https:\/\/www.visit-montenegro.com\/me\/#website"},"primaryImageOfPage":{"@id":"https:\/\/www.visit-montenegro.com\/me\/manastir-ostrog\/gdje\/#primaryimage"},"image":{"@id":"https:\/\/www.visit-montenegro.com\/me\/manastir-ostrog\/gdje\/#primaryimage"},"thumbnailUrl":"https:\/\/www.visit-montenegro.com\/wp-content\/uploads\/2026\/01\/ostrog-monastery-01-scaled.jpg","datePublished":"2026-01-28T18:16:59+00:00","dateModified":"2026-02-22T16:18:41+00:00","description":"Istra\u017eite lokaciju, istoriju i zadivljuju\u0107e poglede Manastira Ostrog u Crnoj Gori. Planirajte svoj posjet sa savjetima o pristupa\u010dnosti i prirodnoj ljepoti.","breadcrumb":{"@id":"https:\/\/www.visit-montenegro.com\/me\/manastir-ostrog\/gdje\/#breadcrumb"},"inLanguage":"sr-Latn-ME","potentialAction":[{"@type":"ReadAction","target":["https:\/\/www.visit-montenegro.com\/me\/manastir-ostrog\/gdje\/"]}]},{"@type":"ImageObject","inLanguage":"sr-Latn-ME","@id":"https:\/\/www.visit-montenegro.com\/me\/manastir-ostrog\/gdje\/#primaryimage","url":"https:\/\/www.visit-montenegro.com\/wp-content\/uploads\/2026\/01\/ostrog-monastery-01-scaled.jpg","contentUrl":"https:\/\/www.visit-montenegro.com\/wp-content\/uploads\/2026\/01\/ostrog-monastery-01-scaled.jpg","width":1600,"height":1067},{"@type":"BreadcrumbList","@id":"https:\/\/www.visit-montenegro.com\/me\/manastir-ostrog\/gdje\/#breadcrumb","itemListElement":[{"@type":"ListItem","position":1,"name":"Home","item":"https:\/\/www.visit-montenegro.com\/me\/pocetna\/"},{"@type":"ListItem","position":2,"name":"Manastir Ostrog","item":"https:\/\/www.visit-montenegro.com\/me\/manastir-ostrog\/"},{"@type":"ListItem","position":3,"name":"Lokacija Manastira Ostrog"}]},{"@type":"WebSite","@id":"https:\/\/www.visit-montenegro.com\/me\/#website","url":"https:\/\/www.visit-montenegro.com\/me\/","name":"Visit Montenegro","description":"Breathtaking beauty","publisher":{"@id":"https:\/\/www.visit-montenegro.com\/me\/#organization"},"potentialAction":[{"@type":"SearchAction","target":{"@type":"EntryPoint","urlTemplate":"https:\/\/www.visit-montenegro.com\/me\/?s={search_term_string}"},"query-input":{"@type":"PropertyValueSpecification","valueRequired":true,"valueName":"search_term_string"}}],"inLanguage":"sr-Latn-ME"},{"@type":"Organization","@id":"https:\/\/www.visit-montenegro.com\/me\/#organization","name":"Visit Montenegro","url":"https:\/\/www.visit-montenegro.com\/me\/","logo":{"@type":"ImageObject","inLanguage":"sr-Latn-ME","@id":"https:\/\/www.visit-montenegro.com\/me\/#\/schema\/logo\/image\/","url":"https:\/\/www.visit-montenegro.com\/wp-content\/uploads\/2017\/10\/logo-amp.png","contentUrl":"https:\/\/www.visit-montenegro.com\/wp-content\/uploads\/2017\/10\/logo-amp.png","width":190,"height":36,"caption":"Visit Montenegro"},"image":{"@id":"https:\/\/www.visit-montenegro.com\/me\/#\/schema\/logo\/image\/"},"sameAs":["https:\/\/www.facebook.com\/visitmontenegro","https:\/\/x.com\/visitmontenegro","https:\/\/www.instagram.com\/visit_montenegro\/","https:\/\/www.youtube.com\/user\/VisitMontenegro"]}]}},"translations":[],"_links":{"self":[{"href":"https:\/\/www.visit-montenegro.com\/me\/wp-json\/wp\/v2\/pages\/134330","targetHints":{"allow":["GET"]}}],"collection":[{"href":"https:\/\/www.visit-montenegro.com\/me\/wp-json\/wp\/v2\/pages"}],"about":[{"href":"https:\/\/www.visit-montenegro.com\/me\/wp-json\/wp\/v2\/types\/page"}],"author":[{"embeddable":true,"href":"https:\/\/www.visit-montenegro.com\/me\/wp-json\/wp\/v2\/users\/1"}],"replies":[{"embeddable":true,"href":"https:\/\/www.visit-montenegro.com\/me\/wp-json\/wp\/v2\/comments?post=134330"}],"version-history":[{"count":0,"href":"https:\/\/www.visit-montenegro.com\/me\/wp-json\/wp\/v2\/pages\/134330\/revisions"}],"up":[{"embeddable":true,"href":"https:\/\/www.visit-montenegro.com\/me\/wp-json\/wp\/v2\/pages\/133955"}],"wp:featuredmedia":[{"embeddable":true,"href":"https:\/\/www.visit-montenegro.com\/me\/wp-json\/wp\/v2\/media\/133956"}],"wp:attachment":[{"href":"https:\/\/www.visit-montenegro.com\/me\/wp-json\/wp\/v2\/media?parent=134330"}],"wp:term":[{"taxonomy":"post_tag","embeddable":true,"href":"https:\/\/www.visit-montenegro.com\/me\/wp-json\/wp\/v2\/tags?post=134330"}],"curies":[{"name":"wp","href":"https:\/\/api.w.org\/{rel}","templated":true}]}}