{"id":134334,"date":"2026-01-28T19:16:59","date_gmt":"2026-01-28T18:16:59","guid":{"rendered":"https:\/\/new.visit-montenegro.com\/manastir-ostrog\/izgradnja\/"},"modified":"2026-02-22T17:18:41","modified_gmt":"2026-02-22T16:18:41","slug":"izgradnja","status":"publish","type":"page","link":"https:\/\/www.visit-montenegro.com\/me\/manastir-ostrog\/izgradnja\/","title":{"rendered":"Izgradnja manastira Ostrog"},"content":{"rendered":"\n<p>Crnogorski manastir <a href=\"https:\/\/www.visit-montenegro.com\/me\/destinacije\/niksic\/atrakcije\/ostrog\/\">Ostrog<\/a> je izuzetno arhitektonsko i duhovno dostignu\u0107e izgra\u0111eno direktno u vertikalnim liticama. Kompleks se sastoji od dva glavna dijela: Gornjeg manastira, izgra\u0111enog u pe\u0107inama visoko na planini, i Donjeg manastira, izgra\u0111enog na ravnijem terenu ispod. Njegovo stvaranje je uklju\u010divalo i bo\u017eansku inspiraciju i ogroman ljudski trud, rezultiraju\u0107i lokalitetom gdje se priroda i duhovnost prelijepo stapaju.<\/p>\n\n<hr class=\"wp-block-separator has-alpha-channel-opacity\"\/>\n\n<h2 class=\"wp-block-heading\">Vizija i izgradnja Gornjeg manastira<\/h2>\n\n<p>Kada je originalna <strong>izgradnja manastira Ostrog<\/strong> za rezidenciju Svetog Vasilija zapo\u010dela, fokus je bio na pe\u0107ini iznad sela Zagorak. Ka\u017ee se da je nakon dana posmatranja radova na ovoj lokaciji, Sveti Vasilije naredio pro\u0161irenje manastira na litice Ostroga. Kada se sljede\u0107eg dana vratio u oblast, po Bo\u017eijim naredbama, odlu\u010dio je izgraditi crkvu Vavedenja u prvoj pe\u0107ini, skladi\u0161te i spava\u0107u sobu za goste u drugoj pe\u0107ini i kapelu u tre\u0107oj pe\u0107ini gdje je ve\u0107ina vjerskih artefakata \u010duvana. Neposredno ispod manastira se ve\u0107 nalazila mala crkva, pa je dodao malu ku\u0107u da se tamo izgradi za preradu p\u0161enice i stanovanje mladih monaha.<\/p>\n\n<p>Prema ispri\u010danoj legendi sada\u0161njeg arhiepiskopa Nikodima Rai\u010devi\u0107a, sredinom XIX vijeka, Vuk Stefanovi\u0107 Karad\u017ei\u0107, najpoznatije ime u slovenskoj kulturi tog vremena, napisao je pri\u010du o Svetom Vasiliju Ostro\u0161kom. Osim pisanja o njegovom ro\u0111enju, ranim danima i putovanjima u pravoslavnoj vjeri, Vuk Stefanovi\u0107 Karad\u017ei\u0107 navodi da je Sveti Vasilije finansirao izgradnju manastira donacijama, i nastavio cijeli svoj \u017eivot sa malim iznosima novca koje je zaradio, kao i cijelim svojim postojanjem da osigura da vjera u ovom dijelu svijeta postane sinonim za kulturni i obrazovni razvoj. Posljedi\u010dno, izgra\u0111en snagom ljudskog tijela i duha, Gornji manastir, kao i cijeli kompleks, stvorili su prostor gdje se dogodilo stapanje prirode i duha.<\/p>\n\n<h2 class=\"wp-block-heading\">Razvoj i blaga Donjeg manastira<\/h2>\n\n<p>Datum kada je Donji manastir izgra\u0111en nije utvr\u0111en. Prema legendama lokalnog stanovni\u0161tva, na njegovoj sada\u0161njoj lokaciji je nekada bilo selo. Dio ove zemlje je kupio Sveti Vasilije od dva brata i ovdje je ku\u0107a koju je izgradio za mlade monahe kao njegov centar. Centar Donjeg manastira danas je crkva Svetog Trojana izgra\u0111ena 1824. godine.<\/p>\n\n<p>Crkva Svetog Trojana je jednostavna gra\u0111evina izgra\u0111ena na ravnim kamenim blokovima. Veliko kulturno blago je bogato ukra\u0161en oltar. Umjetni\u010dka djela koja danas ukra\u0161avaju njegove zidove su rad XX vijeka umjetnika Nauma Andri\u0107a. Ovi radovi prikazuju velike hri\u0161\u0107anske praznike, kao i portrete srpskog sveca Save i Ilije iz Onogo\u0161ta \u2013 osniva\u010da manastira. Velika slika na zapadnom zidu crkve predstavlja Svetog Vasilija i neka od njegovih \u010dudotvornih djela: djevojku kojoj je pomogao da progovori i muslimana kojeg je oslobodio iz lanaca. \u0160tavi\u0161e, oko crkve se nalazi velika ku\u0107a izgra\u0111ena 1742. godine i dom Svetog Vasilija izgra\u0111en 1800. godine. Na maloj udaljenosti odatle nalazi se Kulica izgra\u0111ena po\u010detkom XIX vijeka. Me\u0111u blagima Donjeg manastira je molitvena knjiga Mineon iz 1732. godine i dekorativni svije\u0107njak iz istog perioda.<\/p>\n\n<h2 class=\"wp-block-heading\">Saznajte vi\u0161e o manastiru Ostrog<\/h2>\n\n<div class=\"wp-block-query is-layout-flow wp-block-query-is-layout-flow\"><ul class=\"wp-block-post-template is-layout-flow wp-block-post-template-is-layout-flow\"><li class=\"wp-block-post post-134310 page type-page status-publish has-post-thumbnail hentry\">\n<h6 style=\"text-decoration:underline; border-style:none;border-width:0px; padding-top:0px;padding-bottom:0px;padding-left:var(--wp--preset--spacing--50);padding-right:var(--wp--preset--spacing--50);margin-right:0;margin-left:0;margin-top:0px;margin-bottom:0px;\" class=\"has-link-color wp-elements-0a45992c3b14e5d616ed7c3546852965 wp-block-post-title\"><a href=\"https:\/\/www.visit-montenegro.com\/me\/manastir-ostrog\/crkve\/\" target=\"_self\" >Crkve posve\u0107ene Svetom Vasiliju Ostro\u0161kom<\/a><\/h6>\n<\/li><li class=\"wp-block-post post-134318 page type-page status-publish has-post-thumbnail hentry\">\n<h6 style=\"text-decoration:underline; border-style:none;border-width:0px; padding-top:0px;padding-bottom:0px;padding-left:var(--wp--preset--spacing--50);padding-right:var(--wp--preset--spacing--50);margin-right:0;margin-left:0;margin-top:0px;margin-bottom:0px;\" class=\"has-link-color wp-elements-0a45992c3b14e5d616ed7c3546852965 wp-block-post-title\"><a href=\"https:\/\/www.visit-montenegro.com\/me\/manastir-ostrog\/istorija\/\" target=\"_self\" >Istorija Manastira Ostrog<\/a><\/h6>\n<\/li><li class=\"wp-block-post post-133984 page type-page status-publish has-post-thumbnail hentry\">\n<h6 style=\"text-decoration:underline; border-style:none;border-width:0px; padding-top:0px;padding-bottom:0px;padding-left:var(--wp--preset--spacing--50);padding-right:var(--wp--preset--spacing--50);margin-right:0;margin-left:0;margin-top:0px;margin-bottom:0px;\" class=\"has-link-color wp-elements-0a45992c3b14e5d616ed7c3546852965 wp-block-post-title\"><a href=\"https:\/\/www.visit-montenegro.com\/me\/manastir-ostrog\/region\/\" target=\"_self\" >Istorija O\u0161tro\u0161kog regiona<\/a><\/h6>\n<\/li><li class=\"wp-block-post post-134334 page type-page status-publish has-post-thumbnail hentry\">\n<h6 style=\"text-decoration:underline; border-style:none;border-width:0px; padding-top:0px;padding-bottom:0px;padding-left:var(--wp--preset--spacing--50);padding-right:var(--wp--preset--spacing--50);margin-right:0;margin-left:0;margin-top:0px;margin-bottom:0px;\" class=\"has-link-color wp-elements-0a45992c3b14e5d616ed7c3546852965 wp-block-post-title\"><a href=\"https:\/\/www.visit-montenegro.com\/me\/manastir-ostrog\/izgradnja\/\" target=\"_self\" >Izgradnja manastira Ostrog<\/a><\/h6>\n<\/li><li class=\"wp-block-post post-134322 page type-page status-publish has-post-thumbnail hentry\">\n<h6 style=\"text-decoration:underline; border-style:none;border-width:0px; padding-top:0px;padding-bottom:0px;padding-left:var(--wp--preset--spacing--50);padding-right:var(--wp--preset--spacing--50);margin-right:0;margin-left:0;margin-top:0px;margin-bottom:0px;\" class=\"has-link-color wp-elements-0a45992c3b14e5d616ed7c3546852965 wp-block-post-title\"><a href=\"https:\/\/www.visit-montenegro.com\/me\/manastir-ostrog\/kulturna\/\" target=\"_self\" >Kulturna ba\u0161tina manastira Ostrog<\/a><\/h6>\n<\/li><li class=\"wp-block-post post-134314 page type-page status-publish has-post-thumbnail hentry\">\n<h6 style=\"text-decoration:underline; border-style:none;border-width:0px; padding-top:0px;padding-bottom:0px;padding-left:var(--wp--preset--spacing--50);padding-right:var(--wp--preset--spacing--50);margin-right:0;margin-left:0;margin-top:0px;margin-bottom:0px;\" class=\"has-link-color wp-elements-0a45992c3b14e5d616ed7c3546852965 wp-block-post-title\"><a href=\"https:\/\/www.visit-montenegro.com\/me\/manastir-ostrog\/legende\/\" target=\"_self\" >Legende i mitovi o manastiru Ostrog<\/a><\/h6>\n<\/li><li class=\"wp-block-post post-134330 page type-page status-publish has-post-thumbnail hentry\">\n<h6 style=\"text-decoration:underline; border-style:none;border-width:0px; padding-top:0px;padding-bottom:0px;padding-left:var(--wp--preset--spacing--50);padding-right:var(--wp--preset--spacing--50);margin-right:0;margin-left:0;margin-top:0px;margin-bottom:0px;\" class=\"has-link-color wp-elements-0a45992c3b14e5d616ed7c3546852965 wp-block-post-title\"><a href=\"https:\/\/www.visit-montenegro.com\/me\/manastir-ostrog\/gdje\/\" target=\"_self\" >Lokacija Manastira Ostrog<\/a><\/h6>\n<\/li><li class=\"wp-block-post post-133988 page type-page status-publish has-post-thumbnail hentry\">\n<h6 style=\"text-decoration:underline; border-style:none;border-width:0px; padding-top:0px;padding-bottom:0px;padding-left:var(--wp--preset--spacing--50);padding-right:var(--wp--preset--spacing--50);margin-right:0;margin-left:0;margin-top:0px;margin-bottom:0px;\" class=\"has-link-color wp-elements-0a45992c3b14e5d616ed7c3546852965 wp-block-post-title\"><a href=\"https:\/\/www.visit-montenegro.com\/me\/manastir-ostrog\/molitva\/\" target=\"_self\" >Molitva Svetom Vasiliju<\/a><\/h6>\n<\/li><li class=\"wp-block-post post-134306 page type-page status-publish has-post-thumbnail hentry\">\n<h6 style=\"text-decoration:underline; border-style:none;border-width:0px; padding-top:0px;padding-bottom:0px;padding-left:var(--wp--preset--spacing--50);padding-right:var(--wp--preset--spacing--50);margin-right:0;margin-left:0;margin-top:0px;margin-bottom:0px;\" class=\"has-link-color wp-elements-0a45992c3b14e5d616ed7c3546852965 wp-block-post-title\"><a href=\"https:\/\/www.visit-montenegro.com\/me\/manastir-ostrog\/gatherings\/\" target=\"_self\" >Praznici i okupljanja u manastiru Ostrog<\/a><\/h6>\n<\/li><li class=\"wp-block-post post-134342 page type-page status-publish has-post-thumbnail hentry\">\n<h6 style=\"text-decoration:underline; border-style:none;border-width:0px; padding-top:0px;padding-bottom:0px;padding-left:var(--wp--preset--spacing--50);padding-right:var(--wp--preset--spacing--50);margin-right:0;margin-left:0;margin-top:0px;margin-bottom:0px;\" class=\"has-link-color wp-elements-0a45992c3b14e5d616ed7c3546852965 wp-block-post-title\"><a href=\"https:\/\/www.visit-montenegro.com\/me\/manastir-ostrog\/price\/\" target=\"_self\" >Pri\u010de o \u010dudima Ostro\u0161kog manastira<\/a><\/h6>\n<\/li><li class=\"wp-block-post post-134326 page type-page status-publish has-post-thumbnail hentry\">\n<h6 style=\"text-decoration:underline; border-style:none;border-width:0px; padding-top:0px;padding-bottom:0px;padding-left:var(--wp--preset--spacing--50);padding-right:var(--wp--preset--spacing--50);margin-right:0;margin-left:0;margin-top:0px;margin-bottom:0px;\" class=\"has-link-color wp-elements-0a45992c3b14e5d616ed7c3546852965 wp-block-post-title\"><a href=\"https:\/\/www.visit-montenegro.com\/me\/manastir-ostrog\/drugi\/\" target=\"_self\" >\u0160ta drugi ka\u017eu o manastiru Ostrog<\/a><\/h6>\n<\/li><li class=\"wp-block-post post-134338 page type-page status-publish has-post-thumbnail hentry\">\n<h6 style=\"text-decoration:underline; border-style:none;border-width:0px; padding-top:0px;padding-bottom:0px;padding-left:var(--wp--preset--spacing--50);padding-right:var(--wp--preset--spacing--50);margin-right:0;margin-left:0;margin-top:0px;margin-bottom:0px;\" class=\"has-link-color wp-elements-0a45992c3b14e5d616ed7c3546852965 wp-block-post-title\"><a href=\"https:\/\/www.visit-montenegro.com\/me\/manastir-ostrog\/tradicije\/\" target=\"_self\" >Tradicije manastira Ostrog<\/a><\/h6>\n<\/li><li class=\"wp-block-post post-134302 page type-page status-publish has-post-thumbnail hentry\">\n<h6 style=\"text-decoration:underline; border-style:none;border-width:0px; padding-top:0px;padding-bottom:0px;padding-left:var(--wp--preset--spacing--50);padding-right:var(--wp--preset--spacing--50);margin-right:0;margin-left:0;margin-top:0px;margin-bottom:0px;\" class=\"has-link-color wp-elements-0a45992c3b14e5d616ed7c3546852965 wp-block-post-title\"><a href=\"https:\/\/www.visit-montenegro.com\/me\/manastir-ostrog\/zivot\/\" target=\"_self\" >\u017divot Svetog Vasilija Ostro\u0161kog<\/a><\/h6>\n<\/li><\/ul><\/div>\n","protected":false},"excerpt":{"rendered":"<p>Otkrijte fascinantnu pri\u010du o izgradnji manastira Ostrog, koji je u litice izgradio Sveti Vasilije. Saznajte kako ovaj duhovni lokalitet spaja prirodu i vjeru, sa uvidima u njegove Gornji i Donji dio.<\/p>\n","protected":false},"author":1,"featured_media":133956,"parent":133955,"menu_order":0,"comment_status":"open","ping_status":"open","template":"","meta":{"_yoast_wpseo_focuskw":"Izgradnja manastira Ostrog","_yoast_wpseo_metadesc":"Istra\u017eite istoriju izgradnje manastira Ostrog u Crnoj Gori. Saznajte kako je Sveti Vasilije izgradio ovaj duhovni lokalitet na liticama, spajaju\u0107i prirodu i vjeru.","_kad_post_transparent":"","_kad_post_title":"","_kad_post_layout":"","_kad_post_sidebar_id":"","_kad_post_content_style":"","_kad_post_vertical_padding":"","_kad_post_feature":"","_kad_post_feature_position":"","_kad_post_header":false,"_kad_post_footer":false,"_kad_post_classname":"","iawp_total_views":45,"footnotes":""},"tags":[],"class_list":["post-134334","page","type-page","status-publish","has-post-thumbnail","hentry"],"yoast_head":"<!-- This site is optimized with the Yoast SEO plugin v27.3 - https:\/\/yoast.com\/product\/yoast-seo-wordpress\/ -->\n<title>Izgradnja manastira Ostrog - Visit Montenegro<\/title>\n<meta name=\"description\" content=\"Istra\u017eite istoriju izgradnje manastira Ostrog u Crnoj Gori. Saznajte kako je Sveti Vasilije izgradio ovaj duhovni lokalitet na liticama, spajaju\u0107i prirodu i vjeru.\" \/>\n<meta name=\"robots\" content=\"index, follow, max-snippet:-1, max-image-preview:large, max-video-preview:-1\" \/>\n<link rel=\"canonical\" href=\"https:\/\/www.visit-montenegro.com\/me\/manastir-ostrog\/izgradnja\/\" \/>\n<meta property=\"og:locale\" content=\"en_US\" \/>\n<meta property=\"og:type\" content=\"article\" \/>\n<meta property=\"og:title\" content=\"Izgradnja manastira Ostrog - Visit Montenegro\" \/>\n<meta property=\"og:description\" content=\"Istra\u017eite istoriju izgradnje manastira Ostrog u Crnoj Gori. Saznajte kako je Sveti Vasilije izgradio ovaj duhovni lokalitet na liticama, spajaju\u0107i prirodu i vjeru.\" \/>\n<meta property=\"og:url\" content=\"https:\/\/www.visit-montenegro.com\/me\/manastir-ostrog\/izgradnja\/\" \/>\n<meta property=\"og:site_name\" content=\"Visit Montenegro\" \/>\n<meta property=\"article:publisher\" content=\"https:\/\/www.facebook.com\/visitmontenegro\" \/>\n<meta property=\"article:modified_time\" content=\"2026-02-22T16:18:41+00:00\" \/>\n<meta property=\"og:image\" content=\"https:\/\/www.visit-montenegro.com\/wp-content\/uploads\/2026\/01\/ostrog-monastery-01-scaled.jpg\" \/>\n\t<meta property=\"og:image:width\" content=\"1600\" \/>\n\t<meta property=\"og:image:height\" content=\"1067\" \/>\n\t<meta property=\"og:image:type\" content=\"image\/jpeg\" \/>\n<meta name=\"twitter:card\" content=\"summary_large_image\" \/>\n<meta name=\"twitter:site\" content=\"@visitmontenegro\" \/>\n<meta name=\"twitter:label1\" content=\"Est. reading time\" \/>\n\t<meta name=\"twitter:data1\" content=\"3 minutes\" \/>\n<script type=\"application\/ld+json\" class=\"yoast-schema-graph\">{\"@context\":\"https:\\\/\\\/schema.org\",\"@graph\":[{\"@type\":\"WebPage\",\"@id\":\"https:\\\/\\\/www.visit-montenegro.com\\\/me\\\/manastir-ostrog\\\/izgradnja\\\/\",\"url\":\"https:\\\/\\\/www.visit-montenegro.com\\\/me\\\/manastir-ostrog\\\/izgradnja\\\/\",\"name\":\"Izgradnja manastira Ostrog - Visit Montenegro\",\"isPartOf\":{\"@id\":\"https:\\\/\\\/www.visit-montenegro.com\\\/me\\\/#website\"},\"primaryImageOfPage\":{\"@id\":\"https:\\\/\\\/www.visit-montenegro.com\\\/me\\\/manastir-ostrog\\\/izgradnja\\\/#primaryimage\"},\"image\":{\"@id\":\"https:\\\/\\\/www.visit-montenegro.com\\\/me\\\/manastir-ostrog\\\/izgradnja\\\/#primaryimage\"},\"thumbnailUrl\":\"https:\\\/\\\/www.visit-montenegro.com\\\/wp-content\\\/uploads\\\/2026\\\/01\\\/ostrog-monastery-01-scaled.jpg\",\"datePublished\":\"2026-01-28T18:16:59+00:00\",\"dateModified\":\"2026-02-22T16:18:41+00:00\",\"description\":\"Istra\u017eite istoriju izgradnje manastira Ostrog u Crnoj Gori. Saznajte kako je Sveti Vasilije izgradio ovaj duhovni lokalitet na liticama, spajaju\u0107i prirodu i vjeru.\",\"breadcrumb\":{\"@id\":\"https:\\\/\\\/www.visit-montenegro.com\\\/me\\\/manastir-ostrog\\\/izgradnja\\\/#breadcrumb\"},\"inLanguage\":\"sr-Latn-ME\",\"potentialAction\":[{\"@type\":\"ReadAction\",\"target\":[\"https:\\\/\\\/www.visit-montenegro.com\\\/me\\\/manastir-ostrog\\\/izgradnja\\\/\"]}]},{\"@type\":\"ImageObject\",\"inLanguage\":\"sr-Latn-ME\",\"@id\":\"https:\\\/\\\/www.visit-montenegro.com\\\/me\\\/manastir-ostrog\\\/izgradnja\\\/#primaryimage\",\"url\":\"https:\\\/\\\/www.visit-montenegro.com\\\/wp-content\\\/uploads\\\/2026\\\/01\\\/ostrog-monastery-01-scaled.jpg\",\"contentUrl\":\"https:\\\/\\\/www.visit-montenegro.com\\\/wp-content\\\/uploads\\\/2026\\\/01\\\/ostrog-monastery-01-scaled.jpg\",\"width\":1600,\"height\":1067},{\"@type\":\"BreadcrumbList\",\"@id\":\"https:\\\/\\\/www.visit-montenegro.com\\\/me\\\/manastir-ostrog\\\/izgradnja\\\/#breadcrumb\",\"itemListElement\":[{\"@type\":\"ListItem\",\"position\":1,\"name\":\"Home\",\"item\":\"https:\\\/\\\/www.visit-montenegro.com\\\/me\\\/pocetna\\\/\"},{\"@type\":\"ListItem\",\"position\":2,\"name\":\"Manastir Ostrog\",\"item\":\"https:\\\/\\\/www.visit-montenegro.com\\\/me\\\/manastir-ostrog\\\/\"},{\"@type\":\"ListItem\",\"position\":3,\"name\":\"Izgradnja manastira Ostrog\"}]},{\"@type\":\"WebSite\",\"@id\":\"https:\\\/\\\/www.visit-montenegro.com\\\/me\\\/#website\",\"url\":\"https:\\\/\\\/www.visit-montenegro.com\\\/me\\\/\",\"name\":\"Visit Montenegro\",\"description\":\"Breathtaking beauty\",\"publisher\":{\"@id\":\"https:\\\/\\\/www.visit-montenegro.com\\\/me\\\/#organization\"},\"potentialAction\":[{\"@type\":\"SearchAction\",\"target\":{\"@type\":\"EntryPoint\",\"urlTemplate\":\"https:\\\/\\\/www.visit-montenegro.com\\\/me\\\/?s={search_term_string}\"},\"query-input\":{\"@type\":\"PropertyValueSpecification\",\"valueRequired\":true,\"valueName\":\"search_term_string\"}}],\"inLanguage\":\"sr-Latn-ME\"},{\"@type\":\"Organization\",\"@id\":\"https:\\\/\\\/www.visit-montenegro.com\\\/me\\\/#organization\",\"name\":\"Visit Montenegro\",\"url\":\"https:\\\/\\\/www.visit-montenegro.com\\\/me\\\/\",\"logo\":{\"@type\":\"ImageObject\",\"inLanguage\":\"sr-Latn-ME\",\"@id\":\"https:\\\/\\\/www.visit-montenegro.com\\\/me\\\/#\\\/schema\\\/logo\\\/image\\\/\",\"url\":\"https:\\\/\\\/www.visit-montenegro.com\\\/wp-content\\\/uploads\\\/2017\\\/10\\\/logo-amp.png\",\"contentUrl\":\"https:\\\/\\\/www.visit-montenegro.com\\\/wp-content\\\/uploads\\\/2017\\\/10\\\/logo-amp.png\",\"width\":190,\"height\":36,\"caption\":\"Visit Montenegro\"},\"image\":{\"@id\":\"https:\\\/\\\/www.visit-montenegro.com\\\/me\\\/#\\\/schema\\\/logo\\\/image\\\/\"},\"sameAs\":[\"https:\\\/\\\/www.facebook.com\\\/visitmontenegro\",\"https:\\\/\\\/x.com\\\/visitmontenegro\",\"https:\\\/\\\/www.instagram.com\\\/visit_montenegro\\\/\",\"https:\\\/\\\/www.youtube.com\\\/user\\\/VisitMontenegro\"]}]}<\/script>\n<!-- \/ Yoast SEO plugin. -->","yoast_head_json":{"title":"Izgradnja manastira Ostrog - Visit Montenegro","description":"Istra\u017eite istoriju izgradnje manastira Ostrog u Crnoj Gori. Saznajte kako je Sveti Vasilije izgradio ovaj duhovni lokalitet na liticama, spajaju\u0107i prirodu i vjeru.","robots":{"index":"index","follow":"follow","max-snippet":"max-snippet:-1","max-image-preview":"max-image-preview:large","max-video-preview":"max-video-preview:-1"},"canonical":"https:\/\/www.visit-montenegro.com\/me\/manastir-ostrog\/izgradnja\/","og_locale":"en_US","og_type":"article","og_title":"Izgradnja manastira Ostrog - Visit Montenegro","og_description":"Istra\u017eite istoriju izgradnje manastira Ostrog u Crnoj Gori. Saznajte kako je Sveti Vasilije izgradio ovaj duhovni lokalitet na liticama, spajaju\u0107i prirodu i vjeru.","og_url":"https:\/\/www.visit-montenegro.com\/me\/manastir-ostrog\/izgradnja\/","og_site_name":"Visit Montenegro","article_publisher":"https:\/\/www.facebook.com\/visitmontenegro","article_modified_time":"2026-02-22T16:18:41+00:00","og_image":[{"width":1600,"height":1067,"url":"https:\/\/www.visit-montenegro.com\/wp-content\/uploads\/2026\/01\/ostrog-monastery-01-scaled.jpg","type":"image\/jpeg"}],"twitter_card":"summary_large_image","twitter_site":"@visitmontenegro","twitter_misc":{"Est. reading time":"3 minutes"},"schema":{"@context":"https:\/\/schema.org","@graph":[{"@type":"WebPage","@id":"https:\/\/www.visit-montenegro.com\/me\/manastir-ostrog\/izgradnja\/","url":"https:\/\/www.visit-montenegro.com\/me\/manastir-ostrog\/izgradnja\/","name":"Izgradnja manastira Ostrog - Visit Montenegro","isPartOf":{"@id":"https:\/\/www.visit-montenegro.com\/me\/#website"},"primaryImageOfPage":{"@id":"https:\/\/www.visit-montenegro.com\/me\/manastir-ostrog\/izgradnja\/#primaryimage"},"image":{"@id":"https:\/\/www.visit-montenegro.com\/me\/manastir-ostrog\/izgradnja\/#primaryimage"},"thumbnailUrl":"https:\/\/www.visit-montenegro.com\/wp-content\/uploads\/2026\/01\/ostrog-monastery-01-scaled.jpg","datePublished":"2026-01-28T18:16:59+00:00","dateModified":"2026-02-22T16:18:41+00:00","description":"Istra\u017eite istoriju izgradnje manastira Ostrog u Crnoj Gori. Saznajte kako je Sveti Vasilije izgradio ovaj duhovni lokalitet na liticama, spajaju\u0107i prirodu i vjeru.","breadcrumb":{"@id":"https:\/\/www.visit-montenegro.com\/me\/manastir-ostrog\/izgradnja\/#breadcrumb"},"inLanguage":"sr-Latn-ME","potentialAction":[{"@type":"ReadAction","target":["https:\/\/www.visit-montenegro.com\/me\/manastir-ostrog\/izgradnja\/"]}]},{"@type":"ImageObject","inLanguage":"sr-Latn-ME","@id":"https:\/\/www.visit-montenegro.com\/me\/manastir-ostrog\/izgradnja\/#primaryimage","url":"https:\/\/www.visit-montenegro.com\/wp-content\/uploads\/2026\/01\/ostrog-monastery-01-scaled.jpg","contentUrl":"https:\/\/www.visit-montenegro.com\/wp-content\/uploads\/2026\/01\/ostrog-monastery-01-scaled.jpg","width":1600,"height":1067},{"@type":"BreadcrumbList","@id":"https:\/\/www.visit-montenegro.com\/me\/manastir-ostrog\/izgradnja\/#breadcrumb","itemListElement":[{"@type":"ListItem","position":1,"name":"Home","item":"https:\/\/www.visit-montenegro.com\/me\/pocetna\/"},{"@type":"ListItem","position":2,"name":"Manastir Ostrog","item":"https:\/\/www.visit-montenegro.com\/me\/manastir-ostrog\/"},{"@type":"ListItem","position":3,"name":"Izgradnja manastira Ostrog"}]},{"@type":"WebSite","@id":"https:\/\/www.visit-montenegro.com\/me\/#website","url":"https:\/\/www.visit-montenegro.com\/me\/","name":"Visit Montenegro","description":"Breathtaking beauty","publisher":{"@id":"https:\/\/www.visit-montenegro.com\/me\/#organization"},"potentialAction":[{"@type":"SearchAction","target":{"@type":"EntryPoint","urlTemplate":"https:\/\/www.visit-montenegro.com\/me\/?s={search_term_string}"},"query-input":{"@type":"PropertyValueSpecification","valueRequired":true,"valueName":"search_term_string"}}],"inLanguage":"sr-Latn-ME"},{"@type":"Organization","@id":"https:\/\/www.visit-montenegro.com\/me\/#organization","name":"Visit Montenegro","url":"https:\/\/www.visit-montenegro.com\/me\/","logo":{"@type":"ImageObject","inLanguage":"sr-Latn-ME","@id":"https:\/\/www.visit-montenegro.com\/me\/#\/schema\/logo\/image\/","url":"https:\/\/www.visit-montenegro.com\/wp-content\/uploads\/2017\/10\/logo-amp.png","contentUrl":"https:\/\/www.visit-montenegro.com\/wp-content\/uploads\/2017\/10\/logo-amp.png","width":190,"height":36,"caption":"Visit Montenegro"},"image":{"@id":"https:\/\/www.visit-montenegro.com\/me\/#\/schema\/logo\/image\/"},"sameAs":["https:\/\/www.facebook.com\/visitmontenegro","https:\/\/x.com\/visitmontenegro","https:\/\/www.instagram.com\/visit_montenegro\/","https:\/\/www.youtube.com\/user\/VisitMontenegro"]}]}},"translations":[],"_links":{"self":[{"href":"https:\/\/www.visit-montenegro.com\/me\/wp-json\/wp\/v2\/pages\/134334","targetHints":{"allow":["GET"]}}],"collection":[{"href":"https:\/\/www.visit-montenegro.com\/me\/wp-json\/wp\/v2\/pages"}],"about":[{"href":"https:\/\/www.visit-montenegro.com\/me\/wp-json\/wp\/v2\/types\/page"}],"author":[{"embeddable":true,"href":"https:\/\/www.visit-montenegro.com\/me\/wp-json\/wp\/v2\/users\/1"}],"replies":[{"embeddable":true,"href":"https:\/\/www.visit-montenegro.com\/me\/wp-json\/wp\/v2\/comments?post=134334"}],"version-history":[{"count":0,"href":"https:\/\/www.visit-montenegro.com\/me\/wp-json\/wp\/v2\/pages\/134334\/revisions"}],"up":[{"embeddable":true,"href":"https:\/\/www.visit-montenegro.com\/me\/wp-json\/wp\/v2\/pages\/133955"}],"wp:featuredmedia":[{"embeddable":true,"href":"https:\/\/www.visit-montenegro.com\/me\/wp-json\/wp\/v2\/media\/133956"}],"wp:attachment":[{"href":"https:\/\/www.visit-montenegro.com\/me\/wp-json\/wp\/v2\/media?parent=134334"}],"wp:term":[{"taxonomy":"post_tag","embeddable":true,"href":"https:\/\/www.visit-montenegro.com\/me\/wp-json\/wp\/v2\/tags?post=134334"}],"curies":[{"name":"wp","href":"https:\/\/api.w.org\/{rel}","templated":true}]}}