{"id":134344,"date":"2026-01-28T19:16:59","date_gmt":"2026-01-28T18:16:59","guid":{"rendered":"https:\/\/new.visit-montenegro.com\/transport\/transport-iznajmljivanje-automobila\/"},"modified":"2026-02-24T13:27:38","modified_gmt":"2026-02-24T12:27:38","slug":"transport-iznajmljivanje-automobila","status":"publish","type":"page","link":"https:\/\/www.visit-montenegro.com\/me\/transport\/transport-iznajmljivanje-automobila\/","title":{"rendered":"Iznajmljivanje automobila u Crnoj Gori"},"content":{"rendered":"\n<p>Zadivljuju\u0107i pejza\u017ei i skriveni dragulji Crne Gore najbolje se istra\u017euju sa slobodom vlastitog vozila. Stoga je iznajmljivanje automobila popularan izbor za turiste, nude\u0107i prakti\u010dnost i pristup udaljenim destinacijama. \u0160tavi\u0161e, na\u0161a usluga pru\u017ea garantovane najbolje cijene i partnerstva sa vrhunskim agencijama \u0161irom svijeta.<\/p>\n\n<p>Posljednjih godina, sve vi\u0161e zahtjeva za iznajmljivanje automobila tokom praznika, \u0161to je rezultiralo profesionalnom uslugom i partnerstvima sa najboljim agencijama za iznajmljivanje automobila. Sada sa zadovoljstvom mo\u017eemo da vam ponudimo NAJBOLJU ONLINE USLUGU za iznajmljivanje automobila. <strong>Najbolje cijene iznajmljivanja automobila \u2013 Garantovano<\/strong>. Prona\u0111ite jeftino iznajmljivanje automobila na preko 6000 lokacija \u0161irom svijeta.<\/p>\n\n<div id=\"rc-connect-container\"><\/div>\n<p>\n  <script defer=\"defer\" data-container=\"rc-connect-container\" data-enable-return-checkbox=\"true\" data-preflang=\"en\" data-rcid=\"visit_montenegro\" id=\"rc-connect\" src=\"https:\/\/www.rentalcars.com\/partners\/integrations\/connect\/connect.js\">\n  <\/script>\n<\/p>\n\n<hr class=\"wp-block-separator has-alpha-channel-opacity\"\/>\n\n<h2 class=\"wp-block-heading\">Za\u0161to iznajmiti automobil u Crnoj Gori<\/h2>\n\n<p>Iznajmljivanje automobila za va\u0161 odmor u Crnoj Gori jedan je od najboljih na\u010dina da u\u010dinite va\u0161 odmor \u0161to boljim i da osigurate da \u0107ete posjetiti sve male crnogorske destinacije i najbolja mjesta. Kao \u0161to znate, Crna Gora je mala zemlja, i va\u0161i tro\u0161kovi za <strong>iznajmljivanje automobila u Crnoj Gori<\/strong> mogu biti vrlo pristupa\u010dni. Zbog lo\u0161eg javnog prevoza, preporu\u010dujemo iznajmljivanje automobila.<\/p>\n\n<h3 class=\"wp-block-heading\">Pravila i zahtjevi za vo\u017enju<\/h3>\n\n<p>Dok vozite u Crnoj Gori, postoje odre\u0111ena pravila koja morate po\u0161tovati. Bezbjedna vo\u017enja je najva\u017enija. Kontrole saobra\u0107aja od strane crnogorske policije su prili\u010dno \u010deste, i nema razloga za brigu ako vozite bezbjedno i po\u0161tujete signalizaciju i pravila.<\/p>\n\n<p>Voza\u010di moraju imati va\u017ee\u0107u voza\u010dku dozvolu (me\u0111unarodna je u redu), dokaz o vlasni\u0161tvu ili za iznajmljene automobile, ugovor o iznajmljivanju, i osiguranje. Tako\u0111e se preporu\u010duje paso\u0161 ili li\u010dna karta.<\/p>\n\n<p>Putnici koji prelaze u Crnu Goru iz susjedne zemlje, platit \u0107e naknadu za prelazak granice u lokalnoj agenciji u vrijeme preuzimanja. Tako\u0111e, oni koji \u017eele pre\u0107i granicu u Crnu Goru treba da imaju na umu da, posebno u visokoj sezoni, kontrolni punktovi na prelazima mogu biti izuzetno gu\u017evani, a redovi automobila do kilometra nisu neuobi\u010dajeni. Dobar na\u010din da poku\u0161ate izbje\u0107i ovo je da pre\u0111ete radnim danom rano ujutro ili kasno no\u0107u.<\/p>\n\n<p>Evo nekoliko drugih brzih savjeta koje turisti koji \u017eele da iznajme automobil u Crnoj Gori treba da znaju:<\/p>\n\n<ul class=\"wp-block-list\">\n<li>Kori\u0161\u0107enje sigurnosnih pojaseva je obavezno<\/li>\n\n\n\n<li>Razgovor na mobilnim telefonima tokom vo\u017enje je ilegalan<\/li>\n\n\n\n<li>BILO KAKVO pi\u0107e i vo\u017enja je ilegalno<\/li>\n\n\n\n<li>Ograni\u010denja brzine se strogo sprovode<\/li>\n<\/ul>\n\n<p>Pa\u017eljiva i spora vo\u017enja vam omogu\u0107ava da u\u017eivate u ljepotama Crne Gore.<\/p>\n\n<h2 class=\"wp-block-heading\">Alternativne opcije transporta<\/h2>\n\n<p>Crna Gora ima relativno dobru autobusku mre\u017eu koja povezuje sve gradove. Tako\u0111e je dobro povezana sa susjednim zemljama: Hrvatskom, Srbijom, Bosnom i Albanijom.<\/p>\n\n<p>Me\u0111utim, Crna Gora je mala zemlja pa odre\u0111ene linije nisu vrlo redovne i njihova dostupnost varira zavisno od doba godine. Zavisno od va\u0161e rute, mo\u017eete zavr\u0161iti u starim i lo\u0161e opremljenim autobusima \u0161to mo\u017ee uticati na kvalitet va\u0161eg putovanja.<\/p>\n\n<h3 class=\"wp-block-heading\">Privatni transferi i taksiji<\/h3>\n\n<p>Ako vam je potreban <strong>transfer izme\u0111u dva mjesta u Crnoj Gori<\/strong>, mnogo bolja opcija je da <a href=\"https:\/\/www.visit-montenegro.com\/me\/transferi\/\">rezervi\u0161ete privatni transfer<\/a>. To je pristupa\u010dna opcija posebno ako putujete kao porodica ili grupa. Privatni transferi nude uslugu od vrata do vrata \u0161to \u0161tedi va\u0161e dragocjeno vrijeme odmora.<\/p>\n\n<p>Ako tra\u017eite <strong>kratku vezu unutar grada<\/strong>, preporu\u010dujemo da uzmete lokalni taksi. Obi\u010dno su prili\u010dno pristupa\u010dni, ali provjerite unaprijed sa voza\u010dem pribli\u017enu cijenu putovanja. Gradovi u Crnoj Gori su relativno mali pa nemaju veoma dobru autobusku infrastrukturu.<\/p>\n\n<p>Ako vam je potreban <strong>aerodromski transfer<\/strong>, daleko najbolja opcija bi bila da <a href=\"https:\/\/www.visit-montenegro.com\/me\/transferi\/\">rezervi\u0161ete aerodromski transfer online<\/a>. Nema redovnih autobuskih \u0161atlova sa aerodroma u Crnoj Gori, a autobuski \u0161atl na aerodromu Dubrovnik ide samo direktno do centra Dubrovnika. Na aerodromu \u010dekaju taksiji, ali su obi\u010dno mnogo skuplji ako ih rezervi\u0161ete na licu mjesta. Tako\u0111e, imajte na umu da taksisti na aerodromu Dubrovnik mogu da vas odvedu samo do granice Crne Gore i ne dalje zbog zakonskih ograni\u010denja.<\/p>\n","protected":false},"excerpt":{"rendered":"<p>Otkrijte za\u0161to je iznajmljivanje automobila u Crnoj Gori idealan na\u010din da istra\u017eite njene skrivene dragulje i zadivljuju\u0107e pejza\u017ee. Saznajte o pravilima vo\u017enje, pristupa\u010dnim opcijama i alternativnom transportu da planirate savr\u0161eno putovanje.<\/p>\n","protected":false},"author":1,"featured_media":134345,"parent":133452,"menu_order":0,"comment_status":"open","ping_status":"open","template":"","meta":{"_yoast_wpseo_focuskw":"Iznajmljivanje automobila u Crnoj Gori","_yoast_wpseo_metadesc":"Istra\u017eite Crnu Goru bez problema! Prona\u0111ite najbolje iznajmljivanje automobila, savjete za vo\u017enju i pristupa\u010dne opcije transporta za neometanu putni\u010dku avanturu. Rezervi\u0161ite odmah za garantovane cijene.","_kad_post_transparent":"","_kad_post_title":"","_kad_post_layout":"","_kad_post_sidebar_id":"","_kad_post_content_style":"","_kad_post_vertical_padding":"","_kad_post_feature":"","_kad_post_feature_position":"","_kad_post_header":false,"_kad_post_footer":false,"_kad_post_classname":"","iawp_total_views":11,"footnotes":""},"tags":[],"class_list":["post-134344","page","type-page","status-publish","has-post-thumbnail","hentry"],"yoast_head":"<!-- This site is optimized with the Yoast SEO plugin v27.3 - https:\/\/yoast.com\/product\/yoast-seo-wordpress\/ -->\n<title>Iznajmljivanje automobila u Crnoj Gori - Visit Montenegro<\/title>\n<meta name=\"description\" content=\"Istra\u017eite Crnu Goru bez problema! Prona\u0111ite najbolje iznajmljivanje automobila, savjete za vo\u017enju i pristupa\u010dne opcije transporta za neometanu putni\u010dku avanturu. Rezervi\u0161ite odmah za garantovane cijene.\" \/>\n<meta name=\"robots\" content=\"index, follow, max-snippet:-1, max-image-preview:large, max-video-preview:-1\" \/>\n<link rel=\"canonical\" href=\"https:\/\/www.visit-montenegro.com\/me\/transport\/transport-iznajmljivanje-automobila\/\" \/>\n<meta property=\"og:locale\" content=\"en_US\" \/>\n<meta property=\"og:type\" content=\"article\" \/>\n<meta property=\"og:title\" content=\"Iznajmljivanje automobila u Crnoj Gori - Visit Montenegro\" \/>\n<meta property=\"og:description\" content=\"Istra\u017eite Crnu Goru bez problema! Prona\u0111ite najbolje iznajmljivanje automobila, savjete za vo\u017enju i pristupa\u010dne opcije transporta za neometanu putni\u010dku avanturu. Rezervi\u0161ite odmah za garantovane cijene.\" \/>\n<meta property=\"og:url\" content=\"https:\/\/www.visit-montenegro.com\/me\/transport\/transport-iznajmljivanje-automobila\/\" \/>\n<meta property=\"og:site_name\" content=\"Visit Montenegro\" \/>\n<meta property=\"article:publisher\" content=\"https:\/\/www.facebook.com\/visitmontenegro\" \/>\n<meta property=\"article:modified_time\" content=\"2026-02-24T12:27:38+00:00\" \/>\n<meta property=\"og:image\" content=\"https:\/\/www.visit-montenegro.com\/wp-content\/uploads\/2026\/02\/Depositphotos_28867665_L-scaled.jpg\" \/>\n\t<meta property=\"og:image:width\" content=\"1600\" \/>\n\t<meta property=\"og:image:height\" content=\"1060\" \/>\n\t<meta property=\"og:image:type\" content=\"image\/jpeg\" \/>\n<meta name=\"twitter:card\" content=\"summary_large_image\" \/>\n<meta name=\"twitter:site\" content=\"@visitmontenegro\" \/>\n<meta name=\"twitter:label1\" content=\"Est. reading time\" \/>\n\t<meta name=\"twitter:data1\" content=\"3 minutes\" \/>\n<script type=\"application\/ld+json\" class=\"yoast-schema-graph\">{\"@context\":\"https:\\\/\\\/schema.org\",\"@graph\":[{\"@type\":\"WebPage\",\"@id\":\"https:\\\/\\\/www.visit-montenegro.com\\\/me\\\/transport\\\/transport-iznajmljivanje-automobila\\\/\",\"url\":\"https:\\\/\\\/www.visit-montenegro.com\\\/me\\\/transport\\\/transport-iznajmljivanje-automobila\\\/\",\"name\":\"Iznajmljivanje automobila u Crnoj Gori - Visit Montenegro\",\"isPartOf\":{\"@id\":\"https:\\\/\\\/www.visit-montenegro.com\\\/me\\\/#website\"},\"primaryImageOfPage\":{\"@id\":\"https:\\\/\\\/www.visit-montenegro.com\\\/me\\\/transport\\\/transport-iznajmljivanje-automobila\\\/#primaryimage\"},\"image\":{\"@id\":\"https:\\\/\\\/www.visit-montenegro.com\\\/me\\\/transport\\\/transport-iznajmljivanje-automobila\\\/#primaryimage\"},\"thumbnailUrl\":\"https:\\\/\\\/www.visit-montenegro.com\\\/wp-content\\\/uploads\\\/2026\\\/02\\\/Depositphotos_28867665_L-scaled.jpg\",\"datePublished\":\"2026-01-28T18:16:59+00:00\",\"dateModified\":\"2026-02-24T12:27:38+00:00\",\"description\":\"Istra\u017eite Crnu Goru bez problema! Prona\u0111ite najbolje iznajmljivanje automobila, savjete za vo\u017enju i pristupa\u010dne opcije transporta za neometanu putni\u010dku avanturu. Rezervi\u0161ite odmah za garantovane cijene.\",\"breadcrumb\":{\"@id\":\"https:\\\/\\\/www.visit-montenegro.com\\\/me\\\/transport\\\/transport-iznajmljivanje-automobila\\\/#breadcrumb\"},\"inLanguage\":\"sr-Latn-ME\",\"potentialAction\":[{\"@type\":\"ReadAction\",\"target\":[\"https:\\\/\\\/www.visit-montenegro.com\\\/me\\\/transport\\\/transport-iznajmljivanje-automobila\\\/\"]}]},{\"@type\":\"ImageObject\",\"inLanguage\":\"sr-Latn-ME\",\"@id\":\"https:\\\/\\\/www.visit-montenegro.com\\\/me\\\/transport\\\/transport-iznajmljivanje-automobila\\\/#primaryimage\",\"url\":\"https:\\\/\\\/www.visit-montenegro.com\\\/wp-content\\\/uploads\\\/2026\\\/02\\\/Depositphotos_28867665_L-scaled.jpg\",\"contentUrl\":\"https:\\\/\\\/www.visit-montenegro.com\\\/wp-content\\\/uploads\\\/2026\\\/02\\\/Depositphotos_28867665_L-scaled.jpg\",\"width\":1600,\"height\":1060},{\"@type\":\"BreadcrumbList\",\"@id\":\"https:\\\/\\\/www.visit-montenegro.com\\\/me\\\/transport\\\/transport-iznajmljivanje-automobila\\\/#breadcrumb\",\"itemListElement\":[{\"@type\":\"ListItem\",\"position\":1,\"name\":\"Home\",\"item\":\"https:\\\/\\\/www.visit-montenegro.com\\\/me\\\/pocetna\\\/\"},{\"@type\":\"ListItem\",\"position\":2,\"name\":\"Transport u Crnoj Gori\",\"item\":\"https:\\\/\\\/www.visit-montenegro.com\\\/me\\\/transport\\\/\"},{\"@type\":\"ListItem\",\"position\":3,\"name\":\"Iznajmljivanje automobila u Crnoj Gori\"}]},{\"@type\":\"WebSite\",\"@id\":\"https:\\\/\\\/www.visit-montenegro.com\\\/me\\\/#website\",\"url\":\"https:\\\/\\\/www.visit-montenegro.com\\\/me\\\/\",\"name\":\"Visit Montenegro\",\"description\":\"Breathtaking beauty\",\"publisher\":{\"@id\":\"https:\\\/\\\/www.visit-montenegro.com\\\/me\\\/#organization\"},\"potentialAction\":[{\"@type\":\"SearchAction\",\"target\":{\"@type\":\"EntryPoint\",\"urlTemplate\":\"https:\\\/\\\/www.visit-montenegro.com\\\/me\\\/?s={search_term_string}\"},\"query-input\":{\"@type\":\"PropertyValueSpecification\",\"valueRequired\":true,\"valueName\":\"search_term_string\"}}],\"inLanguage\":\"sr-Latn-ME\"},{\"@type\":\"Organization\",\"@id\":\"https:\\\/\\\/www.visit-montenegro.com\\\/me\\\/#organization\",\"name\":\"Visit Montenegro\",\"url\":\"https:\\\/\\\/www.visit-montenegro.com\\\/me\\\/\",\"logo\":{\"@type\":\"ImageObject\",\"inLanguage\":\"sr-Latn-ME\",\"@id\":\"https:\\\/\\\/www.visit-montenegro.com\\\/me\\\/#\\\/schema\\\/logo\\\/image\\\/\",\"url\":\"https:\\\/\\\/www.visit-montenegro.com\\\/wp-content\\\/uploads\\\/2017\\\/10\\\/logo-amp.png\",\"contentUrl\":\"https:\\\/\\\/www.visit-montenegro.com\\\/wp-content\\\/uploads\\\/2017\\\/10\\\/logo-amp.png\",\"width\":190,\"height\":36,\"caption\":\"Visit Montenegro\"},\"image\":{\"@id\":\"https:\\\/\\\/www.visit-montenegro.com\\\/me\\\/#\\\/schema\\\/logo\\\/image\\\/\"},\"sameAs\":[\"https:\\\/\\\/www.facebook.com\\\/visitmontenegro\",\"https:\\\/\\\/x.com\\\/visitmontenegro\",\"https:\\\/\\\/www.instagram.com\\\/visit_montenegro\\\/\",\"https:\\\/\\\/www.youtube.com\\\/user\\\/VisitMontenegro\"]}]}<\/script>\n<!-- \/ Yoast SEO plugin. -->","yoast_head_json":{"title":"Iznajmljivanje automobila u Crnoj Gori - Visit Montenegro","description":"Istra\u017eite Crnu Goru bez problema! Prona\u0111ite najbolje iznajmljivanje automobila, savjete za vo\u017enju i pristupa\u010dne opcije transporta za neometanu putni\u010dku avanturu. Rezervi\u0161ite odmah za garantovane cijene.","robots":{"index":"index","follow":"follow","max-snippet":"max-snippet:-1","max-image-preview":"max-image-preview:large","max-video-preview":"max-video-preview:-1"},"canonical":"https:\/\/www.visit-montenegro.com\/me\/transport\/transport-iznajmljivanje-automobila\/","og_locale":"en_US","og_type":"article","og_title":"Iznajmljivanje automobila u Crnoj Gori - Visit Montenegro","og_description":"Istra\u017eite Crnu Goru bez problema! Prona\u0111ite najbolje iznajmljivanje automobila, savjete za vo\u017enju i pristupa\u010dne opcije transporta za neometanu putni\u010dku avanturu. Rezervi\u0161ite odmah za garantovane cijene.","og_url":"https:\/\/www.visit-montenegro.com\/me\/transport\/transport-iznajmljivanje-automobila\/","og_site_name":"Visit Montenegro","article_publisher":"https:\/\/www.facebook.com\/visitmontenegro","article_modified_time":"2026-02-24T12:27:38+00:00","og_image":[{"width":1600,"height":1060,"url":"https:\/\/www.visit-montenegro.com\/wp-content\/uploads\/2026\/02\/Depositphotos_28867665_L-scaled.jpg","type":"image\/jpeg"}],"twitter_card":"summary_large_image","twitter_site":"@visitmontenegro","twitter_misc":{"Est. reading time":"3 minutes"},"schema":{"@context":"https:\/\/schema.org","@graph":[{"@type":"WebPage","@id":"https:\/\/www.visit-montenegro.com\/me\/transport\/transport-iznajmljivanje-automobila\/","url":"https:\/\/www.visit-montenegro.com\/me\/transport\/transport-iznajmljivanje-automobila\/","name":"Iznajmljivanje automobila u Crnoj Gori - Visit Montenegro","isPartOf":{"@id":"https:\/\/www.visit-montenegro.com\/me\/#website"},"primaryImageOfPage":{"@id":"https:\/\/www.visit-montenegro.com\/me\/transport\/transport-iznajmljivanje-automobila\/#primaryimage"},"image":{"@id":"https:\/\/www.visit-montenegro.com\/me\/transport\/transport-iznajmljivanje-automobila\/#primaryimage"},"thumbnailUrl":"https:\/\/www.visit-montenegro.com\/wp-content\/uploads\/2026\/02\/Depositphotos_28867665_L-scaled.jpg","datePublished":"2026-01-28T18:16:59+00:00","dateModified":"2026-02-24T12:27:38+00:00","description":"Istra\u017eite Crnu Goru bez problema! Prona\u0111ite najbolje iznajmljivanje automobila, savjete za vo\u017enju i pristupa\u010dne opcije transporta za neometanu putni\u010dku avanturu. Rezervi\u0161ite odmah za garantovane cijene.","breadcrumb":{"@id":"https:\/\/www.visit-montenegro.com\/me\/transport\/transport-iznajmljivanje-automobila\/#breadcrumb"},"inLanguage":"sr-Latn-ME","potentialAction":[{"@type":"ReadAction","target":["https:\/\/www.visit-montenegro.com\/me\/transport\/transport-iznajmljivanje-automobila\/"]}]},{"@type":"ImageObject","inLanguage":"sr-Latn-ME","@id":"https:\/\/www.visit-montenegro.com\/me\/transport\/transport-iznajmljivanje-automobila\/#primaryimage","url":"https:\/\/www.visit-montenegro.com\/wp-content\/uploads\/2026\/02\/Depositphotos_28867665_L-scaled.jpg","contentUrl":"https:\/\/www.visit-montenegro.com\/wp-content\/uploads\/2026\/02\/Depositphotos_28867665_L-scaled.jpg","width":1600,"height":1060},{"@type":"BreadcrumbList","@id":"https:\/\/www.visit-montenegro.com\/me\/transport\/transport-iznajmljivanje-automobila\/#breadcrumb","itemListElement":[{"@type":"ListItem","position":1,"name":"Home","item":"https:\/\/www.visit-montenegro.com\/me\/pocetna\/"},{"@type":"ListItem","position":2,"name":"Transport u Crnoj Gori","item":"https:\/\/www.visit-montenegro.com\/me\/transport\/"},{"@type":"ListItem","position":3,"name":"Iznajmljivanje automobila u Crnoj Gori"}]},{"@type":"WebSite","@id":"https:\/\/www.visit-montenegro.com\/me\/#website","url":"https:\/\/www.visit-montenegro.com\/me\/","name":"Visit Montenegro","description":"Breathtaking beauty","publisher":{"@id":"https:\/\/www.visit-montenegro.com\/me\/#organization"},"potentialAction":[{"@type":"SearchAction","target":{"@type":"EntryPoint","urlTemplate":"https:\/\/www.visit-montenegro.com\/me\/?s={search_term_string}"},"query-input":{"@type":"PropertyValueSpecification","valueRequired":true,"valueName":"search_term_string"}}],"inLanguage":"sr-Latn-ME"},{"@type":"Organization","@id":"https:\/\/www.visit-montenegro.com\/me\/#organization","name":"Visit Montenegro","url":"https:\/\/www.visit-montenegro.com\/me\/","logo":{"@type":"ImageObject","inLanguage":"sr-Latn-ME","@id":"https:\/\/www.visit-montenegro.com\/me\/#\/schema\/logo\/image\/","url":"https:\/\/www.visit-montenegro.com\/wp-content\/uploads\/2017\/10\/logo-amp.png","contentUrl":"https:\/\/www.visit-montenegro.com\/wp-content\/uploads\/2017\/10\/logo-amp.png","width":190,"height":36,"caption":"Visit Montenegro"},"image":{"@id":"https:\/\/www.visit-montenegro.com\/me\/#\/schema\/logo\/image\/"},"sameAs":["https:\/\/www.facebook.com\/visitmontenegro","https:\/\/x.com\/visitmontenegro","https:\/\/www.instagram.com\/visit_montenegro\/","https:\/\/www.youtube.com\/user\/VisitMontenegro"]}]}},"translations":[],"_links":{"self":[{"href":"https:\/\/www.visit-montenegro.com\/me\/wp-json\/wp\/v2\/pages\/134344","targetHints":{"allow":["GET"]}}],"collection":[{"href":"https:\/\/www.visit-montenegro.com\/me\/wp-json\/wp\/v2\/pages"}],"about":[{"href":"https:\/\/www.visit-montenegro.com\/me\/wp-json\/wp\/v2\/types\/page"}],"author":[{"embeddable":true,"href":"https:\/\/www.visit-montenegro.com\/me\/wp-json\/wp\/v2\/users\/1"}],"replies":[{"embeddable":true,"href":"https:\/\/www.visit-montenegro.com\/me\/wp-json\/wp\/v2\/comments?post=134344"}],"version-history":[{"count":0,"href":"https:\/\/www.visit-montenegro.com\/me\/wp-json\/wp\/v2\/pages\/134344\/revisions"}],"up":[{"embeddable":true,"href":"https:\/\/www.visit-montenegro.com\/me\/wp-json\/wp\/v2\/pages\/133452"}],"wp:featuredmedia":[{"embeddable":true,"href":"https:\/\/www.visit-montenegro.com\/me\/wp-json\/wp\/v2\/media\/134345"}],"wp:attachment":[{"href":"https:\/\/www.visit-montenegro.com\/me\/wp-json\/wp\/v2\/media?parent=134344"}],"wp:term":[{"taxonomy":"post_tag","embeddable":true,"href":"https:\/\/www.visit-montenegro.com\/me\/wp-json\/wp\/v2\/tags?post=134344"}],"curies":[{"name":"wp","href":"https:\/\/api.w.org\/{rel}","templated":true}]}}