{"id":134353,"date":"2026-01-28T19:16:59","date_gmt":"2026-01-28T18:16:59","guid":{"rendered":"https:\/\/new.visit-montenegro.com\/transport\/transportation-bus-stations\/"},"modified":"2026-02-24T13:27:50","modified_gmt":"2026-02-24T12:27:50","slug":"transportation-bus-stations","status":"publish","type":"page","link":"https:\/\/www.visit-montenegro.com\/me\/transport\/transportation-bus-stations\/","title":{"rendered":"Autobuski prevoz u Crnoj Gori"},"content":{"rendered":"\n<p>Crna Gora ima relativno dobru autobusku mre\u017eu koja povezuje sve gradove. Tako\u0111e je dobro povezana sa susjednim zemljama: Hrvatskom, Srbijom, Bosnom i Albanijom.<\/p>\n\n<p>Me\u0111utim, Crna Gora je mala zemlja pa odre\u0111ene linije nisu ba\u0161 redovne i njihova dostupnost varira zavisno od godi\u0161njeg doba. Zavisno od va\u0161e rute, mo\u017eete zavr\u0161iti u starom i lo\u0161e opremljenom autobusu \u0161to mo\u017ee uticati na kvalitet va\u0161eg putovanja.<\/p>\n\n<h2 class=\"wp-block-heading\">Alternative autobuskom prevozu u Crnoj Gori<\/h2>\n\n<h3 class=\"wp-block-heading\">Privatni transferi za me\u0111ugradska putovanja<\/h3>\n\n<p>Ako vam je potreban <b>transfer izme\u0111u dva mjesta u Crnoj Gori<\/b>, mnogo bolja opcija je da <a href=\"https:\/\/www.visit-montenegro.com\/me\/transferi\/\">rezervi\u0161ete privatni transfer<\/a>. To je pristupa\u010dna opcija posebno ako putujete kao porodica ili grupa. Posljedi\u010dno, privatni transferi nude uslugu od vrata do vrata \u0161to \u0161tedi va\u0161e dragocjeno vrijeme odmora.<\/p>\n\n<h3 class=\"wp-block-heading\">Lokalni taksiji za gradski prevoz<\/h3>\n\n<p>Ako tra\u017eite <b>prevoz na kratke relacije unutar grada<\/b>, preporu\u010dujemo da koristite lokalni taksi. Obi\u010dno su prili\u010dno pristupa\u010dni, ali provjerite unaprijed sa voza\u010dem pribli\u017enu cijenu putovanja. Gradovi u Crnoj Gori su relativno mali pa nemaju ba\u0161 dobru autobusku infrastrukturu.<\/p>\n\n<h3 class=\"wp-block-heading\">Transferi do aerodroma<\/h3>\n\n<p>Ako vam je potreban <b>transfer do aerodroma<\/b>, daleko najbolja opcija bi bila da <a href=\"https:\/\/www.visit-montenegro.com\/me\/transferi\/\">rezervi\u0161ete transfer do aerodroma online<\/a>. Ne postoje redovni autobuski \u0161atlovi od aerodroma u Crnoj Gori, a autobuski \u0161atl na aerodromu Dubrovnik ide samo direktno do centra Dubrovnika. Na aerodromu \u010dekaju taksiji, ali su obi\u010dno mnogo skuplji ako ih rezervi\u0161ete na licu mjesta. \u0160tavi\u0161e, imajte na umu da voza\u010di taksija na aerodromu Dubrovnik mogu vas odvesti samo do granice Crne Gore i ne dalje zbog zakonskih ograni\u010denja.<\/p>\n","protected":false},"excerpt":{"rendered":"<p>Istra\u017eite autobusku mre\u017eu u Crnoj Gori, koja pokriva gradove i susjedne zemlje. Saznajte o alternativama poput privatnih transfera i taksija za bolje putni\u010dke iskustva.<\/p>\n","protected":false},"author":1,"featured_media":133453,"parent":133452,"menu_order":0,"comment_status":"open","ping_status":"open","template":"","meta":{"_yoast_wpseo_focuskw":"Autobuski prevoz u Crnoj Gori","_yoast_wpseo_metadesc":"Otkrijte opcije autobusnog prevoza u Crnoj Gori i alternative poput privatnih transfera i taksija za efikasno putovanje. Planirajte svoj put uz na\u0161 vodi\u010d.","_kad_post_transparent":"","_kad_post_title":"","_kad_post_layout":"","_kad_post_sidebar_id":"","_kad_post_content_style":"","_kad_post_vertical_padding":"","_kad_post_feature":"","_kad_post_feature_position":"","_kad_post_header":false,"_kad_post_footer":false,"_kad_post_classname":"","iawp_total_views":15,"footnotes":""},"tags":[],"class_list":["post-134353","page","type-page","status-publish","has-post-thumbnail","hentry"],"yoast_head":"<!-- This site is optimized with the Yoast SEO plugin v27.3 - https:\/\/yoast.com\/product\/yoast-seo-wordpress\/ -->\n<title>Autobuski prevoz u Crnoj Gori - Visit Montenegro<\/title>\n<meta name=\"description\" content=\"Otkrijte opcije autobusnog prevoza u Crnoj Gori i alternative poput privatnih transfera i taksija za efikasno putovanje. Planirajte svoj put uz na\u0161 vodi\u010d.\" \/>\n<meta name=\"robots\" content=\"index, follow, max-snippet:-1, max-image-preview:large, max-video-preview:-1\" \/>\n<link rel=\"canonical\" href=\"https:\/\/www.visit-montenegro.com\/me\/transport\/transportation-bus-stations\/\" \/>\n<meta property=\"og:locale\" content=\"en_US\" \/>\n<meta property=\"og:type\" content=\"article\" \/>\n<meta property=\"og:title\" content=\"Autobuski prevoz u Crnoj Gori - Visit Montenegro\" \/>\n<meta property=\"og:description\" content=\"Otkrijte opcije autobusnog prevoza u Crnoj Gori i alternative poput privatnih transfera i taksija za efikasno putovanje. Planirajte svoj put uz na\u0161 vodi\u010d.\" \/>\n<meta property=\"og:url\" content=\"https:\/\/www.visit-montenegro.com\/me\/transport\/transportation-bus-stations\/\" \/>\n<meta property=\"og:site_name\" content=\"Visit Montenegro\" \/>\n<meta property=\"article:publisher\" content=\"https:\/\/www.facebook.com\/visitmontenegro\" \/>\n<meta property=\"article:modified_time\" content=\"2026-02-24T12:27:50+00:00\" \/>\n<meta property=\"og:image\" content=\"https:\/\/www.visit-montenegro.com\/wp-content\/uploads\/2015\/02\/Bus.jpg\" \/>\n\t<meta property=\"og:image:width\" content=\"1296\" \/>\n\t<meta property=\"og:image:height\" content=\"864\" \/>\n\t<meta property=\"og:image:type\" content=\"image\/jpeg\" \/>\n<meta name=\"twitter:card\" content=\"summary_large_image\" \/>\n<meta name=\"twitter:site\" content=\"@visitmontenegro\" \/>\n<meta name=\"twitter:label1\" content=\"Est. reading time\" \/>\n\t<meta name=\"twitter:data1\" content=\"1 minute\" \/>\n<script type=\"application\/ld+json\" class=\"yoast-schema-graph\">{\"@context\":\"https:\\\/\\\/schema.org\",\"@graph\":[{\"@type\":\"WebPage\",\"@id\":\"https:\\\/\\\/www.visit-montenegro.com\\\/me\\\/transport\\\/transportation-bus-stations\\\/\",\"url\":\"https:\\\/\\\/www.visit-montenegro.com\\\/me\\\/transport\\\/transportation-bus-stations\\\/\",\"name\":\"Autobuski prevoz u Crnoj Gori - Visit Montenegro\",\"isPartOf\":{\"@id\":\"https:\\\/\\\/www.visit-montenegro.com\\\/me\\\/#website\"},\"primaryImageOfPage\":{\"@id\":\"https:\\\/\\\/www.visit-montenegro.com\\\/me\\\/transport\\\/transportation-bus-stations\\\/#primaryimage\"},\"image\":{\"@id\":\"https:\\\/\\\/www.visit-montenegro.com\\\/me\\\/transport\\\/transportation-bus-stations\\\/#primaryimage\"},\"thumbnailUrl\":\"https:\\\/\\\/www.visit-montenegro.com\\\/wp-content\\\/uploads\\\/2015\\\/02\\\/Bus.jpg\",\"datePublished\":\"2026-01-28T18:16:59+00:00\",\"dateModified\":\"2026-02-24T12:27:50+00:00\",\"description\":\"Otkrijte opcije autobusnog prevoza u Crnoj Gori i alternative poput privatnih transfera i taksija za efikasno putovanje. Planirajte svoj put uz na\u0161 vodi\u010d.\",\"breadcrumb\":{\"@id\":\"https:\\\/\\\/www.visit-montenegro.com\\\/me\\\/transport\\\/transportation-bus-stations\\\/#breadcrumb\"},\"inLanguage\":\"sr-Latn-ME\",\"potentialAction\":[{\"@type\":\"ReadAction\",\"target\":[\"https:\\\/\\\/www.visit-montenegro.com\\\/me\\\/transport\\\/transportation-bus-stations\\\/\"]}]},{\"@type\":\"ImageObject\",\"inLanguage\":\"sr-Latn-ME\",\"@id\":\"https:\\\/\\\/www.visit-montenegro.com\\\/me\\\/transport\\\/transportation-bus-stations\\\/#primaryimage\",\"url\":\"https:\\\/\\\/www.visit-montenegro.com\\\/wp-content\\\/uploads\\\/2015\\\/02\\\/Bus.jpg\",\"contentUrl\":\"https:\\\/\\\/www.visit-montenegro.com\\\/wp-content\\\/uploads\\\/2015\\\/02\\\/Bus.jpg\",\"width\":1296,\"height\":864},{\"@type\":\"BreadcrumbList\",\"@id\":\"https:\\\/\\\/www.visit-montenegro.com\\\/me\\\/transport\\\/transportation-bus-stations\\\/#breadcrumb\",\"itemListElement\":[{\"@type\":\"ListItem\",\"position\":1,\"name\":\"Home\",\"item\":\"https:\\\/\\\/www.visit-montenegro.com\\\/me\\\/pocetna\\\/\"},{\"@type\":\"ListItem\",\"position\":2,\"name\":\"Transport u Crnoj Gori\",\"item\":\"https:\\\/\\\/www.visit-montenegro.com\\\/me\\\/transport\\\/\"},{\"@type\":\"ListItem\",\"position\":3,\"name\":\"Autobuski prevoz u Crnoj Gori\"}]},{\"@type\":\"WebSite\",\"@id\":\"https:\\\/\\\/www.visit-montenegro.com\\\/me\\\/#website\",\"url\":\"https:\\\/\\\/www.visit-montenegro.com\\\/me\\\/\",\"name\":\"Visit Montenegro\",\"description\":\"Breathtaking beauty\",\"publisher\":{\"@id\":\"https:\\\/\\\/www.visit-montenegro.com\\\/me\\\/#organization\"},\"potentialAction\":[{\"@type\":\"SearchAction\",\"target\":{\"@type\":\"EntryPoint\",\"urlTemplate\":\"https:\\\/\\\/www.visit-montenegro.com\\\/me\\\/?s={search_term_string}\"},\"query-input\":{\"@type\":\"PropertyValueSpecification\",\"valueRequired\":true,\"valueName\":\"search_term_string\"}}],\"inLanguage\":\"sr-Latn-ME\"},{\"@type\":\"Organization\",\"@id\":\"https:\\\/\\\/www.visit-montenegro.com\\\/me\\\/#organization\",\"name\":\"Visit Montenegro\",\"url\":\"https:\\\/\\\/www.visit-montenegro.com\\\/me\\\/\",\"logo\":{\"@type\":\"ImageObject\",\"inLanguage\":\"sr-Latn-ME\",\"@id\":\"https:\\\/\\\/www.visit-montenegro.com\\\/me\\\/#\\\/schema\\\/logo\\\/image\\\/\",\"url\":\"https:\\\/\\\/www.visit-montenegro.com\\\/wp-content\\\/uploads\\\/2017\\\/10\\\/logo-amp.png\",\"contentUrl\":\"https:\\\/\\\/www.visit-montenegro.com\\\/wp-content\\\/uploads\\\/2017\\\/10\\\/logo-amp.png\",\"width\":190,\"height\":36,\"caption\":\"Visit Montenegro\"},\"image\":{\"@id\":\"https:\\\/\\\/www.visit-montenegro.com\\\/me\\\/#\\\/schema\\\/logo\\\/image\\\/\"},\"sameAs\":[\"https:\\\/\\\/www.facebook.com\\\/visitmontenegro\",\"https:\\\/\\\/x.com\\\/visitmontenegro\",\"https:\\\/\\\/www.instagram.com\\\/visit_montenegro\\\/\",\"https:\\\/\\\/www.youtube.com\\\/user\\\/VisitMontenegro\"]}]}<\/script>\n<!-- \/ Yoast SEO plugin. -->","yoast_head_json":{"title":"Autobuski prevoz u Crnoj Gori - Visit Montenegro","description":"Otkrijte opcije autobusnog prevoza u Crnoj Gori i alternative poput privatnih transfera i taksija za efikasno putovanje. Planirajte svoj put uz na\u0161 vodi\u010d.","robots":{"index":"index","follow":"follow","max-snippet":"max-snippet:-1","max-image-preview":"max-image-preview:large","max-video-preview":"max-video-preview:-1"},"canonical":"https:\/\/www.visit-montenegro.com\/me\/transport\/transportation-bus-stations\/","og_locale":"en_US","og_type":"article","og_title":"Autobuski prevoz u Crnoj Gori - Visit Montenegro","og_description":"Otkrijte opcije autobusnog prevoza u Crnoj Gori i alternative poput privatnih transfera i taksija za efikasno putovanje. Planirajte svoj put uz na\u0161 vodi\u010d.","og_url":"https:\/\/www.visit-montenegro.com\/me\/transport\/transportation-bus-stations\/","og_site_name":"Visit Montenegro","article_publisher":"https:\/\/www.facebook.com\/visitmontenegro","article_modified_time":"2026-02-24T12:27:50+00:00","og_image":[{"width":1296,"height":864,"url":"https:\/\/www.visit-montenegro.com\/wp-content\/uploads\/2015\/02\/Bus.jpg","type":"image\/jpeg"}],"twitter_card":"summary_large_image","twitter_site":"@visitmontenegro","twitter_misc":{"Est. reading time":"1 minute"},"schema":{"@context":"https:\/\/schema.org","@graph":[{"@type":"WebPage","@id":"https:\/\/www.visit-montenegro.com\/me\/transport\/transportation-bus-stations\/","url":"https:\/\/www.visit-montenegro.com\/me\/transport\/transportation-bus-stations\/","name":"Autobuski prevoz u Crnoj Gori - Visit Montenegro","isPartOf":{"@id":"https:\/\/www.visit-montenegro.com\/me\/#website"},"primaryImageOfPage":{"@id":"https:\/\/www.visit-montenegro.com\/me\/transport\/transportation-bus-stations\/#primaryimage"},"image":{"@id":"https:\/\/www.visit-montenegro.com\/me\/transport\/transportation-bus-stations\/#primaryimage"},"thumbnailUrl":"https:\/\/www.visit-montenegro.com\/wp-content\/uploads\/2015\/02\/Bus.jpg","datePublished":"2026-01-28T18:16:59+00:00","dateModified":"2026-02-24T12:27:50+00:00","description":"Otkrijte opcije autobusnog prevoza u Crnoj Gori i alternative poput privatnih transfera i taksija za efikasno putovanje. Planirajte svoj put uz na\u0161 vodi\u010d.","breadcrumb":{"@id":"https:\/\/www.visit-montenegro.com\/me\/transport\/transportation-bus-stations\/#breadcrumb"},"inLanguage":"sr-Latn-ME","potentialAction":[{"@type":"ReadAction","target":["https:\/\/www.visit-montenegro.com\/me\/transport\/transportation-bus-stations\/"]}]},{"@type":"ImageObject","inLanguage":"sr-Latn-ME","@id":"https:\/\/www.visit-montenegro.com\/me\/transport\/transportation-bus-stations\/#primaryimage","url":"https:\/\/www.visit-montenegro.com\/wp-content\/uploads\/2015\/02\/Bus.jpg","contentUrl":"https:\/\/www.visit-montenegro.com\/wp-content\/uploads\/2015\/02\/Bus.jpg","width":1296,"height":864},{"@type":"BreadcrumbList","@id":"https:\/\/www.visit-montenegro.com\/me\/transport\/transportation-bus-stations\/#breadcrumb","itemListElement":[{"@type":"ListItem","position":1,"name":"Home","item":"https:\/\/www.visit-montenegro.com\/me\/pocetna\/"},{"@type":"ListItem","position":2,"name":"Transport u Crnoj Gori","item":"https:\/\/www.visit-montenegro.com\/me\/transport\/"},{"@type":"ListItem","position":3,"name":"Autobuski prevoz u Crnoj Gori"}]},{"@type":"WebSite","@id":"https:\/\/www.visit-montenegro.com\/me\/#website","url":"https:\/\/www.visit-montenegro.com\/me\/","name":"Visit Montenegro","description":"Breathtaking beauty","publisher":{"@id":"https:\/\/www.visit-montenegro.com\/me\/#organization"},"potentialAction":[{"@type":"SearchAction","target":{"@type":"EntryPoint","urlTemplate":"https:\/\/www.visit-montenegro.com\/me\/?s={search_term_string}"},"query-input":{"@type":"PropertyValueSpecification","valueRequired":true,"valueName":"search_term_string"}}],"inLanguage":"sr-Latn-ME"},{"@type":"Organization","@id":"https:\/\/www.visit-montenegro.com\/me\/#organization","name":"Visit Montenegro","url":"https:\/\/www.visit-montenegro.com\/me\/","logo":{"@type":"ImageObject","inLanguage":"sr-Latn-ME","@id":"https:\/\/www.visit-montenegro.com\/me\/#\/schema\/logo\/image\/","url":"https:\/\/www.visit-montenegro.com\/wp-content\/uploads\/2017\/10\/logo-amp.png","contentUrl":"https:\/\/www.visit-montenegro.com\/wp-content\/uploads\/2017\/10\/logo-amp.png","width":190,"height":36,"caption":"Visit Montenegro"},"image":{"@id":"https:\/\/www.visit-montenegro.com\/me\/#\/schema\/logo\/image\/"},"sameAs":["https:\/\/www.facebook.com\/visitmontenegro","https:\/\/x.com\/visitmontenegro","https:\/\/www.instagram.com\/visit_montenegro\/","https:\/\/www.youtube.com\/user\/VisitMontenegro"]}]}},"translations":[],"_links":{"self":[{"href":"https:\/\/www.visit-montenegro.com\/me\/wp-json\/wp\/v2\/pages\/134353","targetHints":{"allow":["GET"]}}],"collection":[{"href":"https:\/\/www.visit-montenegro.com\/me\/wp-json\/wp\/v2\/pages"}],"about":[{"href":"https:\/\/www.visit-montenegro.com\/me\/wp-json\/wp\/v2\/types\/page"}],"author":[{"embeddable":true,"href":"https:\/\/www.visit-montenegro.com\/me\/wp-json\/wp\/v2\/users\/1"}],"replies":[{"embeddable":true,"href":"https:\/\/www.visit-montenegro.com\/me\/wp-json\/wp\/v2\/comments?post=134353"}],"version-history":[{"count":0,"href":"https:\/\/www.visit-montenegro.com\/me\/wp-json\/wp\/v2\/pages\/134353\/revisions"}],"up":[{"embeddable":true,"href":"https:\/\/www.visit-montenegro.com\/me\/wp-json\/wp\/v2\/pages\/133452"}],"wp:featuredmedia":[{"embeddable":true,"href":"https:\/\/www.visit-montenegro.com\/me\/wp-json\/wp\/v2\/media\/133453"}],"wp:attachment":[{"href":"https:\/\/www.visit-montenegro.com\/me\/wp-json\/wp\/v2\/media?parent=134353"}],"wp:term":[{"taxonomy":"post_tag","embeddable":true,"href":"https:\/\/www.visit-montenegro.com\/me\/wp-json\/wp\/v2\/tags?post=134353"}],"curies":[{"name":"wp","href":"https:\/\/api.w.org\/{rel}","templated":true}]}}