{"id":134359,"date":"2026-01-28T19:16:59","date_gmt":"2026-01-28T18:16:59","guid":{"rendered":"https:\/\/new.visit-montenegro.com\/transport\/dubrovnik-do-crne-gore\/"},"modified":"2026-02-24T13:28:13","modified_gmt":"2026-02-24T12:28:13","slug":"dubrovnik-do-crne-gore","status":"publish","type":"page","link":"https:\/\/www.visit-montenegro.com\/me\/transport\/dubrovnik-do-crne-gore\/","title":{"rendered":"Putovanje iz Dubrovnika u Crnu Goru"},"content":{"rendered":"\n<p>Putovanje iz Dubrovnika u Crnu Goru nudi fleksibilne opcije za istra\u017eivanje skrivenih dragulja, od iznajmljivanja automobila za nezavisne avanture do organizovanih tura i privatnih transfera za besprekorna putovanja.<\/p>\n\n<hr class=\"wp-block-separator has-alpha-channel-opacity\"\/>\n\n<h2 class=\"wp-block-heading\">Iznajmljivanje automobila za nezavisno istra\u017eivanje<\/h2>\n\n<p>Ako sletate na Aerodrom Dubrovnik i \u017eelite nastaviti u Crnu Goru, mo\u017eete online rezervisati <a href=\"https:\/\/www.visit-montenegro.com\/me\/transport\/transport-iznajmljivanje-automobila\/\">Uslugu iznajmljivanja automobila<\/a>. Ovo vam omogu\u0107ava da sami kreirate nezaboravan itinerar, otkrijete privla\u010dne vidikovce kojima je ova zemlja bogata, dodirnete \u017eivot lokalaca i krenete u zadivljuju\u0107e avanture koliko god \u017eelite.<\/p>\n\n<h2 class=\"wp-block-heading\">Organizovane ture iz Dubrovnika<\/h2>\n\n<p>Ako boravite u Dubrovniku i \u017eelite dobro organizovanu jednodnevnu ekskurziju u Crnu Goru, kontaktirajte nas. Mo\u017eemo organizovati ture sa zanimljivim i informisanim vodi\u010dima koji govore va\u0161 jezik.<\/p>\n\n<h2 class=\"wp-block-heading\">Privatni transferi za direktno putovanje<\/h2>\n\n<p>Za pristupa\u010dan prevoz od ta\u010dke A do ta\u010dke B, rezervi\u0161ite <a href=\"https:\/\/www.visit-montenegro.com\/me\/transferi\/\">Privatni transfer<\/a>. Samo trebate definisati A i odrediti B. Mali savjet \u2013 obe varijable mogu biti Dubrovnik i bilo koje mjesto u Crnoj Gori.<\/p>\n\n<p><\/p>\n","protected":false},"excerpt":{"rendered":"<p>Otkrijte fleksibilne na\u010dine putovanja iz Dubrovnika u Crnu Goru, uklju\u010duju\u0107i iznajmljivanje automobila za nezavisne avanture, organizovane ture za dubinske do\u017eivljaje i privatne transfere za direktne rute. Planirajte svoje putovanje s lako\u0107om i istra\u017eite skrivene dragulje Crne Gore.<\/p>\n","protected":false},"author":1,"featured_media":134360,"parent":133452,"menu_order":0,"comment_status":"open","ping_status":"open","template":"","meta":{"_yoast_wpseo_focuskw":"Putovanje iz Dubrovnika u Crnu Goru","_yoast_wpseo_metadesc":"Istra\u017eite Crnu Goru iz Dubrovnika uz iznajmljivanje automobila, organizovane ture i privatne transfere. Planirajte svoju avanturu i otkrijte skrivene dragulje bez napora. Kliknite da saznate vi\u0161e!","_kad_post_transparent":"","_kad_post_title":"","_kad_post_layout":"","_kad_post_sidebar_id":"","_kad_post_content_style":"","_kad_post_vertical_padding":"","_kad_post_feature":"","_kad_post_feature_position":"","_kad_post_header":false,"_kad_post_footer":false,"_kad_post_classname":"","iawp_total_views":4,"footnotes":""},"tags":[],"class_list":["post-134359","page","type-page","status-publish","has-post-thumbnail","hentry"],"yoast_head":"<!-- This site is optimized with the Yoast SEO plugin v27.3 - https:\/\/yoast.com\/product\/yoast-seo-wordpress\/ -->\n<title>Putovanje iz Dubrovnika u Crnu Goru - Visit Montenegro<\/title>\n<meta name=\"description\" content=\"Istra\u017eite Crnu Goru iz Dubrovnika uz iznajmljivanje automobila, organizovane ture i privatne transfere. Planirajte svoju avanturu i otkrijte skrivene dragulje bez napora. Kliknite da saznate vi\u0161e!\" \/>\n<meta name=\"robots\" content=\"index, follow, max-snippet:-1, max-image-preview:large, max-video-preview:-1\" \/>\n<link rel=\"canonical\" href=\"https:\/\/www.visit-montenegro.com\/me\/transport\/dubrovnik-do-crne-gore\/\" \/>\n<meta property=\"og:locale\" content=\"en_US\" \/>\n<meta property=\"og:type\" content=\"article\" \/>\n<meta property=\"og:title\" content=\"Putovanje iz Dubrovnika u Crnu Goru - Visit Montenegro\" \/>\n<meta property=\"og:description\" content=\"Istra\u017eite Crnu Goru iz Dubrovnika uz iznajmljivanje automobila, organizovane ture i privatne transfere. Planirajte svoju avanturu i otkrijte skrivene dragulje bez napora. Kliknite da saznate vi\u0161e!\" \/>\n<meta property=\"og:url\" content=\"https:\/\/www.visit-montenegro.com\/me\/transport\/dubrovnik-do-crne-gore\/\" \/>\n<meta property=\"og:site_name\" content=\"Visit Montenegro\" \/>\n<meta property=\"article:publisher\" content=\"https:\/\/www.facebook.com\/visitmontenegro\" \/>\n<meta property=\"article:modified_time\" content=\"2026-02-24T12:28:13+00:00\" \/>\n<meta property=\"og:image\" content=\"https:\/\/www.visit-montenegro.com\/wp-content\/uploads\/2015\/02\/Dubrovnik-panorama.jpg\" \/>\n\t<meta property=\"og:image:width\" content=\"800\" \/>\n\t<meta property=\"og:image:height\" content=\"533\" \/>\n\t<meta property=\"og:image:type\" content=\"image\/jpeg\" \/>\n<meta name=\"twitter:card\" content=\"summary_large_image\" \/>\n<meta name=\"twitter:site\" content=\"@visitmontenegro\" \/>\n<meta name=\"twitter:label1\" content=\"Est. reading time\" \/>\n\t<meta name=\"twitter:data1\" content=\"1 minute\" \/>\n<script type=\"application\/ld+json\" class=\"yoast-schema-graph\">{\"@context\":\"https:\\\/\\\/schema.org\",\"@graph\":[{\"@type\":\"WebPage\",\"@id\":\"https:\\\/\\\/www.visit-montenegro.com\\\/me\\\/transport\\\/dubrovnik-do-crne-gore\\\/\",\"url\":\"https:\\\/\\\/www.visit-montenegro.com\\\/me\\\/transport\\\/dubrovnik-do-crne-gore\\\/\",\"name\":\"Putovanje iz Dubrovnika u Crnu Goru - Visit Montenegro\",\"isPartOf\":{\"@id\":\"https:\\\/\\\/www.visit-montenegro.com\\\/me\\\/#website\"},\"primaryImageOfPage\":{\"@id\":\"https:\\\/\\\/www.visit-montenegro.com\\\/me\\\/transport\\\/dubrovnik-do-crne-gore\\\/#primaryimage\"},\"image\":{\"@id\":\"https:\\\/\\\/www.visit-montenegro.com\\\/me\\\/transport\\\/dubrovnik-do-crne-gore\\\/#primaryimage\"},\"thumbnailUrl\":\"https:\\\/\\\/www.visit-montenegro.com\\\/wp-content\\\/uploads\\\/2015\\\/02\\\/Dubrovnik-panorama.jpg\",\"datePublished\":\"2026-01-28T18:16:59+00:00\",\"dateModified\":\"2026-02-24T12:28:13+00:00\",\"description\":\"Istra\u017eite Crnu Goru iz Dubrovnika uz iznajmljivanje automobila, organizovane ture i privatne transfere. Planirajte svoju avanturu i otkrijte skrivene dragulje bez napora. Kliknite da saznate vi\u0161e!\",\"breadcrumb\":{\"@id\":\"https:\\\/\\\/www.visit-montenegro.com\\\/me\\\/transport\\\/dubrovnik-do-crne-gore\\\/#breadcrumb\"},\"inLanguage\":\"sr-Latn-ME\",\"potentialAction\":[{\"@type\":\"ReadAction\",\"target\":[\"https:\\\/\\\/www.visit-montenegro.com\\\/me\\\/transport\\\/dubrovnik-do-crne-gore\\\/\"]}]},{\"@type\":\"ImageObject\",\"inLanguage\":\"sr-Latn-ME\",\"@id\":\"https:\\\/\\\/www.visit-montenegro.com\\\/me\\\/transport\\\/dubrovnik-do-crne-gore\\\/#primaryimage\",\"url\":\"https:\\\/\\\/www.visit-montenegro.com\\\/wp-content\\\/uploads\\\/2015\\\/02\\\/Dubrovnik-panorama.jpg\",\"contentUrl\":\"https:\\\/\\\/www.visit-montenegro.com\\\/wp-content\\\/uploads\\\/2015\\\/02\\\/Dubrovnik-panorama.jpg\",\"width\":800,\"height\":533},{\"@type\":\"BreadcrumbList\",\"@id\":\"https:\\\/\\\/www.visit-montenegro.com\\\/me\\\/transport\\\/dubrovnik-do-crne-gore\\\/#breadcrumb\",\"itemListElement\":[{\"@type\":\"ListItem\",\"position\":1,\"name\":\"Home\",\"item\":\"https:\\\/\\\/www.visit-montenegro.com\\\/me\\\/pocetna\\\/\"},{\"@type\":\"ListItem\",\"position\":2,\"name\":\"Transport u Crnoj Gori\",\"item\":\"https:\\\/\\\/www.visit-montenegro.com\\\/me\\\/transport\\\/\"},{\"@type\":\"ListItem\",\"position\":3,\"name\":\"Putovanje iz Dubrovnika u Crnu Goru\"}]},{\"@type\":\"WebSite\",\"@id\":\"https:\\\/\\\/www.visit-montenegro.com\\\/me\\\/#website\",\"url\":\"https:\\\/\\\/www.visit-montenegro.com\\\/me\\\/\",\"name\":\"Visit Montenegro\",\"description\":\"Breathtaking beauty\",\"publisher\":{\"@id\":\"https:\\\/\\\/www.visit-montenegro.com\\\/me\\\/#organization\"},\"potentialAction\":[{\"@type\":\"SearchAction\",\"target\":{\"@type\":\"EntryPoint\",\"urlTemplate\":\"https:\\\/\\\/www.visit-montenegro.com\\\/me\\\/?s={search_term_string}\"},\"query-input\":{\"@type\":\"PropertyValueSpecification\",\"valueRequired\":true,\"valueName\":\"search_term_string\"}}],\"inLanguage\":\"sr-Latn-ME\"},{\"@type\":\"Organization\",\"@id\":\"https:\\\/\\\/www.visit-montenegro.com\\\/me\\\/#organization\",\"name\":\"Visit Montenegro\",\"url\":\"https:\\\/\\\/www.visit-montenegro.com\\\/me\\\/\",\"logo\":{\"@type\":\"ImageObject\",\"inLanguage\":\"sr-Latn-ME\",\"@id\":\"https:\\\/\\\/www.visit-montenegro.com\\\/me\\\/#\\\/schema\\\/logo\\\/image\\\/\",\"url\":\"https:\\\/\\\/www.visit-montenegro.com\\\/wp-content\\\/uploads\\\/2017\\\/10\\\/logo-amp.png\",\"contentUrl\":\"https:\\\/\\\/www.visit-montenegro.com\\\/wp-content\\\/uploads\\\/2017\\\/10\\\/logo-amp.png\",\"width\":190,\"height\":36,\"caption\":\"Visit Montenegro\"},\"image\":{\"@id\":\"https:\\\/\\\/www.visit-montenegro.com\\\/me\\\/#\\\/schema\\\/logo\\\/image\\\/\"},\"sameAs\":[\"https:\\\/\\\/www.facebook.com\\\/visitmontenegro\",\"https:\\\/\\\/x.com\\\/visitmontenegro\",\"https:\\\/\\\/www.instagram.com\\\/visit_montenegro\\\/\",\"https:\\\/\\\/www.youtube.com\\\/user\\\/VisitMontenegro\"]}]}<\/script>\n<!-- \/ Yoast SEO plugin. -->","yoast_head_json":{"title":"Putovanje iz Dubrovnika u Crnu Goru - Visit Montenegro","description":"Istra\u017eite Crnu Goru iz Dubrovnika uz iznajmljivanje automobila, organizovane ture i privatne transfere. Planirajte svoju avanturu i otkrijte skrivene dragulje bez napora. Kliknite da saznate vi\u0161e!","robots":{"index":"index","follow":"follow","max-snippet":"max-snippet:-1","max-image-preview":"max-image-preview:large","max-video-preview":"max-video-preview:-1"},"canonical":"https:\/\/www.visit-montenegro.com\/me\/transport\/dubrovnik-do-crne-gore\/","og_locale":"en_US","og_type":"article","og_title":"Putovanje iz Dubrovnika u Crnu Goru - Visit Montenegro","og_description":"Istra\u017eite Crnu Goru iz Dubrovnika uz iznajmljivanje automobila, organizovane ture i privatne transfere. Planirajte svoju avanturu i otkrijte skrivene dragulje bez napora. Kliknite da saznate vi\u0161e!","og_url":"https:\/\/www.visit-montenegro.com\/me\/transport\/dubrovnik-do-crne-gore\/","og_site_name":"Visit Montenegro","article_publisher":"https:\/\/www.facebook.com\/visitmontenegro","article_modified_time":"2026-02-24T12:28:13+00:00","og_image":[{"width":800,"height":533,"url":"https:\/\/www.visit-montenegro.com\/wp-content\/uploads\/2015\/02\/Dubrovnik-panorama.jpg","type":"image\/jpeg"}],"twitter_card":"summary_large_image","twitter_site":"@visitmontenegro","twitter_misc":{"Est. reading time":"1 minute"},"schema":{"@context":"https:\/\/schema.org","@graph":[{"@type":"WebPage","@id":"https:\/\/www.visit-montenegro.com\/me\/transport\/dubrovnik-do-crne-gore\/","url":"https:\/\/www.visit-montenegro.com\/me\/transport\/dubrovnik-do-crne-gore\/","name":"Putovanje iz Dubrovnika u Crnu Goru - Visit Montenegro","isPartOf":{"@id":"https:\/\/www.visit-montenegro.com\/me\/#website"},"primaryImageOfPage":{"@id":"https:\/\/www.visit-montenegro.com\/me\/transport\/dubrovnik-do-crne-gore\/#primaryimage"},"image":{"@id":"https:\/\/www.visit-montenegro.com\/me\/transport\/dubrovnik-do-crne-gore\/#primaryimage"},"thumbnailUrl":"https:\/\/www.visit-montenegro.com\/wp-content\/uploads\/2015\/02\/Dubrovnik-panorama.jpg","datePublished":"2026-01-28T18:16:59+00:00","dateModified":"2026-02-24T12:28:13+00:00","description":"Istra\u017eite Crnu Goru iz Dubrovnika uz iznajmljivanje automobila, organizovane ture i privatne transfere. Planirajte svoju avanturu i otkrijte skrivene dragulje bez napora. Kliknite da saznate vi\u0161e!","breadcrumb":{"@id":"https:\/\/www.visit-montenegro.com\/me\/transport\/dubrovnik-do-crne-gore\/#breadcrumb"},"inLanguage":"sr-Latn-ME","potentialAction":[{"@type":"ReadAction","target":["https:\/\/www.visit-montenegro.com\/me\/transport\/dubrovnik-do-crne-gore\/"]}]},{"@type":"ImageObject","inLanguage":"sr-Latn-ME","@id":"https:\/\/www.visit-montenegro.com\/me\/transport\/dubrovnik-do-crne-gore\/#primaryimage","url":"https:\/\/www.visit-montenegro.com\/wp-content\/uploads\/2015\/02\/Dubrovnik-panorama.jpg","contentUrl":"https:\/\/www.visit-montenegro.com\/wp-content\/uploads\/2015\/02\/Dubrovnik-panorama.jpg","width":800,"height":533},{"@type":"BreadcrumbList","@id":"https:\/\/www.visit-montenegro.com\/me\/transport\/dubrovnik-do-crne-gore\/#breadcrumb","itemListElement":[{"@type":"ListItem","position":1,"name":"Home","item":"https:\/\/www.visit-montenegro.com\/me\/pocetna\/"},{"@type":"ListItem","position":2,"name":"Transport u Crnoj Gori","item":"https:\/\/www.visit-montenegro.com\/me\/transport\/"},{"@type":"ListItem","position":3,"name":"Putovanje iz Dubrovnika u Crnu Goru"}]},{"@type":"WebSite","@id":"https:\/\/www.visit-montenegro.com\/me\/#website","url":"https:\/\/www.visit-montenegro.com\/me\/","name":"Visit Montenegro","description":"Breathtaking beauty","publisher":{"@id":"https:\/\/www.visit-montenegro.com\/me\/#organization"},"potentialAction":[{"@type":"SearchAction","target":{"@type":"EntryPoint","urlTemplate":"https:\/\/www.visit-montenegro.com\/me\/?s={search_term_string}"},"query-input":{"@type":"PropertyValueSpecification","valueRequired":true,"valueName":"search_term_string"}}],"inLanguage":"sr-Latn-ME"},{"@type":"Organization","@id":"https:\/\/www.visit-montenegro.com\/me\/#organization","name":"Visit Montenegro","url":"https:\/\/www.visit-montenegro.com\/me\/","logo":{"@type":"ImageObject","inLanguage":"sr-Latn-ME","@id":"https:\/\/www.visit-montenegro.com\/me\/#\/schema\/logo\/image\/","url":"https:\/\/www.visit-montenegro.com\/wp-content\/uploads\/2017\/10\/logo-amp.png","contentUrl":"https:\/\/www.visit-montenegro.com\/wp-content\/uploads\/2017\/10\/logo-amp.png","width":190,"height":36,"caption":"Visit Montenegro"},"image":{"@id":"https:\/\/www.visit-montenegro.com\/me\/#\/schema\/logo\/image\/"},"sameAs":["https:\/\/www.facebook.com\/visitmontenegro","https:\/\/x.com\/visitmontenegro","https:\/\/www.instagram.com\/visit_montenegro\/","https:\/\/www.youtube.com\/user\/VisitMontenegro"]}]}},"translations":[],"_links":{"self":[{"href":"https:\/\/www.visit-montenegro.com\/me\/wp-json\/wp\/v2\/pages\/134359","targetHints":{"allow":["GET"]}}],"collection":[{"href":"https:\/\/www.visit-montenegro.com\/me\/wp-json\/wp\/v2\/pages"}],"about":[{"href":"https:\/\/www.visit-montenegro.com\/me\/wp-json\/wp\/v2\/types\/page"}],"author":[{"embeddable":true,"href":"https:\/\/www.visit-montenegro.com\/me\/wp-json\/wp\/v2\/users\/1"}],"replies":[{"embeddable":true,"href":"https:\/\/www.visit-montenegro.com\/me\/wp-json\/wp\/v2\/comments?post=134359"}],"version-history":[{"count":0,"href":"https:\/\/www.visit-montenegro.com\/me\/wp-json\/wp\/v2\/pages\/134359\/revisions"}],"up":[{"embeddable":true,"href":"https:\/\/www.visit-montenegro.com\/me\/wp-json\/wp\/v2\/pages\/133452"}],"wp:featuredmedia":[{"embeddable":true,"href":"https:\/\/www.visit-montenegro.com\/me\/wp-json\/wp\/v2\/media\/134360"}],"wp:attachment":[{"href":"https:\/\/www.visit-montenegro.com\/me\/wp-json\/wp\/v2\/media?parent=134359"}],"wp:term":[{"taxonomy":"post_tag","embeddable":true,"href":"https:\/\/www.visit-montenegro.com\/me\/wp-json\/wp\/v2\/tags?post=134359"}],"curies":[{"name":"wp","href":"https:\/\/api.w.org\/{rel}","templated":true}]}}