{"id":134365,"date":"2026-01-28T19:16:59","date_gmt":"2026-01-28T18:16:59","guid":{"rendered":"https:\/\/new.visit-montenegro.com\/transport\/transportation-ferry-lines\/"},"modified":"2026-02-22T16:56:41","modified_gmt":"2026-02-22T15:56:41","slug":"transportation-ferry-lines","status":"publish","type":"page","link":"https:\/\/www.visit-montenegro.com\/me\/transport\/transportation-ferry-lines\/","title":{"rendered":"Trajektne Linije Crne Gore"},"content":{"rendered":"\n<p>Trajektne linije Crne Gore pru\u017eaju bitne veze, kako me\u0111unarodne za Italiju tako i lokalne preko slikovitih zaliva, nude\u0107i putnicima efikasne i slikovite pomorske rute.<\/p>\n\n<hr class=\"wp-block-separator has-alpha-channel-opacity\"\/>\n\n<h2 class=\"wp-block-heading\">Me\u0111unarodne Trajektne Veze za Italiju<\/h2>\n\n<p>Tokom cijele godine, postoje redovne trajektne linije izme\u0111u Bara i Barija, kao i Bara i Ankone u Italiji. <strong>Montenegro Lines<\/strong> je pomorska kompanija koja povezuje Crnu Goru sa Italijom redovnim servisom tokom cijele godine. Flota se sastoji od brodova &#8220;Sveti Stefan I&#8221; i &#8220;Sveti Stefan II,&#8221; koji povezuju italijanske luke Bari i Ankonu sa lukom <a href=\"https:\/\/www.visit-montenegro.com\/me\/destinacije\/bar\/\">Bar<\/a> u Crnoj Gori. Shodno tome, ovo pru\u017ea pouzdan pomorski pristup za putnike i robu.<\/p>\n\n<p>Za vi\u0161e informacija o trajektnim linijama, rasporedima i rezervaciji, mo\u017eete posjetiti <a href=\"http:\/\/www.montenegrolines.com\" target=\"_blank\">websajt Montenegro Lines<\/a>. Ovaj resurs je bitan za planiranje putovanja i osiguravanje glatkih aran\u017emana putovanja.<\/p>\n\n<h2 class=\"wp-block-heading\">Lokalne Trajektne Usluge<\/h2>\n\n<p>Postoji i lokalna trajektna linija koja ide preko Kotorskog zaliva. Ona zna\u010dajno ubrzava putovanje sa jedne strane zaliva na drugu. Me\u0111utim, tokom visoke sezone od sredine jula do sredine avgusta, mogu postojati zna\u010dajne gu\u017eve na ovoj liniji. Za dodatne informacije i cenovnik, pogledajte <a href=\"https:\/\/trajekt.me\/en\/\" type=\"link\" id=\"https:\/\/trajekt.me\/en\/\" target=\"_blank\" rel=\"noreferrer noopener\">websajt Trajekt.me<\/a>. \u0160tavi\u0161e, ova usluga nudi slikovit i prakti\u010dan na\u010din za istra\u017eivanje atrakcija zaliva.<\/p>\n\n<p><\/p>\n","protected":false},"excerpt":{"rendered":"<p>Otkrijte trajektne linije Crne Gore, koje povezuju Italiju i lokalne zalive. Saznajte o me\u0111unarodnim rutama sa Montenegro Lines i slikovitim lokalnim putovanjima preko Kotorskog zaliva. Planirajte svoje putovanje sa bitnim detaljima o rezervaciji.<\/p>\n","protected":false},"author":1,"featured_media":134366,"parent":133452,"menu_order":0,"comment_status":"open","ping_status":"open","template":"","meta":{"_yoast_wpseo_focuskw":"Trajektne Linije Crne Gore","_yoast_wpseo_metadesc":"Istra\u017eite trajektne linije Crne Gore za Italiju i lokalne zalive. Dobijte raspored, informacije o rezervaciji i savjete za slikovita pomorska putovanja. Planirajte svoj put efikasno.","_kad_post_transparent":"","_kad_post_title":"","_kad_post_layout":"","_kad_post_sidebar_id":"","_kad_post_content_style":"","_kad_post_vertical_padding":"","_kad_post_feature":"","_kad_post_feature_position":"","_kad_post_header":false,"_kad_post_footer":false,"_kad_post_classname":"","iawp_total_views":23,"footnotes":""},"tags":[],"class_list":["post-134365","page","type-page","status-publish","has-post-thumbnail","hentry"],"yoast_head":"<!-- This site is optimized with the Yoast SEO plugin v27.3 - https:\/\/yoast.com\/product\/yoast-seo-wordpress\/ -->\n<title>Trajektne Linije Crne Gore - Visit Montenegro<\/title>\n<meta name=\"description\" content=\"Istra\u017eite trajektne linije Crne Gore za Italiju i lokalne zalive. Dobijte raspored, informacije o rezervaciji i savjete za slikovita pomorska putovanja. Planirajte svoj put efikasno.\" \/>\n<meta name=\"robots\" content=\"index, follow, max-snippet:-1, max-image-preview:large, max-video-preview:-1\" \/>\n<link rel=\"canonical\" href=\"https:\/\/www.visit-montenegro.com\/me\/transport\/transportation-ferry-lines\/\" \/>\n<meta property=\"og:locale\" content=\"en_US\" \/>\n<meta property=\"og:type\" content=\"article\" \/>\n<meta property=\"og:title\" content=\"Trajektne Linije Crne Gore - Visit Montenegro\" \/>\n<meta property=\"og:description\" content=\"Istra\u017eite trajektne linije Crne Gore za Italiju i lokalne zalive. Dobijte raspored, informacije o rezervaciji i savjete za slikovita pomorska putovanja. Planirajte svoj put efikasno.\" \/>\n<meta property=\"og:url\" content=\"https:\/\/www.visit-montenegro.com\/me\/transport\/transportation-ferry-lines\/\" \/>\n<meta property=\"og:site_name\" content=\"Visit Montenegro\" \/>\n<meta property=\"article:publisher\" content=\"https:\/\/www.facebook.com\/visitmontenegro\" \/>\n<meta property=\"article:modified_time\" content=\"2026-02-22T15:56:41+00:00\" \/>\n<meta property=\"og:image\" content=\"https:\/\/www.visit-montenegro.com\/wp-content\/uploads\/2026\/01\/Depositphotos_668449212_XL-scaled.jpg\" \/>\n\t<meta property=\"og:image:width\" content=\"1600\" \/>\n\t<meta property=\"og:image:height\" content=\"1198\" \/>\n\t<meta property=\"og:image:type\" content=\"image\/jpeg\" \/>\n<meta name=\"twitter:card\" content=\"summary_large_image\" \/>\n<meta name=\"twitter:site\" content=\"@visitmontenegro\" \/>\n<meta name=\"twitter:label1\" content=\"Est. reading time\" \/>\n\t<meta name=\"twitter:data1\" content=\"1 minute\" \/>\n<script type=\"application\/ld+json\" class=\"yoast-schema-graph\">{\"@context\":\"https:\\\/\\\/schema.org\",\"@graph\":[{\"@type\":\"WebPage\",\"@id\":\"https:\\\/\\\/www.visit-montenegro.com\\\/me\\\/transport\\\/transportation-ferry-lines\\\/\",\"url\":\"https:\\\/\\\/www.visit-montenegro.com\\\/me\\\/transport\\\/transportation-ferry-lines\\\/\",\"name\":\"Trajektne Linije Crne Gore - Visit Montenegro\",\"isPartOf\":{\"@id\":\"https:\\\/\\\/www.visit-montenegro.com\\\/me\\\/#website\"},\"primaryImageOfPage\":{\"@id\":\"https:\\\/\\\/www.visit-montenegro.com\\\/me\\\/transport\\\/transportation-ferry-lines\\\/#primaryimage\"},\"image\":{\"@id\":\"https:\\\/\\\/www.visit-montenegro.com\\\/me\\\/transport\\\/transportation-ferry-lines\\\/#primaryimage\"},\"thumbnailUrl\":\"https:\\\/\\\/www.visit-montenegro.com\\\/wp-content\\\/uploads\\\/2026\\\/01\\\/Depositphotos_668449212_XL-scaled.jpg\",\"datePublished\":\"2026-01-28T18:16:59+00:00\",\"dateModified\":\"2026-02-22T15:56:41+00:00\",\"description\":\"Istra\u017eite trajektne linije Crne Gore za Italiju i lokalne zalive. Dobijte raspored, informacije o rezervaciji i savjete za slikovita pomorska putovanja. Planirajte svoj put efikasno.\",\"breadcrumb\":{\"@id\":\"https:\\\/\\\/www.visit-montenegro.com\\\/me\\\/transport\\\/transportation-ferry-lines\\\/#breadcrumb\"},\"inLanguage\":\"sr-Latn-ME\",\"potentialAction\":[{\"@type\":\"ReadAction\",\"target\":[\"https:\\\/\\\/www.visit-montenegro.com\\\/me\\\/transport\\\/transportation-ferry-lines\\\/\"]}]},{\"@type\":\"ImageObject\",\"inLanguage\":\"sr-Latn-ME\",\"@id\":\"https:\\\/\\\/www.visit-montenegro.com\\\/me\\\/transport\\\/transportation-ferry-lines\\\/#primaryimage\",\"url\":\"https:\\\/\\\/www.visit-montenegro.com\\\/wp-content\\\/uploads\\\/2026\\\/01\\\/Depositphotos_668449212_XL-scaled.jpg\",\"contentUrl\":\"https:\\\/\\\/www.visit-montenegro.com\\\/wp-content\\\/uploads\\\/2026\\\/01\\\/Depositphotos_668449212_XL-scaled.jpg\",\"width\":1600,\"height\":1198},{\"@type\":\"BreadcrumbList\",\"@id\":\"https:\\\/\\\/www.visit-montenegro.com\\\/me\\\/transport\\\/transportation-ferry-lines\\\/#breadcrumb\",\"itemListElement\":[{\"@type\":\"ListItem\",\"position\":1,\"name\":\"Home\",\"item\":\"https:\\\/\\\/www.visit-montenegro.com\\\/me\\\/pocetna\\\/\"},{\"@type\":\"ListItem\",\"position\":2,\"name\":\"Transport u Crnoj Gori\",\"item\":\"https:\\\/\\\/www.visit-montenegro.com\\\/me\\\/transport\\\/\"},{\"@type\":\"ListItem\",\"position\":3,\"name\":\"Trajektne Linije Crne Gore\"}]},{\"@type\":\"WebSite\",\"@id\":\"https:\\\/\\\/www.visit-montenegro.com\\\/me\\\/#website\",\"url\":\"https:\\\/\\\/www.visit-montenegro.com\\\/me\\\/\",\"name\":\"Visit Montenegro\",\"description\":\"Breathtaking beauty\",\"publisher\":{\"@id\":\"https:\\\/\\\/www.visit-montenegro.com\\\/me\\\/#organization\"},\"potentialAction\":[{\"@type\":\"SearchAction\",\"target\":{\"@type\":\"EntryPoint\",\"urlTemplate\":\"https:\\\/\\\/www.visit-montenegro.com\\\/me\\\/?s={search_term_string}\"},\"query-input\":{\"@type\":\"PropertyValueSpecification\",\"valueRequired\":true,\"valueName\":\"search_term_string\"}}],\"inLanguage\":\"sr-Latn-ME\"},{\"@type\":\"Organization\",\"@id\":\"https:\\\/\\\/www.visit-montenegro.com\\\/me\\\/#organization\",\"name\":\"Visit Montenegro\",\"url\":\"https:\\\/\\\/www.visit-montenegro.com\\\/me\\\/\",\"logo\":{\"@type\":\"ImageObject\",\"inLanguage\":\"sr-Latn-ME\",\"@id\":\"https:\\\/\\\/www.visit-montenegro.com\\\/me\\\/#\\\/schema\\\/logo\\\/image\\\/\",\"url\":\"https:\\\/\\\/www.visit-montenegro.com\\\/wp-content\\\/uploads\\\/2017\\\/10\\\/logo-amp.png\",\"contentUrl\":\"https:\\\/\\\/www.visit-montenegro.com\\\/wp-content\\\/uploads\\\/2017\\\/10\\\/logo-amp.png\",\"width\":190,\"height\":36,\"caption\":\"Visit Montenegro\"},\"image\":{\"@id\":\"https:\\\/\\\/www.visit-montenegro.com\\\/me\\\/#\\\/schema\\\/logo\\\/image\\\/\"},\"sameAs\":[\"https:\\\/\\\/www.facebook.com\\\/visitmontenegro\",\"https:\\\/\\\/x.com\\\/visitmontenegro\",\"https:\\\/\\\/www.instagram.com\\\/visit_montenegro\\\/\",\"https:\\\/\\\/www.youtube.com\\\/user\\\/VisitMontenegro\"]}]}<\/script>\n<!-- \/ Yoast SEO plugin. -->","yoast_head_json":{"title":"Trajektne Linije Crne Gore - Visit Montenegro","description":"Istra\u017eite trajektne linije Crne Gore za Italiju i lokalne zalive. Dobijte raspored, informacije o rezervaciji i savjete za slikovita pomorska putovanja. Planirajte svoj put efikasno.","robots":{"index":"index","follow":"follow","max-snippet":"max-snippet:-1","max-image-preview":"max-image-preview:large","max-video-preview":"max-video-preview:-1"},"canonical":"https:\/\/www.visit-montenegro.com\/me\/transport\/transportation-ferry-lines\/","og_locale":"en_US","og_type":"article","og_title":"Trajektne Linije Crne Gore - Visit Montenegro","og_description":"Istra\u017eite trajektne linije Crne Gore za Italiju i lokalne zalive. Dobijte raspored, informacije o rezervaciji i savjete za slikovita pomorska putovanja. Planirajte svoj put efikasno.","og_url":"https:\/\/www.visit-montenegro.com\/me\/transport\/transportation-ferry-lines\/","og_site_name":"Visit Montenegro","article_publisher":"https:\/\/www.facebook.com\/visitmontenegro","article_modified_time":"2026-02-22T15:56:41+00:00","og_image":[{"width":1600,"height":1198,"url":"https:\/\/www.visit-montenegro.com\/wp-content\/uploads\/2026\/01\/Depositphotos_668449212_XL-scaled.jpg","type":"image\/jpeg"}],"twitter_card":"summary_large_image","twitter_site":"@visitmontenegro","twitter_misc":{"Est. reading time":"1 minute"},"schema":{"@context":"https:\/\/schema.org","@graph":[{"@type":"WebPage","@id":"https:\/\/www.visit-montenegro.com\/me\/transport\/transportation-ferry-lines\/","url":"https:\/\/www.visit-montenegro.com\/me\/transport\/transportation-ferry-lines\/","name":"Trajektne Linije Crne Gore - Visit Montenegro","isPartOf":{"@id":"https:\/\/www.visit-montenegro.com\/me\/#website"},"primaryImageOfPage":{"@id":"https:\/\/www.visit-montenegro.com\/me\/transport\/transportation-ferry-lines\/#primaryimage"},"image":{"@id":"https:\/\/www.visit-montenegro.com\/me\/transport\/transportation-ferry-lines\/#primaryimage"},"thumbnailUrl":"https:\/\/www.visit-montenegro.com\/wp-content\/uploads\/2026\/01\/Depositphotos_668449212_XL-scaled.jpg","datePublished":"2026-01-28T18:16:59+00:00","dateModified":"2026-02-22T15:56:41+00:00","description":"Istra\u017eite trajektne linije Crne Gore za Italiju i lokalne zalive. Dobijte raspored, informacije o rezervaciji i savjete za slikovita pomorska putovanja. Planirajte svoj put efikasno.","breadcrumb":{"@id":"https:\/\/www.visit-montenegro.com\/me\/transport\/transportation-ferry-lines\/#breadcrumb"},"inLanguage":"sr-Latn-ME","potentialAction":[{"@type":"ReadAction","target":["https:\/\/www.visit-montenegro.com\/me\/transport\/transportation-ferry-lines\/"]}]},{"@type":"ImageObject","inLanguage":"sr-Latn-ME","@id":"https:\/\/www.visit-montenegro.com\/me\/transport\/transportation-ferry-lines\/#primaryimage","url":"https:\/\/www.visit-montenegro.com\/wp-content\/uploads\/2026\/01\/Depositphotos_668449212_XL-scaled.jpg","contentUrl":"https:\/\/www.visit-montenegro.com\/wp-content\/uploads\/2026\/01\/Depositphotos_668449212_XL-scaled.jpg","width":1600,"height":1198},{"@type":"BreadcrumbList","@id":"https:\/\/www.visit-montenegro.com\/me\/transport\/transportation-ferry-lines\/#breadcrumb","itemListElement":[{"@type":"ListItem","position":1,"name":"Home","item":"https:\/\/www.visit-montenegro.com\/me\/pocetna\/"},{"@type":"ListItem","position":2,"name":"Transport u Crnoj Gori","item":"https:\/\/www.visit-montenegro.com\/me\/transport\/"},{"@type":"ListItem","position":3,"name":"Trajektne Linije Crne Gore"}]},{"@type":"WebSite","@id":"https:\/\/www.visit-montenegro.com\/me\/#website","url":"https:\/\/www.visit-montenegro.com\/me\/","name":"Visit Montenegro","description":"Breathtaking beauty","publisher":{"@id":"https:\/\/www.visit-montenegro.com\/me\/#organization"},"potentialAction":[{"@type":"SearchAction","target":{"@type":"EntryPoint","urlTemplate":"https:\/\/www.visit-montenegro.com\/me\/?s={search_term_string}"},"query-input":{"@type":"PropertyValueSpecification","valueRequired":true,"valueName":"search_term_string"}}],"inLanguage":"sr-Latn-ME"},{"@type":"Organization","@id":"https:\/\/www.visit-montenegro.com\/me\/#organization","name":"Visit Montenegro","url":"https:\/\/www.visit-montenegro.com\/me\/","logo":{"@type":"ImageObject","inLanguage":"sr-Latn-ME","@id":"https:\/\/www.visit-montenegro.com\/me\/#\/schema\/logo\/image\/","url":"https:\/\/www.visit-montenegro.com\/wp-content\/uploads\/2017\/10\/logo-amp.png","contentUrl":"https:\/\/www.visit-montenegro.com\/wp-content\/uploads\/2017\/10\/logo-amp.png","width":190,"height":36,"caption":"Visit Montenegro"},"image":{"@id":"https:\/\/www.visit-montenegro.com\/me\/#\/schema\/logo\/image\/"},"sameAs":["https:\/\/www.facebook.com\/visitmontenegro","https:\/\/x.com\/visitmontenegro","https:\/\/www.instagram.com\/visit_montenegro\/","https:\/\/www.youtube.com\/user\/VisitMontenegro"]}]}},"translations":[],"_links":{"self":[{"href":"https:\/\/www.visit-montenegro.com\/me\/wp-json\/wp\/v2\/pages\/134365","targetHints":{"allow":["GET"]}}],"collection":[{"href":"https:\/\/www.visit-montenegro.com\/me\/wp-json\/wp\/v2\/pages"}],"about":[{"href":"https:\/\/www.visit-montenegro.com\/me\/wp-json\/wp\/v2\/types\/page"}],"author":[{"embeddable":true,"href":"https:\/\/www.visit-montenegro.com\/me\/wp-json\/wp\/v2\/users\/1"}],"replies":[{"embeddable":true,"href":"https:\/\/www.visit-montenegro.com\/me\/wp-json\/wp\/v2\/comments?post=134365"}],"version-history":[{"count":0,"href":"https:\/\/www.visit-montenegro.com\/me\/wp-json\/wp\/v2\/pages\/134365\/revisions"}],"up":[{"embeddable":true,"href":"https:\/\/www.visit-montenegro.com\/me\/wp-json\/wp\/v2\/pages\/133452"}],"wp:featuredmedia":[{"embeddable":true,"href":"https:\/\/www.visit-montenegro.com\/me\/wp-json\/wp\/v2\/media\/134366"}],"wp:attachment":[{"href":"https:\/\/www.visit-montenegro.com\/me\/wp-json\/wp\/v2\/media?parent=134365"}],"wp:term":[{"taxonomy":"post_tag","embeddable":true,"href":"https:\/\/www.visit-montenegro.com\/me\/wp-json\/wp\/v2\/tags?post=134365"}],"curies":[{"name":"wp","href":"https:\/\/api.w.org\/{rel}","templated":true}]}}