{"id":134371,"date":"2026-01-28T19:16:59","date_gmt":"2026-01-28T18:16:59","guid":{"rendered":"https:\/\/new.visit-montenegro.com\/transport\/transportacija-luke-marine\/"},"modified":"2026-02-22T16:56:41","modified_gmt":"2026-02-22T15:56:41","slug":"transportacija-luke-marine","status":"publish","type":"page","link":"https:\/\/www.visit-montenegro.com\/me\/transport\/transportacija-luke-marine\/","title":{"rendered":"Luke i marine Crne Gore"},"content":{"rendered":"\n<p>Luke i marine Crne Gore su klju\u010dni prolazi za pomorska putovanja i trgovinu, sa dvije glavne morske luke i nekoliko vrhunskih marina koje opslu\u017euju jahte svih veli\u010dina, \u010dine\u0107i je vode\u0107om destinacijom za brodare i turiste.<\/p>\n\n<hr class=\"wp-block-separator has-alpha-channel-opacity\"\/>\n\n<h2 class=\"wp-block-heading\">Marine Crne Gore<\/h2>\n\n<h3 class=\"wp-block-heading\">Marina Porto Montenegro<\/h3>\n\n<p>Marina Porto Montenegro, \u010desto nazivana Marina Montenegro, jedna je od najboljih na Mediteranu. Mnogi vlasnici brodova je biraju zbog njenih usluga i lokacije. Kao rezultat toga, brojne nagrade su prepoznale njen kvalitet, ali pravi uspeh dolazi od zadovoljnih vlasnika jahti.<\/p>\n\n<p>Web sajt:<br\/><a href=\"https:\/\/www.portomontenegro.com\/en\/marina\/\" target=\"_blank\">portomontenegro.com<\/a><\/p>\n\n<h3 class=\"wp-block-heading\">Marina Dukley<\/h3>\n\n<p>Marina Dukley <a href=\"https:\/\/www.visit-montenegro.com\/me\/destinacije\/budva\/\">Budva<\/a> nalazi se u srcu Budvanske rivijere. To je jedno od najlep\u0161ih nauti\u010dkih odredi\u0161ta na Jadranu, sme\u0161teno naspram istorijskog starog grada.<\/p>\n\n<p>\u0160tavi\u0161e, marina je me\u0111unarodna ulazna luka sa sezonskom grani\u010dnom kontrolom od 1. maja do 1. oktobra, otvorena svakodnevno od 8 do 22 sata.<\/p>\n\n<p>Web sajt:<br\/><a href=\"http:\/\/www.dukleymarina.com\" target=\"_blank\">dukleymarina.com<\/a><\/p>\n\n<h3 class=\"wp-block-heading\">Marina Portonovi<\/h3>\n\n<p>Marina Portonovi ima 238 vezova sa izvrsnim uslugama, uklju\u010duju\u0107i gorivo bez carine. Nudi vi\u0161e ulaznih ta\u010daka i za\u0161ti\u0107en polo\u017eaj na ulazu u Boku kotorsku, idealan za superjahte. Zaista, ima heliodrom i \u017eivahni Trg Vista kao dinami\u010dni centar marine.<\/p>\n\n<p>Web sajt:<br\/><a href=\"http:\/\/www.portonovi.com\/marina\" target=\"_blank\">portonovi.com<\/a><\/p>\n\n<h3 class=\"wp-block-heading\">Marina Lu\u0161tica Bay <span class=\"uk-badge\">U izgradnji<\/span><\/h3>\n\n<p>Lu\u0161tica Bay \u0107e uklju\u010divati dve prvorazredne marine. Glavna marina sa 176 vezova prima brodove do 45m, dok sekundarno privezi\u0161te opslu\u017euje manja plovila. Nude luksuzan pristup obalskom \u017eivotu sa svim potrebnim jahting uslugama, uklju\u010duju\u0107i popravke, struju, sigurnost i profesionalno osoblje.<\/p>\n\n<p>Web sajt:<br\/><a href=\"https:\/\/www.lusticabay.com\/marina-montenegro\" target=\"_blank\">lusticabay.com<\/a><\/p>\n\n<h2 class=\"wp-block-heading\">Luke Crne Gore<\/h2>\n\n<h3 class=\"wp-block-heading\">Luka Bar<\/h3>\n\n<p>Luka <a href=\"https:\/\/www.visit-montenegro.com\/me\/destinacije\/bar\/\">Bar<\/a> je najve\u0107a luka u Crnoj Gori. Slu\u017ei i kao teretna i putni\u010dka luka. Kao rezultat toga, ona je vitalna transportna veza Crne Gore sa svetom.<\/p>\n\n<p>Web sajt:<br\/><a href=\"http:\/\/www.lukabar.me\" target=\"_blank\">lukabar.me<\/a><\/p>\n\n<h3 class=\"wp-block-heading\">Luka Kotor<\/h3>\n\n<p>Kotorska luka nalazi se u Boki kotorskoj uz zidine starog grada Kotora. Tokom godine, stotine velikih kruzer brodova pristi\u017ee preko ove luke.<\/p>\n\n<p>Web sajt:<br\/><a href=\"http:\/\/www.portofkotor.co.me\" target=\"_blank\">portofkotor.co.me<\/a><\/p>\n","protected":false},"excerpt":{"rendered":"<p>Otkrijte klju\u010dne pomorske centre Crne Gore, uklju\u010duju\u0107i vrhunske marine kao \u0161to su Porto Montenegro i glavne luke poput Bara i Kotora. Ovaj vodi\u010d isti\u010de njihove karakteristike i usluge za brodare i putnike.<\/p>\n","protected":false},"author":1,"featured_media":134372,"parent":133452,"menu_order":0,"comment_status":"open","ping_status":"open","template":"","meta":{"_yoast_wpseo_focuskw":"Luke i marine Crne Gore","_yoast_wpseo_metadesc":"Istra\u017eite vode\u0107e luke i marine Crne Gore, od Porto Montenegro do Luke Bar. Saznajte o uslugama, lokacijama i za\u0161to su idealne za jahting i putovanja.","_kad_post_transparent":"","_kad_post_title":"","_kad_post_layout":"","_kad_post_sidebar_id":"","_kad_post_content_style":"","_kad_post_vertical_padding":"","_kad_post_feature":"","_kad_post_feature_position":"","_kad_post_header":false,"_kad_post_footer":false,"_kad_post_classname":"","iawp_total_views":37,"footnotes":""},"tags":[],"class_list":["post-134371","page","type-page","status-publish","has-post-thumbnail","hentry"],"yoast_head":"<!-- This site is optimized with the Yoast SEO plugin v27.3 - https:\/\/yoast.com\/product\/yoast-seo-wordpress\/ -->\n<title>Luke i marine Crne Gore - Visit Montenegro<\/title>\n<meta name=\"description\" content=\"Istra\u017eite vode\u0107e luke i marine Crne Gore, od Porto Montenegro do Luke Bar. Saznajte o uslugama, lokacijama i za\u0161to su idealne za jahting i putovanja.\" \/>\n<meta name=\"robots\" content=\"index, follow, max-snippet:-1, max-image-preview:large, max-video-preview:-1\" \/>\n<link rel=\"canonical\" href=\"https:\/\/www.visit-montenegro.com\/me\/transport\/transportacija-luke-marine\/\" \/>\n<meta property=\"og:locale\" content=\"en_US\" \/>\n<meta property=\"og:type\" content=\"article\" \/>\n<meta property=\"og:title\" content=\"Luke i marine Crne Gore - Visit Montenegro\" \/>\n<meta property=\"og:description\" content=\"Istra\u017eite vode\u0107e luke i marine Crne Gore, od Porto Montenegro do Luke Bar. Saznajte o uslugama, lokacijama i za\u0161to su idealne za jahting i putovanja.\" \/>\n<meta property=\"og:url\" content=\"https:\/\/www.visit-montenegro.com\/me\/transport\/transportacija-luke-marine\/\" \/>\n<meta property=\"og:site_name\" content=\"Visit Montenegro\" \/>\n<meta property=\"article:publisher\" content=\"https:\/\/www.facebook.com\/visitmontenegro\" \/>\n<meta property=\"article:modified_time\" content=\"2026-02-22T15:56:41+00:00\" \/>\n<meta property=\"og:image\" content=\"https:\/\/www.visit-montenegro.com\/wp-content\/uploads\/2026\/01\/yacht-01-scaled.jpg\" \/>\n\t<meta property=\"og:image:width\" content=\"1600\" \/>\n\t<meta property=\"og:image:height\" content=\"1063\" \/>\n\t<meta property=\"og:image:type\" content=\"image\/jpeg\" \/>\n<meta name=\"twitter:card\" content=\"summary_large_image\" \/>\n<meta name=\"twitter:site\" content=\"@visitmontenegro\" \/>\n<meta name=\"twitter:label1\" content=\"Est. reading time\" \/>\n\t<meta name=\"twitter:data1\" content=\"2 minutes\" \/>\n<script type=\"application\/ld+json\" class=\"yoast-schema-graph\">{\"@context\":\"https:\\\/\\\/schema.org\",\"@graph\":[{\"@type\":\"WebPage\",\"@id\":\"https:\\\/\\\/www.visit-montenegro.com\\\/me\\\/transport\\\/transportacija-luke-marine\\\/\",\"url\":\"https:\\\/\\\/www.visit-montenegro.com\\\/me\\\/transport\\\/transportacija-luke-marine\\\/\",\"name\":\"Luke i marine Crne Gore - Visit Montenegro\",\"isPartOf\":{\"@id\":\"https:\\\/\\\/www.visit-montenegro.com\\\/me\\\/#website\"},\"primaryImageOfPage\":{\"@id\":\"https:\\\/\\\/www.visit-montenegro.com\\\/me\\\/transport\\\/transportacija-luke-marine\\\/#primaryimage\"},\"image\":{\"@id\":\"https:\\\/\\\/www.visit-montenegro.com\\\/me\\\/transport\\\/transportacija-luke-marine\\\/#primaryimage\"},\"thumbnailUrl\":\"https:\\\/\\\/www.visit-montenegro.com\\\/wp-content\\\/uploads\\\/2026\\\/01\\\/yacht-01-scaled.jpg\",\"datePublished\":\"2026-01-28T18:16:59+00:00\",\"dateModified\":\"2026-02-22T15:56:41+00:00\",\"description\":\"Istra\u017eite vode\u0107e luke i marine Crne Gore, od Porto Montenegro do Luke Bar. Saznajte o uslugama, lokacijama i za\u0161to su idealne za jahting i putovanja.\",\"breadcrumb\":{\"@id\":\"https:\\\/\\\/www.visit-montenegro.com\\\/me\\\/transport\\\/transportacija-luke-marine\\\/#breadcrumb\"},\"inLanguage\":\"sr-Latn-ME\",\"potentialAction\":[{\"@type\":\"ReadAction\",\"target\":[\"https:\\\/\\\/www.visit-montenegro.com\\\/me\\\/transport\\\/transportacija-luke-marine\\\/\"]}]},{\"@type\":\"ImageObject\",\"inLanguage\":\"sr-Latn-ME\",\"@id\":\"https:\\\/\\\/www.visit-montenegro.com\\\/me\\\/transport\\\/transportacija-luke-marine\\\/#primaryimage\",\"url\":\"https:\\\/\\\/www.visit-montenegro.com\\\/wp-content\\\/uploads\\\/2026\\\/01\\\/yacht-01-scaled.jpg\",\"contentUrl\":\"https:\\\/\\\/www.visit-montenegro.com\\\/wp-content\\\/uploads\\\/2026\\\/01\\\/yacht-01-scaled.jpg\",\"width\":1600,\"height\":1063,\"caption\":\"Lijepe bijele moderne jahte u morskoj luci u Nici, Francuska, Evropa.\"},{\"@type\":\"BreadcrumbList\",\"@id\":\"https:\\\/\\\/www.visit-montenegro.com\\\/me\\\/transport\\\/transportacija-luke-marine\\\/#breadcrumb\",\"itemListElement\":[{\"@type\":\"ListItem\",\"position\":1,\"name\":\"Home\",\"item\":\"https:\\\/\\\/www.visit-montenegro.com\\\/me\\\/pocetna\\\/\"},{\"@type\":\"ListItem\",\"position\":2,\"name\":\"Transport u Crnoj Gori\",\"item\":\"https:\\\/\\\/www.visit-montenegro.com\\\/me\\\/transport\\\/\"},{\"@type\":\"ListItem\",\"position\":3,\"name\":\"Luke i marine Crne Gore\"}]},{\"@type\":\"WebSite\",\"@id\":\"https:\\\/\\\/www.visit-montenegro.com\\\/me\\\/#website\",\"url\":\"https:\\\/\\\/www.visit-montenegro.com\\\/me\\\/\",\"name\":\"Visit Montenegro\",\"description\":\"Breathtaking beauty\",\"publisher\":{\"@id\":\"https:\\\/\\\/www.visit-montenegro.com\\\/me\\\/#organization\"},\"potentialAction\":[{\"@type\":\"SearchAction\",\"target\":{\"@type\":\"EntryPoint\",\"urlTemplate\":\"https:\\\/\\\/www.visit-montenegro.com\\\/me\\\/?s={search_term_string}\"},\"query-input\":{\"@type\":\"PropertyValueSpecification\",\"valueRequired\":true,\"valueName\":\"search_term_string\"}}],\"inLanguage\":\"sr-Latn-ME\"},{\"@type\":\"Organization\",\"@id\":\"https:\\\/\\\/www.visit-montenegro.com\\\/me\\\/#organization\",\"name\":\"Visit Montenegro\",\"url\":\"https:\\\/\\\/www.visit-montenegro.com\\\/me\\\/\",\"logo\":{\"@type\":\"ImageObject\",\"inLanguage\":\"sr-Latn-ME\",\"@id\":\"https:\\\/\\\/www.visit-montenegro.com\\\/me\\\/#\\\/schema\\\/logo\\\/image\\\/\",\"url\":\"https:\\\/\\\/www.visit-montenegro.com\\\/wp-content\\\/uploads\\\/2017\\\/10\\\/logo-amp.png\",\"contentUrl\":\"https:\\\/\\\/www.visit-montenegro.com\\\/wp-content\\\/uploads\\\/2017\\\/10\\\/logo-amp.png\",\"width\":190,\"height\":36,\"caption\":\"Visit Montenegro\"},\"image\":{\"@id\":\"https:\\\/\\\/www.visit-montenegro.com\\\/me\\\/#\\\/schema\\\/logo\\\/image\\\/\"},\"sameAs\":[\"https:\\\/\\\/www.facebook.com\\\/visitmontenegro\",\"https:\\\/\\\/x.com\\\/visitmontenegro\",\"https:\\\/\\\/www.instagram.com\\\/visit_montenegro\\\/\",\"https:\\\/\\\/www.youtube.com\\\/user\\\/VisitMontenegro\"]}]}<\/script>\n<!-- \/ Yoast SEO plugin. -->","yoast_head_json":{"title":"Luke i marine Crne Gore - Visit Montenegro","description":"Istra\u017eite vode\u0107e luke i marine Crne Gore, od Porto Montenegro do Luke Bar. Saznajte o uslugama, lokacijama i za\u0161to su idealne za jahting i putovanja.","robots":{"index":"index","follow":"follow","max-snippet":"max-snippet:-1","max-image-preview":"max-image-preview:large","max-video-preview":"max-video-preview:-1"},"canonical":"https:\/\/www.visit-montenegro.com\/me\/transport\/transportacija-luke-marine\/","og_locale":"en_US","og_type":"article","og_title":"Luke i marine Crne Gore - Visit Montenegro","og_description":"Istra\u017eite vode\u0107e luke i marine Crne Gore, od Porto Montenegro do Luke Bar. Saznajte o uslugama, lokacijama i za\u0161to su idealne za jahting i putovanja.","og_url":"https:\/\/www.visit-montenegro.com\/me\/transport\/transportacija-luke-marine\/","og_site_name":"Visit Montenegro","article_publisher":"https:\/\/www.facebook.com\/visitmontenegro","article_modified_time":"2026-02-22T15:56:41+00:00","og_image":[{"width":1600,"height":1063,"url":"https:\/\/www.visit-montenegro.com\/wp-content\/uploads\/2026\/01\/yacht-01-scaled.jpg","type":"image\/jpeg"}],"twitter_card":"summary_large_image","twitter_site":"@visitmontenegro","twitter_misc":{"Est. reading time":"2 minutes"},"schema":{"@context":"https:\/\/schema.org","@graph":[{"@type":"WebPage","@id":"https:\/\/www.visit-montenegro.com\/me\/transport\/transportacija-luke-marine\/","url":"https:\/\/www.visit-montenegro.com\/me\/transport\/transportacija-luke-marine\/","name":"Luke i marine Crne Gore - Visit Montenegro","isPartOf":{"@id":"https:\/\/www.visit-montenegro.com\/me\/#website"},"primaryImageOfPage":{"@id":"https:\/\/www.visit-montenegro.com\/me\/transport\/transportacija-luke-marine\/#primaryimage"},"image":{"@id":"https:\/\/www.visit-montenegro.com\/me\/transport\/transportacija-luke-marine\/#primaryimage"},"thumbnailUrl":"https:\/\/www.visit-montenegro.com\/wp-content\/uploads\/2026\/01\/yacht-01-scaled.jpg","datePublished":"2026-01-28T18:16:59+00:00","dateModified":"2026-02-22T15:56:41+00:00","description":"Istra\u017eite vode\u0107e luke i marine Crne Gore, od Porto Montenegro do Luke Bar. Saznajte o uslugama, lokacijama i za\u0161to su idealne za jahting i putovanja.","breadcrumb":{"@id":"https:\/\/www.visit-montenegro.com\/me\/transport\/transportacija-luke-marine\/#breadcrumb"},"inLanguage":"sr-Latn-ME","potentialAction":[{"@type":"ReadAction","target":["https:\/\/www.visit-montenegro.com\/me\/transport\/transportacija-luke-marine\/"]}]},{"@type":"ImageObject","inLanguage":"sr-Latn-ME","@id":"https:\/\/www.visit-montenegro.com\/me\/transport\/transportacija-luke-marine\/#primaryimage","url":"https:\/\/www.visit-montenegro.com\/wp-content\/uploads\/2026\/01\/yacht-01-scaled.jpg","contentUrl":"https:\/\/www.visit-montenegro.com\/wp-content\/uploads\/2026\/01\/yacht-01-scaled.jpg","width":1600,"height":1063,"caption":"Lijepe bijele moderne jahte u morskoj luci u Nici, Francuska, Evropa."},{"@type":"BreadcrumbList","@id":"https:\/\/www.visit-montenegro.com\/me\/transport\/transportacija-luke-marine\/#breadcrumb","itemListElement":[{"@type":"ListItem","position":1,"name":"Home","item":"https:\/\/www.visit-montenegro.com\/me\/pocetna\/"},{"@type":"ListItem","position":2,"name":"Transport u Crnoj Gori","item":"https:\/\/www.visit-montenegro.com\/me\/transport\/"},{"@type":"ListItem","position":3,"name":"Luke i marine Crne Gore"}]},{"@type":"WebSite","@id":"https:\/\/www.visit-montenegro.com\/me\/#website","url":"https:\/\/www.visit-montenegro.com\/me\/","name":"Visit Montenegro","description":"Breathtaking beauty","publisher":{"@id":"https:\/\/www.visit-montenegro.com\/me\/#organization"},"potentialAction":[{"@type":"SearchAction","target":{"@type":"EntryPoint","urlTemplate":"https:\/\/www.visit-montenegro.com\/me\/?s={search_term_string}"},"query-input":{"@type":"PropertyValueSpecification","valueRequired":true,"valueName":"search_term_string"}}],"inLanguage":"sr-Latn-ME"},{"@type":"Organization","@id":"https:\/\/www.visit-montenegro.com\/me\/#organization","name":"Visit Montenegro","url":"https:\/\/www.visit-montenegro.com\/me\/","logo":{"@type":"ImageObject","inLanguage":"sr-Latn-ME","@id":"https:\/\/www.visit-montenegro.com\/me\/#\/schema\/logo\/image\/","url":"https:\/\/www.visit-montenegro.com\/wp-content\/uploads\/2017\/10\/logo-amp.png","contentUrl":"https:\/\/www.visit-montenegro.com\/wp-content\/uploads\/2017\/10\/logo-amp.png","width":190,"height":36,"caption":"Visit Montenegro"},"image":{"@id":"https:\/\/www.visit-montenegro.com\/me\/#\/schema\/logo\/image\/"},"sameAs":["https:\/\/www.facebook.com\/visitmontenegro","https:\/\/x.com\/visitmontenegro","https:\/\/www.instagram.com\/visit_montenegro\/","https:\/\/www.youtube.com\/user\/VisitMontenegro"]}]}},"translations":[],"_links":{"self":[{"href":"https:\/\/www.visit-montenegro.com\/me\/wp-json\/wp\/v2\/pages\/134371","targetHints":{"allow":["GET"]}}],"collection":[{"href":"https:\/\/www.visit-montenegro.com\/me\/wp-json\/wp\/v2\/pages"}],"about":[{"href":"https:\/\/www.visit-montenegro.com\/me\/wp-json\/wp\/v2\/types\/page"}],"author":[{"embeddable":true,"href":"https:\/\/www.visit-montenegro.com\/me\/wp-json\/wp\/v2\/users\/1"}],"replies":[{"embeddable":true,"href":"https:\/\/www.visit-montenegro.com\/me\/wp-json\/wp\/v2\/comments?post=134371"}],"version-history":[{"count":0,"href":"https:\/\/www.visit-montenegro.com\/me\/wp-json\/wp\/v2\/pages\/134371\/revisions"}],"up":[{"embeddable":true,"href":"https:\/\/www.visit-montenegro.com\/me\/wp-json\/wp\/v2\/pages\/133452"}],"wp:featuredmedia":[{"embeddable":true,"href":"https:\/\/www.visit-montenegro.com\/me\/wp-json\/wp\/v2\/media\/134372"}],"wp:attachment":[{"href":"https:\/\/www.visit-montenegro.com\/me\/wp-json\/wp\/v2\/media?parent=134371"}],"wp:term":[{"taxonomy":"post_tag","embeddable":true,"href":"https:\/\/www.visit-montenegro.com\/me\/wp-json\/wp\/v2\/tags?post=134371"}],"curies":[{"name":"wp","href":"https:\/\/api.w.org\/{rel}","templated":true}]}}