{"id":134380,"date":"2026-01-28T19:16:59","date_gmt":"2026-01-28T18:16:59","guid":{"rendered":"https:\/\/new.visit-montenegro.com\/transport\/transportation-airports\/"},"modified":"2026-02-24T13:28:25","modified_gmt":"2026-02-24T12:28:25","slug":"transportation-airports","status":"publish","type":"page","link":"https:\/\/www.visit-montenegro.com\/me\/transport\/transportation-airports\/","title":{"rendered":"Aerodromi u Crnoj Gori"},"content":{"rendered":"\n<p>Crna Gora ima dva me\u0111unarodna aerodroma: Aerodrom <a href=\"https:\/\/www.visit-montenegro.com\/me\/destinacije\/podgorica\/\">Podgorica<\/a> u sredi\u0161tu zemlje i Aerodrom <a href=\"https:\/\/www.visit-montenegro.com\/me\/destinacije\/tivat\/\">Tivat<\/a> na obali, s Aerodromom Dubrovnik u obli\u017enjoj Hrvatskoj kao alternativom za istra\u017eivanje obje zemlje.<\/p>\n\n<hr class=\"wp-block-separator has-alpha-channel-opacity\"\/>\n\n<h2 class=\"wp-block-heading\">Me\u0111unarodni aerodromi u Crnoj Gori<\/h2>\n\n<p>Ako planirate putovanje avionom, postoje dva me\u0111unarodna aerodroma u <strong>Crnoj Gori<\/strong>. <strong>Aerodrom Podgorica<\/strong> se nalazi u srcu zemlje. Vo\u017enja do obale traje 30 minuta, a do najbli\u017eih planinskih odmarali\u0161ta sat vremena. Stoga slu\u017ei kao centralni \u010dvor za pristup raznolikim pejza\u017eima.<\/p>\n\n<p>Ako planirate sletjeti direktno na obalu, <strong>Aerodrom Tivat<\/strong>, blizu Boke kotorske, je najpogodniji put. Osim toga, <strong>Aerodrom Dubrovnik<\/strong> u Hrvatskoj, koji je 15 minuta udaljen od granice Hrvatska-<strong>Crna Gora<\/strong>, mo\u017ee biti va\u0161 optimalni izbor. Ovo je posebno istinito ako \u017eelite istra\u017eiti obale obje zemlje.<\/p>\n\n<h2 class=\"wp-block-heading\">Transport i opcije letova<\/h2>\n\n<p>Ako vam je potreban <strong>transfer sa aerodroma direktno do va\u0161eg hotela<\/strong>, mo\u017eete ga rezervisati preko na\u0161e <strong><a href=\"https:\/\/www.visit-montenegro.com\/me\/transferi\/\">stranice za privatne transfere<\/a><\/strong>. Nudimo transfere sa aerodroma Podgorica, Tivat i Dubrovnik.<\/p>\n\n<p>Svi aerodromi organizuju letove niskobud\u017eetnih kompanija. Da biste prona\u0161li najbolji datum za va\u0161u posjetu i najpovoljnije letove, koristite link ispod.<\/p>\n\n<div class=\"wp-block-buttons is-layout-flex wp-block-buttons-is-layout-flex\">\n<div class=\"wp-block-button\"><a class=\"wp-block-button__link wp-element-button\" href=\"https:\/\/www.booking.com\/flights\/index.html?aid=1850190;label=airports-page\" target=\"_blank\">Prona\u0111ite savr\u0161en let<\/a><\/div>\n<\/div>\n","protected":false},"excerpt":{"rendered":"<p>Otkrijte klju\u010dne aerodrome za va\u0161e putovanje u Crnu Goru: aerodromi Podgorica i Tivat, plus Aerodrom Dubrovnik u Hrvatskoj. Saznajte o prakti\u010dnim transferima i opcijama letova kako biste planirali svoje putovanje bez problema.<\/p>\n","protected":false},"author":1,"featured_media":134381,"parent":133452,"menu_order":0,"comment_status":"open","ping_status":"open","template":"","meta":{"_yoast_wpseo_focuskw":"Aerodromi u Crnoj Gori","_yoast_wpseo_metadesc":"Istra\u017eite aerodrome u Crnoj Gori: Podgorica i Tivat, plus Dubrovnik u Hrvatskoj. Prona\u0111ite usluge transfera i povoljne letove za va\u0161e savr\u0161eno putovanje.","_kad_post_transparent":"","_kad_post_title":"","_kad_post_layout":"","_kad_post_sidebar_id":"","_kad_post_content_style":"","_kad_post_vertical_padding":"","_kad_post_feature":"","_kad_post_feature_position":"","_kad_post_header":false,"_kad_post_footer":false,"_kad_post_classname":"","iawp_total_views":21,"footnotes":""},"tags":[],"class_list":["post-134380","page","type-page","status-publish","has-post-thumbnail","hentry"],"yoast_head":"<!-- This site is optimized with the Yoast SEO plugin v27.3 - https:\/\/yoast.com\/product\/yoast-seo-wordpress\/ -->\n<title>Aerodromi u Crnoj Gori - Visit Montenegro<\/title>\n<meta name=\"description\" content=\"Istra\u017eite aerodrome u Crnoj Gori: Podgorica i Tivat, plus Dubrovnik u Hrvatskoj. Prona\u0111ite usluge transfera i povoljne letove za va\u0161e savr\u0161eno putovanje.\" \/>\n<meta name=\"robots\" content=\"index, follow, max-snippet:-1, max-image-preview:large, max-video-preview:-1\" \/>\n<link rel=\"canonical\" href=\"https:\/\/www.visit-montenegro.com\/me\/transport\/transportation-airports\/\" \/>\n<meta property=\"og:locale\" content=\"en_US\" \/>\n<meta property=\"og:type\" content=\"article\" \/>\n<meta property=\"og:title\" content=\"Aerodromi u Crnoj Gori - Visit Montenegro\" \/>\n<meta property=\"og:description\" content=\"Istra\u017eite aerodrome u Crnoj Gori: Podgorica i Tivat, plus Dubrovnik u Hrvatskoj. Prona\u0111ite usluge transfera i povoljne letove za va\u0161e savr\u0161eno putovanje.\" \/>\n<meta property=\"og:url\" content=\"https:\/\/www.visit-montenegro.com\/me\/transport\/transportation-airports\/\" \/>\n<meta property=\"og:site_name\" content=\"Visit Montenegro\" \/>\n<meta property=\"article:publisher\" content=\"https:\/\/www.facebook.com\/visitmontenegro\" \/>\n<meta property=\"article:modified_time\" content=\"2026-02-24T12:28:25+00:00\" \/>\n<meta property=\"og:image\" content=\"https:\/\/www.visit-montenegro.com\/wp-content\/uploads\/2014\/06\/Big-aircraft-at-sunset.jpg\" \/>\n\t<meta property=\"og:image:width\" content=\"1250\" \/>\n\t<meta property=\"og:image:height\" content=\"937\" \/>\n\t<meta property=\"og:image:type\" content=\"image\/jpeg\" \/>\n<meta name=\"twitter:card\" content=\"summary_large_image\" \/>\n<meta name=\"twitter:site\" content=\"@visitmontenegro\" \/>\n<meta name=\"twitter:label1\" content=\"Est. reading time\" \/>\n\t<meta name=\"twitter:data1\" content=\"1 minute\" \/>\n<script type=\"application\/ld+json\" class=\"yoast-schema-graph\">{\"@context\":\"https:\\\/\\\/schema.org\",\"@graph\":[{\"@type\":\"WebPage\",\"@id\":\"https:\\\/\\\/www.visit-montenegro.com\\\/me\\\/transport\\\/transportation-airports\\\/\",\"url\":\"https:\\\/\\\/www.visit-montenegro.com\\\/me\\\/transport\\\/transportation-airports\\\/\",\"name\":\"Aerodromi u Crnoj Gori - Visit Montenegro\",\"isPartOf\":{\"@id\":\"https:\\\/\\\/www.visit-montenegro.com\\\/me\\\/#website\"},\"primaryImageOfPage\":{\"@id\":\"https:\\\/\\\/www.visit-montenegro.com\\\/me\\\/transport\\\/transportation-airports\\\/#primaryimage\"},\"image\":{\"@id\":\"https:\\\/\\\/www.visit-montenegro.com\\\/me\\\/transport\\\/transportation-airports\\\/#primaryimage\"},\"thumbnailUrl\":\"https:\\\/\\\/www.visit-montenegro.com\\\/wp-content\\\/uploads\\\/2014\\\/06\\\/Big-aircraft-at-sunset.jpg\",\"datePublished\":\"2026-01-28T18:16:59+00:00\",\"dateModified\":\"2026-02-24T12:28:25+00:00\",\"description\":\"Istra\u017eite aerodrome u Crnoj Gori: Podgorica i Tivat, plus Dubrovnik u Hrvatskoj. Prona\u0111ite usluge transfera i povoljne letove za va\u0161e savr\u0161eno putovanje.\",\"breadcrumb\":{\"@id\":\"https:\\\/\\\/www.visit-montenegro.com\\\/me\\\/transport\\\/transportation-airports\\\/#breadcrumb\"},\"inLanguage\":\"sr-Latn-ME\",\"potentialAction\":[{\"@type\":\"ReadAction\",\"target\":[\"https:\\\/\\\/www.visit-montenegro.com\\\/me\\\/transport\\\/transportation-airports\\\/\"]}]},{\"@type\":\"ImageObject\",\"inLanguage\":\"sr-Latn-ME\",\"@id\":\"https:\\\/\\\/www.visit-montenegro.com\\\/me\\\/transport\\\/transportation-airports\\\/#primaryimage\",\"url\":\"https:\\\/\\\/www.visit-montenegro.com\\\/wp-content\\\/uploads\\\/2014\\\/06\\\/Big-aircraft-at-sunset.jpg\",\"contentUrl\":\"https:\\\/\\\/www.visit-montenegro.com\\\/wp-content\\\/uploads\\\/2014\\\/06\\\/Big-aircraft-at-sunset.jpg\",\"width\":1250,\"height\":937},{\"@type\":\"BreadcrumbList\",\"@id\":\"https:\\\/\\\/www.visit-montenegro.com\\\/me\\\/transport\\\/transportation-airports\\\/#breadcrumb\",\"itemListElement\":[{\"@type\":\"ListItem\",\"position\":1,\"name\":\"Home\",\"item\":\"https:\\\/\\\/www.visit-montenegro.com\\\/me\\\/pocetna\\\/\"},{\"@type\":\"ListItem\",\"position\":2,\"name\":\"Transport u Crnoj Gori\",\"item\":\"https:\\\/\\\/www.visit-montenegro.com\\\/me\\\/transport\\\/\"},{\"@type\":\"ListItem\",\"position\":3,\"name\":\"Aerodromi u Crnoj Gori\"}]},{\"@type\":\"WebSite\",\"@id\":\"https:\\\/\\\/www.visit-montenegro.com\\\/me\\\/#website\",\"url\":\"https:\\\/\\\/www.visit-montenegro.com\\\/me\\\/\",\"name\":\"Visit Montenegro\",\"description\":\"Breathtaking beauty\",\"publisher\":{\"@id\":\"https:\\\/\\\/www.visit-montenegro.com\\\/me\\\/#organization\"},\"potentialAction\":[{\"@type\":\"SearchAction\",\"target\":{\"@type\":\"EntryPoint\",\"urlTemplate\":\"https:\\\/\\\/www.visit-montenegro.com\\\/me\\\/?s={search_term_string}\"},\"query-input\":{\"@type\":\"PropertyValueSpecification\",\"valueRequired\":true,\"valueName\":\"search_term_string\"}}],\"inLanguage\":\"sr-Latn-ME\"},{\"@type\":\"Organization\",\"@id\":\"https:\\\/\\\/www.visit-montenegro.com\\\/me\\\/#organization\",\"name\":\"Visit Montenegro\",\"url\":\"https:\\\/\\\/www.visit-montenegro.com\\\/me\\\/\",\"logo\":{\"@type\":\"ImageObject\",\"inLanguage\":\"sr-Latn-ME\",\"@id\":\"https:\\\/\\\/www.visit-montenegro.com\\\/me\\\/#\\\/schema\\\/logo\\\/image\\\/\",\"url\":\"https:\\\/\\\/www.visit-montenegro.com\\\/wp-content\\\/uploads\\\/2017\\\/10\\\/logo-amp.png\",\"contentUrl\":\"https:\\\/\\\/www.visit-montenegro.com\\\/wp-content\\\/uploads\\\/2017\\\/10\\\/logo-amp.png\",\"width\":190,\"height\":36,\"caption\":\"Visit Montenegro\"},\"image\":{\"@id\":\"https:\\\/\\\/www.visit-montenegro.com\\\/me\\\/#\\\/schema\\\/logo\\\/image\\\/\"},\"sameAs\":[\"https:\\\/\\\/www.facebook.com\\\/visitmontenegro\",\"https:\\\/\\\/x.com\\\/visitmontenegro\",\"https:\\\/\\\/www.instagram.com\\\/visit_montenegro\\\/\",\"https:\\\/\\\/www.youtube.com\\\/user\\\/VisitMontenegro\"]}]}<\/script>\n<!-- \/ Yoast SEO plugin. -->","yoast_head_json":{"title":"Aerodromi u Crnoj Gori - Visit Montenegro","description":"Istra\u017eite aerodrome u Crnoj Gori: Podgorica i Tivat, plus Dubrovnik u Hrvatskoj. Prona\u0111ite usluge transfera i povoljne letove za va\u0161e savr\u0161eno putovanje.","robots":{"index":"index","follow":"follow","max-snippet":"max-snippet:-1","max-image-preview":"max-image-preview:large","max-video-preview":"max-video-preview:-1"},"canonical":"https:\/\/www.visit-montenegro.com\/me\/transport\/transportation-airports\/","og_locale":"en_US","og_type":"article","og_title":"Aerodromi u Crnoj Gori - Visit Montenegro","og_description":"Istra\u017eite aerodrome u Crnoj Gori: Podgorica i Tivat, plus Dubrovnik u Hrvatskoj. Prona\u0111ite usluge transfera i povoljne letove za va\u0161e savr\u0161eno putovanje.","og_url":"https:\/\/www.visit-montenegro.com\/me\/transport\/transportation-airports\/","og_site_name":"Visit Montenegro","article_publisher":"https:\/\/www.facebook.com\/visitmontenegro","article_modified_time":"2026-02-24T12:28:25+00:00","og_image":[{"width":1250,"height":937,"url":"https:\/\/www.visit-montenegro.com\/wp-content\/uploads\/2014\/06\/Big-aircraft-at-sunset.jpg","type":"image\/jpeg"}],"twitter_card":"summary_large_image","twitter_site":"@visitmontenegro","twitter_misc":{"Est. reading time":"1 minute"},"schema":{"@context":"https:\/\/schema.org","@graph":[{"@type":"WebPage","@id":"https:\/\/www.visit-montenegro.com\/me\/transport\/transportation-airports\/","url":"https:\/\/www.visit-montenegro.com\/me\/transport\/transportation-airports\/","name":"Aerodromi u Crnoj Gori - Visit Montenegro","isPartOf":{"@id":"https:\/\/www.visit-montenegro.com\/me\/#website"},"primaryImageOfPage":{"@id":"https:\/\/www.visit-montenegro.com\/me\/transport\/transportation-airports\/#primaryimage"},"image":{"@id":"https:\/\/www.visit-montenegro.com\/me\/transport\/transportation-airports\/#primaryimage"},"thumbnailUrl":"https:\/\/www.visit-montenegro.com\/wp-content\/uploads\/2014\/06\/Big-aircraft-at-sunset.jpg","datePublished":"2026-01-28T18:16:59+00:00","dateModified":"2026-02-24T12:28:25+00:00","description":"Istra\u017eite aerodrome u Crnoj Gori: Podgorica i Tivat, plus Dubrovnik u Hrvatskoj. Prona\u0111ite usluge transfera i povoljne letove za va\u0161e savr\u0161eno putovanje.","breadcrumb":{"@id":"https:\/\/www.visit-montenegro.com\/me\/transport\/transportation-airports\/#breadcrumb"},"inLanguage":"sr-Latn-ME","potentialAction":[{"@type":"ReadAction","target":["https:\/\/www.visit-montenegro.com\/me\/transport\/transportation-airports\/"]}]},{"@type":"ImageObject","inLanguage":"sr-Latn-ME","@id":"https:\/\/www.visit-montenegro.com\/me\/transport\/transportation-airports\/#primaryimage","url":"https:\/\/www.visit-montenegro.com\/wp-content\/uploads\/2014\/06\/Big-aircraft-at-sunset.jpg","contentUrl":"https:\/\/www.visit-montenegro.com\/wp-content\/uploads\/2014\/06\/Big-aircraft-at-sunset.jpg","width":1250,"height":937},{"@type":"BreadcrumbList","@id":"https:\/\/www.visit-montenegro.com\/me\/transport\/transportation-airports\/#breadcrumb","itemListElement":[{"@type":"ListItem","position":1,"name":"Home","item":"https:\/\/www.visit-montenegro.com\/me\/pocetna\/"},{"@type":"ListItem","position":2,"name":"Transport u Crnoj Gori","item":"https:\/\/www.visit-montenegro.com\/me\/transport\/"},{"@type":"ListItem","position":3,"name":"Aerodromi u Crnoj Gori"}]},{"@type":"WebSite","@id":"https:\/\/www.visit-montenegro.com\/me\/#website","url":"https:\/\/www.visit-montenegro.com\/me\/","name":"Visit Montenegro","description":"Breathtaking beauty","publisher":{"@id":"https:\/\/www.visit-montenegro.com\/me\/#organization"},"potentialAction":[{"@type":"SearchAction","target":{"@type":"EntryPoint","urlTemplate":"https:\/\/www.visit-montenegro.com\/me\/?s={search_term_string}"},"query-input":{"@type":"PropertyValueSpecification","valueRequired":true,"valueName":"search_term_string"}}],"inLanguage":"sr-Latn-ME"},{"@type":"Organization","@id":"https:\/\/www.visit-montenegro.com\/me\/#organization","name":"Visit Montenegro","url":"https:\/\/www.visit-montenegro.com\/me\/","logo":{"@type":"ImageObject","inLanguage":"sr-Latn-ME","@id":"https:\/\/www.visit-montenegro.com\/me\/#\/schema\/logo\/image\/","url":"https:\/\/www.visit-montenegro.com\/wp-content\/uploads\/2017\/10\/logo-amp.png","contentUrl":"https:\/\/www.visit-montenegro.com\/wp-content\/uploads\/2017\/10\/logo-amp.png","width":190,"height":36,"caption":"Visit Montenegro"},"image":{"@id":"https:\/\/www.visit-montenegro.com\/me\/#\/schema\/logo\/image\/"},"sameAs":["https:\/\/www.facebook.com\/visitmontenegro","https:\/\/x.com\/visitmontenegro","https:\/\/www.instagram.com\/visit_montenegro\/","https:\/\/www.youtube.com\/user\/VisitMontenegro"]}]}},"translations":[],"_links":{"self":[{"href":"https:\/\/www.visit-montenegro.com\/me\/wp-json\/wp\/v2\/pages\/134380","targetHints":{"allow":["GET"]}}],"collection":[{"href":"https:\/\/www.visit-montenegro.com\/me\/wp-json\/wp\/v2\/pages"}],"about":[{"href":"https:\/\/www.visit-montenegro.com\/me\/wp-json\/wp\/v2\/types\/page"}],"author":[{"embeddable":true,"href":"https:\/\/www.visit-montenegro.com\/me\/wp-json\/wp\/v2\/users\/1"}],"replies":[{"embeddable":true,"href":"https:\/\/www.visit-montenegro.com\/me\/wp-json\/wp\/v2\/comments?post=134380"}],"version-history":[{"count":0,"href":"https:\/\/www.visit-montenegro.com\/me\/wp-json\/wp\/v2\/pages\/134380\/revisions"}],"up":[{"embeddable":true,"href":"https:\/\/www.visit-montenegro.com\/me\/wp-json\/wp\/v2\/pages\/133452"}],"wp:featuredmedia":[{"embeddable":true,"href":"https:\/\/www.visit-montenegro.com\/me\/wp-json\/wp\/v2\/media\/134381"}],"wp:attachment":[{"href":"https:\/\/www.visit-montenegro.com\/me\/wp-json\/wp\/v2\/media?parent=134380"}],"wp:term":[{"taxonomy":"post_tag","embeddable":true,"href":"https:\/\/www.visit-montenegro.com\/me\/wp-json\/wp\/v2\/tags?post=134380"}],"curies":[{"name":"wp","href":"https:\/\/api.w.org\/{rel}","templated":true}]}}