{"id":134383,"date":"2026-01-28T19:16:59","date_gmt":"2026-01-28T18:16:59","guid":{"rendered":"https:\/\/new.visit-montenegro.com\/kazina-u-crnoj-gori\/"},"modified":"2026-02-23T14:06:55","modified_gmt":"2026-02-23T13:06:55","slug":"kazina-u-crnoj-gori","status":"publish","type":"page","link":"https:\/\/www.visit-montenegro.com\/me\/crna-gora\/kazina-u-crnoj-gori\/","title":{"rendered":"Kazina u Crnoj Gori"},"content":{"rendered":"\n<p>Kazina u Crnoj Gori su legalna mjesta za kockanje u luksuznim hotelima, koja nude stolne igre, slot aparate i poker, prvenstveno u Budvi i Podgorici za turiste starije od 18 godina.<\/p>\n\n<hr class=\"wp-block-separator has-alpha-channel-opacity\"\/>\n\n<h2 class=\"wp-block-heading\">Uspon kazina u Crnoj Gori<\/h2>\n\n<p>Nedavno su <strong>kazina u Crnoj Gori<\/strong> postala jedna od najpopularnijih destinacija za kockanje. Zaista, kockanje je oduvijek bilo vrlo popularno me\u0111u turistima, a Crna Gora, kao evropska zemlja gdje je kockanje legalno, postala je na mapi za profesionalne, amaterske kockare i obi\u010dne turiste.<\/p>\n\n<p>Najpopularniji oblik kockanja su <strong>kazina u Crnoj Gori<\/strong>, koja su opremljena raznovrsnim igra\u0107im aparatima i stolnim igrama, odvojenim poker sobama i VIP salonima. Sva kazina koja posluju u Crnoj Gori rade unutar 5-zvjezdanih luksuznih hotela, tako da gosti imaju pristup svim vrstama drugih pogodnosti poput barova i restorana.<\/p>\n\n<h2 class=\"wp-block-heading\">Prakti\u010dne informacije za posjetioce<\/h2>\n\n<p>Za pristup i ulazak u <strong>kazina u Crnoj Gori<\/strong>, starosna granica je 18 godina, a valuta je euro (\u20ac). Trenutno, pet kazina posluje u Crnoj Gori, sa \u010detiri u Budvi i jednim u Podgorici, \u010dine\u0107i ova dva grada centrima turizma kockanja u Crnoj Gori.<\/p>\n\n<p>U ovim <strong>kazinima u Crnoj Gori<\/strong>, dostupne su igre kao \u0161to su Rulet, Karipski poker, Teksa\u0161ki poker, Blackjack, Baccarat, Punto Banco i Elektronski rulet.<\/p>\n\n<h2 class=\"wp-block-heading\">Vrhunska kazina u Crnoj Gori za posjetu<\/h2>\n\n<h3 class=\"wp-block-heading\">Merit Casino Royale<\/h3>\n\n<figure class=\"wp-block-image size-full\"><img loading=\"lazy\" decoding=\"async\" width=\"1000\" height=\"750\" src=\"https:\/\/www.visit-montenegro.com\/wp-content\/uploads\/2026\/02\/merit_casino_royal.jpg\" alt=\"\" class=\"wp-image-133605\" srcset=\"https:\/\/www.visit-montenegro.com\/wp-content\/uploads\/2026\/02\/merit_casino_royal.jpg 1000w, https:\/\/www.visit-montenegro.com\/wp-content\/uploads\/2026\/02\/merit_casino_royal-300x225.jpg 300w, https:\/\/www.visit-montenegro.com\/wp-content\/uploads\/2026\/02\/merit_casino_royal-768x576.jpg 768w\" sizes=\"auto, (max-width: 1000px) 100vw, 1000px\" \/><\/figure>\n\n<p>Casino Royale, smje\u0161ten na 10. spratu jednog od najluksuznijih crnogorskih hotela, nudi \u0161irok spektar kazino igara pored veli\u010danstvenog pogleda na Jadransko more. Mo\u017eete u\u017eivati u slot aparatima i elektronskom ruletu, ali i u \u017eivim igrama kao \u0161to su ruski poker, karipski poker, teksa\u0161ki poker, ultimate teksa\u0161ki poker, teksa\u0161ki bonus poker i blackjack.<\/p>\n\n<p>Zavisno od klijentele, mogu\u0107e je organizovati privatne igre ili \u010dak me\u0111unarodne turnire. \u0160tavi\u0161e, kazino ima restoranski dio koji vam daje priliku da se opustite i probate nacionalnu ili me\u0111unarodnu kuhinju.<\/p>\n\n<p>Casino Royale je bio dio jednog od filmova sa najpopularnijim tajnim agentom na svijetu\u2014D\u017eejmsom Bondom! Napravili su odli\u010dnu promociju za sebe i za destinaciju Crne Gore, zahvaljuju\u0107i pojavljivanju Casino Royale u filmu iz 2006. godine pod nazivom Casino Royale!<\/p>\n\n<div class=\"wp-block-buttons is-layout-flex wp-block-buttons-is-layout-flex\">\n<div class=\"wp-block-button is-style-fill\"><a class=\"wp-block-button__link wp-element-button\" href=\"https:\/\/www.booking.com\/hotel\/me\/splendid-confetence-spa-resort.en.html?aid=323220&amp;no_rooms=1&amp;group_adults=1&amp;label=casinos\" target=\"_blank\">Rezervi\u0161ite Posjetu<\/a><\/div>\n<\/div>\n\n<hr class=\"wp-block-separator has-alpha-channel-opacity\"\/>\n\n<h3 class=\"wp-block-heading\">Merit Casino Avala<\/h3>\n\n<figure class=\"wp-block-image size-large\"><img loading=\"lazy\" decoding=\"async\" width=\"1024\" height=\"683\" src=\"https:\/\/www.visit-montenegro.com\/wp-content\/uploads\/2026\/02\/casino-avala-1024x683.jpg\" alt=\"\" class=\"wp-image-133606\" srcset=\"https:\/\/www.visit-montenegro.com\/wp-content\/uploads\/2026\/02\/casino-avala-1024x683.jpg 1024w, https:\/\/www.visit-montenegro.com\/wp-content\/uploads\/2026\/02\/casino-avala-300x200.jpg 300w, https:\/\/www.visit-montenegro.com\/wp-content\/uploads\/2026\/02\/casino-avala-768x512.jpg 768w, https:\/\/www.visit-montenegro.com\/wp-content\/uploads\/2026\/02\/casino-avala.jpg 1151w\" sizes=\"auto, (max-width: 1024px) 100vw, 1024px\" \/><\/figure>\n\n<p>Casino Avala se nalazi u srcu Budve, na najljep\u0161oj lokaciji gdje Jadransko more okru\u017euje Stari grad. Kazino nudi \u010ditav niz igara u savremeno dizajniranom prostoru, koji pru\u017ea luksuzno i udobno iskustvo, sa preko osam igara uklju\u010duju\u0107i Baccarat, Blackjack, Rulet i sve vrste Pokera.<\/p>\n\n<p>Do\u017eivite uzbu\u0111enje okretanja \u017eetona i zvonjenja zvona i osvojite velikodu\u0161ne nagrade na 100 slot aparata, i preko 300 vrhunskih igara, kao i elektronskim ruletima sa tri nivoa skrivenog Jackpota vrijednog od 500-1.500 eura.<\/p>\n\n<div class=\"wp-block-buttons is-layout-flex wp-block-buttons-is-layout-flex\">\n<div class=\"wp-block-button is-style-fill\"><a class=\"wp-block-button__link wp-element-button\" href=\"https:\/\/www.booking.com\/hotel\/me\/avala-resort-villas.en.html?aid=323220&amp;no_rooms=1&amp;group_adults=1&amp;label=casinos\" target=\"_blank\">Rezervi\u0161ite Posjetu<\/a><\/div>\n<\/div>\n\n<hr class=\"wp-block-separator has-alpha-channel-opacity\"\/>\n\n<h3 class=\"wp-block-heading\">Maestral Resort and Casino<\/h3>\n\n<figure class=\"wp-block-image size-full\"><img loading=\"lazy\" decoding=\"async\" width=\"1024\" height=\"720\" src=\"https:\/\/www.visit-montenegro.com\/wp-content\/uploads\/2026\/02\/budva-maestral-05.jpg\" alt=\"\" class=\"wp-image-133607\" srcset=\"https:\/\/www.visit-montenegro.com\/wp-content\/uploads\/2026\/02\/budva-maestral-05.jpg 1024w, https:\/\/www.visit-montenegro.com\/wp-content\/uploads\/2026\/02\/budva-maestral-05-300x211.jpg 300w, https:\/\/www.visit-montenegro.com\/wp-content\/uploads\/2026\/02\/budva-maestral-05-768x540.jpg 768w\" sizes=\"auto, (max-width: 1024px) 100vw, 1024px\" \/><\/figure>\n\n<p>Najve\u0107e kazino u zemlji je Maestral Resort and Casino. Kazino poker soba je tako\u0111e uklju\u010dena u ponudu, gdje Maestral godinama organizuje poker turnire.<\/p>\n\n<p>Probajte svoju sre\u0107u na slot aparatima i stolnim igrama Maestral Resort &amp; Casino. Postoji vi\u0161e od 100 slotova za izbor i brojne stolne igre uklju\u010duju\u0107i Ameri\u010dki rulet, Black Jack, Double Deck Black Jack i Texas Hold&#8217;Em Poker. Dalje od zabave kockanja, nude se vrhunske zabavne ponude sa kabaretskim nastupima i koncertima velikih muzi\u010dkih zvijezda. Ulaz u kazino je besplatan za goste resorta.<\/p>\n\n<p>Maestral Resort &amp; Casino se nalazi u ljupkoj stjenovitoj uvali, odmah pored pje\u0161\u010dane pla\u017ee. Blizu je ribarskom selu Pr\u017eno i Starom gradu Budve. Posljedi\u010dno, sa \u017eivim igrama koje nudi Maestral Casino, posjetioci mogu do\u017eivjeti dodatno uzbu\u0111enje i zabavu.<\/p>\n\n<div class=\"wp-block-buttons is-layout-flex wp-block-buttons-is-layout-flex\">\n<div class=\"wp-block-button is-style-fill\"><a class=\"wp-block-button__link wp-element-button\" href=\"https:\/\/www.booking.com\/hotel\/me\/maestral-resort-casino.en.html?aid=323220&amp;no_rooms=1&amp;group_adults=1&amp;label=casinos\" target=\"_blank\">Rezervi\u0161ite Posjetu<\/a><\/div>\n<\/div>\n\n<hr class=\"wp-block-separator has-alpha-channel-opacity\"\/>\n\n<h3 class=\"wp-block-heading\">Queen Casino Falkensteiner<\/h3>\n\n<figure class=\"wp-block-image size-full is-resized\"><img loading=\"lazy\" decoding=\"async\" width=\"597\" height=\"448\" src=\"https:\/\/www.visit-montenegro.com\/wp-content\/uploads\/2026\/02\/queen_falkensteiner-edited.png\" alt=\"\" class=\"wp-image-133609\" style=\"width:730px;height:auto\" srcset=\"https:\/\/www.visit-montenegro.com\/wp-content\/uploads\/2026\/02\/queen_falkensteiner-edited.png 597w, https:\/\/www.visit-montenegro.com\/wp-content\/uploads\/2026\/02\/queen_falkensteiner-edited-300x225.png 300w\" sizes=\"auto, (max-width: 597px) 100vw, 597px\" \/><\/figure>\n\n<p>Samo 10 minuta udaljen je turisti\u010dki i kulturni centar crnogorske obale, <a href=\"https:\/\/www.visit-montenegro.com\/me\/destinacije\/budva\/\">Budva<\/a>, unutar hotela Falkensteiner, Queen Casino se nalazi na vi\u0161e od 500 m\u00b2.<\/p>\n\n<p>U\u017eivajte u nezaboravnim praznicima na Jadranskom moru i probajte svoju sre\u0107u u Queen Casino Budva smje\u0161tenom na prvom spratu hotela Falkensteiner. Bilo rulet, blackjack, poker ili slot aparati, igrajte igru i provedite nekoliko uzbudljivih sati kockanja.<\/p>\n\n<p>Zahvaljuju\u0107i najsofisticiranijem IT sistemu, igra\u010di su stalno bogati nagradama, bez obzira na njihove dobitke.<\/p>\n\n<div class=\"wp-block-buttons is-layout-flex wp-block-buttons-is-layout-flex\">\n<div class=\"wp-block-button is-style-fill\"><a class=\"wp-block-button__link wp-element-button\" href=\"https:\/\/www.booking.com\/hotel\/me\/the-queen-of-montenegro.en.html?aid=323220&amp;no_rooms=1&amp;group_adults=1&amp;label=casinos\" target=\"_blank\">Rezervi\u0161ite Posjetu<\/a><\/div>\n<\/div>\n\n<hr class=\"wp-block-separator has-alpha-channel-opacity\"\/>\n\n<h3 class=\"wp-block-heading\">Merit Casino Montenegro<\/h3>\n\n<figure class=\"wp-block-image size-full\"><img loading=\"lazy\" decoding=\"async\" width=\"1000\" height=\"750\" src=\"https:\/\/www.visit-montenegro.com\/wp-content\/uploads\/2026\/02\/merit_montenegro_hilton.jpg\" alt=\"\" class=\"wp-image-133610\" srcset=\"https:\/\/www.visit-montenegro.com\/wp-content\/uploads\/2026\/02\/merit_montenegro_hilton.jpg 1000w, https:\/\/www.visit-montenegro.com\/wp-content\/uploads\/2026\/02\/merit_montenegro_hilton-300x225.jpg 300w, https:\/\/www.visit-montenegro.com\/wp-content\/uploads\/2026\/02\/merit_montenegro_hilton-768x576.jpg 768w\" sizes=\"auto, (max-width: 1000px) 100vw, 1000px\" \/><\/figure>\n\n<p>Usluga Merit Casinosa, koja pru\u017ea srodstvo i gracioznost, ima za cilj da vam omogu\u0107i nezaboravan dan daju\u0107i najbolji kvalitet usluge kombinovan sa odli\u010dnom zabavom.<\/p>\n\n<p>Slot sekcija velike povr\u0161ine o\u017eivljava \u017eivu atmosferu i osje\u0107aj prostranosti do maksimuma, sastoje\u0107i se od najpopularnijih igara, sa 48 slot aparata najnovije tehnologije dostupnih. Udobne usluge sekcije za \u017eive igre sa 8 stolova za \u017eive igre sa veselim i iskusnim osobljem.<\/p>\n\n<p>Mo\u017eete igrati Super Poker, Trio Poker, Major Poker, Hold\u2019em Poker, Ameri\u010dki rulet i Black Jack na stolovima za \u017eive igre.<\/p>\n\n<div class=\"wp-block-buttons is-layout-flex wp-block-buttons-is-layout-flex\">\n<div class=\"wp-block-button is-style-fill\"><a class=\"wp-block-button__link wp-element-button\" href=\"https:\/\/www.booking.com\/hotel\/me\/crna-gora.en.html?aid=323220&amp;no_rooms=1&amp;group_adults=1&amp;label=casinos\" target=\"_blank\">Rezervi\u0161ite Posjetu<\/a><\/div>\n<\/div>\n\n<p><\/p>\n","protected":false},"excerpt":{"rendered":"<p>Otkrijte legalne kazine u Crnoj Gori u luksuznim hotelima, koje nude igre poput ruleta i pokera. Saznajte o starosnim granicama, lokacijama u Budvi i Podgorici i vrhunskim objektima za uzbudljivo iskustvo kockanja.<\/p>\n","protected":false},"author":1,"featured_media":134384,"parent":133962,"menu_order":0,"comment_status":"open","ping_status":"open","template":"","meta":{"_yoast_wpseo_focuskw":"Kazina u Crnoj Gori","_yoast_wpseo_metadesc":"Istra\u017eite legalne kazine u Crnoj Gori u luksuznim hotelima. Prona\u0111ite igre, starosne granice i vrhunske lokacije u Budvi i Podgorici za nezaboravni praznik kockanja.","_kad_post_transparent":"","_kad_post_title":"","_kad_post_layout":"","_kad_post_sidebar_id":"","_kad_post_content_style":"","_kad_post_vertical_padding":"","_kad_post_feature":"","_kad_post_feature_position":"","_kad_post_header":false,"_kad_post_footer":false,"_kad_post_classname":"","iawp_total_views":7,"footnotes":""},"tags":[],"class_list":["post-134383","page","type-page","status-publish","has-post-thumbnail","hentry"],"yoast_head":"<!-- This site is optimized with the Yoast SEO plugin v27.4 - https:\/\/yoast.com\/product\/yoast-seo-wordpress\/ -->\n<title>Kazina u Crnoj Gori - Visit Montenegro<\/title>\n<meta name=\"description\" content=\"Istra\u017eite legalne kazine u Crnoj Gori u luksuznim hotelima. Prona\u0111ite igre, starosne granice i vrhunske lokacije u Budvi i Podgorici za nezaboravni praznik kockanja.\" \/>\n<meta name=\"robots\" content=\"index, follow, max-snippet:-1, max-image-preview:large, max-video-preview:-1\" \/>\n<link rel=\"canonical\" href=\"https:\/\/www.visit-montenegro.com\/me\/crna-gora\/kazina-u-crnoj-gori\/\" \/>\n<meta property=\"og:locale\" content=\"en_US\" \/>\n<meta property=\"og:type\" content=\"article\" \/>\n<meta property=\"og:title\" content=\"Kazina u Crnoj Gori - Visit Montenegro\" \/>\n<meta property=\"og:description\" content=\"Istra\u017eite legalne kazine u Crnoj Gori u luksuznim hotelima. Prona\u0111ite igre, starosne granice i vrhunske lokacije u Budvi i Podgorici za nezaboravni praznik kockanja.\" \/>\n<meta property=\"og:url\" content=\"https:\/\/www.visit-montenegro.com\/me\/crna-gora\/kazina-u-crnoj-gori\/\" \/>\n<meta property=\"og:site_name\" content=\"Visit Montenegro\" \/>\n<meta property=\"article:publisher\" content=\"https:\/\/www.facebook.com\/visitmontenegro\" \/>\n<meta property=\"article:modified_time\" content=\"2026-02-23T13:06:55+00:00\" \/>\n<meta property=\"og:image\" content=\"https:\/\/www.visit-montenegro.com\/wp-content\/uploads\/2026\/02\/Depositphotos_143257061_L-scaled.jpg\" \/>\n\t<meta property=\"og:image:width\" content=\"1600\" \/>\n\t<meta property=\"og:image:height\" content=\"1068\" \/>\n\t<meta property=\"og:image:type\" content=\"image\/jpeg\" \/>\n<meta name=\"twitter:card\" content=\"summary_large_image\" \/>\n<meta name=\"twitter:site\" content=\"@visitmontenegro\" \/>\n<meta name=\"twitter:label1\" content=\"Est. reading time\" \/>\n\t<meta name=\"twitter:data1\" content=\"4 minutes\" \/>\n<script type=\"application\/ld+json\" class=\"yoast-schema-graph\">{\"@context\":\"https:\\\/\\\/schema.org\",\"@graph\":[{\"@type\":\"WebPage\",\"@id\":\"https:\\\/\\\/www.visit-montenegro.com\\\/me\\\/crna-gora\\\/kazina-u-crnoj-gori\\\/\",\"url\":\"https:\\\/\\\/www.visit-montenegro.com\\\/me\\\/crna-gora\\\/kazina-u-crnoj-gori\\\/\",\"name\":\"Kazina u Crnoj Gori - Visit Montenegro\",\"isPartOf\":{\"@id\":\"https:\\\/\\\/www.visit-montenegro.com\\\/me\\\/#website\"},\"primaryImageOfPage\":{\"@id\":\"https:\\\/\\\/www.visit-montenegro.com\\\/me\\\/crna-gora\\\/kazina-u-crnoj-gori\\\/#primaryimage\"},\"image\":{\"@id\":\"https:\\\/\\\/www.visit-montenegro.com\\\/me\\\/crna-gora\\\/kazina-u-crnoj-gori\\\/#primaryimage\"},\"thumbnailUrl\":\"https:\\\/\\\/www.visit-montenegro.com\\\/wp-content\\\/uploads\\\/2026\\\/02\\\/Depositphotos_143257061_L-scaled.jpg\",\"datePublished\":\"2026-01-28T18:16:59+00:00\",\"dateModified\":\"2026-02-23T13:06:55+00:00\",\"description\":\"Istra\u017eite legalne kazine u Crnoj Gori u luksuznim hotelima. Prona\u0111ite igre, starosne granice i vrhunske lokacije u Budvi i Podgorici za nezaboravni praznik kockanja.\",\"breadcrumb\":{\"@id\":\"https:\\\/\\\/www.visit-montenegro.com\\\/me\\\/crna-gora\\\/kazina-u-crnoj-gori\\\/#breadcrumb\"},\"inLanguage\":\"sr-Latn-ME\",\"potentialAction\":[{\"@type\":\"ReadAction\",\"target\":[\"https:\\\/\\\/www.visit-montenegro.com\\\/me\\\/crna-gora\\\/kazina-u-crnoj-gori\\\/\"]}]},{\"@type\":\"ImageObject\",\"inLanguage\":\"sr-Latn-ME\",\"@id\":\"https:\\\/\\\/www.visit-montenegro.com\\\/me\\\/crna-gora\\\/kazina-u-crnoj-gori\\\/#primaryimage\",\"url\":\"https:\\\/\\\/www.visit-montenegro.com\\\/wp-content\\\/uploads\\\/2026\\\/02\\\/Depositphotos_143257061_L-scaled.jpg\",\"contentUrl\":\"https:\\\/\\\/www.visit-montenegro.com\\\/wp-content\\\/uploads\\\/2026\\\/02\\\/Depositphotos_143257061_L-scaled.jpg\",\"width\":1600,\"height\":1068},{\"@type\":\"BreadcrumbList\",\"@id\":\"https:\\\/\\\/www.visit-montenegro.com\\\/me\\\/crna-gora\\\/kazina-u-crnoj-gori\\\/#breadcrumb\",\"itemListElement\":[{\"@type\":\"ListItem\",\"position\":1,\"name\":\"Home\",\"item\":\"https:\\\/\\\/www.visit-montenegro.com\\\/me\\\/\"},{\"@type\":\"ListItem\",\"position\":2,\"name\":\"Kazina u Crnoj Gori\"}]},{\"@type\":\"WebSite\",\"@id\":\"https:\\\/\\\/www.visit-montenegro.com\\\/me\\\/#website\",\"url\":\"https:\\\/\\\/www.visit-montenegro.com\\\/me\\\/\",\"name\":\"Visit Montenegro\",\"description\":\"Breathtaking beauty\",\"publisher\":{\"@id\":\"https:\\\/\\\/www.visit-montenegro.com\\\/me\\\/#organization\"},\"potentialAction\":[{\"@type\":\"SearchAction\",\"target\":{\"@type\":\"EntryPoint\",\"urlTemplate\":\"https:\\\/\\\/www.visit-montenegro.com\\\/me\\\/?s={search_term_string}\"},\"query-input\":{\"@type\":\"PropertyValueSpecification\",\"valueRequired\":true,\"valueName\":\"search_term_string\"}}],\"inLanguage\":\"sr-Latn-ME\"},{\"@type\":\"Organization\",\"@id\":\"https:\\\/\\\/www.visit-montenegro.com\\\/me\\\/#organization\",\"name\":\"Visit Montenegro\",\"url\":\"https:\\\/\\\/www.visit-montenegro.com\\\/me\\\/\",\"logo\":{\"@type\":\"ImageObject\",\"inLanguage\":\"sr-Latn-ME\",\"@id\":\"https:\\\/\\\/www.visit-montenegro.com\\\/me\\\/#\\\/schema\\\/logo\\\/image\\\/\",\"url\":\"https:\\\/\\\/www.visit-montenegro.com\\\/wp-content\\\/uploads\\\/2017\\\/10\\\/logo-amp.png\",\"contentUrl\":\"https:\\\/\\\/www.visit-montenegro.com\\\/wp-content\\\/uploads\\\/2017\\\/10\\\/logo-amp.png\",\"width\":190,\"height\":36,\"caption\":\"Visit Montenegro\"},\"image\":{\"@id\":\"https:\\\/\\\/www.visit-montenegro.com\\\/me\\\/#\\\/schema\\\/logo\\\/image\\\/\"},\"sameAs\":[\"https:\\\/\\\/www.facebook.com\\\/visitmontenegro\",\"https:\\\/\\\/x.com\\\/visitmontenegro\",\"https:\\\/\\\/www.instagram.com\\\/visit_montenegro\\\/\",\"https:\\\/\\\/www.youtube.com\\\/user\\\/VisitMontenegro\"]}]}<\/script>\n<!-- \/ Yoast SEO plugin. -->","yoast_head_json":{"title":"Kazina u Crnoj Gori - Visit Montenegro","description":"Istra\u017eite legalne kazine u Crnoj Gori u luksuznim hotelima. Prona\u0111ite igre, starosne granice i vrhunske lokacije u Budvi i Podgorici za nezaboravni praznik kockanja.","robots":{"index":"index","follow":"follow","max-snippet":"max-snippet:-1","max-image-preview":"max-image-preview:large","max-video-preview":"max-video-preview:-1"},"canonical":"https:\/\/www.visit-montenegro.com\/me\/crna-gora\/kazina-u-crnoj-gori\/","og_locale":"en_US","og_type":"article","og_title":"Kazina u Crnoj Gori - Visit Montenegro","og_description":"Istra\u017eite legalne kazine u Crnoj Gori u luksuznim hotelima. Prona\u0111ite igre, starosne granice i vrhunske lokacije u Budvi i Podgorici za nezaboravni praznik kockanja.","og_url":"https:\/\/www.visit-montenegro.com\/me\/crna-gora\/kazina-u-crnoj-gori\/","og_site_name":"Visit Montenegro","article_publisher":"https:\/\/www.facebook.com\/visitmontenegro","article_modified_time":"2026-02-23T13:06:55+00:00","og_image":[{"width":1600,"height":1068,"url":"https:\/\/www.visit-montenegro.com\/wp-content\/uploads\/2026\/02\/Depositphotos_143257061_L-scaled.jpg","type":"image\/jpeg"}],"twitter_card":"summary_large_image","twitter_site":"@visitmontenegro","twitter_misc":{"Est. reading time":"4 minutes"},"schema":{"@context":"https:\/\/schema.org","@graph":[{"@type":"WebPage","@id":"https:\/\/www.visit-montenegro.com\/me\/crna-gora\/kazina-u-crnoj-gori\/","url":"https:\/\/www.visit-montenegro.com\/me\/crna-gora\/kazina-u-crnoj-gori\/","name":"Kazina u Crnoj Gori - Visit Montenegro","isPartOf":{"@id":"https:\/\/www.visit-montenegro.com\/me\/#website"},"primaryImageOfPage":{"@id":"https:\/\/www.visit-montenegro.com\/me\/crna-gora\/kazina-u-crnoj-gori\/#primaryimage"},"image":{"@id":"https:\/\/www.visit-montenegro.com\/me\/crna-gora\/kazina-u-crnoj-gori\/#primaryimage"},"thumbnailUrl":"https:\/\/www.visit-montenegro.com\/wp-content\/uploads\/2026\/02\/Depositphotos_143257061_L-scaled.jpg","datePublished":"2026-01-28T18:16:59+00:00","dateModified":"2026-02-23T13:06:55+00:00","description":"Istra\u017eite legalne kazine u Crnoj Gori u luksuznim hotelima. Prona\u0111ite igre, starosne granice i vrhunske lokacije u Budvi i Podgorici za nezaboravni praznik kockanja.","breadcrumb":{"@id":"https:\/\/www.visit-montenegro.com\/me\/crna-gora\/kazina-u-crnoj-gori\/#breadcrumb"},"inLanguage":"sr-Latn-ME","potentialAction":[{"@type":"ReadAction","target":["https:\/\/www.visit-montenegro.com\/me\/crna-gora\/kazina-u-crnoj-gori\/"]}]},{"@type":"ImageObject","inLanguage":"sr-Latn-ME","@id":"https:\/\/www.visit-montenegro.com\/me\/crna-gora\/kazina-u-crnoj-gori\/#primaryimage","url":"https:\/\/www.visit-montenegro.com\/wp-content\/uploads\/2026\/02\/Depositphotos_143257061_L-scaled.jpg","contentUrl":"https:\/\/www.visit-montenegro.com\/wp-content\/uploads\/2026\/02\/Depositphotos_143257061_L-scaled.jpg","width":1600,"height":1068},{"@type":"BreadcrumbList","@id":"https:\/\/www.visit-montenegro.com\/me\/crna-gora\/kazina-u-crnoj-gori\/#breadcrumb","itemListElement":[{"@type":"ListItem","position":1,"name":"Home","item":"https:\/\/www.visit-montenegro.com\/me\/"},{"@type":"ListItem","position":2,"name":"Kazina u Crnoj Gori"}]},{"@type":"WebSite","@id":"https:\/\/www.visit-montenegro.com\/me\/#website","url":"https:\/\/www.visit-montenegro.com\/me\/","name":"Visit Montenegro","description":"Breathtaking beauty","publisher":{"@id":"https:\/\/www.visit-montenegro.com\/me\/#organization"},"potentialAction":[{"@type":"SearchAction","target":{"@type":"EntryPoint","urlTemplate":"https:\/\/www.visit-montenegro.com\/me\/?s={search_term_string}"},"query-input":{"@type":"PropertyValueSpecification","valueRequired":true,"valueName":"search_term_string"}}],"inLanguage":"sr-Latn-ME"},{"@type":"Organization","@id":"https:\/\/www.visit-montenegro.com\/me\/#organization","name":"Visit Montenegro","url":"https:\/\/www.visit-montenegro.com\/me\/","logo":{"@type":"ImageObject","inLanguage":"sr-Latn-ME","@id":"https:\/\/www.visit-montenegro.com\/me\/#\/schema\/logo\/image\/","url":"https:\/\/www.visit-montenegro.com\/wp-content\/uploads\/2017\/10\/logo-amp.png","contentUrl":"https:\/\/www.visit-montenegro.com\/wp-content\/uploads\/2017\/10\/logo-amp.png","width":190,"height":36,"caption":"Visit Montenegro"},"image":{"@id":"https:\/\/www.visit-montenegro.com\/me\/#\/schema\/logo\/image\/"},"sameAs":["https:\/\/www.facebook.com\/visitmontenegro","https:\/\/x.com\/visitmontenegro","https:\/\/www.instagram.com\/visit_montenegro\/","https:\/\/www.youtube.com\/user\/VisitMontenegro"]}]}},"_links":{"self":[{"href":"https:\/\/www.visit-montenegro.com\/me\/wp-json\/wp\/v2\/pages\/134383","targetHints":{"allow":["GET"]}}],"collection":[{"href":"https:\/\/www.visit-montenegro.com\/me\/wp-json\/wp\/v2\/pages"}],"about":[{"href":"https:\/\/www.visit-montenegro.com\/me\/wp-json\/wp\/v2\/types\/page"}],"author":[{"embeddable":true,"href":"https:\/\/www.visit-montenegro.com\/me\/wp-json\/wp\/v2\/users\/1"}],"replies":[{"embeddable":true,"href":"https:\/\/www.visit-montenegro.com\/me\/wp-json\/wp\/v2\/comments?post=134383"}],"version-history":[{"count":0,"href":"https:\/\/www.visit-montenegro.com\/me\/wp-json\/wp\/v2\/pages\/134383\/revisions"}],"up":[{"embeddable":true,"href":"https:\/\/www.visit-montenegro.com\/me\/wp-json\/wp\/v2\/pages\/133962"}],"wp:featuredmedia":[{"embeddable":true,"href":"https:\/\/www.visit-montenegro.com\/me\/wp-json\/wp\/v2\/media\/134384"}],"wp:attachment":[{"href":"https:\/\/www.visit-montenegro.com\/me\/wp-json\/wp\/v2\/media?parent=134383"}],"wp:term":[{"taxonomy":"post_tag","embeddable":true,"href":"https:\/\/www.visit-montenegro.com\/me\/wp-json\/wp\/v2\/tags?post=134383"}],"curies":[{"name":"wp","href":"https:\/\/api.w.org\/{rel}","templated":true}]}}