{"id":134386,"date":"2026-01-28T19:16:58","date_gmt":"2026-01-28T18:16:58","guid":{"rendered":"https:\/\/new.visit-montenegro.com\/crna-gora\/mape-crne-gore\/"},"modified":"2026-02-24T15:25:33","modified_gmt":"2026-02-24T14:25:33","slug":"mape-crne-gore","status":"publish","type":"page","link":"https:\/\/www.visit-montenegro.com\/me\/crna-gora\/mape-crne-gore\/","title":{"rendered":"Mape Crne Gore"},"content":{"rendered":"\n<p>Mape Crne Gore vode vas kroz raznovrsna iskustva, od slikovitih vinskih ruta i staza kulturne ba\u0161tine do uzbudljivih avanturisti\u010dkih puteva u zadivljuju\u0107im prirodnim pejza\u017eima.<\/p>\n\n<hr class=\"wp-block-separator has-alpha-channel-opacity\"\/>\n\n<h2 class=\"wp-block-heading\">Vinske Rute i Kulturni Putevi<\/h2>\n\n<h3 class=\"wp-block-heading\">Vinske Rute<\/h3>\n\n<p>Vinske rute su mapirane oko basena Skadarskog jezera gde se nalaze mnoge porodi\u010dne konobe, nude\u0107i nezaboravno lokalno degustiranje vina. Vinarije Kopitovi\u0107, Ma\u0161anovi\u0107, Zavjet, Buk i mnoge druge su obavezne stanice na ovoj ruti. Morate rezervisati; pune su leti jer nude ukusne lokalne specijalitete i bogat asortiman lokalnih vina. Pre nego \u0161to se vratite za volan, mo\u017eete u\u017eivati u krstarenju jezerom, kajakom ili pe\u0161a\u010denjem po nekim od staza koje gledaju na prelepu prirodu.<\/p>\n\n<p>Pre vi\u0161e vekova, svaki mlado\u017eenja iz ovog podru\u010dja morao je posaditi do 1.000 vinove loze pre braka. Danas potomci ovih vrednih vinogradara proizvode puna vina u <strong>Crnoj Gori<\/strong>. Probajte ih tamo gde su uzgajana. Verovatno \u0107ete provesti ve\u010de sa \u010da\u0161om vina koju niste mogli odoljeti da kupite tamo.<\/p>\n\n<h3 class=\"wp-block-heading\">Putevi Kulture<\/h3>\n\n<p>Du\u017e cele obale, od Herceg Novog do Ulcinja, svaki grad ima svoju tvr\u0111avu, gde ljubomorno \u010duva svoje kulturno nasle\u0111e. Venecijanske utvrde su ili na rubu grada, na rtu, na vrhu litica ili visoko u brdima. Na\u0107i \u0107ete drevne rimske podne mozaike u Risnu. <a href=\"https:\/\/www.visit-montenegro.com\/me\/destinacije\/bar\/atrakcije\/stari-bar\/\">Stari Bar<\/a>, nekada grad zanatlija \u010desto napadan od strane pirata, jo\u0161 uvek koristi akvadukte izgra\u0111ene pre sedam vekova i sadr\u017ei ku\u0107e izgra\u0111ene u turskom stilu, i staru sat-kulu.<\/p>\n\n<p>Ako krenete na 30-minutnu vo\u017enju od Budve, ili na ne\u0161to du\u017eu vo\u017enju uz usku, krivudavu cestu od Kotora, sa koje mo\u017eete videti veli\u010danstvenu Boku Kotorsku, sti\u0107i \u0107ete do Njegu\u0161a i Cetinja, stare kraljevske prestonice <strong>Crne Gore<\/strong>, gde je svaka zgrada izlo\u017eak, a ceo grad muzej. Ovde mo\u017eete na\u0107i palate i kameno rezidencje crnogorskih vladara, stare zgrade ambasad, impresivne manastire i crkve, i uli\u010dice sa lipama koje gradu daju prijatan miris.<\/p>\n\n<p>Napravljena od kamena, <strong>Crna Gora<\/strong> \u017eivi u ostacima multikulturalne evropske istorije. Slobodno krenite ovim putevima.<\/p>\n\n<h2 class=\"wp-block-heading\">Putevi Avanture<\/h2>\n\n<p>Ako \u017eelite da idete na rafting po brzacima, vrtlozima i vodopadima, da pro\u0111ete kroz kanjone toliko skrivene, da su nazvani &#8220;Nevidio&#8221; ili &#8220;Izvan Bo\u017ejeg Vida&#8221; (Nevidbog), ako se ne pla\u0161ite visine ili hladnih voda planinskih reka, ako ste zainteresovani za netaknutu, nadrealnu prirodu, krenite avanturisti\u010dkim rutama na planinskim <strong>mapama Crne Gore<\/strong>. Kanjoni Tare, Mrtvice, Su\u0161ice, Nevida, Durmitorski prsten, <a href=\"https:\/\/www.visit-montenegro.com\/me\/destinacije\/plav\/atrakcije\/prokletije\/\">Prokletije<\/a> su biseri na ovom putu, bogati aktivnostima za ljude koji vole izazove i intenzivno iskustvo svojih putovanja.<\/p>\n","protected":false},"excerpt":{"rendered":"<p>Istra\u017eite Crnu Goru kroz detaljne mape koje isti\u010du vinske rute, staze kulturne ba\u0161tine i avanturisti\u010dke puteve. Otkrijte porodi\u010dne vinarije, drevne tvr\u0111ave i uzbudljive kanjone za nezaboravno putovanje.<\/p>\n","protected":false},"author":1,"featured_media":133681,"parent":133962,"menu_order":0,"comment_status":"open","ping_status":"open","template":"","meta":{"_yoast_wpseo_focuskw":"Mape Crne Gore","_yoast_wpseo_metadesc":"Otkrijte mape Crne Gore za vinske rute, kulturne staze i avanturisti\u010dke puteve. Planirajte svoje putovanje sa slikovitim vo\u017enjama i skrivenim draguljima u zadivljuju\u0107im pejza\u017eima.","_kad_post_transparent":"","_kad_post_title":"","_kad_post_layout":"","_kad_post_sidebar_id":"","_kad_post_content_style":"","_kad_post_vertical_padding":"","_kad_post_feature":"","_kad_post_feature_position":"","_kad_post_header":false,"_kad_post_footer":false,"_kad_post_classname":"","iawp_total_views":10,"footnotes":""},"tags":[],"class_list":["post-134386","page","type-page","status-publish","has-post-thumbnail","hentry"],"yoast_head":"<!-- This site is optimized with the Yoast SEO plugin v27.3 - https:\/\/yoast.com\/product\/yoast-seo-wordpress\/ -->\n<title>Mape Crne Gore - Visit Montenegro<\/title>\n<meta name=\"description\" content=\"Otkrijte mape Crne Gore za vinske rute, kulturne staze i avanturisti\u010dke puteve. Planirajte svoje putovanje sa slikovitim vo\u017enjama i skrivenim draguljima u zadivljuju\u0107im pejza\u017eima.\" \/>\n<meta name=\"robots\" content=\"index, follow, max-snippet:-1, max-image-preview:large, max-video-preview:-1\" \/>\n<link rel=\"canonical\" href=\"https:\/\/www.visit-montenegro.com\/me\/crna-gora\/mape-crne-gore\/\" \/>\n<meta property=\"og:locale\" content=\"en_US\" \/>\n<meta property=\"og:type\" content=\"article\" \/>\n<meta property=\"og:title\" content=\"Mape Crne Gore - Visit Montenegro\" \/>\n<meta property=\"og:description\" content=\"Otkrijte mape Crne Gore za vinske rute, kulturne staze i avanturisti\u010dke puteve. Planirajte svoje putovanje sa slikovitim vo\u017enjama i skrivenim draguljima u zadivljuju\u0107im pejza\u017eima.\" \/>\n<meta property=\"og:url\" content=\"https:\/\/www.visit-montenegro.com\/me\/crna-gora\/mape-crne-gore\/\" \/>\n<meta property=\"og:site_name\" content=\"Visit Montenegro\" \/>\n<meta property=\"article:publisher\" content=\"https:\/\/www.facebook.com\/visitmontenegro\" \/>\n<meta property=\"article:modified_time\" content=\"2026-02-24T14:25:33+00:00\" \/>\n<meta property=\"og:image\" content=\"https:\/\/www.visit-montenegro.com\/wp-content\/uploads\/2026\/01\/montenegro-sign-scaled.jpg\" \/>\n\t<meta property=\"og:image:width\" content=\"1600\" \/>\n\t<meta property=\"og:image:height\" content=\"1038\" \/>\n\t<meta property=\"og:image:type\" content=\"image\/jpeg\" \/>\n<meta name=\"twitter:card\" content=\"summary_large_image\" \/>\n<meta name=\"twitter:site\" content=\"@visitmontenegro\" \/>\n<meta name=\"twitter:label1\" content=\"Est. reading time\" \/>\n\t<meta name=\"twitter:data1\" content=\"2 minutes\" \/>\n<script type=\"application\/ld+json\" class=\"yoast-schema-graph\">{\"@context\":\"https:\\\/\\\/schema.org\",\"@graph\":[{\"@type\":\"WebPage\",\"@id\":\"https:\\\/\\\/www.visit-montenegro.com\\\/me\\\/crna-gora\\\/mape-crne-gore\\\/\",\"url\":\"https:\\\/\\\/www.visit-montenegro.com\\\/me\\\/crna-gora\\\/mape-crne-gore\\\/\",\"name\":\"Mape Crne Gore - Visit Montenegro\",\"isPartOf\":{\"@id\":\"https:\\\/\\\/www.visit-montenegro.com\\\/me\\\/#website\"},\"primaryImageOfPage\":{\"@id\":\"https:\\\/\\\/www.visit-montenegro.com\\\/me\\\/crna-gora\\\/mape-crne-gore\\\/#primaryimage\"},\"image\":{\"@id\":\"https:\\\/\\\/www.visit-montenegro.com\\\/me\\\/crna-gora\\\/mape-crne-gore\\\/#primaryimage\"},\"thumbnailUrl\":\"https:\\\/\\\/www.visit-montenegro.com\\\/wp-content\\\/uploads\\\/2026\\\/01\\\/montenegro-sign-scaled.jpg\",\"datePublished\":\"2026-01-28T18:16:58+00:00\",\"dateModified\":\"2026-02-24T14:25:33+00:00\",\"description\":\"Otkrijte mape Crne Gore za vinske rute, kulturne staze i avanturisti\u010dke puteve. Planirajte svoje putovanje sa slikovitim vo\u017enjama i skrivenim draguljima u zadivljuju\u0107im pejza\u017eima.\",\"breadcrumb\":{\"@id\":\"https:\\\/\\\/www.visit-montenegro.com\\\/me\\\/crna-gora\\\/mape-crne-gore\\\/#breadcrumb\"},\"inLanguage\":\"sr-Latn-ME\",\"potentialAction\":[{\"@type\":\"ReadAction\",\"target\":[\"https:\\\/\\\/www.visit-montenegro.com\\\/me\\\/crna-gora\\\/mape-crne-gore\\\/\"]}]},{\"@type\":\"ImageObject\",\"inLanguage\":\"sr-Latn-ME\",\"@id\":\"https:\\\/\\\/www.visit-montenegro.com\\\/me\\\/crna-gora\\\/mape-crne-gore\\\/#primaryimage\",\"url\":\"https:\\\/\\\/www.visit-montenegro.com\\\/wp-content\\\/uploads\\\/2026\\\/01\\\/montenegro-sign-scaled.jpg\",\"contentUrl\":\"https:\\\/\\\/www.visit-montenegro.com\\\/wp-content\\\/uploads\\\/2026\\\/01\\\/montenegro-sign-scaled.jpg\",\"width\":1600,\"height\":1038},{\"@type\":\"BreadcrumbList\",\"@id\":\"https:\\\/\\\/www.visit-montenegro.com\\\/me\\\/crna-gora\\\/mape-crne-gore\\\/#breadcrumb\",\"itemListElement\":[{\"@type\":\"ListItem\",\"position\":1,\"name\":\"Home\",\"item\":\"https:\\\/\\\/www.visit-montenegro.com\\\/me\\\/pocetna\\\/\"},{\"@type\":\"ListItem\",\"position\":2,\"name\":\"Vi\u0161e o Crnoj Gori\",\"item\":\"https:\\\/\\\/www.visit-montenegro.com\\\/me\\\/crna-gora\\\/\"},{\"@type\":\"ListItem\",\"position\":3,\"name\":\"Mape Crne Gore\"}]},{\"@type\":\"WebSite\",\"@id\":\"https:\\\/\\\/www.visit-montenegro.com\\\/me\\\/#website\",\"url\":\"https:\\\/\\\/www.visit-montenegro.com\\\/me\\\/\",\"name\":\"Visit Montenegro\",\"description\":\"Breathtaking beauty\",\"publisher\":{\"@id\":\"https:\\\/\\\/www.visit-montenegro.com\\\/me\\\/#organization\"},\"potentialAction\":[{\"@type\":\"SearchAction\",\"target\":{\"@type\":\"EntryPoint\",\"urlTemplate\":\"https:\\\/\\\/www.visit-montenegro.com\\\/me\\\/?s={search_term_string}\"},\"query-input\":{\"@type\":\"PropertyValueSpecification\",\"valueRequired\":true,\"valueName\":\"search_term_string\"}}],\"inLanguage\":\"sr-Latn-ME\"},{\"@type\":\"Organization\",\"@id\":\"https:\\\/\\\/www.visit-montenegro.com\\\/me\\\/#organization\",\"name\":\"Visit Montenegro\",\"url\":\"https:\\\/\\\/www.visit-montenegro.com\\\/me\\\/\",\"logo\":{\"@type\":\"ImageObject\",\"inLanguage\":\"sr-Latn-ME\",\"@id\":\"https:\\\/\\\/www.visit-montenegro.com\\\/me\\\/#\\\/schema\\\/logo\\\/image\\\/\",\"url\":\"https:\\\/\\\/www.visit-montenegro.com\\\/wp-content\\\/uploads\\\/2017\\\/10\\\/logo-amp.png\",\"contentUrl\":\"https:\\\/\\\/www.visit-montenegro.com\\\/wp-content\\\/uploads\\\/2017\\\/10\\\/logo-amp.png\",\"width\":190,\"height\":36,\"caption\":\"Visit Montenegro\"},\"image\":{\"@id\":\"https:\\\/\\\/www.visit-montenegro.com\\\/me\\\/#\\\/schema\\\/logo\\\/image\\\/\"},\"sameAs\":[\"https:\\\/\\\/www.facebook.com\\\/visitmontenegro\",\"https:\\\/\\\/x.com\\\/visitmontenegro\",\"https:\\\/\\\/www.instagram.com\\\/visit_montenegro\\\/\",\"https:\\\/\\\/www.youtube.com\\\/user\\\/VisitMontenegro\"]}]}<\/script>\n<!-- \/ Yoast SEO plugin. -->","yoast_head_json":{"title":"Mape Crne Gore - Visit Montenegro","description":"Otkrijte mape Crne Gore za vinske rute, kulturne staze i avanturisti\u010dke puteve. Planirajte svoje putovanje sa slikovitim vo\u017enjama i skrivenim draguljima u zadivljuju\u0107im pejza\u017eima.","robots":{"index":"index","follow":"follow","max-snippet":"max-snippet:-1","max-image-preview":"max-image-preview:large","max-video-preview":"max-video-preview:-1"},"canonical":"https:\/\/www.visit-montenegro.com\/me\/crna-gora\/mape-crne-gore\/","og_locale":"en_US","og_type":"article","og_title":"Mape Crne Gore - Visit Montenegro","og_description":"Otkrijte mape Crne Gore za vinske rute, kulturne staze i avanturisti\u010dke puteve. Planirajte svoje putovanje sa slikovitim vo\u017enjama i skrivenim draguljima u zadivljuju\u0107im pejza\u017eima.","og_url":"https:\/\/www.visit-montenegro.com\/me\/crna-gora\/mape-crne-gore\/","og_site_name":"Visit Montenegro","article_publisher":"https:\/\/www.facebook.com\/visitmontenegro","article_modified_time":"2026-02-24T14:25:33+00:00","og_image":[{"width":1600,"height":1038,"url":"https:\/\/www.visit-montenegro.com\/wp-content\/uploads\/2026\/01\/montenegro-sign-scaled.jpg","type":"image\/jpeg"}],"twitter_card":"summary_large_image","twitter_site":"@visitmontenegro","twitter_misc":{"Est. reading time":"2 minutes"},"schema":{"@context":"https:\/\/schema.org","@graph":[{"@type":"WebPage","@id":"https:\/\/www.visit-montenegro.com\/me\/crna-gora\/mape-crne-gore\/","url":"https:\/\/www.visit-montenegro.com\/me\/crna-gora\/mape-crne-gore\/","name":"Mape Crne Gore - Visit Montenegro","isPartOf":{"@id":"https:\/\/www.visit-montenegro.com\/me\/#website"},"primaryImageOfPage":{"@id":"https:\/\/www.visit-montenegro.com\/me\/crna-gora\/mape-crne-gore\/#primaryimage"},"image":{"@id":"https:\/\/www.visit-montenegro.com\/me\/crna-gora\/mape-crne-gore\/#primaryimage"},"thumbnailUrl":"https:\/\/www.visit-montenegro.com\/wp-content\/uploads\/2026\/01\/montenegro-sign-scaled.jpg","datePublished":"2026-01-28T18:16:58+00:00","dateModified":"2026-02-24T14:25:33+00:00","description":"Otkrijte mape Crne Gore za vinske rute, kulturne staze i avanturisti\u010dke puteve. Planirajte svoje putovanje sa slikovitim vo\u017enjama i skrivenim draguljima u zadivljuju\u0107im pejza\u017eima.","breadcrumb":{"@id":"https:\/\/www.visit-montenegro.com\/me\/crna-gora\/mape-crne-gore\/#breadcrumb"},"inLanguage":"sr-Latn-ME","potentialAction":[{"@type":"ReadAction","target":["https:\/\/www.visit-montenegro.com\/me\/crna-gora\/mape-crne-gore\/"]}]},{"@type":"ImageObject","inLanguage":"sr-Latn-ME","@id":"https:\/\/www.visit-montenegro.com\/me\/crna-gora\/mape-crne-gore\/#primaryimage","url":"https:\/\/www.visit-montenegro.com\/wp-content\/uploads\/2026\/01\/montenegro-sign-scaled.jpg","contentUrl":"https:\/\/www.visit-montenegro.com\/wp-content\/uploads\/2026\/01\/montenegro-sign-scaled.jpg","width":1600,"height":1038},{"@type":"BreadcrumbList","@id":"https:\/\/www.visit-montenegro.com\/me\/crna-gora\/mape-crne-gore\/#breadcrumb","itemListElement":[{"@type":"ListItem","position":1,"name":"Home","item":"https:\/\/www.visit-montenegro.com\/me\/pocetna\/"},{"@type":"ListItem","position":2,"name":"Vi\u0161e o Crnoj Gori","item":"https:\/\/www.visit-montenegro.com\/me\/crna-gora\/"},{"@type":"ListItem","position":3,"name":"Mape Crne Gore"}]},{"@type":"WebSite","@id":"https:\/\/www.visit-montenegro.com\/me\/#website","url":"https:\/\/www.visit-montenegro.com\/me\/","name":"Visit Montenegro","description":"Breathtaking beauty","publisher":{"@id":"https:\/\/www.visit-montenegro.com\/me\/#organization"},"potentialAction":[{"@type":"SearchAction","target":{"@type":"EntryPoint","urlTemplate":"https:\/\/www.visit-montenegro.com\/me\/?s={search_term_string}"},"query-input":{"@type":"PropertyValueSpecification","valueRequired":true,"valueName":"search_term_string"}}],"inLanguage":"sr-Latn-ME"},{"@type":"Organization","@id":"https:\/\/www.visit-montenegro.com\/me\/#organization","name":"Visit Montenegro","url":"https:\/\/www.visit-montenegro.com\/me\/","logo":{"@type":"ImageObject","inLanguage":"sr-Latn-ME","@id":"https:\/\/www.visit-montenegro.com\/me\/#\/schema\/logo\/image\/","url":"https:\/\/www.visit-montenegro.com\/wp-content\/uploads\/2017\/10\/logo-amp.png","contentUrl":"https:\/\/www.visit-montenegro.com\/wp-content\/uploads\/2017\/10\/logo-amp.png","width":190,"height":36,"caption":"Visit Montenegro"},"image":{"@id":"https:\/\/www.visit-montenegro.com\/me\/#\/schema\/logo\/image\/"},"sameAs":["https:\/\/www.facebook.com\/visitmontenegro","https:\/\/x.com\/visitmontenegro","https:\/\/www.instagram.com\/visit_montenegro\/","https:\/\/www.youtube.com\/user\/VisitMontenegro"]}]}},"translations":[],"_links":{"self":[{"href":"https:\/\/www.visit-montenegro.com\/me\/wp-json\/wp\/v2\/pages\/134386","targetHints":{"allow":["GET"]}}],"collection":[{"href":"https:\/\/www.visit-montenegro.com\/me\/wp-json\/wp\/v2\/pages"}],"about":[{"href":"https:\/\/www.visit-montenegro.com\/me\/wp-json\/wp\/v2\/types\/page"}],"author":[{"embeddable":true,"href":"https:\/\/www.visit-montenegro.com\/me\/wp-json\/wp\/v2\/users\/1"}],"replies":[{"embeddable":true,"href":"https:\/\/www.visit-montenegro.com\/me\/wp-json\/wp\/v2\/comments?post=134386"}],"version-history":[{"count":0,"href":"https:\/\/www.visit-montenegro.com\/me\/wp-json\/wp\/v2\/pages\/134386\/revisions"}],"up":[{"embeddable":true,"href":"https:\/\/www.visit-montenegro.com\/me\/wp-json\/wp\/v2\/pages\/133962"}],"wp:featuredmedia":[{"embeddable":true,"href":"https:\/\/www.visit-montenegro.com\/me\/wp-json\/wp\/v2\/media\/133681"}],"wp:attachment":[{"href":"https:\/\/www.visit-montenegro.com\/me\/wp-json\/wp\/v2\/media?parent=134386"}],"wp:term":[{"taxonomy":"post_tag","embeddable":true,"href":"https:\/\/www.visit-montenegro.com\/me\/wp-json\/wp\/v2\/tags?post=134386"}],"curies":[{"name":"wp","href":"https:\/\/api.w.org\/{rel}","templated":true}]}}