{"id":134396,"date":"2026-01-28T19:16:58","date_gmt":"2026-01-28T18:16:58","guid":{"rendered":"https:\/\/new.visit-montenegro.com\/crna-gora\/crnogorski-obici-i-tradicija\/"},"modified":"2026-02-22T16:56:41","modified_gmt":"2026-02-22T15:56:41","slug":"crnogorski-obici-i-tradicija","status":"publish","type":"page","link":"https:\/\/www.visit-montenegro.com\/me\/crna-gora\/crnogorski-obici-i-tradicija\/","title":{"rendered":"Tradicionalna crnogorska no\u0161nja"},"content":{"rendered":"\n<p>Crnogorska <strong>Tradicionalna crnogorska no\u0161nja<\/strong> je bogato kulturno naslije\u0111e oblikovano vijekovima razli\u010ditih uticaja, geografske izolacije i lokalnih materijala poput vune i konoplje, koje odra\u017eavaju identitet i prilagodljivost njenog naroda.<\/p>\n\n<hr class=\"wp-block-separator has-alpha-channel-opacity\"\/>\n\n<h2 class=\"wp-block-heading\">Istorijski i geografski uticaji na crnogorsku no\u0161nju<\/h2>\n\n<p>No\u0161nja je oduvijek bila va\u017ean segment u \u017eivotu Crnogoraca. Od kojeg materijala je no\u0161nja napravljena i u kojem stilu je izra\u0111ena govorilo je mnogo o osobi. Korijeni na\u0161eg kulturnog naslije\u0111a se\u017eu daleko u pro\u0161lost. Crna Gora je vijekovima bila meta brojnih osvaja\u010da i svi ti razli\u010diti uticaji su se ovdje stopili, koje su ljudi u Crnoj Gori manje-vi\u0161e prihvatili, i koji su na isti na\u010din prilago\u0111eni crnogorskim shvatanjima i na\u010dinu \u017eivota. Kao rezultat toga nastali su brojni umjetni\u010dki proizvodi i karakteristi\u010dne crte za na\u0161 narod i na\u0161u kulturu. Pored tih kulturno-istorijskih \u010dinjenica, geografski uslovi su imali izuzetno jak uticaj na izbor tkanina od kojih \u0107e no\u0161nja biti napravljena.<\/p>\n\n<p>Crna Gora je zemlja izuzetne prirode, ali i vrlo raznolike prirode, od pristupa\u010dne obale do izuzetno izolovanog sjevera. Odre\u0111ena sela \u010dak i danas u Crnoj Gori nije lako do\u0107i i kontakt sa &#8220;civilizacijom&#8221; je vrlo rijedak, a u pro\u0161losti Crne Gore to je vrlo \u010desto bio slu\u010daj sa ve\u0107inom sela. Zbog tih razloga ljudi su morali sami da kroje svoju odje\u0107u kod ku\u0107e i morali su je napraviti od materijala koji im je bio dostupan. Materijali koji su se naj\u010de\u0161\u0107e koristili bili su: vuna, kozja dlaka, konoplja, lan, \u017euka, a u manjim koli\u010dinama proizvodili su i koristili svilu.<\/p>\n\n<h2 class=\"wp-block-heading\">Komponente Tradicionalne crnogorske no\u0161nje<\/h2>\n\n<figure class=\"wp-block-image size-large\"><img loading=\"lazy\" decoding=\"async\" width=\"1024\" height=\"674\" src=\"https:\/\/www.visit-montenegro.com\/wp-content\/uploads\/2015\/04\/PHOTOS-PAGES-OTHER-COSTUME-1024x674.jpg\" alt=\"\" class=\"wp-image-26376\" srcset=\"https:\/\/www.visit-montenegro.com\/wp-content\/uploads\/2015\/04\/PHOTOS-PAGES-OTHER-COSTUME-1024x674.jpg 1024w, https:\/\/www.visit-montenegro.com\/wp-content\/uploads\/2015\/04\/PHOTOS-PAGES-OTHER-COSTUME-300x198.jpg 300w, https:\/\/www.visit-montenegro.com\/wp-content\/uploads\/2015\/04\/PHOTOS-PAGES-OTHER-COSTUME-90x60.jpg 90w, https:\/\/www.visit-montenegro.com\/wp-content\/uploads\/2015\/04\/PHOTOS-PAGES-OTHER-COSTUME-95x64.jpg 95w, https:\/\/www.visit-montenegro.com\/wp-content\/uploads\/2015\/04\/PHOTOS-PAGES-OTHER-COSTUME.jpg 1280w\" sizes=\"auto, (max-width: 1024px) 100vw, 1024px\" \/><\/figure>\n\n<h3 class=\"wp-block-heading\">\u017denska no\u0161nja<\/h3>\n\n<p>Neki istra\u017eiva\u010di koji su se bavili crnogorskom narodnom no\u0161njom dijele je na gra\u0111ansku i tradicionalnu. Ta podjela se obi\u010dno zasniva na razlici u odijevanju pravoslavnih \u017eena i \u017eena koje su obi\u010dno \u017eivjele na obali \u2013 \u017eena katoli\u010dke vjeroispovijesti. Tradicionalna no\u0161nja \u017eena u ovim podru\u010djima obi\u010dno se sastojala od: ko\u0161ulje, vunene haljine, suknje, prega\u010de, pojasa, marame i \u010darapa, a kao alternativni odjevni predmeti koristili su kamizolu (odre\u0111enu vrstu prsluka), koret (kratki kaput obi\u010dno sme\u0111e boje), zubun (odjevni predmet bez rukava), curdiju (vrstu jakne \u2013 kratkih rukava ili bez rukava) i kaftan. \u0160to se obu\u0107e ti\u010de, naj\u010de\u0161\u0107e su imali opanak (seoske cipele), pasamage, a ponekad \u010dak i cipele.<\/p>\n\n<p>Kada govorimo o gra\u0111anskim no\u0161njama, moramo imati na umu sve istorijske i modne doga\u0111aje u XVIII vijeku. U to vrijeme dizajnirana je lepr\u0161ava \u0161ira odje\u0107a sa naborima, koja je pokrivala ramena, i imala je kvadratni nisko izrezani dekolte koji je bio obrubljen volanima od \u010dipke ili od neke tamnije platnene tkanine. Rukavi su bili ravni i obi\u010dno su imali dekorativne man\u0161ete. Haljina sa volanima tek kasnije je zamijenjena haljinom sa naborima. Ti nabori su po\u010dinjali od sredine dekoltea oko vrata i slobodno su padali na le\u0111a. Na prednjoj strani dobro zategnut korzet bio je spojen sa svake strane sa trougaonim umetkom na pojasu, i bio je bogato ukra\u0161en. Gornja odje\u0107a se na neki na\u010din otvarala u podru\u010dju suknje i bila je manje-vi\u0161e ukra\u0161ena. Imala je ravan dekorativni ovratnik, tako\u0111e ravan rukav koji je sezao do lakta i zavr\u0161avao se &#8220;nagodom&#8221; sa vi\u0161e volana iz kojih se mogla vidjeti \u010dipkasta man\u0161eta.<\/p>\n\n<h3 class=\"wp-block-heading\">Mu\u0161ka no\u0161nja<\/h3>\n\n<p>Ako krenemo po redoslijedu odijevanja, na prvom mjestu bi do\u0161le natkoljenice. Natkoljenice su vrsta \u010darapa koje sna\u017eno ste\u017eu listove. Za izradu ovih \u010darapa potrebna je velika vje\u0161tina, i ono \u0161to treba istaknuti je da bez obzira na iskustvo i godine, za obla\u010denje natkoljenica potrebno je dosta vremena. Natkoljenice treba sna\u017eno zategnuti kako bi \u010dovjek lak\u0161e i sigurnije kretao, \u0161to je bilo izuzetno va\u017eno za Crnogorce koji su se kretali po kamenitoj Crnoj Gori. Osim natkoljenica, postojale su takozvane bjecve koje su imale prorez na strani, a njihovi rubovi su bili obrubljeni crvenim ili tamnoplavim grubim platnom.<\/p>\n\n<p>Hla\u010de su se obla\u010dile odmah nakon natkoljenica i trebale su preklopiti jedan dio natkoljenica. Vrlo \u010desto su hla\u010de i natkoljenice bile vezane u\u017eetom kako se ne bi odvojile, a za to su ljudi pravili posebne kuke na natkoljenicama. Hla\u010de kod obi\u010dnih Crnogoraca bile su bijele i napravljene od grubog platna i vodootporne tkanine (coja). Hla\u010de kod struka bile su \u0161iroke, dok su ispod koljena bile skupljene. Crnogorci su imali pojas u kojem je bio vijenac kroz koji je prolazilo u\u017ee kako bi se hla\u010de vezale oko struka.<\/p>\n\n<p>Mu\u0161ka ko\u0161ulja imala je ovratnik i prorez na prsima koji je bio zatvoren dugmadima. Ko\u0161ulja je bila uvu\u010dena u hla\u010de i naj\u010de\u0161\u0107e je bila bijela ko\u0161ulja (rijetko ste mogli na\u0107i Crnogorca u \u0161arenoj ko\u0161ulji). Ko\u0161ulja je bila obavezan dio crnogorske mu\u0161ke no\u0161nje i na sve\u010danostima je uvijek bila vezana. Osim ko\u0161ulje, mu\u0161ka narodna no\u0161nja, njen gornji dio, sastojala se od &#8220;gunja&#8221; (duga\u010dkog seoskog kaputa). Gunj je imao kratke rese koje su na prsima bile ra\u0161irene. Crnogorci su nosili ovaj kratki kaput \u010diji su krajevi prelazili jedan preko drugog i bio je zakop\u010dan bakarnim dugmadima. Gunj je zamijenjen &#8220;dolamom&#8221; (dolmanom), koji ima rukave ispod pazuha i do \u0161ake su gotovo otvoreni, tako da se mogu baciti nazad. Na taj na\u010din ruka ostaje samo u ko\u0161ulji. To je bilo od velike va\u017enosti i vrlo karakteristi\u010dno za Crnu Goru, jer se na taj na\u010din odijela, narodna odje\u0107a, mogla napraviti za sve sezone. Kada je bilo ljeto, nisu koristili rukave dolmana, ve\u0107 bi bacili rukave iza le\u0111a, a kada je bila zima, Crnogorci bi obukli rukave dolmana. Dolman se obi\u010dno mo\u017ee na\u0107i u Crnoj Gori u zelenoj boji, i napravljen je od grubog platna ili vodootporne tkanine (coja). Krajevi dolmana (rukavi i uglovi i rese) ukra\u0161eni su tamnocrvenom bojom.<\/p>\n\n<p>Ispod gunja nosili su &#8220;dzemadan&#8221;, koji je napravljen od crvenog grubog platna i obi\u010dno je bio izvezen sa strane nekim pamu\u010dnim ili svilenim pletenicama crne ili zlatne boje. To je prsluk sa resama koji su dolazili jedan preko drugog, i bio je zakop\u010dan sa \u010detiri dugmeta (napravljena od metala) i sa crnim \u010dvorovima napravljenim od svilenog u\u017eeta. Dzemadan se nosio preko prsa, i i\u0161ao je sve do grla. Rubovi dzemadana na resama tako\u0111e su ukra\u0161eni \u010dvorovima ili zlatnim vezom.<\/p>\n\n<p>Dzemadan je ponekad zamijenjen &#8220;jecermom&#8221;, koja nije imala rese ili preklapanje, a prorez na prsima je bio ravan. Sa obje strane &#8220;jecerme&#8221; bila su dva reda dugmadi (crnih svilenih) koja su samo dekoracija. Ispod dugmadi nalazi se nekoliko kukica i \u010dvorova koji se koriste za zakop\u010davanje jecerme do sredine odozdo. Ove kukice i \u010dvorovi obi\u010dno su bili jedina stvar kori\u0161tena za zakop\u010davanje jecerme, jer su Crnogorci ostavljali svoja prsa otkrivena. Preko gunja i\u0161la je &#8220;jelek&#8221; (prsluk bez rukava izvezen).<\/p>\n\n<p>Jelek je napravljen od grubog materijala i bio je ukra\u0161en u\u017eetom ili zlatnim vezom. To je gornji odjevni predmet, vrlo sli\u010dan kaputu bez rukava. Sprijeda je vrlo otvoren, a ono \u0161to je karakteristi\u010dno za njega je da nikada nije bio zakop\u010dan.<\/p>\n\n<p>Jelek je ponekad zamijenjen &#8220;tokama&#8221; (srebrnim plo\u010dama), koje imaju isti oblik kao jelek, ali na prednjoj strani imaju metalne, naj\u010de\u0161\u0107e srebrne plo\u010de. &#8220;Toke&#8221; su vezane za razliku od jelka i vrlo su blizu tijelu, a kako su napravljene od metala podsje\u0107aju na oklop, \u0161to je bila njihova upotreba u nekada\u0161njoj Crnoj Gori.<\/p>\n","protected":false},"excerpt":{"rendered":"<p>Otkrijte bogato naslije\u0111e Tradicionalne crnogorske no\u0161nje, oblikovane istorijom, geografijom i lokalnim zanatstvom. Saznajte o njenim jedinstvenim komponentama za mu\u0161karce i \u017eene, koje odra\u017eavaju vijekove kulturne prilagodbe i identiteta.<\/p>\n","protected":false},"author":1,"featured_media":134397,"parent":133962,"menu_order":0,"comment_status":"open","ping_status":"open","template":"","meta":{"_yoast_wpseo_focuskw":"Tradicionalna crnogorska no\u0161nja","_yoast_wpseo_metadesc":"Istra\u017eite Tradicionalnu crnogorsku no\u0161nju: \u017eivopisan kulturni simbol oblikovan istorijom, geografijom i lokalnim materijalima. Saznajte o njenim jedinstvenim mu\u0161kim i \u017eenskim komponentama.","_kad_post_transparent":"","_kad_post_title":"","_kad_post_layout":"","_kad_post_sidebar_id":"","_kad_post_content_style":"","_kad_post_vertical_padding":"","_kad_post_feature":"","_kad_post_feature_position":"","_kad_post_header":false,"_kad_post_footer":false,"_kad_post_classname":"","iawp_total_views":35,"footnotes":""},"tags":[],"class_list":["post-134396","page","type-page","status-publish","has-post-thumbnail","hentry"],"yoast_head":"<!-- This site is optimized with the Yoast SEO plugin v27.3 - https:\/\/yoast.com\/product\/yoast-seo-wordpress\/ -->\n<title>Tradicionalna crnogorska no\u0161nja - Visit Montenegro<\/title>\n<meta name=\"description\" content=\"Istra\u017eite Tradicionalnu crnogorsku no\u0161nju: \u017eivopisan kulturni simbol oblikovan istorijom, geografijom i lokalnim materijalima. Saznajte o njenim jedinstvenim mu\u0161kim i \u017eenskim komponentama.\" \/>\n<meta name=\"robots\" content=\"index, follow, max-snippet:-1, max-image-preview:large, max-video-preview:-1\" \/>\n<link rel=\"canonical\" href=\"https:\/\/www.visit-montenegro.com\/me\/crna-gora\/crnogorski-obici-i-tradicija\/\" \/>\n<meta property=\"og:locale\" content=\"en_US\" \/>\n<meta property=\"og:type\" content=\"article\" \/>\n<meta property=\"og:title\" content=\"Tradicionalna crnogorska no\u0161nja - Visit Montenegro\" \/>\n<meta property=\"og:description\" content=\"Istra\u017eite Tradicionalnu crnogorsku no\u0161nju: \u017eivopisan kulturni simbol oblikovan istorijom, geografijom i lokalnim materijalima. Saznajte o njenim jedinstvenim mu\u0161kim i \u017eenskim komponentama.\" \/>\n<meta property=\"og:url\" content=\"https:\/\/www.visit-montenegro.com\/me\/crna-gora\/crnogorski-obici-i-tradicija\/\" \/>\n<meta property=\"og:site_name\" content=\"Visit Montenegro\" \/>\n<meta property=\"article:publisher\" content=\"https:\/\/www.facebook.com\/visitmontenegro\" \/>\n<meta property=\"article:modified_time\" content=\"2026-02-22T15:56:41+00:00\" \/>\n<meta property=\"og:image\" content=\"https:\/\/www.visit-montenegro.com\/wp-content\/uploads\/2026\/02\/montenegro-folk-costume-detail.jpg\" \/>\n\t<meta property=\"og:image:width\" content=\"1600\" \/>\n\t<meta property=\"og:image:height\" content=\"1064\" \/>\n\t<meta property=\"og:image:type\" content=\"image\/jpeg\" \/>\n<meta name=\"twitter:card\" content=\"summary_large_image\" \/>\n<meta name=\"twitter:site\" content=\"@visitmontenegro\" \/>\n<meta name=\"twitter:label1\" content=\"Est. reading time\" \/>\n\t<meta name=\"twitter:data1\" content=\"6 minutes\" \/>\n<script type=\"application\/ld+json\" class=\"yoast-schema-graph\">{\"@context\":\"https:\\\/\\\/schema.org\",\"@graph\":[{\"@type\":\"WebPage\",\"@id\":\"https:\\\/\\\/www.visit-montenegro.com\\\/me\\\/crna-gora\\\/crnogorski-obici-i-tradicija\\\/\",\"url\":\"https:\\\/\\\/www.visit-montenegro.com\\\/me\\\/crna-gora\\\/crnogorski-obici-i-tradicija\\\/\",\"name\":\"Tradicionalna crnogorska no\u0161nja - Visit Montenegro\",\"isPartOf\":{\"@id\":\"https:\\\/\\\/www.visit-montenegro.com\\\/me\\\/#website\"},\"primaryImageOfPage\":{\"@id\":\"https:\\\/\\\/www.visit-montenegro.com\\\/me\\\/crna-gora\\\/crnogorski-obici-i-tradicija\\\/#primaryimage\"},\"image\":{\"@id\":\"https:\\\/\\\/www.visit-montenegro.com\\\/me\\\/crna-gora\\\/crnogorski-obici-i-tradicija\\\/#primaryimage\"},\"thumbnailUrl\":\"https:\\\/\\\/www.visit-montenegro.com\\\/wp-content\\\/uploads\\\/2026\\\/02\\\/montenegro-folk-costume-detail.jpg\",\"datePublished\":\"2026-01-28T18:16:58+00:00\",\"dateModified\":\"2026-02-22T15:56:41+00:00\",\"description\":\"Istra\u017eite Tradicionalnu crnogorsku no\u0161nju: \u017eivopisan kulturni simbol oblikovan istorijom, geografijom i lokalnim materijalima. Saznajte o njenim jedinstvenim mu\u0161kim i \u017eenskim komponentama.\",\"breadcrumb\":{\"@id\":\"https:\\\/\\\/www.visit-montenegro.com\\\/me\\\/crna-gora\\\/crnogorski-obici-i-tradicija\\\/#breadcrumb\"},\"inLanguage\":\"sr-Latn-ME\",\"potentialAction\":[{\"@type\":\"ReadAction\",\"target\":[\"https:\\\/\\\/www.visit-montenegro.com\\\/me\\\/crna-gora\\\/crnogorski-obici-i-tradicija\\\/\"]}]},{\"@type\":\"ImageObject\",\"inLanguage\":\"sr-Latn-ME\",\"@id\":\"https:\\\/\\\/www.visit-montenegro.com\\\/me\\\/crna-gora\\\/crnogorski-obici-i-tradicija\\\/#primaryimage\",\"url\":\"https:\\\/\\\/www.visit-montenegro.com\\\/wp-content\\\/uploads\\\/2026\\\/02\\\/montenegro-folk-costume-detail.jpg\",\"contentUrl\":\"https:\\\/\\\/www.visit-montenegro.com\\\/wp-content\\\/uploads\\\/2026\\\/02\\\/montenegro-folk-costume-detail.jpg\",\"width\":1600,\"height\":1064},{\"@type\":\"BreadcrumbList\",\"@id\":\"https:\\\/\\\/www.visit-montenegro.com\\\/me\\\/crna-gora\\\/crnogorski-obici-i-tradicija\\\/#breadcrumb\",\"itemListElement\":[{\"@type\":\"ListItem\",\"position\":1,\"name\":\"Home\",\"item\":\"https:\\\/\\\/www.visit-montenegro.com\\\/me\\\/pocetna\\\/\"},{\"@type\":\"ListItem\",\"position\":2,\"name\":\"Vi\u0161e o Crnoj Gori\",\"item\":\"https:\\\/\\\/www.visit-montenegro.com\\\/me\\\/crna-gora\\\/\"},{\"@type\":\"ListItem\",\"position\":3,\"name\":\"Tradicionalna crnogorska no\u0161nja\"}]},{\"@type\":\"WebSite\",\"@id\":\"https:\\\/\\\/www.visit-montenegro.com\\\/me\\\/#website\",\"url\":\"https:\\\/\\\/www.visit-montenegro.com\\\/me\\\/\",\"name\":\"Visit Montenegro\",\"description\":\"Breathtaking beauty\",\"publisher\":{\"@id\":\"https:\\\/\\\/www.visit-montenegro.com\\\/me\\\/#organization\"},\"potentialAction\":[{\"@type\":\"SearchAction\",\"target\":{\"@type\":\"EntryPoint\",\"urlTemplate\":\"https:\\\/\\\/www.visit-montenegro.com\\\/me\\\/?s={search_term_string}\"},\"query-input\":{\"@type\":\"PropertyValueSpecification\",\"valueRequired\":true,\"valueName\":\"search_term_string\"}}],\"inLanguage\":\"sr-Latn-ME\"},{\"@type\":\"Organization\",\"@id\":\"https:\\\/\\\/www.visit-montenegro.com\\\/me\\\/#organization\",\"name\":\"Visit Montenegro\",\"url\":\"https:\\\/\\\/www.visit-montenegro.com\\\/me\\\/\",\"logo\":{\"@type\":\"ImageObject\",\"inLanguage\":\"sr-Latn-ME\",\"@id\":\"https:\\\/\\\/www.visit-montenegro.com\\\/me\\\/#\\\/schema\\\/logo\\\/image\\\/\",\"url\":\"https:\\\/\\\/www.visit-montenegro.com\\\/wp-content\\\/uploads\\\/2017\\\/10\\\/logo-amp.png\",\"contentUrl\":\"https:\\\/\\\/www.visit-montenegro.com\\\/wp-content\\\/uploads\\\/2017\\\/10\\\/logo-amp.png\",\"width\":190,\"height\":36,\"caption\":\"Visit Montenegro\"},\"image\":{\"@id\":\"https:\\\/\\\/www.visit-montenegro.com\\\/me\\\/#\\\/schema\\\/logo\\\/image\\\/\"},\"sameAs\":[\"https:\\\/\\\/www.facebook.com\\\/visitmontenegro\",\"https:\\\/\\\/x.com\\\/visitmontenegro\",\"https:\\\/\\\/www.instagram.com\\\/visit_montenegro\\\/\",\"https:\\\/\\\/www.youtube.com\\\/user\\\/VisitMontenegro\"]}]}<\/script>\n<!-- \/ Yoast SEO plugin. -->","yoast_head_json":{"title":"Tradicionalna crnogorska no\u0161nja - Visit Montenegro","description":"Istra\u017eite Tradicionalnu crnogorsku no\u0161nju: \u017eivopisan kulturni simbol oblikovan istorijom, geografijom i lokalnim materijalima. Saznajte o njenim jedinstvenim mu\u0161kim i \u017eenskim komponentama.","robots":{"index":"index","follow":"follow","max-snippet":"max-snippet:-1","max-image-preview":"max-image-preview:large","max-video-preview":"max-video-preview:-1"},"canonical":"https:\/\/www.visit-montenegro.com\/me\/crna-gora\/crnogorski-obici-i-tradicija\/","og_locale":"en_US","og_type":"article","og_title":"Tradicionalna crnogorska no\u0161nja - Visit Montenegro","og_description":"Istra\u017eite Tradicionalnu crnogorsku no\u0161nju: \u017eivopisan kulturni simbol oblikovan istorijom, geografijom i lokalnim materijalima. Saznajte o njenim jedinstvenim mu\u0161kim i \u017eenskim komponentama.","og_url":"https:\/\/www.visit-montenegro.com\/me\/crna-gora\/crnogorski-obici-i-tradicija\/","og_site_name":"Visit Montenegro","article_publisher":"https:\/\/www.facebook.com\/visitmontenegro","article_modified_time":"2026-02-22T15:56:41+00:00","og_image":[{"width":1600,"height":1064,"url":"https:\/\/www.visit-montenegro.com\/wp-content\/uploads\/2026\/02\/montenegro-folk-costume-detail.jpg","type":"image\/jpeg"}],"twitter_card":"summary_large_image","twitter_site":"@visitmontenegro","twitter_misc":{"Est. reading time":"6 minutes"},"schema":{"@context":"https:\/\/schema.org","@graph":[{"@type":"WebPage","@id":"https:\/\/www.visit-montenegro.com\/me\/crna-gora\/crnogorski-obici-i-tradicija\/","url":"https:\/\/www.visit-montenegro.com\/me\/crna-gora\/crnogorski-obici-i-tradicija\/","name":"Tradicionalna crnogorska no\u0161nja - Visit Montenegro","isPartOf":{"@id":"https:\/\/www.visit-montenegro.com\/me\/#website"},"primaryImageOfPage":{"@id":"https:\/\/www.visit-montenegro.com\/me\/crna-gora\/crnogorski-obici-i-tradicija\/#primaryimage"},"image":{"@id":"https:\/\/www.visit-montenegro.com\/me\/crna-gora\/crnogorski-obici-i-tradicija\/#primaryimage"},"thumbnailUrl":"https:\/\/www.visit-montenegro.com\/wp-content\/uploads\/2026\/02\/montenegro-folk-costume-detail.jpg","datePublished":"2026-01-28T18:16:58+00:00","dateModified":"2026-02-22T15:56:41+00:00","description":"Istra\u017eite Tradicionalnu crnogorsku no\u0161nju: \u017eivopisan kulturni simbol oblikovan istorijom, geografijom i lokalnim materijalima. Saznajte o njenim jedinstvenim mu\u0161kim i \u017eenskim komponentama.","breadcrumb":{"@id":"https:\/\/www.visit-montenegro.com\/me\/crna-gora\/crnogorski-obici-i-tradicija\/#breadcrumb"},"inLanguage":"sr-Latn-ME","potentialAction":[{"@type":"ReadAction","target":["https:\/\/www.visit-montenegro.com\/me\/crna-gora\/crnogorski-obici-i-tradicija\/"]}]},{"@type":"ImageObject","inLanguage":"sr-Latn-ME","@id":"https:\/\/www.visit-montenegro.com\/me\/crna-gora\/crnogorski-obici-i-tradicija\/#primaryimage","url":"https:\/\/www.visit-montenegro.com\/wp-content\/uploads\/2026\/02\/montenegro-folk-costume-detail.jpg","contentUrl":"https:\/\/www.visit-montenegro.com\/wp-content\/uploads\/2026\/02\/montenegro-folk-costume-detail.jpg","width":1600,"height":1064},{"@type":"BreadcrumbList","@id":"https:\/\/www.visit-montenegro.com\/me\/crna-gora\/crnogorski-obici-i-tradicija\/#breadcrumb","itemListElement":[{"@type":"ListItem","position":1,"name":"Home","item":"https:\/\/www.visit-montenegro.com\/me\/pocetna\/"},{"@type":"ListItem","position":2,"name":"Vi\u0161e o Crnoj Gori","item":"https:\/\/www.visit-montenegro.com\/me\/crna-gora\/"},{"@type":"ListItem","position":3,"name":"Tradicionalna crnogorska no\u0161nja"}]},{"@type":"WebSite","@id":"https:\/\/www.visit-montenegro.com\/me\/#website","url":"https:\/\/www.visit-montenegro.com\/me\/","name":"Visit Montenegro","description":"Breathtaking beauty","publisher":{"@id":"https:\/\/www.visit-montenegro.com\/me\/#organization"},"potentialAction":[{"@type":"SearchAction","target":{"@type":"EntryPoint","urlTemplate":"https:\/\/www.visit-montenegro.com\/me\/?s={search_term_string}"},"query-input":{"@type":"PropertyValueSpecification","valueRequired":true,"valueName":"search_term_string"}}],"inLanguage":"sr-Latn-ME"},{"@type":"Organization","@id":"https:\/\/www.visit-montenegro.com\/me\/#organization","name":"Visit Montenegro","url":"https:\/\/www.visit-montenegro.com\/me\/","logo":{"@type":"ImageObject","inLanguage":"sr-Latn-ME","@id":"https:\/\/www.visit-montenegro.com\/me\/#\/schema\/logo\/image\/","url":"https:\/\/www.visit-montenegro.com\/wp-content\/uploads\/2017\/10\/logo-amp.png","contentUrl":"https:\/\/www.visit-montenegro.com\/wp-content\/uploads\/2017\/10\/logo-amp.png","width":190,"height":36,"caption":"Visit Montenegro"},"image":{"@id":"https:\/\/www.visit-montenegro.com\/me\/#\/schema\/logo\/image\/"},"sameAs":["https:\/\/www.facebook.com\/visitmontenegro","https:\/\/x.com\/visitmontenegro","https:\/\/www.instagram.com\/visit_montenegro\/","https:\/\/www.youtube.com\/user\/VisitMontenegro"]}]}},"translations":[],"_links":{"self":[{"href":"https:\/\/www.visit-montenegro.com\/me\/wp-json\/wp\/v2\/pages\/134396","targetHints":{"allow":["GET"]}}],"collection":[{"href":"https:\/\/www.visit-montenegro.com\/me\/wp-json\/wp\/v2\/pages"}],"about":[{"href":"https:\/\/www.visit-montenegro.com\/me\/wp-json\/wp\/v2\/types\/page"}],"author":[{"embeddable":true,"href":"https:\/\/www.visit-montenegro.com\/me\/wp-json\/wp\/v2\/users\/1"}],"replies":[{"embeddable":true,"href":"https:\/\/www.visit-montenegro.com\/me\/wp-json\/wp\/v2\/comments?post=134396"}],"version-history":[{"count":0,"href":"https:\/\/www.visit-montenegro.com\/me\/wp-json\/wp\/v2\/pages\/134396\/revisions"}],"up":[{"embeddable":true,"href":"https:\/\/www.visit-montenegro.com\/me\/wp-json\/wp\/v2\/pages\/133962"}],"wp:featuredmedia":[{"embeddable":true,"href":"https:\/\/www.visit-montenegro.com\/me\/wp-json\/wp\/v2\/media\/134397"}],"wp:attachment":[{"href":"https:\/\/www.visit-montenegro.com\/me\/wp-json\/wp\/v2\/media?parent=134396"}],"wp:term":[{"taxonomy":"post_tag","embeddable":true,"href":"https:\/\/www.visit-montenegro.com\/me\/wp-json\/wp\/v2\/tags?post=134396"}],"curies":[{"name":"wp","href":"https:\/\/api.w.org\/{rel}","templated":true}]}}