{"id":134405,"date":"2026-01-28T19:16:58","date_gmt":"2026-01-28T18:16:58","guid":{"rendered":"https:\/\/new.visit-montenegro.com\/crna-gora\/vrijeme\/"},"modified":"2026-02-22T16:56:41","modified_gmt":"2026-02-22T15:56:41","slug":"vrijeme","status":"publish","type":"page","link":"https:\/\/www.visit-montenegro.com\/me\/crna-gora\/vrijeme\/","title":{"rendered":"Vrijeme u Crnoj Gori"},"content":{"rendered":"\n<p>Vrijeme u Crnoj Gori karakteri\u0161e raznovrsna klima sa sun\u010danom mediteranskom obalom i hladnijim planinskim regionima, nude\u0107i godi\u0161nju privla\u010dnost za putnike koji tra\u017ee razli\u010dita iskustva.<\/p>\n\n<hr class=\"wp-block-separator has-alpha-channel-opacity\"\/>\n\n<h2 class=\"wp-block-heading\">Klima u Crnoj Gori<\/h2>\n\n<p><strong>Crna Gora<\/strong> u\u017eiva u dvije razli\u010dite klime. Obalni dio ima ugodnu mediteransku klimu sa 240 sun\u010danih dana godi\u0161nje. Ljeta su vru\u0107a i suha, sa temperaturama izme\u0111u 30 i 35\u00b0C. Zime su blage i vla\u017ene. <a href=\"https:\/\/www.visit-montenegro.com\/me\/destinacije\/podgorica\/\">Podgorica<\/a>, glavni grad, je jedan od najtoplijih gradova u Evropi ljeti, ponekad prelaze\u0107i 40\u00b0C. Posljedi\u010dno, kada se popnete iznad 1.200m ljeti, osjetit \u0107ete osvje\u017eavaju\u0107i planinski zrak i temperature oko 25\u00b0C.<\/p>\n\n<h2 class=\"wp-block-heading\">Trenutno vrijeme u Crnoj Gori<\/h2>\n\n<h3 class=\"wp-block-heading\">Obalni dio Crne Gore<\/h3>\n\n<p><a class=\"aw-widget-legal\" href=\"\/\/www.accuweather.com\/en\/me\/ulcinj\/301049\/weather-forecast\/301049\"><\/a><\/p>\n<div class=\"aw-widget-current\" data-language=\"en-us\" data-locationkey=\"301049\" data-uid=\"awcc1426235441653\" data-unit=\"c\" data-useip=\"false\" id=\"awcc1426235441653\"><\/div>\n<p><script src=\"\/\/oap.accuweather.com\/launch.js\" type=\"text\/javascript\"><\/script><br\/>\n<a class=\"aw-widget-legal\" href=\"\/\/www.accuweather.com\/en\/me\/budva\/297392\/weather-forecast\/297392\"><\/a><\/p>\n<div class=\"aw-widget-current\" data-language=\"en-us\" data-locationkey=\"297392\" data-uid=\"awcc1426235583246\" data-unit=\"c\" data-useip=\"false\" id=\"awcc1426235583246\"><\/div>\n<p><script src=\"\/\/oap.accuweather.com\/launch.js\" type=\"text\/javascript\"><\/script><br\/>\n<a class=\"aw-widget-legal\" href=\"\/\/www.accuweather.com\/en\/me\/kotor\/297409\/weather-forecast\/297409\"><\/a><\/p>\n<div class=\"aw-widget-current\" data-language=\"en-us\" data-locationkey=\"297409\" data-uid=\"awcc1426235635244\" data-unit=\"c\" data-useip=\"false\" id=\"awcc1426235635244\"><\/div>\n<p><script src=\"\/\/oap.accuweather.com\/launch.js\" type=\"text\/javascript\"><\/script><\/p>\n\n<h3 class=\"wp-block-heading\">Centralni dio Crne Gore<\/h3>\n\n<p><a class=\"aw-widget-legal\" href=\"\/\/www.accuweather.com\/en\/me\/podgorica\/300169\/weather-forecast\/300169\"><\/a><\/p>\n<div class=\"aw-widget-current\" data-language=\"en-us\" data-locationkey=\"300169\" data-uid=\"awcc1426235689536\" data-unit=\"c\" data-useip=\"false\" id=\"awcc1426235689536\"><\/div>\n<p><script src=\"\/\/oap.accuweather.com\/launch.js\" type=\"text\/javascript\"><\/script><br\/>\n<a class=\"aw-widget-legal\" href=\"\/\/www.accuweather.com\/en\/me\/niksic\/299640\/weather-forecast\/299640\"><\/a><\/p>\n<div class=\"aw-widget-current\" data-language=\"en-us\" data-locationkey=\"299640\" data-uid=\"awcc1426235763021\" data-unit=\"c\" data-useip=\"false\" id=\"awcc1426235763021\"><\/div>\n<p><script src=\"\/\/oap.accuweather.com\/launch.js\" type=\"text\/javascript\"><\/script><\/p>\n\n<h3 class=\"wp-block-heading\">Sjeverni dio Crne Gore<\/h3>\n\n<p><a class=\"aw-widget-legal\" href=\"\/\/www.accuweather.com\/en\/me\/zabljak\/301368\/weather-forecast\/301368\"><\/a><\/p>\n<div class=\"aw-widget-current\" data-language=\"en-us\" data-locationkey=\"301368\" data-uid=\"awcc1426235715377\" data-unit=\"c\" data-useip=\"false\" id=\"awcc1426235715377\"><\/div>\n<p><script src=\"\/\/oap.accuweather.com\/launch.js\" type=\"text\/javascript\"><\/script><br\/>\n<a class=\"aw-widget-legal\" href=\"\/\/www.accuweather.com\/en\/me\/kolasin\/298604\/weather-forecast\/298604\"><\/a><\/p>\n<div class=\"aw-widget-current\" data-language=\"en-us\" data-locationkey=\"298604\" data-uid=\"awcc1426235736674\" data-unit=\"c\" data-useip=\"false\" id=\"awcc1426235736674\"><\/div>\n<p><script src=\"\/\/oap.accuweather.com\/launch.js\" type=\"text\/javascript\"><\/script><\/p>\n","protected":false},"excerpt":{"rendered":"<p>Istra\u017eite raznovrsno vrijeme u Crnoj Gori, od sun\u010danih mediteranskih obala do prohladnih planinskih uto\u010di\u0161ta. Planirajte svoje putovanje s uvidima u klime i trenutne uvjete za najbolje iskustvo.<\/p>\n","protected":false},"author":1,"featured_media":134406,"parent":133962,"menu_order":0,"comment_status":"open","ping_status":"open","template":"","meta":{"_yoast_wpseo_focuskw":"Vrijeme u Crnoj Gori","_yoast_wpseo_metadesc":"Otkrijte vrijeme u Crnoj Gori: sun\u010dane obale, vru\u0107a ljeta i prohladne planine. Dobijte trenutne prognoze i savjete o klimi za planiranje savr\u0161enog putovanja.","_kad_post_transparent":"","_kad_post_title":"","_kad_post_layout":"","_kad_post_sidebar_id":"","_kad_post_content_style":"","_kad_post_vertical_padding":"","_kad_post_feature":"","_kad_post_feature_position":"","_kad_post_header":false,"_kad_post_footer":false,"_kad_post_classname":"","iawp_total_views":3,"footnotes":""},"tags":[],"class_list":["post-134405","page","type-page","status-publish","has-post-thumbnail","hentry"],"yoast_head":"<!-- This site is optimized with the Yoast SEO plugin v27.4 - https:\/\/yoast.com\/product\/yoast-seo-wordpress\/ -->\n<title>Vrijeme u Crnoj Gori - Visit Montenegro<\/title>\n<meta name=\"description\" content=\"Otkrijte vrijeme u Crnoj Gori: sun\u010dane obale, vru\u0107a ljeta i prohladne planine. Dobijte trenutne prognoze i savjete o klimi za planiranje savr\u0161enog putovanja.\" \/>\n<meta name=\"robots\" content=\"index, follow, max-snippet:-1, max-image-preview:large, max-video-preview:-1\" \/>\n<link rel=\"canonical\" href=\"https:\/\/www.visit-montenegro.com\/me\/crna-gora\/vrijeme\/\" \/>\n<meta property=\"og:locale\" content=\"en_US\" \/>\n<meta property=\"og:type\" content=\"article\" \/>\n<meta property=\"og:title\" content=\"Vrijeme u Crnoj Gori - Visit Montenegro\" \/>\n<meta property=\"og:description\" content=\"Otkrijte vrijeme u Crnoj Gori: sun\u010dane obale, vru\u0107a ljeta i prohladne planine. Dobijte trenutne prognoze i savjete o klimi za planiranje savr\u0161enog putovanja.\" \/>\n<meta property=\"og:url\" content=\"https:\/\/www.visit-montenegro.com\/me\/crna-gora\/vrijeme\/\" \/>\n<meta property=\"og:site_name\" content=\"Visit Montenegro\" \/>\n<meta property=\"article:publisher\" content=\"https:\/\/www.facebook.com\/visitmontenegro\" \/>\n<meta property=\"article:modified_time\" content=\"2026-02-22T15:56:41+00:00\" \/>\n<meta property=\"og:image\" content=\"https:\/\/www.visit-montenegro.com\/wp-content\/uploads\/2026\/01\/beach-things-scaled.jpg\" \/>\n\t<meta property=\"og:image:width\" content=\"1600\" \/>\n\t<meta property=\"og:image:height\" content=\"1252\" \/>\n\t<meta property=\"og:image:type\" content=\"image\/jpeg\" \/>\n<meta name=\"twitter:card\" content=\"summary_large_image\" \/>\n<meta name=\"twitter:site\" content=\"@visitmontenegro\" \/>\n<meta name=\"twitter:label1\" content=\"Est. reading time\" \/>\n\t<meta name=\"twitter:data1\" content=\"1 minute\" \/>\n<script type=\"application\/ld+json\" class=\"yoast-schema-graph\">{\"@context\":\"https:\\\/\\\/schema.org\",\"@graph\":[{\"@type\":\"WebPage\",\"@id\":\"https:\\\/\\\/www.visit-montenegro.com\\\/me\\\/crna-gora\\\/vrijeme\\\/\",\"url\":\"https:\\\/\\\/www.visit-montenegro.com\\\/me\\\/crna-gora\\\/vrijeme\\\/\",\"name\":\"Vrijeme u Crnoj Gori - Visit Montenegro\",\"isPartOf\":{\"@id\":\"https:\\\/\\\/www.visit-montenegro.com\\\/me\\\/#website\"},\"primaryImageOfPage\":{\"@id\":\"https:\\\/\\\/www.visit-montenegro.com\\\/me\\\/crna-gora\\\/vrijeme\\\/#primaryimage\"},\"image\":{\"@id\":\"https:\\\/\\\/www.visit-montenegro.com\\\/me\\\/crna-gora\\\/vrijeme\\\/#primaryimage\"},\"thumbnailUrl\":\"https:\\\/\\\/www.visit-montenegro.com\\\/wp-content\\\/uploads\\\/2026\\\/01\\\/beach-things-scaled.jpg\",\"datePublished\":\"2026-01-28T18:16:58+00:00\",\"dateModified\":\"2026-02-22T15:56:41+00:00\",\"description\":\"Otkrijte vrijeme u Crnoj Gori: sun\u010dane obale, vru\u0107a ljeta i prohladne planine. Dobijte trenutne prognoze i savjete o klimi za planiranje savr\u0161enog putovanja.\",\"breadcrumb\":{\"@id\":\"https:\\\/\\\/www.visit-montenegro.com\\\/me\\\/crna-gora\\\/vrijeme\\\/#breadcrumb\"},\"inLanguage\":\"sr-Latn-ME\",\"potentialAction\":[{\"@type\":\"ReadAction\",\"target\":[\"https:\\\/\\\/www.visit-montenegro.com\\\/me\\\/crna-gora\\\/vrijeme\\\/\"]}]},{\"@type\":\"ImageObject\",\"inLanguage\":\"sr-Latn-ME\",\"@id\":\"https:\\\/\\\/www.visit-montenegro.com\\\/me\\\/crna-gora\\\/vrijeme\\\/#primaryimage\",\"url\":\"https:\\\/\\\/www.visit-montenegro.com\\\/wp-content\\\/uploads\\\/2026\\\/01\\\/beach-things-scaled.jpg\",\"contentUrl\":\"https:\\\/\\\/www.visit-montenegro.com\\\/wp-content\\\/uploads\\\/2026\\\/01\\\/beach-things-scaled.jpg\",\"width\":1600,\"height\":1252,\"caption\":\"Krema za sun\u010danje, slamnati \u0161e\u0161ir s pe\u0161kirom na pla\u017ei\"},{\"@type\":\"BreadcrumbList\",\"@id\":\"https:\\\/\\\/www.visit-montenegro.com\\\/me\\\/crna-gora\\\/vrijeme\\\/#breadcrumb\",\"itemListElement\":[{\"@type\":\"ListItem\",\"position\":1,\"name\":\"Home\",\"item\":\"https:\\\/\\\/www.visit-montenegro.com\\\/me\\\/\"},{\"@type\":\"ListItem\",\"position\":2,\"name\":\"Vi\u0161e o Crnoj Gori\",\"item\":\"https:\\\/\\\/www.visit-montenegro.com\\\/me\\\/crna-gora\\\/\"},{\"@type\":\"ListItem\",\"position\":3,\"name\":\"Vrijeme u Crnoj Gori\"}]},{\"@type\":\"WebSite\",\"@id\":\"https:\\\/\\\/www.visit-montenegro.com\\\/me\\\/#website\",\"url\":\"https:\\\/\\\/www.visit-montenegro.com\\\/me\\\/\",\"name\":\"Visit Montenegro\",\"description\":\"Breathtaking beauty\",\"publisher\":{\"@id\":\"https:\\\/\\\/www.visit-montenegro.com\\\/me\\\/#organization\"},\"potentialAction\":[{\"@type\":\"SearchAction\",\"target\":{\"@type\":\"EntryPoint\",\"urlTemplate\":\"https:\\\/\\\/www.visit-montenegro.com\\\/me\\\/?s={search_term_string}\"},\"query-input\":{\"@type\":\"PropertyValueSpecification\",\"valueRequired\":true,\"valueName\":\"search_term_string\"}}],\"inLanguage\":\"sr-Latn-ME\"},{\"@type\":\"Organization\",\"@id\":\"https:\\\/\\\/www.visit-montenegro.com\\\/me\\\/#organization\",\"name\":\"Visit Montenegro\",\"url\":\"https:\\\/\\\/www.visit-montenegro.com\\\/me\\\/\",\"logo\":{\"@type\":\"ImageObject\",\"inLanguage\":\"sr-Latn-ME\",\"@id\":\"https:\\\/\\\/www.visit-montenegro.com\\\/me\\\/#\\\/schema\\\/logo\\\/image\\\/\",\"url\":\"https:\\\/\\\/www.visit-montenegro.com\\\/wp-content\\\/uploads\\\/2017\\\/10\\\/logo-amp.png\",\"contentUrl\":\"https:\\\/\\\/www.visit-montenegro.com\\\/wp-content\\\/uploads\\\/2017\\\/10\\\/logo-amp.png\",\"width\":190,\"height\":36,\"caption\":\"Visit Montenegro\"},\"image\":{\"@id\":\"https:\\\/\\\/www.visit-montenegro.com\\\/me\\\/#\\\/schema\\\/logo\\\/image\\\/\"},\"sameAs\":[\"https:\\\/\\\/www.facebook.com\\\/visitmontenegro\",\"https:\\\/\\\/x.com\\\/visitmontenegro\",\"https:\\\/\\\/www.instagram.com\\\/visit_montenegro\\\/\",\"https:\\\/\\\/www.youtube.com\\\/user\\\/VisitMontenegro\"]}]}<\/script>\n<!-- \/ Yoast SEO plugin. -->","yoast_head_json":{"title":"Vrijeme u Crnoj Gori - Visit Montenegro","description":"Otkrijte vrijeme u Crnoj Gori: sun\u010dane obale, vru\u0107a ljeta i prohladne planine. Dobijte trenutne prognoze i savjete o klimi za planiranje savr\u0161enog putovanja.","robots":{"index":"index","follow":"follow","max-snippet":"max-snippet:-1","max-image-preview":"max-image-preview:large","max-video-preview":"max-video-preview:-1"},"canonical":"https:\/\/www.visit-montenegro.com\/me\/crna-gora\/vrijeme\/","og_locale":"en_US","og_type":"article","og_title":"Vrijeme u Crnoj Gori - Visit Montenegro","og_description":"Otkrijte vrijeme u Crnoj Gori: sun\u010dane obale, vru\u0107a ljeta i prohladne planine. Dobijte trenutne prognoze i savjete o klimi za planiranje savr\u0161enog putovanja.","og_url":"https:\/\/www.visit-montenegro.com\/me\/crna-gora\/vrijeme\/","og_site_name":"Visit Montenegro","article_publisher":"https:\/\/www.facebook.com\/visitmontenegro","article_modified_time":"2026-02-22T15:56:41+00:00","og_image":[{"width":1600,"height":1252,"url":"https:\/\/www.visit-montenegro.com\/wp-content\/uploads\/2026\/01\/beach-things-scaled.jpg","type":"image\/jpeg"}],"twitter_card":"summary_large_image","twitter_site":"@visitmontenegro","twitter_misc":{"Est. reading time":"1 minute"},"schema":{"@context":"https:\/\/schema.org","@graph":[{"@type":"WebPage","@id":"https:\/\/www.visit-montenegro.com\/me\/crna-gora\/vrijeme\/","url":"https:\/\/www.visit-montenegro.com\/me\/crna-gora\/vrijeme\/","name":"Vrijeme u Crnoj Gori - Visit Montenegro","isPartOf":{"@id":"https:\/\/www.visit-montenegro.com\/me\/#website"},"primaryImageOfPage":{"@id":"https:\/\/www.visit-montenegro.com\/me\/crna-gora\/vrijeme\/#primaryimage"},"image":{"@id":"https:\/\/www.visit-montenegro.com\/me\/crna-gora\/vrijeme\/#primaryimage"},"thumbnailUrl":"https:\/\/www.visit-montenegro.com\/wp-content\/uploads\/2026\/01\/beach-things-scaled.jpg","datePublished":"2026-01-28T18:16:58+00:00","dateModified":"2026-02-22T15:56:41+00:00","description":"Otkrijte vrijeme u Crnoj Gori: sun\u010dane obale, vru\u0107a ljeta i prohladne planine. Dobijte trenutne prognoze i savjete o klimi za planiranje savr\u0161enog putovanja.","breadcrumb":{"@id":"https:\/\/www.visit-montenegro.com\/me\/crna-gora\/vrijeme\/#breadcrumb"},"inLanguage":"sr-Latn-ME","potentialAction":[{"@type":"ReadAction","target":["https:\/\/www.visit-montenegro.com\/me\/crna-gora\/vrijeme\/"]}]},{"@type":"ImageObject","inLanguage":"sr-Latn-ME","@id":"https:\/\/www.visit-montenegro.com\/me\/crna-gora\/vrijeme\/#primaryimage","url":"https:\/\/www.visit-montenegro.com\/wp-content\/uploads\/2026\/01\/beach-things-scaled.jpg","contentUrl":"https:\/\/www.visit-montenegro.com\/wp-content\/uploads\/2026\/01\/beach-things-scaled.jpg","width":1600,"height":1252,"caption":"Krema za sun\u010danje, slamnati \u0161e\u0161ir s pe\u0161kirom na pla\u017ei"},{"@type":"BreadcrumbList","@id":"https:\/\/www.visit-montenegro.com\/me\/crna-gora\/vrijeme\/#breadcrumb","itemListElement":[{"@type":"ListItem","position":1,"name":"Home","item":"https:\/\/www.visit-montenegro.com\/me\/"},{"@type":"ListItem","position":2,"name":"Vi\u0161e o Crnoj Gori","item":"https:\/\/www.visit-montenegro.com\/me\/crna-gora\/"},{"@type":"ListItem","position":3,"name":"Vrijeme u Crnoj Gori"}]},{"@type":"WebSite","@id":"https:\/\/www.visit-montenegro.com\/me\/#website","url":"https:\/\/www.visit-montenegro.com\/me\/","name":"Visit Montenegro","description":"Breathtaking beauty","publisher":{"@id":"https:\/\/www.visit-montenegro.com\/me\/#organization"},"potentialAction":[{"@type":"SearchAction","target":{"@type":"EntryPoint","urlTemplate":"https:\/\/www.visit-montenegro.com\/me\/?s={search_term_string}"},"query-input":{"@type":"PropertyValueSpecification","valueRequired":true,"valueName":"search_term_string"}}],"inLanguage":"sr-Latn-ME"},{"@type":"Organization","@id":"https:\/\/www.visit-montenegro.com\/me\/#organization","name":"Visit Montenegro","url":"https:\/\/www.visit-montenegro.com\/me\/","logo":{"@type":"ImageObject","inLanguage":"sr-Latn-ME","@id":"https:\/\/www.visit-montenegro.com\/me\/#\/schema\/logo\/image\/","url":"https:\/\/www.visit-montenegro.com\/wp-content\/uploads\/2017\/10\/logo-amp.png","contentUrl":"https:\/\/www.visit-montenegro.com\/wp-content\/uploads\/2017\/10\/logo-amp.png","width":190,"height":36,"caption":"Visit Montenegro"},"image":{"@id":"https:\/\/www.visit-montenegro.com\/me\/#\/schema\/logo\/image\/"},"sameAs":["https:\/\/www.facebook.com\/visitmontenegro","https:\/\/x.com\/visitmontenegro","https:\/\/www.instagram.com\/visit_montenegro\/","https:\/\/www.youtube.com\/user\/VisitMontenegro"]}]}},"_links":{"self":[{"href":"https:\/\/www.visit-montenegro.com\/me\/wp-json\/wp\/v2\/pages\/134405","targetHints":{"allow":["GET"]}}],"collection":[{"href":"https:\/\/www.visit-montenegro.com\/me\/wp-json\/wp\/v2\/pages"}],"about":[{"href":"https:\/\/www.visit-montenegro.com\/me\/wp-json\/wp\/v2\/types\/page"}],"author":[{"embeddable":true,"href":"https:\/\/www.visit-montenegro.com\/me\/wp-json\/wp\/v2\/users\/1"}],"replies":[{"embeddable":true,"href":"https:\/\/www.visit-montenegro.com\/me\/wp-json\/wp\/v2\/comments?post=134405"}],"version-history":[{"count":0,"href":"https:\/\/www.visit-montenegro.com\/me\/wp-json\/wp\/v2\/pages\/134405\/revisions"}],"up":[{"embeddable":true,"href":"https:\/\/www.visit-montenegro.com\/me\/wp-json\/wp\/v2\/pages\/133962"}],"wp:featuredmedia":[{"embeddable":true,"href":"https:\/\/www.visit-montenegro.com\/me\/wp-json\/wp\/v2\/media\/134406"}],"wp:attachment":[{"href":"https:\/\/www.visit-montenegro.com\/me\/wp-json\/wp\/v2\/media?parent=134405"}],"wp:term":[{"taxonomy":"post_tag","embeddable":true,"href":"https:\/\/www.visit-montenegro.com\/me\/wp-json\/wp\/v2\/tags?post=134405"}],"curies":[{"name":"wp","href":"https:\/\/api.w.org\/{rel}","templated":true}]}}