{"id":134411,"date":"2026-01-28T19:16:58","date_gmt":"2026-01-28T18:16:58","guid":{"rendered":"https:\/\/new.visit-montenegro.com\/crna-gora\/da-li-ste-znali\/"},"modified":"2026-03-22T20:12:39","modified_gmt":"2026-03-22T19:12:39","slug":"da-li-ste-znali","status":"publish","type":"page","link":"https:\/\/www.visit-montenegro.com\/me\/crna-gora\/da-li-ste-znali\/","title":{"rendered":"Zanimljive \u010dinjenice o Crnoj Gori"},"content":{"rendered":"\n<p>Crna Gora je zemlja izuzetne prirodne ljepote i jedinstvene kulturne ba\u0161tine, nude\u0107i fascinantne \u010dinjenice koje je \u010dine privla\u010dnom destinacijom. Od toga da je prva ekolo\u0161ka dr\u017eava na svijetu do doma\u0107instva najdubljeg kanjona u Evropi, njeni raznoliki pejza\u017ei i istorijska blaga pru\u017eaju beskrajne <strong>zanimljive \u010dinjenice o Crnoj Gori<\/strong> za putnike.<\/p>\n\n<h2 class=\"wp-block-heading\">Otkrijte tajne Jadrana<\/h2>\n\n<p>Crna Gora mo\u017ee biti mala, ali je zemlja superlativa. Od najdubljih kanjona do najstarijih drve\u0107a, ovaj balkanski dragulj dr\u017ei rekorde koji iznenade \u010dak i najiskusnije putnike. Evo najboljih \u010dinjenica &#8220;Da li ste znali&#8221; da vas inspiri\u0161u za va\u0161u slede\u0107u avanturu.<\/p>\n\n<h3 class=\"wp-block-heading\"><span style=\"font-family: inherit;\">Rekorderi prirode<\/span><\/h3>\n\n<h4 class=\"wp-block-heading\">Prva ekolo\u0161ka dr\u017eava na svijetu<\/h4>\n\n<p>1991. godine, Crna Gora je postala prva dr\u017eava na svijetu koja se proglasila <strong>Ekolo\u0161kom dr\u017eavom<\/strong>. Ova posve\u0107enost za\u0161titi prirode je ugra\u0111ena u Ustav 16 godina kasnije, defini\u0161u\u0107i zeleni razvojni put nacije.<\/p>\n\n<h4 class=\"wp-block-heading\">Najdublji kanjon u Evropi<\/h4>\n\n<p><strong>Kanjon rijeke Tare<\/strong> nije samo raj za rafting; to je najdublji kanjon u Evropi i drugi najdublji na svijetu (nakon Velikog kanjona). Smje\u0161ten unutar Nacionalnog parka <a href=\"https:\/\/www.visit-montenegro.com\/me\/destinacije\/zabljak\/info\/durmitor\/\">Durmitor<\/a>, to je UNESCO-va svjetska ba\u0161tina koju morate vidjeti da biste povjerovali.<\/p>\n\n<h4 class=\"wp-block-heading\">Najve\u0107e jezero na Balkanu<\/h4>\n\n<p><strong>Skadarsko jezero<\/strong> je najve\u0107e jezero na Balkanskom poluostrvu. Raj za posmatra\u010de ptica, dom je stotinama vrsta, uklju\u010duju\u0107i rijetkog dalmatinskog pelikana, i slu\u017ei kao jedan od pet nacionalnih parkova Crne Gore.<\/p>\n\n<h4 class=\"wp-block-heading\">Jedno od najstarijih drve\u0107a u Evropi<\/h4>\n\n<p>U primorskom gradu Baru stoji <strong>Staro maslinovo drvo<\/strong> (Stara Maslina). Sa preko <strong>2.000 godina starosti<\/strong>, to je jedno od najstarijih \u017eivih drve\u0107a u Evropi i i dalje stoji kao simbol mira i dugovje\u010dnosti.<\/p>\n\n<h3 class=\"wp-block-heading\">Istorija urezana u kamen<\/h3>\n\n<h4 class=\"wp-block-heading\">Manastir u oblacima<\/h4>\n\n<p><strong>Manastir <a href=\"https:\/\/www.visit-montenegro.com\/me\/destinacije\/niksic\/atrakcije\/ostrog\/\">Ostrog<\/a><\/strong> je arhitektonsko \u010dudo skoro potpuno isklesano u vertikalnoj planinskoj litici. Smje\u0161ten blizu Nik\u0161i\u0107a, to je jedno od najposje\u0107enijih hri\u0161\u0107anskih svetili\u0161ta na svijetu, cijenjeno zbog svoje zadivljuju\u0107e postavke i duhovnog zna\u010daja.<\/p>\n\n<h4 class=\"wp-block-heading\">Najvi\u0161i mauzolej na svijetu<\/h4>\n\n<p>Smje\u0161ten na vrhovima Nacionalnog parka Lov\u0107en, <strong>Njego\u0161ev <a href=\"https:\/\/www.visit-montenegro.com\/me\/destinacije\/cetinje\/atrakcije\/njegos-mausoleum\/\">mauzolej<\/a><\/strong> je zvani\u010dno najvi\u0161i mauzolej na svijetu. Uspon nudi zadivljuju\u0107e panoramske poglede koji se prote\u017eu preko cijele zemlje.<\/p>\n\n<h4 class=\"wp-block-heading\">Jedina slika Hipnosa<\/h4>\n\n<p>U gradu Risnu, blizu Kotora, mo\u017eete vidjeti rijetki rimski mozaik koji prikazuje <strong>Hipnosa, boga sna<\/strong>. To je jedina poznata slika ovog bo\u017eanstva na svijetu, \u0161to ga \u010dini jedinstvenim arheolo\u0161kim blagom.<\/p>\n\n<h4 class=\"wp-block-heading\">Most me\u0111u oblacima<\/h4>\n\n<p><strong>Most na rijeci Tari<\/strong> se \u010desto navodi kao jedan od 20 najljep\u0161ih mostova na svijetu. Njegovi visoki lukovi na pozadini planina \u010dine ga snom svakog fotografa.<\/p>\n\n<h3 class=\"wp-block-heading\">Primorske \u010dari<\/h3>\n\n<h4 class=\"wp-block-heading\">Najju\u017eniji fjord<\/h4>\n\n<p><strong>Boka kotorska<\/strong> se \u010desto opisuje kao najju\u017eniji fjord na svijetu. Sa svojim dramati\u010dnim liticama koje se uzdi\u017eu iz mora i srednjovjekovnim gradovima du\u017e obale, to je dragulj crnogorske obale.<\/p>\n\n<h4 class=\"wp-block-heading\">Najdu\u017ea pla\u017ea na Jadranu<\/h4>\n\n<p>Smje\u0161tena u Ulcinju, <strong><a href=\"https:\/\/www.visit-montenegro.com\/me\/destinacije\/ulcinj\/atrakcije\/velika-plaza\/\">Velika pla\u017ea<\/a><\/strong> se prote\u017ee 13 kilometara. To je najdu\u017ea pla\u017ea na Jadranskom moru i vrhunska destinacija za kite surfing, jahanje konja i ljubitelje sunca.<\/p>\n","protected":false},"excerpt":{"rendered":"<p>Otkrijte jedinstvene \u010dari Crne Gore, od prve ekolo\u0161ke dr\u017eave na svijetu do najdubljeg kanjona u Evropi. Istra\u017eite njenu najdu\u017eu pla\u017eu, drevno maslinovo drvo i zadivljuju\u0107a arhitektonska dostignu\u0107a u ovom zanimljivom vodi\u010du.<\/p>\n","protected":false},"author":1,"featured_media":135068,"parent":133962,"menu_order":0,"comment_status":"open","ping_status":"open","template":"","meta":{"_yoast_wpseo_focuskw":"Zanimljive \u010dinjenice o Crnoj Gori","_yoast_wpseo_metadesc":"Otkrijte fascinantne \u010dinjenice o Crnoj Gori: prva ekolo\u0161ka dr\u017eava, najdublji kanjon i drevna blaga. Planirajte svoj put uz ove jedinstvene uvide u njene prirodne i kulturne \u010dari.","_kad_post_transparent":"","_kad_post_title":"","_kad_post_layout":"","_kad_post_sidebar_id":"","_kad_post_content_style":"","_kad_post_vertical_padding":"","_kad_post_feature":"","_kad_post_feature_position":"","_kad_post_header":false,"_kad_post_footer":false,"_kad_post_classname":"","iawp_total_views":12,"footnotes":""},"tags":[],"class_list":["post-134411","page","type-page","status-publish","has-post-thumbnail","hentry"],"yoast_head":"<!-- This site is optimized with the Yoast SEO plugin v27.3 - https:\/\/yoast.com\/product\/yoast-seo-wordpress\/ -->\n<title>Zanimljive \u010dinjenice o Crnoj Gori - Visit Montenegro<\/title>\n<meta name=\"description\" content=\"Otkrijte fascinantne \u010dinjenice o Crnoj Gori: prva ekolo\u0161ka dr\u017eava, najdublji kanjon i drevna blaga. Planirajte svoj put uz ove jedinstvene uvide u njene prirodne i kulturne \u010dari.\" \/>\n<meta name=\"robots\" content=\"index, follow, max-snippet:-1, max-image-preview:large, max-video-preview:-1\" \/>\n<link rel=\"canonical\" href=\"https:\/\/www.visit-montenegro.com\/me\/crna-gora\/da-li-ste-znali\/\" \/>\n<meta property=\"og:locale\" content=\"en_US\" \/>\n<meta property=\"og:type\" content=\"article\" \/>\n<meta property=\"og:title\" content=\"Zanimljive \u010dinjenice o Crnoj Gori - Visit Montenegro\" \/>\n<meta property=\"og:description\" content=\"Otkrijte fascinantne \u010dinjenice o Crnoj Gori: prva ekolo\u0161ka dr\u017eava, najdublji kanjon i drevna blaga. Planirajte svoj put uz ove jedinstvene uvide u njene prirodne i kulturne \u010dari.\" \/>\n<meta property=\"og:url\" content=\"https:\/\/www.visit-montenegro.com\/me\/crna-gora\/da-li-ste-znali\/\" \/>\n<meta property=\"og:site_name\" content=\"Visit Montenegro\" \/>\n<meta property=\"article:publisher\" content=\"https:\/\/www.facebook.com\/visitmontenegro\" \/>\n<meta property=\"article:modified_time\" content=\"2026-03-22T19:12:39+00:00\" \/>\n<meta property=\"og:image\" content=\"https:\/\/www.visit-montenegro.com\/wp-content\/uploads\/2026\/01\/ulcinj-valdanos-olive-trees-scaled.jpg\" \/>\n\t<meta property=\"og:image:width\" content=\"1600\" \/>\n\t<meta property=\"og:image:height\" content=\"1068\" \/>\n\t<meta property=\"og:image:type\" content=\"image\/jpeg\" \/>\n<meta name=\"twitter:card\" content=\"summary_large_image\" \/>\n<meta name=\"twitter:site\" content=\"@visitmontenegro\" \/>\n<meta name=\"twitter:label1\" content=\"Est. reading time\" \/>\n\t<meta name=\"twitter:data1\" content=\"3 minutes\" \/>\n<script type=\"application\/ld+json\" class=\"yoast-schema-graph\">{\"@context\":\"https:\\\/\\\/schema.org\",\"@graph\":[{\"@type\":\"WebPage\",\"@id\":\"https:\\\/\\\/www.visit-montenegro.com\\\/me\\\/crna-gora\\\/da-li-ste-znali\\\/\",\"url\":\"https:\\\/\\\/www.visit-montenegro.com\\\/me\\\/crna-gora\\\/da-li-ste-znali\\\/\",\"name\":\"Zanimljive \u010dinjenice o Crnoj Gori - Visit Montenegro\",\"isPartOf\":{\"@id\":\"https:\\\/\\\/www.visit-montenegro.com\\\/me\\\/#website\"},\"primaryImageOfPage\":{\"@id\":\"https:\\\/\\\/www.visit-montenegro.com\\\/me\\\/crna-gora\\\/da-li-ste-znali\\\/#primaryimage\"},\"image\":{\"@id\":\"https:\\\/\\\/www.visit-montenegro.com\\\/me\\\/crna-gora\\\/da-li-ste-znali\\\/#primaryimage\"},\"thumbnailUrl\":\"https:\\\/\\\/www.visit-montenegro.com\\\/wp-content\\\/uploads\\\/2026\\\/01\\\/ulcinj-valdanos-olive-trees-scaled.jpg\",\"datePublished\":\"2026-01-28T18:16:58+00:00\",\"dateModified\":\"2026-03-22T19:12:39+00:00\",\"description\":\"Otkrijte fascinantne \u010dinjenice o Crnoj Gori: prva ekolo\u0161ka dr\u017eava, najdublji kanjon i drevna blaga. Planirajte svoj put uz ove jedinstvene uvide u njene prirodne i kulturne \u010dari.\",\"breadcrumb\":{\"@id\":\"https:\\\/\\\/www.visit-montenegro.com\\\/me\\\/crna-gora\\\/da-li-ste-znali\\\/#breadcrumb\"},\"inLanguage\":\"sr-Latn-ME\",\"potentialAction\":[{\"@type\":\"ReadAction\",\"target\":[\"https:\\\/\\\/www.visit-montenegro.com\\\/me\\\/crna-gora\\\/da-li-ste-znali\\\/\"]}]},{\"@type\":\"ImageObject\",\"inLanguage\":\"sr-Latn-ME\",\"@id\":\"https:\\\/\\\/www.visit-montenegro.com\\\/me\\\/crna-gora\\\/da-li-ste-znali\\\/#primaryimage\",\"url\":\"https:\\\/\\\/www.visit-montenegro.com\\\/wp-content\\\/uploads\\\/2026\\\/01\\\/ulcinj-valdanos-olive-trees-scaled.jpg\",\"contentUrl\":\"https:\\\/\\\/www.visit-montenegro.com\\\/wp-content\\\/uploads\\\/2026\\\/01\\\/ulcinj-valdanos-olive-trees-scaled.jpg\",\"width\":1600,\"height\":1068,\"caption\":\"Masline u jesen u Valdanosu, Ulcinj, Crna Gora\"},{\"@type\":\"BreadcrumbList\",\"@id\":\"https:\\\/\\\/www.visit-montenegro.com\\\/me\\\/crna-gora\\\/da-li-ste-znali\\\/#breadcrumb\",\"itemListElement\":[{\"@type\":\"ListItem\",\"position\":1,\"name\":\"Home\",\"item\":\"https:\\\/\\\/www.visit-montenegro.com\\\/me\\\/pocetna\\\/\"},{\"@type\":\"ListItem\",\"position\":2,\"name\":\"Vi\u0161e o Crnoj Gori\",\"item\":\"https:\\\/\\\/www.visit-montenegro.com\\\/me\\\/crna-gora\\\/\"},{\"@type\":\"ListItem\",\"position\":3,\"name\":\"Zanimljive \u010dinjenice o Crnoj Gori\"}]},{\"@type\":\"WebSite\",\"@id\":\"https:\\\/\\\/www.visit-montenegro.com\\\/me\\\/#website\",\"url\":\"https:\\\/\\\/www.visit-montenegro.com\\\/me\\\/\",\"name\":\"Visit Montenegro\",\"description\":\"Breathtaking beauty\",\"publisher\":{\"@id\":\"https:\\\/\\\/www.visit-montenegro.com\\\/me\\\/#organization\"},\"potentialAction\":[{\"@type\":\"SearchAction\",\"target\":{\"@type\":\"EntryPoint\",\"urlTemplate\":\"https:\\\/\\\/www.visit-montenegro.com\\\/me\\\/?s={search_term_string}\"},\"query-input\":{\"@type\":\"PropertyValueSpecification\",\"valueRequired\":true,\"valueName\":\"search_term_string\"}}],\"inLanguage\":\"sr-Latn-ME\"},{\"@type\":\"Organization\",\"@id\":\"https:\\\/\\\/www.visit-montenegro.com\\\/me\\\/#organization\",\"name\":\"Visit Montenegro\",\"url\":\"https:\\\/\\\/www.visit-montenegro.com\\\/me\\\/\",\"logo\":{\"@type\":\"ImageObject\",\"inLanguage\":\"sr-Latn-ME\",\"@id\":\"https:\\\/\\\/www.visit-montenegro.com\\\/me\\\/#\\\/schema\\\/logo\\\/image\\\/\",\"url\":\"https:\\\/\\\/www.visit-montenegro.com\\\/wp-content\\\/uploads\\\/2017\\\/10\\\/logo-amp.png\",\"contentUrl\":\"https:\\\/\\\/www.visit-montenegro.com\\\/wp-content\\\/uploads\\\/2017\\\/10\\\/logo-amp.png\",\"width\":190,\"height\":36,\"caption\":\"Visit Montenegro\"},\"image\":{\"@id\":\"https:\\\/\\\/www.visit-montenegro.com\\\/me\\\/#\\\/schema\\\/logo\\\/image\\\/\"},\"sameAs\":[\"https:\\\/\\\/www.facebook.com\\\/visitmontenegro\",\"https:\\\/\\\/x.com\\\/visitmontenegro\",\"https:\\\/\\\/www.instagram.com\\\/visit_montenegro\\\/\",\"https:\\\/\\\/www.youtube.com\\\/user\\\/VisitMontenegro\"]}]}<\/script>\n<!-- \/ Yoast SEO plugin. -->","yoast_head_json":{"title":"Zanimljive \u010dinjenice o Crnoj Gori - Visit Montenegro","description":"Otkrijte fascinantne \u010dinjenice o Crnoj Gori: prva ekolo\u0161ka dr\u017eava, najdublji kanjon i drevna blaga. Planirajte svoj put uz ove jedinstvene uvide u njene prirodne i kulturne \u010dari.","robots":{"index":"index","follow":"follow","max-snippet":"max-snippet:-1","max-image-preview":"max-image-preview:large","max-video-preview":"max-video-preview:-1"},"canonical":"https:\/\/www.visit-montenegro.com\/me\/crna-gora\/da-li-ste-znali\/","og_locale":"en_US","og_type":"article","og_title":"Zanimljive \u010dinjenice o Crnoj Gori - Visit Montenegro","og_description":"Otkrijte fascinantne \u010dinjenice o Crnoj Gori: prva ekolo\u0161ka dr\u017eava, najdublji kanjon i drevna blaga. Planirajte svoj put uz ove jedinstvene uvide u njene prirodne i kulturne \u010dari.","og_url":"https:\/\/www.visit-montenegro.com\/me\/crna-gora\/da-li-ste-znali\/","og_site_name":"Visit Montenegro","article_publisher":"https:\/\/www.facebook.com\/visitmontenegro","article_modified_time":"2026-03-22T19:12:39+00:00","og_image":[{"width":1600,"height":1068,"url":"https:\/\/www.visit-montenegro.com\/wp-content\/uploads\/2026\/01\/ulcinj-valdanos-olive-trees-scaled.jpg","type":"image\/jpeg"}],"twitter_card":"summary_large_image","twitter_site":"@visitmontenegro","twitter_misc":{"Est. reading time":"3 minutes"},"schema":{"@context":"https:\/\/schema.org","@graph":[{"@type":"WebPage","@id":"https:\/\/www.visit-montenegro.com\/me\/crna-gora\/da-li-ste-znali\/","url":"https:\/\/www.visit-montenegro.com\/me\/crna-gora\/da-li-ste-znali\/","name":"Zanimljive \u010dinjenice o Crnoj Gori - Visit Montenegro","isPartOf":{"@id":"https:\/\/www.visit-montenegro.com\/me\/#website"},"primaryImageOfPage":{"@id":"https:\/\/www.visit-montenegro.com\/me\/crna-gora\/da-li-ste-znali\/#primaryimage"},"image":{"@id":"https:\/\/www.visit-montenegro.com\/me\/crna-gora\/da-li-ste-znali\/#primaryimage"},"thumbnailUrl":"https:\/\/www.visit-montenegro.com\/wp-content\/uploads\/2026\/01\/ulcinj-valdanos-olive-trees-scaled.jpg","datePublished":"2026-01-28T18:16:58+00:00","dateModified":"2026-03-22T19:12:39+00:00","description":"Otkrijte fascinantne \u010dinjenice o Crnoj Gori: prva ekolo\u0161ka dr\u017eava, najdublji kanjon i drevna blaga. Planirajte svoj put uz ove jedinstvene uvide u njene prirodne i kulturne \u010dari.","breadcrumb":{"@id":"https:\/\/www.visit-montenegro.com\/me\/crna-gora\/da-li-ste-znali\/#breadcrumb"},"inLanguage":"sr-Latn-ME","potentialAction":[{"@type":"ReadAction","target":["https:\/\/www.visit-montenegro.com\/me\/crna-gora\/da-li-ste-znali\/"]}]},{"@type":"ImageObject","inLanguage":"sr-Latn-ME","@id":"https:\/\/www.visit-montenegro.com\/me\/crna-gora\/da-li-ste-znali\/#primaryimage","url":"https:\/\/www.visit-montenegro.com\/wp-content\/uploads\/2026\/01\/ulcinj-valdanos-olive-trees-scaled.jpg","contentUrl":"https:\/\/www.visit-montenegro.com\/wp-content\/uploads\/2026\/01\/ulcinj-valdanos-olive-trees-scaled.jpg","width":1600,"height":1068,"caption":"Masline u jesen u Valdanosu, Ulcinj, Crna Gora"},{"@type":"BreadcrumbList","@id":"https:\/\/www.visit-montenegro.com\/me\/crna-gora\/da-li-ste-znali\/#breadcrumb","itemListElement":[{"@type":"ListItem","position":1,"name":"Home","item":"https:\/\/www.visit-montenegro.com\/me\/pocetna\/"},{"@type":"ListItem","position":2,"name":"Vi\u0161e o Crnoj Gori","item":"https:\/\/www.visit-montenegro.com\/me\/crna-gora\/"},{"@type":"ListItem","position":3,"name":"Zanimljive \u010dinjenice o Crnoj Gori"}]},{"@type":"WebSite","@id":"https:\/\/www.visit-montenegro.com\/me\/#website","url":"https:\/\/www.visit-montenegro.com\/me\/","name":"Visit Montenegro","description":"Breathtaking beauty","publisher":{"@id":"https:\/\/www.visit-montenegro.com\/me\/#organization"},"potentialAction":[{"@type":"SearchAction","target":{"@type":"EntryPoint","urlTemplate":"https:\/\/www.visit-montenegro.com\/me\/?s={search_term_string}"},"query-input":{"@type":"PropertyValueSpecification","valueRequired":true,"valueName":"search_term_string"}}],"inLanguage":"sr-Latn-ME"},{"@type":"Organization","@id":"https:\/\/www.visit-montenegro.com\/me\/#organization","name":"Visit Montenegro","url":"https:\/\/www.visit-montenegro.com\/me\/","logo":{"@type":"ImageObject","inLanguage":"sr-Latn-ME","@id":"https:\/\/www.visit-montenegro.com\/me\/#\/schema\/logo\/image\/","url":"https:\/\/www.visit-montenegro.com\/wp-content\/uploads\/2017\/10\/logo-amp.png","contentUrl":"https:\/\/www.visit-montenegro.com\/wp-content\/uploads\/2017\/10\/logo-amp.png","width":190,"height":36,"caption":"Visit Montenegro"},"image":{"@id":"https:\/\/www.visit-montenegro.com\/me\/#\/schema\/logo\/image\/"},"sameAs":["https:\/\/www.facebook.com\/visitmontenegro","https:\/\/x.com\/visitmontenegro","https:\/\/www.instagram.com\/visit_montenegro\/","https:\/\/www.youtube.com\/user\/VisitMontenegro"]}]}},"translations":[],"_links":{"self":[{"href":"https:\/\/www.visit-montenegro.com\/me\/wp-json\/wp\/v2\/pages\/134411","targetHints":{"allow":["GET"]}}],"collection":[{"href":"https:\/\/www.visit-montenegro.com\/me\/wp-json\/wp\/v2\/pages"}],"about":[{"href":"https:\/\/www.visit-montenegro.com\/me\/wp-json\/wp\/v2\/types\/page"}],"author":[{"embeddable":true,"href":"https:\/\/www.visit-montenegro.com\/me\/wp-json\/wp\/v2\/users\/1"}],"replies":[{"embeddable":true,"href":"https:\/\/www.visit-montenegro.com\/me\/wp-json\/wp\/v2\/comments?post=134411"}],"version-history":[{"count":1,"href":"https:\/\/www.visit-montenegro.com\/me\/wp-json\/wp\/v2\/pages\/134411\/revisions"}],"predecessor-version":[{"id":139417,"href":"https:\/\/www.visit-montenegro.com\/me\/wp-json\/wp\/v2\/pages\/134411\/revisions\/139417"}],"up":[{"embeddable":true,"href":"https:\/\/www.visit-montenegro.com\/me\/wp-json\/wp\/v2\/pages\/133962"}],"wp:featuredmedia":[{"embeddable":true,"href":"https:\/\/www.visit-montenegro.com\/me\/wp-json\/wp\/v2\/media\/135068"}],"wp:attachment":[{"href":"https:\/\/www.visit-montenegro.com\/me\/wp-json\/wp\/v2\/media?parent=134411"}],"wp:term":[{"taxonomy":"post_tag","embeddable":true,"href":"https:\/\/www.visit-montenegro.com\/me\/wp-json\/wp\/v2\/tags?post=134411"}],"curies":[{"name":"wp","href":"https:\/\/api.w.org\/{rel}","templated":true}]}}