{"id":134428,"date":"2026-01-28T19:16:58","date_gmt":"2026-01-28T18:16:58","guid":{"rendered":"https:\/\/new.visit-montenegro.com\/crna-gora\/naucite-nas-jezik\/"},"modified":"2026-02-22T16:56:42","modified_gmt":"2026-02-22T15:56:42","slug":"naucite-nas-jezik","status":"publish","type":"page","link":"https:\/\/www.visit-montenegro.com\/me\/crna-gora\/naucite-nas-jezik\/","title":{"rendered":"Crnogorski jezik"},"content":{"rendered":"\n<p>Slu\u017ebeni jezik Crne Gore je <strong>crnogorski<\/strong>, koji je vrlo sli\u010dan srpskom. Mnogi stru\u010dnjaci isti\u010du da ga nije lako nau\u010diti, ali je bogat i lijep. Pomoci \u0107emo vam da nau\u010dite neke osnovne rije\u010di i fraze. Zaista, uskoro \u0107ete otkriti koliko je na\u0161 jezik lijep i zanimljiv. Mo\u017eda \u0107ete prilikom sljede\u0107e posjete naru\u010diti u restoranu na <strong>crnogorskom<\/strong>.<\/p>\n\n<hr class=\"wp-block-separator has-alpha-channel-opacity\"\/>\n\n<h2 class=\"wp-block-heading\">U\u010denje crnogorskog jezika<\/h2>\n\n<p>U Crnoj Gori, slu\u017ebeni jezik je <strong>crnogorski<\/strong>, koji je vrlo sli\u010dan srpskom. Mnogi stru\u010dnjaci ka\u017eu da na\u0161 jezik nije lako nau\u010diti, ali je vrlo &#8220;bogat&#8221; i lijep. Pomoci \u0107emo vam da nau\u010dite neke osnovne rije\u010di i fraze. U svakom slu\u010daju, vrlo brzo \u0107ete otkriti koliko je na\u0161 jezik lijep i zanimljiv. Mo\u017eda \u0107ete sljede\u0107i put kada stignete u Crnu Goru napraviti svoju prvu narud\u017ebu u nekom restoranu na <strong>crnogorskom<\/strong> jeziku, za\u0161to ne.<\/p>\n\n<h3 class=\"wp-block-heading\">Slova<\/h3>\n\n<p>Crnogorski jezik ima 32 slova: 5 samoglasnika (a, e, i, o, u i ponekad kao samoglasnik mo\u017ee se koristiti slovo r) i 27 suglasnika. U crnogorskoj fonetici svako slovo se izgovara ta\u010dno onako kako je napisano (ne mijenja se zavisno od susjednih slova).<\/p>\n\n<ol class=\"wp-block-list uk-list uk-column-1-4 uk-column-divider\">\n<li>A<\/li>\n\n\n\n<li>B<\/li>\n\n\n\n<li>C<\/li>\n\n\n\n<li>\u010c<\/li>\n\n\n\n<li>\u0106<\/li>\n\n\n\n<li>D<\/li>\n\n\n\n<li>D\u017e<\/li>\n\n\n\n<li>\u0110<\/li>\n\n\n\n<li>E<\/li>\n\n\n\n<li>F<\/li>\n\n\n\n<li>G<\/li>\n\n\n\n<li>H<\/li>\n\n\n\n<li>I<\/li>\n\n\n\n<li>J<\/li>\n\n\n\n<li>K<\/li>\n\n\n\n<li>L<\/li>\n\n\n\n<li>Lj<\/li>\n\n\n\n<li>M<\/li>\n\n\n\n<li>N<\/li>\n\n\n\n<li>Nj<\/li>\n\n\n\n<li>O<\/li>\n\n\n\n<li>P<\/li>\n\n\n\n<li>R<\/li>\n\n\n\n<li>S<\/li>\n\n\n\n<li>\u0160<\/li>\n\n\n\n<li>\u015a<\/li>\n\n\n\n<li>T<\/li>\n\n\n\n<li>U<\/li>\n\n\n\n<li>V<\/li>\n\n\n\n<li>Z<\/li>\n\n\n\n<li>\u017d<\/li>\n\n\n\n<li>\u0179<\/li>\n<\/ol>\n\n<h3 class=\"wp-block-heading\">Brojevi<\/h3>\n\n<ol class=\"wp-block-list uk-list uk-column-1-2 uk-column-1-3@s uk-column-divider\">\n<li>1 \u2013 jedan<\/li>\n\n\n\n<li>2 \u2013 dva<\/li>\n\n\n\n<li>3 \u2013 tri<\/li>\n\n\n\n<li>4 \u2013 \u010detiri<\/li>\n\n\n\n<li>5 \u2013 pet<\/li>\n\n\n\n<li>6 \u2013 \u0161est<\/li>\n\n\n\n<li>7 \u2013 sedam<\/li>\n\n\n\n<li>8 \u2013 osam<\/li>\n\n\n\n<li>9 \u2013 devet<\/li>\n\n\n\n<li>10 \u2013 deset<\/li>\n\n\n\n<li>11 \u2013 jedanaest<\/li>\n\n\n\n<li>12 \u2013 dvanaest<\/li>\n\n\n\n<li>13 \u2013 trinaest<\/li>\n\n\n\n<li>14 \u2013 \u010detrnaest<\/li>\n\n\n\n<li>15 \u2013 petnaest<\/li>\n\n\n\n<li>16 \u2013 \u0161esnaest<\/li>\n\n\n\n<li>17 \u2013 sedamnaest<\/li>\n\n\n\n<li>18 \u2013 osamnast<\/li>\n\n\n\n<li>19 \u2013 dvetnaest<\/li>\n\n\n\n<li>20 \u2013 dvadeset<\/li>\n\n\n\n<li>21 \u2013 dvadeset jedan<\/li>\n\n\n\n<li>22 \u2013 dvadeset dva<\/li>\n\n\n\n<li>30 \u2013 trideset<\/li>\n\n\n\n<li>31 \u2013 trideset jedan<\/li>\n\n\n\n<li>40 \u2013 \u010detrdeset<\/li>\n\n\n\n<li>50 \u2013 pedeset<\/li>\n\n\n\n<li>60 \u2013 \u0161ezdeset<\/li>\n\n\n\n<li>70 \u2013 sedamdeset<\/li>\n\n\n\n<li>80 \u2013 osamdeset<\/li>\n\n\n\n<li>90 \u2013 devedeset<\/li>\n\n\n\n<li>100 \u2013 sto<\/li>\n<\/ol>\n\n<h3 class=\"wp-block-heading\">Vremenski izrazi<\/h3>\n\n<ul class=\"wp-block-list uk-list uk-column-1-2@s uk-column-divider\">\n<li>Ju\u010de \u2013 Ju\u010de<\/li>\n\n\n\n<li>Danas \u2013 Danas<\/li>\n\n\n\n<li>Sjutra \u2013 Sjutra<\/li>\n\n\n\n<li>No\u0107as (Ve\u010deras) \u2013 Ve\u010deras<\/li>\n\n\n\n<li>Sino\u0107 \u2013 Sino\u0107<\/li>\n\n\n\n<li>Ujutro \u2013 Ujutro<\/li>\n\n\n\n<li>Popodne \u2013 Popodne<\/li>\n\n\n\n<li>Uve\u010de \u2013 Uve\u010de<\/li>\n\n\n\n<li>U podne \u2013 U podne<\/li>\n\n\n\n<li>U pono\u0107 \u2013 U pono\u0107<\/li>\n\n\n\n<li>U zoru \u2013 U zoru<\/li>\n\n\n\n<li>Prije dva dana \u2013 Prije dva dana<\/li>\n\n\n\n<li>U toku dana \u2013 U toku dana<\/li>\n\n\n\n<li>Za dva dana \u2013 Za dva dana<\/li>\n\n\n\n<li>Sjutra ujutro \u2013 Sjutra ujutro<\/li>\n\n\n\n<li>Sjutra ve\u010de \u2013 Sjutra ve\u010de<\/li>\n\n\n\n<li>Ju\u010de ujutro \u2013 Ju\u010de ujutro<\/li>\n\n\n\n<li>Sino\u0107 \u2013 Sino\u0107<\/li>\n<\/ul>\n\n<h3 class=\"wp-block-heading\">Dani u nedjelji<\/h3>\n\n<ul class=\"wp-block-list uk-list uk-column-1-2@s uk-column-divider\">\n<li>Ponedjeljak \u2013 Ponedjeljak<\/li>\n\n\n\n<li>Utorak \u2013 Utorak<\/li>\n\n\n\n<li>Srijeda \u2013 Srijeda<\/li>\n\n\n\n<li>\u010cetvrtak \u2013 \u010cetvrtak<\/li>\n\n\n\n<li>Petak \u2013 Petak<\/li>\n\n\n\n<li>Subota \u2013 Subota<\/li>\n\n\n\n<li>Nedjelja \u2013 Nedjelja<\/li>\n<\/ul>\n\n<h3 class=\"wp-block-heading\">Mjeseci u godini<\/h3>\n\n<ul class=\"wp-block-list uk-list uk-column-1-2@s uk-column-divider\">\n<li>Januar \u2013 Januar<\/li>\n\n\n\n<li>Februar \u2013 Februar<\/li>\n\n\n\n<li>Mart \u2013 Mart<\/li>\n\n\n\n<li>April \u2013 April<\/li>\n\n\n\n<li>Maj \u2013 Maj<\/li>\n\n\n\n<li>Jun \u2013 Jun<\/li>\n\n\n\n<li>Jul \u2013 Jul<\/li>\n\n\n\n<li>Avgust \u2013 Avgust<\/li>\n\n\n\n<li>Septembar \u2013 Septembar<\/li>\n\n\n\n<li>Oktobar \u2013 Oktobar<\/li>\n\n\n\n<li>Novembar \u2013 Novembar<\/li>\n\n\n\n<li>Decembar \u2013 Decembar<\/li>\n<\/ul>\n\n<h3 class=\"wp-block-heading\">Godi\u0161nja doba<\/h3>\n\n<ul class=\"wp-block-list uk-list uk-column-1-2@s uk-column-divider\">\n<li>Prolje\u0107e \u2013 Prolje\u0107e<\/li>\n\n\n\n<li>Ljeto \u2013 Ljeto<\/li>\n\n\n\n<li>Jesen \u2013 Jesen<\/li>\n\n\n\n<li>Zima \u2013 Zima<\/li>\n<\/ul>\n","protected":false},"excerpt":{"rendered":"<p>Otkrijte ljepotu crnogorskog jezika, slu\u017ebenog jezika Crne Gore. Nau\u010dite osnovne rije\u010di, slova i fraze kako biste pobolj\u0161ali svoje putovanje i povezali se s lokalnom kulturom.<\/p>\n","protected":false},"author":1,"featured_media":134429,"parent":133962,"menu_order":0,"comment_status":"open","ping_status":"open","template":"","meta":{"_yoast_wpseo_focuskw":"Crnogorski jezik","_yoast_wpseo_metadesc":"Istra\u017eite crnogorski jezik: slu\u017ebeni, bogat i lijep. Nau\u010dite osnovne rije\u010di, slova i fraze kako biste obogatili svoj put u Crnoj Gori i povezali se s lokalnim stanovni\u0161tvom.","_kad_post_transparent":"","_kad_post_title":"","_kad_post_layout":"","_kad_post_sidebar_id":"","_kad_post_content_style":"","_kad_post_vertical_padding":"","_kad_post_feature":"","_kad_post_feature_position":"","_kad_post_header":false,"_kad_post_footer":false,"_kad_post_classname":"","iawp_total_views":18,"footnotes":""},"tags":[],"class_list":["post-134428","page","type-page","status-publish","has-post-thumbnail","hentry"],"yoast_head":"<!-- This site is optimized with the Yoast SEO plugin v27.3 - https:\/\/yoast.com\/product\/yoast-seo-wordpress\/ -->\n<title>Crnogorski jezik - Visit Montenegro<\/title>\n<meta name=\"description\" content=\"Istra\u017eite crnogorski jezik: slu\u017ebeni, bogat i lijep. Nau\u010dite osnovne rije\u010di, slova i fraze kako biste obogatili svoj put u Crnoj Gori i povezali se s lokalnim stanovni\u0161tvom.\" \/>\n<meta name=\"robots\" content=\"index, follow, max-snippet:-1, max-image-preview:large, max-video-preview:-1\" \/>\n<link rel=\"canonical\" href=\"https:\/\/www.visit-montenegro.com\/me\/crna-gora\/naucite-nas-jezik\/\" \/>\n<meta property=\"og:locale\" content=\"en_US\" \/>\n<meta property=\"og:type\" content=\"article\" \/>\n<meta property=\"og:title\" content=\"Crnogorski jezik - Visit Montenegro\" \/>\n<meta property=\"og:description\" content=\"Istra\u017eite crnogorski jezik: slu\u017ebeni, bogat i lijep. Nau\u010dite osnovne rije\u010di, slova i fraze kako biste obogatili svoj put u Crnoj Gori i povezali se s lokalnim stanovni\u0161tvom.\" \/>\n<meta property=\"og:url\" content=\"https:\/\/www.visit-montenegro.com\/me\/crna-gora\/naucite-nas-jezik\/\" \/>\n<meta property=\"og:site_name\" content=\"Visit Montenegro\" \/>\n<meta property=\"article:publisher\" content=\"https:\/\/www.facebook.com\/visitmontenegro\" \/>\n<meta property=\"article:modified_time\" content=\"2026-02-22T15:56:42+00:00\" \/>\n<meta property=\"og:image\" content=\"https:\/\/www.visit-montenegro.com\/wp-content\/uploads\/2026\/02\/montenegro-flag.png\" \/>\n\t<meta property=\"og:image:width\" content=\"1600\" \/>\n\t<meta property=\"og:image:height\" content=\"800\" \/>\n\t<meta property=\"og:image:type\" content=\"image\/png\" \/>\n<meta name=\"twitter:card\" content=\"summary_large_image\" \/>\n<meta name=\"twitter:site\" content=\"@visitmontenegro\" \/>\n<meta name=\"twitter:label1\" content=\"Est. reading time\" \/>\n\t<meta name=\"twitter:data1\" content=\"2 minutes\" \/>\n<script type=\"application\/ld+json\" class=\"yoast-schema-graph\">{\"@context\":\"https:\\\/\\\/schema.org\",\"@graph\":[{\"@type\":\"WebPage\",\"@id\":\"https:\\\/\\\/www.visit-montenegro.com\\\/me\\\/crna-gora\\\/naucite-nas-jezik\\\/\",\"url\":\"https:\\\/\\\/www.visit-montenegro.com\\\/me\\\/crna-gora\\\/naucite-nas-jezik\\\/\",\"name\":\"Crnogorski jezik - Visit Montenegro\",\"isPartOf\":{\"@id\":\"https:\\\/\\\/www.visit-montenegro.com\\\/me\\\/#website\"},\"primaryImageOfPage\":{\"@id\":\"https:\\\/\\\/www.visit-montenegro.com\\\/me\\\/crna-gora\\\/naucite-nas-jezik\\\/#primaryimage\"},\"image\":{\"@id\":\"https:\\\/\\\/www.visit-montenegro.com\\\/me\\\/crna-gora\\\/naucite-nas-jezik\\\/#primaryimage\"},\"thumbnailUrl\":\"https:\\\/\\\/www.visit-montenegro.com\\\/wp-content\\\/uploads\\\/2026\\\/02\\\/montenegro-flag.png\",\"datePublished\":\"2026-01-28T18:16:58+00:00\",\"dateModified\":\"2026-02-22T15:56:42+00:00\",\"description\":\"Istra\u017eite crnogorski jezik: slu\u017ebeni, bogat i lijep. Nau\u010dite osnovne rije\u010di, slova i fraze kako biste obogatili svoj put u Crnoj Gori i povezali se s lokalnim stanovni\u0161tvom.\",\"breadcrumb\":{\"@id\":\"https:\\\/\\\/www.visit-montenegro.com\\\/me\\\/crna-gora\\\/naucite-nas-jezik\\\/#breadcrumb\"},\"inLanguage\":\"sr-Latn-ME\",\"potentialAction\":[{\"@type\":\"ReadAction\",\"target\":[\"https:\\\/\\\/www.visit-montenegro.com\\\/me\\\/crna-gora\\\/naucite-nas-jezik\\\/\"]}]},{\"@type\":\"ImageObject\",\"inLanguage\":\"sr-Latn-ME\",\"@id\":\"https:\\\/\\\/www.visit-montenegro.com\\\/me\\\/crna-gora\\\/naucite-nas-jezik\\\/#primaryimage\",\"url\":\"https:\\\/\\\/www.visit-montenegro.com\\\/wp-content\\\/uploads\\\/2026\\\/02\\\/montenegro-flag.png\",\"contentUrl\":\"https:\\\/\\\/www.visit-montenegro.com\\\/wp-content\\\/uploads\\\/2026\\\/02\\\/montenegro-flag.png\",\"width\":1600,\"height\":800},{\"@type\":\"BreadcrumbList\",\"@id\":\"https:\\\/\\\/www.visit-montenegro.com\\\/me\\\/crna-gora\\\/naucite-nas-jezik\\\/#breadcrumb\",\"itemListElement\":[{\"@type\":\"ListItem\",\"position\":1,\"name\":\"Home\",\"item\":\"https:\\\/\\\/www.visit-montenegro.com\\\/me\\\/pocetna\\\/\"},{\"@type\":\"ListItem\",\"position\":2,\"name\":\"Vi\u0161e o Crnoj Gori\",\"item\":\"https:\\\/\\\/www.visit-montenegro.com\\\/me\\\/crna-gora\\\/\"},{\"@type\":\"ListItem\",\"position\":3,\"name\":\"Crnogorski jezik\"}]},{\"@type\":\"WebSite\",\"@id\":\"https:\\\/\\\/www.visit-montenegro.com\\\/me\\\/#website\",\"url\":\"https:\\\/\\\/www.visit-montenegro.com\\\/me\\\/\",\"name\":\"Visit Montenegro\",\"description\":\"Breathtaking beauty\",\"publisher\":{\"@id\":\"https:\\\/\\\/www.visit-montenegro.com\\\/me\\\/#organization\"},\"potentialAction\":[{\"@type\":\"SearchAction\",\"target\":{\"@type\":\"EntryPoint\",\"urlTemplate\":\"https:\\\/\\\/www.visit-montenegro.com\\\/me\\\/?s={search_term_string}\"},\"query-input\":{\"@type\":\"PropertyValueSpecification\",\"valueRequired\":true,\"valueName\":\"search_term_string\"}}],\"inLanguage\":\"sr-Latn-ME\"},{\"@type\":\"Organization\",\"@id\":\"https:\\\/\\\/www.visit-montenegro.com\\\/me\\\/#organization\",\"name\":\"Visit Montenegro\",\"url\":\"https:\\\/\\\/www.visit-montenegro.com\\\/me\\\/\",\"logo\":{\"@type\":\"ImageObject\",\"inLanguage\":\"sr-Latn-ME\",\"@id\":\"https:\\\/\\\/www.visit-montenegro.com\\\/me\\\/#\\\/schema\\\/logo\\\/image\\\/\",\"url\":\"https:\\\/\\\/www.visit-montenegro.com\\\/wp-content\\\/uploads\\\/2017\\\/10\\\/logo-amp.png\",\"contentUrl\":\"https:\\\/\\\/www.visit-montenegro.com\\\/wp-content\\\/uploads\\\/2017\\\/10\\\/logo-amp.png\",\"width\":190,\"height\":36,\"caption\":\"Visit Montenegro\"},\"image\":{\"@id\":\"https:\\\/\\\/www.visit-montenegro.com\\\/me\\\/#\\\/schema\\\/logo\\\/image\\\/\"},\"sameAs\":[\"https:\\\/\\\/www.facebook.com\\\/visitmontenegro\",\"https:\\\/\\\/x.com\\\/visitmontenegro\",\"https:\\\/\\\/www.instagram.com\\\/visit_montenegro\\\/\",\"https:\\\/\\\/www.youtube.com\\\/user\\\/VisitMontenegro\"]}]}<\/script>\n<!-- \/ Yoast SEO plugin. -->","yoast_head_json":{"title":"Crnogorski jezik - Visit Montenegro","description":"Istra\u017eite crnogorski jezik: slu\u017ebeni, bogat i lijep. Nau\u010dite osnovne rije\u010di, slova i fraze kako biste obogatili svoj put u Crnoj Gori i povezali se s lokalnim stanovni\u0161tvom.","robots":{"index":"index","follow":"follow","max-snippet":"max-snippet:-1","max-image-preview":"max-image-preview:large","max-video-preview":"max-video-preview:-1"},"canonical":"https:\/\/www.visit-montenegro.com\/me\/crna-gora\/naucite-nas-jezik\/","og_locale":"en_US","og_type":"article","og_title":"Crnogorski jezik - Visit Montenegro","og_description":"Istra\u017eite crnogorski jezik: slu\u017ebeni, bogat i lijep. Nau\u010dite osnovne rije\u010di, slova i fraze kako biste obogatili svoj put u Crnoj Gori i povezali se s lokalnim stanovni\u0161tvom.","og_url":"https:\/\/www.visit-montenegro.com\/me\/crna-gora\/naucite-nas-jezik\/","og_site_name":"Visit Montenegro","article_publisher":"https:\/\/www.facebook.com\/visitmontenegro","article_modified_time":"2026-02-22T15:56:42+00:00","og_image":[{"width":1600,"height":800,"url":"https:\/\/www.visit-montenegro.com\/wp-content\/uploads\/2026\/02\/montenegro-flag.png","type":"image\/png"}],"twitter_card":"summary_large_image","twitter_site":"@visitmontenegro","twitter_misc":{"Est. reading time":"2 minutes"},"schema":{"@context":"https:\/\/schema.org","@graph":[{"@type":"WebPage","@id":"https:\/\/www.visit-montenegro.com\/me\/crna-gora\/naucite-nas-jezik\/","url":"https:\/\/www.visit-montenegro.com\/me\/crna-gora\/naucite-nas-jezik\/","name":"Crnogorski jezik - Visit Montenegro","isPartOf":{"@id":"https:\/\/www.visit-montenegro.com\/me\/#website"},"primaryImageOfPage":{"@id":"https:\/\/www.visit-montenegro.com\/me\/crna-gora\/naucite-nas-jezik\/#primaryimage"},"image":{"@id":"https:\/\/www.visit-montenegro.com\/me\/crna-gora\/naucite-nas-jezik\/#primaryimage"},"thumbnailUrl":"https:\/\/www.visit-montenegro.com\/wp-content\/uploads\/2026\/02\/montenegro-flag.png","datePublished":"2026-01-28T18:16:58+00:00","dateModified":"2026-02-22T15:56:42+00:00","description":"Istra\u017eite crnogorski jezik: slu\u017ebeni, bogat i lijep. Nau\u010dite osnovne rije\u010di, slova i fraze kako biste obogatili svoj put u Crnoj Gori i povezali se s lokalnim stanovni\u0161tvom.","breadcrumb":{"@id":"https:\/\/www.visit-montenegro.com\/me\/crna-gora\/naucite-nas-jezik\/#breadcrumb"},"inLanguage":"sr-Latn-ME","potentialAction":[{"@type":"ReadAction","target":["https:\/\/www.visit-montenegro.com\/me\/crna-gora\/naucite-nas-jezik\/"]}]},{"@type":"ImageObject","inLanguage":"sr-Latn-ME","@id":"https:\/\/www.visit-montenegro.com\/me\/crna-gora\/naucite-nas-jezik\/#primaryimage","url":"https:\/\/www.visit-montenegro.com\/wp-content\/uploads\/2026\/02\/montenegro-flag.png","contentUrl":"https:\/\/www.visit-montenegro.com\/wp-content\/uploads\/2026\/02\/montenegro-flag.png","width":1600,"height":800},{"@type":"BreadcrumbList","@id":"https:\/\/www.visit-montenegro.com\/me\/crna-gora\/naucite-nas-jezik\/#breadcrumb","itemListElement":[{"@type":"ListItem","position":1,"name":"Home","item":"https:\/\/www.visit-montenegro.com\/me\/pocetna\/"},{"@type":"ListItem","position":2,"name":"Vi\u0161e o Crnoj Gori","item":"https:\/\/www.visit-montenegro.com\/me\/crna-gora\/"},{"@type":"ListItem","position":3,"name":"Crnogorski jezik"}]},{"@type":"WebSite","@id":"https:\/\/www.visit-montenegro.com\/me\/#website","url":"https:\/\/www.visit-montenegro.com\/me\/","name":"Visit Montenegro","description":"Breathtaking beauty","publisher":{"@id":"https:\/\/www.visit-montenegro.com\/me\/#organization"},"potentialAction":[{"@type":"SearchAction","target":{"@type":"EntryPoint","urlTemplate":"https:\/\/www.visit-montenegro.com\/me\/?s={search_term_string}"},"query-input":{"@type":"PropertyValueSpecification","valueRequired":true,"valueName":"search_term_string"}}],"inLanguage":"sr-Latn-ME"},{"@type":"Organization","@id":"https:\/\/www.visit-montenegro.com\/me\/#organization","name":"Visit Montenegro","url":"https:\/\/www.visit-montenegro.com\/me\/","logo":{"@type":"ImageObject","inLanguage":"sr-Latn-ME","@id":"https:\/\/www.visit-montenegro.com\/me\/#\/schema\/logo\/image\/","url":"https:\/\/www.visit-montenegro.com\/wp-content\/uploads\/2017\/10\/logo-amp.png","contentUrl":"https:\/\/www.visit-montenegro.com\/wp-content\/uploads\/2017\/10\/logo-amp.png","width":190,"height":36,"caption":"Visit Montenegro"},"image":{"@id":"https:\/\/www.visit-montenegro.com\/me\/#\/schema\/logo\/image\/"},"sameAs":["https:\/\/www.facebook.com\/visitmontenegro","https:\/\/x.com\/visitmontenegro","https:\/\/www.instagram.com\/visit_montenegro\/","https:\/\/www.youtube.com\/user\/VisitMontenegro"]}]}},"translations":[],"_links":{"self":[{"href":"https:\/\/www.visit-montenegro.com\/me\/wp-json\/wp\/v2\/pages\/134428","targetHints":{"allow":["GET"]}}],"collection":[{"href":"https:\/\/www.visit-montenegro.com\/me\/wp-json\/wp\/v2\/pages"}],"about":[{"href":"https:\/\/www.visit-montenegro.com\/me\/wp-json\/wp\/v2\/types\/page"}],"author":[{"embeddable":true,"href":"https:\/\/www.visit-montenegro.com\/me\/wp-json\/wp\/v2\/users\/1"}],"replies":[{"embeddable":true,"href":"https:\/\/www.visit-montenegro.com\/me\/wp-json\/wp\/v2\/comments?post=134428"}],"version-history":[{"count":0,"href":"https:\/\/www.visit-montenegro.com\/me\/wp-json\/wp\/v2\/pages\/134428\/revisions"}],"up":[{"embeddable":true,"href":"https:\/\/www.visit-montenegro.com\/me\/wp-json\/wp\/v2\/pages\/133962"}],"wp:featuredmedia":[{"embeddable":true,"href":"https:\/\/www.visit-montenegro.com\/me\/wp-json\/wp\/v2\/media\/134429"}],"wp:attachment":[{"href":"https:\/\/www.visit-montenegro.com\/me\/wp-json\/wp\/v2\/media?parent=134428"}],"wp:term":[{"taxonomy":"post_tag","embeddable":true,"href":"https:\/\/www.visit-montenegro.com\/me\/wp-json\/wp\/v2\/tags?post=134428"}],"curies":[{"name":"wp","href":"https:\/\/api.w.org\/{rel}","templated":true}]}}