{"id":134439,"date":"2026-01-28T19:16:58","date_gmt":"2026-01-28T18:16:58","guid":{"rendered":"https:\/\/new.visit-montenegro.com\/crna-gora\/kultura\/"},"modified":"2026-02-22T16:56:42","modified_gmt":"2026-02-22T15:56:42","slug":"kultura","status":"publish","type":"page","link":"https:\/\/www.visit-montenegro.com\/me\/crna-gora\/kultura\/","title":{"rendered":"Kultura Crne Gore"},"content":{"rendered":"\n<p><strong>Kultura Crne Gore<\/strong> je bogata tapiserija ispletena od vijekova umjetni\u010dkog, duhovnog i knji\u017eevnog naslije\u0111a, slavljena kroz galerije, festivale i UNESCO lokacije koje prikazuju duboko po\u0161tovanje nacije prema umjetnosti.<\/p>\n\n<hr class=\"wp-block-separator has-alpha-channel-opacity\"\/>\n\n<h2 class=\"wp-block-heading\">Istorijsko i umjetni\u010dko naslije\u0111e<\/h2>\n\n<p>Odnos Crnogoraca prema <strong>kulturi Crne Gore<\/strong> i umjetnosti najbolje je opisan poznatom slikom Jaroslava \u010cermaka &#8220;Premje\u0161tanje slika iz Cetinjskog dvora&#8221;, u kojoj Crnogorci spa\u0161avaju slike dok se povla\u010de pred turskom vojskom. Brojne galerije, pozori\u0161ta, festivali i drugi kulturni doga\u0111aji pokazuju da crnogorski narod pridaje veliku pa\u017enju kulturi.<\/p>\n\n<p>Raznolikost perioda koji su se smjenjivali u ovom regionu ostavila je tragove na mnogim lokalitetima u Crnoj Gori. Od paleolita preko bronzanog doba sve do renesanse i baroka, <strong>kultura Crne Gore<\/strong> oboga\u0107ena je kulturnim naslije\u0111em. Posljedi\u010dno, visoka koncentracija umjetni\u010dkog i kulturnog bogatstva prepoznata je u <a href=\"https:\/\/www.visit-montenegro.com\/me\/destinacije\/kotor\/\">Boki Kotorskoj<\/a>, pa je grad <strong><a href=\"https:\/\/www.visit-montenegro.com\/me\/destinacije\/kotor\/\">Kotor<\/a> uvr\u0161ten na UNESCO listu kulturnog naslije\u0111a.<\/strong><\/p>\n\n<h2 class=\"wp-block-heading\">Duhovni i knji\u017eevni doprinosi<\/h2>\n\n<p>Manastiri rasuti \u0161irom Crne Gore, od vizantijskog perioda do modernog doba, otkrivaju duhovno bogatstvo <strong>kulture Crne Gore<\/strong>. Svaki ima svoj jedinstveni na\u010din da o\u010dara posjetioce. Jedan od njih je <strong><a href=\"https:\/\/www.visit-montenegro.com\/me\/manastir-ostrog\/\">Manastir Ostrog<\/a><\/strong> koji privla\u010di ljude iz cijelog svijeta svojom izuzetnom duhovnom snagom i jedinstvenom ambijentom. Uklesan u visoke stijene, veoma je va\u017ean kao duhovni i istorijski centar Crne Gore.<\/p>\n\n<figure class=\"wp-block-image size-large\"><a href=\"https:\/\/www.visit-montenegro.com\/me\/manastir-ostrog\/\"><img decoding=\"async\" width=\"1920\" height=\"1280\" alt=\"Manastir Ostrog\" sizes=\"auto, (min-width: 640px) 600px, calc(100vw - 30px)\" loading=\"lazy\" src=\"https:\/\/placehold.co\/800x600\"\/><\/a><figcaption class=\"wp-element-caption\">Manastir <a href=\"https:\/\/www.visit-montenegro.com\/me\/destinacije\/niksic\/atrakcije\/ostrog\/\">Ostrog<\/a><\/figcaption><\/figure>\n\n<p>\u0160tampana rije\u010d u Crnoj Gori se\u017ee daleko u istoriju. Trideset osam godina nakon Gutenbergove Biblije, 1493. godine, prva \u0161tamparija na Balkanu zapo\u010dela je s radom. Godinu dana kasnije \u0161tampana je prva knjiga \u2013 Oktoih. Sve ovo bilo je preduslov za budu\u0107i razvoj knji\u017eevnosti u <strong>kulturi Crne Gore<\/strong>. Kroz Andriju Zmajevi\u0107a, baroknog pjesnika i teologa, Petra I, i <strong>Petra II Petrovi\u0107a Njego\u0161a<\/strong>, jednog od najpoznatijih crnogorskih filozofa i dr\u017eavnika, kao i Marka Miljanova i Stefana Mitrova Ljubi\u0161u, crnogorska knji\u017eevnost postala je poznata \u0161irom svijeta.<\/p>\n\n<h2 class=\"wp-block-heading\">Moderni umjetni\u010dki uticaj<\/h2>\n\n<p>Slikari su dali veliki doprinos uspjehu <strong>kulture Crne Gore<\/strong> u svijetu. Odlaze\u0107i u druge dijelove svijeta, ponijeli su crnogorsku du\u0161u sa sobom i prenijeli je drugima kroz svoja umjetni\u010dka djela, \u010dime su o\u010darali svijet.<\/p>\n\n<p>Milo Milunovi\u0107, Petar Lubarda i Dado \u0110uri\u0107 samo su neki od umjetnika koji su predstavili Crnu Goru na me\u0111unarodnom nivou na najbolji mogu\u0107i na\u010din.<\/p>\n","protected":false},"excerpt":{"rendered":"<p>Istra\u017eite bogatu tapiseriju kulture Crne Gore, od drevnih manastira i UNESCO lokacija do knji\u017eevnih velikana i modernih umjetnika. Otkrijte kako vijekovno naslije\u0111e oblikuje umjetni\u010dki i duhovni identitet ove \u017eivopisne nacije.<\/p>\n","protected":false},"author":1,"featured_media":134440,"parent":133962,"menu_order":0,"comment_status":"open","ping_status":"open","template":"","meta":{"_yoast_wpseo_focuskw":"Kultura Crne Gore","_yoast_wpseo_metadesc":"Otkrijte kulturu Crne Gore kroz UNESCO lokacije, duhovne manastire, knji\u017eevnu istoriju i umjetni\u010dko naslije\u0111e. Planirajte svoj put da istra\u017eite ovo \u017eivopisno naslije\u0111e.","_kad_post_transparent":"","_kad_post_title":"","_kad_post_layout":"","_kad_post_sidebar_id":"","_kad_post_content_style":"","_kad_post_vertical_padding":"","_kad_post_feature":"","_kad_post_feature_position":"","_kad_post_header":false,"_kad_post_footer":false,"_kad_post_classname":"","iawp_total_views":8,"footnotes":""},"tags":[],"class_list":["post-134439","page","type-page","status-publish","has-post-thumbnail","hentry"],"yoast_head":"<!-- This site is optimized with the Yoast SEO plugin v27.3 - https:\/\/yoast.com\/product\/yoast-seo-wordpress\/ -->\n<title>Kultura Crne Gore - Visit Montenegro<\/title>\n<meta name=\"description\" content=\"Otkrijte kulturu Crne Gore kroz UNESCO lokacije, duhovne manastire, knji\u017eevnu istoriju i umjetni\u010dko naslije\u0111e. Planirajte svoj put da istra\u017eite ovo \u017eivopisno naslije\u0111e.\" \/>\n<meta name=\"robots\" content=\"index, follow, max-snippet:-1, max-image-preview:large, max-video-preview:-1\" \/>\n<link rel=\"canonical\" href=\"https:\/\/www.visit-montenegro.com\/me\/crna-gora\/kultura\/\" \/>\n<meta property=\"og:locale\" content=\"en_US\" \/>\n<meta property=\"og:type\" content=\"article\" \/>\n<meta property=\"og:title\" content=\"Kultura Crne Gore - Visit Montenegro\" \/>\n<meta property=\"og:description\" content=\"Otkrijte kulturu Crne Gore kroz UNESCO lokacije, duhovne manastire, knji\u017eevnu istoriju i umjetni\u010dko naslije\u0111e. Planirajte svoj put da istra\u017eite ovo \u017eivopisno naslije\u0111e.\" \/>\n<meta property=\"og:url\" content=\"https:\/\/www.visit-montenegro.com\/me\/crna-gora\/kultura\/\" \/>\n<meta property=\"og:site_name\" content=\"Visit Montenegro\" \/>\n<meta property=\"article:publisher\" content=\"https:\/\/www.facebook.com\/visitmontenegro\" \/>\n<meta property=\"article:modified_time\" content=\"2026-02-22T15:56:42+00:00\" \/>\n<meta property=\"og:image\" content=\"https:\/\/www.visit-montenegro.com\/wp-content\/uploads\/2026\/01\/lovcen-mausoleum-njegos-scaled.jpg\" \/>\n\t<meta property=\"og:image:width\" content=\"1600\" \/>\n\t<meta property=\"og:image:height\" content=\"1200\" \/>\n\t<meta property=\"og:image:type\" content=\"image\/jpeg\" \/>\n<meta name=\"twitter:card\" content=\"summary_large_image\" \/>\n<meta name=\"twitter:site\" content=\"@visitmontenegro\" \/>\n<meta name=\"twitter:label1\" content=\"Est. reading time\" \/>\n\t<meta name=\"twitter:data1\" content=\"2 minutes\" \/>\n<script type=\"application\/ld+json\" class=\"yoast-schema-graph\">{\"@context\":\"https:\\\/\\\/schema.org\",\"@graph\":[{\"@type\":\"WebPage\",\"@id\":\"https:\\\/\\\/www.visit-montenegro.com\\\/me\\\/crna-gora\\\/kultura\\\/\",\"url\":\"https:\\\/\\\/www.visit-montenegro.com\\\/me\\\/crna-gora\\\/kultura\\\/\",\"name\":\"Kultura Crne Gore - Visit Montenegro\",\"isPartOf\":{\"@id\":\"https:\\\/\\\/www.visit-montenegro.com\\\/me\\\/#website\"},\"primaryImageOfPage\":{\"@id\":\"https:\\\/\\\/www.visit-montenegro.com\\\/me\\\/crna-gora\\\/kultura\\\/#primaryimage\"},\"image\":{\"@id\":\"https:\\\/\\\/www.visit-montenegro.com\\\/me\\\/crna-gora\\\/kultura\\\/#primaryimage\"},\"thumbnailUrl\":\"https:\\\/\\\/www.visit-montenegro.com\\\/wp-content\\\/uploads\\\/2026\\\/01\\\/lovcen-mausoleum-njegos-scaled.jpg\",\"datePublished\":\"2026-01-28T18:16:58+00:00\",\"dateModified\":\"2026-02-22T15:56:42+00:00\",\"description\":\"Otkrijte kulturu Crne Gore kroz UNESCO lokacije, duhovne manastire, knji\u017eevnu istoriju i umjetni\u010dko naslije\u0111e. Planirajte svoj put da istra\u017eite ovo \u017eivopisno naslije\u0111e.\",\"breadcrumb\":{\"@id\":\"https:\\\/\\\/www.visit-montenegro.com\\\/me\\\/crna-gora\\\/kultura\\\/#breadcrumb\"},\"inLanguage\":\"sr-Latn-ME\",\"potentialAction\":[{\"@type\":\"ReadAction\",\"target\":[\"https:\\\/\\\/www.visit-montenegro.com\\\/me\\\/crna-gora\\\/kultura\\\/\"]}]},{\"@type\":\"ImageObject\",\"inLanguage\":\"sr-Latn-ME\",\"@id\":\"https:\\\/\\\/www.visit-montenegro.com\\\/me\\\/crna-gora\\\/kultura\\\/#primaryimage\",\"url\":\"https:\\\/\\\/www.visit-montenegro.com\\\/wp-content\\\/uploads\\\/2026\\\/01\\\/lovcen-mausoleum-njegos-scaled.jpg\",\"contentUrl\":\"https:\\\/\\\/www.visit-montenegro.com\\\/wp-content\\\/uploads\\\/2026\\\/01\\\/lovcen-mausoleum-njegos-scaled.jpg\",\"width\":1600,\"height\":1200,\"caption\":\"Mauzolej Nacionalnog parka Lov\u0107en, Crna Gora\"},{\"@type\":\"BreadcrumbList\",\"@id\":\"https:\\\/\\\/www.visit-montenegro.com\\\/me\\\/crna-gora\\\/kultura\\\/#breadcrumb\",\"itemListElement\":[{\"@type\":\"ListItem\",\"position\":1,\"name\":\"Home\",\"item\":\"https:\\\/\\\/www.visit-montenegro.com\\\/me\\\/pocetna\\\/\"},{\"@type\":\"ListItem\",\"position\":2,\"name\":\"Vi\u0161e o Crnoj Gori\",\"item\":\"https:\\\/\\\/www.visit-montenegro.com\\\/me\\\/crna-gora\\\/\"},{\"@type\":\"ListItem\",\"position\":3,\"name\":\"Kultura Crne Gore\"}]},{\"@type\":\"WebSite\",\"@id\":\"https:\\\/\\\/www.visit-montenegro.com\\\/me\\\/#website\",\"url\":\"https:\\\/\\\/www.visit-montenegro.com\\\/me\\\/\",\"name\":\"Visit Montenegro\",\"description\":\"Breathtaking beauty\",\"publisher\":{\"@id\":\"https:\\\/\\\/www.visit-montenegro.com\\\/me\\\/#organization\"},\"potentialAction\":[{\"@type\":\"SearchAction\",\"target\":{\"@type\":\"EntryPoint\",\"urlTemplate\":\"https:\\\/\\\/www.visit-montenegro.com\\\/me\\\/?s={search_term_string}\"},\"query-input\":{\"@type\":\"PropertyValueSpecification\",\"valueRequired\":true,\"valueName\":\"search_term_string\"}}],\"inLanguage\":\"sr-Latn-ME\"},{\"@type\":\"Organization\",\"@id\":\"https:\\\/\\\/www.visit-montenegro.com\\\/me\\\/#organization\",\"name\":\"Visit Montenegro\",\"url\":\"https:\\\/\\\/www.visit-montenegro.com\\\/me\\\/\",\"logo\":{\"@type\":\"ImageObject\",\"inLanguage\":\"sr-Latn-ME\",\"@id\":\"https:\\\/\\\/www.visit-montenegro.com\\\/me\\\/#\\\/schema\\\/logo\\\/image\\\/\",\"url\":\"https:\\\/\\\/www.visit-montenegro.com\\\/wp-content\\\/uploads\\\/2017\\\/10\\\/logo-amp.png\",\"contentUrl\":\"https:\\\/\\\/www.visit-montenegro.com\\\/wp-content\\\/uploads\\\/2017\\\/10\\\/logo-amp.png\",\"width\":190,\"height\":36,\"caption\":\"Visit Montenegro\"},\"image\":{\"@id\":\"https:\\\/\\\/www.visit-montenegro.com\\\/me\\\/#\\\/schema\\\/logo\\\/image\\\/\"},\"sameAs\":[\"https:\\\/\\\/www.facebook.com\\\/visitmontenegro\",\"https:\\\/\\\/x.com\\\/visitmontenegro\",\"https:\\\/\\\/www.instagram.com\\\/visit_montenegro\\\/\",\"https:\\\/\\\/www.youtube.com\\\/user\\\/VisitMontenegro\"]}]}<\/script>\n<!-- \/ Yoast SEO plugin. -->","yoast_head_json":{"title":"Kultura Crne Gore - Visit Montenegro","description":"Otkrijte kulturu Crne Gore kroz UNESCO lokacije, duhovne manastire, knji\u017eevnu istoriju i umjetni\u010dko naslije\u0111e. Planirajte svoj put da istra\u017eite ovo \u017eivopisno naslije\u0111e.","robots":{"index":"index","follow":"follow","max-snippet":"max-snippet:-1","max-image-preview":"max-image-preview:large","max-video-preview":"max-video-preview:-1"},"canonical":"https:\/\/www.visit-montenegro.com\/me\/crna-gora\/kultura\/","og_locale":"en_US","og_type":"article","og_title":"Kultura Crne Gore - Visit Montenegro","og_description":"Otkrijte kulturu Crne Gore kroz UNESCO lokacije, duhovne manastire, knji\u017eevnu istoriju i umjetni\u010dko naslije\u0111e. Planirajte svoj put da istra\u017eite ovo \u017eivopisno naslije\u0111e.","og_url":"https:\/\/www.visit-montenegro.com\/me\/crna-gora\/kultura\/","og_site_name":"Visit Montenegro","article_publisher":"https:\/\/www.facebook.com\/visitmontenegro","article_modified_time":"2026-02-22T15:56:42+00:00","og_image":[{"width":1600,"height":1200,"url":"https:\/\/www.visit-montenegro.com\/wp-content\/uploads\/2026\/01\/lovcen-mausoleum-njegos-scaled.jpg","type":"image\/jpeg"}],"twitter_card":"summary_large_image","twitter_site":"@visitmontenegro","twitter_misc":{"Est. reading time":"2 minutes"},"schema":{"@context":"https:\/\/schema.org","@graph":[{"@type":"WebPage","@id":"https:\/\/www.visit-montenegro.com\/me\/crna-gora\/kultura\/","url":"https:\/\/www.visit-montenegro.com\/me\/crna-gora\/kultura\/","name":"Kultura Crne Gore - Visit Montenegro","isPartOf":{"@id":"https:\/\/www.visit-montenegro.com\/me\/#website"},"primaryImageOfPage":{"@id":"https:\/\/www.visit-montenegro.com\/me\/crna-gora\/kultura\/#primaryimage"},"image":{"@id":"https:\/\/www.visit-montenegro.com\/me\/crna-gora\/kultura\/#primaryimage"},"thumbnailUrl":"https:\/\/www.visit-montenegro.com\/wp-content\/uploads\/2026\/01\/lovcen-mausoleum-njegos-scaled.jpg","datePublished":"2026-01-28T18:16:58+00:00","dateModified":"2026-02-22T15:56:42+00:00","description":"Otkrijte kulturu Crne Gore kroz UNESCO lokacije, duhovne manastire, knji\u017eevnu istoriju i umjetni\u010dko naslije\u0111e. Planirajte svoj put da istra\u017eite ovo \u017eivopisno naslije\u0111e.","breadcrumb":{"@id":"https:\/\/www.visit-montenegro.com\/me\/crna-gora\/kultura\/#breadcrumb"},"inLanguage":"sr-Latn-ME","potentialAction":[{"@type":"ReadAction","target":["https:\/\/www.visit-montenegro.com\/me\/crna-gora\/kultura\/"]}]},{"@type":"ImageObject","inLanguage":"sr-Latn-ME","@id":"https:\/\/www.visit-montenegro.com\/me\/crna-gora\/kultura\/#primaryimage","url":"https:\/\/www.visit-montenegro.com\/wp-content\/uploads\/2026\/01\/lovcen-mausoleum-njegos-scaled.jpg","contentUrl":"https:\/\/www.visit-montenegro.com\/wp-content\/uploads\/2026\/01\/lovcen-mausoleum-njegos-scaled.jpg","width":1600,"height":1200,"caption":"Mauzolej Nacionalnog parka Lov\u0107en, Crna Gora"},{"@type":"BreadcrumbList","@id":"https:\/\/www.visit-montenegro.com\/me\/crna-gora\/kultura\/#breadcrumb","itemListElement":[{"@type":"ListItem","position":1,"name":"Home","item":"https:\/\/www.visit-montenegro.com\/me\/pocetna\/"},{"@type":"ListItem","position":2,"name":"Vi\u0161e o Crnoj Gori","item":"https:\/\/www.visit-montenegro.com\/me\/crna-gora\/"},{"@type":"ListItem","position":3,"name":"Kultura Crne Gore"}]},{"@type":"WebSite","@id":"https:\/\/www.visit-montenegro.com\/me\/#website","url":"https:\/\/www.visit-montenegro.com\/me\/","name":"Visit Montenegro","description":"Breathtaking beauty","publisher":{"@id":"https:\/\/www.visit-montenegro.com\/me\/#organization"},"potentialAction":[{"@type":"SearchAction","target":{"@type":"EntryPoint","urlTemplate":"https:\/\/www.visit-montenegro.com\/me\/?s={search_term_string}"},"query-input":{"@type":"PropertyValueSpecification","valueRequired":true,"valueName":"search_term_string"}}],"inLanguage":"sr-Latn-ME"},{"@type":"Organization","@id":"https:\/\/www.visit-montenegro.com\/me\/#organization","name":"Visit Montenegro","url":"https:\/\/www.visit-montenegro.com\/me\/","logo":{"@type":"ImageObject","inLanguage":"sr-Latn-ME","@id":"https:\/\/www.visit-montenegro.com\/me\/#\/schema\/logo\/image\/","url":"https:\/\/www.visit-montenegro.com\/wp-content\/uploads\/2017\/10\/logo-amp.png","contentUrl":"https:\/\/www.visit-montenegro.com\/wp-content\/uploads\/2017\/10\/logo-amp.png","width":190,"height":36,"caption":"Visit Montenegro"},"image":{"@id":"https:\/\/www.visit-montenegro.com\/me\/#\/schema\/logo\/image\/"},"sameAs":["https:\/\/www.facebook.com\/visitmontenegro","https:\/\/x.com\/visitmontenegro","https:\/\/www.instagram.com\/visit_montenegro\/","https:\/\/www.youtube.com\/user\/VisitMontenegro"]}]}},"translations":[],"_links":{"self":[{"href":"https:\/\/www.visit-montenegro.com\/me\/wp-json\/wp\/v2\/pages\/134439","targetHints":{"allow":["GET"]}}],"collection":[{"href":"https:\/\/www.visit-montenegro.com\/me\/wp-json\/wp\/v2\/pages"}],"about":[{"href":"https:\/\/www.visit-montenegro.com\/me\/wp-json\/wp\/v2\/types\/page"}],"author":[{"embeddable":true,"href":"https:\/\/www.visit-montenegro.com\/me\/wp-json\/wp\/v2\/users\/1"}],"replies":[{"embeddable":true,"href":"https:\/\/www.visit-montenegro.com\/me\/wp-json\/wp\/v2\/comments?post=134439"}],"version-history":[{"count":0,"href":"https:\/\/www.visit-montenegro.com\/me\/wp-json\/wp\/v2\/pages\/134439\/revisions"}],"up":[{"embeddable":true,"href":"https:\/\/www.visit-montenegro.com\/me\/wp-json\/wp\/v2\/pages\/133962"}],"wp:featuredmedia":[{"embeddable":true,"href":"https:\/\/www.visit-montenegro.com\/me\/wp-json\/wp\/v2\/media\/134440"}],"wp:attachment":[{"href":"https:\/\/www.visit-montenegro.com\/me\/wp-json\/wp\/v2\/media?parent=134439"}],"wp:term":[{"taxonomy":"post_tag","embeddable":true,"href":"https:\/\/www.visit-montenegro.com\/me\/wp-json\/wp\/v2\/tags?post=134439"}],"curies":[{"name":"wp","href":"https:\/\/api.w.org\/{rel}","templated":true}]}}